{"id":1361,"date":"2020-12-30T11:37:16","date_gmt":"2020-12-30T09:37:16","guid":{"rendered":"https:\/\/www.kliinikum.ee\/naistekliinik\/?page_id=1361"},"modified":"2020-12-30T11:37:18","modified_gmt":"2020-12-30T09:37:18","slug":"kontakt","status":"publish","type":"page","link":"https:\/\/www.kliinikum.ee\/naistekliinik\/perekool\/kontakt\/","title":{"rendered":"Kontakt"},"content":{"rendered":"\n<p class=\"wp-el\">Valesti l\u00e4inud registreeringute, loengust loobumise soovil ja ka muude perekooli puudutavate k\u00fcsimuste korral p\u00f6\u00f6rdu<br><strong>Elery Teesalu<\/strong>:&nbsp;<a href=\"mailto:elery.teesalu@kliinikum.ee\">elery.teesalu@kliinikum.ee<\/a>&nbsp;<\/p>\n\n\n\n<p class=\"wp-el\"><strong>T\u00f6\u00f6p\u00e4evadel peale kella 14:00 ja n\u00e4dalavahetusel saabuvatele meilidele vastatakse j\u00e4rgmisel t\u00f6\u00f6p\u00e4eval esimesel v\u00f5imalusel kirjade laekumise j\u00e4rjekorras, aga hiljemalt kolme t\u00f6\u00f6p\u00e4eva jooksul.<\/strong><\/p>\n","protected":false},"excerpt":{"rendered":"<p>Valesti l\u00e4inud registreeringute, loengust loobumise soovil ja ka muude perekooli puudutavate k\u00fcsimuste korral p\u00f6\u00f6rduElery Teesalu:&nbsp;elery.teesalu@kliinikum.ee&nbsp; T\u00f6\u00f6p\u00e4evadel peale kella 14:00 ja&#8230;<\/p>\n","protected":false},"author":11,"featured_media":0,"parent":421,"menu_order":65,"comment_status":"closed","ping_status":"closed","template":"","meta":{"_acf_changed":false,"inline_featured_image":false,"advgb_blocks_editor_width":"","advgb_blocks_columns_visual_guide":"","footnotes":"","_links_to":"","_links_to_target":""},"class_list":["post-1361","page","type-page","status-publish","hentry"],"acf":[],"yoast_head":"<!-- This site is optimized with the Yoast SEO plugin v27.3 - https:\/\/yoast.com\/product\/yoast-seo-wordpress\/ -->\n<title>Kontakt - Naistekliinik<\/title>\n<meta name=\"robots\" content=\"index, follow, max-snippet:-1, max-image-preview:large, max-video-preview:-1\" \/>\n<link rel=\"canonical\" href=\"https:\/\/www.kliinikum.ee\/naistekliinik\/perekool\/kontakt\/\" \/>\n<meta property=\"og:locale\" content=\"et_EE\" \/>\n<meta property=\"og:type\" content=\"article\" \/>\n<meta property=\"og:title\" content=\"Kontakt - Naistekliinik\" \/>\n<meta property=\"og:description\" content=\"Valesti l\u00e4inud registreeringute, loengust loobumise soovil ja ka muude perekooli puudutavate k\u00fcsimuste korral p\u00f6\u00f6rduElery Teesalu:&nbsp;elery.teesalu@kliinikum.ee&nbsp; T\u00f6\u00f6p\u00e4evadel peale kella 14:00 ja...\" \/>\n<meta property=\"og:url\" content=\"https:\/\/www.kliinikum.ee\/naistekliinik\/perekool\/kontakt\/\" \/>\n<meta property=\"og:site_name\" content=\"Naistekliinik\" \/>\n<meta property=\"article:modified_time\" content=\"2020-12-30T09:37:18+00:00\" \/>\n<meta name=\"twitter:card\" content=\"summary_large_image\" \/>\n<script type=\"application\/ld+json\" class=\"yoast-schema-graph\">{\"@context\":\"https:\\\/\\\/schema.org\",\"@graph\":[{\"@type\":\"WebPage\",\"@id\":\"https:\\\/\\\/www.kliinikum.ee\\\/naistekliinik\\\/perekool\\\/kontakt\\\/\",\"url\":\"https:\\\/\\\/www.kliinikum.ee\\\/naistekliinik\\\/perekool\\\/kontakt\\\/\",\"name\":\"Kontakt - Naistekliinik\",\"isPartOf\":{\"@id\":\"https:\\\/\\\/www.kliinikum.ee\\\/naistekliinik\\\/#website\"},\"datePublished\":\"2020-12-30T09:37:16+00:00\",\"dateModified\":\"2020-12-30T09:37:18+00:00\",\"breadcrumb\":{\"@id\":\"https:\\\/\\\/www.kliinikum.ee\\\/naistekliinik\\\/perekool\\\/kontakt\\\/#breadcrumb\"},\"inLanguage\":\"et\",\"potentialAction\":[{\"@type\":\"ReadAction\",\"target\":[\"https:\\\/\\\/www.kliinikum.ee\\\/naistekliinik\\\/perekool\\\/kontakt\\\/\"]}]},{\"@type\":\"BreadcrumbList\",\"@id\":\"https:\\\/\\\/www.kliinikum.ee\\\/naistekliinik\\\/perekool\\\/kontakt\\\/#breadcrumb\",\"itemListElement\":[{\"@type\":\"ListItem\",\"position\":1,\"name\":\"Home\",\"item\":\"https:\\\/\\\/www.kliinikum.ee\\\/naistekliinik\\\/\"},{\"@type\":\"ListItem\",\"position\":2,\"name\":\"Perekool\",\"item\":\"https:\\\/\\\/www.kliinikum.ee\\\/naistekliinik\\\/perekool\\\/\"},{\"@type\":\"ListItem\",\"position\":3,\"name\":\"Kontakt\"}]},{\"@type\":\"WebSite\",\"@id\":\"https:\\\/\\\/www.kliinikum.ee\\\/naistekliinik\\\/#website\",\"url\":\"https:\\\/\\\/www.kliinikum.ee\\\/naistekliinik\\\/\",\"name\":\"Naistekliinik\",\"description\":\"Hoolivus P\u00e4devus Usaldusv\u00e4\u00e4rsus\",\"potentialAction\":[{\"@type\":\"SearchAction\",\"target\":{\"@type\":\"EntryPoint\",\"urlTemplate\":\"https:\\\/\\\/www.kliinikum.ee\\\/naistekliinik\\\/?s={search_term_string}\"},\"query-input\":{\"@type\":\"PropertyValueSpecification\",\"valueRequired\":true,\"valueName\":\"search_term_string\"}}],\"inLanguage\":\"et\"}]}<\/script>\n<!-- \/ Yoast SEO plugin. -->","yoast_head_json":{"title":"Kontakt - Naistekliinik","robots":{"index":"index","follow":"follow","max-snippet":"max-snippet:-1","max-image-preview":"max-image-preview:large","max-video-preview":"max-video-preview:-1"},"canonical":"https:\/\/www.kliinikum.ee\/naistekliinik\/perekool\/kontakt\/","og_locale":"et_EE","og_type":"article","og_title":"Kontakt - Naistekliinik","og_description":"Valesti l\u00e4inud registreeringute, loengust loobumise soovil ja ka muude perekooli puudutavate k\u00fcsimuste korral p\u00f6\u00f6rduElery Teesalu:&nbsp;elery.teesalu@kliinikum.ee&nbsp; T\u00f6\u00f6p\u00e4evadel peale kella 14:00 ja...","og_url":"https:\/\/www.kliinikum.ee\/naistekliinik\/perekool\/kontakt\/","og_site_name":"Naistekliinik","article_modified_time":"2020-12-30T09:37:18+00:00","twitter_card":"summary_large_image","schema":{"@context":"https:\/\/schema.org","@graph":[{"@type":"WebPage","@id":"https:\/\/www.kliinikum.ee\/naistekliinik\/perekool\/kontakt\/","url":"https:\/\/www.kliinikum.ee\/naistekliinik\/perekool\/kontakt\/","name":"Kontakt - Naistekliinik","isPartOf":{"@id":"https:\/\/www.kliinikum.ee\/naistekliinik\/#website"},"datePublished":"2020-12-30T09:37:16+00:00","dateModified":"2020-12-30T09:37:18+00:00","breadcrumb":{"@id":"https:\/\/www.kliinikum.ee\/naistekliinik\/perekool\/kontakt\/#breadcrumb"},"inLanguage":"et","potentialAction":[{"@type":"ReadAction","target":["https:\/\/www.kliinikum.ee\/naistekliinik\/perekool\/kontakt\/"]}]},{"@type":"BreadcrumbList","@id":"https:\/\/www.kliinikum.ee\/naistekliinik\/perekool\/kontakt\/#breadcrumb","itemListElement":[{"@type":"ListItem","position":1,"name":"Home","item":"https:\/\/www.kliinikum.ee\/naistekliinik\/"},{"@type":"ListItem","position":2,"name":"Perekool","item":"https:\/\/www.kliinikum.ee\/naistekliinik\/perekool\/"},{"@type":"ListItem","position":3,"name":"Kontakt"}]},{"@type":"WebSite","@id":"https:\/\/www.kliinikum.ee\/naistekliinik\/#website","url":"https:\/\/www.kliinikum.ee\/naistekliinik\/","name":"Naistekliinik","description":"Hoolivus P\u00e4devus Usaldusv\u00e4\u00e4rsus","potentialAction":[{"@type":"SearchAction","target":{"@type":"EntryPoint","urlTemplate":"https:\/\/www.kliinikum.ee\/naistekliinik\/?s={search_term_string}"},"query-input":{"@type":"PropertyValueSpecification","valueRequired":true,"valueName":"search_term_string"}}],"inLanguage":"et"}]}},"coauthors":[],"author_meta":{"author_link":"https:\/\/www.kliinikum.ee\/naistekliinik\/author\/haldur\/","display_name":"Haldur"},"relative_dates":{"created":"Posted 5 aastat ago","modified":"Updated 5 aastat ago"},"absolute_dates":{"created":"Posted on 30. dets. 2020","modified":"Updated on 30. dets. 2020"},"absolute_dates_time":{"created":"Posted on 30. dets. 2020 11:37","modified":"Updated on 30. dets. 2020 11:37"},"featured_img_caption":"","featured_img":false,"series_order":"","_links":{"self":[{"href":"https:\/\/www.kliinikum.ee\/naistekliinik\/wp-json\/wp\/v2\/pages\/1361","targetHints":{"allow":["GET"]}}],"collection":[{"href":"https:\/\/www.kliinikum.ee\/naistekliinik\/wp-json\/wp\/v2\/pages"}],"about":[{"href":"https:\/\/www.kliinikum.ee\/naistekliinik\/wp-json\/wp\/v2\/types\/page"}],"author":[{"embeddable":true,"href":"https:\/\/www.kliinikum.ee\/naistekliinik\/wp-json\/wp\/v2\/users\/11"}],"replies":[{"embeddable":true,"href":"https:\/\/www.kliinikum.ee\/naistekliinik\/wp-json\/wp\/v2\/comments?post=1361"}],"version-history":[{"count":0,"href":"https:\/\/www.kliinikum.ee\/naistekliinik\/wp-json\/wp\/v2\/pages\/1361\/revisions"}],"up":[{"embeddable":true,"href":"https:\/\/www.kliinikum.ee\/naistekliinik\/wp-json\/wp\/v2\/pages\/421"}],"wp:attachment":[{"href":"https:\/\/www.kliinikum.ee\/naistekliinik\/wp-json\/wp\/v2\/media?parent=1361"}],"curies":[{"name":"wp","href":"https:\/\/api.w.org\/{rel}","templated":true}]}}