{"id":2491,"date":"2023-01-16T10:04:01","date_gmt":"2023-01-16T08:04:01","guid":{"rendered":"https:\/\/www.kliinikum.ee\/naistekliinik\/?page_id=2491"},"modified":"2023-01-16T11:47:14","modified_gmt":"2023-01-16T09:47:14","slug":"lootemeditsiini-vastuvott","status":"publish","type":"page","link":"https:\/\/www.kliinikum.ee\/naistekliinik\/patsiendile\/lootemeditsiini-vastuvott\/","title":{"rendered":"Lootemeditsiini vastuv\u00f5tt"},"content":{"rendered":"\n<p class=\"wp-el\"><strong>Lootemeditsiinialane vastuv\u00f5tt<\/strong><\/p>\n\n\n\n<p class=\"wp-el\">Keda oodatakse lootemeditsiinialasele vastuv\u00f5tule?<\/p>\n\n\n\n<ul class=\"wp-el wp-block-list\">\n<li>Rasedaid, kelle lootel on leitud v\u00f5i kahtlustakse v\u00e4\u00e4rarendit ja\/v\u00f5i geneetilist v\u00f5i kromosoomhaigust.<\/li>\n\n\n\n<li>Rasedaid, kellel on loote v\u00f5i loodetega seotud erik\u00e4sitlust vajav seisund: \u00fcsasisene kasvupeetus, mitmikud (kaksik- ja kolmikrasedused ja nendega seotud probleemid).<\/li>\n\n\n\n<li>Naised, kellel on teadaolev p\u00e4rilik\/krooniline haigus ja kes vajavad raseduse planeerimisel ja j\u00e4lgimisel erik\u00e4sitlust.<\/li>\n\n\n\n<li>Naised, kellel oli t\u00fcsistunud rasedus (nt. loote surm, preeklampsia, eklampsia, raseduse katkemine\/katkestamine loote v\u00e4\u00e4rarendi t\u00f5ttu jms) ning kes vajavad raseduse v\u00f5i s\u00fcnnitusj\u00e4rgset kontrolli ning n\u00f5ustamist ja edasisi uuringuid.<\/li>\n<\/ul>\n\n\n\n<p class=\"wp-el\">Mida lootemeditiinialaselt vastuv\u00f5tul tehakse?<\/p>\n\n\n\n<ul class=\"wp-el wp-block-list\">\n<li>Lootemeditsiiniga tegeleva naistearsti konsultatsioon<\/li>\n\n\n\n<li>Hinnatakse lisauuringute vajadust. N\u00e4idustuste olemasolul korraldatakse vajalikud lisauurigud (ultraheliuuring, MRT uuring, vereanal\u00fc\u00fcsid, lootevee uuring, koorionbiopsia). Selgitatakse uuringute vastuseid.<\/li>\n\n\n\n<li>Vajadusel korraldatakse konsultatsioonid teiste erialade spetsialistidega (meditsiinigeneetik, lastekardioloog, lasteneuroloog, lastekirurg, sisearst jne)<\/li>\n\n\n\n<li>Vajadusel korraldatakse v\u00e4lisravi Eestist v\u00e4ljas asuvas lootemeditsiini keskuses ja taotletakse selleks Eesti Haigekassa poolne finantseerimine.<\/li>\n\n\n\n<li>Rasedusaegse j\u00e4lgimise planeerimine, raseduskriisi n\u00f5ustamise korraldamine, s\u00fcnnitusplaani koostamine, pereplaneerimise alane konsultatsioon.<\/li>\n<\/ul>\n\n\n\n<p class=\"wp-el\">Oma soovist vastuv\u00f5tule p\u00f6\u00f6rduda saate teavitada kirjutades e-mailile: <a href=\"mailto:lootemeditsiin@kliinikum.ee\">lootemeditsiin@kliinikum.ee<\/a><\/p>\n\n\n\n<p class=\"wp-el\">Lootemeditsiini meeskond:<\/p>\n\n\n\n<p class=\"wp-el\">Naistearstid: dr. Ele Hanson, dr. Eva-Liina S\u00fc\u00fcden, dr. Kristiina Rull, dr. Pille Vaas, \u00e4mmaemand- koordinaator Anette Viljar<\/p>\n","protected":false},"excerpt":{"rendered":"<p>Lootemeditsiinialane vastuv\u00f5tt Keda oodatakse lootemeditsiinialasele vastuv\u00f5tule? Mida lootemeditiinialaselt vastuv\u00f5tul tehakse? Oma soovist vastuv\u00f5tule p\u00f6\u00f6rduda saate teavitada kirjutades e-mailile: lootemeditsiin@kliinikum.ee Lootemeditsiini&#8230;<\/p>\n","protected":false},"author":7,"featured_media":0,"parent":418,"menu_order":10,"comment_status":"closed","ping_status":"closed","template":"","meta":{"_acf_changed":false,"inline_featured_image":false,"advgb_blocks_editor_width":"","advgb_blocks_columns_visual_guide":"","footnotes":"","_links_to":"","_links_to_target":""},"class_list":["post-2491","page","type-page","status-publish","hentry"],"acf":[],"yoast_head":"<!-- This site is optimized with the Yoast SEO plugin v27.3 - https:\/\/yoast.com\/product\/yoast-seo-wordpress\/ -->\n<title>Lootemeditsiini vastuv\u00f5tt - Naistekliinik<\/title>\n<meta name=\"robots\" content=\"index, follow, max-snippet:-1, max-image-preview:large, max-video-preview:-1\" \/>\n<link rel=\"canonical\" href=\"https:\/\/www.kliinikum.ee\/naistekliinik\/patsiendile\/lootemeditsiini-vastuvott\/\" \/>\n<meta property=\"og:locale\" content=\"et_EE\" \/>\n<meta property=\"og:type\" content=\"article\" \/>\n<meta property=\"og:title\" content=\"Lootemeditsiini vastuv\u00f5tt - Naistekliinik\" \/>\n<meta property=\"og:description\" content=\"Lootemeditsiinialane vastuv\u00f5tt Keda oodatakse lootemeditsiinialasele vastuv\u00f5tule? Mida lootemeditiinialaselt vastuv\u00f5tul tehakse? Oma soovist vastuv\u00f5tule p\u00f6\u00f6rduda saate teavitada kirjutades e-mailile: lootemeditsiin@kliinikum.ee Lootemeditsiini...\" \/>\n<meta property=\"og:url\" content=\"https:\/\/www.kliinikum.ee\/naistekliinik\/patsiendile\/lootemeditsiini-vastuvott\/\" \/>\n<meta property=\"og:site_name\" content=\"Naistekliinik\" \/>\n<meta property=\"article:modified_time\" content=\"2023-01-16T09:47:14+00:00\" \/>\n<meta name=\"twitter:card\" content=\"summary_large_image\" \/>\n<meta name=\"twitter:label1\" content=\"Est. reading time\" \/>\n\t<meta name=\"twitter:data1\" content=\"1 minut\" \/>\n<script type=\"application\/ld+json\" class=\"yoast-schema-graph\">{\"@context\":\"https:\\\/\\\/schema.org\",\"@graph\":[{\"@type\":\"WebPage\",\"@id\":\"https:\\\/\\\/www.kliinikum.ee\\\/naistekliinik\\\/patsiendile\\\/lootemeditsiini-vastuvott\\\/\",\"url\":\"https:\\\/\\\/www.kliinikum.ee\\\/naistekliinik\\\/patsiendile\\\/lootemeditsiini-vastuvott\\\/\",\"name\":\"Lootemeditsiini vastuv\u00f5tt - Naistekliinik\",\"isPartOf\":{\"@id\":\"https:\\\/\\\/www.kliinikum.ee\\\/naistekliinik\\\/#website\"},\"datePublished\":\"2023-01-16T08:04:01+00:00\",\"dateModified\":\"2023-01-16T09:47:14+00:00\",\"breadcrumb\":{\"@id\":\"https:\\\/\\\/www.kliinikum.ee\\\/naistekliinik\\\/patsiendile\\\/lootemeditsiini-vastuvott\\\/#breadcrumb\"},\"inLanguage\":\"et\",\"potentialAction\":[{\"@type\":\"ReadAction\",\"target\":[\"https:\\\/\\\/www.kliinikum.ee\\\/naistekliinik\\\/patsiendile\\\/lootemeditsiini-vastuvott\\\/\"]}]},{\"@type\":\"BreadcrumbList\",\"@id\":\"https:\\\/\\\/www.kliinikum.ee\\\/naistekliinik\\\/patsiendile\\\/lootemeditsiini-vastuvott\\\/#breadcrumb\",\"itemListElement\":[{\"@type\":\"ListItem\",\"position\":1,\"name\":\"Home\",\"item\":\"https:\\\/\\\/www.kliinikum.ee\\\/naistekliinik\\\/\"},{\"@type\":\"ListItem\",\"position\":2,\"name\":\"Patsiendile\",\"item\":\"https:\\\/\\\/www.kliinikum.ee\\\/naistekliinik\\\/patsiendile\\\/\"},{\"@type\":\"ListItem\",\"position\":3,\"name\":\"Lootemeditsiini vastuv\u00f5tt\"}]},{\"@type\":\"WebSite\",\"@id\":\"https:\\\/\\\/www.kliinikum.ee\\\/naistekliinik\\\/#website\",\"url\":\"https:\\\/\\\/www.kliinikum.ee\\\/naistekliinik\\\/\",\"name\":\"Naistekliinik\",\"description\":\"Hoolivus P\u00e4devus Usaldusv\u00e4\u00e4rsus\",\"potentialAction\":[{\"@type\":\"SearchAction\",\"target\":{\"@type\":\"EntryPoint\",\"urlTemplate\":\"https:\\\/\\\/www.kliinikum.ee\\\/naistekliinik\\\/?s={search_term_string}\"},\"query-input\":{\"@type\":\"PropertyValueSpecification\",\"valueRequired\":true,\"valueName\":\"search_term_string\"}}],\"inLanguage\":\"et\"}]}<\/script>\n<!-- \/ Yoast SEO plugin. -->","yoast_head_json":{"title":"Lootemeditsiini vastuv\u00f5tt - Naistekliinik","robots":{"index":"index","follow":"follow","max-snippet":"max-snippet:-1","max-image-preview":"max-image-preview:large","max-video-preview":"max-video-preview:-1"},"canonical":"https:\/\/www.kliinikum.ee\/naistekliinik\/patsiendile\/lootemeditsiini-vastuvott\/","og_locale":"et_EE","og_type":"article","og_title":"Lootemeditsiini vastuv\u00f5tt - Naistekliinik","og_description":"Lootemeditsiinialane vastuv\u00f5tt Keda oodatakse lootemeditsiinialasele vastuv\u00f5tule? Mida lootemeditiinialaselt vastuv\u00f5tul tehakse? Oma soovist vastuv\u00f5tule p\u00f6\u00f6rduda saate teavitada kirjutades e-mailile: lootemeditsiin@kliinikum.ee Lootemeditsiini...","og_url":"https:\/\/www.kliinikum.ee\/naistekliinik\/patsiendile\/lootemeditsiini-vastuvott\/","og_site_name":"Naistekliinik","article_modified_time":"2023-01-16T09:47:14+00:00","twitter_card":"summary_large_image","twitter_misc":{"Est. reading time":"1 minut"},"schema":{"@context":"https:\/\/schema.org","@graph":[{"@type":"WebPage","@id":"https:\/\/www.kliinikum.ee\/naistekliinik\/patsiendile\/lootemeditsiini-vastuvott\/","url":"https:\/\/www.kliinikum.ee\/naistekliinik\/patsiendile\/lootemeditsiini-vastuvott\/","name":"Lootemeditsiini vastuv\u00f5tt - Naistekliinik","isPartOf":{"@id":"https:\/\/www.kliinikum.ee\/naistekliinik\/#website"},"datePublished":"2023-01-16T08:04:01+00:00","dateModified":"2023-01-16T09:47:14+00:00","breadcrumb":{"@id":"https:\/\/www.kliinikum.ee\/naistekliinik\/patsiendile\/lootemeditsiini-vastuvott\/#breadcrumb"},"inLanguage":"et","potentialAction":[{"@type":"ReadAction","target":["https:\/\/www.kliinikum.ee\/naistekliinik\/patsiendile\/lootemeditsiini-vastuvott\/"]}]},{"@type":"BreadcrumbList","@id":"https:\/\/www.kliinikum.ee\/naistekliinik\/patsiendile\/lootemeditsiini-vastuvott\/#breadcrumb","itemListElement":[{"@type":"ListItem","position":1,"name":"Home","item":"https:\/\/www.kliinikum.ee\/naistekliinik\/"},{"@type":"ListItem","position":2,"name":"Patsiendile","item":"https:\/\/www.kliinikum.ee\/naistekliinik\/patsiendile\/"},{"@type":"ListItem","position":3,"name":"Lootemeditsiini vastuv\u00f5tt"}]},{"@type":"WebSite","@id":"https:\/\/www.kliinikum.ee\/naistekliinik\/#website","url":"https:\/\/www.kliinikum.ee\/naistekliinik\/","name":"Naistekliinik","description":"Hoolivus P\u00e4devus Usaldusv\u00e4\u00e4rsus","potentialAction":[{"@type":"SearchAction","target":{"@type":"EntryPoint","urlTemplate":"https:\/\/www.kliinikum.ee\/naistekliinik\/?s={search_term_string}"},"query-input":{"@type":"PropertyValueSpecification","valueRequired":true,"valueName":"search_term_string"}}],"inLanguage":"et"}]}},"coauthors":[],"author_meta":{"author_link":"https:\/\/www.kliinikum.ee\/naistekliinik\/author\/marritk\/","display_name":"MarritK"},"relative_dates":{"created":"Posted 3 aastat ago","modified":"Updated 3 aastat ago"},"absolute_dates":{"created":"Posted on 16. jaan. 2023","modified":"Updated on 16. jaan. 2023"},"absolute_dates_time":{"created":"Posted on 16. jaan. 2023 10:04","modified":"Updated on 16. jaan. 2023 11:47"},"featured_img_caption":"","featured_img":false,"series_order":"","_links":{"self":[{"href":"https:\/\/www.kliinikum.ee\/naistekliinik\/wp-json\/wp\/v2\/pages\/2491","targetHints":{"allow":["GET"]}}],"collection":[{"href":"https:\/\/www.kliinikum.ee\/naistekliinik\/wp-json\/wp\/v2\/pages"}],"about":[{"href":"https:\/\/www.kliinikum.ee\/naistekliinik\/wp-json\/wp\/v2\/types\/page"}],"author":[{"embeddable":true,"href":"https:\/\/www.kliinikum.ee\/naistekliinik\/wp-json\/wp\/v2\/users\/7"}],"replies":[{"embeddable":true,"href":"https:\/\/www.kliinikum.ee\/naistekliinik\/wp-json\/wp\/v2\/comments?post=2491"}],"version-history":[{"count":0,"href":"https:\/\/www.kliinikum.ee\/naistekliinik\/wp-json\/wp\/v2\/pages\/2491\/revisions"}],"up":[{"embeddable":true,"href":"https:\/\/www.kliinikum.ee\/naistekliinik\/wp-json\/wp\/v2\/pages\/418"}],"wp:attachment":[{"href":"https:\/\/www.kliinikum.ee\/naistekliinik\/wp-json\/wp\/v2\/media?parent=2491"}],"curies":[{"name":"wp","href":"https:\/\/api.w.org\/{rel}","templated":true}]}}