{"id":2537,"date":"2023-01-26T12:21:01","date_gmt":"2023-01-26T10:21:01","guid":{"rendered":"https:\/\/www.kliinikum.ee\/naistekliinik\/?page_id=2537"},"modified":"2023-01-26T12:28:48","modified_gmt":"2023-01-26T10:28:48","slug":"sonohusterograafia","status":"publish","type":"page","link":"https:\/\/www.kliinikum.ee\/naistekliinik\/patsiendile\/naistehaigused-ja-protseduurid\/sonohusterograafia\/","title":{"rendered":"Sonoh\u00fcsterograafia"},"content":{"rendered":"\n<p class=\"wp-el\">Sonoh\u00fcsterograafia (SHG) on vaginaalne ehk tupesisene ultraheliuuring emaka\u00f5\u00f5ne ja munajuhade kontrasteerimisega.&nbsp;<\/p>\n\n\n\n<p class=\"wp-el\"><strong>N\u00e4idustused<\/strong><\/p>\n\n\n\n<p class=\"wp-el\">Peamisteks uuringu n\u00e4idustusteks on munajuhade l\u00e4bitavuse hindamine, kahtlus emaka\u00f5\u00f5ne pol\u00fc\u00fcbile v\u00f5i m\u00fcoomis\u00f5lme t\u00e4pse asukoha m\u00e4\u00e4ramine.<\/p>\n\n\n\n<p class=\"wp-el\"><strong>Vastun\u00e4idustused<\/strong><\/p>\n\n\n\n<p class=\"wp-el\">Uuringu vastun\u00e4idustuseks on<\/p>\n\n\n\n<ul class=\"wp-el wp-block-list\">\n<li>naissuguelundite \u00e4ge p\u00f5letik<\/li>\n\n\n\n<li>rasedus.<\/li>\n<\/ul>\n\n\n\n<p class=\"wp-el\"><strong>Uuringuks ettevalmistus<\/strong><\/p>\n\n\n\n<p class=\"wp-el\">Uuringut teostatakse menstruaalts\u00fckli esimeses faasis, enne ovulatsiooni, et v\u00e4listada raseduse olemasolu.<\/p>\n\n\n\n<p class=\"wp-el\">Uuringu p\u00e4eval v\u00f5ib s\u00fc\u00fca ja juua, kuid vahetult enne uuringut peab t\u00fchjendama kusep\u00f5ie.<\/p>\n\n\n\n<p class=\"wp-el\">Umbes 30 minutit enne uuringut v\u00f5ib v\u00f5tta 400mg ibuprofeeni v\u00f5i 1g paratsetamooli.<\/p>\n\n\n\n<p class=\"wp-el\">M\u00f5nikord on vajalik emakakaela ettevalmistus enne protseduuri, selleks annab uuringule suunav naistearst misoprostooli tabletid (need tuleb asetada s\u00fcgavale tuppe 2-3 tundi enne uuringut).<\/p>\n\n\n\n<p class=\"wp-el\"><strong>Uuringu teostamine<\/strong><\/p>\n\n\n\n<p class=\"wp-el\">SHG uuringule suunab naistearst ja seda teostatakse ultraheli kabinetis ambulatoorselt.<\/p>\n\n\n\n<p class=\"wp-el\">Uuringut teostavad kas naistearst ja ultraheliarst koos v\u00f5i ainult ultraheliarst.<\/p>\n\n\n\n<p class=\"wp-el\">Arst viib peenikese elastse sondiga tupe kaudu emaka\u00f5\u00f5nde kontrasteeruvat vahtu v\u00f5i f\u00fcsioloogilist lahust. Selle tagaj\u00e4rjel emaka\u00f5\u00f5s laieneb ja on v\u00f5imalik hinnata \u00f5\u00f5ne seisundit.<\/p>\n\n\n\n<p class=\"wp-el\">Vahu v\u00f5i lahuse edasisel manustamisel on j\u00e4lgitav ka lahuse liikumine munajuhades, mis n\u00e4itab nende l\u00e4bitavust.<\/p>\n\n\n\n<p class=\"wp-el\">Arst j\u00e4lgib vedeliku liikumist emakas ja munajuhades tupesisese ultrahelianduriga.<\/p>\n\n\n\n<p class=\"wp-el\">Uuringu ajal v\u00f5ib patsient tunda surve- v\u00f5i ebamugavustunnet alak\u00f5hus.<\/p>\n\n\n\n<p class=\"wp-el\">Uuringu j\u00e4rgselt v\u00f5ib tupest esineda v\u00e4hest veritsust v\u00f5i erituda uuringu ajal manustatud lahust, mist\u00f5ttu on soovitatav kasutada h\u00fcgieenisidet. V\u00f5ib esineda ka kerge alak\u00f5huvalu v\u00f5i raskustunne.<\/p>\n\n\n\n<p class=\"wp-el\">SHG uuring kestab umbes 20 minutit. Palume kohal olla 10 minutit varem.<\/p>\n\n\n\n<p class=\"wp-el\"><strong>Uuringu tulemuste selgumine<\/strong><\/p>\n\n\n\n<p class=\"wp-el\">Tulemuse kirjeldab arst kohe p\u00e4rast protseduuri.<\/p>\n","protected":false},"excerpt":{"rendered":"<p>Sonoh\u00fcsterograafia (SHG) on vaginaalne ehk tupesisene ultraheliuuring emaka\u00f5\u00f5ne ja munajuhade kontrasteerimisega.&nbsp; N\u00e4idustused Peamisteks uuringu n\u00e4idustusteks on munajuhade l\u00e4bitavuse hindamine, kahtlus&#8230;<\/p>\n","protected":false},"author":7,"featured_media":0,"parent":514,"menu_order":50,"comment_status":"closed","ping_status":"closed","template":"","meta":{"_acf_changed":false,"inline_featured_image":false,"advgb_blocks_editor_width":"","advgb_blocks_columns_visual_guide":"","footnotes":"","_links_to":"","_links_to_target":""},"class_list":["post-2537","page","type-page","status-publish","hentry"],"acf":[],"yoast_head":"<!-- This site is optimized with the Yoast SEO plugin v27.3 - https:\/\/yoast.com\/product\/yoast-seo-wordpress\/ -->\n<title>Sonoh\u00fcsterograafia - Naistekliinik<\/title>\n<meta name=\"robots\" content=\"index, follow, max-snippet:-1, max-image-preview:large, max-video-preview:-1\" \/>\n<link rel=\"canonical\" href=\"https:\/\/www.kliinikum.ee\/naistekliinik\/patsiendile\/naistehaigused-ja-protseduurid\/sonohusterograafia\/\" \/>\n<meta property=\"og:locale\" content=\"et_EE\" \/>\n<meta property=\"og:type\" content=\"article\" \/>\n<meta property=\"og:title\" content=\"Sonoh\u00fcsterograafia - Naistekliinik\" \/>\n<meta property=\"og:description\" content=\"Sonoh\u00fcsterograafia (SHG) on vaginaalne ehk tupesisene ultraheliuuring emaka\u00f5\u00f5ne ja munajuhade kontrasteerimisega.&nbsp; N\u00e4idustused Peamisteks uuringu n\u00e4idustusteks on munajuhade l\u00e4bitavuse hindamine, kahtlus...\" \/>\n<meta property=\"og:url\" content=\"https:\/\/www.kliinikum.ee\/naistekliinik\/patsiendile\/naistehaigused-ja-protseduurid\/sonohusterograafia\/\" \/>\n<meta property=\"og:site_name\" content=\"Naistekliinik\" \/>\n<meta property=\"article:modified_time\" content=\"2023-01-26T10:28:48+00:00\" \/>\n<meta name=\"twitter:card\" content=\"summary_large_image\" \/>\n<meta name=\"twitter:label1\" content=\"Est. reading time\" \/>\n\t<meta name=\"twitter:data1\" content=\"2 minutit\" \/>\n<script type=\"application\/ld+json\" class=\"yoast-schema-graph\">{\"@context\":\"https:\\\/\\\/schema.org\",\"@graph\":[{\"@type\":\"WebPage\",\"@id\":\"https:\\\/\\\/www.kliinikum.ee\\\/naistekliinik\\\/patsiendile\\\/naistehaigused-ja-protseduurid\\\/sonohusterograafia\\\/\",\"url\":\"https:\\\/\\\/www.kliinikum.ee\\\/naistekliinik\\\/patsiendile\\\/naistehaigused-ja-protseduurid\\\/sonohusterograafia\\\/\",\"name\":\"Sonoh\u00fcsterograafia - Naistekliinik\",\"isPartOf\":{\"@id\":\"https:\\\/\\\/www.kliinikum.ee\\\/naistekliinik\\\/#website\"},\"datePublished\":\"2023-01-26T10:21:01+00:00\",\"dateModified\":\"2023-01-26T10:28:48+00:00\",\"breadcrumb\":{\"@id\":\"https:\\\/\\\/www.kliinikum.ee\\\/naistekliinik\\\/patsiendile\\\/naistehaigused-ja-protseduurid\\\/sonohusterograafia\\\/#breadcrumb\"},\"inLanguage\":\"et\",\"potentialAction\":[{\"@type\":\"ReadAction\",\"target\":[\"https:\\\/\\\/www.kliinikum.ee\\\/naistekliinik\\\/patsiendile\\\/naistehaigused-ja-protseduurid\\\/sonohusterograafia\\\/\"]}]},{\"@type\":\"BreadcrumbList\",\"@id\":\"https:\\\/\\\/www.kliinikum.ee\\\/naistekliinik\\\/patsiendile\\\/naistehaigused-ja-protseduurid\\\/sonohusterograafia\\\/#breadcrumb\",\"itemListElement\":[{\"@type\":\"ListItem\",\"position\":1,\"name\":\"Home\",\"item\":\"https:\\\/\\\/www.kliinikum.ee\\\/naistekliinik\\\/\"},{\"@type\":\"ListItem\",\"position\":2,\"name\":\"Patsiendile\",\"item\":\"https:\\\/\\\/www.kliinikum.ee\\\/naistekliinik\\\/patsiendile\\\/\"},{\"@type\":\"ListItem\",\"position\":3,\"name\":\"Naistehaigused ja protseduurid\",\"item\":\"https:\\\/\\\/www.kliinikum.ee\\\/naistekliinik\\\/patsiendile\\\/naistehaigused-ja-protseduurid\\\/\"},{\"@type\":\"ListItem\",\"position\":4,\"name\":\"Sonoh\u00fcsterograafia\"}]},{\"@type\":\"WebSite\",\"@id\":\"https:\\\/\\\/www.kliinikum.ee\\\/naistekliinik\\\/#website\",\"url\":\"https:\\\/\\\/www.kliinikum.ee\\\/naistekliinik\\\/\",\"name\":\"Naistekliinik\",\"description\":\"Hoolivus P\u00e4devus Usaldusv\u00e4\u00e4rsus\",\"potentialAction\":[{\"@type\":\"SearchAction\",\"target\":{\"@type\":\"EntryPoint\",\"urlTemplate\":\"https:\\\/\\\/www.kliinikum.ee\\\/naistekliinik\\\/?s={search_term_string}\"},\"query-input\":{\"@type\":\"PropertyValueSpecification\",\"valueRequired\":true,\"valueName\":\"search_term_string\"}}],\"inLanguage\":\"et\"}]}<\/script>\n<!-- \/ Yoast SEO plugin. -->","yoast_head_json":{"title":"Sonoh\u00fcsterograafia - Naistekliinik","robots":{"index":"index","follow":"follow","max-snippet":"max-snippet:-1","max-image-preview":"max-image-preview:large","max-video-preview":"max-video-preview:-1"},"canonical":"https:\/\/www.kliinikum.ee\/naistekliinik\/patsiendile\/naistehaigused-ja-protseduurid\/sonohusterograafia\/","og_locale":"et_EE","og_type":"article","og_title":"Sonoh\u00fcsterograafia - Naistekliinik","og_description":"Sonoh\u00fcsterograafia (SHG) on vaginaalne ehk tupesisene ultraheliuuring emaka\u00f5\u00f5ne ja munajuhade kontrasteerimisega.&nbsp; N\u00e4idustused Peamisteks uuringu n\u00e4idustusteks on munajuhade l\u00e4bitavuse hindamine, kahtlus...","og_url":"https:\/\/www.kliinikum.ee\/naistekliinik\/patsiendile\/naistehaigused-ja-protseduurid\/sonohusterograafia\/","og_site_name":"Naistekliinik","article_modified_time":"2023-01-26T10:28:48+00:00","twitter_card":"summary_large_image","twitter_misc":{"Est. reading time":"2 minutit"},"schema":{"@context":"https:\/\/schema.org","@graph":[{"@type":"WebPage","@id":"https:\/\/www.kliinikum.ee\/naistekliinik\/patsiendile\/naistehaigused-ja-protseduurid\/sonohusterograafia\/","url":"https:\/\/www.kliinikum.ee\/naistekliinik\/patsiendile\/naistehaigused-ja-protseduurid\/sonohusterograafia\/","name":"Sonoh\u00fcsterograafia - Naistekliinik","isPartOf":{"@id":"https:\/\/www.kliinikum.ee\/naistekliinik\/#website"},"datePublished":"2023-01-26T10:21:01+00:00","dateModified":"2023-01-26T10:28:48+00:00","breadcrumb":{"@id":"https:\/\/www.kliinikum.ee\/naistekliinik\/patsiendile\/naistehaigused-ja-protseduurid\/sonohusterograafia\/#breadcrumb"},"inLanguage":"et","potentialAction":[{"@type":"ReadAction","target":["https:\/\/www.kliinikum.ee\/naistekliinik\/patsiendile\/naistehaigused-ja-protseduurid\/sonohusterograafia\/"]}]},{"@type":"BreadcrumbList","@id":"https:\/\/www.kliinikum.ee\/naistekliinik\/patsiendile\/naistehaigused-ja-protseduurid\/sonohusterograafia\/#breadcrumb","itemListElement":[{"@type":"ListItem","position":1,"name":"Home","item":"https:\/\/www.kliinikum.ee\/naistekliinik\/"},{"@type":"ListItem","position":2,"name":"Patsiendile","item":"https:\/\/www.kliinikum.ee\/naistekliinik\/patsiendile\/"},{"@type":"ListItem","position":3,"name":"Naistehaigused ja protseduurid","item":"https:\/\/www.kliinikum.ee\/naistekliinik\/patsiendile\/naistehaigused-ja-protseduurid\/"},{"@type":"ListItem","position":4,"name":"Sonoh\u00fcsterograafia"}]},{"@type":"WebSite","@id":"https:\/\/www.kliinikum.ee\/naistekliinik\/#website","url":"https:\/\/www.kliinikum.ee\/naistekliinik\/","name":"Naistekliinik","description":"Hoolivus P\u00e4devus Usaldusv\u00e4\u00e4rsus","potentialAction":[{"@type":"SearchAction","target":{"@type":"EntryPoint","urlTemplate":"https:\/\/www.kliinikum.ee\/naistekliinik\/?s={search_term_string}"},"query-input":{"@type":"PropertyValueSpecification","valueRequired":true,"valueName":"search_term_string"}}],"inLanguage":"et"}]}},"coauthors":[],"author_meta":{"author_link":"https:\/\/www.kliinikum.ee\/naistekliinik\/author\/marritk\/","display_name":"MarritK"},"relative_dates":{"created":"Posted 3 aastat ago","modified":"Updated 3 aastat ago"},"absolute_dates":{"created":"Posted on 26. jaan. 2023","modified":"Updated on 26. jaan. 2023"},"absolute_dates_time":{"created":"Posted on 26. jaan. 2023 12:21","modified":"Updated on 26. jaan. 2023 12:28"},"featured_img_caption":"","featured_img":false,"series_order":"","_links":{"self":[{"href":"https:\/\/www.kliinikum.ee\/naistekliinik\/wp-json\/wp\/v2\/pages\/2537","targetHints":{"allow":["GET"]}}],"collection":[{"href":"https:\/\/www.kliinikum.ee\/naistekliinik\/wp-json\/wp\/v2\/pages"}],"about":[{"href":"https:\/\/www.kliinikum.ee\/naistekliinik\/wp-json\/wp\/v2\/types\/page"}],"author":[{"embeddable":true,"href":"https:\/\/www.kliinikum.ee\/naistekliinik\/wp-json\/wp\/v2\/users\/7"}],"replies":[{"embeddable":true,"href":"https:\/\/www.kliinikum.ee\/naistekliinik\/wp-json\/wp\/v2\/comments?post=2537"}],"version-history":[{"count":0,"href":"https:\/\/www.kliinikum.ee\/naistekliinik\/wp-json\/wp\/v2\/pages\/2537\/revisions"}],"up":[{"embeddable":true,"href":"https:\/\/www.kliinikum.ee\/naistekliinik\/wp-json\/wp\/v2\/pages\/514"}],"wp:attachment":[{"href":"https:\/\/www.kliinikum.ee\/naistekliinik\/wp-json\/wp\/v2\/media?parent=2537"}],"curies":[{"name":"wp","href":"https:\/\/api.w.org\/{rel}","templated":true}]}}