{"id":2690,"date":"2023-06-15T10:13:38","date_gmt":"2023-06-15T07:13:38","guid":{"rendered":"https:\/\/www.kliinikum.ee\/naistekliinik\/?page_id=2690"},"modified":"2026-03-30T12:49:33","modified_gmt":"2026-03-30T09:49:33","slug":"partnerile","status":"publish","type":"page","link":"https:\/\/www.kliinikum.ee\/naistekliinik\/partnerile\/","title":{"rendered":"Koost\u00f6\u00f6partnerile"},"content":{"rendered":"\n<div class=\"wp-block-advgb-accordions advgb-accordions-d86f8ae5-3353-49de-bbf5-fb0bcc51d580 advgb-accordion-wrapper\" data-collapsed=\"true\">\n<div class=\"wp-block-advgb-accordion-item advgb-accordion-item\" style=\"margin-bottom:15px\"><div class=\"advgb-accordion-header\" style=\"background-color:#f9b4c5;color:#001a72;border-style:solid;border-width:1px;border-color:#ffffff;border-radius:2px\"><span class=\"advgb-accordion-header-icon accordion-state\"><svg class=\"advgb-icon-closed\" fill=\"#001a72\" xmlns=\"http:\/\/www.w3.org\/2000\/svg\" width=\"24\" height=\"24\" viewBox=\"0 0 24 24\"><path opacity=\"0.87\" fill=\"none\" d=\"M24,24H0L0,0l24,0V24z\"><\/path><path d=\"M16.59,8.59L12,13.17L7.41,8.59L6,10l6,6l6-6L16.59,8.59z\"><\/path><\/svg><svg class=\"advgb-icon-opened\" fill=\"#001a72\" xmlns=\"http:\/\/www.w3.org\/2000\/svg\" width=\"24\" height=\"24\" viewBox=\"0 0 24 24\"><path opacity=\"0.87\" fill=\"none\" d=\"M24,24H0L0,0l24,0V24z\"><\/path><path d=\"M7.41,15.41L12,10.83l4.59,4.58L18,14l-6-6l-6,6L7.41,15.41z\"><\/path><\/svg><\/span><h4 class=\"advgb-accordion-header-title\" style=\"color:inherit\"><strong><strong>\u00c4MMAEMANDA TEENUSED<\/strong><\/strong><\/h4><\/div><div class=\"advgb-accordion-body\" style=\"border-style:solid !important;border-width:1px !important;border-color:#ffffff !important;border-top:none !important;border-radius:2px !important\">\n<details class=\"wp-block-details is-layout-flow wp-block-details-is-layout-flow\"><summary><strong>\u00c4mmaemanda vastuv\u00f5tt (raseduse kinnitamine)<\/strong><\/summary>\n<figure class=\"wp-block-image size-full\"><img loading=\"lazy\" decoding=\"async\" width=\"666\" height=\"451\" src=\"https:\/\/www.kliinikum.ee\/naistekliinik\/wp-content\/uploads\/2026\/03\/kinnni.png\" alt=\"\" class=\"wp-image-4990\" \/><\/figure>\n<\/details>\n\n\n\n<details class=\"wp-block-details is-layout-flow wp-block-details-is-layout-flow\"><summary><strong>\u00c4mmaemanda vastuv\u00f5tt (raseduse j\u00e4lgimine)<\/strong><\/summary>\n<figure class=\"wp-block-image size-full\"><img loading=\"lazy\" decoding=\"async\" width=\"666\" height=\"626\" src=\"https:\/\/www.kliinikum.ee\/naistekliinik\/wp-content\/uploads\/2026\/03\/jalgimiiee.png\" alt=\"\" class=\"wp-image-4991\" \/><\/figure>\n<\/details>\n\n\n\n<details class=\"wp-block-details is-layout-flow wp-block-details-is-layout-flow\"><summary><strong>\u00c4mmaemanda vastuv\u00f5tt (s\u00fcnnitusj\u00e4rgne kontroll)<\/strong><\/summary>\n<figure class=\"wp-block-image size-full\"><img loading=\"lazy\" decoding=\"async\" width=\"672\" height=\"480\" src=\"https:\/\/www.kliinikum.ee\/naistekliinik\/wp-content\/uploads\/2026\/03\/kontrolllll.png\" alt=\"\" class=\"wp-image-4989\" \/><\/figure>\n<\/details>\n\n\n\n<details class=\"wp-block-details is-layout-flow wp-block-details-is-layout-flow\"><summary><strong>\u00c4mmaemanda vastuv\u00f5tt (uriinipidamatus)<\/strong><\/summary>\n<figure class=\"wp-block-image size-full\"><img loading=\"lazy\" decoding=\"async\" width=\"666\" height=\"553\" src=\"https:\/\/www.kliinikum.ee\/naistekliinik\/wp-content\/uploads\/2026\/03\/uuurinnnn.png\" alt=\"\" class=\"wp-image-4983\" \/><\/figure>\n<\/details>\n\n\n\n<details class=\"wp-block-details is-layout-flow wp-block-details-is-layout-flow\"><summary><strong>\u00c4mmaemanda vastuv\u00f5tt (emakakaelav\u00e4hi s\u00f5eluuring)<\/strong><\/summary>\n<figure class=\"wp-block-image size-full\"><img loading=\"lazy\" decoding=\"async\" width=\"666\" height=\"438\" src=\"https:\/\/www.kliinikum.ee\/naistekliinik\/wp-content\/uploads\/2026\/03\/soelaaadd.png\" alt=\"\" class=\"wp-image-4987\" \/><\/figure>\n<\/details>\n\n\n\n<details class=\"wp-block-details is-layout-flow wp-block-details-is-layout-flow\"><summary><strong>\u00c4mmaemanda vastuv\u00f5tt (gestatsioonidiabeet)<\/strong><\/summary>\n<figure class=\"wp-block-image size-full\"><img loading=\"lazy\" decoding=\"async\" width=\"722\" height=\"733\" src=\"https:\/\/www.kliinikum.ee\/naistekliinik\/wp-content\/uploads\/2026\/03\/kuvatommis-2026-03-13-123652.png\" alt=\"\" class=\"wp-image-5035\" srcset=\"https:\/\/www.kliinikum.ee\/naistekliinik\/wp-content\/uploads\/2026\/03\/kuvatommis-2026-03-13-123652.png 722w, https:\/\/www.kliinikum.ee\/naistekliinik\/wp-content\/uploads\/2026\/03\/kuvatommis-2026-03-13-123652-54x54.png 54w\" sizes=\"auto, (max-width: 722px) 100vw, 722px\" \/><\/figure>\n<\/details>\n\n\n\n<details class=\"wp-block-details is-layout-flow wp-block-details-is-layout-flow\"><summary><strong>\u00c4mmaemanda vastuv\u00f5tt (IVF)<\/strong><\/summary>\n<figure class=\"wp-block-image size-full\"><img loading=\"lazy\" decoding=\"async\" width=\"668\" height=\"681\" src=\"https:\/\/www.kliinikum.ee\/naistekliinik\/wp-content\/uploads\/2026\/03\/ivfffff.png\" alt=\"\" class=\"wp-image-4986\" srcset=\"https:\/\/www.kliinikum.ee\/naistekliinik\/wp-content\/uploads\/2026\/03\/ivfffff.png 668w, https:\/\/www.kliinikum.ee\/naistekliinik\/wp-content\/uploads\/2026\/03\/ivfffff-54x54.png 54w\" sizes=\"auto, (max-width: 668px) 100vw, 668px\" \/><\/figure>\n<\/details>\n\n\n\n<details class=\"wp-block-details is-layout-flow wp-block-details-is-layout-flow\"><summary><strong>\u00c4mmaemanda vastuv\u00f5tt (seksuaaltervis)<\/strong><\/summary>\n<figure class=\"wp-block-image size-full\"><img loading=\"lazy\" decoding=\"async\" width=\"675\" height=\"667\" src=\"https:\/\/www.kliinikum.ee\/naistekliinik\/wp-content\/uploads\/2026\/03\/seksuualll.png\" alt=\"\" class=\"wp-image-4985\" srcset=\"https:\/\/www.kliinikum.ee\/naistekliinik\/wp-content\/uploads\/2026\/03\/seksuualll.png 675w, https:\/\/www.kliinikum.ee\/naistekliinik\/wp-content\/uploads\/2026\/03\/seksuualll-54x54.png 54w\" sizes=\"auto, (max-width: 675px) 100vw, 675px\" \/><\/figure>\n<\/details>\n\n\n\n<details class=\"wp-block-details is-layout-flow wp-block-details-is-layout-flow\"><summary><strong>\u00c4mmaemanda vastuv\u00f5tt (imetamisn\u00f5ustamine)<\/strong><\/summary>\n<figure class=\"wp-block-image size-full\"><img loading=\"lazy\" decoding=\"async\" width=\"626\" height=\"765\" src=\"https:\/\/www.kliinikum.ee\/naistekliinik\/wp-content\/uploads\/2026\/03\/11.png\" alt=\"\" class=\"wp-image-5156\" \/><\/figure>\n<\/details>\n\n\n\n<details class=\"wp-block-details is-layout-flow wp-block-details-is-layout-flow\"><summary><strong>\u00c4mmaemanda vastuv\u00f5tt (toitumisn\u00f5ustamine)<\/strong><\/summary>\n<figure class=\"wp-block-image size-full\"><img loading=\"lazy\" decoding=\"async\" width=\"632\" height=\"387\" src=\"https:\/\/www.kliinikum.ee\/naistekliinik\/wp-content\/uploads\/2026\/03\/13.png\" alt=\"\" class=\"wp-image-5158\" \/><\/figure>\n<\/details>\n\n\n\n<details class=\"wp-block-details is-layout-flow wp-block-details-is-layout-flow\"><summary><strong>\u00c4mmaemanda vastuv\u00f5tt (rindade kontroll)<\/strong><\/summary>\n<figure class=\"wp-block-image size-full\"><img loading=\"lazy\" decoding=\"async\" width=\"622\" height=\"578\" src=\"https:\/\/www.kliinikum.ee\/naistekliinik\/wp-content\/uploads\/2026\/03\/14.png\" alt=\"\" class=\"wp-image-5159\" \/><\/figure>\n<\/details>\n\n\n\n<details class=\"wp-block-details is-layout-flow wp-block-details-is-layout-flow\"><summary><strong>\u00c4mmaemanda vastuv\u00f5tt (Pereplaneerimise ja seksuaaltervise kriisin\u00f5ustamine)<\/strong><\/summary>\n<figure class=\"wp-block-image size-full\"><img loading=\"lazy\" decoding=\"async\" width=\"624\" height=\"438\" src=\"https:\/\/www.kliinikum.ee\/naistekliinik\/wp-content\/uploads\/2026\/03\/12.png\" alt=\"\" class=\"wp-image-5157\" \/><\/figure>\n<\/details>\n\n\n\n<table class=\"wp-block-advgb-table advgb-table-frontend\"><tbody><tr><td><strong>Broneeri aeg<\/strong> <a href=\"https:\/\/www.terviseportaal.ee\/\" type=\"link\" id=\"https:\/\/www.terviseportaal.ee\/\"><strong><em>siin<\/em><\/strong><\/a>.<\/td><\/tr><\/tbody><\/table>\n<\/div><\/div>\n\n\n\n<div class=\"wp-block-advgb-accordion-item advgb-accordion-item\" style=\"margin-bottom:15px\"><div class=\"advgb-accordion-header\" style=\"background-color:#f9b4c5;color:#001a72;border-style:solid;border-width:1px;border-color:#ffffff;border-radius:2px\"><span class=\"advgb-accordion-header-icon accordion-state\"><svg class=\"advgb-icon-closed\" fill=\"#001a72\" xmlns=\"http:\/\/www.w3.org\/2000\/svg\" width=\"24\" height=\"24\" viewBox=\"0 0 24 24\"><path opacity=\"0.87\" fill=\"none\" d=\"M24,24H0L0,0l24,0V24z\"><\/path><path d=\"M16.59,8.59L12,13.17L7.41,8.59L6,10l6,6l6-6L16.59,8.59z\"><\/path><\/svg><svg class=\"advgb-icon-opened\" fill=\"#001a72\" xmlns=\"http:\/\/www.w3.org\/2000\/svg\" width=\"24\" height=\"24\" viewBox=\"0 0 24 24\"><path opacity=\"0.87\" fill=\"none\" d=\"M24,24H0L0,0l24,0V24z\"><\/path><path d=\"M7.41,15.41L12,10.83l4.59,4.58L18,14l-6-6l-6,6L7.41,15.41z\"><\/path><\/svg><\/span><h4 class=\"advgb-accordion-header-title\" style=\"color:inherit\"><strong>TEABELEHED<\/strong><\/h4><\/div><div class=\"advgb-accordion-body\" style=\"border-style:solid !important;border-width:1px !important;border-color:#ffffff !important;border-top:none !important;border-radius:2px !important\">\n<table class=\"wp-block-advgb-table advgb-table-frontend\"><tbody><tr><td>\u2751 <strong>Vasts\u00fcndinute kuulmise s\u00f5eluuring:<\/strong> <a href=\"https:\/\/www.kliinikum.ee\/naistekliinik\/wp-content\/uploads\/2025\/11\/vna-35_teabeleht_vastsundinu_kuulmise_soeluuring_eesti_keel_ver-03.pdf\">eesti<\/a>; <a href=\"https:\/\/www.kliinikum.ee\/naistekliinik\/wp-content\/uploads\/2025\/11\/tna-50_teabeleht_vastsundinu_kuulmise_soeluuring_inglise_keel_ver-02.pdf\">inglise<\/a>; <a href=\"https:\/\/www.kliinikum.ee\/naistekliinik\/wp-content\/uploads\/2025\/11\/tna-39_teabeleht_vastsundinu_kuulmise_soeluuring_vene_keel_ver-02.pdf\">vene<\/a>.<\/td><\/tr><tr><td>\u2751 <strong>Vasts\u00fcndinule k-vitamiini manustamine:<\/strong> <a href=\"https:\/\/www.kliinikum.ee\/naistekliinik\/wp-content\/uploads\/2025\/11\/vna-32_teabeleht-_ja_teavitatud_nousolek_vastsundinulrk-vitamiini_manustamine_eesti_keel_ver-02.pdf\">eesti<\/a>; <a href=\"https:\/\/www.kliinikum.ee\/naistekliinik\/wp-content\/uploads\/2025\/11\/vna-41_teabeleht_-ja_teavitatud_nousolek_vastsuninule_k-vitamiini_manustamine_inglise_keel.pdf\">inglise<\/a>; <a href=\"https:\/\/www.kliinikum.ee\/naistekliinik\/wp-content\/uploads\/2025\/11\/vna-42_teabeleht_ja_teavitatud_nousolek_vastsunidnule_k-vitamiini_manustamine_vene_keel.pdf\">vene<\/a>.<\/td><\/tr><tr><td>\u2751 <strong>Vasts\u00fcndinule tuberkuloosivastane vaktsineerimine: <\/strong><a href=\"https:\/\/www.kliinikum.ee\/naistekliinik\/wp-content\/uploads\/2025\/11\/vna-33_teabeleht_ja_teavitatud_nousolek_vastsundinu_tuberkuloosi_vastane_vaktsineerimine_eesti_keel_ver-02.pdf\">eesti<\/a>; <a href=\"https:\/\/www.kliinikum.ee\/naistekliinik\/wp-content\/uploads\/2025\/11\/vna-50_teabeleht_ja_teavitatud_nousolek_vastsundinu_tuberkuloosi_vastane_vaktsineerimine_inglise_keel_ver-02.pdf\">inglise<\/a>; <a href=\"https:\/\/www.kliinikum.ee\/naistekliinik\/wp-content\/uploads\/2025\/11\/vna-48_teabeleht_ja_teavitatud_nousolek_vastsundinu_tuberkuloosi_vastane_vaktsineerimine_vene_keel_ver-02.pdf\">vene<\/a>.<\/td><\/tr><tr><td>\u2751 <strong>Vasts\u00fcndinu kaasas\u00fcndinud haiguste s\u00f5eluuring:<\/strong> <a href=\"https:\/\/www.kliinikum.ee\/naistekliinik\/wp-content\/uploads\/2025\/11\/vna-31_teabeleht_ja_teavitatud_nousolek_vastsundinu_kaasasundinud_haiguste_soeluuring_eesti_keel_ver-02.pdf\">eesti<\/a>; <a href=\"https:\/\/www.kliinikum.ee\/naistekliinik\/wp-content\/uploads\/2025\/11\/vna-43-teabeleht_ja_teavitatud_nousolek_vastsundinu_kaasasundinud_haiguste_soeluuring_inglise_keel_ver-02.pdf\">inglise<\/a>; <a href=\"https:\/\/www.kliinikum.ee\/naistekliinik\/wp-content\/uploads\/2025\/11\/vna_46_teabeleht_ja_teavitatud_nousolek_vastsundinu_kaasasundinud_haiguste_soeluuring_vene_keel_ver-02.pdf\">vene<\/a>.<\/td><\/tr><tr><td>\u2751 <strong>Rasedusdiabeet ning vasts\u00fcndinu j\u00e4lgimine s\u00fcnnij\u00e4rgselt:<\/strong> <a href=\"https:\/\/www.kliinikum.ee\/naistekliinik\/wp-content\/uploads\/2025\/11\/tna-34_teabeleht_rasedusdiabeet-ning-vastsundinu-jalgimine-sunnijargselt_eesti_keel_ver-02.pdf\">eesti<\/a>; <a href=\"https:\/\/www.kliinikum.ee\/naistekliinik\/wp-content\/uploads\/2025\/11\/tna-34_teabeleht_rasedusdiabeet-ning-vastsundinu-jalgimine-sunnijargselt_inglise_keel_ver-02.pdf\">inglise<\/a>; <a href=\"https:\/\/www.kliinikum.ee\/naistekliinik\/wp-content\/uploads\/2025\/11\/tna-34_teabeleht_rasedusdiabeet-ning-vastsundinu-jalgimine-sunnijargselt_vene_keel_ver-02.pdf\">vene<\/a>.<\/td><\/tr><tr><td>\u2751 <strong>S\u00fcnnituse spinaal- ja epiduraalanalgeesiaga valutustamine: <\/strong><a href=\"https:\/\/www.kliinikum.ee\/naistekliinik\/wp-content\/uploads\/2025\/11\/vkl-312_teabeleht_sunnituse_spinaal-_ja_epiduraalanalgeesiaga_valutustamise_eesti_keel_ver-02.pdf\">eesti<\/a>; <a href=\"https:\/\/www.kliinikum.ee\/naistekliinik\/wp-content\/uploads\/2025\/11\/vkl-313_teabeleht_sunnituse_spinaal-_ja_epiduraalanalgeesiaga_valutustamine_inglise_keel_ver-02.pdf\">inglise<\/a>; <a href=\"https:\/\/www.kliinikum.ee\/naistekliinik\/wp-content\/uploads\/2025\/11\/vkl-314_teabeleht_sunnituse_spinaal-_ja_epiduraalanalgeesiaga_valutustamine_vene_keel_ver-01.pdf\">vene<\/a>.<\/td><\/tr><\/tbody><\/table>\n<\/div><\/div>\n\n\n\n<div class=\"wp-block-advgb-accordion-item advgb-accordion-item\" style=\"margin-bottom:15px\"><div class=\"advgb-accordion-header\" style=\"background-color:#f9b4c5;color:#001a72;border-style:solid;border-width:1px;border-color:#ffffff;border-radius:2px\"><span class=\"advgb-accordion-header-icon accordion-state\"><svg class=\"advgb-icon-closed\" fill=\"#001a72\" xmlns=\"http:\/\/www.w3.org\/2000\/svg\" width=\"24\" height=\"24\" viewBox=\"0 0 24 24\"><path opacity=\"0.87\" fill=\"none\" d=\"M24,24H0L0,0l24,0V24z\"><\/path><path d=\"M16.59,8.59L12,13.17L7.41,8.59L6,10l6,6l6-6L16.59,8.59z\"><\/path><\/svg><svg class=\"advgb-icon-opened\" fill=\"#001a72\" xmlns=\"http:\/\/www.w3.org\/2000\/svg\" width=\"24\" height=\"24\" viewBox=\"0 0 24 24\"><path opacity=\"0.87\" fill=\"none\" d=\"M24,24H0L0,0l24,0V24z\"><\/path><path d=\"M7.41,15.41L12,10.83l4.59,4.58L18,14l-6-6l-6,6L7.41,15.41z\"><\/path><\/svg><\/span><h4 class=\"advgb-accordion-header-title\" style=\"color:inherit\"><strong>K\u00dcSITLUSE JA N\u00d5USOLEKU V\u00d5TMISE VORM<\/strong><\/h4><\/div><div class=\"advgb-accordion-body\" style=\"border-style:solid !important;border-width:1px !important;border-color:#ffffff !important;border-top:none !important;border-radius:2px !important\">\n<table class=\"wp-block-advgb-table advgb-table-frontend\"><tbody><tr><td>\u274d <strong>Patsiendi anesteesia-eelse k\u00fcsitluse ja n\u00f5usoleku v\u00f5tmise vorm:<\/strong> <a href=\"https:\/\/www.kliinikum.ee\/naistekliinik\/wp-content\/uploads\/2025\/11\/vkl-154_patsiendi_anesteesia-eelse_kysitluse_ja_nousoleku_votmise_vorm_eesti_keel_ver-03.pdf\">eesti<\/a>; <a href=\"https:\/\/www.kliinikum.ee\/naistekliinik\/wp-content\/uploads\/2025\/11\/vkl-308_patsiendi_anesteesia-eelse_kysitluse_ja_nousoleku_votmise_vorm_vene_keel_ver-02.pdf\">vene<\/a>.<\/td><\/tr><\/tbody><\/table>\n<\/div><\/div>\n<\/div>\n","protected":false},"excerpt":{"rendered":"","protected":false},"author":18,"featured_media":0,"parent":0,"menu_order":0,"comment_status":"closed","ping_status":"closed","template":"","meta":{"_acf_changed":false,"inline_featured_image":false,"advgb_blocks_editor_width":"","advgb_blocks_columns_visual_guide":"","footnotes":"","_links_to":"","_links_to_target":""},"class_list":["post-2690","page","type-page","status-publish","hentry"],"acf":[],"yoast_head":"<!-- This site is optimized with the Yoast SEO plugin v27.3 - https:\/\/yoast.com\/product\/yoast-seo-wordpress\/ -->\n<title>Koost\u00f6\u00f6partnerile - Naistekliinik<\/title>\n<meta name=\"robots\" content=\"index, follow, max-snippet:-1, max-image-preview:large, max-video-preview:-1\" \/>\n<link rel=\"canonical\" href=\"https:\/\/www.kliinikum.ee\/naistekliinik\/partnerile\/\" \/>\n<meta property=\"og:locale\" content=\"et_EE\" \/>\n<meta property=\"og:type\" content=\"article\" \/>\n<meta property=\"og:title\" content=\"Koost\u00f6\u00f6partnerile - Naistekliinik\" \/>\n<meta property=\"og:url\" content=\"https:\/\/www.kliinikum.ee\/naistekliinik\/partnerile\/\" \/>\n<meta property=\"og:site_name\" content=\"Naistekliinik\" \/>\n<meta property=\"article:modified_time\" content=\"2026-03-30T09:49:33+00:00\" \/>\n<meta property=\"og:image\" content=\"https:\/\/www.kliinikum.ee\/naistekliinik\/wp-content\/uploads\/2026\/03\/kinnni.png\" \/>\n\t<meta property=\"og:image:width\" content=\"666\" \/>\n\t<meta property=\"og:image:height\" content=\"451\" \/>\n\t<meta property=\"og:image:type\" content=\"image\/png\" \/>\n<meta name=\"twitter:card\" content=\"summary_large_image\" \/>\n<meta name=\"twitter:label1\" content=\"Est. reading time\" \/>\n\t<meta name=\"twitter:data1\" content=\"4 minutit\" \/>\n<script type=\"application\/ld+json\" class=\"yoast-schema-graph\">{\"@context\":\"https:\\\/\\\/schema.org\",\"@graph\":[{\"@type\":\"WebPage\",\"@id\":\"https:\\\/\\\/www.kliinikum.ee\\\/naistekliinik\\\/partnerile\\\/\",\"url\":\"https:\\\/\\\/www.kliinikum.ee\\\/naistekliinik\\\/partnerile\\\/\",\"name\":\"Koost\u00f6\u00f6partnerile - Naistekliinik\",\"isPartOf\":{\"@id\":\"https:\\\/\\\/www.kliinikum.ee\\\/naistekliinik\\\/#website\"},\"primaryImageOfPage\":{\"@id\":\"https:\\\/\\\/www.kliinikum.ee\\\/naistekliinik\\\/partnerile\\\/#primaryimage\"},\"image\":{\"@id\":\"https:\\\/\\\/www.kliinikum.ee\\\/naistekliinik\\\/partnerile\\\/#primaryimage\"},\"thumbnailUrl\":\"https:\\\/\\\/www.kliinikum.ee\\\/naistekliinik\\\/wp-content\\\/uploads\\\/2026\\\/03\\\/kinnni.png\",\"datePublished\":\"2023-06-15T07:13:38+00:00\",\"dateModified\":\"2026-03-30T09:49:33+00:00\",\"breadcrumb\":{\"@id\":\"https:\\\/\\\/www.kliinikum.ee\\\/naistekliinik\\\/partnerile\\\/#breadcrumb\"},\"inLanguage\":\"et\",\"potentialAction\":[{\"@type\":\"ReadAction\",\"target\":[\"https:\\\/\\\/www.kliinikum.ee\\\/naistekliinik\\\/partnerile\\\/\"]}]},{\"@type\":\"ImageObject\",\"inLanguage\":\"et\",\"@id\":\"https:\\\/\\\/www.kliinikum.ee\\\/naistekliinik\\\/partnerile\\\/#primaryimage\",\"url\":\"https:\\\/\\\/www.kliinikum.ee\\\/naistekliinik\\\/wp-content\\\/uploads\\\/2026\\\/03\\\/kinnni.png\",\"contentUrl\":\"https:\\\/\\\/www.kliinikum.ee\\\/naistekliinik\\\/wp-content\\\/uploads\\\/2026\\\/03\\\/kinnni.png\",\"width\":666,\"height\":451},{\"@type\":\"BreadcrumbList\",\"@id\":\"https:\\\/\\\/www.kliinikum.ee\\\/naistekliinik\\\/partnerile\\\/#breadcrumb\",\"itemListElement\":[{\"@type\":\"ListItem\",\"position\":1,\"name\":\"Home\",\"item\":\"https:\\\/\\\/www.kliinikum.ee\\\/naistekliinik\\\/\"},{\"@type\":\"ListItem\",\"position\":2,\"name\":\"Koost\u00f6\u00f6partnerile\"}]},{\"@type\":\"WebSite\",\"@id\":\"https:\\\/\\\/www.kliinikum.ee\\\/naistekliinik\\\/#website\",\"url\":\"https:\\\/\\\/www.kliinikum.ee\\\/naistekliinik\\\/\",\"name\":\"Naistekliinik\",\"description\":\"Hoolivus P\u00e4devus Usaldusv\u00e4\u00e4rsus\",\"potentialAction\":[{\"@type\":\"SearchAction\",\"target\":{\"@type\":\"EntryPoint\",\"urlTemplate\":\"https:\\\/\\\/www.kliinikum.ee\\\/naistekliinik\\\/?s={search_term_string}\"},\"query-input\":{\"@type\":\"PropertyValueSpecification\",\"valueRequired\":true,\"valueName\":\"search_term_string\"}}],\"inLanguage\":\"et\"}]}<\/script>\n<!-- \/ Yoast SEO plugin. -->","yoast_head_json":{"title":"Koost\u00f6\u00f6partnerile - Naistekliinik","robots":{"index":"index","follow":"follow","max-snippet":"max-snippet:-1","max-image-preview":"max-image-preview:large","max-video-preview":"max-video-preview:-1"},"canonical":"https:\/\/www.kliinikum.ee\/naistekliinik\/partnerile\/","og_locale":"et_EE","og_type":"article","og_title":"Koost\u00f6\u00f6partnerile - Naistekliinik","og_url":"https:\/\/www.kliinikum.ee\/naistekliinik\/partnerile\/","og_site_name":"Naistekliinik","article_modified_time":"2026-03-30T09:49:33+00:00","og_image":[{"width":666,"height":451,"url":"https:\/\/www.kliinikum.ee\/naistekliinik\/wp-content\/uploads\/2026\/03\/kinnni.png","type":"image\/png"}],"twitter_card":"summary_large_image","twitter_misc":{"Est. reading time":"4 minutit"},"schema":{"@context":"https:\/\/schema.org","@graph":[{"@type":"WebPage","@id":"https:\/\/www.kliinikum.ee\/naistekliinik\/partnerile\/","url":"https:\/\/www.kliinikum.ee\/naistekliinik\/partnerile\/","name":"Koost\u00f6\u00f6partnerile - Naistekliinik","isPartOf":{"@id":"https:\/\/www.kliinikum.ee\/naistekliinik\/#website"},"primaryImageOfPage":{"@id":"https:\/\/www.kliinikum.ee\/naistekliinik\/partnerile\/#primaryimage"},"image":{"@id":"https:\/\/www.kliinikum.ee\/naistekliinik\/partnerile\/#primaryimage"},"thumbnailUrl":"https:\/\/www.kliinikum.ee\/naistekliinik\/wp-content\/uploads\/2026\/03\/kinnni.png","datePublished":"2023-06-15T07:13:38+00:00","dateModified":"2026-03-30T09:49:33+00:00","breadcrumb":{"@id":"https:\/\/www.kliinikum.ee\/naistekliinik\/partnerile\/#breadcrumb"},"inLanguage":"et","potentialAction":[{"@type":"ReadAction","target":["https:\/\/www.kliinikum.ee\/naistekliinik\/partnerile\/"]}]},{"@type":"ImageObject","inLanguage":"et","@id":"https:\/\/www.kliinikum.ee\/naistekliinik\/partnerile\/#primaryimage","url":"https:\/\/www.kliinikum.ee\/naistekliinik\/wp-content\/uploads\/2026\/03\/kinnni.png","contentUrl":"https:\/\/www.kliinikum.ee\/naistekliinik\/wp-content\/uploads\/2026\/03\/kinnni.png","width":666,"height":451},{"@type":"BreadcrumbList","@id":"https:\/\/www.kliinikum.ee\/naistekliinik\/partnerile\/#breadcrumb","itemListElement":[{"@type":"ListItem","position":1,"name":"Home","item":"https:\/\/www.kliinikum.ee\/naistekliinik\/"},{"@type":"ListItem","position":2,"name":"Koost\u00f6\u00f6partnerile"}]},{"@type":"WebSite","@id":"https:\/\/www.kliinikum.ee\/naistekliinik\/#website","url":"https:\/\/www.kliinikum.ee\/naistekliinik\/","name":"Naistekliinik","description":"Hoolivus P\u00e4devus Usaldusv\u00e4\u00e4rsus","potentialAction":[{"@type":"SearchAction","target":{"@type":"EntryPoint","urlTemplate":"https:\/\/www.kliinikum.ee\/naistekliinik\/?s={search_term_string}"},"query-input":{"@type":"PropertyValueSpecification","valueRequired":true,"valueName":"search_term_string"}}],"inLanguage":"et"}]}},"coauthors":[],"author_meta":{"author_link":"https:\/\/www.kliinikum.ee\/naistekliinik\/author\/janef\/","display_name":"Jane Freimann"},"relative_dates":{"created":"Posted 3 aastat ago","modified":"Updated 2 n\u00e4dalat ago"},"absolute_dates":{"created":"Posted on 15. juuni 2023","modified":"Updated on 30. m\u00e4rts 2026"},"absolute_dates_time":{"created":"Posted on 15. juuni 2023 10:13","modified":"Updated on 30. m\u00e4rts 2026 12:49"},"featured_img_caption":"","featured_img":false,"series_order":"","_links":{"self":[{"href":"https:\/\/www.kliinikum.ee\/naistekliinik\/wp-json\/wp\/v2\/pages\/2690","targetHints":{"allow":["GET"]}}],"collection":[{"href":"https:\/\/www.kliinikum.ee\/naistekliinik\/wp-json\/wp\/v2\/pages"}],"about":[{"href":"https:\/\/www.kliinikum.ee\/naistekliinik\/wp-json\/wp\/v2\/types\/page"}],"author":[{"embeddable":true,"href":"https:\/\/www.kliinikum.ee\/naistekliinik\/wp-json\/wp\/v2\/users\/18"}],"replies":[{"embeddable":true,"href":"https:\/\/www.kliinikum.ee\/naistekliinik\/wp-json\/wp\/v2\/comments?post=2690"}],"version-history":[{"count":0,"href":"https:\/\/www.kliinikum.ee\/naistekliinik\/wp-json\/wp\/v2\/pages\/2690\/revisions"}],"wp:attachment":[{"href":"https:\/\/www.kliinikum.ee\/naistekliinik\/wp-json\/wp\/v2\/media?parent=2690"}],"curies":[{"name":"wp","href":"https:\/\/api.w.org\/{rel}","templated":true}]}}