{"id":4034,"date":"2025-09-09T09:44:19","date_gmt":"2025-09-09T06:44:19","guid":{"rendered":"https:\/\/www.kliinikum.ee\/naistekliinik\/?page_id=4034"},"modified":"2025-12-17T11:20:18","modified_gmt":"2025-12-17T09:20:18","slug":"kliinikust","status":"publish","type":"page","link":"https:\/\/www.kliinikum.ee\/naistekliinik\/kliinikust\/","title":{"rendered":"Kliinikust"},"content":{"rendered":"\n<p class=\"wp-el\"><strong>Naistekliinik: administratsioon<\/strong><\/p>\n\n\n\n<p class=\"wp-el\">SA Tartu \u00dclikooli Kliinikumi naistekliinik osutab teenust Tartus:<\/p>\n\n\n\n<ul class=\"wp-block-list wp-el\">\n<li>L. Puusepa 8, 50406 \/ G2 ja C korpuses<\/li>\n\n\n\n<li>L.Puusepa 1a, 50406 \/ Maarjam\u00f5isa tervisekeskus  <\/li>\n\n\n\n<li>M\u00f5isavahe 34b,\u00a050708 \/ Tartu Tervisekeskus <\/li>\n\n\n\n<li>Riia tn 2, 41004 \/ Kvartali kaubanduskeskus <\/li>\n\n\n\n<li>Vaksali 17<strong> <\/strong>\/ III korrus<\/li>\n<\/ul>\n\n\n\n<p class=\"wp-el\"><strong><em>Ambulatoorsed vastuv\u00f5tud <\/em><\/strong>toimuvad aadressitel L. Puusepa 8 G2 ja C korpuses, Puusepa 1a II korrusel (kabinet 2062 ja 2065), M\u00f5isavahe 34b (Tartu Tervisekeskus) ja Riia 2 (Kvartali kaubanduskeskus). Seksuaaltervise keskus asub Tartus\u00a0Vaksali 17, III korrusel.<\/p>\n\n\n\n<h3 class=\"wp-block-heading wp-el\"><strong>Naistekliinik: administratsioon<\/strong><\/h3>\n\n\n\n<div class=\"wp-block-columns is-layout-flex wp-container-core-columns-is-layout-9d6595d7 wp-block-columns-is-layout-flex\">\n<div class=\"wp-block-column is-layout-flow wp-block-column-is-layout-flow\">\n<p class=\"wp-el\"><strong>Professor&nbsp;Kristiina Rull<br><\/strong>Kliinikujuht, vanemarst-\u00f5ppej\u00f5ud<br>731 9904<br><a href=\"mailto:kristiina.rull@kliinikum.ee\">kristiina.rull@kliinikum.ee<\/a><\/p>\n<\/div>\n\n\n\n<div class=\"wp-block-column is-layout-flow wp-block-column-is-layout-flow\">\n<p class=\"wp-el\"><strong>Professor Helle Karro<br><\/strong>\u00dclemarst-\u00f5ppej\u00f5ud<br>731 9903<br><a href=\"https:\/\/www.kliinikum.ee\/naistekliinik\/patsiendile\/info\/helle.karro@kliinikum.ee\">helle.karro@kliinikum.ee<\/a><\/p>\n<\/div>\n\n\n\n<div class=\"wp-block-column is-layout-flow wp-block-column-is-layout-flow\">\n<p class=\"wp-el\"><strong>Pille Teesalu<br><\/strong>Kliiniku \u00e4mmaemandusjuht<br>731 9929<br><a href=\"mailto:pille.teesalu@kliinikum.ee\">pille.teesalu@kliinikum.ee<\/a><\/p>\n\n\n\n<p class=\"wp-el\"><br><\/p>\n<\/div>\n\n\n\n<div class=\"wp-block-column is-layout-flow wp-block-column-is-layout-flow\">\n<p class=\"wp-el\"><strong>Liana Karapetjan<br><\/strong>Administratsiooni assistent<br>731 9902<br><a href=\"liana.karapetjan@kliinikum.ee\">liana.karapetjan@kliinikum.ee<\/a><\/p>\n\n\n\n<p class=\"wp-el\"><br><\/p>\n<\/div>\n<\/div>\n\n\n\n<h3 class=\"wp-block-heading wp-el\">Naisten\u00f5uandla ja perekeskus<\/h3>\n\n\n\n<div class=\"wp-block-columns is-layout-flex wp-container-core-columns-is-layout-9d6595d7 wp-block-columns-is-layout-flex\">\n<div class=\"wp-block-column is-layout-flow wp-block-column-is-layout-flow\">\n<p class=\"wp-el\"><strong>Pille Vaas<br><\/strong>Naisten\u00f5uandla ja perekeskuse juhataja<br>731 9990, 731 9997<br><a href=\"mailto:pille.vaas@kliinikum.ee\">pille.vaas@kliinikum.ee<\/a><\/p>\n<\/div>\n\n\n\n<div class=\"wp-block-column is-layout-flow wp-block-column-is-layout-flow\">\n<p class=\"wp-el\"><strong>Kersti Maala<br><\/strong>Naisten\u00f5uandla \u00e4mmaemandusjuht<br>731 9991<br><a href=\"mailto:kersti.maala@kliinikum.ee\">kersti.maala@kliinikum.ee<\/a><\/p>\n<\/div>\n\n\n\n<div class=\"wp-block-column is-layout-flow wp-block-column-is-layout-flow\">\n<p class=\"wp-el\"><strong>Marrit Kanna<br><\/strong>Perekeskuse \u00e4mmaemandusjuht<br>731 9976<br><a href=\"mailto:marrit.kanna@kliinikum.ee\">marrit.kanna@kliinikum.ee<\/a><\/p>\n<\/div>\n<\/div>\n\n\n\n<h3 class=\"wp-block-heading wp-el\">S\u00fcnnitusosakond<\/h3>\n\n\n\n<div class=\"wp-block-columns is-layout-flex wp-container-core-columns-is-layout-9d6595d7 wp-block-columns-is-layout-flex\">\n<div class=\"wp-block-column is-layout-flow wp-block-column-is-layout-flow\">\n<p class=\"wp-el\"><strong>Aune Siller<br><\/strong>Osakonna juhataja<br>731 7930<br><a href=\"mailto:aune.siller@kliinikum.ee\">aune.siller@kliinikum.ee<\/a><\/p>\n<\/div>\n\n\n\n<div class=\"wp-block-column is-layout-flow wp-block-column-is-layout-flow\">\n<p class=\"wp-el\"><strong>Sale-Liis Teesalu<br><\/strong>Osakonna \u00e4mmaemandusjuht<br>731 9926<br><a href=\"mailto:sale-liis.teesalu@kliinikum.ee\">sale-liis.teesalu@kliinikum.ee<\/a><\/p>\n<\/div>\n\n\n\n<div class=\"wp-block-column is-layout-flow wp-block-column-is-layout-flow\">\n<p class=\"wp-el\"><strong>Ene Massakas<br><\/strong>Sekret\u00e4r<br>731 9905 &nbsp;<br><a href=\"mailto:ene.massakas@kliinikum.ee\">ene.massakas@kliinikum.ee<\/a><\/p>\n<\/div>\n<\/div>\n\n\n\n<h3 class=\"wp-block-heading wp-el\">G\u00fcnekoloogia osakond<\/h3>\n\n\n\n<div class=\"wp-block-columns is-layout-flex wp-container-core-columns-is-layout-9d6595d7 wp-block-columns-is-layout-flex\">\n<div class=\"wp-block-column is-layout-flow wp-block-column-is-layout-flow\">\n<p class=\"wp-el\"><strong>Pille Soplepmann<br><\/strong>Osakonna juhataja<br>731 9952, 731 9999<br><a href=\"pille.soplepmann@kliinikum.ee\">pille.soplepmann@kliinikum.ee<\/a><\/p>\n<\/div>\n\n\n\n<div class=\"wp-block-column is-layout-flow wp-block-column-is-layout-flow\">\n<p class=\"wp-el\"><strong>Ingrid Tideman<br><\/strong>Osakonna \u00f5endusjuht<br>731 9951<br><a href=\"mailto:ingrid.tideman@kliinikum.ee\">ingrid.tideman@kliinikum.ee<\/a><\/p>\n<\/div>\n\n\n\n<div class=\"wp-block-column is-layout-flow wp-block-column-is-layout-flow\">\n<p class=\"wp-el\"><strong>Tiiu Laurits<\/strong><br>Sekret\u00e4r<br>731 9953, 731 9964<br><a href=\"mailto:tiiu.laurits@kliinikum.ee\">tiiu.laurits@kliinikum.ee<\/a><\/p>\n<\/div>\n<\/div>\n\n\n\n<div class=\"wp-block-columns is-layout-flex wp-container-core-columns-is-layout-9d6595d7 wp-block-columns-is-layout-flex\">\n<div class=\"wp-block-column is-layout-flow wp-block-column-is-layout-flow\">\n<h3 class=\"wp-block-heading wp-el\">Seksuaaltervise keskus<\/h3>\n\n\n\n<p class=\"wp-el\"><strong>Kadri Sikk<\/strong><br>Seksuaaltervise keskuse juhataja<br>731 9728<br><a href=\"mailto:Kadri.sikk@kliinikum.ee\">kadri.sikk@kliinikum.ee<\/a><\/p>\n<\/div>\n\n\n\n<div class=\"wp-block-column is-layout-flow wp-block-column-is-layout-flow\">\n<h3 class=\"wp-block-heading wp-el\">Viljatusravi keskus<\/h3>\n\n\n\n<p class=\"wp-el\"><strong>Aivar Ehrenberg<\/strong><br>Viljatusravi keskuse juhataja<br>731 9901<br><a href=\"aivar.ehrenberg@kliinikum.ee\">aivar.ehrenberg@kliinikum.ee<\/a><\/p>\n<\/div>\n\n\n\n<div class=\"wp-block-column is-layout-flow wp-block-column-is-layout-flow\"><\/div>\n<\/div>\n\n\n\n<h3 class=\"wp-block-heading wp-el\"><\/h3>\n","protected":false},"excerpt":{"rendered":"<p>Naistekliinik: administratsioon SA Tartu \u00dclikooli Kliinikumi naistekliinik osutab teenust Tartus: Ambulatoorsed vastuv\u00f5tud toimuvad aadressitel L. Puusepa 8 G2 ja C&#8230;<\/p>\n","protected":false},"author":18,"featured_media":0,"parent":0,"menu_order":0,"comment_status":"closed","ping_status":"closed","template":"","meta":{"_acf_changed":false,"inline_featured_image":false,"advgb_blocks_editor_width":"","advgb_blocks_columns_visual_guide":"","footnotes":"","_links_to":"","_links_to_target":""},"class_list":["post-4034","page","type-page","status-publish","hentry"],"acf":[],"yoast_head":"<!-- This site is optimized with the Yoast SEO plugin v27.3 - https:\/\/yoast.com\/product\/yoast-seo-wordpress\/ -->\n<title>Kliinikust - Naistekliinik<\/title>\n<meta name=\"robots\" content=\"index, follow, max-snippet:-1, max-image-preview:large, max-video-preview:-1\" \/>\n<link rel=\"canonical\" href=\"https:\/\/www.kliinikum.ee\/naistekliinik\/kliinikust\/\" \/>\n<meta property=\"og:locale\" content=\"et_EE\" \/>\n<meta property=\"og:type\" content=\"article\" \/>\n<meta property=\"og:title\" content=\"Kliinikust - Naistekliinik\" \/>\n<meta property=\"og:description\" content=\"Naistekliinik: administratsioon SA Tartu \u00dclikooli Kliinikumi naistekliinik osutab teenust Tartus: Ambulatoorsed vastuv\u00f5tud toimuvad aadressitel L. Puusepa 8 G2 ja C...\" \/>\n<meta property=\"og:url\" content=\"https:\/\/www.kliinikum.ee\/naistekliinik\/kliinikust\/\" \/>\n<meta property=\"og:site_name\" content=\"Naistekliinik\" \/>\n<meta property=\"article:modified_time\" content=\"2025-12-17T09:20:18+00:00\" \/>\n<meta name=\"twitter:card\" content=\"summary_large_image\" \/>\n<meta name=\"twitter:label1\" content=\"Est. reading time\" \/>\n\t<meta name=\"twitter:data1\" content=\"2 minutit\" \/>\n<script type=\"application\/ld+json\" class=\"yoast-schema-graph\">{\"@context\":\"https:\\\/\\\/schema.org\",\"@graph\":[{\"@type\":\"WebPage\",\"@id\":\"https:\\\/\\\/www.kliinikum.ee\\\/naistekliinik\\\/kliinikust\\\/\",\"url\":\"https:\\\/\\\/www.kliinikum.ee\\\/naistekliinik\\\/kliinikust\\\/\",\"name\":\"Kliinikust - Naistekliinik\",\"isPartOf\":{\"@id\":\"https:\\\/\\\/www.kliinikum.ee\\\/naistekliinik\\\/#website\"},\"datePublished\":\"2025-09-09T06:44:19+00:00\",\"dateModified\":\"2025-12-17T09:20:18+00:00\",\"breadcrumb\":{\"@id\":\"https:\\\/\\\/www.kliinikum.ee\\\/naistekliinik\\\/kliinikust\\\/#breadcrumb\"},\"inLanguage\":\"et\",\"potentialAction\":[{\"@type\":\"ReadAction\",\"target\":[\"https:\\\/\\\/www.kliinikum.ee\\\/naistekliinik\\\/kliinikust\\\/\"]}]},{\"@type\":\"BreadcrumbList\",\"@id\":\"https:\\\/\\\/www.kliinikum.ee\\\/naistekliinik\\\/kliinikust\\\/#breadcrumb\",\"itemListElement\":[{\"@type\":\"ListItem\",\"position\":1,\"name\":\"Home\",\"item\":\"https:\\\/\\\/www.kliinikum.ee\\\/naistekliinik\\\/\"},{\"@type\":\"ListItem\",\"position\":2,\"name\":\"Kliinikust\"}]},{\"@type\":\"WebSite\",\"@id\":\"https:\\\/\\\/www.kliinikum.ee\\\/naistekliinik\\\/#website\",\"url\":\"https:\\\/\\\/www.kliinikum.ee\\\/naistekliinik\\\/\",\"name\":\"Naistekliinik\",\"description\":\"Hoolivus P\u00e4devus Usaldusv\u00e4\u00e4rsus\",\"potentialAction\":[{\"@type\":\"SearchAction\",\"target\":{\"@type\":\"EntryPoint\",\"urlTemplate\":\"https:\\\/\\\/www.kliinikum.ee\\\/naistekliinik\\\/?s={search_term_string}\"},\"query-input\":{\"@type\":\"PropertyValueSpecification\",\"valueRequired\":true,\"valueName\":\"search_term_string\"}}],\"inLanguage\":\"et\"}]}<\/script>\n<!-- \/ Yoast SEO plugin. -->","yoast_head_json":{"title":"Kliinikust - Naistekliinik","robots":{"index":"index","follow":"follow","max-snippet":"max-snippet:-1","max-image-preview":"max-image-preview:large","max-video-preview":"max-video-preview:-1"},"canonical":"https:\/\/www.kliinikum.ee\/naistekliinik\/kliinikust\/","og_locale":"et_EE","og_type":"article","og_title":"Kliinikust - Naistekliinik","og_description":"Naistekliinik: administratsioon SA Tartu \u00dclikooli Kliinikumi naistekliinik osutab teenust Tartus: Ambulatoorsed vastuv\u00f5tud toimuvad aadressitel L. Puusepa 8 G2 ja C...","og_url":"https:\/\/www.kliinikum.ee\/naistekliinik\/kliinikust\/","og_site_name":"Naistekliinik","article_modified_time":"2025-12-17T09:20:18+00:00","twitter_card":"summary_large_image","twitter_misc":{"Est. reading time":"2 minutit"},"schema":{"@context":"https:\/\/schema.org","@graph":[{"@type":"WebPage","@id":"https:\/\/www.kliinikum.ee\/naistekliinik\/kliinikust\/","url":"https:\/\/www.kliinikum.ee\/naistekliinik\/kliinikust\/","name":"Kliinikust - Naistekliinik","isPartOf":{"@id":"https:\/\/www.kliinikum.ee\/naistekliinik\/#website"},"datePublished":"2025-09-09T06:44:19+00:00","dateModified":"2025-12-17T09:20:18+00:00","breadcrumb":{"@id":"https:\/\/www.kliinikum.ee\/naistekliinik\/kliinikust\/#breadcrumb"},"inLanguage":"et","potentialAction":[{"@type":"ReadAction","target":["https:\/\/www.kliinikum.ee\/naistekliinik\/kliinikust\/"]}]},{"@type":"BreadcrumbList","@id":"https:\/\/www.kliinikum.ee\/naistekliinik\/kliinikust\/#breadcrumb","itemListElement":[{"@type":"ListItem","position":1,"name":"Home","item":"https:\/\/www.kliinikum.ee\/naistekliinik\/"},{"@type":"ListItem","position":2,"name":"Kliinikust"}]},{"@type":"WebSite","@id":"https:\/\/www.kliinikum.ee\/naistekliinik\/#website","url":"https:\/\/www.kliinikum.ee\/naistekliinik\/","name":"Naistekliinik","description":"Hoolivus P\u00e4devus Usaldusv\u00e4\u00e4rsus","potentialAction":[{"@type":"SearchAction","target":{"@type":"EntryPoint","urlTemplate":"https:\/\/www.kliinikum.ee\/naistekliinik\/?s={search_term_string}"},"query-input":{"@type":"PropertyValueSpecification","valueRequired":true,"valueName":"search_term_string"}}],"inLanguage":"et"}]}},"coauthors":[],"author_meta":{"author_link":"https:\/\/www.kliinikum.ee\/naistekliinik\/author\/janef\/","display_name":"Jane Freimann"},"relative_dates":{"created":"Posted 7 kuud ago","modified":"Updated 4 kuud ago"},"absolute_dates":{"created":"Posted on 9. sept. 2025","modified":"Updated on 17. dets. 2025"},"absolute_dates_time":{"created":"Posted on 9. sept. 2025 09:44","modified":"Updated on 17. dets. 2025 11:20"},"featured_img_caption":"","featured_img":false,"series_order":"","_links":{"self":[{"href":"https:\/\/www.kliinikum.ee\/naistekliinik\/wp-json\/wp\/v2\/pages\/4034","targetHints":{"allow":["GET"]}}],"collection":[{"href":"https:\/\/www.kliinikum.ee\/naistekliinik\/wp-json\/wp\/v2\/pages"}],"about":[{"href":"https:\/\/www.kliinikum.ee\/naistekliinik\/wp-json\/wp\/v2\/types\/page"}],"author":[{"embeddable":true,"href":"https:\/\/www.kliinikum.ee\/naistekliinik\/wp-json\/wp\/v2\/users\/18"}],"replies":[{"embeddable":true,"href":"https:\/\/www.kliinikum.ee\/naistekliinik\/wp-json\/wp\/v2\/comments?post=4034"}],"version-history":[{"count":0,"href":"https:\/\/www.kliinikum.ee\/naistekliinik\/wp-json\/wp\/v2\/pages\/4034\/revisions"}],"wp:attachment":[{"href":"https:\/\/www.kliinikum.ee\/naistekliinik\/wp-json\/wp\/v2\/media?parent=4034"}],"curies":[{"name":"wp","href":"https:\/\/api.w.org\/{rel}","templated":true}]}}