{"id":528,"date":"2020-09-25T11:14:29","date_gmt":"2020-09-25T08:14:29","guid":{"rendered":"https:\/\/www.kliinikum.ee\/naistekliinik_uus\/?page_id=528"},"modified":"2024-01-06T11:24:18","modified_gmt":"2024-01-06T09:24:18","slug":"miks-osaleda-perekoolis","status":"publish","type":"page","link":"https:\/\/www.kliinikum.ee\/naistekliinik\/perekool\/miks-osaleda-perekoolis\/","title":{"rendered":"Miks osaleda perekoolis?"},"content":{"rendered":"\n<h4 class=\"wp-block-heading wp-el\"><a href=\"https:\/\/app.hopitude.com\/et\/calendar?cl=2231\" target=\"_blank\" rel=\"noreferrer noopener\">Registreerimine loengutele<\/a><\/h4>\n\n\n\n<p class=\"wp-el\"><\/p>\n\n\n\n<p class=\"wp-el\"><\/p>\n\n\n\n<h3 class=\"wp-block-heading wp-el\">Miks osaleda perekoolis?<\/h3>\n\n\n\n<p class=\"wp-el\">Uuemad teadusuuringud kinnitavad, et s\u00fcnnieelne ettevalmistus tagab Sinu ja Sinu partneri parema toimetuleku eesootavate muutustega ja rahulolu s\u00fcnnituskogemusega. S\u00fcsteemne, loogiliselt olulisi teemasid k\u00e4sitlev ja t\u00f5endusp\u00f5hine ettevalmistus, mis sisaldab loenguid, t\u00e4iendavaid \u00fclesandeid ja harjutusi aitab v\u00e4hendada \u00e4revust seoses rasedusega, s\u00fcnnitusega toimetulekul ning lapsevanema rolliga kohanemisel.<\/p>\n\n\n\n<p class=\"wp-el\">Maailm on pidevas muutumises ning koos sellega ka meie. T\u00e4naseni toimunud perekooli loengud on olukorra ja piirkonna tundlikud, kuid noorte perede ettevalmistus oma lapse s\u00fcnniks ning lapsevanemaks kasvamiseks ei tohiks olla piiratud. Lisaks ei taga \u00fcksikute kas ajaliselt v\u00f5i teemadena sobivate loengute k\u00fclastamine terviklikku ettevalmistust uue olukorraga kohanemiseks ja toimetulekuks.<\/p>\n\n\n\n<p class=\"wp-el\">Soovime noori peresid lapseootusajal toetada ning panustada nende ettevalmistusse. Selleks oleme ette valmistanud veebip\u00f5hiseid pakette (kursuseid), mille vahel saab iga lapseootaja oma vajadustest l\u00e4htuvalt valida ning millel saab osaleda endale sobival ajal ning sobivast kohast.<\/p>\n\n\n\n<p class=\"wp-el\">SA Tartu \u00dclikooli Kliinikumi naistekliiniku perekool pakub Teile erinevaid videoloenguid nii pakettidena kui \u00fcksikloengutena, mida viivad l\u00e4bi \u00e4mmaemandad, oma ala parimad asjatundjad. Teile antakse parimad teadmised toimetulekuks sellel huvitaval ja pisut heidutaval eluetapil. Loengutelt saadud teadmistega p\u00fc\u00fcame leevendada Teie hirmu ning anname objektiivse \u00fclevaate meie kliinikus toimuvast leevendamaks Teie hirmu \u00fcksi j\u00e4\u00e4mise ja toimetuleku ees s\u00fcnnitusel.<\/p>\n\n\n\n<h3 class=\"wp-block-heading wp-el\">Miks valida veebis toimuv ja paketip\u00f5hine perekool?<\/h3>\n\n\n\n<p class=\"wp-el\">Kursuste eesm\u00e4rk on tagada, et naistel, s\u00fcnnitajatel ja nende partneritel oleks hea ja kindel arusaam raseduse ja s\u00fcnnituse kulust, et nad saaksid teha teadlikke valikuid. Pakutav pakett \u201eLapseootaja ettevalmistuskursus\u201c ei l\u00f5pe s\u00fcnnituse teemade k\u00e4sitlemisega, vaid valmistab tulevasi vanemaid ette s\u00fcndinud lapse eest hoolitsemiseks ning uue elukorraldusega kohanemiseks.<\/p>\n\n\n\n<p class=\"wp-el\">T\u00f6\u00f6- ja isiklike kohustuste t\u00f5ttu v\u00f5ib olla keeruline leida ajaliselt sobivat perekooli. Veebip\u00f5hine perekool on loodud tulevate vanemate vajadusi arvestavalt, seega saate kursust h\u00f5lpsasti l\u00e4bida Sulle ja Sinu partnerile sobivas tempos, ajal ning kohas.<br><\/p>\n\n\n\n<h3 class=\"wp-block-heading wp-el\">Miks valida perekooli kontakt\u00f5pe?<\/h3>\n\n\n\n<p class=\"wp-el\">Perekooli loengud on traditsiooniliselt olnud teiste lapseootajatega kohtumispaik, et vestelda samas olukorras olevate inimestega, saada soovitusi ja vastuseid, sest teistel paaridel on erinevad vajadused v\u00f5i huvid, mida nad soovivad arutada. <\/p>\n\n\n\n<p class=\"wp-el\">Kliinikumi naistekliiniku perekool pakub peredele v\u00f5imalust osaleda viien\u00e4dalases kontakt\u00f5ppes, mille eesm\u00e4rk on vanemluseks ettevalmistamine. Uuendatud vormiga kontakt\u00f5ppe eesm\u00e4rgiks on pakkuda naistele ja peredele v\u00f5imalust aktiivseks \u00f5ppimiseks. Osalejatel on v\u00f5imalik ka ise teemasid ja murekohti t\u00f5statada, et neid l\u00e4bi kogemuste vahetamise ja t\u00f5endusp\u00f5hise info anal\u00fc\u00fcsida ja arutada. Kontakt\u00f5ppe viie n\u00e4dala jooksul l\u00e4bitakse raseduse aja, vaimse tervise, s\u00fcnni, vasts\u00fcndinu ja uue vanema rolli ning selles toimetulemise teemad.<\/p>\n\n\n\n<p class=\"wp-el\">Meie kursustelt on Sinu jaoks k\u00e4ttesaadav kogu teave, mis on vajalik toimetulekuks ning teadlike valikute tegemiseks. Lisaks on lingid t\u00e4iendavate ressursside juurde, et saaksite soovi korral veelgi p\u00f5hjalikumat teavet hankida.<\/p>\n","protected":false},"excerpt":{"rendered":"<p>Registreerimine loengutele Miks osaleda perekoolis? Uuemad teadusuuringud kinnitavad, et s\u00fcnnieelne ettevalmistus tagab Sinu ja Sinu partneri parema toimetuleku eesootavate muutustega&#8230;<\/p>\n","protected":false},"author":11,"featured_media":0,"parent":421,"menu_order":10,"comment_status":"closed","ping_status":"closed","template":"","meta":{"_acf_changed":false,"inline_featured_image":false,"advgb_blocks_editor_width":"","advgb_blocks_columns_visual_guide":"","footnotes":"","_links_to":"","_links_to_target":""},"class_list":["post-528","page","type-page","status-publish","hentry"],"acf":[],"yoast_head":"<!-- This site is optimized with the Yoast SEO plugin v27.5 - https:\/\/yoast.com\/product\/yoast-seo-wordpress\/ -->\n<title>Miks osaleda perekoolis? - Naistekliinik<\/title>\n<meta name=\"robots\" content=\"index, follow, max-snippet:-1, max-image-preview:large, max-video-preview:-1\" \/>\n<link rel=\"canonical\" href=\"https:\/\/www.kliinikum.ee\/naistekliinik\/perekool\/miks-osaleda-perekoolis\/\" \/>\n<meta property=\"og:locale\" content=\"et_EE\" \/>\n<meta property=\"og:type\" content=\"article\" \/>\n<meta property=\"og:title\" content=\"Miks osaleda perekoolis? - Naistekliinik\" \/>\n<meta property=\"og:description\" content=\"Registreerimine loengutele Miks osaleda perekoolis? Uuemad teadusuuringud kinnitavad, et s\u00fcnnieelne ettevalmistus tagab Sinu ja Sinu partneri parema toimetuleku eesootavate muutustega...\" \/>\n<meta property=\"og:url\" content=\"https:\/\/www.kliinikum.ee\/naistekliinik\/perekool\/miks-osaleda-perekoolis\/\" \/>\n<meta property=\"og:site_name\" content=\"Naistekliinik\" \/>\n<meta property=\"article:modified_time\" content=\"2024-01-06T09:24:18+00:00\" \/>\n<meta name=\"twitter:card\" content=\"summary_large_image\" \/>\n<meta name=\"twitter:label1\" content=\"Est. reading time\" \/>\n\t<meta name=\"twitter:data1\" content=\"3 minutit\" \/>\n<script type=\"application\/ld+json\" class=\"yoast-schema-graph\">{\"@context\":\"https:\\\/\\\/schema.org\",\"@graph\":[{\"@type\":\"WebPage\",\"@id\":\"https:\\\/\\\/www.kliinikum.ee\\\/naistekliinik\\\/perekool\\\/miks-osaleda-perekoolis\\\/\",\"url\":\"https:\\\/\\\/www.kliinikum.ee\\\/naistekliinik\\\/perekool\\\/miks-osaleda-perekoolis\\\/\",\"name\":\"Miks osaleda perekoolis? - Naistekliinik\",\"isPartOf\":{\"@id\":\"https:\\\/\\\/www.kliinikum.ee\\\/naistekliinik\\\/#website\"},\"datePublished\":\"2020-09-25T08:14:29+00:00\",\"dateModified\":\"2024-01-06T09:24:18+00:00\",\"breadcrumb\":{\"@id\":\"https:\\\/\\\/www.kliinikum.ee\\\/naistekliinik\\\/perekool\\\/miks-osaleda-perekoolis\\\/#breadcrumb\"},\"inLanguage\":\"et\",\"potentialAction\":[{\"@type\":\"ReadAction\",\"target\":[\"https:\\\/\\\/www.kliinikum.ee\\\/naistekliinik\\\/perekool\\\/miks-osaleda-perekoolis\\\/\"]}]},{\"@type\":\"BreadcrumbList\",\"@id\":\"https:\\\/\\\/www.kliinikum.ee\\\/naistekliinik\\\/perekool\\\/miks-osaleda-perekoolis\\\/#breadcrumb\",\"itemListElement\":[{\"@type\":\"ListItem\",\"position\":1,\"name\":\"Home\",\"item\":\"https:\\\/\\\/www.kliinikum.ee\\\/naistekliinik\\\/\"},{\"@type\":\"ListItem\",\"position\":2,\"name\":\"Perekool\",\"item\":\"https:\\\/\\\/www.kliinikum.ee\\\/naistekliinik\\\/perekool\\\/\"},{\"@type\":\"ListItem\",\"position\":3,\"name\":\"Miks osaleda perekoolis?\"}]},{\"@type\":\"WebSite\",\"@id\":\"https:\\\/\\\/www.kliinikum.ee\\\/naistekliinik\\\/#website\",\"url\":\"https:\\\/\\\/www.kliinikum.ee\\\/naistekliinik\\\/\",\"name\":\"Naistekliinik\",\"description\":\"Hoolivus P\u00e4devus Usaldusv\u00e4\u00e4rsus\",\"potentialAction\":[{\"@type\":\"SearchAction\",\"target\":{\"@type\":\"EntryPoint\",\"urlTemplate\":\"https:\\\/\\\/www.kliinikum.ee\\\/naistekliinik\\\/?s={search_term_string}\"},\"query-input\":{\"@type\":\"PropertyValueSpecification\",\"valueRequired\":true,\"valueName\":\"search_term_string\"}}],\"inLanguage\":\"et\"}]}<\/script>\n<!-- \/ Yoast SEO plugin. -->","yoast_head_json":{"title":"Miks osaleda perekoolis? - Naistekliinik","robots":{"index":"index","follow":"follow","max-snippet":"max-snippet:-1","max-image-preview":"max-image-preview:large","max-video-preview":"max-video-preview:-1"},"canonical":"https:\/\/www.kliinikum.ee\/naistekliinik\/perekool\/miks-osaleda-perekoolis\/","og_locale":"et_EE","og_type":"article","og_title":"Miks osaleda perekoolis? - Naistekliinik","og_description":"Registreerimine loengutele Miks osaleda perekoolis? Uuemad teadusuuringud kinnitavad, et s\u00fcnnieelne ettevalmistus tagab Sinu ja Sinu partneri parema toimetuleku eesootavate muutustega...","og_url":"https:\/\/www.kliinikum.ee\/naistekliinik\/perekool\/miks-osaleda-perekoolis\/","og_site_name":"Naistekliinik","article_modified_time":"2024-01-06T09:24:18+00:00","twitter_card":"summary_large_image","twitter_misc":{"Est. reading time":"3 minutit"},"schema":{"@context":"https:\/\/schema.org","@graph":[{"@type":"WebPage","@id":"https:\/\/www.kliinikum.ee\/naistekliinik\/perekool\/miks-osaleda-perekoolis\/","url":"https:\/\/www.kliinikum.ee\/naistekliinik\/perekool\/miks-osaleda-perekoolis\/","name":"Miks osaleda perekoolis? - Naistekliinik","isPartOf":{"@id":"https:\/\/www.kliinikum.ee\/naistekliinik\/#website"},"datePublished":"2020-09-25T08:14:29+00:00","dateModified":"2024-01-06T09:24:18+00:00","breadcrumb":{"@id":"https:\/\/www.kliinikum.ee\/naistekliinik\/perekool\/miks-osaleda-perekoolis\/#breadcrumb"},"inLanguage":"et","potentialAction":[{"@type":"ReadAction","target":["https:\/\/www.kliinikum.ee\/naistekliinik\/perekool\/miks-osaleda-perekoolis\/"]}]},{"@type":"BreadcrumbList","@id":"https:\/\/www.kliinikum.ee\/naistekliinik\/perekool\/miks-osaleda-perekoolis\/#breadcrumb","itemListElement":[{"@type":"ListItem","position":1,"name":"Home","item":"https:\/\/www.kliinikum.ee\/naistekliinik\/"},{"@type":"ListItem","position":2,"name":"Perekool","item":"https:\/\/www.kliinikum.ee\/naistekliinik\/perekool\/"},{"@type":"ListItem","position":3,"name":"Miks osaleda perekoolis?"}]},{"@type":"WebSite","@id":"https:\/\/www.kliinikum.ee\/naistekliinik\/#website","url":"https:\/\/www.kliinikum.ee\/naistekliinik\/","name":"Naistekliinik","description":"Hoolivus P\u00e4devus Usaldusv\u00e4\u00e4rsus","potentialAction":[{"@type":"SearchAction","target":{"@type":"EntryPoint","urlTemplate":"https:\/\/www.kliinikum.ee\/naistekliinik\/?s={search_term_string}"},"query-input":{"@type":"PropertyValueSpecification","valueRequired":true,"valueName":"search_term_string"}}],"inLanguage":"et"}]}},"coauthors":[],"author_meta":{"author_link":"https:\/\/www.kliinikum.ee\/naistekliinik\/author\/haldur\/","display_name":"Haldur"},"relative_dates":{"created":"Posted 6 aastat ago","modified":"Updated 2 aastat ago"},"absolute_dates":{"created":"Posted on 25. sept. 2020","modified":"Updated on 6. jaan. 2024"},"absolute_dates_time":{"created":"Posted on 25. sept. 2020 11:14","modified":"Updated on 6. jaan. 2024 11:24"},"featured_img_caption":"","featured_img":false,"series_order":"","_links":{"self":[{"href":"https:\/\/www.kliinikum.ee\/naistekliinik\/wp-json\/wp\/v2\/pages\/528","targetHints":{"allow":["GET"]}}],"collection":[{"href":"https:\/\/www.kliinikum.ee\/naistekliinik\/wp-json\/wp\/v2\/pages"}],"about":[{"href":"https:\/\/www.kliinikum.ee\/naistekliinik\/wp-json\/wp\/v2\/types\/page"}],"author":[{"embeddable":true,"href":"https:\/\/www.kliinikum.ee\/naistekliinik\/wp-json\/wp\/v2\/users\/11"}],"replies":[{"embeddable":true,"href":"https:\/\/www.kliinikum.ee\/naistekliinik\/wp-json\/wp\/v2\/comments?post=528"}],"version-history":[{"count":0,"href":"https:\/\/www.kliinikum.ee\/naistekliinik\/wp-json\/wp\/v2\/pages\/528\/revisions"}],"up":[{"embeddable":true,"href":"https:\/\/www.kliinikum.ee\/naistekliinik\/wp-json\/wp\/v2\/pages\/421"}],"wp:attachment":[{"href":"https:\/\/www.kliinikum.ee\/naistekliinik\/wp-json\/wp\/v2\/media?parent=528"}],"curies":[{"name":"wp","href":"https:\/\/api.w.org\/{rel}","templated":true}]}}