{"id":533,"date":"2020-09-25T11:30:19","date_gmt":"2020-09-25T08:30:19","guid":{"rendered":"https:\/\/www.kliinikum.ee\/naistekliinik_uus\/?page_id=533"},"modified":"2021-01-12T16:18:18","modified_gmt":"2021-01-12T14:18:18","slug":"kuidas-teha-valikuid","status":"publish","type":"page","link":"https:\/\/www.kliinikum.ee\/naistekliinik\/perekool\/kuidas-teha-valikuid\/","title":{"rendered":"Kuidas teha valikuid?"},"content":{"rendered":"\n<ul class=\"wp-el wp-block-list\"><li>Kui ootad perre oma esimest last, siis soovitame valida paketi&nbsp;<strong>\u201cLapseootaja ettevalmistuskursus\u201d<\/strong>, milles k\u00e4sitleme lapseootusaja olulisi teemasid alustades rasedusega kohanemisest kuni s\u00fcnnitusj\u00e4rgse aja ning vasts\u00fcndinu hoolduse ja toitmise soovitusteni. <strong>Kursuse l\u00f5petamise j\u00e4rgselt<\/strong>&nbsp;oled teadlik, kus ja kuidas Sa eelistaksid s\u00fcnnitada, teades samas, et positiivne s\u00fcnnituskogemus ei ole alati seotud s\u00fcnnituse kuluga. Tunned end kindlalt teades, et Sul on kogu vajalik teave teadlike valikute tegemiseks. Oled varustatud praktilise teabe, soovituste ja n\u00e4pun\u00e4idetega, mis k\u00f5ik toetavad Sinu kohanemist ja toimetulekut uute olukordadega. Tunned end oma lapse eest hoolitsemisel rahulikult ja kindlalt, omades suurep\u00e4raseid teadmisi imetamise kohta ja olles teadlik vasts\u00fcndinu f\u00fcsioloogilistest ja k\u00e4itumuslikest erip\u00e4radest ja hooldusv\u00f5tetest.<\/li><li>Kui oled korduvs\u00fcnnitaja ning soovid saada lisainformatsiooni rasedusaegsest toitumisest, eluviisidest ja intiimh\u00fcgieenist, siis soovitame paketti&nbsp;<strong>\u201eLapseootus\u201c<\/strong>.<\/li><li>Kui tunned, et soovid eelk\u00f5ige keskenduda s\u00fcnnitusega seotud teemadele, siis soovitame valida paketi&nbsp;<strong>\u201cSinu lapse s\u00fcnd\u201c<\/strong>.<\/li><li>S\u00fcnnitusj\u00e4rgset taastumist ja kohanemist uue rolliga k\u00e4sitleb p\u00f5hjalikumalt pakett&nbsp;<strong>\u201eUus algus ja ema kohanemine\u201d<\/strong>.<\/li><li>Vasts\u00fcndinu hoolduse ja erip\u00e4rade tundmiseks ning praktiliste hooldusv\u00f5tete saamiseks soovitame valida paketi&nbsp;<strong>\u201cSinu laps ja tema vajadused\u201d<\/strong>.<\/li><li>Vasts\u00fcndinu toitmise ja imetamisega seotud s\u00fcvendatud teadmiste, juhendamise ja soovituste saamiseks soovitame valida paketi&nbsp;<strong>\u201cVasts\u00fcndinu toit ja toitmine\u201d<\/strong>.<\/li><\/ul>\n\n\n\n<div class=\"wp-block-columns is-layout-flex wp-container-core-columns-is-layout-9d6595d7 wp-block-columns-is-layout-flex\"><\/div>\n\n\n\n<p class=\"wp-el\"><\/p>\n\n\n\n<p class=\"wp-el\"><\/p>\n\n\n\n<h3 class=\"wp-el wp-block-heading\">Mured ja k\u00fcsimused:<\/h3>\n\n\n\n<p class=\"wp-el\">K\u00f5ik perekooli loenguid puudutavad k\u00fcsimused on oodatud:\u00a0<a href=\"mailto:elery.teesalu@kliinikum.ee\">elery.teesalu@kliinikum.ee<\/a><br>Vastame imetamise, vasts\u00fcndinu hoolduse, s\u00fcnnituse, rasedusaegsete vaevuste jt. loengu teemadega haakuvatele k\u00fcsimustele interneti teel 1-4 t\u00f6\u00f6p\u00e4eva jooksul.<\/p>\n","protected":false},"excerpt":{"rendered":"<p>Kui ootad perre oma esimest last, siis soovitame valida paketi&nbsp;\u201cLapseootaja ettevalmistuskursus\u201d, milles k\u00e4sitleme lapseootusaja olulisi teemasid alustades rasedusega kohanemisest kuni&#8230;<\/p>\n","protected":false},"author":11,"featured_media":0,"parent":421,"menu_order":30,"comment_status":"closed","ping_status":"closed","template":"","meta":{"_acf_changed":false,"inline_featured_image":false,"advgb_blocks_editor_width":"","advgb_blocks_columns_visual_guide":"","footnotes":"","_links_to":"","_links_to_target":""},"class_list":["post-533","page","type-page","status-publish","hentry"],"acf":[],"yoast_head":"<!-- This site is optimized with the Yoast SEO plugin v27.5 - https:\/\/yoast.com\/product\/yoast-seo-wordpress\/ -->\n<title>Kuidas teha valikuid? - Naistekliinik<\/title>\n<meta name=\"robots\" content=\"index, follow, max-snippet:-1, max-image-preview:large, max-video-preview:-1\" \/>\n<link rel=\"canonical\" href=\"https:\/\/www.kliinikum.ee\/naistekliinik\/perekool\/kuidas-teha-valikuid\/\" \/>\n<meta property=\"og:locale\" content=\"et_EE\" \/>\n<meta property=\"og:type\" content=\"article\" \/>\n<meta property=\"og:title\" content=\"Kuidas teha valikuid? - Naistekliinik\" \/>\n<meta property=\"og:description\" content=\"Kui ootad perre oma esimest last, siis soovitame valida paketi&nbsp;\u201cLapseootaja ettevalmistuskursus\u201d, milles k\u00e4sitleme lapseootusaja olulisi teemasid alustades rasedusega kohanemisest kuni...\" \/>\n<meta property=\"og:url\" content=\"https:\/\/www.kliinikum.ee\/naistekliinik\/perekool\/kuidas-teha-valikuid\/\" \/>\n<meta property=\"og:site_name\" content=\"Naistekliinik\" \/>\n<meta property=\"article:modified_time\" content=\"2021-01-12T14:18:18+00:00\" \/>\n<meta name=\"twitter:card\" content=\"summary_large_image\" \/>\n<meta name=\"twitter:label1\" content=\"Est. reading time\" \/>\n\t<meta name=\"twitter:data1\" content=\"1 minut\" \/>\n<script type=\"application\/ld+json\" class=\"yoast-schema-graph\">{\"@context\":\"https:\\\/\\\/schema.org\",\"@graph\":[{\"@type\":\"WebPage\",\"@id\":\"https:\\\/\\\/www.kliinikum.ee\\\/naistekliinik\\\/perekool\\\/kuidas-teha-valikuid\\\/\",\"url\":\"https:\\\/\\\/www.kliinikum.ee\\\/naistekliinik\\\/perekool\\\/kuidas-teha-valikuid\\\/\",\"name\":\"Kuidas teha valikuid? - Naistekliinik\",\"isPartOf\":{\"@id\":\"https:\\\/\\\/www.kliinikum.ee\\\/naistekliinik\\\/#website\"},\"datePublished\":\"2020-09-25T08:30:19+00:00\",\"dateModified\":\"2021-01-12T14:18:18+00:00\",\"breadcrumb\":{\"@id\":\"https:\\\/\\\/www.kliinikum.ee\\\/naistekliinik\\\/perekool\\\/kuidas-teha-valikuid\\\/#breadcrumb\"},\"inLanguage\":\"et\",\"potentialAction\":[{\"@type\":\"ReadAction\",\"target\":[\"https:\\\/\\\/www.kliinikum.ee\\\/naistekliinik\\\/perekool\\\/kuidas-teha-valikuid\\\/\"]}]},{\"@type\":\"BreadcrumbList\",\"@id\":\"https:\\\/\\\/www.kliinikum.ee\\\/naistekliinik\\\/perekool\\\/kuidas-teha-valikuid\\\/#breadcrumb\",\"itemListElement\":[{\"@type\":\"ListItem\",\"position\":1,\"name\":\"Home\",\"item\":\"https:\\\/\\\/www.kliinikum.ee\\\/naistekliinik\\\/\"},{\"@type\":\"ListItem\",\"position\":2,\"name\":\"Perekool\",\"item\":\"https:\\\/\\\/www.kliinikum.ee\\\/naistekliinik\\\/perekool\\\/\"},{\"@type\":\"ListItem\",\"position\":3,\"name\":\"Kuidas teha valikuid?\"}]},{\"@type\":\"WebSite\",\"@id\":\"https:\\\/\\\/www.kliinikum.ee\\\/naistekliinik\\\/#website\",\"url\":\"https:\\\/\\\/www.kliinikum.ee\\\/naistekliinik\\\/\",\"name\":\"Naistekliinik\",\"description\":\"Hoolivus P\u00e4devus Usaldusv\u00e4\u00e4rsus\",\"potentialAction\":[{\"@type\":\"SearchAction\",\"target\":{\"@type\":\"EntryPoint\",\"urlTemplate\":\"https:\\\/\\\/www.kliinikum.ee\\\/naistekliinik\\\/?s={search_term_string}\"},\"query-input\":{\"@type\":\"PropertyValueSpecification\",\"valueRequired\":true,\"valueName\":\"search_term_string\"}}],\"inLanguage\":\"et\"}]}<\/script>\n<!-- \/ Yoast SEO plugin. -->","yoast_head_json":{"title":"Kuidas teha valikuid? - Naistekliinik","robots":{"index":"index","follow":"follow","max-snippet":"max-snippet:-1","max-image-preview":"max-image-preview:large","max-video-preview":"max-video-preview:-1"},"canonical":"https:\/\/www.kliinikum.ee\/naistekliinik\/perekool\/kuidas-teha-valikuid\/","og_locale":"et_EE","og_type":"article","og_title":"Kuidas teha valikuid? - Naistekliinik","og_description":"Kui ootad perre oma esimest last, siis soovitame valida paketi&nbsp;\u201cLapseootaja ettevalmistuskursus\u201d, milles k\u00e4sitleme lapseootusaja olulisi teemasid alustades rasedusega kohanemisest kuni...","og_url":"https:\/\/www.kliinikum.ee\/naistekliinik\/perekool\/kuidas-teha-valikuid\/","og_site_name":"Naistekliinik","article_modified_time":"2021-01-12T14:18:18+00:00","twitter_card":"summary_large_image","twitter_misc":{"Est. reading time":"1 minut"},"schema":{"@context":"https:\/\/schema.org","@graph":[{"@type":"WebPage","@id":"https:\/\/www.kliinikum.ee\/naistekliinik\/perekool\/kuidas-teha-valikuid\/","url":"https:\/\/www.kliinikum.ee\/naistekliinik\/perekool\/kuidas-teha-valikuid\/","name":"Kuidas teha valikuid? - Naistekliinik","isPartOf":{"@id":"https:\/\/www.kliinikum.ee\/naistekliinik\/#website"},"datePublished":"2020-09-25T08:30:19+00:00","dateModified":"2021-01-12T14:18:18+00:00","breadcrumb":{"@id":"https:\/\/www.kliinikum.ee\/naistekliinik\/perekool\/kuidas-teha-valikuid\/#breadcrumb"},"inLanguage":"et","potentialAction":[{"@type":"ReadAction","target":["https:\/\/www.kliinikum.ee\/naistekliinik\/perekool\/kuidas-teha-valikuid\/"]}]},{"@type":"BreadcrumbList","@id":"https:\/\/www.kliinikum.ee\/naistekliinik\/perekool\/kuidas-teha-valikuid\/#breadcrumb","itemListElement":[{"@type":"ListItem","position":1,"name":"Home","item":"https:\/\/www.kliinikum.ee\/naistekliinik\/"},{"@type":"ListItem","position":2,"name":"Perekool","item":"https:\/\/www.kliinikum.ee\/naistekliinik\/perekool\/"},{"@type":"ListItem","position":3,"name":"Kuidas teha valikuid?"}]},{"@type":"WebSite","@id":"https:\/\/www.kliinikum.ee\/naistekliinik\/#website","url":"https:\/\/www.kliinikum.ee\/naistekliinik\/","name":"Naistekliinik","description":"Hoolivus P\u00e4devus Usaldusv\u00e4\u00e4rsus","potentialAction":[{"@type":"SearchAction","target":{"@type":"EntryPoint","urlTemplate":"https:\/\/www.kliinikum.ee\/naistekliinik\/?s={search_term_string}"},"query-input":{"@type":"PropertyValueSpecification","valueRequired":true,"valueName":"search_term_string"}}],"inLanguage":"et"}]}},"coauthors":[],"author_meta":{"author_link":"https:\/\/www.kliinikum.ee\/naistekliinik\/author\/haldur\/","display_name":"Haldur"},"relative_dates":{"created":"Posted 6 aastat ago","modified":"Updated 5 aastat ago"},"absolute_dates":{"created":"Posted on 25. sept. 2020","modified":"Updated on 12. jaan. 2021"},"absolute_dates_time":{"created":"Posted on 25. sept. 2020 11:30","modified":"Updated on 12. jaan. 2021 04:18"},"featured_img_caption":"","featured_img":false,"series_order":"","_links":{"self":[{"href":"https:\/\/www.kliinikum.ee\/naistekliinik\/wp-json\/wp\/v2\/pages\/533","targetHints":{"allow":["GET"]}}],"collection":[{"href":"https:\/\/www.kliinikum.ee\/naistekliinik\/wp-json\/wp\/v2\/pages"}],"about":[{"href":"https:\/\/www.kliinikum.ee\/naistekliinik\/wp-json\/wp\/v2\/types\/page"}],"author":[{"embeddable":true,"href":"https:\/\/www.kliinikum.ee\/naistekliinik\/wp-json\/wp\/v2\/users\/11"}],"replies":[{"embeddable":true,"href":"https:\/\/www.kliinikum.ee\/naistekliinik\/wp-json\/wp\/v2\/comments?post=533"}],"version-history":[{"count":0,"href":"https:\/\/www.kliinikum.ee\/naistekliinik\/wp-json\/wp\/v2\/pages\/533\/revisions"}],"up":[{"embeddable":true,"href":"https:\/\/www.kliinikum.ee\/naistekliinik\/wp-json\/wp\/v2\/pages\/421"}],"wp:attachment":[{"href":"https:\/\/www.kliinikum.ee\/naistekliinik\/wp-json\/wp\/v2\/media?parent=533"}],"curies":[{"name":"wp","href":"https:\/\/api.w.org\/{rel}","templated":true}]}}