{"id":554,"date":"2020-10-07T09:04:08","date_gmt":"2020-10-07T06:04:08","guid":{"rendered":"https:\/\/www.kliinikum.ee\/naistekliinik_uus\/?page_id=554"},"modified":"2026-03-30T08:55:58","modified_gmt":"2026-03-30T05:55:58","slug":"endometrioos","status":"publish","type":"page","link":"https:\/\/www.kliinikum.ee\/naistekliinik\/patsiendile\/naistehaigused-ja-protseduurid\/endometrioos\/","title":{"rendered":"Endometrioos"},"content":{"rendered":"\n<div class=\"wp-block-advgb-columns advgb-columns-wrapper\" id=\"advgb-cols-44da0b4b-5fa4-4ba8-a74f-5d0d5ad8ea0c\"><div class=\"advgb-columns-container\"><div class=\"advgb-columns advgb-columns-row advgb-is-mobile advgb-columns-2 layout-12-12 mbl-layout-stacked vgutter-10\">\n<div class=\"wp-block-advgb-column advgb-column\" id=\"advgb-col-0a7ef3fe-27db-403b-ab1a-6b95060014fb\"><div class=\"advgb-column-inner\" style=\"border-style:none;border-width:1px\">\n<table class=\"wp-block-advgb-table advgb-table-frontend\"><tbody><tr><td><strong>MIS ON ENDOMETRIOOS?<\/strong><\/td><\/tr><\/tbody><\/table>\n\n\n\n<figure class=\"wp-block-image size-full\"><img loading=\"lazy\" decoding=\"async\" width=\"783\" height=\"118\" src=\"https:\/\/www.kliinikum.ee\/naistekliinik\/wp-content\/uploads\/2026\/03\/kuvatommis-2026-03-30-085041.png\" alt=\"\" class=\"wp-image-5150\" \/><\/figure>\n\n\n\n<table class=\"wp-block-advgb-table advgb-table-frontend\"><tbody><tr><td>Tavap\u00e4raselt asub emaka limaskest emaka\u00f5\u00f5nes. Endometrioosi korral leidub endomeetriumi kude ka mujal \u2013 sagedamini munasarjades, k\u00f5hukelmel, soole v\u00f5i kusep\u00f5ie pinnal, m\u00f5nikord s\u00fcgavamal kudedes.<\/td><\/tr><tr><td>Endometrioosikolle kasvab ja veritseb iga menstruatsioonits\u00fckliga. Kuna irdunud veri ei saa kehast v\u00e4ljuda, \u00e4rritab see naaberorganeid, tekitab liiteid ja moodustab ts\u00fcste. Iga ts\u00fckliga kahjustus samm-sammult s\u00fcveneb.<\/td><\/tr><tr><td>Endometrioos on eelk\u00f5ige noorte naiste haigus. Kaebused kujunevad v\u00e4lja sagedamini 25\u201335 aasta vanuselt. P\u00e4rilikkusel arvatakse olevat oluline roll \u2013 m\u00f5nel hinnangul kuni pooltel juhtudest. Suurenenud riskiga on t\u00fcdrukud, kellel menstruatsioon algas v\u00e4ga varakult (10\u201311-aastaselt) v\u00f5i kelle ts\u00fckkel on l\u00fchike (alla 28 p\u00e4eva).<\/td><\/tr><tr><td><strong>MILLISED V\u00d5IVAD OLLA KAEBUSED?<\/strong><\/td><\/tr><tr><td>Kuigi endometrioos v\u00f5ib kulgeda s\u00fcmptomiteta, siis kujunevad paljudel patsientidel siiski elukvaliteeti h\u00e4irivad kaebused.<\/td><\/tr><tr><td><strong>Oluline:\u00a0<\/strong>s\u00fcmptomite tugevus ei \u00fchti alati haigus ulatusega.<\/td><\/tr><tr><td>\ud83e\ude78\u00a0<strong>Valulikud menstruatsioonid<\/strong>. Tugevad alak\u00f5huvalud menstruatsiooni ajal, mis h\u00e4irivad t\u00f6\u00f6tamist, koolis k\u00e4imist v\u00f5i muul moel Teie igap\u00e4evaelu.<\/td><\/tr><tr><td>\u26a1\u00a0<strong>Krooniline vaagnavalu<\/strong>. Krooniline valu v\u00f5ib hakata elukvaliteeti h\u00e4irima ka menstruatsiooniv\u00e4lisel ajal v\u00f5i kogu ts\u00fckli v\u00e4ltel.<\/td><\/tr><tr><td>\ud83d\udc9b\u00a0<strong>Valulik sugu\u00fche<\/strong>. Valu vahekorra ajal v\u00f5i j\u00e4rel (d\u00fcspareuunia).<\/td><\/tr><tr><td>\ud83e\udee7\u00a0<strong>Soole- ja p\u00f5iekaebused<\/strong>. Valu v\u00f5i veritsus roojamisel v\u00f5i urineerimisel, eriti menstruatsiooni ajal. Kaasneda v\u00f5ib k\u00f5hupuhitus.<\/td><\/tr><tr><td>\ud83c\udf31\u00a0<strong>Probleemid rasestumisega<\/strong>. Endometrioos v\u00f5ib raskendada rasestumist liidete, munajuhade kahjustuse v\u00f5i p\u00f5letikulise protsessi t\u00f5ttu.<\/td><\/tr><tr><td>\ud83e\udec2\u00a0<strong>Meeleolumuutused<\/strong>. Krooniline valu kurnab ja v\u00f5ib kaasa tuua \u00e4revus- v\u00f5i depressioonis\u00fcmptome, millele tuleb p\u00f6\u00f6rata t\u00e4helepanu raviprotsessi v\u00e4ltel.<\/td><\/tr><\/tbody><\/table>\n<\/div><\/div>\n\n\n\n<div class=\"wp-block-advgb-column advgb-column\" id=\"advgb-col-d756399e-47e5-40de-a59b-375240f8d952\"><div class=\"advgb-column-inner\" style=\"border-style:none;border-width:1px\">\n<table class=\"wp-block-advgb-table advgb-table-frontend\"><tbody><tr><td><strong>KUIDAS ENDOMETRIOOSI DIAGNOOSITAKSE?<\/strong><\/td><\/tr><tr><td>Diagnoosimine algab alati Teie loost \u2013 Teie kaebustest ja murekohtadest. Diagnoosi hilinemine 8\u20139 aastat on kahjuks \u00fclemaailmne probleem, sest kaebused on mitmekesised ja v\u00f5ivad kaasneda muude haigustega.<\/td><\/tr><tr><td>1. <strong>Vastuv\u00f5tt ja kaebuste hindamine<\/strong><br>Arst kuulab \u00e4ra Teie kaebused. Detailne anamneesi kogumine on k\u00f5ige olulisem samm ning t\u00e4nap\u00e4evase endometrioosi diagnoosimise nurgakivi.<\/td><\/tr><tr><td>2. <strong>Ultraheliuuring<\/strong><br>Ultraheliuuringul on v\u00f5imalik hinnata munasarja ts\u00fcste (endometrioom). S\u00fcvaendometrioosi kahtlusel teostatakse t\u00e4psustavad uuringud. Peritoneaalsed kolded ei ole ultrahelis sageli visualiseeritavad.<\/td><\/tr><tr><td>3. <strong>MRT-uuring<\/strong><br>Vajadusel t\u00e4iendatakse uuringuid magnetresonantsuuringul, eriti s\u00fcvaendometrioosi kahtlusel. Oluline on pidada meeles, et nii ultraheli kui ka MRT uuringul kollete mittevisualiseerimine ei v\u00f5rdu haiguse mitteesinemisega.<\/td><\/tr><tr><td>4. <strong>Laparoskoopia<\/strong><br>Organeid m\u00f5jutavate kahjustuste korral v\u00f5ib v\u00f5ib vajalikuks osutuda laparoskoopiline operatsioon. Oluline on meeles pidada, et operatsiooni teel ei l\u00f5igata v\u00e4lja endometrioosi kui haigust, vaid eemaldatakse konkreetsed kolded v\u00f5i liited.<\/td><\/tr><tr><td><strong>KUIDAS ENDOMETRIOOSI RAVITAKSE?<\/strong><\/td><\/tr><tr><td>Endometrioosi ei saa t\u00e4nase teadmise p\u00f5hjal t\u00e4ielikult v\u00e4lja ravida, kuid s\u00fcmptomite leevendamine ja haiguse progresseerumise pidurdamine on ravi peamine eesm\u00e4rk ning erinevate raviskeemidega enamasti v\u00f5imalik. Ravivalik on alati individuaalne \u2013 otsustatakse koos Teiega, arvestades Teie kaebuseid, haiguse ulatust ja rasestumise soovi. Laiemas vaates on ravi eesm\u00e4rk kaebuste v\u00e4hendamisega saavutada elukvaliteedi paranemine.<\/td><\/tr><tr><td>\ud83d\udc8a\u00a0<strong>Valuravi<\/strong>. Endometrioosi kaebuste korral on oluline p\u00f6\u00f6rata t\u00e4helepanu patsiendi valuravile. Valuravi ei ole haiguse kulgu m\u00f5jutav, kuid oluline osa raviplaanist.<\/td><\/tr><tr><td>\ud83d\udc8a\u00a0<strong>Hormonaalne ravi<\/strong>. Hormonaalsed ravimid pidurdavad endomeetriumi kasvu, takistavad kollete edasist arengut ja leevendavad seel\u00e4bi ka valu. Hormonaalne ravi on ainus haiguse progressiooni p\u00e4rssiv ravi.<\/td><\/tr><tr><td>\ud83d\udd2c\u00a0<strong>Operatiivne ravi<\/strong>. Vajadusel rakendatakse haiguskollete lahendamiseks v\u00f5i liidete vabastamiseks kirurgilist ravi.<\/td><\/tr><tr><td>\ud83d\udd04\u00a0<strong>Kombineeritud l\u00e4henemine<\/strong>. Olenevalt haiguse kulust ja kaebustest v\u00f5ib olla vajalik kombineerida nii hormonaalset ravi kui ka kirurgilist ravi.<\/td><\/tr><\/tbody><\/table>\n\n\n\n<figure class=\"wp-block-image size-full\"><img loading=\"lazy\" decoding=\"async\" width=\"780\" height=\"343\" src=\"https:\/\/www.kliinikum.ee\/naistekliinik\/wp-content\/uploads\/2026\/03\/kuvatommis-2026-03-30-085125.png\" alt=\"\" class=\"wp-image-5152\" \/><\/figure>\n\n\n\n<table class=\"wp-block-advgb-table advgb-table-frontend\"><tbody><tr><td><em>Koostaja: Tartu \u00dclikooli Kliinikumi naistekliinik<br>2026<\/em><\/td><\/tr><\/tbody><\/table>\n<\/div><\/div>\n<\/div><\/div><\/div>\n<style class=\"advgb-styles-renderer\">#advgb-col-0a7ef3fe-27db-403b-ab1a-6b95060014fb>.advgb-column-inner{}@media screen and (max-width: 1023px) {#advgb-col-0a7ef3fe-27db-403b-ab1a-6b95060014fb>.advgb-column-inner{}}@media screen and (max-width: 767px) {#advgb-col-0a7ef3fe-27db-403b-ab1a-6b95060014fb>.advgb-column-inner{}}#advgb-col-d756399e-47e5-40de-a59b-375240f8d952>.advgb-column-inner{}@media screen and (max-width: 1023px) {#advgb-col-d756399e-47e5-40de-a59b-375240f8d952>.advgb-column-inner{}}@media screen and (max-width: 767px) {#advgb-col-d756399e-47e5-40de-a59b-375240f8d952>.advgb-column-inner{}}#advgb-cols-44da0b4b-5fa4-4ba8-a74f-5d0d5ad8ea0c{}@media screen and (max-width: 1023px) {#advgb-cols-44da0b4b-5fa4-4ba8-a74f-5d0d5ad8ea0c{}}@media screen and (max-width: 767px) {#advgb-cols-44da0b4b-5fa4-4ba8-a74f-5d0d5ad8ea0c{}}#advgb-col-0a7ef3fe-27db-403b-ab1a-6b95060014fb>.advgb-column-inner{}@media screen and (max-width: 1023px) {#advgb-col-0a7ef3fe-27db-403b-ab1a-6b95060014fb>.advgb-column-inner{}}@media screen and (max-width: 767px) {#advgb-col-0a7ef3fe-27db-403b-ab1a-6b95060014fb>.advgb-column-inner{}}#advgb-col-d756399e-47e5-40de-a59b-375240f8d952>.advgb-column-inner{}@media screen and (max-width: 1023px) {#advgb-col-d756399e-47e5-40de-a59b-375240f8d952>.advgb-column-inner{}}@media screen and (max-width: 767px) {#advgb-col-d756399e-47e5-40de-a59b-375240f8d952>.advgb-column-inner{}}<\/style>","protected":false},"excerpt":{"rendered":"","protected":false},"author":11,"featured_media":0,"parent":514,"menu_order":30,"comment_status":"closed","ping_status":"closed","template":"","meta":{"_acf_changed":false,"inline_featured_image":false,"advgb_blocks_editor_width":"","advgb_blocks_columns_visual_guide":"","footnotes":"","_links_to":"","_links_to_target":""},"class_list":["post-554","page","type-page","status-publish","hentry"],"acf":[],"yoast_head":"<!-- This site is optimized with the Yoast SEO plugin v27.5 - https:\/\/yoast.com\/product\/yoast-seo-wordpress\/ -->\n<title>Endometrioos - Naistekliinik<\/title>\n<meta name=\"robots\" content=\"index, follow, max-snippet:-1, max-image-preview:large, max-video-preview:-1\" \/>\n<link rel=\"canonical\" href=\"https:\/\/www.kliinikum.ee\/naistekliinik\/patsiendile\/naistehaigused-ja-protseduurid\/endometrioos\/\" \/>\n<meta property=\"og:locale\" content=\"et_EE\" \/>\n<meta property=\"og:type\" content=\"article\" \/>\n<meta property=\"og:title\" content=\"Endometrioos - Naistekliinik\" \/>\n<meta property=\"og:url\" content=\"https:\/\/www.kliinikum.ee\/naistekliinik\/patsiendile\/naistehaigused-ja-protseduurid\/endometrioos\/\" \/>\n<meta property=\"og:site_name\" content=\"Naistekliinik\" \/>\n<meta property=\"article:modified_time\" content=\"2026-03-30T05:55:58+00:00\" \/>\n<meta property=\"og:image\" content=\"https:\/\/www.kliinikum.ee\/naistekliinik\/wp-content\/uploads\/2026\/03\/kuvatommis-2026-03-30-085041.png\" \/>\n\t<meta property=\"og:image:width\" content=\"783\" \/>\n\t<meta property=\"og:image:height\" content=\"118\" \/>\n\t<meta property=\"og:image:type\" content=\"image\/png\" \/>\n<meta name=\"twitter:card\" content=\"summary_large_image\" \/>\n<meta name=\"twitter:label1\" content=\"Est. reading time\" \/>\n\t<meta name=\"twitter:data1\" content=\"3 minutit\" \/>\n<script type=\"application\/ld+json\" class=\"yoast-schema-graph\">{\"@context\":\"https:\\\/\\\/schema.org\",\"@graph\":[{\"@type\":\"WebPage\",\"@id\":\"https:\\\/\\\/www.kliinikum.ee\\\/naistekliinik\\\/patsiendile\\\/naistehaigused-ja-protseduurid\\\/endometrioos\\\/\",\"url\":\"https:\\\/\\\/www.kliinikum.ee\\\/naistekliinik\\\/patsiendile\\\/naistehaigused-ja-protseduurid\\\/endometrioos\\\/\",\"name\":\"Endometrioos - Naistekliinik\",\"isPartOf\":{\"@id\":\"https:\\\/\\\/www.kliinikum.ee\\\/naistekliinik\\\/#website\"},\"primaryImageOfPage\":{\"@id\":\"https:\\\/\\\/www.kliinikum.ee\\\/naistekliinik\\\/patsiendile\\\/naistehaigused-ja-protseduurid\\\/endometrioos\\\/#primaryimage\"},\"image\":{\"@id\":\"https:\\\/\\\/www.kliinikum.ee\\\/naistekliinik\\\/patsiendile\\\/naistehaigused-ja-protseduurid\\\/endometrioos\\\/#primaryimage\"},\"thumbnailUrl\":\"https:\\\/\\\/www.kliinikum.ee\\\/naistekliinik\\\/wp-content\\\/uploads\\\/2026\\\/03\\\/kuvatommis-2026-03-30-085041.png\",\"datePublished\":\"2020-10-07T06:04:08+00:00\",\"dateModified\":\"2026-03-30T05:55:58+00:00\",\"breadcrumb\":{\"@id\":\"https:\\\/\\\/www.kliinikum.ee\\\/naistekliinik\\\/patsiendile\\\/naistehaigused-ja-protseduurid\\\/endometrioos\\\/#breadcrumb\"},\"inLanguage\":\"et\",\"potentialAction\":[{\"@type\":\"ReadAction\",\"target\":[\"https:\\\/\\\/www.kliinikum.ee\\\/naistekliinik\\\/patsiendile\\\/naistehaigused-ja-protseduurid\\\/endometrioos\\\/\"]}]},{\"@type\":\"ImageObject\",\"inLanguage\":\"et\",\"@id\":\"https:\\\/\\\/www.kliinikum.ee\\\/naistekliinik\\\/patsiendile\\\/naistehaigused-ja-protseduurid\\\/endometrioos\\\/#primaryimage\",\"url\":\"https:\\\/\\\/www.kliinikum.ee\\\/naistekliinik\\\/wp-content\\\/uploads\\\/2026\\\/03\\\/kuvatommis-2026-03-30-085041.png\",\"contentUrl\":\"https:\\\/\\\/www.kliinikum.ee\\\/naistekliinik\\\/wp-content\\\/uploads\\\/2026\\\/03\\\/kuvatommis-2026-03-30-085041.png\",\"width\":783,\"height\":118},{\"@type\":\"BreadcrumbList\",\"@id\":\"https:\\\/\\\/www.kliinikum.ee\\\/naistekliinik\\\/patsiendile\\\/naistehaigused-ja-protseduurid\\\/endometrioos\\\/#breadcrumb\",\"itemListElement\":[{\"@type\":\"ListItem\",\"position\":1,\"name\":\"Home\",\"item\":\"https:\\\/\\\/www.kliinikum.ee\\\/naistekliinik\\\/\"},{\"@type\":\"ListItem\",\"position\":2,\"name\":\"Patsiendile\",\"item\":\"https:\\\/\\\/www.kliinikum.ee\\\/naistekliinik\\\/patsiendile\\\/\"},{\"@type\":\"ListItem\",\"position\":3,\"name\":\"Naistehaigused ja protseduurid\",\"item\":\"https:\\\/\\\/www.kliinikum.ee\\\/naistekliinik\\\/patsiendile\\\/naistehaigused-ja-protseduurid\\\/\"},{\"@type\":\"ListItem\",\"position\":4,\"name\":\"Endometrioos\"}]},{\"@type\":\"WebSite\",\"@id\":\"https:\\\/\\\/www.kliinikum.ee\\\/naistekliinik\\\/#website\",\"url\":\"https:\\\/\\\/www.kliinikum.ee\\\/naistekliinik\\\/\",\"name\":\"Naistekliinik\",\"description\":\"Hoolivus P\u00e4devus Usaldusv\u00e4\u00e4rsus\",\"potentialAction\":[{\"@type\":\"SearchAction\",\"target\":{\"@type\":\"EntryPoint\",\"urlTemplate\":\"https:\\\/\\\/www.kliinikum.ee\\\/naistekliinik\\\/?s={search_term_string}\"},\"query-input\":{\"@type\":\"PropertyValueSpecification\",\"valueRequired\":true,\"valueName\":\"search_term_string\"}}],\"inLanguage\":\"et\"}]}<\/script>\n<!-- \/ Yoast SEO plugin. -->","yoast_head_json":{"title":"Endometrioos - Naistekliinik","robots":{"index":"index","follow":"follow","max-snippet":"max-snippet:-1","max-image-preview":"max-image-preview:large","max-video-preview":"max-video-preview:-1"},"canonical":"https:\/\/www.kliinikum.ee\/naistekliinik\/patsiendile\/naistehaigused-ja-protseduurid\/endometrioos\/","og_locale":"et_EE","og_type":"article","og_title":"Endometrioos - Naistekliinik","og_url":"https:\/\/www.kliinikum.ee\/naistekliinik\/patsiendile\/naistehaigused-ja-protseduurid\/endometrioos\/","og_site_name":"Naistekliinik","article_modified_time":"2026-03-30T05:55:58+00:00","og_image":[{"width":783,"height":118,"url":"https:\/\/www.kliinikum.ee\/naistekliinik\/wp-content\/uploads\/2026\/03\/kuvatommis-2026-03-30-085041.png","type":"image\/png"}],"twitter_card":"summary_large_image","twitter_misc":{"Est. reading time":"3 minutit"},"schema":{"@context":"https:\/\/schema.org","@graph":[{"@type":"WebPage","@id":"https:\/\/www.kliinikum.ee\/naistekliinik\/patsiendile\/naistehaigused-ja-protseduurid\/endometrioos\/","url":"https:\/\/www.kliinikum.ee\/naistekliinik\/patsiendile\/naistehaigused-ja-protseduurid\/endometrioos\/","name":"Endometrioos - Naistekliinik","isPartOf":{"@id":"https:\/\/www.kliinikum.ee\/naistekliinik\/#website"},"primaryImageOfPage":{"@id":"https:\/\/www.kliinikum.ee\/naistekliinik\/patsiendile\/naistehaigused-ja-protseduurid\/endometrioos\/#primaryimage"},"image":{"@id":"https:\/\/www.kliinikum.ee\/naistekliinik\/patsiendile\/naistehaigused-ja-protseduurid\/endometrioos\/#primaryimage"},"thumbnailUrl":"https:\/\/www.kliinikum.ee\/naistekliinik\/wp-content\/uploads\/2026\/03\/kuvatommis-2026-03-30-085041.png","datePublished":"2020-10-07T06:04:08+00:00","dateModified":"2026-03-30T05:55:58+00:00","breadcrumb":{"@id":"https:\/\/www.kliinikum.ee\/naistekliinik\/patsiendile\/naistehaigused-ja-protseduurid\/endometrioos\/#breadcrumb"},"inLanguage":"et","potentialAction":[{"@type":"ReadAction","target":["https:\/\/www.kliinikum.ee\/naistekliinik\/patsiendile\/naistehaigused-ja-protseduurid\/endometrioos\/"]}]},{"@type":"ImageObject","inLanguage":"et","@id":"https:\/\/www.kliinikum.ee\/naistekliinik\/patsiendile\/naistehaigused-ja-protseduurid\/endometrioos\/#primaryimage","url":"https:\/\/www.kliinikum.ee\/naistekliinik\/wp-content\/uploads\/2026\/03\/kuvatommis-2026-03-30-085041.png","contentUrl":"https:\/\/www.kliinikum.ee\/naistekliinik\/wp-content\/uploads\/2026\/03\/kuvatommis-2026-03-30-085041.png","width":783,"height":118},{"@type":"BreadcrumbList","@id":"https:\/\/www.kliinikum.ee\/naistekliinik\/patsiendile\/naistehaigused-ja-protseduurid\/endometrioos\/#breadcrumb","itemListElement":[{"@type":"ListItem","position":1,"name":"Home","item":"https:\/\/www.kliinikum.ee\/naistekliinik\/"},{"@type":"ListItem","position":2,"name":"Patsiendile","item":"https:\/\/www.kliinikum.ee\/naistekliinik\/patsiendile\/"},{"@type":"ListItem","position":3,"name":"Naistehaigused ja protseduurid","item":"https:\/\/www.kliinikum.ee\/naistekliinik\/patsiendile\/naistehaigused-ja-protseduurid\/"},{"@type":"ListItem","position":4,"name":"Endometrioos"}]},{"@type":"WebSite","@id":"https:\/\/www.kliinikum.ee\/naistekliinik\/#website","url":"https:\/\/www.kliinikum.ee\/naistekliinik\/","name":"Naistekliinik","description":"Hoolivus P\u00e4devus Usaldusv\u00e4\u00e4rsus","potentialAction":[{"@type":"SearchAction","target":{"@type":"EntryPoint","urlTemplate":"https:\/\/www.kliinikum.ee\/naistekliinik\/?s={search_term_string}"},"query-input":{"@type":"PropertyValueSpecification","valueRequired":true,"valueName":"search_term_string"}}],"inLanguage":"et"}]}},"coauthors":[],"author_meta":{"author_link":"https:\/\/www.kliinikum.ee\/naistekliinik\/author\/haldur\/","display_name":"Haldur"},"relative_dates":{"created":"Posted 6 aastat ago","modified":"Updated 1 kuu ago"},"absolute_dates":{"created":"Posted on 7. okt. 2020","modified":"Updated on 30. m\u00e4rts 2026"},"absolute_dates_time":{"created":"Posted on 7. okt. 2020 09:04","modified":"Updated on 30. m\u00e4rts 2026 08:55"},"featured_img_caption":"","featured_img":false,"series_order":"","_links":{"self":[{"href":"https:\/\/www.kliinikum.ee\/naistekliinik\/wp-json\/wp\/v2\/pages\/554","targetHints":{"allow":["GET"]}}],"collection":[{"href":"https:\/\/www.kliinikum.ee\/naistekliinik\/wp-json\/wp\/v2\/pages"}],"about":[{"href":"https:\/\/www.kliinikum.ee\/naistekliinik\/wp-json\/wp\/v2\/types\/page"}],"author":[{"embeddable":true,"href":"https:\/\/www.kliinikum.ee\/naistekliinik\/wp-json\/wp\/v2\/users\/11"}],"replies":[{"embeddable":true,"href":"https:\/\/www.kliinikum.ee\/naistekliinik\/wp-json\/wp\/v2\/comments?post=554"}],"version-history":[{"count":0,"href":"https:\/\/www.kliinikum.ee\/naistekliinik\/wp-json\/wp\/v2\/pages\/554\/revisions"}],"up":[{"embeddable":true,"href":"https:\/\/www.kliinikum.ee\/naistekliinik\/wp-json\/wp\/v2\/pages\/514"}],"wp:attachment":[{"href":"https:\/\/www.kliinikum.ee\/naistekliinik\/wp-json\/wp\/v2\/media?parent=554"}],"curies":[{"name":"wp","href":"https:\/\/api.w.org\/{rel}","templated":true}]}}