{"id":558,"date":"2020-10-07T09:05:30","date_gmt":"2020-10-07T06:05:30","guid":{"rendered":"https:\/\/www.kliinikum.ee\/naistekliinik_uus\/?page_id=558"},"modified":"2020-10-07T09:05:31","modified_gmt":"2020-10-07T06:05:31","slug":"mukoplasmoos-ja-ureaplasmoos","status":"publish","type":"page","link":"https:\/\/www.kliinikum.ee\/naistekliinik\/patsiendile\/naistehaigused-ja-protseduurid\/mukoplasmoos-ja-ureaplasmoos\/","title":{"rendered":"M\u00fckoplasmoos ja ureaplasmoos"},"content":{"rendered":"\n<p class=\"wp-el\">M\u00fckoplasmad ja ureaplasmad koloniseerivad sageli kuse- ja suguelundite limaskesti, olles nende mikroobikoosluse \u00fcheks osaks. Siia kuuluvad sellised mikroobid nagu Mycoplasma hominis, Mycoplasma genitalium, Ureaplasma urealyticum jt. Ureaplasma ja m\u00fckoplasmade patogeensust on palju uuritud ja selle teemal palju diskuteeritud, kuid siiski on sugulisel teel levivaks ja ravi vajavaks t\u00fc\u00fcbiks loetud vaid \u00fchte \u2013 Mycoplasma genitaliumi liiki.<br>M\u00fckoplasmasid ja ureaplasmasid leitakse haiguslike seisunditega inimestel rohkem kui tervetel, kuid p\u00f5hjuslik seos haiguse tekitamisega ei ole siiski alati kindel. On leitud, et normaalsetel tervetel naistest esineb 60% Ureaplasma urealyticumi kandlus ja 20% naistest Mycoplasma hominise kandlus.<br>Haigust tekitavat rolli v\u00f5ib soodustada m\u00fckoplasmade ja ureaplasmade kontsentratsiooni suurenemine ja tavap\u00e4rase mikrofloora h\u00e4irumine.<\/p>\n\n\n\n<p class=\"wp-el\"><strong>Haiguse avaldumine<br><\/strong>Haigus v\u00f5ib p\u00f5hjustada kuseteedep\u00f5letikku, emakakaela ja v\u00e4ike vaagna sisemiste suguelundite p\u00f5letikku, mis avaldub rohkenenud eritisena suguteedest, urineerimish\u00e4iretena, k\u00f5huvaludena, sugueluh\u00e4iretena.<br>M\u00fckoplasmooside esinemine raseduse ajal soodustab riski platsenta infektsiooniks ja enneaegseks s\u00fcnnituseks, samuti on t\u00f5usnud risk s\u00fcnnitusj\u00e4rgse infektsiooni tekkeks.<br>Tavapatsienti, kellel kaebusi ei esine, reeglina ei ravita, taktika on siiski igal konkreetsel juhul individuaalne.<br>Meestel v\u00f5ib esineda kusitip\u00f5letikku, eesn\u00e4\u00e4rme ja munandite ning munandimanuste p\u00f5letikku.<\/p>\n\n\n\n<p class=\"wp-el\"><strong>Diagnoosimine<\/strong><br>Arst diagnoosib haigust emakakaelast v\u00f5i kusitist v\u00f5etud anal\u00fc\u00fcsi alusel. Arst v\u00f5ib n\u00e4ha emakakaela punetust, suurenenud voolust, kontaktveritsust peale anal\u00fc\u00fcsi v\u00f5tmist.<\/p>\n\n\n\n<p class=\"wp-el\"><strong>Ravi<\/strong><br>Kaebustega v\u00f5i riskigrupi patsiente ravitakse tavaliselt koos partneriga, kuna mikroobid kanduvad sugulisel teel \u00fchelt partnerilt teisele. Klassikaliseks suguhaiguseks <em>Ureaplama urealitycumi<\/em> ja <em>Mykoplasma hominise<\/em> infektsiooni siiski ei peeta.<br>Ravitakse antibiootikumidega, ravikuuri pikkus v\u00f5ib olla 10 p\u00e4eva. Ravi ajal on soovitav vahekordadest loobuda, kuna partnerite ravile tundlikkus v\u00f5ib olla erinev ning ravire\u017eiimi rikkumine v\u00f5ib soodustada taasnakatumist.<br>Kui ka peale ravikuuri ureaplasma v\u00f5i m\u00fckoplasma j\u00e4\u00e4b anal\u00fc\u00fcsis positiivseks, kuulub ta selle inimese normaalse mikroobi koosluse hulka ning kaebuste p\u00fcsimisel tasub pigem uurida muid v\u00f5imalikke p\u00f5hjuseid.<\/p>\n","protected":false},"excerpt":{"rendered":"<p>M\u00fckoplasmad ja ureaplasmad koloniseerivad sageli kuse- ja suguelundite limaskesti, olles nende mikroobikoosluse \u00fcheks osaks. Siia kuuluvad sellised mikroobid nagu Mycoplasma&#8230;<\/p>\n","protected":false},"author":11,"featured_media":0,"parent":514,"menu_order":50,"comment_status":"closed","ping_status":"closed","template":"","meta":{"_acf_changed":false,"inline_featured_image":false,"advgb_blocks_editor_width":"","advgb_blocks_columns_visual_guide":"","footnotes":"","_links_to":"","_links_to_target":""},"class_list":["post-558","page","type-page","status-publish","hentry"],"acf":[],"yoast_head":"<!-- This site is optimized with the Yoast SEO plugin v27.5 - https:\/\/yoast.com\/product\/yoast-seo-wordpress\/ -->\n<title>M\u00fckoplasmoos ja ureaplasmoos - Naistekliinik<\/title>\n<meta name=\"robots\" content=\"index, follow, max-snippet:-1, max-image-preview:large, max-video-preview:-1\" \/>\n<link rel=\"canonical\" href=\"https:\/\/www.kliinikum.ee\/naistekliinik\/patsiendile\/naistehaigused-ja-protseduurid\/mukoplasmoos-ja-ureaplasmoos\/\" \/>\n<meta property=\"og:locale\" content=\"et_EE\" \/>\n<meta property=\"og:type\" content=\"article\" \/>\n<meta property=\"og:title\" content=\"M\u00fckoplasmoos ja ureaplasmoos - Naistekliinik\" \/>\n<meta property=\"og:description\" content=\"M\u00fckoplasmad ja ureaplasmad koloniseerivad sageli kuse- ja suguelundite limaskesti, olles nende mikroobikoosluse \u00fcheks osaks. Siia kuuluvad sellised mikroobid nagu Mycoplasma...\" \/>\n<meta property=\"og:url\" content=\"https:\/\/www.kliinikum.ee\/naistekliinik\/patsiendile\/naistehaigused-ja-protseduurid\/mukoplasmoos-ja-ureaplasmoos\/\" \/>\n<meta property=\"og:site_name\" content=\"Naistekliinik\" \/>\n<meta property=\"article:modified_time\" content=\"2020-10-07T06:05:31+00:00\" \/>\n<meta name=\"twitter:card\" content=\"summary_large_image\" \/>\n<meta name=\"twitter:label1\" content=\"Est. reading time\" \/>\n\t<meta name=\"twitter:data1\" content=\"2 minutit\" \/>\n<script type=\"application\/ld+json\" class=\"yoast-schema-graph\">{\"@context\":\"https:\\\/\\\/schema.org\",\"@graph\":[{\"@type\":\"WebPage\",\"@id\":\"https:\\\/\\\/www.kliinikum.ee\\\/naistekliinik\\\/patsiendile\\\/naistehaigused-ja-protseduurid\\\/mukoplasmoos-ja-ureaplasmoos\\\/\",\"url\":\"https:\\\/\\\/www.kliinikum.ee\\\/naistekliinik\\\/patsiendile\\\/naistehaigused-ja-protseduurid\\\/mukoplasmoos-ja-ureaplasmoos\\\/\",\"name\":\"M\u00fckoplasmoos ja ureaplasmoos - Naistekliinik\",\"isPartOf\":{\"@id\":\"https:\\\/\\\/www.kliinikum.ee\\\/naistekliinik\\\/#website\"},\"datePublished\":\"2020-10-07T06:05:30+00:00\",\"dateModified\":\"2020-10-07T06:05:31+00:00\",\"breadcrumb\":{\"@id\":\"https:\\\/\\\/www.kliinikum.ee\\\/naistekliinik\\\/patsiendile\\\/naistehaigused-ja-protseduurid\\\/mukoplasmoos-ja-ureaplasmoos\\\/#breadcrumb\"},\"inLanguage\":\"et\",\"potentialAction\":[{\"@type\":\"ReadAction\",\"target\":[\"https:\\\/\\\/www.kliinikum.ee\\\/naistekliinik\\\/patsiendile\\\/naistehaigused-ja-protseduurid\\\/mukoplasmoos-ja-ureaplasmoos\\\/\"]}]},{\"@type\":\"BreadcrumbList\",\"@id\":\"https:\\\/\\\/www.kliinikum.ee\\\/naistekliinik\\\/patsiendile\\\/naistehaigused-ja-protseduurid\\\/mukoplasmoos-ja-ureaplasmoos\\\/#breadcrumb\",\"itemListElement\":[{\"@type\":\"ListItem\",\"position\":1,\"name\":\"Home\",\"item\":\"https:\\\/\\\/www.kliinikum.ee\\\/naistekliinik\\\/\"},{\"@type\":\"ListItem\",\"position\":2,\"name\":\"Patsiendile\",\"item\":\"https:\\\/\\\/www.kliinikum.ee\\\/naistekliinik\\\/patsiendile\\\/\"},{\"@type\":\"ListItem\",\"position\":3,\"name\":\"Naistehaigused ja protseduurid\",\"item\":\"https:\\\/\\\/www.kliinikum.ee\\\/naistekliinik\\\/patsiendile\\\/naistehaigused-ja-protseduurid\\\/\"},{\"@type\":\"ListItem\",\"position\":4,\"name\":\"M\u00fckoplasmoos ja ureaplasmoos\"}]},{\"@type\":\"WebSite\",\"@id\":\"https:\\\/\\\/www.kliinikum.ee\\\/naistekliinik\\\/#website\",\"url\":\"https:\\\/\\\/www.kliinikum.ee\\\/naistekliinik\\\/\",\"name\":\"Naistekliinik\",\"description\":\"Hoolivus P\u00e4devus Usaldusv\u00e4\u00e4rsus\",\"potentialAction\":[{\"@type\":\"SearchAction\",\"target\":{\"@type\":\"EntryPoint\",\"urlTemplate\":\"https:\\\/\\\/www.kliinikum.ee\\\/naistekliinik\\\/?s={search_term_string}\"},\"query-input\":{\"@type\":\"PropertyValueSpecification\",\"valueRequired\":true,\"valueName\":\"search_term_string\"}}],\"inLanguage\":\"et\"}]}<\/script>\n<!-- \/ Yoast SEO plugin. -->","yoast_head_json":{"title":"M\u00fckoplasmoos ja ureaplasmoos - Naistekliinik","robots":{"index":"index","follow":"follow","max-snippet":"max-snippet:-1","max-image-preview":"max-image-preview:large","max-video-preview":"max-video-preview:-1"},"canonical":"https:\/\/www.kliinikum.ee\/naistekliinik\/patsiendile\/naistehaigused-ja-protseduurid\/mukoplasmoos-ja-ureaplasmoos\/","og_locale":"et_EE","og_type":"article","og_title":"M\u00fckoplasmoos ja ureaplasmoos - Naistekliinik","og_description":"M\u00fckoplasmad ja ureaplasmad koloniseerivad sageli kuse- ja suguelundite limaskesti, olles nende mikroobikoosluse \u00fcheks osaks. Siia kuuluvad sellised mikroobid nagu Mycoplasma...","og_url":"https:\/\/www.kliinikum.ee\/naistekliinik\/patsiendile\/naistehaigused-ja-protseduurid\/mukoplasmoos-ja-ureaplasmoos\/","og_site_name":"Naistekliinik","article_modified_time":"2020-10-07T06:05:31+00:00","twitter_card":"summary_large_image","twitter_misc":{"Est. reading time":"2 minutit"},"schema":{"@context":"https:\/\/schema.org","@graph":[{"@type":"WebPage","@id":"https:\/\/www.kliinikum.ee\/naistekliinik\/patsiendile\/naistehaigused-ja-protseduurid\/mukoplasmoos-ja-ureaplasmoos\/","url":"https:\/\/www.kliinikum.ee\/naistekliinik\/patsiendile\/naistehaigused-ja-protseduurid\/mukoplasmoos-ja-ureaplasmoos\/","name":"M\u00fckoplasmoos ja ureaplasmoos - Naistekliinik","isPartOf":{"@id":"https:\/\/www.kliinikum.ee\/naistekliinik\/#website"},"datePublished":"2020-10-07T06:05:30+00:00","dateModified":"2020-10-07T06:05:31+00:00","breadcrumb":{"@id":"https:\/\/www.kliinikum.ee\/naistekliinik\/patsiendile\/naistehaigused-ja-protseduurid\/mukoplasmoos-ja-ureaplasmoos\/#breadcrumb"},"inLanguage":"et","potentialAction":[{"@type":"ReadAction","target":["https:\/\/www.kliinikum.ee\/naistekliinik\/patsiendile\/naistehaigused-ja-protseduurid\/mukoplasmoos-ja-ureaplasmoos\/"]}]},{"@type":"BreadcrumbList","@id":"https:\/\/www.kliinikum.ee\/naistekliinik\/patsiendile\/naistehaigused-ja-protseduurid\/mukoplasmoos-ja-ureaplasmoos\/#breadcrumb","itemListElement":[{"@type":"ListItem","position":1,"name":"Home","item":"https:\/\/www.kliinikum.ee\/naistekliinik\/"},{"@type":"ListItem","position":2,"name":"Patsiendile","item":"https:\/\/www.kliinikum.ee\/naistekliinik\/patsiendile\/"},{"@type":"ListItem","position":3,"name":"Naistehaigused ja protseduurid","item":"https:\/\/www.kliinikum.ee\/naistekliinik\/patsiendile\/naistehaigused-ja-protseduurid\/"},{"@type":"ListItem","position":4,"name":"M\u00fckoplasmoos ja ureaplasmoos"}]},{"@type":"WebSite","@id":"https:\/\/www.kliinikum.ee\/naistekliinik\/#website","url":"https:\/\/www.kliinikum.ee\/naistekliinik\/","name":"Naistekliinik","description":"Hoolivus P\u00e4devus Usaldusv\u00e4\u00e4rsus","potentialAction":[{"@type":"SearchAction","target":{"@type":"EntryPoint","urlTemplate":"https:\/\/www.kliinikum.ee\/naistekliinik\/?s={search_term_string}"},"query-input":{"@type":"PropertyValueSpecification","valueRequired":true,"valueName":"search_term_string"}}],"inLanguage":"et"}]}},"coauthors":[],"author_meta":{"author_link":"https:\/\/www.kliinikum.ee\/naistekliinik\/author\/haldur\/","display_name":"Haldur"},"relative_dates":{"created":"Posted 6 aastat ago","modified":"Updated 6 aastat ago"},"absolute_dates":{"created":"Posted on 7. okt. 2020","modified":"Updated on 7. okt. 2020"},"absolute_dates_time":{"created":"Posted on 7. okt. 2020 09:05","modified":"Updated on 7. okt. 2020 09:05"},"featured_img_caption":"","featured_img":false,"series_order":"","_links":{"self":[{"href":"https:\/\/www.kliinikum.ee\/naistekliinik\/wp-json\/wp\/v2\/pages\/558","targetHints":{"allow":["GET"]}}],"collection":[{"href":"https:\/\/www.kliinikum.ee\/naistekliinik\/wp-json\/wp\/v2\/pages"}],"about":[{"href":"https:\/\/www.kliinikum.ee\/naistekliinik\/wp-json\/wp\/v2\/types\/page"}],"author":[{"embeddable":true,"href":"https:\/\/www.kliinikum.ee\/naistekliinik\/wp-json\/wp\/v2\/users\/11"}],"replies":[{"embeddable":true,"href":"https:\/\/www.kliinikum.ee\/naistekliinik\/wp-json\/wp\/v2\/comments?post=558"}],"version-history":[{"count":0,"href":"https:\/\/www.kliinikum.ee\/naistekliinik\/wp-json\/wp\/v2\/pages\/558\/revisions"}],"up":[{"embeddable":true,"href":"https:\/\/www.kliinikum.ee\/naistekliinik\/wp-json\/wp\/v2\/pages\/514"}],"wp:attachment":[{"href":"https:\/\/www.kliinikum.ee\/naistekliinik\/wp-json\/wp\/v2\/media?parent=558"}],"curies":[{"name":"wp","href":"https:\/\/api.w.org\/{rel}","templated":true}]}}