{"id":562,"date":"2020-10-07T09:06:35","date_gmt":"2020-10-07T06:06:35","guid":{"rendered":"https:\/\/www.kliinikum.ee\/naistekliinik_uus\/?page_id=562"},"modified":"2020-10-07T09:06:35","modified_gmt":"2020-10-07T06:06:35","slug":"raseduse-katkemine","status":"publish","type":"page","link":"https:\/\/www.kliinikum.ee\/naistekliinik\/patsiendile\/naistehaigused-ja-protseduurid\/raseduse-katkemine\/","title":{"rendered":"Raseduse katkemine"},"content":{"rendered":"\n<p class=\"wp-el\">Raseduse katkemist esineb sagedamini kui tavaliselt arvatakse. Erinevate uuringute p\u00f5hjal katkeb kuni 50-70% k\u00f5ikidest rasedustest. Enamik neist katkeb nii varases j\u00e4rgus, et rasedust ei j\u00f5utagi veel tuvastada. Raseduse katkemise ainsaks tunnuseks v\u00f5ib olla menstruatsiooni hilinemine. Juba diagnoositud rasedustest katkeb arvatavalt 15-20%, seega iga 5.-6. rasedus.<\/p>\n\n\n\n<figure class=\"wp-block-image size-large\"><img loading=\"lazy\" decoding=\"async\" width=\"386\" height=\"341\" src=\"https:\/\/www.kliinikum.ee\/naistekliinik\/wp-content\/uploads\/2020\/08\/raseduse-katkemine.jpg\" alt=\"\" class=\"wp-image-525\" \/><\/figure>\n\n\n\n<p class=\"wp-el\">Raseduse katkemise sagedasimaks p\u00f5hjuseks on lootepoolne patoloogia: loote kromosoomianomaalia v\u00f5i eluks sobimatu v\u00e4\u00e4rarend. Kuigi nendest suur osa viib raseduse katkemisele, v\u00f5ib m\u00f5nedel juhtudel s\u00fcndida ka eluv\u00f5imeline laps. Ema vanuse t\u00f5usuga kaasneb suurem risk kromosoomianomaaliate tekkeks ja seega ka iseeneslike raseduse katkemisteks. \u00dcheks sagedasemaks kromosoomianomaaliaks on Downi s\u00fcndroom, mille korral esineb 21. kromosoomi normaalse 2 kromosoomi asemel 3 kromosoomi.<br>Raseduse katkemisele v\u00f5ivad viia ka teised p\u00f5hjused: emaka v\u00e4\u00e4rareng, ema hormonaalsed h\u00e4ired, vanemate kromosomaalsed h\u00e4ired, immuuns\u00fcsteemiga seotud p\u00f5hjused ja vere h\u00fc\u00fcbimiss\u00fcsteemi h\u00e4ired. Ka ema haigestumine raseduse varases staadiumis, viirusnakkused, m\u00fcrgistused, kokkupuude m\u00fcrgiste kemikaalide v\u00f5i ravimitega v\u00f5ib kahjustada arenevat embr\u00fcot. <strong>Tervelt 50% juhtudest j\u00e4\u00e4b raseduse katkemise p\u00f5hjus ebaselgeks.<\/strong><br>Rasedus v\u00f5ib katkeda t\u00e4ielikult ning emaka\u00f5\u00f5ne abrasioon (t\u00fchjendamine) ei ole vajalik. Juhul, kui emakas ei puhastu t\u00e4ielikult, v\u00f5ib tekkida emakap\u00f5letik v\u00f5i\/ja tavalisest rohkem ja kauemkestvam veritsus. Seda, kas Te vajate emaka\u00f5\u00f5ne abrasiooni ja\/v\u00f5i emaka kokkut\u00f5mbeid tugevdavaid ravimeid, otsustab naistearst. P\u00e4rast raseduse katkemist on vajalik p\u00f6\u00f6rduda kontrollile 2-3 n\u00e4dala jooksul.<br>Kui varem on esinenud \u00fcks iseeneslik raseduse katkemine, on risk, et ka teine rasedus katkeb 15-20% juhtudest. Kui on eelnenud kaks iseeneslikku raseduse katkemist, on risk kaotada ka kolmandat rasedust 35% (\u00fcks kolmest); ning kolme eelneva raseduse katkemise korral on risk, et ka j\u00e4rgnev rasedus katkeb juba 50%.<br>P\u00e4rast esimest raseduse katkemist pole n\u00e4idustatud p\u00f5hjalikumad uuringud. Kui raseduse katkemisi on olnud juba kolm v\u00f5i enam j\u00e4rjestikku v\u00f5i on rasedus katkenud p\u00e4rast kolmandat raseduskuud, tuleb paari p\u00f5hjalikult uurida. Uuringute tulemusena \u00f5nnestub raseduse katkemise t\u00f5en\u00e4oline p\u00f5hjust v\u00e4lja selgitada vaid umbes pooltel juhtudel.<\/p>\n\n\n\n<p class=\"wp-el\"><strong>Kuidas kaotusega toime tulla<br><\/strong>Hoolimata sellest, kas peres on juba lapsi v\u00f5i ei ole, on raseduse katkemine \u00fchtviisi valus. Tavaliselt oodatakse, et p\u00e4rast raseduse katkemist saavad naised ja paarid sellest kiiresti \u00fcle ja elu p\u00f6\u00f6rdub harjunud r\u00f6\u00f6passe tagasi. Raseduse katkemine p\u00f5hjustab aga pea alati muret ja kaotusvalu. Oluline on saada oma k\u00fcsimustele ammendavaid vastuseid, see v\u00e4ldib hirmude ja eelarvamuste teket.<\/p>\n\n\n\n<p class=\"wp-el\">Tunded, mis v\u00f5ivad tekkida p\u00e4rast raseduse katkemist:<\/p>\n\n\n\n<ul class=\"wp-el wp-block-list\"><li>juhtunu eitamine (&#8220;See pole v\u00f5imalik&#8221;)<\/li><li>\u0161okk (&#8220;K\u00f5ik see juhtus nii ootamatult&#8221;)<\/li><li>hirm (&#8220;Ma pole t\u00e4isv\u00e4\u00e4rtuslik naine&#8221;, &#8220;Kas ma pean taluma valu?&#8221;, &#8220;Kas ma tulevikus j\u00e4\u00e4n veel rasedaks?&#8221;)<\/li><li>viha (&#8220;Miks see juhtus minuga?&#8221;, &#8220;Mu partner oleks pidanud \u2026, poleks pidanud\u2026&#8221;, &#8220;V\u00f5ibolla tegi arst vea?&#8221;)<\/li><li>kurbus ja depressioon<\/li><li>juhtunuga leppimine (&#8220;Jah, see juhtus minuga. See on minu elu osa ja ma tahan sellega toime tulla. V\u00f5ibolla l\u00e4hen n\u00f5ustaja juurde, kui tunnen, et see on vajalik.&#8221;)<\/li><\/ul>\n\n\n\n<p class=\"wp-el\"><strong>J\u00e4rgmise raseduse planeerimine<br><\/strong>Aeg, mis kulub rasedusest katkemise j\u00e4rgsele taastumisele, on iga juhtumi korral erinev. Enamikel juhtudel v\u00f5ib j\u00e4rgmist rasedust planeerida 3-4 kuu m\u00f6\u00f6dudes, siiski on soovitav n\u00f5u pidada naistearsti v\u00f5i \u00e4mmaemandaga. P\u00e4rast raseduse katkemist on j\u00e4rgmised rasedused enamasti edukad.<\/p>\n\n\n\n<p class=\"wp-el\">Koostanud:<br>dr. Kristiina Rull<br>dr. Kai Part<\/p>\n","protected":false},"excerpt":{"rendered":"<p>Raseduse katkemist esineb sagedamini kui tavaliselt arvatakse. Erinevate uuringute p\u00f5hjal katkeb kuni 50-70% k\u00f5ikidest rasedustest. Enamik neist katkeb nii varases&#8230;<\/p>\n","protected":false},"author":11,"featured_media":0,"parent":514,"menu_order":70,"comment_status":"closed","ping_status":"closed","template":"","meta":{"_acf_changed":false,"inline_featured_image":false,"advgb_blocks_editor_width":"","advgb_blocks_columns_visual_guide":"","footnotes":"","_links_to":"","_links_to_target":""},"class_list":["post-562","page","type-page","status-publish","hentry"],"acf":[],"yoast_head":"<!-- This site is optimized with the Yoast SEO plugin v27.5 - https:\/\/yoast.com\/product\/yoast-seo-wordpress\/ -->\n<title>Raseduse katkemine - Naistekliinik<\/title>\n<meta name=\"robots\" content=\"index, follow, max-snippet:-1, max-image-preview:large, max-video-preview:-1\" \/>\n<link rel=\"canonical\" href=\"https:\/\/www.kliinikum.ee\/naistekliinik\/patsiendile\/naistehaigused-ja-protseduurid\/raseduse-katkemine\/\" \/>\n<meta property=\"og:locale\" content=\"et_EE\" \/>\n<meta property=\"og:type\" content=\"article\" \/>\n<meta property=\"og:title\" content=\"Raseduse katkemine - Naistekliinik\" \/>\n<meta property=\"og:description\" content=\"Raseduse katkemist esineb sagedamini kui tavaliselt arvatakse. Erinevate uuringute p\u00f5hjal katkeb kuni 50-70% k\u00f5ikidest rasedustest. Enamik neist katkeb nii varases...\" \/>\n<meta property=\"og:url\" content=\"https:\/\/www.kliinikum.ee\/naistekliinik\/patsiendile\/naistehaigused-ja-protseduurid\/raseduse-katkemine\/\" \/>\n<meta property=\"og:site_name\" content=\"Naistekliinik\" \/>\n<meta property=\"og:image\" content=\"https:\/\/www.kliinikum.ee\/naistekliinik\/wp-content\/uploads\/2020\/08\/raseduse-katkemine.jpg\" \/>\n<meta name=\"twitter:card\" content=\"summary_large_image\" \/>\n<meta name=\"twitter:label1\" content=\"Est. reading time\" \/>\n\t<meta name=\"twitter:data1\" content=\"3 minutit\" \/>\n<script type=\"application\/ld+json\" class=\"yoast-schema-graph\">{\"@context\":\"https:\\\/\\\/schema.org\",\"@graph\":[{\"@type\":\"WebPage\",\"@id\":\"https:\\\/\\\/www.kliinikum.ee\\\/naistekliinik\\\/patsiendile\\\/naistehaigused-ja-protseduurid\\\/raseduse-katkemine\\\/\",\"url\":\"https:\\\/\\\/www.kliinikum.ee\\\/naistekliinik\\\/patsiendile\\\/naistehaigused-ja-protseduurid\\\/raseduse-katkemine\\\/\",\"name\":\"Raseduse katkemine - Naistekliinik\",\"isPartOf\":{\"@id\":\"https:\\\/\\\/www.kliinikum.ee\\\/naistekliinik\\\/#website\"},\"primaryImageOfPage\":{\"@id\":\"https:\\\/\\\/www.kliinikum.ee\\\/naistekliinik\\\/patsiendile\\\/naistehaigused-ja-protseduurid\\\/raseduse-katkemine\\\/#primaryimage\"},\"image\":{\"@id\":\"https:\\\/\\\/www.kliinikum.ee\\\/naistekliinik\\\/patsiendile\\\/naistehaigused-ja-protseduurid\\\/raseduse-katkemine\\\/#primaryimage\"},\"thumbnailUrl\":\"https:\\\/\\\/www.kliinikum.ee\\\/naistekliinik\\\/wp-content\\\/uploads\\\/2020\\\/08\\\/raseduse-katkemine.jpg\",\"datePublished\":\"2020-10-07T06:06:35+00:00\",\"breadcrumb\":{\"@id\":\"https:\\\/\\\/www.kliinikum.ee\\\/naistekliinik\\\/patsiendile\\\/naistehaigused-ja-protseduurid\\\/raseduse-katkemine\\\/#breadcrumb\"},\"inLanguage\":\"et\",\"potentialAction\":[{\"@type\":\"ReadAction\",\"target\":[\"https:\\\/\\\/www.kliinikum.ee\\\/naistekliinik\\\/patsiendile\\\/naistehaigused-ja-protseduurid\\\/raseduse-katkemine\\\/\"]}]},{\"@type\":\"ImageObject\",\"inLanguage\":\"et\",\"@id\":\"https:\\\/\\\/www.kliinikum.ee\\\/naistekliinik\\\/patsiendile\\\/naistehaigused-ja-protseduurid\\\/raseduse-katkemine\\\/#primaryimage\",\"url\":\"https:\\\/\\\/www.kliinikum.ee\\\/naistekliinik\\\/wp-content\\\/uploads\\\/2020\\\/08\\\/raseduse-katkemine.jpg\",\"contentUrl\":\"https:\\\/\\\/www.kliinikum.ee\\\/naistekliinik\\\/wp-content\\\/uploads\\\/2020\\\/08\\\/raseduse-katkemine.jpg\",\"width\":386,\"height\":341},{\"@type\":\"BreadcrumbList\",\"@id\":\"https:\\\/\\\/www.kliinikum.ee\\\/naistekliinik\\\/patsiendile\\\/naistehaigused-ja-protseduurid\\\/raseduse-katkemine\\\/#breadcrumb\",\"itemListElement\":[{\"@type\":\"ListItem\",\"position\":1,\"name\":\"Home\",\"item\":\"https:\\\/\\\/www.kliinikum.ee\\\/naistekliinik\\\/\"},{\"@type\":\"ListItem\",\"position\":2,\"name\":\"Patsiendile\",\"item\":\"https:\\\/\\\/www.kliinikum.ee\\\/naistekliinik\\\/patsiendile\\\/\"},{\"@type\":\"ListItem\",\"position\":3,\"name\":\"Naistehaigused ja protseduurid\",\"item\":\"https:\\\/\\\/www.kliinikum.ee\\\/naistekliinik\\\/patsiendile\\\/naistehaigused-ja-protseduurid\\\/\"},{\"@type\":\"ListItem\",\"position\":4,\"name\":\"Raseduse katkemine\"}]},{\"@type\":\"WebSite\",\"@id\":\"https:\\\/\\\/www.kliinikum.ee\\\/naistekliinik\\\/#website\",\"url\":\"https:\\\/\\\/www.kliinikum.ee\\\/naistekliinik\\\/\",\"name\":\"Naistekliinik\",\"description\":\"Hoolivus P\u00e4devus Usaldusv\u00e4\u00e4rsus\",\"potentialAction\":[{\"@type\":\"SearchAction\",\"target\":{\"@type\":\"EntryPoint\",\"urlTemplate\":\"https:\\\/\\\/www.kliinikum.ee\\\/naistekliinik\\\/?s={search_term_string}\"},\"query-input\":{\"@type\":\"PropertyValueSpecification\",\"valueRequired\":true,\"valueName\":\"search_term_string\"}}],\"inLanguage\":\"et\"}]}<\/script>\n<!-- \/ Yoast SEO plugin. -->","yoast_head_json":{"title":"Raseduse katkemine - Naistekliinik","robots":{"index":"index","follow":"follow","max-snippet":"max-snippet:-1","max-image-preview":"max-image-preview:large","max-video-preview":"max-video-preview:-1"},"canonical":"https:\/\/www.kliinikum.ee\/naistekliinik\/patsiendile\/naistehaigused-ja-protseduurid\/raseduse-katkemine\/","og_locale":"et_EE","og_type":"article","og_title":"Raseduse katkemine - Naistekliinik","og_description":"Raseduse katkemist esineb sagedamini kui tavaliselt arvatakse. Erinevate uuringute p\u00f5hjal katkeb kuni 50-70% k\u00f5ikidest rasedustest. Enamik neist katkeb nii varases...","og_url":"https:\/\/www.kliinikum.ee\/naistekliinik\/patsiendile\/naistehaigused-ja-protseduurid\/raseduse-katkemine\/","og_site_name":"Naistekliinik","og_image":[{"url":"https:\/\/www.kliinikum.ee\/naistekliinik\/wp-content\/uploads\/2020\/08\/raseduse-katkemine.jpg","type":"","width":"","height":""}],"twitter_card":"summary_large_image","twitter_misc":{"Est. reading time":"3 minutit"},"schema":{"@context":"https:\/\/schema.org","@graph":[{"@type":"WebPage","@id":"https:\/\/www.kliinikum.ee\/naistekliinik\/patsiendile\/naistehaigused-ja-protseduurid\/raseduse-katkemine\/","url":"https:\/\/www.kliinikum.ee\/naistekliinik\/patsiendile\/naistehaigused-ja-protseduurid\/raseduse-katkemine\/","name":"Raseduse katkemine - Naistekliinik","isPartOf":{"@id":"https:\/\/www.kliinikum.ee\/naistekliinik\/#website"},"primaryImageOfPage":{"@id":"https:\/\/www.kliinikum.ee\/naistekliinik\/patsiendile\/naistehaigused-ja-protseduurid\/raseduse-katkemine\/#primaryimage"},"image":{"@id":"https:\/\/www.kliinikum.ee\/naistekliinik\/patsiendile\/naistehaigused-ja-protseduurid\/raseduse-katkemine\/#primaryimage"},"thumbnailUrl":"https:\/\/www.kliinikum.ee\/naistekliinik\/wp-content\/uploads\/2020\/08\/raseduse-katkemine.jpg","datePublished":"2020-10-07T06:06:35+00:00","breadcrumb":{"@id":"https:\/\/www.kliinikum.ee\/naistekliinik\/patsiendile\/naistehaigused-ja-protseduurid\/raseduse-katkemine\/#breadcrumb"},"inLanguage":"et","potentialAction":[{"@type":"ReadAction","target":["https:\/\/www.kliinikum.ee\/naistekliinik\/patsiendile\/naistehaigused-ja-protseduurid\/raseduse-katkemine\/"]}]},{"@type":"ImageObject","inLanguage":"et","@id":"https:\/\/www.kliinikum.ee\/naistekliinik\/patsiendile\/naistehaigused-ja-protseduurid\/raseduse-katkemine\/#primaryimage","url":"https:\/\/www.kliinikum.ee\/naistekliinik\/wp-content\/uploads\/2020\/08\/raseduse-katkemine.jpg","contentUrl":"https:\/\/www.kliinikum.ee\/naistekliinik\/wp-content\/uploads\/2020\/08\/raseduse-katkemine.jpg","width":386,"height":341},{"@type":"BreadcrumbList","@id":"https:\/\/www.kliinikum.ee\/naistekliinik\/patsiendile\/naistehaigused-ja-protseduurid\/raseduse-katkemine\/#breadcrumb","itemListElement":[{"@type":"ListItem","position":1,"name":"Home","item":"https:\/\/www.kliinikum.ee\/naistekliinik\/"},{"@type":"ListItem","position":2,"name":"Patsiendile","item":"https:\/\/www.kliinikum.ee\/naistekliinik\/patsiendile\/"},{"@type":"ListItem","position":3,"name":"Naistehaigused ja protseduurid","item":"https:\/\/www.kliinikum.ee\/naistekliinik\/patsiendile\/naistehaigused-ja-protseduurid\/"},{"@type":"ListItem","position":4,"name":"Raseduse katkemine"}]},{"@type":"WebSite","@id":"https:\/\/www.kliinikum.ee\/naistekliinik\/#website","url":"https:\/\/www.kliinikum.ee\/naistekliinik\/","name":"Naistekliinik","description":"Hoolivus P\u00e4devus Usaldusv\u00e4\u00e4rsus","potentialAction":[{"@type":"SearchAction","target":{"@type":"EntryPoint","urlTemplate":"https:\/\/www.kliinikum.ee\/naistekliinik\/?s={search_term_string}"},"query-input":{"@type":"PropertyValueSpecification","valueRequired":true,"valueName":"search_term_string"}}],"inLanguage":"et"}]}},"coauthors":[],"author_meta":{"author_link":"https:\/\/www.kliinikum.ee\/naistekliinik\/author\/haldur\/","display_name":"Haldur"},"relative_dates":{"created":"Posted 6 aastat ago","modified":"Updated 6 aastat ago"},"absolute_dates":{"created":"Posted on 7. okt. 2020","modified":"Updated on 7. okt. 2020"},"absolute_dates_time":{"created":"Posted on 7. okt. 2020 09:06","modified":"Updated on 7. okt. 2020 09:06"},"featured_img_caption":"","featured_img":false,"series_order":"","_links":{"self":[{"href":"https:\/\/www.kliinikum.ee\/naistekliinik\/wp-json\/wp\/v2\/pages\/562","targetHints":{"allow":["GET"]}}],"collection":[{"href":"https:\/\/www.kliinikum.ee\/naistekliinik\/wp-json\/wp\/v2\/pages"}],"about":[{"href":"https:\/\/www.kliinikum.ee\/naistekliinik\/wp-json\/wp\/v2\/types\/page"}],"author":[{"embeddable":true,"href":"https:\/\/www.kliinikum.ee\/naistekliinik\/wp-json\/wp\/v2\/users\/11"}],"replies":[{"embeddable":true,"href":"https:\/\/www.kliinikum.ee\/naistekliinik\/wp-json\/wp\/v2\/comments?post=562"}],"version-history":[{"count":0,"href":"https:\/\/www.kliinikum.ee\/naistekliinik\/wp-json\/wp\/v2\/pages\/562\/revisions"}],"up":[{"embeddable":true,"href":"https:\/\/www.kliinikum.ee\/naistekliinik\/wp-json\/wp\/v2\/pages\/514"}],"wp:attachment":[{"href":"https:\/\/www.kliinikum.ee\/naistekliinik\/wp-json\/wp\/v2\/media?parent=562"}],"curies":[{"name":"wp","href":"https:\/\/api.w.org\/{rel}","templated":true}]}}