{"id":564,"date":"2020-10-07T09:09:05","date_gmt":"2020-10-07T06:09:05","guid":{"rendered":"https:\/\/www.kliinikum.ee\/naistekliinik_uus\/?page_id=564"},"modified":"2020-10-07T09:29:32","modified_gmt":"2020-10-07T06:29:32","slug":"naise-steriliseerimine","status":"publish","type":"page","link":"https:\/\/www.kliinikum.ee\/naistekliinik\/patsiendile\/naistehaigused-ja-protseduurid\/naise-steriliseerimine\/","title":{"rendered":"Naise steriliseerimine"},"content":{"rendered":"\n<p class=\"wp-el\">Naise steriliseerimine on rasedusest hoidumise meetod naistele, kes ei soovi enam s\u00fcnnitada. P\u00e4rast steriliseerimist ei ole enam v\u00f5imalik loomulikul teel rasestumine.<br>Naise steriliseerimiseks l\u00f5igatakse l\u00e4bi v\u00f5i suletakse munajuhad. Sellega takistatakse munaraku ja spermatosoidide \u00fchinemine ning rasestumine ei ole v\u00f5imalik. Naissuguhormoonide tootmine ja munarakkude k\u00fcpsemine munasarjades j\u00e4tkub endisel moel ning ts\u00fcklilised muutused emakalimaskestas tagavad tavap\u00e4raste menstruatsioonide j\u00e4tkumise.<br>Naise steriliseerimist teostatakse ainult naise enda soovil. Eesti Vabariigis reguleerib steriliseerimist Raseduse katkestamise ja steriliseerimise seadus (25.11.1998).<\/p>\n\n\n\n<figure class=\"wp-block-image size-large\"><img loading=\"lazy\" decoding=\"async\" width=\"324\" height=\"193\" src=\"https:\/\/www.kliinikum.ee\/naistekliinik\/wp-content\/uploads\/2020\/10\/naise-steriliseerimine.jpg\" alt=\"\" class=\"wp-image-589\" \/><\/figure>\n\n\n\n<p class=\"wp-el\"><strong>Steriliseerimise kulg<br><\/strong>Enamasti teostatakse steriliseerimine laparoskoopilisel operatsioonil. Operatsioon teostatakse \u00fcldanesteesias. Esmalt t\u00e4idetakse k\u00f5hu\u00f5\u00f5s s\u00fcsihappegaasiga l\u00e4bi spetsiaalse \u00f5hun\u00f5ela. Gaas t\u00f5stab k\u00f5hu eesseina siseorganitest k\u00f5rgemale tagades sellega hea n\u00e4htavuse k\u00f5hukoopas ja piisava ruumi instrumentide kasutamiseks. Nahale tehakse 3 l\u00f5iget: 1cm pikkune l\u00f5ige nabar\u00f5nga l\u00e4hedale ja 2 0,5 cm pikkust l\u00f5iget alak\u00f5hule. Pikema l\u00f5ike kaudu viiakse k\u00f5hu\u00f5\u00f5nde laparoskoop \u2013 valgus-allikaga varustatud toru, mille kaudu on v\u00f5imalik n\u00e4ha k\u00f5hu\u00f5\u00f5nes paiknevaid siseorganeid. Kahe v\u00e4iksema l\u00f5ike kaudu viiakse k\u00f5hu\u00f5\u00f5nde instrumendid, mille abil l\u00f5igatakse munajuhad l\u00e4bi v\u00f5i asetatakse munajuhadele neid sulgevad klambrid (klipsid). Operatsioon kestab tavaliselt kuni 30 minutit. Peale operatsiooni l\u00f5petamist lastakse gaas k\u00f5hu\u00f5\u00f5nest v\u00e4lja ning k\u00f5huhaavad suletakse.<\/p>\n\n\n\n<figure class=\"wp-block-image size-large\"><img loading=\"lazy\" decoding=\"async\" width=\"350\" height=\"336\" src=\"https:\/\/www.kliinikum.ee\/naistekliinik\/wp-content\/uploads\/2020\/10\/naise-steriliseerimine-2.jpg\" alt=\"\" class=\"wp-image-592\" \/><\/figure>\n\n\n\n<p class=\"wp-el\"><strong>Operatsioonij\u00e4rgne periood<br><\/strong>Peale operatsiooni viiakse Teid tagasi g\u00fcnekoloogia osakonna palatisse. Koju lubatakse Teid tavaliselt operatsioonile j\u00e4rgneval p\u00e4eval. On v\u00f5imalik, et suudate koju minna ka samal p\u00e4eval. Vajadusel kirjutatakse Teile retsept valuvaigistite ostmiseks. Arst kutsub Teid tagasi j\u00e4relkontrollile kas enda v\u00f5i Teid operatsioonile suunanud arsti juurde 5-8 p\u00e4eva p\u00e4rast. Visiidi k\u00e4igus eemaldatakse nahalt \u00f5mblusniidid. Haiglas viibitud p\u00e4evade ajal ning vahetult haiglast lahkumise j\u00e4rgselt viibite t\u00f6\u00f6v\u00f5imetuslehel. Kui on vajalik t\u00f6\u00f6v\u00f5imetuslehte pikendada, teeb seda arst esimese ambulatoorse visiidi k\u00e4igus. Operatsiooni j\u00e4rgselt on soovitav v\u00e4ltida raskuste t\u00f5stmist ( \u00fcle 5-6 kg ) ning rasket f\u00fc\u00fcsilist t\u00f6\u00f6d paari n\u00e4dala v\u00e4ltel. Operatsioonij\u00e4rgselt v\u00f5ib esineda m\u00e4\u00e4rivat voolust v\u00f5i veritsust tupest n\u00e4dala v\u00e4ltel. Sel ajal ei ole seksuaalelu lubatud. Tavaliselt ei esine steriliseerimise j\u00e4rgselt muutusi menstruaalfunktsioonis ja seksuaalsuhetes. Kui Te varem kasutasite rasedusest hoidumiseks hormoontablette v\u00f5i emakasisest vahendit, v\u00f5ib nendest loobumine p\u00f5hjustada muutusi menstruatsioonits\u00fckli pikkuses ning menstruaalvere hulgas.<\/p>\n\n\n\n<p class=\"wp-el\"><strong>V\u00f5imalikud t\u00fcsistused<br><\/strong>Laparoskoopilise operatsiooni j\u00e4rgselt on tavalised probleemid l\u00fchiajaline k\u00f5huvalu, valu \u00f5lgades ja kaelas, mis m\u00f6\u00f6duvad 2-3 p\u00e4eva jooksul . V\u00f5imalikud operatsioonit\u00fcsistused on j\u00e4rgmised: k\u00f5husisene verejooks, tromboos (veresoone ummistumine vereh\u00fc\u00fcbega), emboolia (veresoone sulgumine gaasimulliga).<br>Neid t\u00fcsistusi esineb aga harva.<br>Samuti on harvaesinevad siseorganite (soolte, kusep\u00f5ie, veresoonte) mehhaanilised v\u00f5i elektrilised traumad.<br>Selliste t\u00fcsistuste tagaj\u00e4rjel on m\u00f5nikord vajalik operatsiooni k\u00e4igus avada k\u00f5hu\u00f5\u00f5s traditsioonilise k\u00f5hul\u00f5ikega.<br>\u00dcldnarkoosi puhul on v\u00f5imalikud ravimite \u00fclitundlikkusest tingitud reaktsioonid ja s\u00f6\u00f6mise ning joomise keelu eiramisest tingitud oksendamine narkoosi ajal, sellele j\u00e4rgnev oksemasside sattumine hingamisteedesse ja l\u00e4mbumine.<br>Et viia t\u00fcsistuste tekke risk v\u00f5imalikult v\u00e4ikeseks, palume Teid enne laparoskoopiat informeerida arsti:<\/p>\n\n\n\n<p class=\"wp-el\">\u2022 oma teadaolevatest haigustest ja tarvitatavatest ravimitest, ( operatsiooni p\u00e4eval v\u00f5ib ravimeid kasutada ainult kokkuleppel arstiga )<br>\u2022 oma seisundist operatsioonile tulles (nt viirusinfektsioon)<br>\u2022 teadaolevast \u00fclitundlikkusest ravimitele<br>Operatsioonip\u00e4eval peate olema s\u00f6\u00f6mata-joomata v\u00e4hemalt 6 tundi enne operatsiooni.<br>Operatsiooni p\u00e4eval ei tohi suitsetada ega n\u00e4rida n\u00e4rimiskummi, et v\u00e4ltida oksendamist ja happelise maosisu sattumist kopsudesse.<br>Operatsioonile eelneva dieedi ja lahtistite kasutamise osas j\u00e4rgige arsti soovitusi.<br>Kindlasti tuleb arsti juurde p\u00f6\u00f6rduda, kui operatsiooni j\u00e4rgselt tekib:<br>\u2022 kehatemperatuuri t\u00f5us &gt;37,5\u00b0C<br>\u2022 tugev valu k\u00f5hus<br>\u2022 seedetalitluse ja urineerimish\u00e4ired<br>\u2022 eritis tupest muutub rohkeks ja ebameeldivalt l\u00f5hnavaks<\/p>\n\n\n\n<p class=\"wp-el\">Kuigi tegemist on v\u00e4ga efektiivse rasestumisvastase meetodiga on \u00fcksikjuhtudel v\u00f5imalik munajuhade l\u00e4bitavuse iseeneslik taastumine ja rasestumine.<\/p>\n","protected":false},"excerpt":{"rendered":"<p>Naise steriliseerimine on rasedusest hoidumise meetod naistele, kes ei soovi enam s\u00fcnnitada. P\u00e4rast steriliseerimist ei ole enam v\u00f5imalik loomulikul teel&#8230;<\/p>\n","protected":false},"author":11,"featured_media":0,"parent":514,"menu_order":80,"comment_status":"closed","ping_status":"closed","template":"","meta":{"_acf_changed":false,"inline_featured_image":false,"advgb_blocks_editor_width":"","advgb_blocks_columns_visual_guide":"","footnotes":"","_links_to":"","_links_to_target":""},"class_list":["post-564","page","type-page","status-publish","hentry"],"acf":[],"yoast_head":"<!-- This site is optimized with the Yoast SEO plugin v27.3 - https:\/\/yoast.com\/product\/yoast-seo-wordpress\/ -->\n<title>Naise steriliseerimine - Naistekliinik<\/title>\n<meta name=\"robots\" content=\"index, follow, max-snippet:-1, max-image-preview:large, max-video-preview:-1\" \/>\n<link rel=\"canonical\" href=\"https:\/\/www.kliinikum.ee\/naistekliinik\/patsiendile\/naistehaigused-ja-protseduurid\/naise-steriliseerimine\/\" \/>\n<meta property=\"og:locale\" content=\"et_EE\" \/>\n<meta property=\"og:type\" content=\"article\" \/>\n<meta property=\"og:title\" content=\"Naise steriliseerimine - Naistekliinik\" \/>\n<meta property=\"og:description\" content=\"Naise steriliseerimine on rasedusest hoidumise meetod naistele, kes ei soovi enam s\u00fcnnitada. P\u00e4rast steriliseerimist ei ole enam v\u00f5imalik loomulikul teel...\" \/>\n<meta property=\"og:url\" content=\"https:\/\/www.kliinikum.ee\/naistekliinik\/patsiendile\/naistehaigused-ja-protseduurid\/naise-steriliseerimine\/\" \/>\n<meta property=\"og:site_name\" content=\"Naistekliinik\" \/>\n<meta property=\"article:modified_time\" content=\"2020-10-07T06:29:32+00:00\" \/>\n<meta property=\"og:image\" content=\"https:\/\/www.kliinikum.ee\/naistekliinik\/wp-content\/uploads\/2020\/10\/naise-steriliseerimine.jpg\" \/>\n<meta name=\"twitter:card\" content=\"summary_large_image\" \/>\n<meta name=\"twitter:label1\" content=\"Est. reading time\" \/>\n\t<meta name=\"twitter:data1\" content=\"3 minutit\" \/>\n<script type=\"application\/ld+json\" class=\"yoast-schema-graph\">{\"@context\":\"https:\\\/\\\/schema.org\",\"@graph\":[{\"@type\":\"WebPage\",\"@id\":\"https:\\\/\\\/www.kliinikum.ee\\\/naistekliinik\\\/patsiendile\\\/naistehaigused-ja-protseduurid\\\/naise-steriliseerimine\\\/\",\"url\":\"https:\\\/\\\/www.kliinikum.ee\\\/naistekliinik\\\/patsiendile\\\/naistehaigused-ja-protseduurid\\\/naise-steriliseerimine\\\/\",\"name\":\"Naise steriliseerimine - Naistekliinik\",\"isPartOf\":{\"@id\":\"https:\\\/\\\/www.kliinikum.ee\\\/naistekliinik\\\/#website\"},\"primaryImageOfPage\":{\"@id\":\"https:\\\/\\\/www.kliinikum.ee\\\/naistekliinik\\\/patsiendile\\\/naistehaigused-ja-protseduurid\\\/naise-steriliseerimine\\\/#primaryimage\"},\"image\":{\"@id\":\"https:\\\/\\\/www.kliinikum.ee\\\/naistekliinik\\\/patsiendile\\\/naistehaigused-ja-protseduurid\\\/naise-steriliseerimine\\\/#primaryimage\"},\"thumbnailUrl\":\"https:\\\/\\\/www.kliinikum.ee\\\/naistekliinik\\\/wp-content\\\/uploads\\\/2020\\\/10\\\/naise-steriliseerimine.jpg\",\"datePublished\":\"2020-10-07T06:09:05+00:00\",\"dateModified\":\"2020-10-07T06:29:32+00:00\",\"breadcrumb\":{\"@id\":\"https:\\\/\\\/www.kliinikum.ee\\\/naistekliinik\\\/patsiendile\\\/naistehaigused-ja-protseduurid\\\/naise-steriliseerimine\\\/#breadcrumb\"},\"inLanguage\":\"et\",\"potentialAction\":[{\"@type\":\"ReadAction\",\"target\":[\"https:\\\/\\\/www.kliinikum.ee\\\/naistekliinik\\\/patsiendile\\\/naistehaigused-ja-protseduurid\\\/naise-steriliseerimine\\\/\"]}]},{\"@type\":\"ImageObject\",\"inLanguage\":\"et\",\"@id\":\"https:\\\/\\\/www.kliinikum.ee\\\/naistekliinik\\\/patsiendile\\\/naistehaigused-ja-protseduurid\\\/naise-steriliseerimine\\\/#primaryimage\",\"url\":\"https:\\\/\\\/www.kliinikum.ee\\\/naistekliinik\\\/wp-content\\\/uploads\\\/2020\\\/10\\\/naise-steriliseerimine.jpg\",\"contentUrl\":\"https:\\\/\\\/www.kliinikum.ee\\\/naistekliinik\\\/wp-content\\\/uploads\\\/2020\\\/10\\\/naise-steriliseerimine.jpg\",\"width\":324,\"height\":193},{\"@type\":\"BreadcrumbList\",\"@id\":\"https:\\\/\\\/www.kliinikum.ee\\\/naistekliinik\\\/patsiendile\\\/naistehaigused-ja-protseduurid\\\/naise-steriliseerimine\\\/#breadcrumb\",\"itemListElement\":[{\"@type\":\"ListItem\",\"position\":1,\"name\":\"Home\",\"item\":\"https:\\\/\\\/www.kliinikum.ee\\\/naistekliinik\\\/\"},{\"@type\":\"ListItem\",\"position\":2,\"name\":\"Patsiendile\",\"item\":\"https:\\\/\\\/www.kliinikum.ee\\\/naistekliinik\\\/patsiendile\\\/\"},{\"@type\":\"ListItem\",\"position\":3,\"name\":\"Naistehaigused ja protseduurid\",\"item\":\"https:\\\/\\\/www.kliinikum.ee\\\/naistekliinik\\\/patsiendile\\\/naistehaigused-ja-protseduurid\\\/\"},{\"@type\":\"ListItem\",\"position\":4,\"name\":\"Naise steriliseerimine\"}]},{\"@type\":\"WebSite\",\"@id\":\"https:\\\/\\\/www.kliinikum.ee\\\/naistekliinik\\\/#website\",\"url\":\"https:\\\/\\\/www.kliinikum.ee\\\/naistekliinik\\\/\",\"name\":\"Naistekliinik\",\"description\":\"Hoolivus P\u00e4devus Usaldusv\u00e4\u00e4rsus\",\"potentialAction\":[{\"@type\":\"SearchAction\",\"target\":{\"@type\":\"EntryPoint\",\"urlTemplate\":\"https:\\\/\\\/www.kliinikum.ee\\\/naistekliinik\\\/?s={search_term_string}\"},\"query-input\":{\"@type\":\"PropertyValueSpecification\",\"valueRequired\":true,\"valueName\":\"search_term_string\"}}],\"inLanguage\":\"et\"}]}<\/script>\n<!-- \/ Yoast SEO plugin. -->","yoast_head_json":{"title":"Naise steriliseerimine - Naistekliinik","robots":{"index":"index","follow":"follow","max-snippet":"max-snippet:-1","max-image-preview":"max-image-preview:large","max-video-preview":"max-video-preview:-1"},"canonical":"https:\/\/www.kliinikum.ee\/naistekliinik\/patsiendile\/naistehaigused-ja-protseduurid\/naise-steriliseerimine\/","og_locale":"et_EE","og_type":"article","og_title":"Naise steriliseerimine - Naistekliinik","og_description":"Naise steriliseerimine on rasedusest hoidumise meetod naistele, kes ei soovi enam s\u00fcnnitada. P\u00e4rast steriliseerimist ei ole enam v\u00f5imalik loomulikul teel...","og_url":"https:\/\/www.kliinikum.ee\/naistekliinik\/patsiendile\/naistehaigused-ja-protseduurid\/naise-steriliseerimine\/","og_site_name":"Naistekliinik","article_modified_time":"2020-10-07T06:29:32+00:00","og_image":[{"url":"https:\/\/www.kliinikum.ee\/naistekliinik\/wp-content\/uploads\/2020\/10\/naise-steriliseerimine.jpg","type":"","width":"","height":""}],"twitter_card":"summary_large_image","twitter_misc":{"Est. reading time":"3 minutit"},"schema":{"@context":"https:\/\/schema.org","@graph":[{"@type":"WebPage","@id":"https:\/\/www.kliinikum.ee\/naistekliinik\/patsiendile\/naistehaigused-ja-protseduurid\/naise-steriliseerimine\/","url":"https:\/\/www.kliinikum.ee\/naistekliinik\/patsiendile\/naistehaigused-ja-protseduurid\/naise-steriliseerimine\/","name":"Naise steriliseerimine - Naistekliinik","isPartOf":{"@id":"https:\/\/www.kliinikum.ee\/naistekliinik\/#website"},"primaryImageOfPage":{"@id":"https:\/\/www.kliinikum.ee\/naistekliinik\/patsiendile\/naistehaigused-ja-protseduurid\/naise-steriliseerimine\/#primaryimage"},"image":{"@id":"https:\/\/www.kliinikum.ee\/naistekliinik\/patsiendile\/naistehaigused-ja-protseduurid\/naise-steriliseerimine\/#primaryimage"},"thumbnailUrl":"https:\/\/www.kliinikum.ee\/naistekliinik\/wp-content\/uploads\/2020\/10\/naise-steriliseerimine.jpg","datePublished":"2020-10-07T06:09:05+00:00","dateModified":"2020-10-07T06:29:32+00:00","breadcrumb":{"@id":"https:\/\/www.kliinikum.ee\/naistekliinik\/patsiendile\/naistehaigused-ja-protseduurid\/naise-steriliseerimine\/#breadcrumb"},"inLanguage":"et","potentialAction":[{"@type":"ReadAction","target":["https:\/\/www.kliinikum.ee\/naistekliinik\/patsiendile\/naistehaigused-ja-protseduurid\/naise-steriliseerimine\/"]}]},{"@type":"ImageObject","inLanguage":"et","@id":"https:\/\/www.kliinikum.ee\/naistekliinik\/patsiendile\/naistehaigused-ja-protseduurid\/naise-steriliseerimine\/#primaryimage","url":"https:\/\/www.kliinikum.ee\/naistekliinik\/wp-content\/uploads\/2020\/10\/naise-steriliseerimine.jpg","contentUrl":"https:\/\/www.kliinikum.ee\/naistekliinik\/wp-content\/uploads\/2020\/10\/naise-steriliseerimine.jpg","width":324,"height":193},{"@type":"BreadcrumbList","@id":"https:\/\/www.kliinikum.ee\/naistekliinik\/patsiendile\/naistehaigused-ja-protseduurid\/naise-steriliseerimine\/#breadcrumb","itemListElement":[{"@type":"ListItem","position":1,"name":"Home","item":"https:\/\/www.kliinikum.ee\/naistekliinik\/"},{"@type":"ListItem","position":2,"name":"Patsiendile","item":"https:\/\/www.kliinikum.ee\/naistekliinik\/patsiendile\/"},{"@type":"ListItem","position":3,"name":"Naistehaigused ja protseduurid","item":"https:\/\/www.kliinikum.ee\/naistekliinik\/patsiendile\/naistehaigused-ja-protseduurid\/"},{"@type":"ListItem","position":4,"name":"Naise steriliseerimine"}]},{"@type":"WebSite","@id":"https:\/\/www.kliinikum.ee\/naistekliinik\/#website","url":"https:\/\/www.kliinikum.ee\/naistekliinik\/","name":"Naistekliinik","description":"Hoolivus P\u00e4devus Usaldusv\u00e4\u00e4rsus","potentialAction":[{"@type":"SearchAction","target":{"@type":"EntryPoint","urlTemplate":"https:\/\/www.kliinikum.ee\/naistekliinik\/?s={search_term_string}"},"query-input":{"@type":"PropertyValueSpecification","valueRequired":true,"valueName":"search_term_string"}}],"inLanguage":"et"}]}},"coauthors":[],"author_meta":{"author_link":"https:\/\/www.kliinikum.ee\/naistekliinik\/author\/haldur\/","display_name":"Haldur"},"relative_dates":{"created":"Posted 6 aastat ago","modified":"Updated 6 aastat ago"},"absolute_dates":{"created":"Posted on 7. okt. 2020","modified":"Updated on 7. okt. 2020"},"absolute_dates_time":{"created":"Posted on 7. okt. 2020 09:09","modified":"Updated on 7. okt. 2020 09:29"},"featured_img_caption":"","featured_img":false,"series_order":"","_links":{"self":[{"href":"https:\/\/www.kliinikum.ee\/naistekliinik\/wp-json\/wp\/v2\/pages\/564","targetHints":{"allow":["GET"]}}],"collection":[{"href":"https:\/\/www.kliinikum.ee\/naistekliinik\/wp-json\/wp\/v2\/pages"}],"about":[{"href":"https:\/\/www.kliinikum.ee\/naistekliinik\/wp-json\/wp\/v2\/types\/page"}],"author":[{"embeddable":true,"href":"https:\/\/www.kliinikum.ee\/naistekliinik\/wp-json\/wp\/v2\/users\/11"}],"replies":[{"embeddable":true,"href":"https:\/\/www.kliinikum.ee\/naistekliinik\/wp-json\/wp\/v2\/comments?post=564"}],"version-history":[{"count":0,"href":"https:\/\/www.kliinikum.ee\/naistekliinik\/wp-json\/wp\/v2\/pages\/564\/revisions"}],"up":[{"embeddable":true,"href":"https:\/\/www.kliinikum.ee\/naistekliinik\/wp-json\/wp\/v2\/pages\/514"}],"wp:attachment":[{"href":"https:\/\/www.kliinikum.ee\/naistekliinik\/wp-json\/wp\/v2\/media?parent=564"}],"curies":[{"name":"wp","href":"https:\/\/api.w.org\/{rel}","templated":true}]}}