{"id":566,"date":"2020-10-07T09:10:17","date_gmt":"2020-10-07T06:10:17","guid":{"rendered":"https:\/\/www.kliinikum.ee\/naistekliinik_uus\/?page_id=566"},"modified":"2020-10-07T09:10:18","modified_gmt":"2020-10-07T06:10:18","slug":"uriinipidamatuse-ravi-noelsuspensiooni-meetodil","status":"publish","type":"page","link":"https:\/\/www.kliinikum.ee\/naistekliinik\/patsiendile\/naistehaigused-ja-protseduurid\/uriinipidamatuse-ravi-noelsuspensiooni-meetodil\/","title":{"rendered":"Uriinipidamatuse ravi n\u00f5elsuspensiooni meetodil"},"content":{"rendered":"\n<p class=\"wp-el\">Mitmed uurimused v\u00e4idavad, et umbes 10% naistest kannatavad regulaarse uriinipidamatuse all. Selle haiguse t\u00f5en\u00e4osus s\u00f5ltub eelnenud s\u00fcnnituste arvust ja naise vanusest. \u00dcle 65-aastastel v\u00f5ib uriinipidamatust esineda umbes 20%.<br>Sagedasemad uriinipidamatust soodustavad tegurid on<\/p>\n\n\n\n<p class=\"wp-el\">\u2022 rasedus ja s\u00fcnnitus, s\u00fcnnitraumad (s\u00fcnnitusteede vigastused)<br>\u2022 kaasas\u00fcndinud sidekoe n\u00f5rkus<br>\u2022 \u00fcleminekuperiood e. klimakteerium (tingituna \u00f6strogeenvaegusest)<br>\u2022 raske f\u00fc\u00fcsiline koormus<br>\u2022 vananemisega seotud muutused (p\u00f5ie maht ja elastsus v\u00e4henevad)<br>\u2022 eelnenud operatsioonid tupe piirkonnas<br>\u2022 neuroloogilised haigused<br>\u2022 seljaaju kahjustused<\/p>\n\n\n\n<p class=\"wp-el\">Uriinipidamise h\u00e4ireid on mitmesuguseid, neist sagedamini esinevad pingutus- ja sunduriinipidamatus. Pingutusuriinipidamatus (esinemissagedus 20 &#8211; 40%) on tahtmatu uriini leke pingutusel (h\u00fcppamisel, jooksmisel jne.) tingituna madalast kusitisisest r\u00f5hust, vaagna sidekoe ja lihaste n\u00f5rkusest. Kergemate vormide korral v\u00f5ib abi spetsiaalsetest v\u00f5imlemisharjutustest v\u00f5i ravimitest. Sunduriinipidamatuse (esinemissagedus 14%) puhul on viga kusep\u00f5ie t\u00e4itumise kontrollis. P\u00f5ie \u00e4rritatavus on t\u00f5usnud ja urineerimisrefleksi tagasihoidmine on halvenenud.<br>Kirurgiline ravi on n\u00e4idustatud siis, kui on tegemist pingutus- v\u00f5i segat\u00fc\u00fcpi uriinipidamatusega. Viimase puhul esinevad korraga m\u00f5lemad haigusevormid. Segat\u00fc\u00fcpi uriinipidamatuse vormi esineb 32% k\u00f5ikidest uriinipidamatuse vormidest. Diagnoosi t\u00e4psustamiseks on oluline teada teie tervislikku seisundit, p\u00f5etud haiguseid, kasutatavaid ravimeid, teavet raseduste ja s\u00fcnnituste kohta, kaebuste iseloomu ning muud. Vajalikud on kliinilised lisauuringud. T\u00e4pseks diagnoosimiseks peate t\u00e4itma ka k\u00fcsimustiku, mis aitab valida \u00f5ige ravimeetodi.<br>Kirurgilise ravi korral tulete g\u00fcnekoloogia p\u00e4evastatsionaari operatsiooni toimumise p\u00e4eval. Juhul, kui soovite operatsiooni narkoosis, siis peate olema s\u00f6\u00f6mata &#8211; joomata v\u00e4hemalt 6 tundi. Enne operatsiooni ei tohi suitsetada ega n\u00e4rida n\u00e4rimiskummi, et v\u00e4ltida oksendamist ja happelise maosisu sattumist kopsudesse. Operatsiooni v\u00f5ib teha ka kohaliku tuimestusega. Operatsiooni kestvus on 15-30 min.<\/p>\n\n\n\n<p class=\"wp-el\"><strong>Operatsiooni kirjeldus<br><\/strong>Uriinipidamatuse operatsiooni eesm\u00e4rgiks on kusiti-p\u00f5ie \u00fchenduse t\u00f5stmine, et kusiti ei avaneks f\u00fc\u00fcsilise pingutuse ajal.<\/p>\n\n\n\n<p class=\"wp-el\"><strong>Lingumeetod:<br><\/strong>Toestuseks kasutatakse spetsiaalsest materjalist lingu, mida asetatakse tupe kaudu kusiti alla. Olenevalt operatsiooni meetodist ling asetatakse spetsiaalse n\u00f5elaga kubeme piirkonna kaudu v\u00f5i h\u00e4bemeluu eest k\u00f5hu eesseina kaudu. Eelnevalt tehakse sinna kaks 0,5cm pikkust nahal\u00f5iget ja 1cm l\u00f5ige kusiti alla tupe limaskestale, mis hiljem suletakse. Niidid sulavad ise \u00fche n\u00e4dala m\u00f6\u00f6dudes. Minilingu meetodil tehakse ainult 1cm l\u00f5ige kusiti alla tupe limaskestale. Nahal\u00f5ikeid ei tehta lisaks. Millist linguoperatsiooni teie puhul kasutatakse, otsustab teie arst.<\/p>\n\n\n\n<p class=\"wp-el\"><strong>Operatsioonij\u00e4rgne periood<br><\/strong>Olenevalt Teie tervislikust seisundist lubatakse koju samal v\u00f5i j\u00e4rgmisel p\u00e4eval. Kahe n\u00e4dala jooksul p\u00e4rast operatsiooni tuleb v\u00e4ltida raskuste t\u00f5stmist (\u00fcle 5 kg). Kui teete f\u00fc\u00fcsiliselt kerget t\u00f6\u00f6d, v\u00f5ite t\u00f6\u00f6le minna j\u00e4rgmisel p\u00e4eval p\u00e4rast haiglast koju minekut. Vajadusel v\u00e4ljastatakse Teile t\u00f6\u00f6v\u00f5imetusleht.<br>G\u00fcnekoloogilisele kontrollile on vajalik minna 1 kuu m\u00f6\u00f6dumisel operatsioonist.<br>Kindlasti tuleb arsti poole p\u00f6\u00f6rduda, kui operatsiooni j\u00e4rgselt tekib :<\/p>\n\n\n\n<p class=\"wp-el\">\u2022 temperatuuri t\u00f5us \u00fcle 37.5 C<br>\u2022 tugev valu k\u00f5hus<br>\u2022 verejooks tupest<br>\u2022 urineerimish\u00e4irete korral<\/p>\n\n\n\n<p class=\"wp-el\"><strong>Operatsiooni v\u00f5imalikud t\u00fcsistused<br><\/strong>\u00dckski kirurgiline vahelesegamine ei ole riskivaba ning ka k\u00e4esoleva l\u00f5ikuse korral v\u00f5ivad tekkida t\u00fcsistused. P\u00f5ie vigastus \u00fcliharva, urineerimish\u00e4ireid esineb 2-3%, verejookse 0.5%, hilisemalt verevalumeid 1,5%, s\u00fcvaveenide tromboosi 0.7%, haavinfektsiooni 0.1% juhtudest.<br>Lingumeetodit peetakse teistest operatsioonidest v\u00e4hem traumeerivamaks. Meetodi efektiivsus on k\u00f5rge &#8211; kuni 90%-l patsientidest kaovad uriinipidamatuse kaebused.<\/p>\n","protected":false},"excerpt":{"rendered":"<p>Mitmed uurimused v\u00e4idavad, et umbes 10% naistest kannatavad regulaarse uriinipidamatuse all. Selle haiguse t\u00f5en\u00e4osus s\u00f5ltub eelnenud s\u00fcnnituste arvust ja naise&#8230;<\/p>\n","protected":false},"author":11,"featured_media":0,"parent":514,"menu_order":90,"comment_status":"closed","ping_status":"closed","template":"","meta":{"_acf_changed":false,"inline_featured_image":false,"advgb_blocks_editor_width":"","advgb_blocks_columns_visual_guide":"","footnotes":"","_links_to":"","_links_to_target":""},"class_list":["post-566","page","type-page","status-publish","hentry"],"acf":[],"yoast_head":"<!-- This site is optimized with the Yoast SEO plugin v27.3 - https:\/\/yoast.com\/product\/yoast-seo-wordpress\/ -->\n<title>Uriinipidamatuse ravi n\u00f5elsuspensiooni meetodil - Naistekliinik<\/title>\n<meta name=\"robots\" content=\"index, follow, max-snippet:-1, max-image-preview:large, max-video-preview:-1\" \/>\n<link rel=\"canonical\" href=\"https:\/\/www.kliinikum.ee\/naistekliinik\/patsiendile\/naistehaigused-ja-protseduurid\/uriinipidamatuse-ravi-noelsuspensiooni-meetodil\/\" \/>\n<meta property=\"og:locale\" content=\"et_EE\" \/>\n<meta property=\"og:type\" content=\"article\" \/>\n<meta property=\"og:title\" content=\"Uriinipidamatuse ravi n\u00f5elsuspensiooni meetodil - Naistekliinik\" \/>\n<meta property=\"og:description\" content=\"Mitmed uurimused v\u00e4idavad, et umbes 10% naistest kannatavad regulaarse uriinipidamatuse all. Selle haiguse t\u00f5en\u00e4osus s\u00f5ltub eelnenud s\u00fcnnituste arvust ja naise...\" \/>\n<meta property=\"og:url\" content=\"https:\/\/www.kliinikum.ee\/naistekliinik\/patsiendile\/naistehaigused-ja-protseduurid\/uriinipidamatuse-ravi-noelsuspensiooni-meetodil\/\" \/>\n<meta property=\"og:site_name\" content=\"Naistekliinik\" \/>\n<meta property=\"article:modified_time\" content=\"2020-10-07T06:10:18+00:00\" \/>\n<meta name=\"twitter:card\" content=\"summary_large_image\" \/>\n<meta name=\"twitter:label1\" content=\"Est. reading time\" \/>\n\t<meta name=\"twitter:data1\" content=\"3 minutit\" \/>\n<script type=\"application\/ld+json\" class=\"yoast-schema-graph\">{\"@context\":\"https:\\\/\\\/schema.org\",\"@graph\":[{\"@type\":\"WebPage\",\"@id\":\"https:\\\/\\\/www.kliinikum.ee\\\/naistekliinik\\\/patsiendile\\\/naistehaigused-ja-protseduurid\\\/uriinipidamatuse-ravi-noelsuspensiooni-meetodil\\\/\",\"url\":\"https:\\\/\\\/www.kliinikum.ee\\\/naistekliinik\\\/patsiendile\\\/naistehaigused-ja-protseduurid\\\/uriinipidamatuse-ravi-noelsuspensiooni-meetodil\\\/\",\"name\":\"Uriinipidamatuse ravi n\u00f5elsuspensiooni meetodil - Naistekliinik\",\"isPartOf\":{\"@id\":\"https:\\\/\\\/www.kliinikum.ee\\\/naistekliinik\\\/#website\"},\"datePublished\":\"2020-10-07T06:10:17+00:00\",\"dateModified\":\"2020-10-07T06:10:18+00:00\",\"breadcrumb\":{\"@id\":\"https:\\\/\\\/www.kliinikum.ee\\\/naistekliinik\\\/patsiendile\\\/naistehaigused-ja-protseduurid\\\/uriinipidamatuse-ravi-noelsuspensiooni-meetodil\\\/#breadcrumb\"},\"inLanguage\":\"et\",\"potentialAction\":[{\"@type\":\"ReadAction\",\"target\":[\"https:\\\/\\\/www.kliinikum.ee\\\/naistekliinik\\\/patsiendile\\\/naistehaigused-ja-protseduurid\\\/uriinipidamatuse-ravi-noelsuspensiooni-meetodil\\\/\"]}]},{\"@type\":\"BreadcrumbList\",\"@id\":\"https:\\\/\\\/www.kliinikum.ee\\\/naistekliinik\\\/patsiendile\\\/naistehaigused-ja-protseduurid\\\/uriinipidamatuse-ravi-noelsuspensiooni-meetodil\\\/#breadcrumb\",\"itemListElement\":[{\"@type\":\"ListItem\",\"position\":1,\"name\":\"Home\",\"item\":\"https:\\\/\\\/www.kliinikum.ee\\\/naistekliinik\\\/\"},{\"@type\":\"ListItem\",\"position\":2,\"name\":\"Patsiendile\",\"item\":\"https:\\\/\\\/www.kliinikum.ee\\\/naistekliinik\\\/patsiendile\\\/\"},{\"@type\":\"ListItem\",\"position\":3,\"name\":\"Naistehaigused ja protseduurid\",\"item\":\"https:\\\/\\\/www.kliinikum.ee\\\/naistekliinik\\\/patsiendile\\\/naistehaigused-ja-protseduurid\\\/\"},{\"@type\":\"ListItem\",\"position\":4,\"name\":\"Uriinipidamatuse ravi n\u00f5elsuspensiooni meetodil\"}]},{\"@type\":\"WebSite\",\"@id\":\"https:\\\/\\\/www.kliinikum.ee\\\/naistekliinik\\\/#website\",\"url\":\"https:\\\/\\\/www.kliinikum.ee\\\/naistekliinik\\\/\",\"name\":\"Naistekliinik\",\"description\":\"Hoolivus P\u00e4devus Usaldusv\u00e4\u00e4rsus\",\"potentialAction\":[{\"@type\":\"SearchAction\",\"target\":{\"@type\":\"EntryPoint\",\"urlTemplate\":\"https:\\\/\\\/www.kliinikum.ee\\\/naistekliinik\\\/?s={search_term_string}\"},\"query-input\":{\"@type\":\"PropertyValueSpecification\",\"valueRequired\":true,\"valueName\":\"search_term_string\"}}],\"inLanguage\":\"et\"}]}<\/script>\n<!-- \/ Yoast SEO plugin. -->","yoast_head_json":{"title":"Uriinipidamatuse ravi n\u00f5elsuspensiooni meetodil - Naistekliinik","robots":{"index":"index","follow":"follow","max-snippet":"max-snippet:-1","max-image-preview":"max-image-preview:large","max-video-preview":"max-video-preview:-1"},"canonical":"https:\/\/www.kliinikum.ee\/naistekliinik\/patsiendile\/naistehaigused-ja-protseduurid\/uriinipidamatuse-ravi-noelsuspensiooni-meetodil\/","og_locale":"et_EE","og_type":"article","og_title":"Uriinipidamatuse ravi n\u00f5elsuspensiooni meetodil - Naistekliinik","og_description":"Mitmed uurimused v\u00e4idavad, et umbes 10% naistest kannatavad regulaarse uriinipidamatuse all. Selle haiguse t\u00f5en\u00e4osus s\u00f5ltub eelnenud s\u00fcnnituste arvust ja naise...","og_url":"https:\/\/www.kliinikum.ee\/naistekliinik\/patsiendile\/naistehaigused-ja-protseduurid\/uriinipidamatuse-ravi-noelsuspensiooni-meetodil\/","og_site_name":"Naistekliinik","article_modified_time":"2020-10-07T06:10:18+00:00","twitter_card":"summary_large_image","twitter_misc":{"Est. reading time":"3 minutit"},"schema":{"@context":"https:\/\/schema.org","@graph":[{"@type":"WebPage","@id":"https:\/\/www.kliinikum.ee\/naistekliinik\/patsiendile\/naistehaigused-ja-protseduurid\/uriinipidamatuse-ravi-noelsuspensiooni-meetodil\/","url":"https:\/\/www.kliinikum.ee\/naistekliinik\/patsiendile\/naistehaigused-ja-protseduurid\/uriinipidamatuse-ravi-noelsuspensiooni-meetodil\/","name":"Uriinipidamatuse ravi n\u00f5elsuspensiooni meetodil - Naistekliinik","isPartOf":{"@id":"https:\/\/www.kliinikum.ee\/naistekliinik\/#website"},"datePublished":"2020-10-07T06:10:17+00:00","dateModified":"2020-10-07T06:10:18+00:00","breadcrumb":{"@id":"https:\/\/www.kliinikum.ee\/naistekliinik\/patsiendile\/naistehaigused-ja-protseduurid\/uriinipidamatuse-ravi-noelsuspensiooni-meetodil\/#breadcrumb"},"inLanguage":"et","potentialAction":[{"@type":"ReadAction","target":["https:\/\/www.kliinikum.ee\/naistekliinik\/patsiendile\/naistehaigused-ja-protseduurid\/uriinipidamatuse-ravi-noelsuspensiooni-meetodil\/"]}]},{"@type":"BreadcrumbList","@id":"https:\/\/www.kliinikum.ee\/naistekliinik\/patsiendile\/naistehaigused-ja-protseduurid\/uriinipidamatuse-ravi-noelsuspensiooni-meetodil\/#breadcrumb","itemListElement":[{"@type":"ListItem","position":1,"name":"Home","item":"https:\/\/www.kliinikum.ee\/naistekliinik\/"},{"@type":"ListItem","position":2,"name":"Patsiendile","item":"https:\/\/www.kliinikum.ee\/naistekliinik\/patsiendile\/"},{"@type":"ListItem","position":3,"name":"Naistehaigused ja protseduurid","item":"https:\/\/www.kliinikum.ee\/naistekliinik\/patsiendile\/naistehaigused-ja-protseduurid\/"},{"@type":"ListItem","position":4,"name":"Uriinipidamatuse ravi n\u00f5elsuspensiooni meetodil"}]},{"@type":"WebSite","@id":"https:\/\/www.kliinikum.ee\/naistekliinik\/#website","url":"https:\/\/www.kliinikum.ee\/naistekliinik\/","name":"Naistekliinik","description":"Hoolivus P\u00e4devus Usaldusv\u00e4\u00e4rsus","potentialAction":[{"@type":"SearchAction","target":{"@type":"EntryPoint","urlTemplate":"https:\/\/www.kliinikum.ee\/naistekliinik\/?s={search_term_string}"},"query-input":{"@type":"PropertyValueSpecification","valueRequired":true,"valueName":"search_term_string"}}],"inLanguage":"et"}]}},"coauthors":[],"author_meta":{"author_link":"https:\/\/www.kliinikum.ee\/naistekliinik\/author\/haldur\/","display_name":"Haldur"},"relative_dates":{"created":"Posted 6 aastat ago","modified":"Updated 6 aastat ago"},"absolute_dates":{"created":"Posted on 7. okt. 2020","modified":"Updated on 7. okt. 2020"},"absolute_dates_time":{"created":"Posted on 7. okt. 2020 09:10","modified":"Updated on 7. okt. 2020 09:10"},"featured_img_caption":"","featured_img":false,"series_order":"","_links":{"self":[{"href":"https:\/\/www.kliinikum.ee\/naistekliinik\/wp-json\/wp\/v2\/pages\/566","targetHints":{"allow":["GET"]}}],"collection":[{"href":"https:\/\/www.kliinikum.ee\/naistekliinik\/wp-json\/wp\/v2\/pages"}],"about":[{"href":"https:\/\/www.kliinikum.ee\/naistekliinik\/wp-json\/wp\/v2\/types\/page"}],"author":[{"embeddable":true,"href":"https:\/\/www.kliinikum.ee\/naistekliinik\/wp-json\/wp\/v2\/users\/11"}],"replies":[{"embeddable":true,"href":"https:\/\/www.kliinikum.ee\/naistekliinik\/wp-json\/wp\/v2\/comments?post=566"}],"version-history":[{"count":0,"href":"https:\/\/www.kliinikum.ee\/naistekliinik\/wp-json\/wp\/v2\/pages\/566\/revisions"}],"up":[{"embeddable":true,"href":"https:\/\/www.kliinikum.ee\/naistekliinik\/wp-json\/wp\/v2\/pages\/514"}],"wp:attachment":[{"href":"https:\/\/www.kliinikum.ee\/naistekliinik\/wp-json\/wp\/v2\/media?parent=566"}],"curies":[{"name":"wp","href":"https:\/\/api.w.org\/{rel}","templated":true}]}}