{"id":571,"date":"2020-10-07T09:13:28","date_gmt":"2020-10-07T06:13:28","guid":{"rendered":"https:\/\/www.kliinikum.ee\/naistekliinik_uus\/?page_id=571"},"modified":"2020-10-07T09:31:07","modified_gmt":"2020-10-07T06:31:07","slug":"avatud-kohuoone-operatsioonid-gunekoloogias","status":"publish","type":"page","link":"https:\/\/www.kliinikum.ee\/naistekliinik\/patsiendile\/naistehaigused-ja-protseduurid\/avatud-kohuoone-operatsioonid-gunekoloogias\/","title":{"rendered":"Avatud k\u00f5hu\u00f5\u00f5ne operatsioonid g\u00fcnekoloogias"},"content":{"rendered":"\n<p class=\"wp-el\">Mitmed g\u00fcnekoloogilised haigused vajavad kirurgilist ravi. Ligip\u00e4\u00e4suks opereeritavale piirkonnale kasutatakse erinevaid meetodeid, \u00fcheks neist on avatud l\u00f5ikus l\u00e4bi k\u00f5hu eesseina. Sagedastemaks p\u00f5hjusteks avatud l\u00f5ikuste teostamiseks on emaka verejooks, emaka healoomuline lihaskoekasvaja (m\u00fcoom) v\u00f5i pahaloomuline kasvaja, aga ka munasarja ja munajuhade m\u00e4dap\u00f5letik v\u00f5i suurem\u00f5\u00f5tmelised ts\u00fcstid.<\/p>\n\n\n\n<figure class=\"wp-block-image size-large\"><img loading=\"lazy\" decoding=\"async\" width=\"200\" height=\"223\" src=\"https:\/\/www.kliinikum.ee\/naistekliinik\/wp-content\/uploads\/2020\/10\/avatud-kohuoone-operatsioonid-gunekoloogias.jpg\" alt=\"\" class=\"wp-image-595\" \/><\/figure>\n\n\n\n<p class=\"wp-el\"><strong>Operatsiooni kulg<br><\/strong>A &#8211; nahal\u00f5ige k\u00f5hu keskjoonel<br>B &#8211; nahal\u00f5ige Pfannenstieli j\u00e4rgi<br>\u00dcldjuhul teostatakse operatsioon \u00fcldnarkoosis. Nahal\u00f5ige teostatakse kas k\u00f5hu alaosas horisontaalselt piki p\u00fcksi serva kulgu (nn Pfannenstieli l\u00f5ige ) v\u00f5i k\u00f5hu keskjoonel nabast kuni m\u00f5ne cm k\u00f5rguseni h\u00e4bemeluust. Nahal\u00f5ike valik oleneb planeeritava l\u00f5ikuse mahust, emaka v\u00f5i ts\u00fcsti suurusest, varasemate k\u00f5hu\u00f5\u00f5ne l\u00f5ikuste armide paiknemisest, rasvkoe hulgast k\u00f5hueesseinal jne.<br>Operatsiooni k\u00e4igus eemaldatakse haiguslikult muutunud piirkond, l\u00f5ikuse maht oleneb haiguse iseloomust ja patsiendi seisundist. Kui operatsiooni k\u00e4igus selgub, et tegemist on pahaloomulise kasvajalise protsessiga, eemaldatakse tavaliselt emakas koos emakakaela, munajuhade ja munasarjadega. Healoomulise protsessi korral piirdutakse vaid kahjustatud organite v\u00f5i nende osade eemaldamisega. Menopausis patsientidel v\u00f5ib k\u00f5ne alla tulla v\u00e4liselt normaalsete munasarjade eemaldamine, kuna nende funktsioon on langenud.<br>Reeglina koostatakse operatsiooni plaan Teid opereeriva arsti ja Teie poolt enne planeeritavat operatsiooni g\u00fcnekoloogia osakonnas, kusjuures arvestatakse v\u00f5imalusel ka Teiepoolseid soove. Arst informeerib eelnevalt Teid operatsiooni mahu v\u00f5imalikust suurenemisest, juhul kui operatsiooni ajal ilmneb prognoositust erinev leid.<\/p>\n\n\n\n<p class=\"wp-el\"><strong>Operatsioonij\u00e4rgne periood<br><\/strong>Operatsioonij\u00e4rgselt viiakse Teid j\u00e4lgimisele intensiivravi palatisse. G\u00fcnekoloogia osakonna palatisse viiakse Teid \u00fcle Teie seisundist s\u00f5ltuvalt kas j\u00e4rgmisel v\u00f5i \u00fclej\u00e4rgmisel p\u00e4eval. Kusep\u00f5ie kateeter eemaldatakse tavaliselt j\u00e4rgmisel p\u00e4eval p\u00e4rast operatsiooni. Veenikan\u00fc\u00fcl j\u00e4\u00e4b veeni kauemaks, kuna v\u00f5ib osutuda vajalikuks manustada Teile ravimeid.<br>Operatsiooni ajal eemaldatud koed saadetakse histoloogilisele uuringule. Uuringu vastuse saadame Teid operatsioonile suunanud arsti k\u00e4tte orienteeruvalt 2 n\u00e4dala m\u00f6\u00f6dudes. Histoloogiline uuring v\u00f5imaldab kinnitada ja t\u00e4psustada diagnoosi.<br>Haiglaravi kestab tavaliselt 5-7 p\u00e4eva. Niidid eemaldatakse operatsioonihaavalt s\u00f5ltuvalt l\u00f5ikusest 7-10 p\u00e4eval. V\u00e4hese m\u00e4\u00e4riva vooluse ja veritsuse esinemine p\u00e4rast operatsiooni on tavap\u00e4rane. Arsti poole tuleb p\u00f6\u00f6rduda, kui veritsus muutub rohkeks, eritub helepunast verd, tekib tugev valu v\u00f5i kehatemperatuuri t\u00f5us &gt;37,5?C.<br>Haiguslehel viibite operatsiooni j\u00e4rgselt olenevalt seisundist 3-6 n\u00e4dalat. Haiguslehte pikendab vajadusel Teid operatsioonile suunanud raviarst.<br>Kui operatsiooni k\u00e4igus eemaldatakse emakas, siis menstruatsioonid lakkavad ja ei ole v\u00f5imalik enam rasestuda. Juhul kui eemaldatakse t\u00e4ielikult m\u00f5lemad munasarjad, on soovitav alustada hormoonasendusravi.<br>T\u00e4psema raviplaani koostab Teie raviarst olenevalt Teie vanusest ja haigustest.<br>1-2 kuu jooksul p\u00e4rast operatsiooni tuleb v\u00e4ltida raskuste t\u00f5stmist ( &gt; 5-6 kg ).<br>Suguelu ei ole lubatud, kui esineb m\u00e4\u00e4rivat voolust v\u00f5i veritsust tupest (v\u00e4hemalt 3-4 n\u00e4dalat p\u00e4rast operatsiooni). Operatsiooniarm k\u00f5hul paraneb t\u00e4ielikult m\u00f5ne kuu jooksul. Selle aja jooksul kaob operatsioonij\u00e4rgne nahaalune turse, taastub nahatundlikkus armi piirkonnas ja arm kootub valkjaks.<\/p>\n\n\n\n<p class=\"wp-el\"><strong>V\u00f5imalikud t\u00fcsistused<br><\/strong>Operatsiooni ajal v\u00f5ib selguda, et eelnevalt koostatud operatsiooni plaani ei \u00f5nnestu t\u00e4ies mahus teostada. See v\u00f5ib olla tingitud Teie anatoomilistest ise\u00e4rasustest, kaasuvatest haigustest, haigusprotsessi eeldatust suuremast ulatusest. Sagedasemaks t\u00fcsistuseks on tavap\u00e4rasest suurem verekaotus operatsiooni ajal ja operatsiooni j\u00e4rgselt, mis v\u00f5ib vajada vereasendajate ja\/v\u00f5i vere \u00fclekannet. V\u00f5ib tekkida operatsiooni j\u00e4rgne haava v\u00f5i seesmiste organite p\u00f5letik, mis vajab pikemaaegselt antibakteriaalset ravi. Harva esineb k\u00f5rvalpaiknevate organite: kusep\u00f5ie, kusejuha ja soole vigastust. Vigastatud organite terviklikkus taastatakse operatsiooni k\u00e4igus. Operatsiooni ajal saavad vigastada mitmed n\u00e4rvid, eelk\u00f5ige nahan\u00e4rvid, mist\u00f5ttu operatsiooni haava piirkond v\u00f5ib olla l\u00f5ikuse j\u00e4rgselt mitmel kuul tavap\u00e4rasest madalama tundlikkusega. Vaatamata veenitromboosi prof\u00fclaktikale (tugisukad, vajadusel vere h\u00fc\u00fcbimist v\u00e4hendavad ravimid) v\u00f5ib harvadel juhtudel esineda tromboosi (veresoone ummistumine vereh\u00fc\u00fcbega). V\u00f5imalikud on narkoosi t\u00fcsistused. \u00dcldnarkoosi puhul on v\u00f5imalikud ravimite \u00fclitundlikkusest tingitud reaktsioonid ja toidu ning joomise keelu eiramisest tingitud oksendamine narkoosi ajal, sellele j\u00e4rgnev oksemasside sattumine hingamisteedesse ja l\u00e4mbumine. Anatoomilisest ise\u00e4rasusest tingituna v\u00f5ib eba\u00f5nnestuda intubatsioonitoru viimine hingamisteedesse.Et viia operatsiooni ja narkoosiga seotud t\u00fcsistuste tekkimise risk v\u00f5imalikult v\u00e4ikeseks palume Teid informeerida arsti:<\/p>\n\n\n\n<p class=\"wp-el\">\u2022 Oma teadaolevatest haigustest ja tarvitatavatest ravimitest. Operatsiooni p\u00e4eval v\u00f5ib ravimeid kasutada ainult kokkuleppel arstiga<br>\u2022 Oma tervislikust seisundist operatsioonile tulles ( nt. viirusinfektsioon )<br>\u2022 Teadaolevast \u00fclitundlikkusest ravimitele<\/p>\n\n\n\n<p class=\"wp-el\">Operatsioonip\u00e4eval peate olema s\u00f6\u00f6mata-joomata v\u00e4hemalt 6 tundi enne operatsiooni.<br>Operatsiooni p\u00e4eval ei tohi suitsetada ega n\u00e4rida n\u00e4rimiskummi, et v\u00e4ltida oksendamist ja happelise maosisu sattumist kopsudesse.<br>Operatsioonile eelneva dieedi ja lahtistite kasutamise osas j\u00e4rgige arsti soovitusi.<\/p>\n","protected":false},"excerpt":{"rendered":"<p>Mitmed g\u00fcnekoloogilised haigused vajavad kirurgilist ravi. Ligip\u00e4\u00e4suks opereeritavale piirkonnale kasutatakse erinevaid meetodeid, \u00fcheks neist on avatud l\u00f5ikus l\u00e4bi k\u00f5hu eesseina&#8230;.<\/p>\n","protected":false},"author":11,"featured_media":0,"parent":514,"menu_order":110,"comment_status":"closed","ping_status":"closed","template":"","meta":{"_acf_changed":false,"inline_featured_image":false,"advgb_blocks_editor_width":"","advgb_blocks_columns_visual_guide":"","footnotes":"","_links_to":"","_links_to_target":""},"class_list":["post-571","page","type-page","status-publish","hentry"],"acf":[],"yoast_head":"<!-- This site is optimized with the Yoast SEO plugin v27.5 - https:\/\/yoast.com\/product\/yoast-seo-wordpress\/ -->\n<title>Avatud k\u00f5hu\u00f5\u00f5ne operatsioonid g\u00fcnekoloogias - Naistekliinik<\/title>\n<meta name=\"robots\" content=\"index, follow, max-snippet:-1, max-image-preview:large, max-video-preview:-1\" \/>\n<link rel=\"canonical\" href=\"https:\/\/www.kliinikum.ee\/naistekliinik\/patsiendile\/naistehaigused-ja-protseduurid\/avatud-kohuoone-operatsioonid-gunekoloogias\/\" \/>\n<meta property=\"og:locale\" content=\"et_EE\" \/>\n<meta property=\"og:type\" content=\"article\" \/>\n<meta property=\"og:title\" content=\"Avatud k\u00f5hu\u00f5\u00f5ne operatsioonid g\u00fcnekoloogias - Naistekliinik\" \/>\n<meta property=\"og:description\" content=\"Mitmed g\u00fcnekoloogilised haigused vajavad kirurgilist ravi. Ligip\u00e4\u00e4suks opereeritavale piirkonnale kasutatakse erinevaid meetodeid, \u00fcheks neist on avatud l\u00f5ikus l\u00e4bi k\u00f5hu eesseina....\" \/>\n<meta property=\"og:url\" content=\"https:\/\/www.kliinikum.ee\/naistekliinik\/patsiendile\/naistehaigused-ja-protseduurid\/avatud-kohuoone-operatsioonid-gunekoloogias\/\" \/>\n<meta property=\"og:site_name\" content=\"Naistekliinik\" \/>\n<meta property=\"article:modified_time\" content=\"2020-10-07T06:31:07+00:00\" \/>\n<meta property=\"og:image\" content=\"https:\/\/www.kliinikum.ee\/naistekliinik\/wp-content\/uploads\/2020\/10\/avatud-kohuoone-operatsioonid-gunekoloogias.jpg\" \/>\n<meta name=\"twitter:card\" content=\"summary_large_image\" \/>\n<meta name=\"twitter:label1\" content=\"Est. reading time\" \/>\n\t<meta name=\"twitter:data1\" content=\"4 minutit\" \/>\n<script type=\"application\/ld+json\" class=\"yoast-schema-graph\">{\"@context\":\"https:\\\/\\\/schema.org\",\"@graph\":[{\"@type\":\"WebPage\",\"@id\":\"https:\\\/\\\/www.kliinikum.ee\\\/naistekliinik\\\/patsiendile\\\/naistehaigused-ja-protseduurid\\\/avatud-kohuoone-operatsioonid-gunekoloogias\\\/\",\"url\":\"https:\\\/\\\/www.kliinikum.ee\\\/naistekliinik\\\/patsiendile\\\/naistehaigused-ja-protseduurid\\\/avatud-kohuoone-operatsioonid-gunekoloogias\\\/\",\"name\":\"Avatud k\u00f5hu\u00f5\u00f5ne operatsioonid g\u00fcnekoloogias - Naistekliinik\",\"isPartOf\":{\"@id\":\"https:\\\/\\\/www.kliinikum.ee\\\/naistekliinik\\\/#website\"},\"primaryImageOfPage\":{\"@id\":\"https:\\\/\\\/www.kliinikum.ee\\\/naistekliinik\\\/patsiendile\\\/naistehaigused-ja-protseduurid\\\/avatud-kohuoone-operatsioonid-gunekoloogias\\\/#primaryimage\"},\"image\":{\"@id\":\"https:\\\/\\\/www.kliinikum.ee\\\/naistekliinik\\\/patsiendile\\\/naistehaigused-ja-protseduurid\\\/avatud-kohuoone-operatsioonid-gunekoloogias\\\/#primaryimage\"},\"thumbnailUrl\":\"https:\\\/\\\/www.kliinikum.ee\\\/naistekliinik\\\/wp-content\\\/uploads\\\/2020\\\/10\\\/avatud-kohuoone-operatsioonid-gunekoloogias.jpg\",\"datePublished\":\"2020-10-07T06:13:28+00:00\",\"dateModified\":\"2020-10-07T06:31:07+00:00\",\"breadcrumb\":{\"@id\":\"https:\\\/\\\/www.kliinikum.ee\\\/naistekliinik\\\/patsiendile\\\/naistehaigused-ja-protseduurid\\\/avatud-kohuoone-operatsioonid-gunekoloogias\\\/#breadcrumb\"},\"inLanguage\":\"et\",\"potentialAction\":[{\"@type\":\"ReadAction\",\"target\":[\"https:\\\/\\\/www.kliinikum.ee\\\/naistekliinik\\\/patsiendile\\\/naistehaigused-ja-protseduurid\\\/avatud-kohuoone-operatsioonid-gunekoloogias\\\/\"]}]},{\"@type\":\"ImageObject\",\"inLanguage\":\"et\",\"@id\":\"https:\\\/\\\/www.kliinikum.ee\\\/naistekliinik\\\/patsiendile\\\/naistehaigused-ja-protseduurid\\\/avatud-kohuoone-operatsioonid-gunekoloogias\\\/#primaryimage\",\"url\":\"https:\\\/\\\/www.kliinikum.ee\\\/naistekliinik\\\/wp-content\\\/uploads\\\/2020\\\/10\\\/avatud-kohuoone-operatsioonid-gunekoloogias.jpg\",\"contentUrl\":\"https:\\\/\\\/www.kliinikum.ee\\\/naistekliinik\\\/wp-content\\\/uploads\\\/2020\\\/10\\\/avatud-kohuoone-operatsioonid-gunekoloogias.jpg\",\"width\":200,\"height\":223},{\"@type\":\"BreadcrumbList\",\"@id\":\"https:\\\/\\\/www.kliinikum.ee\\\/naistekliinik\\\/patsiendile\\\/naistehaigused-ja-protseduurid\\\/avatud-kohuoone-operatsioonid-gunekoloogias\\\/#breadcrumb\",\"itemListElement\":[{\"@type\":\"ListItem\",\"position\":1,\"name\":\"Home\",\"item\":\"https:\\\/\\\/www.kliinikum.ee\\\/naistekliinik\\\/\"},{\"@type\":\"ListItem\",\"position\":2,\"name\":\"Patsiendile\",\"item\":\"https:\\\/\\\/www.kliinikum.ee\\\/naistekliinik\\\/patsiendile\\\/\"},{\"@type\":\"ListItem\",\"position\":3,\"name\":\"Naistehaigused ja protseduurid\",\"item\":\"https:\\\/\\\/www.kliinikum.ee\\\/naistekliinik\\\/patsiendile\\\/naistehaigused-ja-protseduurid\\\/\"},{\"@type\":\"ListItem\",\"position\":4,\"name\":\"Avatud k\u00f5hu\u00f5\u00f5ne operatsioonid g\u00fcnekoloogias\"}]},{\"@type\":\"WebSite\",\"@id\":\"https:\\\/\\\/www.kliinikum.ee\\\/naistekliinik\\\/#website\",\"url\":\"https:\\\/\\\/www.kliinikum.ee\\\/naistekliinik\\\/\",\"name\":\"Naistekliinik\",\"description\":\"Hoolivus P\u00e4devus Usaldusv\u00e4\u00e4rsus\",\"potentialAction\":[{\"@type\":\"SearchAction\",\"target\":{\"@type\":\"EntryPoint\",\"urlTemplate\":\"https:\\\/\\\/www.kliinikum.ee\\\/naistekliinik\\\/?s={search_term_string}\"},\"query-input\":{\"@type\":\"PropertyValueSpecification\",\"valueRequired\":true,\"valueName\":\"search_term_string\"}}],\"inLanguage\":\"et\"}]}<\/script>\n<!-- \/ Yoast SEO plugin. -->","yoast_head_json":{"title":"Avatud k\u00f5hu\u00f5\u00f5ne operatsioonid g\u00fcnekoloogias - Naistekliinik","robots":{"index":"index","follow":"follow","max-snippet":"max-snippet:-1","max-image-preview":"max-image-preview:large","max-video-preview":"max-video-preview:-1"},"canonical":"https:\/\/www.kliinikum.ee\/naistekliinik\/patsiendile\/naistehaigused-ja-protseduurid\/avatud-kohuoone-operatsioonid-gunekoloogias\/","og_locale":"et_EE","og_type":"article","og_title":"Avatud k\u00f5hu\u00f5\u00f5ne operatsioonid g\u00fcnekoloogias - Naistekliinik","og_description":"Mitmed g\u00fcnekoloogilised haigused vajavad kirurgilist ravi. Ligip\u00e4\u00e4suks opereeritavale piirkonnale kasutatakse erinevaid meetodeid, \u00fcheks neist on avatud l\u00f5ikus l\u00e4bi k\u00f5hu eesseina....","og_url":"https:\/\/www.kliinikum.ee\/naistekliinik\/patsiendile\/naistehaigused-ja-protseduurid\/avatud-kohuoone-operatsioonid-gunekoloogias\/","og_site_name":"Naistekliinik","article_modified_time":"2020-10-07T06:31:07+00:00","og_image":[{"url":"https:\/\/www.kliinikum.ee\/naistekliinik\/wp-content\/uploads\/2020\/10\/avatud-kohuoone-operatsioonid-gunekoloogias.jpg","type":"","width":"","height":""}],"twitter_card":"summary_large_image","twitter_misc":{"Est. reading time":"4 minutit"},"schema":{"@context":"https:\/\/schema.org","@graph":[{"@type":"WebPage","@id":"https:\/\/www.kliinikum.ee\/naistekliinik\/patsiendile\/naistehaigused-ja-protseduurid\/avatud-kohuoone-operatsioonid-gunekoloogias\/","url":"https:\/\/www.kliinikum.ee\/naistekliinik\/patsiendile\/naistehaigused-ja-protseduurid\/avatud-kohuoone-operatsioonid-gunekoloogias\/","name":"Avatud k\u00f5hu\u00f5\u00f5ne operatsioonid g\u00fcnekoloogias - Naistekliinik","isPartOf":{"@id":"https:\/\/www.kliinikum.ee\/naistekliinik\/#website"},"primaryImageOfPage":{"@id":"https:\/\/www.kliinikum.ee\/naistekliinik\/patsiendile\/naistehaigused-ja-protseduurid\/avatud-kohuoone-operatsioonid-gunekoloogias\/#primaryimage"},"image":{"@id":"https:\/\/www.kliinikum.ee\/naistekliinik\/patsiendile\/naistehaigused-ja-protseduurid\/avatud-kohuoone-operatsioonid-gunekoloogias\/#primaryimage"},"thumbnailUrl":"https:\/\/www.kliinikum.ee\/naistekliinik\/wp-content\/uploads\/2020\/10\/avatud-kohuoone-operatsioonid-gunekoloogias.jpg","datePublished":"2020-10-07T06:13:28+00:00","dateModified":"2020-10-07T06:31:07+00:00","breadcrumb":{"@id":"https:\/\/www.kliinikum.ee\/naistekliinik\/patsiendile\/naistehaigused-ja-protseduurid\/avatud-kohuoone-operatsioonid-gunekoloogias\/#breadcrumb"},"inLanguage":"et","potentialAction":[{"@type":"ReadAction","target":["https:\/\/www.kliinikum.ee\/naistekliinik\/patsiendile\/naistehaigused-ja-protseduurid\/avatud-kohuoone-operatsioonid-gunekoloogias\/"]}]},{"@type":"ImageObject","inLanguage":"et","@id":"https:\/\/www.kliinikum.ee\/naistekliinik\/patsiendile\/naistehaigused-ja-protseduurid\/avatud-kohuoone-operatsioonid-gunekoloogias\/#primaryimage","url":"https:\/\/www.kliinikum.ee\/naistekliinik\/wp-content\/uploads\/2020\/10\/avatud-kohuoone-operatsioonid-gunekoloogias.jpg","contentUrl":"https:\/\/www.kliinikum.ee\/naistekliinik\/wp-content\/uploads\/2020\/10\/avatud-kohuoone-operatsioonid-gunekoloogias.jpg","width":200,"height":223},{"@type":"BreadcrumbList","@id":"https:\/\/www.kliinikum.ee\/naistekliinik\/patsiendile\/naistehaigused-ja-protseduurid\/avatud-kohuoone-operatsioonid-gunekoloogias\/#breadcrumb","itemListElement":[{"@type":"ListItem","position":1,"name":"Home","item":"https:\/\/www.kliinikum.ee\/naistekliinik\/"},{"@type":"ListItem","position":2,"name":"Patsiendile","item":"https:\/\/www.kliinikum.ee\/naistekliinik\/patsiendile\/"},{"@type":"ListItem","position":3,"name":"Naistehaigused ja protseduurid","item":"https:\/\/www.kliinikum.ee\/naistekliinik\/patsiendile\/naistehaigused-ja-protseduurid\/"},{"@type":"ListItem","position":4,"name":"Avatud k\u00f5hu\u00f5\u00f5ne operatsioonid g\u00fcnekoloogias"}]},{"@type":"WebSite","@id":"https:\/\/www.kliinikum.ee\/naistekliinik\/#website","url":"https:\/\/www.kliinikum.ee\/naistekliinik\/","name":"Naistekliinik","description":"Hoolivus P\u00e4devus Usaldusv\u00e4\u00e4rsus","potentialAction":[{"@type":"SearchAction","target":{"@type":"EntryPoint","urlTemplate":"https:\/\/www.kliinikum.ee\/naistekliinik\/?s={search_term_string}"},"query-input":{"@type":"PropertyValueSpecification","valueRequired":true,"valueName":"search_term_string"}}],"inLanguage":"et"}]}},"coauthors":[],"author_meta":{"author_link":"https:\/\/www.kliinikum.ee\/naistekliinik\/author\/haldur\/","display_name":"Haldur"},"relative_dates":{"created":"Posted 6 aastat ago","modified":"Updated 6 aastat ago"},"absolute_dates":{"created":"Posted on 7. okt. 2020","modified":"Updated on 7. okt. 2020"},"absolute_dates_time":{"created":"Posted on 7. okt. 2020 09:13","modified":"Updated on 7. okt. 2020 09:31"},"featured_img_caption":"","featured_img":false,"series_order":"","_links":{"self":[{"href":"https:\/\/www.kliinikum.ee\/naistekliinik\/wp-json\/wp\/v2\/pages\/571","targetHints":{"allow":["GET"]}}],"collection":[{"href":"https:\/\/www.kliinikum.ee\/naistekliinik\/wp-json\/wp\/v2\/pages"}],"about":[{"href":"https:\/\/www.kliinikum.ee\/naistekliinik\/wp-json\/wp\/v2\/types\/page"}],"author":[{"embeddable":true,"href":"https:\/\/www.kliinikum.ee\/naistekliinik\/wp-json\/wp\/v2\/users\/11"}],"replies":[{"embeddable":true,"href":"https:\/\/www.kliinikum.ee\/naistekliinik\/wp-json\/wp\/v2\/comments?post=571"}],"version-history":[{"count":0,"href":"https:\/\/www.kliinikum.ee\/naistekliinik\/wp-json\/wp\/v2\/pages\/571\/revisions"}],"up":[{"embeddable":true,"href":"https:\/\/www.kliinikum.ee\/naistekliinik\/wp-json\/wp\/v2\/pages\/514"}],"wp:attachment":[{"href":"https:\/\/www.kliinikum.ee\/naistekliinik\/wp-json\/wp\/v2\/media?parent=571"}],"curies":[{"name":"wp","href":"https:\/\/api.w.org\/{rel}","templated":true}]}}