{"id":573,"date":"2020-10-07T09:14:19","date_gmt":"2020-10-07T06:14:19","guid":{"rendered":"https:\/\/www.kliinikum.ee\/naistekliinik_uus\/?page_id=573"},"modified":"2020-10-07T09:31:55","modified_gmt":"2020-10-07T06:31:55","slug":"emakakaela-konisatsioon","status":"publish","type":"page","link":"https:\/\/www.kliinikum.ee\/naistekliinik\/patsiendile\/naistehaigused-ja-protseduurid\/emakakaela-konisatsioon\/","title":{"rendered":"Emakakaela konisatsioon"},"content":{"rendered":"\n<p class=\"wp-el\">Emakakaela konisatsioon on kirurgiline diagnostika ja ravimeetod, mille k\u00e4igus eemaldatakse emakakaela v\u00e4limine osa. Eemaldatav koet\u00fckk on enamasti koonusekujuline (vt. joonis), mist\u00f5ttu protseduuri nimetataksegi konisatsiooniks. Emakakaela konisatsiooni eesm\u00e4rgiks on eemaldada emakakaelast osa, milles on leitud ebat\u00fc\u00fcpilisi epiteelirakke. Neist rakkudest v\u00f5ib oluliselt suurema t\u00f5en\u00e4osusega areneda emakakaela pahaloomuline kasvaja. Emakakaelav\u00e4hi areng algab reeglina emakakaela v\u00e4lispinda katvast epiteelist, seet\u00f5ttu uuritakse neid rakke eriti hoolikalt. Enamasti on muutused emakakaela epiteelis tekitatud papilloomiviiruse poolt. On leitud, et teatud t\u00fc\u00fcpi papilloomiviirused on teistest ohtlikumad ning p\u00f5hjustavad oluliselt sagedamini emakakaelav\u00e4hi arengut.<br>Enne konisatsioonile suunamist teostatakse mitmeid uuringuid: emakakaela pinnalt v\u00f5etakse kaapimise teel proove (onkots\u00fctoloogiline preparaat), vajadusel uuritakse kolposkoopial muutunud piirkonda mikroskoobi abil ja v\u00f5etakse kahtluse korral koet\u00fckikesi. Vajadusel teostatakse anal\u00fc\u00fcs papilloomviirusinsfektsioonile. K\u00f5ikide eelnevate uuringute tulemused on kinnitanud, et muutused emakakaela pinda katvates epiteelirakkudes on sedav\u00f5rd t\u00f5sised, et on otstarbekas muutunud rakkudega emakakaela osa eemaldada.<\/p>\n\n\n\n<figure class=\"wp-block-image size-large\"><img loading=\"lazy\" decoding=\"async\" width=\"315\" height=\"273\" src=\"https:\/\/www.kliinikum.ee\/naistekliinik\/wp-content\/uploads\/2020\/10\/emakakaela-konisatsioon.jpg\" alt=\"\" class=\"wp-image-598\" \/><\/figure>\n\n\n\n<p class=\"wp-el\"><strong>Protseduuri kulg<br><\/strong>Emakakaela konisatsioon teostatakse kas \u00fcldnarkoosis v\u00f5i kohaliku tuimestusega. Osa emakakaelast eemaldatakse kasutades skalpelli v\u00f5i elektrinuga. Allesj\u00e4\u00e4nud emakakaela pinnalt tekkiv veritsus suletakse \u00f5mbluste v\u00f5i diatermokoagulaatoriga (k\u00f5rvetamisega) ning tuppe asetatakse tampoon. Eemaldatud emakakaela osa saadetakse histoloogilisele uuringule, mille k\u00e4igus uuritakse koet\u00fcki rakulist ehitust. Uuringu vastus saadetakse Teid konisatsioonile suunanud arsti k\u00e4tte, kellelt saate informatsiooni umbes 2 n\u00e4dala m\u00f6\u00f6dudes. Histoloogiline uuring v\u00f5imaldab t\u00e4psustada rakulisi muutusi ja nende ulatust. Saadud informatsiooni alusel koostab arst edasise plaani ravi ja j\u00e4lgimise osas.<\/p>\n\n\n\n<p class=\"wp-el\">P\u00e4rast protseduuri j\u00e4\u00e4te g\u00fcnekoloogia osakonda j\u00e4lgimisele. M\u00f5ne tunni m\u00f6\u00f6dudes eemaldatakse tupest tampoon. Kui Teie enesetunne on hea, lubatakse Teid sama p\u00e4eva \u00f5htul koju.<\/p>\n\n\n\n<p class=\"wp-el\">\u2022 24 tunni jooksul p\u00e4rast anesteesiat ei ole lubatud juhtida autot ega teha muid kiiret reageerimist n\u00f5udvaid toiminguid, anesteesiaks kasutatud ravimid v\u00f5ivad aeglustada reaktsioonikiirust.<br>\u2022 Peale emakakaela konisatsiooni v\u00f5ib 2-4 n\u00e4dala v\u00e4ltel esineda v\u00e4hest veritsust ja ebameeldiva l\u00f5hnaga voolust.<br>\u2022 Rohke vereerituse, palaviku v\u00f5i k\u00f5huvalu korral tuleb p\u00f6\u00f6rduda p\u00e4eval ( kuni kella 18.00 ) naisten\u00f5uandlasse arsti vastuv\u00f5tule v\u00f5i muul ajal haiglasse.<br>\u2022 Konisatsioonij\u00e4rgselt on 4-6 n\u00e4dala v\u00e4ltel keelatud kasutada tupetampoone (ka menstruatsiooni ajal) ning elada suguelu. Samuti tuleb sel ajal v\u00e4ltida rasket f\u00fc\u00fcsilist pingutust, raskuste t\u00f5stmist (\u00fcle 5-6 kg) ning k\u00f5hukinnisust. Ei ole soovitav k\u00e4ia vannis ja ujumas.<br>\u2022 J\u00e4relkontrolliks p\u00f6\u00f6rduda naistearsti poole 1-2 kuu m\u00f6\u00f6dudes.<\/p>\n\n\n\n<p class=\"wp-el\"><strong>V\u00f5imalikud t\u00fcsistused<br><\/strong>Sagedaseks t\u00fcsistuseks (1:10) on 1-2 kuu m\u00f6\u00f6dudes veritsuse teke emakakaela haavast. Ohtlikumad perioodid veritsuse tekkimiseks on esimene konisatsioonij\u00e4rgne \u00f6\u00f6p\u00e4ev ning haava katvate koorikute eemaldumise aeg \u2013 orienteeruvalt 2 n\u00e4dala m\u00f6\u00f6dudes. Tekkinud verejooks v\u00f5ib vajada korduvat \u00f5mblemist v\u00f5i koaguleerimist (k\u00f5rvetamist).<br>Kui eemaldatud koet\u00fckk oli suur, v\u00f5ib konisatsioonij\u00e4rgselt tekkida emakakaela puudulikkus. Emakakaela puudulikkuse korral on oluliselt suurem risk rasedusaegsete t\u00fcsistuste tekkeks: raseduse katkemiseks ja enneaegseks s\u00fcnnituseks. Emakakaela puudulikkust saab raseduse ajal korrigeerida emakakaelale tugevdava \u00f5mbluse asetamisega \u00dcldjuhul kulgeb rasedus selle protseduuri j\u00e4rgselt normaalselt. Harva v\u00f5ib konisatsioonij\u00e4rgselt tekkida emakakaelap\u00f5letik v\u00f5i emakap\u00f5letik.<br>Emakakaela naabruses paiknevate organite vigastus (kusejuha, kusep\u00f5is, emakas ) esineb \u00fcliharva.<br>V\u00f5imalikud on narkoosist tingitud t\u00fcsistused: Need on seotud \u00fclitundlikkusega ravimitele v\u00f5i s\u00f6\u00f6mata ja joomata oleku n\u00f5ude eiramisest enne narkoosi, millele v\u00f5ib j\u00e4rgneda oksendamine narkoosi ajal ja oksemasside sattumine hingamisteedesse ja sellest tingitud l\u00e4mbumine.<br>Et viia t\u00fcsistuste tekke risk v\u00f5imalikult v\u00e4ikeseks, palume Teid informeerida arsti:<\/p>\n\n\n\n<p class=\"wp-el\">\u2022 teadaolevatest haigustest ja tarvitatavatest ravimitest.<br>\u2022 operatsioonip\u00e4eval v\u00f5ib ravimeid kasutada ainult kokkuleppel arstiga.<br>\u2022 tervislikust seisundist operatsioonile tulles (n\u00e4it. viirusinfektsioon)<br>\u2022 teadaolevast \u00fclitundlikkusest ravimitele.<\/p>\n\n\n\n<p class=\"wp-el\">Operatsioonip\u00e4eval peate olema s\u00f6\u00f6mata-joomata v\u00e4hemalt 6 tundi, ei tohi suitsetada ega n\u00e4rida n\u00e4rimiskummi, et v\u00e4ltida oksendamist ja happelise maosisu sattumist kopsudesse.<\/p>\n","protected":false},"excerpt":{"rendered":"<p>Emakakaela konisatsioon on kirurgiline diagnostika ja ravimeetod, mille k\u00e4igus eemaldatakse emakakaela v\u00e4limine osa. Eemaldatav koet\u00fckk on enamasti koonusekujuline (vt. joonis),&#8230;<\/p>\n","protected":false},"author":11,"featured_media":0,"parent":514,"menu_order":120,"comment_status":"closed","ping_status":"closed","template":"","meta":{"_acf_changed":false,"inline_featured_image":false,"advgb_blocks_editor_width":"","advgb_blocks_columns_visual_guide":"","footnotes":"","_links_to":"","_links_to_target":""},"class_list":["post-573","page","type-page","status-publish","hentry"],"acf":[],"yoast_head":"<!-- This site is optimized with the Yoast SEO plugin v27.5 - https:\/\/yoast.com\/product\/yoast-seo-wordpress\/ -->\n<title>Emakakaela konisatsioon - Naistekliinik<\/title>\n<meta name=\"robots\" content=\"index, follow, max-snippet:-1, max-image-preview:large, max-video-preview:-1\" \/>\n<link rel=\"canonical\" href=\"https:\/\/www.kliinikum.ee\/naistekliinik\/patsiendile\/naistehaigused-ja-protseduurid\/emakakaela-konisatsioon\/\" \/>\n<meta property=\"og:locale\" content=\"et_EE\" \/>\n<meta property=\"og:type\" content=\"article\" \/>\n<meta property=\"og:title\" content=\"Emakakaela konisatsioon - Naistekliinik\" \/>\n<meta property=\"og:description\" content=\"Emakakaela konisatsioon on kirurgiline diagnostika ja ravimeetod, mille k\u00e4igus eemaldatakse emakakaela v\u00e4limine osa. Eemaldatav koet\u00fckk on enamasti koonusekujuline (vt. joonis),...\" \/>\n<meta property=\"og:url\" content=\"https:\/\/www.kliinikum.ee\/naistekliinik\/patsiendile\/naistehaigused-ja-protseduurid\/emakakaela-konisatsioon\/\" \/>\n<meta property=\"og:site_name\" content=\"Naistekliinik\" \/>\n<meta property=\"article:modified_time\" content=\"2020-10-07T06:31:55+00:00\" \/>\n<meta property=\"og:image\" content=\"https:\/\/www.kliinikum.ee\/naistekliinik\/wp-content\/uploads\/2020\/10\/emakakaela-konisatsioon.jpg\" \/>\n<meta name=\"twitter:card\" content=\"summary_large_image\" \/>\n<meta name=\"twitter:label1\" content=\"Est. reading time\" \/>\n\t<meta name=\"twitter:data1\" content=\"3 minutit\" \/>\n<script type=\"application\/ld+json\" class=\"yoast-schema-graph\">{\"@context\":\"https:\\\/\\\/schema.org\",\"@graph\":[{\"@type\":\"WebPage\",\"@id\":\"https:\\\/\\\/www.kliinikum.ee\\\/naistekliinik\\\/patsiendile\\\/naistehaigused-ja-protseduurid\\\/emakakaela-konisatsioon\\\/\",\"url\":\"https:\\\/\\\/www.kliinikum.ee\\\/naistekliinik\\\/patsiendile\\\/naistehaigused-ja-protseduurid\\\/emakakaela-konisatsioon\\\/\",\"name\":\"Emakakaela konisatsioon - Naistekliinik\",\"isPartOf\":{\"@id\":\"https:\\\/\\\/www.kliinikum.ee\\\/naistekliinik\\\/#website\"},\"primaryImageOfPage\":{\"@id\":\"https:\\\/\\\/www.kliinikum.ee\\\/naistekliinik\\\/patsiendile\\\/naistehaigused-ja-protseduurid\\\/emakakaela-konisatsioon\\\/#primaryimage\"},\"image\":{\"@id\":\"https:\\\/\\\/www.kliinikum.ee\\\/naistekliinik\\\/patsiendile\\\/naistehaigused-ja-protseduurid\\\/emakakaela-konisatsioon\\\/#primaryimage\"},\"thumbnailUrl\":\"https:\\\/\\\/www.kliinikum.ee\\\/naistekliinik\\\/wp-content\\\/uploads\\\/2020\\\/10\\\/emakakaela-konisatsioon.jpg\",\"datePublished\":\"2020-10-07T06:14:19+00:00\",\"dateModified\":\"2020-10-07T06:31:55+00:00\",\"breadcrumb\":{\"@id\":\"https:\\\/\\\/www.kliinikum.ee\\\/naistekliinik\\\/patsiendile\\\/naistehaigused-ja-protseduurid\\\/emakakaela-konisatsioon\\\/#breadcrumb\"},\"inLanguage\":\"et\",\"potentialAction\":[{\"@type\":\"ReadAction\",\"target\":[\"https:\\\/\\\/www.kliinikum.ee\\\/naistekliinik\\\/patsiendile\\\/naistehaigused-ja-protseduurid\\\/emakakaela-konisatsioon\\\/\"]}]},{\"@type\":\"ImageObject\",\"inLanguage\":\"et\",\"@id\":\"https:\\\/\\\/www.kliinikum.ee\\\/naistekliinik\\\/patsiendile\\\/naistehaigused-ja-protseduurid\\\/emakakaela-konisatsioon\\\/#primaryimage\",\"url\":\"https:\\\/\\\/www.kliinikum.ee\\\/naistekliinik\\\/wp-content\\\/uploads\\\/2020\\\/10\\\/emakakaela-konisatsioon.jpg\",\"contentUrl\":\"https:\\\/\\\/www.kliinikum.ee\\\/naistekliinik\\\/wp-content\\\/uploads\\\/2020\\\/10\\\/emakakaela-konisatsioon.jpg\",\"width\":315,\"height\":273},{\"@type\":\"BreadcrumbList\",\"@id\":\"https:\\\/\\\/www.kliinikum.ee\\\/naistekliinik\\\/patsiendile\\\/naistehaigused-ja-protseduurid\\\/emakakaela-konisatsioon\\\/#breadcrumb\",\"itemListElement\":[{\"@type\":\"ListItem\",\"position\":1,\"name\":\"Home\",\"item\":\"https:\\\/\\\/www.kliinikum.ee\\\/naistekliinik\\\/\"},{\"@type\":\"ListItem\",\"position\":2,\"name\":\"Patsiendile\",\"item\":\"https:\\\/\\\/www.kliinikum.ee\\\/naistekliinik\\\/patsiendile\\\/\"},{\"@type\":\"ListItem\",\"position\":3,\"name\":\"Naistehaigused ja protseduurid\",\"item\":\"https:\\\/\\\/www.kliinikum.ee\\\/naistekliinik\\\/patsiendile\\\/naistehaigused-ja-protseduurid\\\/\"},{\"@type\":\"ListItem\",\"position\":4,\"name\":\"Emakakaela konisatsioon\"}]},{\"@type\":\"WebSite\",\"@id\":\"https:\\\/\\\/www.kliinikum.ee\\\/naistekliinik\\\/#website\",\"url\":\"https:\\\/\\\/www.kliinikum.ee\\\/naistekliinik\\\/\",\"name\":\"Naistekliinik\",\"description\":\"Hoolivus P\u00e4devus Usaldusv\u00e4\u00e4rsus\",\"potentialAction\":[{\"@type\":\"SearchAction\",\"target\":{\"@type\":\"EntryPoint\",\"urlTemplate\":\"https:\\\/\\\/www.kliinikum.ee\\\/naistekliinik\\\/?s={search_term_string}\"},\"query-input\":{\"@type\":\"PropertyValueSpecification\",\"valueRequired\":true,\"valueName\":\"search_term_string\"}}],\"inLanguage\":\"et\"}]}<\/script>\n<!-- \/ Yoast SEO plugin. -->","yoast_head_json":{"title":"Emakakaela konisatsioon - Naistekliinik","robots":{"index":"index","follow":"follow","max-snippet":"max-snippet:-1","max-image-preview":"max-image-preview:large","max-video-preview":"max-video-preview:-1"},"canonical":"https:\/\/www.kliinikum.ee\/naistekliinik\/patsiendile\/naistehaigused-ja-protseduurid\/emakakaela-konisatsioon\/","og_locale":"et_EE","og_type":"article","og_title":"Emakakaela konisatsioon - Naistekliinik","og_description":"Emakakaela konisatsioon on kirurgiline diagnostika ja ravimeetod, mille k\u00e4igus eemaldatakse emakakaela v\u00e4limine osa. Eemaldatav koet\u00fckk on enamasti koonusekujuline (vt. joonis),...","og_url":"https:\/\/www.kliinikum.ee\/naistekliinik\/patsiendile\/naistehaigused-ja-protseduurid\/emakakaela-konisatsioon\/","og_site_name":"Naistekliinik","article_modified_time":"2020-10-07T06:31:55+00:00","og_image":[{"url":"https:\/\/www.kliinikum.ee\/naistekliinik\/wp-content\/uploads\/2020\/10\/emakakaela-konisatsioon.jpg","type":"","width":"","height":""}],"twitter_card":"summary_large_image","twitter_misc":{"Est. reading time":"3 minutit"},"schema":{"@context":"https:\/\/schema.org","@graph":[{"@type":"WebPage","@id":"https:\/\/www.kliinikum.ee\/naistekliinik\/patsiendile\/naistehaigused-ja-protseduurid\/emakakaela-konisatsioon\/","url":"https:\/\/www.kliinikum.ee\/naistekliinik\/patsiendile\/naistehaigused-ja-protseduurid\/emakakaela-konisatsioon\/","name":"Emakakaela konisatsioon - Naistekliinik","isPartOf":{"@id":"https:\/\/www.kliinikum.ee\/naistekliinik\/#website"},"primaryImageOfPage":{"@id":"https:\/\/www.kliinikum.ee\/naistekliinik\/patsiendile\/naistehaigused-ja-protseduurid\/emakakaela-konisatsioon\/#primaryimage"},"image":{"@id":"https:\/\/www.kliinikum.ee\/naistekliinik\/patsiendile\/naistehaigused-ja-protseduurid\/emakakaela-konisatsioon\/#primaryimage"},"thumbnailUrl":"https:\/\/www.kliinikum.ee\/naistekliinik\/wp-content\/uploads\/2020\/10\/emakakaela-konisatsioon.jpg","datePublished":"2020-10-07T06:14:19+00:00","dateModified":"2020-10-07T06:31:55+00:00","breadcrumb":{"@id":"https:\/\/www.kliinikum.ee\/naistekliinik\/patsiendile\/naistehaigused-ja-protseduurid\/emakakaela-konisatsioon\/#breadcrumb"},"inLanguage":"et","potentialAction":[{"@type":"ReadAction","target":["https:\/\/www.kliinikum.ee\/naistekliinik\/patsiendile\/naistehaigused-ja-protseduurid\/emakakaela-konisatsioon\/"]}]},{"@type":"ImageObject","inLanguage":"et","@id":"https:\/\/www.kliinikum.ee\/naistekliinik\/patsiendile\/naistehaigused-ja-protseduurid\/emakakaela-konisatsioon\/#primaryimage","url":"https:\/\/www.kliinikum.ee\/naistekliinik\/wp-content\/uploads\/2020\/10\/emakakaela-konisatsioon.jpg","contentUrl":"https:\/\/www.kliinikum.ee\/naistekliinik\/wp-content\/uploads\/2020\/10\/emakakaela-konisatsioon.jpg","width":315,"height":273},{"@type":"BreadcrumbList","@id":"https:\/\/www.kliinikum.ee\/naistekliinik\/patsiendile\/naistehaigused-ja-protseduurid\/emakakaela-konisatsioon\/#breadcrumb","itemListElement":[{"@type":"ListItem","position":1,"name":"Home","item":"https:\/\/www.kliinikum.ee\/naistekliinik\/"},{"@type":"ListItem","position":2,"name":"Patsiendile","item":"https:\/\/www.kliinikum.ee\/naistekliinik\/patsiendile\/"},{"@type":"ListItem","position":3,"name":"Naistehaigused ja protseduurid","item":"https:\/\/www.kliinikum.ee\/naistekliinik\/patsiendile\/naistehaigused-ja-protseduurid\/"},{"@type":"ListItem","position":4,"name":"Emakakaela konisatsioon"}]},{"@type":"WebSite","@id":"https:\/\/www.kliinikum.ee\/naistekliinik\/#website","url":"https:\/\/www.kliinikum.ee\/naistekliinik\/","name":"Naistekliinik","description":"Hoolivus P\u00e4devus Usaldusv\u00e4\u00e4rsus","potentialAction":[{"@type":"SearchAction","target":{"@type":"EntryPoint","urlTemplate":"https:\/\/www.kliinikum.ee\/naistekliinik\/?s={search_term_string}"},"query-input":{"@type":"PropertyValueSpecification","valueRequired":true,"valueName":"search_term_string"}}],"inLanguage":"et"}]}},"coauthors":[],"author_meta":{"author_link":"https:\/\/www.kliinikum.ee\/naistekliinik\/author\/haldur\/","display_name":"Haldur"},"relative_dates":{"created":"Posted 6 aastat ago","modified":"Updated 6 aastat ago"},"absolute_dates":{"created":"Posted on 7. okt. 2020","modified":"Updated on 7. okt. 2020"},"absolute_dates_time":{"created":"Posted on 7. okt. 2020 09:14","modified":"Updated on 7. okt. 2020 09:31"},"featured_img_caption":"","featured_img":false,"series_order":"","_links":{"self":[{"href":"https:\/\/www.kliinikum.ee\/naistekliinik\/wp-json\/wp\/v2\/pages\/573","targetHints":{"allow":["GET"]}}],"collection":[{"href":"https:\/\/www.kliinikum.ee\/naistekliinik\/wp-json\/wp\/v2\/pages"}],"about":[{"href":"https:\/\/www.kliinikum.ee\/naistekliinik\/wp-json\/wp\/v2\/types\/page"}],"author":[{"embeddable":true,"href":"https:\/\/www.kliinikum.ee\/naistekliinik\/wp-json\/wp\/v2\/users\/11"}],"replies":[{"embeddable":true,"href":"https:\/\/www.kliinikum.ee\/naistekliinik\/wp-json\/wp\/v2\/comments?post=573"}],"version-history":[{"count":0,"href":"https:\/\/www.kliinikum.ee\/naistekliinik\/wp-json\/wp\/v2\/pages\/573\/revisions"}],"up":[{"embeddable":true,"href":"https:\/\/www.kliinikum.ee\/naistekliinik\/wp-json\/wp\/v2\/pages\/514"}],"wp:attachment":[{"href":"https:\/\/www.kliinikum.ee\/naistekliinik\/wp-json\/wp\/v2\/media?parent=573"}],"curies":[{"name":"wp","href":"https:\/\/api.w.org\/{rel}","templated":true}]}}