{"id":579,"date":"2020-10-07T09:17:27","date_gmt":"2020-10-07T06:17:27","guid":{"rendered":"https:\/\/www.kliinikum.ee\/naistekliinik_uus\/?page_id=579"},"modified":"2020-10-07T09:17:28","modified_gmt":"2020-10-07T06:17:28","slug":"husteroskoopia","status":"publish","type":"page","link":"https:\/\/www.kliinikum.ee\/naistekliinik\/patsiendile\/naistehaigused-ja-protseduurid\/husteroskoopia\/","title":{"rendered":"H\u00fcsteroskoopia"},"content":{"rendered":"\n<p class=\"wp-el\">H\u00fcsteroskoopia on diagnostika ja ravimeetod, mis v\u00f5imaldab vaadelda emaka\u00f5\u00f5nt seestpoolt. Selleks kasutatakse teleskoobi taolist instrumenti &#8211; h\u00fcsteroskoopi, mille tipus oleva avause kaudu valgustatakse emaka limaskesta ja muudetakse n\u00e4htavaks seal olevad pinnamuutused. H\u00fcsteroskoopiast on kasu mitmete probleemide ja haiguste diagnoosimisel, n\u00e4iteks saab t\u00e4psustada vererohkete menstruatsioonide, menopausij\u00e4rgsete veritsuste, korduvate varasraseduste katkemiste ja viljatuse v\u00f5imalikke p\u00f5hjusi.<\/p>\n\n\n\n<p class=\"wp-el\"><strong>H\u00fcsteroskoopia k\u00e4igus saab teostada emakasiseseid operatsioone:<br><\/strong>\u2022 eemaldada emaka\u00f5\u00f5ne pol\u00fc\u00fcpe (healoomulised emaka limaskesta kasvajalised vohandid)<br>\u2022 eemaldada v\u00e4iksemaid emaka\u00f5\u00f5nde ulatuvaid emakam\u00fcoome (healoomulised emakalihakoest l\u00e4htunud kasvajad)<br>\u2022 eemaldada emaka\u00f5\u00f5ne siseseid liiteid<br>\u2022 korrigeerida emaka v\u00e4\u00e4rarendeid (emaka vahesein)<br>\u2022 eemaldada v\u00f5\u00f5rkeha emaka\u00f5\u00f5nest (nt spiraali osa)<br>M\u00f5nedel juhtudel v\u00f5ib osutuda vajalikuks kombineerida h\u00fcsteroskoopiat samaaegselt laparoskoopiaga, et operatsioon oleks efektiivsem ja ohutum. Neil juhtudel informeerib arst Teid enne operatsiooni t\u00e4iendavalt. H\u00fcsteroskoopia teostamise parim aeg on menstruatsioonits\u00fckli esimene pool vahetult p\u00e4rast menstruatsiooni. Sel ajal on emaka limaskest \u00f5huke ja v\u00f5imalikud muutused emaka\u00f5\u00f5nes tulevad paremini n\u00e4htavale.<\/p>\n\n\n\n<p class=\"wp-el\"><strong>Operatsiooni kulg<br><\/strong>H\u00fcsteroskoopia teostatakse \u00fcld-narkoosis. Laiendatakse emakakael ja h\u00fcsteroskoop viiakse emaka\u00f5\u00f5nde, mis t\u00e4idetakse steriilse vedelikuga. See muudab emaka\u00f5\u00f5ne suuremaks ja v\u00f5imaldab paremini limaskesta vaadelda ning emaka\u00f5\u00f5nes manipuleerida. K\u00f5ik instrumendid, mis on vajalikud proovit\u00fcki v\u00f5tmiseks ja\/v\u00f5i operatsiooni teostamiseks, viiakse emakasse h\u00fcsteroskoobi kaudu. Protseduuri ajal eemaldatud koet\u00fckid saadetakse histoloogilisele uuringule, mille k\u00e4igus uuritakse koet\u00fcki rakulist ehitust. Uuringu vastus saadetakse Teid h\u00fcsteroskoopiale suunanud arsti k\u00e4tte 2 n\u00e4dala m\u00f6\u00f6dudes.<\/p>\n\n\n\n<p class=\"wp-el\"><strong>H\u00fcsteroskoopiaj\u00e4rgne periood<br><\/strong>Peale h\u00fcsteroskoopiat viiakse Teid tagasi palatisse. Haiglas viibite seni, kuni Teie seisund ja enesetunne paraneb. Tavaliselt lubatakse koju samal p\u00e4eval p\u00e4rast protseduuri. 24 tunni jooksul p\u00e4rast anesteesiat ei ole lubatud juhtida autot ega teha muid kiiret reageerimist n\u00f5udvaid toiminguid. Anesteesiaks kasutatud ravimid v\u00f5ivad aeglustada reaktsioonikiirust.<br>H\u00fcsteroskoopiaj\u00e4rgselt v\u00f5ib esineda v\u00e4hest veritsust 2-3 n\u00e4dala v\u00e4ltel.<br>Rohke vereerituse, ebameeldiva l\u00f5hnaga tupeeritise, palaviku v\u00f5i k\u00f5huvalu korral tuleb p\u00f6\u00f6rduda p\u00e4eval naisten\u00f5uandlasse arsti vastuv\u00f5tule v\u00f5i muul ajal haiglasse.<br>Suguelu tuleb v\u00e4ltida, kui esineb m\u00e4\u00e4rivat voolust v\u00f5i veritsust tupest.<\/p>\n\n\n\n<p class=\"wp-el\"><strong>V\u00f5imalikud t\u00fcsistused<br><\/strong>Tavaliselt tekib h\u00fcsteroskoopiaga seonduvaid t\u00fcsistusi harva (1:100).<br>T\u00fcsistustest sagedaseim on verejooks, mille p\u00f5hjuseks on emakaseina vigastus. Kui vigastus haarab vaid emaka\u00f5\u00f5ne l\u00e4hedasi kihte, saab verejooksu peatada emaka\u00f5\u00f5ne siseselt h\u00fcsteroskoopia k\u00e4igus. Kogu seina l\u00e4biv vigastus v\u00f5ib vajada t\u00e4iendavat laparoskoopilist operatsiooni, et verejooksu sulgeda.<br>V\u00e4ga harva esinevad teiste siseorganite (soolte, kusep\u00f5ie, veresoonte) vigastused. Selliste t\u00fcsistuste tagaj\u00e4rjel on vajalik avada k\u00f5hu\u00f5\u00f5s traditsioonilise k\u00f5hul\u00f5ikega ja korrigeerida vigastus.<br>H\u00fcsteroskoopiaj\u00e4rgselt v\u00f5ib tekkida emakap\u00f5letik, mis vajab antibakteriaalset ravi.<br>V\u00e4ga harvad on vedeliku emaka\u00f5\u00f5ne sisesest kasutamisest tingitud t\u00fcsistused: kopsuturse, hingamish\u00e4ired, vere h\u00fc\u00fcbimish\u00e4ired.<br>On v\u00f5imalikud ka narkoosist tingitud t\u00fcsistused. Need on enamasti seotud \u00fclitundlikkusega ravimitele.<br>S\u00f6\u00f6mise ja joomise keelu eiramisest tingitud oksendamine narkoosi ajal, sellele j\u00e4rgnev oksemasside sattumine hingamisteedesse ja l\u00e4mbumine.<br><strong>Et viia t\u00fcsistuste tekke risk v\u00f5imalikult v\u00e4ikeseks, palume Teid enne h\u00fcsteroskoopiat informeerida arsti:<br><\/strong>\u2022 oma teada olevatest haigustest ja tarvitatavaest ravimitest.<br>\u2022 operatsioonip\u00e4eval v\u00f5ib ravimeid kasutada ainult kokkuleppel arstiga.<br>\u2022 oma tervislikust seisundist operatsioonile tulles ( n\u00e4it. viirusinfektsioon)<br>\u2022 teada olevast \u00fclitundlikkusest ravimitele<br>Operatsioonip\u00e4eval peate olema s\u00f6\u00f6mata-joomata v\u00e4hemalt 6 tundi, ei tohi suitsetada ega n\u00e4rida n\u00e4rimiskummi, et v\u00e4ltida oksendamist ja happelise maosisu sattumist kopsudesse.<\/p>\n","protected":false},"excerpt":{"rendered":"<p>H\u00fcsteroskoopia on diagnostika ja ravimeetod, mis v\u00f5imaldab vaadelda emaka\u00f5\u00f5nt seestpoolt. Selleks kasutatakse teleskoobi taolist instrumenti &#8211; h\u00fcsteroskoopi, mille tipus oleva&#8230;<\/p>\n","protected":false},"author":11,"featured_media":0,"parent":514,"menu_order":150,"comment_status":"closed","ping_status":"closed","template":"","meta":{"_acf_changed":false,"inline_featured_image":false,"advgb_blocks_editor_width":"","advgb_blocks_columns_visual_guide":"","footnotes":"","_links_to":"","_links_to_target":""},"class_list":["post-579","page","type-page","status-publish","hentry"],"acf":[],"yoast_head":"<!-- This site is optimized with the Yoast SEO plugin v27.5 - https:\/\/yoast.com\/product\/yoast-seo-wordpress\/ -->\n<title>H\u00fcsteroskoopia - Naistekliinik<\/title>\n<meta name=\"robots\" content=\"index, follow, max-snippet:-1, max-image-preview:large, max-video-preview:-1\" \/>\n<link rel=\"canonical\" href=\"https:\/\/www.kliinikum.ee\/naistekliinik\/patsiendile\/naistehaigused-ja-protseduurid\/husteroskoopia\/\" \/>\n<meta property=\"og:locale\" content=\"et_EE\" \/>\n<meta property=\"og:type\" content=\"article\" \/>\n<meta property=\"og:title\" content=\"H\u00fcsteroskoopia - Naistekliinik\" \/>\n<meta property=\"og:description\" content=\"H\u00fcsteroskoopia on diagnostika ja ravimeetod, mis v\u00f5imaldab vaadelda emaka\u00f5\u00f5nt seestpoolt. Selleks kasutatakse teleskoobi taolist instrumenti &#8211; h\u00fcsteroskoopi, mille tipus oleva...\" \/>\n<meta property=\"og:url\" content=\"https:\/\/www.kliinikum.ee\/naistekliinik\/patsiendile\/naistehaigused-ja-protseduurid\/husteroskoopia\/\" \/>\n<meta property=\"og:site_name\" content=\"Naistekliinik\" \/>\n<meta property=\"article:modified_time\" content=\"2020-10-07T06:17:28+00:00\" \/>\n<meta name=\"twitter:card\" content=\"summary_large_image\" \/>\n<meta name=\"twitter:label1\" content=\"Est. reading time\" \/>\n\t<meta name=\"twitter:data1\" content=\"3 minutit\" \/>\n<script type=\"application\/ld+json\" class=\"yoast-schema-graph\">{\"@context\":\"https:\\\/\\\/schema.org\",\"@graph\":[{\"@type\":\"WebPage\",\"@id\":\"https:\\\/\\\/www.kliinikum.ee\\\/naistekliinik\\\/patsiendile\\\/naistehaigused-ja-protseduurid\\\/husteroskoopia\\\/\",\"url\":\"https:\\\/\\\/www.kliinikum.ee\\\/naistekliinik\\\/patsiendile\\\/naistehaigused-ja-protseduurid\\\/husteroskoopia\\\/\",\"name\":\"H\u00fcsteroskoopia - Naistekliinik\",\"isPartOf\":{\"@id\":\"https:\\\/\\\/www.kliinikum.ee\\\/naistekliinik\\\/#website\"},\"datePublished\":\"2020-10-07T06:17:27+00:00\",\"dateModified\":\"2020-10-07T06:17:28+00:00\",\"breadcrumb\":{\"@id\":\"https:\\\/\\\/www.kliinikum.ee\\\/naistekliinik\\\/patsiendile\\\/naistehaigused-ja-protseduurid\\\/husteroskoopia\\\/#breadcrumb\"},\"inLanguage\":\"et\",\"potentialAction\":[{\"@type\":\"ReadAction\",\"target\":[\"https:\\\/\\\/www.kliinikum.ee\\\/naistekliinik\\\/patsiendile\\\/naistehaigused-ja-protseduurid\\\/husteroskoopia\\\/\"]}]},{\"@type\":\"BreadcrumbList\",\"@id\":\"https:\\\/\\\/www.kliinikum.ee\\\/naistekliinik\\\/patsiendile\\\/naistehaigused-ja-protseduurid\\\/husteroskoopia\\\/#breadcrumb\",\"itemListElement\":[{\"@type\":\"ListItem\",\"position\":1,\"name\":\"Home\",\"item\":\"https:\\\/\\\/www.kliinikum.ee\\\/naistekliinik\\\/\"},{\"@type\":\"ListItem\",\"position\":2,\"name\":\"Patsiendile\",\"item\":\"https:\\\/\\\/www.kliinikum.ee\\\/naistekliinik\\\/patsiendile\\\/\"},{\"@type\":\"ListItem\",\"position\":3,\"name\":\"Naistehaigused ja protseduurid\",\"item\":\"https:\\\/\\\/www.kliinikum.ee\\\/naistekliinik\\\/patsiendile\\\/naistehaigused-ja-protseduurid\\\/\"},{\"@type\":\"ListItem\",\"position\":4,\"name\":\"H\u00fcsteroskoopia\"}]},{\"@type\":\"WebSite\",\"@id\":\"https:\\\/\\\/www.kliinikum.ee\\\/naistekliinik\\\/#website\",\"url\":\"https:\\\/\\\/www.kliinikum.ee\\\/naistekliinik\\\/\",\"name\":\"Naistekliinik\",\"description\":\"Hoolivus P\u00e4devus Usaldusv\u00e4\u00e4rsus\",\"potentialAction\":[{\"@type\":\"SearchAction\",\"target\":{\"@type\":\"EntryPoint\",\"urlTemplate\":\"https:\\\/\\\/www.kliinikum.ee\\\/naistekliinik\\\/?s={search_term_string}\"},\"query-input\":{\"@type\":\"PropertyValueSpecification\",\"valueRequired\":true,\"valueName\":\"search_term_string\"}}],\"inLanguage\":\"et\"}]}<\/script>\n<!-- \/ Yoast SEO plugin. -->","yoast_head_json":{"title":"H\u00fcsteroskoopia - Naistekliinik","robots":{"index":"index","follow":"follow","max-snippet":"max-snippet:-1","max-image-preview":"max-image-preview:large","max-video-preview":"max-video-preview:-1"},"canonical":"https:\/\/www.kliinikum.ee\/naistekliinik\/patsiendile\/naistehaigused-ja-protseduurid\/husteroskoopia\/","og_locale":"et_EE","og_type":"article","og_title":"H\u00fcsteroskoopia - Naistekliinik","og_description":"H\u00fcsteroskoopia on diagnostika ja ravimeetod, mis v\u00f5imaldab vaadelda emaka\u00f5\u00f5nt seestpoolt. Selleks kasutatakse teleskoobi taolist instrumenti &#8211; h\u00fcsteroskoopi, mille tipus oleva...","og_url":"https:\/\/www.kliinikum.ee\/naistekliinik\/patsiendile\/naistehaigused-ja-protseduurid\/husteroskoopia\/","og_site_name":"Naistekliinik","article_modified_time":"2020-10-07T06:17:28+00:00","twitter_card":"summary_large_image","twitter_misc":{"Est. reading time":"3 minutit"},"schema":{"@context":"https:\/\/schema.org","@graph":[{"@type":"WebPage","@id":"https:\/\/www.kliinikum.ee\/naistekliinik\/patsiendile\/naistehaigused-ja-protseduurid\/husteroskoopia\/","url":"https:\/\/www.kliinikum.ee\/naistekliinik\/patsiendile\/naistehaigused-ja-protseduurid\/husteroskoopia\/","name":"H\u00fcsteroskoopia - Naistekliinik","isPartOf":{"@id":"https:\/\/www.kliinikum.ee\/naistekliinik\/#website"},"datePublished":"2020-10-07T06:17:27+00:00","dateModified":"2020-10-07T06:17:28+00:00","breadcrumb":{"@id":"https:\/\/www.kliinikum.ee\/naistekliinik\/patsiendile\/naistehaigused-ja-protseduurid\/husteroskoopia\/#breadcrumb"},"inLanguage":"et","potentialAction":[{"@type":"ReadAction","target":["https:\/\/www.kliinikum.ee\/naistekliinik\/patsiendile\/naistehaigused-ja-protseduurid\/husteroskoopia\/"]}]},{"@type":"BreadcrumbList","@id":"https:\/\/www.kliinikum.ee\/naistekliinik\/patsiendile\/naistehaigused-ja-protseduurid\/husteroskoopia\/#breadcrumb","itemListElement":[{"@type":"ListItem","position":1,"name":"Home","item":"https:\/\/www.kliinikum.ee\/naistekliinik\/"},{"@type":"ListItem","position":2,"name":"Patsiendile","item":"https:\/\/www.kliinikum.ee\/naistekliinik\/patsiendile\/"},{"@type":"ListItem","position":3,"name":"Naistehaigused ja protseduurid","item":"https:\/\/www.kliinikum.ee\/naistekliinik\/patsiendile\/naistehaigused-ja-protseduurid\/"},{"@type":"ListItem","position":4,"name":"H\u00fcsteroskoopia"}]},{"@type":"WebSite","@id":"https:\/\/www.kliinikum.ee\/naistekliinik\/#website","url":"https:\/\/www.kliinikum.ee\/naistekliinik\/","name":"Naistekliinik","description":"Hoolivus P\u00e4devus Usaldusv\u00e4\u00e4rsus","potentialAction":[{"@type":"SearchAction","target":{"@type":"EntryPoint","urlTemplate":"https:\/\/www.kliinikum.ee\/naistekliinik\/?s={search_term_string}"},"query-input":{"@type":"PropertyValueSpecification","valueRequired":true,"valueName":"search_term_string"}}],"inLanguage":"et"}]}},"coauthors":[],"author_meta":{"author_link":"https:\/\/www.kliinikum.ee\/naistekliinik\/author\/haldur\/","display_name":"Haldur"},"relative_dates":{"created":"Posted 6 aastat ago","modified":"Updated 6 aastat ago"},"absolute_dates":{"created":"Posted on 7. okt. 2020","modified":"Updated on 7. okt. 2020"},"absolute_dates_time":{"created":"Posted on 7. okt. 2020 09:17","modified":"Updated on 7. okt. 2020 09:17"},"featured_img_caption":"","featured_img":false,"series_order":"","_links":{"self":[{"href":"https:\/\/www.kliinikum.ee\/naistekliinik\/wp-json\/wp\/v2\/pages\/579","targetHints":{"allow":["GET"]}}],"collection":[{"href":"https:\/\/www.kliinikum.ee\/naistekliinik\/wp-json\/wp\/v2\/pages"}],"about":[{"href":"https:\/\/www.kliinikum.ee\/naistekliinik\/wp-json\/wp\/v2\/types\/page"}],"author":[{"embeddable":true,"href":"https:\/\/www.kliinikum.ee\/naistekliinik\/wp-json\/wp\/v2\/users\/11"}],"replies":[{"embeddable":true,"href":"https:\/\/www.kliinikum.ee\/naistekliinik\/wp-json\/wp\/v2\/comments?post=579"}],"version-history":[{"count":0,"href":"https:\/\/www.kliinikum.ee\/naistekliinik\/wp-json\/wp\/v2\/pages\/579\/revisions"}],"up":[{"embeddable":true,"href":"https:\/\/www.kliinikum.ee\/naistekliinik\/wp-json\/wp\/v2\/pages\/514"}],"wp:attachment":[{"href":"https:\/\/www.kliinikum.ee\/naistekliinik\/wp-json\/wp\/v2\/media?parent=579"}],"curies":[{"name":"wp","href":"https:\/\/api.w.org\/{rel}","templated":true}]}}