{"id":581,"date":"2020-10-07T09:19:01","date_gmt":"2020-10-07T06:19:01","guid":{"rendered":"https:\/\/www.kliinikum.ee\/naistekliinik_uus\/?page_id=581"},"modified":"2020-10-07T09:32:49","modified_gmt":"2020-10-07T06:32:49","slug":"kirurgiline-ravi-vaagnaelundite-allavaje-korrigeerimiseks","status":"publish","type":"page","link":"https:\/\/www.kliinikum.ee\/naistekliinik\/patsiendile\/naistehaigused-ja-protseduurid\/kirurgiline-ravi-vaagnaelundite-allavaje-korrigeerimiseks\/","title":{"rendered":"Kirurgiline ravi vaagnaelundite allavaje korrigeerimiseks"},"content":{"rendered":"\n<p class=\"wp-el\">Rohkem kui pooltel \u00fcle 50-aastastest naistest esineb mingil m\u00e4\u00e4ral vaagnaelundite prolapsi ehk allavajet. 80ndaks eluaastaks on \u00fcks k\u00fcmnest naisest pidanud l\u00e4bitegema allavaje t\u00f5ttu operatsiooni.<br>Vaagnap\u00f5hja moodustavad vaagnap\u00f5hja elundid (kusiti, tupp,ja p\u00e4rasool) ja lihased ning neid \u00fchendav ja vaagnaluudele kinnitav sidekude. Vaagnap\u00f5hja \u00fclesandeks on tagada normaalne urineerimine, roojamine ja suguelu ning olla toeks k\u00f5hu\u00f5\u00f5ne organitele (p\u00f5is, emakas, sooled). Allavaje korral on need elundid oma \u00f5igelt kohalt alla vajunud, mille tulemusena h\u00e4irub nende normaalne tegevus.<\/p>\n\n\n\n<figure class=\"wp-block-image size-large\"><img loading=\"lazy\" decoding=\"async\" width=\"468\" height=\"233\" src=\"https:\/\/www.kliinikum.ee\/naistekliinik\/wp-content\/uploads\/2020\/10\/kirurgiline-ravi.jpg\" alt=\"\" class=\"wp-image-601\" \/><\/figure>\n\n\n\n<p class=\"wp-el\">Vasemal pildil on n\u00e4ha normaalne k\u00f5hu\u00f5\u00f5ne organite paiknemine.<br>Paremal pildil on tumedate nooltega t\u00e4histatud tupe eesmise ja tagumise seina allavaje koos p\u00f5ie seina ja p\u00e4rasoole seinaga.<\/p>\n\n\n\n<p class=\"wp-el\"><strong>Vaagnaelundite allavajet p\u00f5hjustab ja soodustab<br><\/strong>Iga (vananedes lihastoonus v\u00e4heneb ja sidekude kaotab oma elastsuse), menopaus e. \u00fcleminekuiga (\u00f6strogeenide v\u00e4henemine soodustab allavajet), s\u00fcnnitustega kaasnenud traumad, eelnevad g\u00fcnekoloogilised operatsioonid, geneetiline eelsoodumus, haigused (sidekoehaigused, suhkrut\u00f5bi, kroonilised haigused millega kaasneb pidev surve vaagnap\u00f5hjale nt. krooniline k\u00f6ha, k\u00f5hukinnisus, \u00fclerasvumine), suurte raskuste regulaarne t\u00f5stmine.<\/p>\n\n\n\n<p class=\"wp-el\"><strong>Allavajega kaasnevad vaevused<br><\/strong>Raskus-v\u00f5i survetunne alak\u00f5hus ja tupes, alak\u00f5hu ja seljavalu, h\u00e4ired urineerimisel (sagenenud urineerimine, pakitsustunne, p\u00f5is ei t\u00fchjene korralikult), soole t\u00fchjendamise h\u00e4ired (k\u00f5hukinnisus, raskendatud roojamine), tahtmatu uriinileke, gaaside ja rooja pidamatus, ebamugav ja valulik suguelu.<\/p>\n\n\n\n<p class=\"wp-el\"><strong>Allavaje variandid<\/strong><\/p>\n\n\n\n<ol class=\"wp-el wp-block-list\"><li>Kusiti allavaje<br>On tingitud kusitit hoidva sidekoe ja ligamendi l\u00f5tvusest. P\u00f5hjustab uriinileket pingutusel v\u00f5i teatud asendites (kummardamisel, p\u00fcsti t\u00f5usmisel, peale urineerimise l\u00f5petamist).<\/li><li>P\u00f5ie allavaje<br>Enamal m\u00e4\u00e4ral tingitud tuppe eesseina allavajest kuid v\u00f5ib kaasneda ka tupe tagaseina allavaje korral. Tekivad h\u00e4ired urineerimisel ja p\u00f5ie t\u00fchjendamisel.<\/li><li>P\u00e4rasoole ja soolte allavaje<br>Tingitud tuppe tagaseina allavajest mille tagaj\u00e4rjel kaotavad p\u00e4rasool ja sool oma \u00f5ige asendi. see toob endaga kaasa h\u00e4ired soole t\u00fchjendamisel, gaaside ja rooja pidamatuse.<\/li><li>Emaka allavaje<br>Emakat hoidvate struktuuride n\u00f5rgenemisel hakkab emakas vajuma allapoole. Ja s\u00f5ltuvalt allavaje ulatusest v\u00f5ib v\u00e4ljuda tupepilust. P\u00f5hjustab ebamugavust, valu ja h\u00e4iritud suguel.<\/li><li>Tupek\u00f6ndi allavaje<br>Tekib siis kui emakas on eelnevalt eemaldatud. Kaasneb p\u00f5ie ja soolestiku allavaje, mille tulemusena tekivad h\u00e4ired urineerimisel ja roojamisel.<\/li><li>Emakakaela pikenemine<br>Esineb enamasti kaasuvana tupeseinte allavaje korral kuid v\u00f5ib olla ka tegemist ainult emakakaela pikenemisega. Emakakael on tuntav tupe sissek\u00e4igus v\u00f5i v\u00e4ljunud tupepilust.<\/li><li>Tupeseinte fastsiate (sidekoelise vahesein) rebendid<br>Tekib s\u00fcnnituse k\u00e4igus kui normaalne sidekude on rebenenud lahti oma anatoomiliselt \u00f5igest kinnituskohast.<\/li><\/ol>\n\n\n\n<p class=\"wp-el\"><strong>Kirurgiline ravi<br><\/strong>Haiglasse tuleku p\u00e4eval kohtute oma raviarsti ja narkoosiarstiga, operatsioon toimub j\u00e4rgmisel p\u00e4eval. Operatsioon teostatakse \u00fcldanesteesias v\u00f5i spinaalanesteesias. Viimase korral on patsient \u00e4rkvel, p\u00e4rsitakse ainult valutundlikkus. Tavaliselt korrigeeritakse vaagnaelundite allavajet vaginaalse operatsiooni (tupe kaudu9 teel. Samuti v\u00f5ib seda teostada veel laparoskoopilise v\u00f5i avatud k\u00f5hu\u00f5\u00f5ne l\u00f5ikuse kaudu. Operatsioonimeetod valitakse l\u00e4htuvalt patsiendist ja allavaje t\u00fc\u00fcbist.<br>Operatsiooni eesm\u00e4rk on taastada vaagnap\u00f5hja normaalne anatoomia. Sellest l\u00e4htuvalt allavaje korral teostatakse sidekoestruktuuride taastamine, nende asetamine \u00f5igele anatoomilisele tasandile ja vajadusel toestamine pol\u00fcprop\u00fcleenist v\u00f5rgu (lingu) v\u00f5i biomaterjali abil, hoidmaks \u00e4ra allavaje taasteket.<br>Emaka allavaje korral enamasti ei ole vajalik emaka eemaldamine, vaid tema asetamine \u00f5igele anatoomilisele tasandile ja tupeseinte toestamine. Kaasuvate haiguste esinemisel v\u00f5ib olla vajalik ka emaka eemaldamine. Emakakaela pikenemisel vajalik emakakaela osaline eemaldamine.<br>Rebenenud tupeseinad taastatakse \u00f5mbluste abil.<\/p>\n\n\n\n<p class=\"wp-el\"><strong>Operatsioonij\u00e4rgne periood<br><\/strong>Operatsiooni j\u00e4rgselt viiakse Teid j\u00e4lgimisele olenevalt operatsiooni mahust kas g\u00fcnekoloogia osakonna palatisse, kus te viibisite enne operatsiooni, v\u00f5i intensiivravi palatisse. Vaginaalse operatsiooni j\u00e4rgselt on asetatud tuppe tampoon, mis eemaldatakse j\u00e4rgmisel p\u00e4eval. Kusep\u00f5ide on asetatud kateeter ja see eemaldatakse samuti j\u00e4rgmisel p\u00e4eval p\u00e4rast operatsiooni. Veenikan\u00fc\u00fcl j\u00e4etakse veeni seniks kuni on vajalik manustada ravimeid: valuvaigistid, iivelduse- ja p\u00f5letikuvastased ravimid.<br>Haiglaravi kestab tavaliselt 2-5 p\u00e4eva. Re\u017eiimist r\u00e4\u00e4gib Teie raviarst (kas v\u00f5ite istuda, ida s\u00fc\u00fca, kuidas enda eest hoolitseda). Normaalne on vereseguse vooluse eritumine tupest 1-3 n\u00e4dala v\u00e4ltel. Arsti poole tuleb p\u00f6\u00f6rduda, kui veritsus muutub rohkeks, eritub helepunast verd, tekib tugev valu v\u00f5i kehatemperatuuri t\u00f5us &gt;37,5\u00b0C. Operatsiooni j\u00e4rgselt viibite haiguslehel olenevalt Teie seisundist 3-6 n\u00e4dalat.<br>1-2 kuu jooksul p\u00e4rast operatsiooni tuleb v\u00e4ltida raskuste t\u00f5stmist ( &gt; 5 -6 kg ). Samuti tuleb loobuda suguelust ja pingutust n\u00f5udvast tegevusest (v\u00f5imlemine, punnestamine jt). Ei ole soovitav k\u00e4ia vannis vaid kasutada du\u0161\u0161i v\u00f5i sauna (mitte viibida kuumal laval).<\/p>\n\n\n\n<p class=\"wp-el\"><strong>V\u00f5imalikud t\u00fcsistused<br><\/strong>Kirurgilise operatsiooni korral on alati oht t\u00fcsistuste tekkeks.<br>Sagedasemaks t\u00fcsistuseks on tavap\u00e4rasest suurem verekaotus operatsiooni ajal ja operatsiooni j\u00e4rgselt, mis v\u00f5ib vajada vereasendajate ja\/v\u00f5i vere \u00fclekannet.<br>V\u00f5ib tekkida operatsiooni j\u00e4rgne haava v\u00f5i seesmiste organite p\u00f5letik, mis vajab pikemaajalist antibakteriaalset ravi.<br>Harva esineb k\u00f5rvalpaiknevate organite: kusep\u00f5ie, kusejuha ja soole vigastust. Vigastatud organite terviklikkus taastatakse tavaliselt operatsiooni k\u00e4igus.<br>Vaatamata veenitromboosi prof\u00fclaktikale ( tugisukad, vajadusel vere h\u00fc\u00fcbimist v\u00e4hendavad ravimid ) v\u00f5ib harvadel juhtudel esineda tromboosi ( veresoone ummistumine vereh\u00fc\u00fcbega ) juhtusid.<br>Et viia operatsiooni ja anesteesiaga seotud t\u00fcsistuste tekkimise risk v\u00f5imalikult v\u00e4ikeseks, palume Teid informeerida arsti:<br>\u2022 oma teadaolevatest haigustest ja tarvitatavatest ravimitest. Operatsiooni p\u00e4eval v\u00f5ib ravimeid kasutada ainult kokkuleppel arstiga<br>\u2022 oma tervislikust seisundist operatsioonile tulles ( nt. viirusinfektsioon )<br>\u2022 teadaolevast \u00fclitundlikkusest ravimitele<br>Operatsioonip\u00e4eval peate olema s\u00f6\u00f6mata &#8211; joomata v\u00e4hemalt 6 tundi enne operatsiooni.<br>Operatsiooni p\u00e4eval ei tohi suitsetada ega n\u00e4rida n\u00e4rimiskummi, et v\u00e4ltida oksendamist ja happelise maosisu sattumist kopsudesse.<br>Operatsioonile eelneva dieedi ja lahtistite kasutamise osas j\u00e4rgige arsti soovitusi.<\/p>\n","protected":false},"excerpt":{"rendered":"<p>Rohkem kui pooltel \u00fcle 50-aastastest naistest esineb mingil m\u00e4\u00e4ral vaagnaelundite prolapsi ehk allavajet. 80ndaks eluaastaks on \u00fcks k\u00fcmnest naisest pidanud&#8230;<\/p>\n","protected":false},"author":11,"featured_media":0,"parent":514,"menu_order":160,"comment_status":"closed","ping_status":"closed","template":"","meta":{"_acf_changed":false,"inline_featured_image":false,"advgb_blocks_editor_width":"","advgb_blocks_columns_visual_guide":"","footnotes":"","_links_to":"","_links_to_target":""},"class_list":["post-581","page","type-page","status-publish","hentry"],"acf":[],"yoast_head":"<!-- This site is optimized with the Yoast SEO plugin v27.3 - https:\/\/yoast.com\/product\/yoast-seo-wordpress\/ -->\n<title>Kirurgiline ravi vaagnaelundite allavaje korrigeerimiseks - Naistekliinik<\/title>\n<meta name=\"robots\" content=\"index, follow, max-snippet:-1, max-image-preview:large, max-video-preview:-1\" \/>\n<link rel=\"canonical\" href=\"https:\/\/www.kliinikum.ee\/naistekliinik\/patsiendile\/naistehaigused-ja-protseduurid\/kirurgiline-ravi-vaagnaelundite-allavaje-korrigeerimiseks\/\" \/>\n<meta property=\"og:locale\" content=\"et_EE\" \/>\n<meta property=\"og:type\" content=\"article\" \/>\n<meta property=\"og:title\" content=\"Kirurgiline ravi vaagnaelundite allavaje korrigeerimiseks - Naistekliinik\" \/>\n<meta property=\"og:description\" content=\"Rohkem kui pooltel \u00fcle 50-aastastest naistest esineb mingil m\u00e4\u00e4ral vaagnaelundite prolapsi ehk allavajet. 80ndaks eluaastaks on \u00fcks k\u00fcmnest naisest pidanud...\" \/>\n<meta property=\"og:url\" content=\"https:\/\/www.kliinikum.ee\/naistekliinik\/patsiendile\/naistehaigused-ja-protseduurid\/kirurgiline-ravi-vaagnaelundite-allavaje-korrigeerimiseks\/\" \/>\n<meta property=\"og:site_name\" content=\"Naistekliinik\" \/>\n<meta property=\"article:modified_time\" content=\"2020-10-07T06:32:49+00:00\" \/>\n<meta property=\"og:image\" content=\"https:\/\/www.kliinikum.ee\/naistekliinik\/wp-content\/uploads\/2020\/10\/kirurgiline-ravi.jpg\" \/>\n<meta name=\"twitter:card\" content=\"summary_large_image\" \/>\n<meta name=\"twitter:label1\" content=\"Est. reading time\" \/>\n\t<meta name=\"twitter:data1\" content=\"5 minutit\" \/>\n<script type=\"application\/ld+json\" class=\"yoast-schema-graph\">{\"@context\":\"https:\\\/\\\/schema.org\",\"@graph\":[{\"@type\":\"WebPage\",\"@id\":\"https:\\\/\\\/www.kliinikum.ee\\\/naistekliinik\\\/patsiendile\\\/naistehaigused-ja-protseduurid\\\/kirurgiline-ravi-vaagnaelundite-allavaje-korrigeerimiseks\\\/\",\"url\":\"https:\\\/\\\/www.kliinikum.ee\\\/naistekliinik\\\/patsiendile\\\/naistehaigused-ja-protseduurid\\\/kirurgiline-ravi-vaagnaelundite-allavaje-korrigeerimiseks\\\/\",\"name\":\"Kirurgiline ravi vaagnaelundite allavaje korrigeerimiseks - Naistekliinik\",\"isPartOf\":{\"@id\":\"https:\\\/\\\/www.kliinikum.ee\\\/naistekliinik\\\/#website\"},\"primaryImageOfPage\":{\"@id\":\"https:\\\/\\\/www.kliinikum.ee\\\/naistekliinik\\\/patsiendile\\\/naistehaigused-ja-protseduurid\\\/kirurgiline-ravi-vaagnaelundite-allavaje-korrigeerimiseks\\\/#primaryimage\"},\"image\":{\"@id\":\"https:\\\/\\\/www.kliinikum.ee\\\/naistekliinik\\\/patsiendile\\\/naistehaigused-ja-protseduurid\\\/kirurgiline-ravi-vaagnaelundite-allavaje-korrigeerimiseks\\\/#primaryimage\"},\"thumbnailUrl\":\"https:\\\/\\\/www.kliinikum.ee\\\/naistekliinik\\\/wp-content\\\/uploads\\\/2020\\\/10\\\/kirurgiline-ravi.jpg\",\"datePublished\":\"2020-10-07T06:19:01+00:00\",\"dateModified\":\"2020-10-07T06:32:49+00:00\",\"breadcrumb\":{\"@id\":\"https:\\\/\\\/www.kliinikum.ee\\\/naistekliinik\\\/patsiendile\\\/naistehaigused-ja-protseduurid\\\/kirurgiline-ravi-vaagnaelundite-allavaje-korrigeerimiseks\\\/#breadcrumb\"},\"inLanguage\":\"et\",\"potentialAction\":[{\"@type\":\"ReadAction\",\"target\":[\"https:\\\/\\\/www.kliinikum.ee\\\/naistekliinik\\\/patsiendile\\\/naistehaigused-ja-protseduurid\\\/kirurgiline-ravi-vaagnaelundite-allavaje-korrigeerimiseks\\\/\"]}]},{\"@type\":\"ImageObject\",\"inLanguage\":\"et\",\"@id\":\"https:\\\/\\\/www.kliinikum.ee\\\/naistekliinik\\\/patsiendile\\\/naistehaigused-ja-protseduurid\\\/kirurgiline-ravi-vaagnaelundite-allavaje-korrigeerimiseks\\\/#primaryimage\",\"url\":\"https:\\\/\\\/www.kliinikum.ee\\\/naistekliinik\\\/wp-content\\\/uploads\\\/2020\\\/10\\\/kirurgiline-ravi.jpg\",\"contentUrl\":\"https:\\\/\\\/www.kliinikum.ee\\\/naistekliinik\\\/wp-content\\\/uploads\\\/2020\\\/10\\\/kirurgiline-ravi.jpg\",\"width\":468,\"height\":233},{\"@type\":\"BreadcrumbList\",\"@id\":\"https:\\\/\\\/www.kliinikum.ee\\\/naistekliinik\\\/patsiendile\\\/naistehaigused-ja-protseduurid\\\/kirurgiline-ravi-vaagnaelundite-allavaje-korrigeerimiseks\\\/#breadcrumb\",\"itemListElement\":[{\"@type\":\"ListItem\",\"position\":1,\"name\":\"Home\",\"item\":\"https:\\\/\\\/www.kliinikum.ee\\\/naistekliinik\\\/\"},{\"@type\":\"ListItem\",\"position\":2,\"name\":\"Patsiendile\",\"item\":\"https:\\\/\\\/www.kliinikum.ee\\\/naistekliinik\\\/patsiendile\\\/\"},{\"@type\":\"ListItem\",\"position\":3,\"name\":\"Naistehaigused ja protseduurid\",\"item\":\"https:\\\/\\\/www.kliinikum.ee\\\/naistekliinik\\\/patsiendile\\\/naistehaigused-ja-protseduurid\\\/\"},{\"@type\":\"ListItem\",\"position\":4,\"name\":\"Kirurgiline ravi vaagnaelundite allavaje korrigeerimiseks\"}]},{\"@type\":\"WebSite\",\"@id\":\"https:\\\/\\\/www.kliinikum.ee\\\/naistekliinik\\\/#website\",\"url\":\"https:\\\/\\\/www.kliinikum.ee\\\/naistekliinik\\\/\",\"name\":\"Naistekliinik\",\"description\":\"Hoolivus P\u00e4devus Usaldusv\u00e4\u00e4rsus\",\"potentialAction\":[{\"@type\":\"SearchAction\",\"target\":{\"@type\":\"EntryPoint\",\"urlTemplate\":\"https:\\\/\\\/www.kliinikum.ee\\\/naistekliinik\\\/?s={search_term_string}\"},\"query-input\":{\"@type\":\"PropertyValueSpecification\",\"valueRequired\":true,\"valueName\":\"search_term_string\"}}],\"inLanguage\":\"et\"}]}<\/script>\n<!-- \/ Yoast SEO plugin. -->","yoast_head_json":{"title":"Kirurgiline ravi vaagnaelundite allavaje korrigeerimiseks - Naistekliinik","robots":{"index":"index","follow":"follow","max-snippet":"max-snippet:-1","max-image-preview":"max-image-preview:large","max-video-preview":"max-video-preview:-1"},"canonical":"https:\/\/www.kliinikum.ee\/naistekliinik\/patsiendile\/naistehaigused-ja-protseduurid\/kirurgiline-ravi-vaagnaelundite-allavaje-korrigeerimiseks\/","og_locale":"et_EE","og_type":"article","og_title":"Kirurgiline ravi vaagnaelundite allavaje korrigeerimiseks - Naistekliinik","og_description":"Rohkem kui pooltel \u00fcle 50-aastastest naistest esineb mingil m\u00e4\u00e4ral vaagnaelundite prolapsi ehk allavajet. 80ndaks eluaastaks on \u00fcks k\u00fcmnest naisest pidanud...","og_url":"https:\/\/www.kliinikum.ee\/naistekliinik\/patsiendile\/naistehaigused-ja-protseduurid\/kirurgiline-ravi-vaagnaelundite-allavaje-korrigeerimiseks\/","og_site_name":"Naistekliinik","article_modified_time":"2020-10-07T06:32:49+00:00","og_image":[{"url":"https:\/\/www.kliinikum.ee\/naistekliinik\/wp-content\/uploads\/2020\/10\/kirurgiline-ravi.jpg","type":"","width":"","height":""}],"twitter_card":"summary_large_image","twitter_misc":{"Est. reading time":"5 minutit"},"schema":{"@context":"https:\/\/schema.org","@graph":[{"@type":"WebPage","@id":"https:\/\/www.kliinikum.ee\/naistekliinik\/patsiendile\/naistehaigused-ja-protseduurid\/kirurgiline-ravi-vaagnaelundite-allavaje-korrigeerimiseks\/","url":"https:\/\/www.kliinikum.ee\/naistekliinik\/patsiendile\/naistehaigused-ja-protseduurid\/kirurgiline-ravi-vaagnaelundite-allavaje-korrigeerimiseks\/","name":"Kirurgiline ravi vaagnaelundite allavaje korrigeerimiseks - Naistekliinik","isPartOf":{"@id":"https:\/\/www.kliinikum.ee\/naistekliinik\/#website"},"primaryImageOfPage":{"@id":"https:\/\/www.kliinikum.ee\/naistekliinik\/patsiendile\/naistehaigused-ja-protseduurid\/kirurgiline-ravi-vaagnaelundite-allavaje-korrigeerimiseks\/#primaryimage"},"image":{"@id":"https:\/\/www.kliinikum.ee\/naistekliinik\/patsiendile\/naistehaigused-ja-protseduurid\/kirurgiline-ravi-vaagnaelundite-allavaje-korrigeerimiseks\/#primaryimage"},"thumbnailUrl":"https:\/\/www.kliinikum.ee\/naistekliinik\/wp-content\/uploads\/2020\/10\/kirurgiline-ravi.jpg","datePublished":"2020-10-07T06:19:01+00:00","dateModified":"2020-10-07T06:32:49+00:00","breadcrumb":{"@id":"https:\/\/www.kliinikum.ee\/naistekliinik\/patsiendile\/naistehaigused-ja-protseduurid\/kirurgiline-ravi-vaagnaelundite-allavaje-korrigeerimiseks\/#breadcrumb"},"inLanguage":"et","potentialAction":[{"@type":"ReadAction","target":["https:\/\/www.kliinikum.ee\/naistekliinik\/patsiendile\/naistehaigused-ja-protseduurid\/kirurgiline-ravi-vaagnaelundite-allavaje-korrigeerimiseks\/"]}]},{"@type":"ImageObject","inLanguage":"et","@id":"https:\/\/www.kliinikum.ee\/naistekliinik\/patsiendile\/naistehaigused-ja-protseduurid\/kirurgiline-ravi-vaagnaelundite-allavaje-korrigeerimiseks\/#primaryimage","url":"https:\/\/www.kliinikum.ee\/naistekliinik\/wp-content\/uploads\/2020\/10\/kirurgiline-ravi.jpg","contentUrl":"https:\/\/www.kliinikum.ee\/naistekliinik\/wp-content\/uploads\/2020\/10\/kirurgiline-ravi.jpg","width":468,"height":233},{"@type":"BreadcrumbList","@id":"https:\/\/www.kliinikum.ee\/naistekliinik\/patsiendile\/naistehaigused-ja-protseduurid\/kirurgiline-ravi-vaagnaelundite-allavaje-korrigeerimiseks\/#breadcrumb","itemListElement":[{"@type":"ListItem","position":1,"name":"Home","item":"https:\/\/www.kliinikum.ee\/naistekliinik\/"},{"@type":"ListItem","position":2,"name":"Patsiendile","item":"https:\/\/www.kliinikum.ee\/naistekliinik\/patsiendile\/"},{"@type":"ListItem","position":3,"name":"Naistehaigused ja protseduurid","item":"https:\/\/www.kliinikum.ee\/naistekliinik\/patsiendile\/naistehaigused-ja-protseduurid\/"},{"@type":"ListItem","position":4,"name":"Kirurgiline ravi vaagnaelundite allavaje korrigeerimiseks"}]},{"@type":"WebSite","@id":"https:\/\/www.kliinikum.ee\/naistekliinik\/#website","url":"https:\/\/www.kliinikum.ee\/naistekliinik\/","name":"Naistekliinik","description":"Hoolivus P\u00e4devus Usaldusv\u00e4\u00e4rsus","potentialAction":[{"@type":"SearchAction","target":{"@type":"EntryPoint","urlTemplate":"https:\/\/www.kliinikum.ee\/naistekliinik\/?s={search_term_string}"},"query-input":{"@type":"PropertyValueSpecification","valueRequired":true,"valueName":"search_term_string"}}],"inLanguage":"et"}]}},"coauthors":[],"author_meta":{"author_link":"https:\/\/www.kliinikum.ee\/naistekliinik\/author\/haldur\/","display_name":"Haldur"},"relative_dates":{"created":"Posted 6 aastat ago","modified":"Updated 6 aastat ago"},"absolute_dates":{"created":"Posted on 7. okt. 2020","modified":"Updated on 7. okt. 2020"},"absolute_dates_time":{"created":"Posted on 7. okt. 2020 09:19","modified":"Updated on 7. okt. 2020 09:32"},"featured_img_caption":"","featured_img":false,"series_order":"","_links":{"self":[{"href":"https:\/\/www.kliinikum.ee\/naistekliinik\/wp-json\/wp\/v2\/pages\/581","targetHints":{"allow":["GET"]}}],"collection":[{"href":"https:\/\/www.kliinikum.ee\/naistekliinik\/wp-json\/wp\/v2\/pages"}],"about":[{"href":"https:\/\/www.kliinikum.ee\/naistekliinik\/wp-json\/wp\/v2\/types\/page"}],"author":[{"embeddable":true,"href":"https:\/\/www.kliinikum.ee\/naistekliinik\/wp-json\/wp\/v2\/users\/11"}],"replies":[{"embeddable":true,"href":"https:\/\/www.kliinikum.ee\/naistekliinik\/wp-json\/wp\/v2\/comments?post=581"}],"version-history":[{"count":0,"href":"https:\/\/www.kliinikum.ee\/naistekliinik\/wp-json\/wp\/v2\/pages\/581\/revisions"}],"up":[{"embeddable":true,"href":"https:\/\/www.kliinikum.ee\/naistekliinik\/wp-json\/wp\/v2\/pages\/514"}],"wp:attachment":[{"href":"https:\/\/www.kliinikum.ee\/naistekliinik\/wp-json\/wp\/v2\/media?parent=581"}],"curies":[{"name":"wp","href":"https:\/\/api.w.org\/{rel}","templated":true}]}}