{"id":623,"date":"2020-10-07T10:02:49","date_gmt":"2020-10-07T07:02:49","guid":{"rendered":"https:\/\/www.kliinikum.ee\/naistekliinik_uus\/?page_id=623"},"modified":"2023-03-02T17:53:49","modified_gmt":"2023-03-02T15:53:49","slug":"esita-kusimus","status":"publish","type":"page","link":"https:\/\/www.kliinikum.ee\/naistekliinik\/imetamisnoustamine\/esita-kusimus\/","title":{"rendered":"Esita k\u00fcsimus"},"content":{"rendered":"\n<p class=\"wp-el\"><\/p>\n\n\n\n<div class=\"wpcf7 no-js\" id=\"wpcf7-f711-o1\" lang=\"et\" dir=\"ltr\" data-wpcf7-id=\"711\">\n<div class=\"screen-reader-response\"><p role=\"status\" aria-live=\"polite\" aria-atomic=\"true\"><\/p> <ul><\/ul><\/div>\n<form action=\"\/naistekliinik\/wp-json\/wp\/v2\/pages\/623#wpcf7-f711-o1\" method=\"post\" class=\"wpcf7-form init\" aria-label=\"Contact form\" novalidate=\"novalidate\" data-status=\"init\">\n<fieldset class=\"hidden-fields-container\"><input type=\"hidden\" name=\"_wpcf7\" value=\"711\" \/><input type=\"hidden\" name=\"_wpcf7_version\" value=\"6.1.5\" \/><input type=\"hidden\" name=\"_wpcf7_locale\" value=\"et\" \/><input type=\"hidden\" name=\"_wpcf7_unit_tag\" value=\"wpcf7-f711-o1\" \/><input type=\"hidden\" name=\"_wpcf7_container_post\" value=\"0\" \/><input type=\"hidden\" name=\"_wpcf7_posted_data_hash\" value=\"\" \/><input type=\"hidden\" name=\"_wpcf7cf_hidden_group_fields\" value=\"[]\" \/><input type=\"hidden\" name=\"_wpcf7cf_hidden_groups\" value=\"[]\" \/><input type=\"hidden\" name=\"_wpcf7cf_visible_groups\" value=\"[]\" \/><input type=\"hidden\" name=\"_wpcf7cf_repeaters\" value=\"[]\" \/><input type=\"hidden\" name=\"_wpcf7cf_steps\" value=\"{}\" \/><input type=\"hidden\" name=\"_wpcf7cf_options\" value=\"{&quot;form_id&quot;:711,&quot;conditions&quot;:[],&quot;settings&quot;:{&quot;animation&quot;:&quot;yes&quot;,&quot;animation_intime&quot;:200,&quot;animation_outtime&quot;:200,&quot;conditions_ui&quot;:&quot;normal&quot;,&quot;notice_dismissed&quot;:false,&quot;notice_dismissed_rollback-cf7-5.4&quot;:true,&quot;notice_dismissed_rollback-cf7-5.8.6&quot;:true,&quot;notice_dismissed_rollback-cf7-5.9.5&quot;:true,&quot;notice_dismissed_rollback-cf7-6.1.1&quot;:true}}\" \/><input type=\"hidden\" name=\"_wpcf7_recaptcha_response\" value=\"\" \/>\n<\/fieldset>\n<div class=\"row row-grid\">\n<div class=\"col-12 col-sm-6\"><span class=\"wpcf7-form-control-wrap\" data-name=\"your-name\"><input size=\"40\" maxlength=\"400\" class=\"wpcf7-form-control wpcf7-text wpcf7-validates-as-required\" aria-required=\"true\" aria-invalid=\"false\" placeholder=\"Nimi *\" value=\"\" type=\"text\" name=\"your-name\" \/><\/span><\/div>\n<div class=\"col-12 col-sm-6\"><span class=\"wpcf7-form-control-wrap\" data-name=\"your-age\"><input class=\"wpcf7-form-control wpcf7-number wpcf7-validates-as-required wpcf7-validates-as-number\" min=\"0\" aria-required=\"true\" aria-invalid=\"false\" placeholder=\"Vanus *\" value=\"\" type=\"number\" name=\"your-age\" \/><\/span><\/div>\n<div class=\"col-12\">\n<span class=\"wpcf7-form-control-wrap\" data-name=\"your-email\"><input size=\"40\" maxlength=\"400\" class=\"wpcf7-form-control wpcf7-email wpcf7-validates-as-required wpcf7-text wpcf7-validates-as-email\" aria-required=\"true\" aria-invalid=\"false\" placeholder=\"E-post *\" value=\"\" type=\"email\" name=\"your-email\" \/><\/span>\n<span class=\"wpcf7-form-control-wrap\" data-name=\"your-subject\"><input size=\"40\" maxlength=\"400\" class=\"wpcf7-form-control wpcf7-text\" aria-invalid=\"false\" placeholder=\"K\u00fcsimuse teema\" value=\"\" type=\"text\" name=\"your-subject\" \/><\/span>\n<span class=\"wpcf7-form-control-wrap\" data-name=\"your-message\"><textarea cols=\"40\" rows=\"10\" maxlength=\"2000\" class=\"wpcf7-form-control wpcf7-textarea wpcf7-validates-as-required\" aria-required=\"true\" aria-invalid=\"false\" placeholder=\"K\u00fcsimuse sisu *\" name=\"your-message\"><\/textarea><\/span>\n<input class=\"wpcf7-form-control wpcf7-submit has-spinner\" type=\"submit\" value=\"Saada\" \/>\n<\/div>\n<\/div><div class=\"wpcf7-response-output\" aria-hidden=\"true\"><\/div>\n<\/form>\n<\/div>\n\n","protected":false},"excerpt":{"rendered":"","protected":false},"author":11,"featured_media":0,"parent":91,"menu_order":40,"comment_status":"closed","ping_status":"closed","template":"","meta":{"_acf_changed":false,"inline_featured_image":false,"advgb_blocks_editor_width":"","advgb_blocks_columns_visual_guide":"","footnotes":"","_links_to":"","_links_to_target":""},"class_list":["post-623","page","type-page","status-publish","hentry"],"acf":[],"yoast_head":"<!-- This site is optimized with the Yoast SEO plugin v27.3 - https:\/\/yoast.com\/product\/yoast-seo-wordpress\/ -->\n<title>Esita k\u00fcsimus - Naistekliinik<\/title>\n<meta name=\"robots\" content=\"index, follow, max-snippet:-1, max-image-preview:large, max-video-preview:-1\" \/>\n<link rel=\"canonical\" href=\"https:\/\/www.kliinikum.ee\/naistekliinik\/imetamisnoustamine\/esita-kusimus\/\" \/>\n<meta property=\"og:locale\" content=\"et_EE\" \/>\n<meta property=\"og:type\" content=\"article\" \/>\n<meta property=\"og:title\" content=\"Esita k\u00fcsimus - Naistekliinik\" \/>\n<meta property=\"og:url\" content=\"https:\/\/www.kliinikum.ee\/naistekliinik\/imetamisnoustamine\/esita-kusimus\/\" \/>\n<meta property=\"og:site_name\" content=\"Naistekliinik\" \/>\n<meta property=\"article:modified_time\" content=\"2023-03-02T15:53:49+00:00\" \/>\n<meta name=\"twitter:card\" content=\"summary_large_image\" \/>\n<meta name=\"twitter:label1\" content=\"Est. reading time\" \/>\n\t<meta name=\"twitter:data1\" content=\"1 minut\" \/>\n<script type=\"application\/ld+json\" class=\"yoast-schema-graph\">{\"@context\":\"https:\\\/\\\/schema.org\",\"@graph\":[{\"@type\":\"WebPage\",\"@id\":\"https:\\\/\\\/www.kliinikum.ee\\\/naistekliinik\\\/imetamisnoustamine\\\/esita-kusimus\\\/\",\"url\":\"https:\\\/\\\/www.kliinikum.ee\\\/naistekliinik\\\/imetamisnoustamine\\\/esita-kusimus\\\/\",\"name\":\"Esita k\u00fcsimus - Naistekliinik\",\"isPartOf\":{\"@id\":\"https:\\\/\\\/www.kliinikum.ee\\\/naistekliinik\\\/#website\"},\"datePublished\":\"2020-10-07T07:02:49+00:00\",\"dateModified\":\"2023-03-02T15:53:49+00:00\",\"breadcrumb\":{\"@id\":\"https:\\\/\\\/www.kliinikum.ee\\\/naistekliinik\\\/imetamisnoustamine\\\/esita-kusimus\\\/#breadcrumb\"},\"inLanguage\":\"et\",\"potentialAction\":[{\"@type\":\"ReadAction\",\"target\":[\"https:\\\/\\\/www.kliinikum.ee\\\/naistekliinik\\\/imetamisnoustamine\\\/esita-kusimus\\\/\"]}]},{\"@type\":\"BreadcrumbList\",\"@id\":\"https:\\\/\\\/www.kliinikum.ee\\\/naistekliinik\\\/imetamisnoustamine\\\/esita-kusimus\\\/#breadcrumb\",\"itemListElement\":[{\"@type\":\"ListItem\",\"position\":1,\"name\":\"Home\",\"item\":\"https:\\\/\\\/www.kliinikum.ee\\\/naistekliinik\\\/\"},{\"@type\":\"ListItem\",\"position\":2,\"name\":\"Imetamisn\u00f5ustamine\",\"item\":\"https:\\\/\\\/www.kliinikum.ee\\\/naistekliinik\\\/imetamisnoustamine\\\/\"},{\"@type\":\"ListItem\",\"position\":3,\"name\":\"Esita k\u00fcsimus\"}]},{\"@type\":\"WebSite\",\"@id\":\"https:\\\/\\\/www.kliinikum.ee\\\/naistekliinik\\\/#website\",\"url\":\"https:\\\/\\\/www.kliinikum.ee\\\/naistekliinik\\\/\",\"name\":\"Naistekliinik\",\"description\":\"Hoolivus P\u00e4devus Usaldusv\u00e4\u00e4rsus\",\"potentialAction\":[{\"@type\":\"SearchAction\",\"target\":{\"@type\":\"EntryPoint\",\"urlTemplate\":\"https:\\\/\\\/www.kliinikum.ee\\\/naistekliinik\\\/?s={search_term_string}\"},\"query-input\":{\"@type\":\"PropertyValueSpecification\",\"valueRequired\":true,\"valueName\":\"search_term_string\"}}],\"inLanguage\":\"et\"}]}<\/script>\n<!-- \/ Yoast SEO plugin. -->","yoast_head_json":{"title":"Esita k\u00fcsimus - Naistekliinik","robots":{"index":"index","follow":"follow","max-snippet":"max-snippet:-1","max-image-preview":"max-image-preview:large","max-video-preview":"max-video-preview:-1"},"canonical":"https:\/\/www.kliinikum.ee\/naistekliinik\/imetamisnoustamine\/esita-kusimus\/","og_locale":"et_EE","og_type":"article","og_title":"Esita k\u00fcsimus - Naistekliinik","og_url":"https:\/\/www.kliinikum.ee\/naistekliinik\/imetamisnoustamine\/esita-kusimus\/","og_site_name":"Naistekliinik","article_modified_time":"2023-03-02T15:53:49+00:00","twitter_card":"summary_large_image","twitter_misc":{"Est. reading time":"1 minut"},"schema":{"@context":"https:\/\/schema.org","@graph":[{"@type":"WebPage","@id":"https:\/\/www.kliinikum.ee\/naistekliinik\/imetamisnoustamine\/esita-kusimus\/","url":"https:\/\/www.kliinikum.ee\/naistekliinik\/imetamisnoustamine\/esita-kusimus\/","name":"Esita k\u00fcsimus - Naistekliinik","isPartOf":{"@id":"https:\/\/www.kliinikum.ee\/naistekliinik\/#website"},"datePublished":"2020-10-07T07:02:49+00:00","dateModified":"2023-03-02T15:53:49+00:00","breadcrumb":{"@id":"https:\/\/www.kliinikum.ee\/naistekliinik\/imetamisnoustamine\/esita-kusimus\/#breadcrumb"},"inLanguage":"et","potentialAction":[{"@type":"ReadAction","target":["https:\/\/www.kliinikum.ee\/naistekliinik\/imetamisnoustamine\/esita-kusimus\/"]}]},{"@type":"BreadcrumbList","@id":"https:\/\/www.kliinikum.ee\/naistekliinik\/imetamisnoustamine\/esita-kusimus\/#breadcrumb","itemListElement":[{"@type":"ListItem","position":1,"name":"Home","item":"https:\/\/www.kliinikum.ee\/naistekliinik\/"},{"@type":"ListItem","position":2,"name":"Imetamisn\u00f5ustamine","item":"https:\/\/www.kliinikum.ee\/naistekliinik\/imetamisnoustamine\/"},{"@type":"ListItem","position":3,"name":"Esita k\u00fcsimus"}]},{"@type":"WebSite","@id":"https:\/\/www.kliinikum.ee\/naistekliinik\/#website","url":"https:\/\/www.kliinikum.ee\/naistekliinik\/","name":"Naistekliinik","description":"Hoolivus P\u00e4devus Usaldusv\u00e4\u00e4rsus","potentialAction":[{"@type":"SearchAction","target":{"@type":"EntryPoint","urlTemplate":"https:\/\/www.kliinikum.ee\/naistekliinik\/?s={search_term_string}"},"query-input":{"@type":"PropertyValueSpecification","valueRequired":true,"valueName":"search_term_string"}}],"inLanguage":"et"}]}},"coauthors":[],"author_meta":{"author_link":"https:\/\/www.kliinikum.ee\/naistekliinik\/author\/haldur\/","display_name":"Haldur"},"relative_dates":{"created":"Posted 6 aastat ago","modified":"Updated 3 aastat ago"},"absolute_dates":{"created":"Posted on 7. okt. 2020","modified":"Updated on 2. m\u00e4rts 2023"},"absolute_dates_time":{"created":"Posted on 7. okt. 2020 10:02","modified":"Updated on 2. m\u00e4rts 2023 05:53"},"featured_img_caption":"","featured_img":false,"series_order":"","_links":{"self":[{"href":"https:\/\/www.kliinikum.ee\/naistekliinik\/wp-json\/wp\/v2\/pages\/623","targetHints":{"allow":["GET"]}}],"collection":[{"href":"https:\/\/www.kliinikum.ee\/naistekliinik\/wp-json\/wp\/v2\/pages"}],"about":[{"href":"https:\/\/www.kliinikum.ee\/naistekliinik\/wp-json\/wp\/v2\/types\/page"}],"author":[{"embeddable":true,"href":"https:\/\/www.kliinikum.ee\/naistekliinik\/wp-json\/wp\/v2\/users\/11"}],"replies":[{"embeddable":true,"href":"https:\/\/www.kliinikum.ee\/naistekliinik\/wp-json\/wp\/v2\/comments?post=623"}],"version-history":[{"count":0,"href":"https:\/\/www.kliinikum.ee\/naistekliinik\/wp-json\/wp\/v2\/pages\/623\/revisions"}],"up":[{"embeddable":true,"href":"https:\/\/www.kliinikum.ee\/naistekliinik\/wp-json\/wp\/v2\/pages\/91"}],"wp:attachment":[{"href":"https:\/\/www.kliinikum.ee\/naistekliinik\/wp-json\/wp\/v2\/media?parent=623"}],"curies":[{"name":"wp","href":"https:\/\/api.w.org\/{rel}","templated":true}]}}