{"id":698,"date":"2020-10-16T11:37:26","date_gmt":"2020-10-16T08:37:26","guid":{"rendered":"https:\/\/www.kliinikum.ee\/naistekliinik_uus\/?page_id=698"},"modified":"2026-01-08T12:05:36","modified_gmt":"2026-01-08T10:05:36","slug":"erakorraline-vastuvott","status":"publish","type":"page","link":"https:\/\/www.kliinikum.ee\/naistekliinik\/erakorraline-vastuvott\/","title":{"rendered":"Naistekliiniku valvekabinet"},"content":{"rendered":"\n<p class=\"wp-el\"><\/p>\n\n\n\n<p class=\"wp-el\">Naistehaiguste ja raseduse korral osutab kliinikumis erakorralist abi <strong>naisten\u00f5uandla valvearst<\/strong>.<br><strong>Naisten\u00f5uandla valvekabinetis v\u00f5etakse vastu&nbsp;erakorralist&nbsp;naistearsti konsultatsiooni vajavaid patsiente.&nbsp;<\/strong>Valvekabinetis&nbsp;<strong>ei teostata mahukaid uuringuid<\/strong>, vaid selgitatakse v\u00e4lja patsiendi seisund ja haiguse iseloom ning m\u00e4\u00e4ratakse vastavalt ravi&nbsp;ja haiglasse v\u00f5tmise vajadus.<\/p>\n\n\n\n<p class=\"wp-el\"><strong>Vastuv\u00f5tule saamiseks&nbsp;<\/strong>tuleb p\u00f6\u00f6rduda&nbsp;<strong>naisten\u00f5uandla registratuuri<\/strong>&nbsp;(korpus G2, I korrus).                                                                                     <strong>Ooteaeg<\/strong> s\u00f5ltub t\u00f6\u00f6koormusest. Valvearsti vastuv\u00f5tule saamiseks v\u00f5ib kuluda<strong>&nbsp;kuni 3 tundi<\/strong>. Eelisj\u00e4rjekorras teenindatakse raskemas seisundis patsiente. <strong>Erakorralises vastuv\u00f5tus teenindatakse patsiente vastavalt tervisliku seisundi raskusele, mitte saabumise j\u00e4rjekorras.<\/strong><\/p>\n\n\n\n<h1 class=\"wp-block-heading has-medium-font-size wp-el\"><strong><span class=\"has-inline-color has-vivid-red-color\">Erakorraliste seisundite alla kuuluvad:<\/span><\/strong><\/h1>\n\n\n\n<ul class=\"wp-block-list wp-el\">\n<li>verejooks suguteedest (rohkem v\u00f5i kestnud kauem kui tavaline menstruatsioon)<\/li>\n\n\n\n<li>\u00e4ge k\u00f5huvalu<\/li>\n\n\n\n<li>erakorraline rasedusaegne probleem (veritsus, lootevee puhkemise kahtlus, enneaegse s\u00fcnnitustegevuse kahtlus, looteliigutuste v\u00e4henemine v\u00f5i puudumine, raseda ootamatu halb enesetunne)<\/li>\n\n\n\n<li>s\u00fcnnituse-, operatsiooni- v\u00f5i abordij\u00e4rgne probleem (s\u00fcnnitusest, operatsioonist v\u00f5i abordist on m\u00f6\u00f6das v\u00e4hem kui 1 kuu)<\/li>\n\n\n\n<li>v\u00e4givalla v\u00f5i trauma ohver<\/li>\n\n\n\n<li>raseduse katkestamise soov<\/li>\n<\/ul>\n\n\n\n<h2 class=\"wp-block-heading has-medium-font-size wp-el\"><strong><span class=\"has-inline-color has-vivid-red-color\">Raseduse katkestamise soov<\/span><\/strong><\/h2>\n\n\n\n<p class=\"wp-el\">Raseduse katkestamise soovi korral tuleb <strong>p\u00f6\u00f6rduda naisten\u00f5uandla valvekabinetti<\/strong> <strong>E-N 08.00-18.00 v\u00f5i R 08.00-17.30<\/strong>. <br>Valvekabinetti p\u00e4\u00e4semiseks tuleb eelnevalt p\u00f6\u00f6rduda <strong>naisten\u00f5uandla registratuuri<\/strong> (korpus G2, I korrus). <\/p>\n\n\n\n<h1 class=\"wp-block-heading has-medium-font-size wp-el\"><mark style=\"background-color:rgba(0, 0, 0, 0)\" class=\"has-inline-color has-vivid-red-color\"><strong>Naisten\u00f5uandla valvekabinet asub:<\/strong><\/mark><\/h1>\n\n\n\n<p class=\"wp-el\"><strong>L. Puusepa 8, G2 korpus, I korrus<\/strong>&nbsp;(<a rel=\"noreferrer noopener\" href=\"https:\/\/www.google.ee\/maps\/preview#!q=L.+Puusepa+8&amp;data=!1m4!1m3!1d2602!2d26.7010102!3d58.3689966!4m10!1m9!4m8!1m3!1d83248!2d26.732596!3d58.37498!3m2!1i1920!2i955!4f13.1\" target=\"_blank\">vaata kaarti<\/a>)<br>Sissep\u00e4\u00e4s L Puusepa t\u00e4nava poolsest peauksest, seej\u00e4rel liikuda vasakule j\u00e4\u00e4vast kaldteest \u00fcles naisten\u00f5uandla registratuuri.                            <\/p>\n\n\n\n<h1 class=\"wp-block-heading has-medium-font-size wp-el\"><mark style=\"background-color:rgba(0, 0, 0, 0)\" class=\"has-inline-color has-vivid-red-color\"><strong>Valvekabinet naisten\u00f5uandlas t\u00f6\u00f6tab:<\/strong>&nbsp;<\/mark><\/h1>\n\n\n\n<ul class=\"wp-block-list wp-el\">\n<li>E\u2013N 08.00\u201318.00, R 08.00\u201317.30  (paus 13:00-14:00).                      <\/li>\n<\/ul>\n\n\n\n<p class=\"wp-el\"><strong>E\u2013N 18.30\u201308.00, R 17.30\u201308.00 ja puhkep\u00e4evadel<\/strong> osutab viivitamatut sekkumist vajavat erakorralist abi valveg\u00fcnekoloog. <br>Abi saamiseks tuleb p\u00f6\u00f6rduda <strong>erakorralise meditsiini osakonda<\/strong> (EMO). EMO-s osutatakse abi ainult kiiret ja erakorralist k\u00e4sitlust vajavate olukordade puhul.\u00a0<br><strong>Raseduse katkestamise soov selle alla ei kuulu.<\/strong>\u00a0Raseduse katkestamise sooviga palume p\u00f6\u00f6rduda naisten\u00f5uandla valvekabinetti.<br><strong>L. Puusepa 8, M-korpus<\/strong>, I korrus\u00a0(sissep\u00e4\u00e4s L. Puusepa tn poolt)<\/p>\n\n\n\n<figure class=\"wp-block-image size-full\"><img loading=\"lazy\" decoding=\"async\" width=\"945\" height=\"496\" src=\"https:\/\/www.kliinikum.ee\/naistekliinik\/wp-content\/uploads\/2022\/12\/image.jpg\" alt=\"\" class=\"wp-image-2428\" \/><\/figure>\n\n\n\n<p class=\"wp-el\">Erakorralises vastuv\u00f5tus teenindatakse patsiente vastavalt tervisliku seisundi raskusele, mitte saabumise j\u00e4rjekorras.<\/p>\n\n\n\n<h3 class=\"wp-block-heading has-medium-font-size wp-el\"><strong><span class=\"has-inline-color has-vivid-red-color\">Vastuv\u00f5ttu p\u00f6\u00f6rdumisel<\/span><\/strong><\/h3>\n\n\n\n<ul class=\"wp-block-list wp-el\">\n<li>v\u00f5tke v\u00f5imalusel kaasa eelnevate uuringute andmed, haigusloo v\u00e4ljav\u00f5tted ning nimekiri ravimitest, mida tarvitate<\/li>\n\n\n\n<li>EMO osakonda v\u00f5i naisten\u00f5uandla registratuuri sisenemisel <strong>v\u00f5tke j\u00e4rjekorra number<\/strong><\/li>\n\n\n\n<li>esitage oma <strong>isikut t\u00f5endav dokument<\/strong><\/li>\n\n\n\n<li>vastake k\u00f5ikidele k\u00fcsimustele Teie terviseprobleemi kohta, et t\u00e4pselt m\u00e4\u00e4ratleda Teie seisundi erakorralisus ja abivajamise meetod<\/li>\n\n\n\n<li>teavitage \u00e4mmaemandat v\u00f5i \u00f5de, kui Teil on esinenud allergiaid, Te olete rase v\u00f5i toidate rinnaga<\/li>\n\n\n\n<li>erakorralise eriarstiabi visiiditasu on 20 eurot<\/li>\n<\/ul>\n\n\n\n<p class=\"wp-el\"><\/p>\n","protected":false},"excerpt":{"rendered":"<p>Naistehaiguste ja raseduse korral osutab kliinikumis erakorralist abi naisten\u00f5uandla valvearst.Naisten\u00f5uandla valvekabinetis v\u00f5etakse vastu&nbsp;erakorralist&nbsp;naistearsti konsultatsiooni vajavaid patsiente.&nbsp;Valvekabinetis&nbsp;ei teostata mahukaid uuringuid, vaid&#8230;<\/p>\n","protected":false},"author":11,"featured_media":0,"parent":0,"menu_order":0,"comment_status":"closed","ping_status":"closed","template":"","meta":{"_acf_changed":false,"inline_featured_image":false,"advgb_blocks_editor_width":"","advgb_blocks_columns_visual_guide":"","footnotes":"","_links_to":"","_links_to_target":""},"class_list":["post-698","page","type-page","status-publish","hentry"],"acf":[],"yoast_head":"<!-- This site is optimized with the Yoast SEO plugin v27.5 - https:\/\/yoast.com\/product\/yoast-seo-wordpress\/ -->\n<title>Naistekliiniku valvekabinet - Naistekliinik<\/title>\n<meta name=\"robots\" content=\"index, follow, max-snippet:-1, max-image-preview:large, max-video-preview:-1\" \/>\n<link rel=\"canonical\" href=\"https:\/\/www.kliinikum.ee\/naistekliinik\/erakorraline-vastuvott\/\" \/>\n<meta property=\"og:locale\" content=\"et_EE\" \/>\n<meta property=\"og:type\" content=\"article\" \/>\n<meta property=\"og:title\" content=\"Naistekliiniku valvekabinet - Naistekliinik\" \/>\n<meta property=\"og:description\" content=\"Naistehaiguste ja raseduse korral osutab kliinikumis erakorralist abi naisten\u00f5uandla valvearst.Naisten\u00f5uandla valvekabinetis v\u00f5etakse vastu&nbsp;erakorralist&nbsp;naistearsti konsultatsiooni vajavaid patsiente.&nbsp;Valvekabinetis&nbsp;ei teostata mahukaid uuringuid, vaid...\" \/>\n<meta property=\"og:url\" content=\"https:\/\/www.kliinikum.ee\/naistekliinik\/erakorraline-vastuvott\/\" \/>\n<meta property=\"og:site_name\" content=\"Naistekliinik\" \/>\n<meta property=\"article:modified_time\" content=\"2026-01-08T10:05:36+00:00\" \/>\n<meta property=\"og:image\" content=\"https:\/\/www.kliinikum.ee\/naistekliinik\/wp-content\/uploads\/2022\/12\/image.jpg\" \/>\n\t<meta property=\"og:image:width\" content=\"945\" \/>\n\t<meta property=\"og:image:height\" content=\"496\" \/>\n\t<meta property=\"og:image:type\" content=\"image\/jpeg\" \/>\n<meta name=\"twitter:card\" content=\"summary_large_image\" \/>\n<meta name=\"twitter:label1\" content=\"Est. reading time\" \/>\n\t<meta name=\"twitter:data1\" content=\"2 minutit\" \/>\n<script type=\"application\/ld+json\" class=\"yoast-schema-graph\">{\"@context\":\"https:\\\/\\\/schema.org\",\"@graph\":[{\"@type\":\"WebPage\",\"@id\":\"https:\\\/\\\/www.kliinikum.ee\\\/naistekliinik\\\/erakorraline-vastuvott\\\/\",\"url\":\"https:\\\/\\\/www.kliinikum.ee\\\/naistekliinik\\\/erakorraline-vastuvott\\\/\",\"name\":\"Naistekliiniku valvekabinet - Naistekliinik\",\"isPartOf\":{\"@id\":\"https:\\\/\\\/www.kliinikum.ee\\\/naistekliinik\\\/#website\"},\"primaryImageOfPage\":{\"@id\":\"https:\\\/\\\/www.kliinikum.ee\\\/naistekliinik\\\/erakorraline-vastuvott\\\/#primaryimage\"},\"image\":{\"@id\":\"https:\\\/\\\/www.kliinikum.ee\\\/naistekliinik\\\/erakorraline-vastuvott\\\/#primaryimage\"},\"thumbnailUrl\":\"https:\\\/\\\/www.kliinikum.ee\\\/naistekliinik\\\/wp-content\\\/uploads\\\/2022\\\/12\\\/image.jpg\",\"datePublished\":\"2020-10-16T08:37:26+00:00\",\"dateModified\":\"2026-01-08T10:05:36+00:00\",\"breadcrumb\":{\"@id\":\"https:\\\/\\\/www.kliinikum.ee\\\/naistekliinik\\\/erakorraline-vastuvott\\\/#breadcrumb\"},\"inLanguage\":\"et\",\"potentialAction\":[{\"@type\":\"ReadAction\",\"target\":[\"https:\\\/\\\/www.kliinikum.ee\\\/naistekliinik\\\/erakorraline-vastuvott\\\/\"]}]},{\"@type\":\"ImageObject\",\"inLanguage\":\"et\",\"@id\":\"https:\\\/\\\/www.kliinikum.ee\\\/naistekliinik\\\/erakorraline-vastuvott\\\/#primaryimage\",\"url\":\"https:\\\/\\\/www.kliinikum.ee\\\/naistekliinik\\\/wp-content\\\/uploads\\\/2022\\\/12\\\/image.jpg\",\"contentUrl\":\"https:\\\/\\\/www.kliinikum.ee\\\/naistekliinik\\\/wp-content\\\/uploads\\\/2022\\\/12\\\/image.jpg\",\"width\":945,\"height\":496},{\"@type\":\"BreadcrumbList\",\"@id\":\"https:\\\/\\\/www.kliinikum.ee\\\/naistekliinik\\\/erakorraline-vastuvott\\\/#breadcrumb\",\"itemListElement\":[{\"@type\":\"ListItem\",\"position\":1,\"name\":\"Home\",\"item\":\"https:\\\/\\\/www.kliinikum.ee\\\/naistekliinik\\\/\"},{\"@type\":\"ListItem\",\"position\":2,\"name\":\"Naistekliiniku valvekabinet\"}]},{\"@type\":\"WebSite\",\"@id\":\"https:\\\/\\\/www.kliinikum.ee\\\/naistekliinik\\\/#website\",\"url\":\"https:\\\/\\\/www.kliinikum.ee\\\/naistekliinik\\\/\",\"name\":\"Naistekliinik\",\"description\":\"Hoolivus P\u00e4devus Usaldusv\u00e4\u00e4rsus\",\"potentialAction\":[{\"@type\":\"SearchAction\",\"target\":{\"@type\":\"EntryPoint\",\"urlTemplate\":\"https:\\\/\\\/www.kliinikum.ee\\\/naistekliinik\\\/?s={search_term_string}\"},\"query-input\":{\"@type\":\"PropertyValueSpecification\",\"valueRequired\":true,\"valueName\":\"search_term_string\"}}],\"inLanguage\":\"et\"}]}<\/script>\n<!-- \/ Yoast SEO plugin. -->","yoast_head_json":{"title":"Naistekliiniku valvekabinet - Naistekliinik","robots":{"index":"index","follow":"follow","max-snippet":"max-snippet:-1","max-image-preview":"max-image-preview:large","max-video-preview":"max-video-preview:-1"},"canonical":"https:\/\/www.kliinikum.ee\/naistekliinik\/erakorraline-vastuvott\/","og_locale":"et_EE","og_type":"article","og_title":"Naistekliiniku valvekabinet - Naistekliinik","og_description":"Naistehaiguste ja raseduse korral osutab kliinikumis erakorralist abi naisten\u00f5uandla valvearst.Naisten\u00f5uandla valvekabinetis v\u00f5etakse vastu&nbsp;erakorralist&nbsp;naistearsti konsultatsiooni vajavaid patsiente.&nbsp;Valvekabinetis&nbsp;ei teostata mahukaid uuringuid, vaid...","og_url":"https:\/\/www.kliinikum.ee\/naistekliinik\/erakorraline-vastuvott\/","og_site_name":"Naistekliinik","article_modified_time":"2026-01-08T10:05:36+00:00","og_image":[{"width":945,"height":496,"url":"https:\/\/www.kliinikum.ee\/naistekliinik\/wp-content\/uploads\/2022\/12\/image.jpg","type":"image\/jpeg"}],"twitter_card":"summary_large_image","twitter_misc":{"Est. reading time":"2 minutit"},"schema":{"@context":"https:\/\/schema.org","@graph":[{"@type":"WebPage","@id":"https:\/\/www.kliinikum.ee\/naistekliinik\/erakorraline-vastuvott\/","url":"https:\/\/www.kliinikum.ee\/naistekliinik\/erakorraline-vastuvott\/","name":"Naistekliiniku valvekabinet - Naistekliinik","isPartOf":{"@id":"https:\/\/www.kliinikum.ee\/naistekliinik\/#website"},"primaryImageOfPage":{"@id":"https:\/\/www.kliinikum.ee\/naistekliinik\/erakorraline-vastuvott\/#primaryimage"},"image":{"@id":"https:\/\/www.kliinikum.ee\/naistekliinik\/erakorraline-vastuvott\/#primaryimage"},"thumbnailUrl":"https:\/\/www.kliinikum.ee\/naistekliinik\/wp-content\/uploads\/2022\/12\/image.jpg","datePublished":"2020-10-16T08:37:26+00:00","dateModified":"2026-01-08T10:05:36+00:00","breadcrumb":{"@id":"https:\/\/www.kliinikum.ee\/naistekliinik\/erakorraline-vastuvott\/#breadcrumb"},"inLanguage":"et","potentialAction":[{"@type":"ReadAction","target":["https:\/\/www.kliinikum.ee\/naistekliinik\/erakorraline-vastuvott\/"]}]},{"@type":"ImageObject","inLanguage":"et","@id":"https:\/\/www.kliinikum.ee\/naistekliinik\/erakorraline-vastuvott\/#primaryimage","url":"https:\/\/www.kliinikum.ee\/naistekliinik\/wp-content\/uploads\/2022\/12\/image.jpg","contentUrl":"https:\/\/www.kliinikum.ee\/naistekliinik\/wp-content\/uploads\/2022\/12\/image.jpg","width":945,"height":496},{"@type":"BreadcrumbList","@id":"https:\/\/www.kliinikum.ee\/naistekliinik\/erakorraline-vastuvott\/#breadcrumb","itemListElement":[{"@type":"ListItem","position":1,"name":"Home","item":"https:\/\/www.kliinikum.ee\/naistekliinik\/"},{"@type":"ListItem","position":2,"name":"Naistekliiniku valvekabinet"}]},{"@type":"WebSite","@id":"https:\/\/www.kliinikum.ee\/naistekliinik\/#website","url":"https:\/\/www.kliinikum.ee\/naistekliinik\/","name":"Naistekliinik","description":"Hoolivus P\u00e4devus Usaldusv\u00e4\u00e4rsus","potentialAction":[{"@type":"SearchAction","target":{"@type":"EntryPoint","urlTemplate":"https:\/\/www.kliinikum.ee\/naistekliinik\/?s={search_term_string}"},"query-input":{"@type":"PropertyValueSpecification","valueRequired":true,"valueName":"search_term_string"}}],"inLanguage":"et"}]}},"coauthors":[],"author_meta":{"author_link":"https:\/\/www.kliinikum.ee\/naistekliinik\/author\/haldur\/","display_name":"Haldur"},"relative_dates":{"created":"Posted 6 aastat ago","modified":"Updated 4 kuud ago"},"absolute_dates":{"created":"Posted on 16. okt. 2020","modified":"Updated on 8. jaan. 2026"},"absolute_dates_time":{"created":"Posted on 16. okt. 2020 11:37","modified":"Updated on 8. jaan. 2026 12:05"},"featured_img_caption":"","featured_img":false,"series_order":"","_links":{"self":[{"href":"https:\/\/www.kliinikum.ee\/naistekliinik\/wp-json\/wp\/v2\/pages\/698","targetHints":{"allow":["GET"]}}],"collection":[{"href":"https:\/\/www.kliinikum.ee\/naistekliinik\/wp-json\/wp\/v2\/pages"}],"about":[{"href":"https:\/\/www.kliinikum.ee\/naistekliinik\/wp-json\/wp\/v2\/types\/page"}],"author":[{"embeddable":true,"href":"https:\/\/www.kliinikum.ee\/naistekliinik\/wp-json\/wp\/v2\/users\/11"}],"replies":[{"embeddable":true,"href":"https:\/\/www.kliinikum.ee\/naistekliinik\/wp-json\/wp\/v2\/comments?post=698"}],"version-history":[{"count":0,"href":"https:\/\/www.kliinikum.ee\/naistekliinik\/wp-json\/wp\/v2\/pages\/698\/revisions"}],"wp:attachment":[{"href":"https:\/\/www.kliinikum.ee\/naistekliinik\/wp-json\/wp\/v2\/media?parent=698"}],"curies":[{"name":"wp","href":"https:\/\/api.w.org\/{rel}","templated":true}]}}