{"id":93,"date":"2020-08-07T11:06:23","date_gmt":"2020-08-07T08:06:23","guid":{"rendered":"https:\/\/www.kliinikum.ee\/naistekliinik_uus\/?page_id=93"},"modified":"2024-06-14T10:48:15","modified_gmt":"2024-06-14T07:48:15","slug":"kontakt-ja-vastuvotud","status":"publish","type":"page","link":"https:\/\/www.kliinikum.ee\/naistekliinik\/imetamisnoustamine\/kontakt-ja-vastuvotud\/","title":{"rendered":"Kontakt ja vastuv\u00f5tud"},"content":{"rendered":"\n<p class=\"has-text-align-center has-vivid-green-cyan-color has-text-color wp-el\"><\/p>\n\n\n\n<p class=\"has-vivid-green-cyan-color has-text-color wp-el\"><strong>VEEBIP\u00d5HINE S\u00dcNNIEELNE JA S\u00dcNNIJ\u00c4RGNE IMETAMISN\u00d5USTAMINE<\/strong><\/p>\n\n\n\n<p class=\"wp-el\">E-kirja aadress<strong>:<\/strong>&nbsp;<a href=\"mailto:imetamine@kliinikum.ee\">imetamine@kliinikum.ee<\/a>  <\/p>\n\n\n\n<p class=\"wp-el\">Vastused saadetakse otse k\u00fcsijale&nbsp;<strong>3-5 t\u00f6\u00f6p\u00e4eva jooksul.<\/strong>&nbsp;Juhul kui mingil p\u00f5hjusel vastuse edastamine osutub edasitoimetamatuks (nt. viga kontaktis, t\u00e4is postkast), siis pannakse vastus \u00fcles imetamisn\u00f5ustamise &#8220;<strong>Vastused&#8221; rubriiki<\/strong>.<\/p>\n\n\n\n<p class=\"wp-el\">K\u00fcsimuse esitamisel on kindlasti vajalik lisada oma <strong>isikukood,<\/strong> kuna olenevalt k\u00fcsimusest broneeritakse koheselt ka vastuv\u00f5tt imetamisn\u00f5ustajale kohapeal ja\/v\u00f5i vormistatakse haigusjuhtum, mis tagab parima edaspidise teenuse ja info k\u00e4ttesaadavuse.<\/p>\n\n\n\n<p class=\"wp-el\">Soovituslik on k\u00fcsimuse edastamisel <strong>lisada oma kontakt telefon<\/strong>, et vajadusel korrektse vastuse andmiseks esitada t\u00e4iendavaid k\u00fcsimusi v\u00f5i t\u00e4psustada \u00fcle e-maili aadress.<\/p>\n\n\n\n<p class=\"has-vivid-green-cyan-color has-text-color wp-el\"><strong>S\u00dcNNIEELNE ETTEVALMISTUS &#8211; PEREKOOL<\/strong><\/p>\n\n\n\n<p class=\"wp-el\">Rasedate ettevalmistus rinnaga toitmiseks toimub&nbsp;<strong>naistekliiniku perekoolis<\/strong>, kus toimuvad vastava teemalised videoloengud. Registreerumine neile toimub kliinikumi naistekliiniku perekooli kodulehel interneti teel.<br>Lisainfot videoloengute&nbsp;kohta saate <a href=\"https:\/\/www.kliinikum.ee\/naistekliinik\/perekool\/paketid\/\">siin<\/a><br>Perekooli koordinaator:&nbsp;<a href=\"mailto:anne.ilves@kliinikum.ee\">elery.teesalu@kliinikum.ee<\/a>&nbsp;<\/p>\n\n\n\n<p class=\"has-vivid-green-cyan-color has-text-color wp-el\"><strong>IMETAMINE S\u00dcNNITUSJ\u00c4RGSES OSAKONNAS<\/strong><\/p>\n\n\n\n<p class=\"wp-el\">Last tuleb toita&nbsp;<strong>v\u00e4hemalt 8 korda \u00f6\u00f6p\u00e4evas.&nbsp;<\/strong>Teda tuleb<strong>&nbsp;\u00e4ratada toitmiseks v\u00e4hemalt iga 3 tunni j\u00e4rel<\/strong>&nbsp;juhul kui laps ise varem s\u00f6\u00f6miseks ei \u00e4rka. Esimestel p\u00e4evadel on oluline \u00e4ratada last&nbsp;<strong>ka \u00f6\u00f6sel iga 3 tunni j\u00e4rel<\/strong>&nbsp;juhul kui ta ise s\u00f6\u00f6miseks varem ei \u00e4rka. Regulaarne \u00f6\u00f6p\u00e4evaringne toitmine on oluline piima tootmise k\u00e4ivitumiseks ja aitab \u00e4ra hoida tugeva piimapaisu. Toitmisel tuleb j\u00e4lgida&nbsp;<strong>\u00f5iget imemisv\u00f5tet ja asendit<\/strong>. Abi vajadusel v\u00f5i k\u00fcsimuste korral p\u00f6\u00f6rdu alati julgelt oma palati \u00e4mmaemanda poole.<\/p>\n\n\n\n<p class=\"wp-el\">Suureks abiks on raamatukesega&nbsp;<strong>&#8220;Vasts\u00fcndinu esimesed p\u00e4evad&#8221;<\/strong>&nbsp;tutvumine ja selle t\u00e4itmine. Raamatukese saate, kas s\u00fcnnitus- v\u00f5i s\u00fcnnij\u00e4rgsesosakonnas. Sinna saate m\u00e4rkida info nii lapse s\u00f6\u00f6tmise kohta kui sellega seoses tekkinud k\u00fcsimused. K\u00f5ikidele imetamist puudutavatele k\u00fcsimustele ja muredele saate vastused oma palati \u00e4mmaemandalt.<\/p>\n\n\n\n<p class=\"wp-el\">Edaspidise eduka imetamise eesm\u00e4rgil antakse murede korral lapsele eelnevalt v\u00e4ljas\u00f5\u00f5rutatud rinnapiima v\u00f5i lisapiima s\u00fcstlast v\u00f5i topsist. Lutipudelit kliinikus esimese valikuna ei kasutata.<\/p>\n\n\n\n<p class=\"has-vivid-green-cyan-color has-text-color wp-el\"><strong>S\u00dcNNITUSJ\u00c4RGNE IMETAMISN\u00d5USTAMINE KLIINIKUMIS&nbsp;<\/strong><\/p>\n\n\n\n<p class=\"wp-el\">Lisaks veebip\u00f5hilisele imetamisn\u00f5ustamisele on kliinikumis j\u00e4rgmised n\u00f5ustamise v\u00f5imalused kohapeal.<\/p>\n\n\n\n<p class=\"wp-el\">Vastuv\u00f5tu pikkus&nbsp;<strong>kuni 60min<\/strong>.<\/p>\n\n\n<div class=\"wp-block-image\">\n<figure class=\"alignleft size-large is-resized\"><img loading=\"lazy\" decoding=\"async\" width=\"1400\" height=\"933\" src=\"https:\/\/www.kliinikum.ee\/naistekliinik\/wp-content\/uploads\/2020\/11\/UT201026AT619-1400x933.jpg\" alt=\"\" class=\"wp-image-903\" style=\"width:462px;height:307px\" \/><\/figure>\n<\/div>\n\n\n<p class=\"wp-el\"><\/p>\n\n\n\n<p class=\"wp-el\"><\/p>\n\n\n\n<p class=\"wp-el\"><\/p>\n\n\n\n<p class=\"wp-el\"><\/p>\n\n\n\n<p class=\"wp-el\"><\/p>\n\n\n\n<p class=\"wp-el\"><strong>Naistekliiniku perekeskus:<\/strong> SA T\u00dcK naistekliiniku \u00e4mmaemand &#8211; imetamisn\u00f5ustaja Anne Ilves, Anni Anastasia Pilvar, Rael-Astrid V\u00e4er v\u00f5i Jekaterina Kalamees vastuv\u00f5tule (<strong>Puusepa 8, 1 korrus, <\/strong>C korpus, ruum 39 ja 44) saab registreeruda \u00fcldregistratuuri telefonil\u00a0<strong>7319100 E\u2013R kell 07.30\u201318.00<\/strong>.<\/p>\n\n\n\n<p class=\"wp-el\"><strong>Tartu Tervisekeskus<\/strong>: SA T\u00dcK naistekliiniku \u00e4mmaemand &#8211; imetamisn\u00f5ustaja Karolin K\u00f6\u00f6rna vastuv\u00f5tule (<strong>M\u00f5isavahe 34b<\/strong>) saab registreeruda \u00fcldregistratuuri telefonil <strong>7319100\u00a0E\u2013R kell 07.30\u201318.00<\/strong><\/p>\n\n\n\n<p class=\"wp-el\">Imetamisn\u00f5ustamisele saab registreeruda samuti&nbsp;<strong>kliinikumi veebilehek\u00fcljel:<\/strong>&nbsp;<a href=\"http:\/\/www.kliinikum.ee\/\">www.kliinikum.ee<\/a>;&nbsp;<strong>ePatsiendis:<\/strong>&nbsp;<a href=\"http:\/\/epatsient.kliinikum.ee\/\">epatsient.kliinikum.ee<\/a>: ja&nbsp;<strong>digiregistratuuri kaudu:<\/strong>&nbsp;<a href=\"http:\/\/www.digilugu.ee\/\">www.digilugu.ee<\/a><\/p>\n\n\n\n<p class=\"has-vivid-green-cyan-color has-text-color wp-el\"><strong>MEELESPEA!<\/strong><\/p>\n\n\n\n<p class=\"wp-el\">Proovitoitmise \u00f5nnestumiseks proovige enne n\u00f5ustamisele tulekut v\u00f5imalusel last mitte toita 1,5-2 tundi.<br>Riietuge mugavalt.<br>N\u00f5ustamisele tulles v\u00f5tke endale kaasa veepudel ja lapsele tagavara m\u00e4he ning riided.<br>V\u00f5imalusel v\u00f5tke kaasa juba eelnevalt kirja pandud k\u00fcsimused, mured, m\u00e4rkmed, lapse toitmise graafik (soovi korral oma isiklik imetamispadi).<\/p>\n\n\n\n<p class=\"wp-el\"><\/p>\n","protected":false},"excerpt":{"rendered":"<p>VEEBIP\u00d5HINE S\u00dcNNIEELNE JA S\u00dcNNIJ\u00c4RGNE IMETAMISN\u00d5USTAMINE E-kirja aadress:&nbsp;imetamine@kliinikum.ee Vastused saadetakse otse k\u00fcsijale&nbsp;3-5 t\u00f6\u00f6p\u00e4eva jooksul.&nbsp;Juhul kui mingil p\u00f5hjusel vastuse edastamine osutub edasitoimetamatuks&#8230;<\/p>\n","protected":false},"author":11,"featured_media":0,"parent":91,"menu_order":10,"comment_status":"closed","ping_status":"closed","template":"","meta":{"_acf_changed":false,"inline_featured_image":false,"advgb_blocks_editor_width":"","advgb_blocks_columns_visual_guide":"","footnotes":"","_links_to":"","_links_to_target":""},"class_list":["post-93","page","type-page","status-publish","hentry"],"acf":[],"yoast_head":"<!-- This site is optimized with the Yoast SEO plugin v27.3 - https:\/\/yoast.com\/product\/yoast-seo-wordpress\/ -->\n<title>Kontakt ja vastuv\u00f5tud - Naistekliinik<\/title>\n<meta name=\"robots\" content=\"index, follow, max-snippet:-1, max-image-preview:large, max-video-preview:-1\" \/>\n<link rel=\"canonical\" href=\"https:\/\/www.kliinikum.ee\/naistekliinik\/imetamisnoustamine\/kontakt-ja-vastuvotud\/\" \/>\n<meta property=\"og:locale\" content=\"et_EE\" \/>\n<meta property=\"og:type\" content=\"article\" \/>\n<meta property=\"og:title\" content=\"Kontakt ja vastuv\u00f5tud - Naistekliinik\" \/>\n<meta property=\"og:description\" content=\"VEEBIP\u00d5HINE S\u00dcNNIEELNE JA S\u00dcNNIJ\u00c4RGNE IMETAMISN\u00d5USTAMINE E-kirja aadress:&nbsp;imetamine@kliinikum.ee Vastused saadetakse otse k\u00fcsijale&nbsp;3-5 t\u00f6\u00f6p\u00e4eva jooksul.&nbsp;Juhul kui mingil p\u00f5hjusel vastuse edastamine osutub edasitoimetamatuks...\" \/>\n<meta property=\"og:url\" content=\"https:\/\/www.kliinikum.ee\/naistekliinik\/imetamisnoustamine\/kontakt-ja-vastuvotud\/\" \/>\n<meta property=\"og:site_name\" content=\"Naistekliinik\" \/>\n<meta property=\"article:modified_time\" content=\"2024-06-14T07:48:15+00:00\" \/>\n<meta property=\"og:image\" content=\"https:\/\/www.kliinikum.ee\/naistekliinik\/wp-content\/uploads\/2020\/11\/UT201026AT619-1400x933.jpg\" \/>\n<meta name=\"twitter:card\" content=\"summary_large_image\" \/>\n<meta name=\"twitter:label1\" content=\"Est. reading time\" \/>\n\t<meta name=\"twitter:data1\" content=\"3 minutit\" \/>\n<script type=\"application\/ld+json\" class=\"yoast-schema-graph\">{\"@context\":\"https:\\\/\\\/schema.org\",\"@graph\":[{\"@type\":\"WebPage\",\"@id\":\"https:\\\/\\\/www.kliinikum.ee\\\/naistekliinik\\\/imetamisnoustamine\\\/kontakt-ja-vastuvotud\\\/\",\"url\":\"https:\\\/\\\/www.kliinikum.ee\\\/naistekliinik\\\/imetamisnoustamine\\\/kontakt-ja-vastuvotud\\\/\",\"name\":\"Kontakt ja vastuv\u00f5tud - Naistekliinik\",\"isPartOf\":{\"@id\":\"https:\\\/\\\/www.kliinikum.ee\\\/naistekliinik\\\/#website\"},\"primaryImageOfPage\":{\"@id\":\"https:\\\/\\\/www.kliinikum.ee\\\/naistekliinik\\\/imetamisnoustamine\\\/kontakt-ja-vastuvotud\\\/#primaryimage\"},\"image\":{\"@id\":\"https:\\\/\\\/www.kliinikum.ee\\\/naistekliinik\\\/imetamisnoustamine\\\/kontakt-ja-vastuvotud\\\/#primaryimage\"},\"thumbnailUrl\":\"https:\\\/\\\/www.kliinikum.ee\\\/naistekliinik\\\/wp-content\\\/uploads\\\/2020\\\/11\\\/UT201026AT619-1400x933.jpg\",\"datePublished\":\"2020-08-07T08:06:23+00:00\",\"dateModified\":\"2024-06-14T07:48:15+00:00\",\"breadcrumb\":{\"@id\":\"https:\\\/\\\/www.kliinikum.ee\\\/naistekliinik\\\/imetamisnoustamine\\\/kontakt-ja-vastuvotud\\\/#breadcrumb\"},\"inLanguage\":\"et\",\"potentialAction\":[{\"@type\":\"ReadAction\",\"target\":[\"https:\\\/\\\/www.kliinikum.ee\\\/naistekliinik\\\/imetamisnoustamine\\\/kontakt-ja-vastuvotud\\\/\"]}]},{\"@type\":\"ImageObject\",\"inLanguage\":\"et\",\"@id\":\"https:\\\/\\\/www.kliinikum.ee\\\/naistekliinik\\\/imetamisnoustamine\\\/kontakt-ja-vastuvotud\\\/#primaryimage\",\"url\":\"https:\\\/\\\/www.kliinikum.ee\\\/naistekliinik\\\/wp-content\\\/uploads\\\/2020\\\/11\\\/UT201026AT619-1400x933.jpg\",\"contentUrl\":\"https:\\\/\\\/www.kliinikum.ee\\\/naistekliinik\\\/wp-content\\\/uploads\\\/2020\\\/11\\\/UT201026AT619-1400x933.jpg\"},{\"@type\":\"BreadcrumbList\",\"@id\":\"https:\\\/\\\/www.kliinikum.ee\\\/naistekliinik\\\/imetamisnoustamine\\\/kontakt-ja-vastuvotud\\\/#breadcrumb\",\"itemListElement\":[{\"@type\":\"ListItem\",\"position\":1,\"name\":\"Home\",\"item\":\"https:\\\/\\\/www.kliinikum.ee\\\/naistekliinik\\\/\"},{\"@type\":\"ListItem\",\"position\":2,\"name\":\"Imetamisn\u00f5ustamine\",\"item\":\"https:\\\/\\\/www.kliinikum.ee\\\/naistekliinik\\\/imetamisnoustamine\\\/\"},{\"@type\":\"ListItem\",\"position\":3,\"name\":\"Kontakt ja vastuv\u00f5tud\"}]},{\"@type\":\"WebSite\",\"@id\":\"https:\\\/\\\/www.kliinikum.ee\\\/naistekliinik\\\/#website\",\"url\":\"https:\\\/\\\/www.kliinikum.ee\\\/naistekliinik\\\/\",\"name\":\"Naistekliinik\",\"description\":\"Hoolivus P\u00e4devus Usaldusv\u00e4\u00e4rsus\",\"potentialAction\":[{\"@type\":\"SearchAction\",\"target\":{\"@type\":\"EntryPoint\",\"urlTemplate\":\"https:\\\/\\\/www.kliinikum.ee\\\/naistekliinik\\\/?s={search_term_string}\"},\"query-input\":{\"@type\":\"PropertyValueSpecification\",\"valueRequired\":true,\"valueName\":\"search_term_string\"}}],\"inLanguage\":\"et\"}]}<\/script>\n<!-- \/ Yoast SEO plugin. -->","yoast_head_json":{"title":"Kontakt ja vastuv\u00f5tud - Naistekliinik","robots":{"index":"index","follow":"follow","max-snippet":"max-snippet:-1","max-image-preview":"max-image-preview:large","max-video-preview":"max-video-preview:-1"},"canonical":"https:\/\/www.kliinikum.ee\/naistekliinik\/imetamisnoustamine\/kontakt-ja-vastuvotud\/","og_locale":"et_EE","og_type":"article","og_title":"Kontakt ja vastuv\u00f5tud - Naistekliinik","og_description":"VEEBIP\u00d5HINE S\u00dcNNIEELNE JA S\u00dcNNIJ\u00c4RGNE IMETAMISN\u00d5USTAMINE E-kirja aadress:&nbsp;imetamine@kliinikum.ee Vastused saadetakse otse k\u00fcsijale&nbsp;3-5 t\u00f6\u00f6p\u00e4eva jooksul.&nbsp;Juhul kui mingil p\u00f5hjusel vastuse edastamine osutub edasitoimetamatuks...","og_url":"https:\/\/www.kliinikum.ee\/naistekliinik\/imetamisnoustamine\/kontakt-ja-vastuvotud\/","og_site_name":"Naistekliinik","article_modified_time":"2024-06-14T07:48:15+00:00","og_image":[{"url":"https:\/\/www.kliinikum.ee\/naistekliinik\/wp-content\/uploads\/2020\/11\/UT201026AT619-1400x933.jpg","type":"","width":"","height":""}],"twitter_card":"summary_large_image","twitter_misc":{"Est. reading time":"3 minutit"},"schema":{"@context":"https:\/\/schema.org","@graph":[{"@type":"WebPage","@id":"https:\/\/www.kliinikum.ee\/naistekliinik\/imetamisnoustamine\/kontakt-ja-vastuvotud\/","url":"https:\/\/www.kliinikum.ee\/naistekliinik\/imetamisnoustamine\/kontakt-ja-vastuvotud\/","name":"Kontakt ja vastuv\u00f5tud - Naistekliinik","isPartOf":{"@id":"https:\/\/www.kliinikum.ee\/naistekliinik\/#website"},"primaryImageOfPage":{"@id":"https:\/\/www.kliinikum.ee\/naistekliinik\/imetamisnoustamine\/kontakt-ja-vastuvotud\/#primaryimage"},"image":{"@id":"https:\/\/www.kliinikum.ee\/naistekliinik\/imetamisnoustamine\/kontakt-ja-vastuvotud\/#primaryimage"},"thumbnailUrl":"https:\/\/www.kliinikum.ee\/naistekliinik\/wp-content\/uploads\/2020\/11\/UT201026AT619-1400x933.jpg","datePublished":"2020-08-07T08:06:23+00:00","dateModified":"2024-06-14T07:48:15+00:00","breadcrumb":{"@id":"https:\/\/www.kliinikum.ee\/naistekliinik\/imetamisnoustamine\/kontakt-ja-vastuvotud\/#breadcrumb"},"inLanguage":"et","potentialAction":[{"@type":"ReadAction","target":["https:\/\/www.kliinikum.ee\/naistekliinik\/imetamisnoustamine\/kontakt-ja-vastuvotud\/"]}]},{"@type":"ImageObject","inLanguage":"et","@id":"https:\/\/www.kliinikum.ee\/naistekliinik\/imetamisnoustamine\/kontakt-ja-vastuvotud\/#primaryimage","url":"https:\/\/www.kliinikum.ee\/naistekliinik\/wp-content\/uploads\/2020\/11\/UT201026AT619-1400x933.jpg","contentUrl":"https:\/\/www.kliinikum.ee\/naistekliinik\/wp-content\/uploads\/2020\/11\/UT201026AT619-1400x933.jpg"},{"@type":"BreadcrumbList","@id":"https:\/\/www.kliinikum.ee\/naistekliinik\/imetamisnoustamine\/kontakt-ja-vastuvotud\/#breadcrumb","itemListElement":[{"@type":"ListItem","position":1,"name":"Home","item":"https:\/\/www.kliinikum.ee\/naistekliinik\/"},{"@type":"ListItem","position":2,"name":"Imetamisn\u00f5ustamine","item":"https:\/\/www.kliinikum.ee\/naistekliinik\/imetamisnoustamine\/"},{"@type":"ListItem","position":3,"name":"Kontakt ja vastuv\u00f5tud"}]},{"@type":"WebSite","@id":"https:\/\/www.kliinikum.ee\/naistekliinik\/#website","url":"https:\/\/www.kliinikum.ee\/naistekliinik\/","name":"Naistekliinik","description":"Hoolivus P\u00e4devus Usaldusv\u00e4\u00e4rsus","potentialAction":[{"@type":"SearchAction","target":{"@type":"EntryPoint","urlTemplate":"https:\/\/www.kliinikum.ee\/naistekliinik\/?s={search_term_string}"},"query-input":{"@type":"PropertyValueSpecification","valueRequired":true,"valueName":"search_term_string"}}],"inLanguage":"et"}]}},"coauthors":[],"author_meta":{"author_link":"https:\/\/www.kliinikum.ee\/naistekliinik\/author\/haldur\/","display_name":"Haldur"},"relative_dates":{"created":"Posted 6 aastat ago","modified":"Updated 2 aastat ago"},"absolute_dates":{"created":"Posted on 7. aug. 2020","modified":"Updated on 14. juuni 2024"},"absolute_dates_time":{"created":"Posted on 7. aug. 2020 11:06","modified":"Updated on 14. juuni 2024 10:48"},"featured_img_caption":"","featured_img":false,"series_order":"","_links":{"self":[{"href":"https:\/\/www.kliinikum.ee\/naistekliinik\/wp-json\/wp\/v2\/pages\/93","targetHints":{"allow":["GET"]}}],"collection":[{"href":"https:\/\/www.kliinikum.ee\/naistekliinik\/wp-json\/wp\/v2\/pages"}],"about":[{"href":"https:\/\/www.kliinikum.ee\/naistekliinik\/wp-json\/wp\/v2\/types\/page"}],"author":[{"embeddable":true,"href":"https:\/\/www.kliinikum.ee\/naistekliinik\/wp-json\/wp\/v2\/users\/11"}],"replies":[{"embeddable":true,"href":"https:\/\/www.kliinikum.ee\/naistekliinik\/wp-json\/wp\/v2\/comments?post=93"}],"version-history":[{"count":0,"href":"https:\/\/www.kliinikum.ee\/naistekliinik\/wp-json\/wp\/v2\/pages\/93\/revisions"}],"up":[{"embeddable":true,"href":"https:\/\/www.kliinikum.ee\/naistekliinik\/wp-json\/wp\/v2\/pages\/91"}],"wp:attachment":[{"href":"https:\/\/www.kliinikum.ee\/naistekliinik\/wp-json\/wp\/v2\/media?parent=93"}],"curies":[{"name":"wp","href":"https:\/\/api.w.org\/{rel}","templated":true}]}}