{"id":981,"date":"2020-11-05T15:35:58","date_gmt":"2020-11-05T13:35:58","guid":{"rendered":"https:\/\/www.kliinikum.ee\/naistekliinik_uus\/?page_id=981"},"modified":"2026-03-17T09:03:27","modified_gmt":"2026-03-17T07:03:27","slug":"info","status":"publish","type":"page","link":"https:\/\/www.kliinikum.ee\/naistekliinik\/patsiendile\/info\/","title":{"rendered":"Ambulatoorne vastuv\u00f5tt"},"content":{"rendered":"\n<h3 class=\"wp-block-heading wp-el\"><strong>SA Tartu \u00dclikooli Kliinikumi naistekliinik osutab teenust<\/strong>:<\/h3>\n\n\n\n<ul class=\"wp-block-list wp-el\">\n<li>L. Puusepa 8, G2 ja C korpus (<a href=\"https:\/\/www.google.ee\/maps\/preview#!q=L.+Puusepa+8&amp;data=!1m4!1m3!1d2602!2d26.7010102!3d58.3689966!4m10!1m9!4m8!1m3!1d83248!2d26.732596!3d58.37498!3m2!1i1920!2i955!4f13.1\">vaata kaarti<\/a>)<\/li>\n\n\n\n<li>Maarjam\u00f5isa tervisekeskuses, Puusepa 1A (<a href=\"https:\/\/www.google.com\/maps?sca_esv=6ddd0cbd40df43d1&amp;sxsrf=AE3TifM6NRe6qcLQabnIPqiuzadxQmbLRA:1761565479989&amp;iflsig=AOw8s4IAAAAAaP9pNwXLUrcmE6hz7gWszaHNrUEU9SPf&amp;uact=5&amp;gs_lp=Egdnd3Mtd2l6IidNYWFyamFtw7Vpc2EgdGVydmlzZWtlc2t1c2VzIFB1dXNlcGEgMUEyBRAAGO8FMgUQABjvBTIFEAAY7wUyBRAAGO8FMgUQABjvBUjtBlAAWABwAHgAkAEAmAGZAaABmQGqAQMwLjG4AQPIAQD4AQL4AQGYAgGgAp4BmAMAkgcDMC4xoAeVA7IHAzAuMbgHngHCBwMyLTHIBwM&amp;um=1&amp;ie=UTF-8&amp;fb=1&amp;gl=ee&amp;sa=X&amp;geocode=KXMy_ssrN-tGMRuL556DMIbY&amp;daddr=Puusepa+tn+1a,+50406+Tartu\">vaata kaarti<\/a>)<\/li>\n\n\n\n<li>Tartu Tervisekeskuses, M\u00f5isavahe 34b, 34b ruumis nr 126 ja 125 (<a href=\"https:\/\/www.google.com\/maps\/place\/\/data=!4m2!3m1!1s0x46eb312e4fab1a99:0xdbad180b3260e88f?sa=X&amp;ved=1t:8290&amp;ictx=111\">vaata kaarti<\/a>)<\/li>\n\n\n\n<li>Kvartali kaubanduskeskuses, Riia 2, I korrusel (<a href=\"https:\/\/www.google.com\/maps?sca_esv=6ddd0cbd40df43d1&amp;sxsrf=AE3TifPZJZ5Ijj5q6N4F1WtPamfG5zDITA:1761565597463&amp;uact=5&amp;gs_lp=Egxnd3Mtd2l6LXNlcnAiD2t2YXJ0YWxpIHRhcnR1IDIMECMYgAQYExgnGIoFMggQABgWGAoYHjIGEAAYFhgeMgYQABgWGB4yBhAAGBYYHjIGEAAYFhgeMgYQABgWGB4yBhAAGBYYHjIGEAAYFhgeMgYQABgWGB5IhAZQvwRYvwRwAXgAkAEAmAFtoAHGAaoBAzEuMbgBA8gBAPgBAZgCAqACd8ICChAAGLADGNYEGEeYAwCIBgGQBgiSBwMxLjGgB4AMsgcDMC4xuAdzwgcFMC4xLjHIBwc&amp;um=1&amp;ie=UTF-8&amp;fb=1&amp;gl=ee&amp;sa=X&amp;geocode=KdmY213eNutGMXo_uvZynXzW&amp;daddr=Riia+tn+2,+51004+Tartu\">vaata kaarti<\/a>)<\/li>\n\n\n\n<li>Vaksali 17, III korrusel (<a href=\"https:\/\/www.google.com\/maps\/@58.3724786,26.7096509,3a,75y,60.31h,90t\/data=!3m10!1e1!3m8!1sTTSTJb0voUlAU0EYUkq_jg!2e0!6shttps:%2F%2Fstreetviewpixels-pa.googleapis.com%2Fv1%2Fthumbnail%3Fcb_client%3Dmaps_sv.tactile%26w%3D900%26h%3D600%26pitch%3D0%26panoid%3DTTSTJb0voUlAU0EYUkq_jg%26yaw%3D60.308517!7i16384!8i8192!9m2!1b1!2i34?entry=ttu&amp;g_ep=EgoyMDI1MTExMS4wIKXMDSoASAFQAw%3D%3D\">vaata kaarti<\/a>)<\/li>\n<\/ul>\n\n\n\n<details class=\"wp-block-details is-layout-flow wp-block-details-is-layout-flow\"><summary>Ambulatoorsed vastuv\u00f5tud toimuvad aadressitel <strong>L. Puusepa 8 <\/strong>(G2 ja C korpus), <strong>Puusepa 1A<\/strong> (2. korrusel, ruumis nr 2062 ja 2065) ja <strong>M\u00f5isavahe 34b <\/strong>(Tartu Tervisekeskus).<\/summary>\n<p class=\"wp-el\"><\/p>\n<\/details>\n\n\n\n<details class=\"wp-block-details is-layout-flow wp-block-details-is-layout-flow\"><summary><strong>S\u00fcnnitama<\/strong> tulles sisenege haiglasse <strong>erakorralise meditsiini osakonna (EMO) <\/strong>kaudu (L. Puusepa 8, M-korpus, I korrus&nbsp;(sissep\u00e4\u00e4s L. Puusepa tn poolt).&nbsp;<br>EMOs suunduge vasakule ja s\u00f5itke liftiga III korrusele G2 korpuse s\u00fcnnitusosakonda.<\/summary>\n<p class=\"wp-el\"><\/p>\n<\/details>\n\n\n\n<hr class=\"wp-block-separator has-alpha-channel-opacity\"\/>\n\n\n<div id=\"acf-block-block_51f5635ad3fe41efcba0cc182d45ba4d\" class=\"acf-block-element  block-accordion\">\r\n<div class=\"accordion\" id=\"accordion-block_51f5635ad3fe41efcba0cc182d45ba4d\"><div class=\"card\"><div class=\"card-header\" id=\"heading1-block_51f5635ad3fe41efcba0cc182d45ba4d\"><button type=\"button\" class=\"collapsed\" data-toggle=\"collapse\" data-target=\"#collapse1-block_51f5635ad3fe41efcba0cc182d45ba4d\" aria-controls=\"collapse1-block_51f5635ad3fe41efcba0cc182d45ba4d\">L.Puusepa 8 majainfo:<\/button><\/div><div id=\"collapse1-block_51f5635ad3fe41efcba0cc182d45ba4d\" class=\"collapse\" aria-labelledby=\"heading1-block_51f5635ad3fe41efcba0cc182d45ba4d\" data-parent=\"#accordion-block_51f5635ad3fe41efcba0cc182d45ba4d\"><div class=\"card-body\"><div class=\"gutenberg-content\"><p><img loading=\"lazy\" decoding=\"async\" class=\"alignnone size-full wp-image-4223\" src=\"https:\/\/www.kliinikum.ee\/naistekliinik\/wp-content\/uploads\/2025\/10\/puusepaa-1.png\" alt=\"\" width=\"1171\" height=\"961\" \/><\/p>\n<\/div><\/div><\/div><\/div><\/div><\/div>\n\n\n<hr class=\"wp-block-separator has-alpha-channel-opacity\"\/>\n\n\n\n<h3 class=\"wp-block-heading wp-el\"><strong>Registratuur<\/strong> \/ G2-korpus (naistekliinik)<\/h3>\n\n\n\n<p class=\"wp-el\">Registratuur on avatud j\u00e4rgnevatel kellaaegadel: <strong>E\u2013R 07.30\u201319.00<\/strong><\/p>\n\n\n\n<h3 class=\"wp-block-heading wp-el\">Kohvikud ja muud teenused<\/h3>\n\n\n\n<p class=\"wp-el\">Kohvikute ja muude teenuste kohta leiate teavet <a href=\"https:\/\/www.kliinikum.ee\/patsiendile\/majainfo\/lisateenused\/\">Tartu \u00dclikooli Kliinikumi kodulehelt<\/a>.<\/p>\n\n\n\n<h3 class=\"wp-block-heading wp-el\">Parkimine<\/h3>\n\n\n\n<p class=\"wp-el\">Autoparkimise tingimuste ja v\u00f5imalustega saate l\u00e4hemalt tutvuda <a href=\"https:\/\/www.kliinikum.ee\/patsiendile\/parkimine\/\">siin<\/a><\/p>\n\n\n\n<h3 class=\"wp-block-heading wp-el\">Bussiinfo<\/h3>\n\n\n\n<p class=\"wp-el\">Kogu teabe bussiga kohalej\u00f5udmise v\u00f5imaluste kohta leiate <a href=\"https:\/\/www.kliinikum.ee\/patsiendile\/majainfo\/bussiinfo\/\">siit<\/a>.<\/p>\n","protected":false},"excerpt":{"rendered":"<p>SA Tartu \u00dclikooli Kliinikumi naistekliinik osutab teenust: Registratuur \/ G2-korpus (naistekliinik) Registratuur on avatud j\u00e4rgnevatel kellaaegadel: E\u2013R 07.30\u201319.00 Kohvikud ja&#8230;<\/p>\n","protected":false},"author":11,"featured_media":0,"parent":418,"menu_order":0,"comment_status":"closed","ping_status":"closed","template":"","meta":{"_acf_changed":false,"inline_featured_image":false,"advgb_blocks_editor_width":"","advgb_blocks_columns_visual_guide":"","footnotes":"","_links_to":"","_links_to_target":""},"class_list":["post-981","page","type-page","status-publish","hentry"],"acf":[],"yoast_head":"<!-- This site is optimized with the Yoast SEO plugin v27.3 - https:\/\/yoast.com\/product\/yoast-seo-wordpress\/ -->\n<title>Ambulatoorne vastuv\u00f5tt - Naistekliinik<\/title>\n<meta name=\"robots\" content=\"index, follow, max-snippet:-1, max-image-preview:large, max-video-preview:-1\" \/>\n<link rel=\"canonical\" href=\"https:\/\/www.kliinikum.ee\/naistekliinik\/patsiendile\/info\/\" \/>\n<meta property=\"og:locale\" content=\"et_EE\" \/>\n<meta property=\"og:type\" content=\"article\" \/>\n<meta property=\"og:title\" content=\"Ambulatoorne vastuv\u00f5tt - Naistekliinik\" \/>\n<meta property=\"og:description\" content=\"SA Tartu \u00dclikooli Kliinikumi naistekliinik osutab teenust: Registratuur \/ G2-korpus (naistekliinik) Registratuur on avatud j\u00e4rgnevatel kellaaegadel: E\u2013R 07.30\u201319.00 Kohvikud ja...\" \/>\n<meta property=\"og:url\" content=\"https:\/\/www.kliinikum.ee\/naistekliinik\/patsiendile\/info\/\" \/>\n<meta property=\"og:site_name\" content=\"Naistekliinik\" \/>\n<meta property=\"article:modified_time\" content=\"2026-03-17T07:03:27+00:00\" \/>\n<meta name=\"twitter:card\" content=\"summary_large_image\" \/>\n<meta name=\"twitter:label1\" content=\"Est. reading time\" \/>\n\t<meta name=\"twitter:data1\" content=\"1 minut\" \/>\n<script type=\"application\/ld+json\" class=\"yoast-schema-graph\">{\"@context\":\"https:\\\/\\\/schema.org\",\"@graph\":[{\"@type\":\"WebPage\",\"@id\":\"https:\\\/\\\/www.kliinikum.ee\\\/naistekliinik\\\/patsiendile\\\/info\\\/\",\"url\":\"https:\\\/\\\/www.kliinikum.ee\\\/naistekliinik\\\/patsiendile\\\/info\\\/\",\"name\":\"Ambulatoorne vastuv\u00f5tt - Naistekliinik\",\"isPartOf\":{\"@id\":\"https:\\\/\\\/www.kliinikum.ee\\\/naistekliinik\\\/#website\"},\"datePublished\":\"2020-11-05T13:35:58+00:00\",\"dateModified\":\"2026-03-17T07:03:27+00:00\",\"breadcrumb\":{\"@id\":\"https:\\\/\\\/www.kliinikum.ee\\\/naistekliinik\\\/patsiendile\\\/info\\\/#breadcrumb\"},\"inLanguage\":\"et\",\"potentialAction\":[{\"@type\":\"ReadAction\",\"target\":[\"https:\\\/\\\/www.kliinikum.ee\\\/naistekliinik\\\/patsiendile\\\/info\\\/\"]}]},{\"@type\":\"BreadcrumbList\",\"@id\":\"https:\\\/\\\/www.kliinikum.ee\\\/naistekliinik\\\/patsiendile\\\/info\\\/#breadcrumb\",\"itemListElement\":[{\"@type\":\"ListItem\",\"position\":1,\"name\":\"Home\",\"item\":\"https:\\\/\\\/www.kliinikum.ee\\\/naistekliinik\\\/\"},{\"@type\":\"ListItem\",\"position\":2,\"name\":\"Patsiendile\",\"item\":\"https:\\\/\\\/www.kliinikum.ee\\\/naistekliinik\\\/patsiendile\\\/\"},{\"@type\":\"ListItem\",\"position\":3,\"name\":\"Ambulatoorne vastuv\u00f5tt\"}]},{\"@type\":\"WebSite\",\"@id\":\"https:\\\/\\\/www.kliinikum.ee\\\/naistekliinik\\\/#website\",\"url\":\"https:\\\/\\\/www.kliinikum.ee\\\/naistekliinik\\\/\",\"name\":\"Naistekliinik\",\"description\":\"Hoolivus P\u00e4devus Usaldusv\u00e4\u00e4rsus\",\"potentialAction\":[{\"@type\":\"SearchAction\",\"target\":{\"@type\":\"EntryPoint\",\"urlTemplate\":\"https:\\\/\\\/www.kliinikum.ee\\\/naistekliinik\\\/?s={search_term_string}\"},\"query-input\":{\"@type\":\"PropertyValueSpecification\",\"valueRequired\":true,\"valueName\":\"search_term_string\"}}],\"inLanguage\":\"et\"}]}<\/script>\n<!-- \/ Yoast SEO plugin. -->","yoast_head_json":{"title":"Ambulatoorne vastuv\u00f5tt - Naistekliinik","robots":{"index":"index","follow":"follow","max-snippet":"max-snippet:-1","max-image-preview":"max-image-preview:large","max-video-preview":"max-video-preview:-1"},"canonical":"https:\/\/www.kliinikum.ee\/naistekliinik\/patsiendile\/info\/","og_locale":"et_EE","og_type":"article","og_title":"Ambulatoorne vastuv\u00f5tt - Naistekliinik","og_description":"SA Tartu \u00dclikooli Kliinikumi naistekliinik osutab teenust: Registratuur \/ G2-korpus (naistekliinik) Registratuur on avatud j\u00e4rgnevatel kellaaegadel: E\u2013R 07.30\u201319.00 Kohvikud ja...","og_url":"https:\/\/www.kliinikum.ee\/naistekliinik\/patsiendile\/info\/","og_site_name":"Naistekliinik","article_modified_time":"2026-03-17T07:03:27+00:00","twitter_card":"summary_large_image","twitter_misc":{"Est. reading time":"1 minut"},"schema":{"@context":"https:\/\/schema.org","@graph":[{"@type":"WebPage","@id":"https:\/\/www.kliinikum.ee\/naistekliinik\/patsiendile\/info\/","url":"https:\/\/www.kliinikum.ee\/naistekliinik\/patsiendile\/info\/","name":"Ambulatoorne vastuv\u00f5tt - Naistekliinik","isPartOf":{"@id":"https:\/\/www.kliinikum.ee\/naistekliinik\/#website"},"datePublished":"2020-11-05T13:35:58+00:00","dateModified":"2026-03-17T07:03:27+00:00","breadcrumb":{"@id":"https:\/\/www.kliinikum.ee\/naistekliinik\/patsiendile\/info\/#breadcrumb"},"inLanguage":"et","potentialAction":[{"@type":"ReadAction","target":["https:\/\/www.kliinikum.ee\/naistekliinik\/patsiendile\/info\/"]}]},{"@type":"BreadcrumbList","@id":"https:\/\/www.kliinikum.ee\/naistekliinik\/patsiendile\/info\/#breadcrumb","itemListElement":[{"@type":"ListItem","position":1,"name":"Home","item":"https:\/\/www.kliinikum.ee\/naistekliinik\/"},{"@type":"ListItem","position":2,"name":"Patsiendile","item":"https:\/\/www.kliinikum.ee\/naistekliinik\/patsiendile\/"},{"@type":"ListItem","position":3,"name":"Ambulatoorne vastuv\u00f5tt"}]},{"@type":"WebSite","@id":"https:\/\/www.kliinikum.ee\/naistekliinik\/#website","url":"https:\/\/www.kliinikum.ee\/naistekliinik\/","name":"Naistekliinik","description":"Hoolivus P\u00e4devus Usaldusv\u00e4\u00e4rsus","potentialAction":[{"@type":"SearchAction","target":{"@type":"EntryPoint","urlTemplate":"https:\/\/www.kliinikum.ee\/naistekliinik\/?s={search_term_string}"},"query-input":{"@type":"PropertyValueSpecification","valueRequired":true,"valueName":"search_term_string"}}],"inLanguage":"et"}]}},"coauthors":[],"author_meta":{"author_link":"https:\/\/www.kliinikum.ee\/naistekliinik\/author\/haldur\/","display_name":"Haldur"},"relative_dates":{"created":"Posted 5 aastat ago","modified":"Updated 1 kuu ago"},"absolute_dates":{"created":"Posted on 5. nov. 2020","modified":"Updated on 17. m\u00e4rts 2026"},"absolute_dates_time":{"created":"Posted on 5. nov. 2020 03:35","modified":"Updated on 17. m\u00e4rts 2026 09:03"},"featured_img_caption":"","featured_img":false,"series_order":"","_links":{"self":[{"href":"https:\/\/www.kliinikum.ee\/naistekliinik\/wp-json\/wp\/v2\/pages\/981","targetHints":{"allow":["GET"]}}],"collection":[{"href":"https:\/\/www.kliinikum.ee\/naistekliinik\/wp-json\/wp\/v2\/pages"}],"about":[{"href":"https:\/\/www.kliinikum.ee\/naistekliinik\/wp-json\/wp\/v2\/types\/page"}],"author":[{"embeddable":true,"href":"https:\/\/www.kliinikum.ee\/naistekliinik\/wp-json\/wp\/v2\/users\/11"}],"replies":[{"embeddable":true,"href":"https:\/\/www.kliinikum.ee\/naistekliinik\/wp-json\/wp\/v2\/comments?post=981"}],"version-history":[{"count":0,"href":"https:\/\/www.kliinikum.ee\/naistekliinik\/wp-json\/wp\/v2\/pages\/981\/revisions"}],"up":[{"embeddable":true,"href":"https:\/\/www.kliinikum.ee\/naistekliinik\/wp-json\/wp\/v2\/pages\/418"}],"wp:attachment":[{"href":"https:\/\/www.kliinikum.ee\/naistekliinik\/wp-json\/wp\/v2\/media?parent=981"}],"curies":[{"name":"wp","href":"https:\/\/api.w.org\/{rel}","templated":true}]}}