{"id":17,"date":"2022-11-14T10:00:52","date_gmt":"2022-11-14T10:00:52","guid":{"rendered":"http:\/\/localhost\/?page_id=17"},"modified":"2023-12-19T10:19:08","modified_gmt":"2023-12-19T08:19:08","slug":"kliinikust","status":"publish","type":"page","link":"https:\/\/www.kliinikum.ee\/narvikliinik\/kliinikust\/","title":{"rendered":"Kliinikust"},"content":{"rendered":"\n<p class=\"has-medium-font-size\"><strong>Tartu \u00dclikooli Kliinikumi n\u00e4rvikliinik asub Maarjam\u00f5isa meditsiinilinnaku L. Puusepa 8 hoone H-korpuses (neurokirurgia osakond 3. korrusel ja neuroloogia osakond 4. korrusel).<\/strong><\/p>\n\n\n\n<p class=\"has-medium-font-size\">Tartu \u00dclikooli Kliinikumi n\u00e4rvikliinik on k\u00f5rgema etapi raviasutus. N\u00e4rvikliinikus diagnoositakse ja ravitakse erinevaid neuroloogilisi ja neurokirurgilisi haigusi. Tegeletakse nii ambulatoorse kui statsionaarse raviga ning tagatakse \u00f6\u00f6p\u00e4evaringne erakorraline abi kogu L\u00f5una-Eesti patsientidele (80% osakondade t\u00f6\u00f6st on erakorraline). N\u00e4rvikliinikus t\u00f6\u00f6tavad lisaks neurokirurgidele, neuroloogidele, \u00f5dedele ja hooldajatele ka neurof\u00fcsioloogid, neurops\u00fchholoogid, f\u00fcsioterapeudid, logopeedid, kelle abiga on tagatud patsientide kompleksne ravi ja taastusprotsess.<\/p>\n\n\n\n<p class=\"has-medium-font-size\"><strong>Tartu \u00dclikooli Kliinikumi n\u00e4rvikliiniku osakonnad ja \u00fcksused:<\/strong><\/p>\n\n\n\n<ul class=\"wp-block-list\">\n<li class=\"has-medium-font-size\">Neuroloogia osakond<\/li>\n\n\n\n<li class=\"has-medium-font-size\">Neurokirurgia osakond<\/li>\n\n\n\n<li class=\"has-medium-font-size\">Ambulatoorne osakond<\/li>\n\n\n\n<li class=\"has-medium-font-size\">Neurof\u00fcsioloogilised uuringud<\/li>\n<\/ul>\n\n\n\n<p class=\"has-medium-font-size\">Kliinikujuht: prof&nbsp;Pille Taba <a href=\"mailto:pille.taba@kliinikum.ee\">pille.taba@kliinikum.ee<\/a><br>Kliiniku direktor:&nbsp;Jaan Eelm\u00e4e <a href=\"mailto:jaan.eelmae@kliinikum.ee\">jaan.eelmae@kliinikum.ee<\/a><br>\u00dclem\u00f5de:&nbsp;Ester Vatsk&nbsp;<a href=\"mailto:ester.vatsk@kliinikum.ee\">ester.vatsk@kliinikum.ee<\/a><br>Sekret\u00e4r: Anu Janson <a href=\"mailto:anu.janson@kliinikum.ee\">anu.janson@kliinikum.ee<\/a><\/p>\n\n\n\n<figure class=\"wp-block-image size-large\"><img loading=\"lazy\" decoding=\"async\" width=\"1024\" height=\"683\" src=\"https:\/\/www.kliinikum.ee\/narvikliinik\/wp-content\/uploads\/2023\/12\/IMG_1233-1024x683.jpg\" alt=\"\" class=\"wp-image-6163\" srcset=\"https:\/\/www.kliinikum.ee\/narvikliinik\/wp-content\/uploads\/2023\/12\/IMG_1233-1024x683.jpg 1024w, https:\/\/www.kliinikum.ee\/narvikliinik\/wp-content\/uploads\/2023\/12\/IMG_1233-300x200.jpg 300w, https:\/\/www.kliinikum.ee\/narvikliinik\/wp-content\/uploads\/2023\/12\/IMG_1233-768x512.jpg 768w, https:\/\/www.kliinikum.ee\/narvikliinik\/wp-content\/uploads\/2023\/12\/IMG_1233-1536x1024.jpg 1536w, https:\/\/www.kliinikum.ee\/narvikliinik\/wp-content\/uploads\/2023\/12\/IMG_1233-2048x1365.jpg 2048w, https:\/\/www.kliinikum.ee\/narvikliinik\/wp-content\/uploads\/2023\/12\/IMG_1233-scaled.jpg 2560w\" sizes=\"auto, (max-width: 1024px) 100vw, 1024px\" \/><\/figure>\n","protected":false},"excerpt":{"rendered":"<p>Tartu \u00dclikooli Kliinikumi n\u00e4rvikliinik asub Maarjam\u00f5isa meditsiinilinnaku L. Puusepa 8 hoone H-korpuses (neurokirurgia osakond 3. korrusel ja neuroloogia osakond 4. korrusel). Tartu \u00dclikooli Kliinikumi n\u00e4rvikliinik on k\u00f5rgema etapi raviasutus. N\u00e4rvikliinikus diagnoositakse ja ravitakse erinevaid neuroloogilisi ja neurokirurgilisi haigusi. Tegeletakse nii ambulatoorse kui statsionaarse raviga ning tagatakse \u00f6\u00f6p\u00e4evaringne erakorraline abi kogu L\u00f5una-Eesti patsientidele (80% osakondade t\u00f6\u00f6st [&hellip;]<\/p>\n","protected":false},"author":32,"featured_media":0,"parent":0,"menu_order":0,"comment_status":"closed","ping_status":"closed","template":"","meta":{"_acf_changed":false,"_uag_custom_page_level_css":"","footnotes":""},"class_list":["post-17","page","type-page","status-publish","hentry"],"acf":[],"yoast_head":"<!-- This site is optimized with the Yoast SEO plugin v27.3 - https:\/\/yoast.com\/product\/yoast-seo-wordpress\/ -->\n<title>Kliinikust - N\u00e4rvikliinik<\/title>\n<meta name=\"robots\" content=\"index, follow, max-snippet:-1, max-image-preview:large, max-video-preview:-1\" \/>\n<link rel=\"canonical\" href=\"https:\/\/www.kliinikum.ee\/narvikliinik\/kliinikust\/\" \/>\n<meta property=\"og:locale\" content=\"et_EE\" \/>\n<meta property=\"og:type\" content=\"article\" \/>\n<meta property=\"og:title\" content=\"Kliinikust - N\u00e4rvikliinik\" \/>\n<meta property=\"og:description\" content=\"Tartu \u00dclikooli Kliinikumi n\u00e4rvikliinik asub Maarjam\u00f5isa meditsiinilinnaku L. Puusepa 8 hoone H-korpuses (neurokirurgia osakond 3. korrusel ja neuroloogia osakond 4. korrusel). Tartu \u00dclikooli Kliinikumi n\u00e4rvikliinik on k\u00f5rgema etapi raviasutus. N\u00e4rvikliinikus diagnoositakse ja ravitakse erinevaid neuroloogilisi ja neurokirurgilisi haigusi. Tegeletakse nii ambulatoorse kui statsionaarse raviga ning tagatakse \u00f6\u00f6p\u00e4evaringne erakorraline abi kogu L\u00f5una-Eesti patsientidele (80% osakondade t\u00f6\u00f6st [&hellip;]\" \/>\n<meta property=\"og:url\" content=\"https:\/\/www.kliinikum.ee\/narvikliinik\/kliinikust\/\" \/>\n<meta property=\"og:site_name\" content=\"N\u00e4rvikliinik\" \/>\n<meta property=\"article:modified_time\" content=\"2023-12-19T08:19:08+00:00\" \/>\n<meta property=\"og:image\" content=\"https:\/\/www.kliinikum.ee\/narvikliinik\/wp-content\/uploads\/2023\/12\/IMG_1233-1024x683.jpg\" \/>\n<meta name=\"twitter:card\" content=\"summary_large_image\" \/>\n<meta name=\"twitter:label1\" content=\"Est. reading time\" \/>\n\t<meta name=\"twitter:data1\" content=\"1 minut\" \/>\n<script type=\"application\/ld+json\" class=\"yoast-schema-graph\">{\"@context\":\"https:\\\/\\\/schema.org\",\"@graph\":[{\"@type\":\"WebPage\",\"@id\":\"https:\\\/\\\/www.kliinikum.ee\\\/narvikliinik\\\/kliinikust\\\/\",\"url\":\"https:\\\/\\\/www.kliinikum.ee\\\/narvikliinik\\\/kliinikust\\\/\",\"name\":\"Kliinikust - N\u00e4rvikliinik\",\"isPartOf\":{\"@id\":\"https:\\\/\\\/www.kliinikum.ee\\\/narvikliinik\\\/#website\"},\"primaryImageOfPage\":{\"@id\":\"https:\\\/\\\/www.kliinikum.ee\\\/narvikliinik\\\/kliinikust\\\/#primaryimage\"},\"image\":{\"@id\":\"https:\\\/\\\/www.kliinikum.ee\\\/narvikliinik\\\/kliinikust\\\/#primaryimage\"},\"thumbnailUrl\":\"https:\\\/\\\/www.kliinikum.ee\\\/narvikliinik\\\/wp-content\\\/uploads\\\/2023\\\/12\\\/IMG_1233-1024x683.jpg\",\"datePublished\":\"2022-11-14T10:00:52+00:00\",\"dateModified\":\"2023-12-19T08:19:08+00:00\",\"breadcrumb\":{\"@id\":\"https:\\\/\\\/www.kliinikum.ee\\\/narvikliinik\\\/kliinikust\\\/#breadcrumb\"},\"inLanguage\":\"et\",\"potentialAction\":[{\"@type\":\"ReadAction\",\"target\":[\"https:\\\/\\\/www.kliinikum.ee\\\/narvikliinik\\\/kliinikust\\\/\"]}]},{\"@type\":\"ImageObject\",\"inLanguage\":\"et\",\"@id\":\"https:\\\/\\\/www.kliinikum.ee\\\/narvikliinik\\\/kliinikust\\\/#primaryimage\",\"url\":\"https:\\\/\\\/www.kliinikum.ee\\\/narvikliinik\\\/wp-content\\\/uploads\\\/2023\\\/12\\\/IMG_1233-scaled.jpg\",\"contentUrl\":\"https:\\\/\\\/www.kliinikum.ee\\\/narvikliinik\\\/wp-content\\\/uploads\\\/2023\\\/12\\\/IMG_1233-scaled.jpg\",\"width\":2560,\"height\":1706},{\"@type\":\"BreadcrumbList\",\"@id\":\"https:\\\/\\\/www.kliinikum.ee\\\/narvikliinik\\\/kliinikust\\\/#breadcrumb\",\"itemListElement\":[{\"@type\":\"ListItem\",\"position\":1,\"name\":\"Home\",\"item\":\"https:\\\/\\\/www.kliinikum.ee\\\/narvikliinik\\\/\"},{\"@type\":\"ListItem\",\"position\":2,\"name\":\"Kliinikust\"}]},{\"@type\":\"WebSite\",\"@id\":\"https:\\\/\\\/www.kliinikum.ee\\\/narvikliinik\\\/#website\",\"url\":\"https:\\\/\\\/www.kliinikum.ee\\\/narvikliinik\\\/\",\"name\":\"N\u00e4rvikliinik\",\"description\":\"Hoolivus, Uuendusmeelsus, P\u00e4devus ja Usaldusv\u00e4\u00e4rsus\",\"potentialAction\":[{\"@type\":\"SearchAction\",\"target\":{\"@type\":\"EntryPoint\",\"urlTemplate\":\"https:\\\/\\\/www.kliinikum.ee\\\/narvikliinik\\\/?s={search_term_string}\"},\"query-input\":{\"@type\":\"PropertyValueSpecification\",\"valueRequired\":true,\"valueName\":\"search_term_string\"}}],\"inLanguage\":\"et\"}]}<\/script>\n<!-- \/ Yoast SEO plugin. -->","yoast_head_json":{"title":"Kliinikust - N\u00e4rvikliinik","robots":{"index":"index","follow":"follow","max-snippet":"max-snippet:-1","max-image-preview":"max-image-preview:large","max-video-preview":"max-video-preview:-1"},"canonical":"https:\/\/www.kliinikum.ee\/narvikliinik\/kliinikust\/","og_locale":"et_EE","og_type":"article","og_title":"Kliinikust - N\u00e4rvikliinik","og_description":"Tartu \u00dclikooli Kliinikumi n\u00e4rvikliinik asub Maarjam\u00f5isa meditsiinilinnaku L. Puusepa 8 hoone H-korpuses (neurokirurgia osakond 3. korrusel ja neuroloogia osakond 4. korrusel). Tartu \u00dclikooli Kliinikumi n\u00e4rvikliinik on k\u00f5rgema etapi raviasutus. N\u00e4rvikliinikus diagnoositakse ja ravitakse erinevaid neuroloogilisi ja neurokirurgilisi haigusi. Tegeletakse nii ambulatoorse kui statsionaarse raviga ning tagatakse \u00f6\u00f6p\u00e4evaringne erakorraline abi kogu L\u00f5una-Eesti patsientidele (80% osakondade t\u00f6\u00f6st [&hellip;]","og_url":"https:\/\/www.kliinikum.ee\/narvikliinik\/kliinikust\/","og_site_name":"N\u00e4rvikliinik","article_modified_time":"2023-12-19T08:19:08+00:00","og_image":[{"url":"https:\/\/www.kliinikum.ee\/narvikliinik\/wp-content\/uploads\/2023\/12\/IMG_1233-1024x683.jpg","type":"","width":"","height":""}],"twitter_card":"summary_large_image","twitter_misc":{"Est. reading time":"1 minut"},"schema":{"@context":"https:\/\/schema.org","@graph":[{"@type":"WebPage","@id":"https:\/\/www.kliinikum.ee\/narvikliinik\/kliinikust\/","url":"https:\/\/www.kliinikum.ee\/narvikliinik\/kliinikust\/","name":"Kliinikust - N\u00e4rvikliinik","isPartOf":{"@id":"https:\/\/www.kliinikum.ee\/narvikliinik\/#website"},"primaryImageOfPage":{"@id":"https:\/\/www.kliinikum.ee\/narvikliinik\/kliinikust\/#primaryimage"},"image":{"@id":"https:\/\/www.kliinikum.ee\/narvikliinik\/kliinikust\/#primaryimage"},"thumbnailUrl":"https:\/\/www.kliinikum.ee\/narvikliinik\/wp-content\/uploads\/2023\/12\/IMG_1233-1024x683.jpg","datePublished":"2022-11-14T10:00:52+00:00","dateModified":"2023-12-19T08:19:08+00:00","breadcrumb":{"@id":"https:\/\/www.kliinikum.ee\/narvikliinik\/kliinikust\/#breadcrumb"},"inLanguage":"et","potentialAction":[{"@type":"ReadAction","target":["https:\/\/www.kliinikum.ee\/narvikliinik\/kliinikust\/"]}]},{"@type":"ImageObject","inLanguage":"et","@id":"https:\/\/www.kliinikum.ee\/narvikliinik\/kliinikust\/#primaryimage","url":"https:\/\/www.kliinikum.ee\/narvikliinik\/wp-content\/uploads\/2023\/12\/IMG_1233-scaled.jpg","contentUrl":"https:\/\/www.kliinikum.ee\/narvikliinik\/wp-content\/uploads\/2023\/12\/IMG_1233-scaled.jpg","width":2560,"height":1706},{"@type":"BreadcrumbList","@id":"https:\/\/www.kliinikum.ee\/narvikliinik\/kliinikust\/#breadcrumb","itemListElement":[{"@type":"ListItem","position":1,"name":"Home","item":"https:\/\/www.kliinikum.ee\/narvikliinik\/"},{"@type":"ListItem","position":2,"name":"Kliinikust"}]},{"@type":"WebSite","@id":"https:\/\/www.kliinikum.ee\/narvikliinik\/#website","url":"https:\/\/www.kliinikum.ee\/narvikliinik\/","name":"N\u00e4rvikliinik","description":"Hoolivus, Uuendusmeelsus, P\u00e4devus ja Usaldusv\u00e4\u00e4rsus","potentialAction":[{"@type":"SearchAction","target":{"@type":"EntryPoint","urlTemplate":"https:\/\/www.kliinikum.ee\/narvikliinik\/?s={search_term_string}"},"query-input":{"@type":"PropertyValueSpecification","valueRequired":true,"valueName":"search_term_string"}}],"inLanguage":"et"}]}},"uagb_featured_image_src":{"full":false,"thumbnail":false,"medium":false,"medium_large":false,"large":false,"1536x1536":false,"2048x2048":false},"uagb_author_info":{"display_name":"erkky","author_link":"https:\/\/www.kliinikum.ee\/narvikliinik\/author\/erkky\/"},"uagb_comment_info":0,"uagb_excerpt":"Tartu \u00dclikooli Kliinikumi n\u00e4rvikliinik asub Maarjam\u00f5isa meditsiinilinnaku L. Puusepa 8 hoone H-korpuses (neurokirurgia osakond 3. korrusel ja neuroloogia osakond 4. korrusel). Tartu \u00dclikooli Kliinikumi n\u00e4rvikliinik on k\u00f5rgema etapi raviasutus. N\u00e4rvikliinikus diagnoositakse ja ravitakse erinevaid neuroloogilisi ja neurokirurgilisi haigusi. Tegeletakse nii ambulatoorse kui statsionaarse raviga ning tagatakse \u00f6\u00f6p\u00e4evaringne erakorraline abi kogu L\u00f5una-Eesti patsientidele (80% osakondade t\u00f6\u00f6st&hellip;","_links":{"self":[{"href":"https:\/\/www.kliinikum.ee\/narvikliinik\/wp-json\/wp\/v2\/pages\/17","targetHints":{"allow":["GET"]}}],"collection":[{"href":"https:\/\/www.kliinikum.ee\/narvikliinik\/wp-json\/wp\/v2\/pages"}],"about":[{"href":"https:\/\/www.kliinikum.ee\/narvikliinik\/wp-json\/wp\/v2\/types\/page"}],"author":[{"embeddable":true,"href":"https:\/\/www.kliinikum.ee\/narvikliinik\/wp-json\/wp\/v2\/users\/32"}],"replies":[{"embeddable":true,"href":"https:\/\/www.kliinikum.ee\/narvikliinik\/wp-json\/wp\/v2\/comments?post=17"}],"version-history":[{"count":0,"href":"https:\/\/www.kliinikum.ee\/narvikliinik\/wp-json\/wp\/v2\/pages\/17\/revisions"}],"wp:attachment":[{"href":"https:\/\/www.kliinikum.ee\/narvikliinik\/wp-json\/wp\/v2\/media?parent=17"}],"curies":[{"name":"wp","href":"https:\/\/api.w.org\/{rel}","templated":true}]}}