{"id":6039,"date":"2023-11-27T13:32:58","date_gmt":"2023-11-27T11:32:58","guid":{"rendered":"https:\/\/www.kliinikum.ee\/narvikliinik\/?page_id=6039"},"modified":"2023-11-29T09:53:12","modified_gmt":"2023-11-29T07:53:12","slug":"uuringud","status":"publish","type":"page","link":"https:\/\/www.kliinikum.ee\/narvikliinik\/patsiendile\/uuringud\/","title":{"rendered":"Uuringud"},"content":{"rendered":"\n<p class=\"has-medium-font-size\"><a href=\"https:\/\/www.kliinikum.ee\/patsiendiinfo-andmebaas\/elektroentsefalograafia-eeg-2\/\">Elektroentsefalograafia (EEG)<\/a><\/p>\n\n\n\n<p class=\"has-medium-font-size\"><a href=\"https:\/\/www.kliinikum.ee\/patsiendiinfo-andmebaas\/une-elektroentsefalograafia-une-eeg\/\">Une-elektroentsefalograafia (une-EEG)<\/a><\/p>\n\n\n\n<p class=\"has-medium-font-size\"><a href=\"https:\/\/www.kliinikum.ee\/patsiendiinfo-andmebaas\/elektroneurograafia-eng-ja-elektroneuromuograafia-enmg\/\">Elektroneurograafia (ENG) ja elektroneurom\u00fcograafia (ENMG)<\/a><\/p>\n\n\n\n<p class=\"has-medium-font-size\"><a href=\"https:\/\/www.kliinikum.ee\/patsiendiinfo-andmebaas\/kompuutertomograafia-kt\/\">Kompuutertomograafia (KT<\/a>)<\/p>\n\n\n\n<p class=\"has-medium-font-size\"><a href=\"https:\/\/www.kliinikum.ee\/patsiendiinfo-andmebaas\/magnetresonantstomograafia-mrt\/\">Magnetresonantstomograafia (MRT)<\/a><\/p>\n\n\n\n<p class=\"has-medium-font-size\"><a href=\"https:\/\/www.kliinikum.ee\/patsiendiinfo-andmebaas\/positronemissioontomograafia-pet-uuring\/\">Positronemissioontomograafia (PET) uuring<\/a><\/p>\n\n\n\n<p><\/p>\n","protected":false},"excerpt":{"rendered":"<p>Elektroentsefalograafia (EEG) Une-elektroentsefalograafia (une-EEG) Elektroneurograafia (ENG) ja elektroneurom\u00fcograafia (ENMG) Kompuutertomograafia (KT) Magnetresonantstomograafia (MRT) Positronemissioontomograafia (PET) uuring<\/p>\n","protected":false},"author":33,"featured_media":0,"parent":15,"menu_order":5,"comment_status":"closed","ping_status":"closed","template":"","meta":{"_acf_changed":false,"_uag_custom_page_level_css":"","footnotes":""},"class_list":["post-6039","page","type-page","status-publish","hentry"],"acf":[],"yoast_head":"<!-- This site is optimized with the Yoast SEO plugin v27.5 - https:\/\/yoast.com\/product\/yoast-seo-wordpress\/ -->\n<title>Uuringud - N\u00e4rvikliinik<\/title>\n<meta name=\"robots\" content=\"index, follow, max-snippet:-1, max-image-preview:large, max-video-preview:-1\" \/>\n<link rel=\"canonical\" href=\"https:\/\/www.kliinikum.ee\/narvikliinik\/patsiendile\/uuringud\/\" \/>\n<meta property=\"og:locale\" content=\"et_EE\" \/>\n<meta property=\"og:type\" content=\"article\" \/>\n<meta property=\"og:title\" content=\"Uuringud - N\u00e4rvikliinik\" \/>\n<meta property=\"og:description\" content=\"Elektroentsefalograafia (EEG) Une-elektroentsefalograafia (une-EEG) Elektroneurograafia (ENG) ja elektroneurom\u00fcograafia (ENMG) Kompuutertomograafia (KT) Magnetresonantstomograafia (MRT) Positronemissioontomograafia (PET) uuring\" \/>\n<meta property=\"og:url\" content=\"https:\/\/www.kliinikum.ee\/narvikliinik\/patsiendile\/uuringud\/\" \/>\n<meta property=\"og:site_name\" content=\"N\u00e4rvikliinik\" \/>\n<meta property=\"article:modified_time\" content=\"2023-11-29T07:53:12+00:00\" \/>\n<meta name=\"twitter:card\" content=\"summary_large_image\" \/>\n<meta name=\"twitter:label1\" content=\"Est. reading time\" \/>\n\t<meta name=\"twitter:data1\" content=\"1 minut\" \/>\n<script type=\"application\/ld+json\" class=\"yoast-schema-graph\">{\"@context\":\"https:\\\/\\\/schema.org\",\"@graph\":[{\"@type\":\"WebPage\",\"@id\":\"https:\\\/\\\/www.kliinikum.ee\\\/narvikliinik\\\/patsiendile\\\/uuringud\\\/\",\"url\":\"https:\\\/\\\/www.kliinikum.ee\\\/narvikliinik\\\/patsiendile\\\/uuringud\\\/\",\"name\":\"Uuringud - N\u00e4rvikliinik\",\"isPartOf\":{\"@id\":\"https:\\\/\\\/www.kliinikum.ee\\\/narvikliinik\\\/#website\"},\"datePublished\":\"2023-11-27T11:32:58+00:00\",\"dateModified\":\"2023-11-29T07:53:12+00:00\",\"breadcrumb\":{\"@id\":\"https:\\\/\\\/www.kliinikum.ee\\\/narvikliinik\\\/patsiendile\\\/uuringud\\\/#breadcrumb\"},\"inLanguage\":\"et\",\"potentialAction\":[{\"@type\":\"ReadAction\",\"target\":[\"https:\\\/\\\/www.kliinikum.ee\\\/narvikliinik\\\/patsiendile\\\/uuringud\\\/\"]}]},{\"@type\":\"BreadcrumbList\",\"@id\":\"https:\\\/\\\/www.kliinikum.ee\\\/narvikliinik\\\/patsiendile\\\/uuringud\\\/#breadcrumb\",\"itemListElement\":[{\"@type\":\"ListItem\",\"position\":1,\"name\":\"Home\",\"item\":\"https:\\\/\\\/www.kliinikum.ee\\\/narvikliinik\\\/\"},{\"@type\":\"ListItem\",\"position\":2,\"name\":\"Patsiendile\",\"item\":\"https:\\\/\\\/www.kliinikum.ee\\\/narvikliinik\\\/patsiendile\\\/\"},{\"@type\":\"ListItem\",\"position\":3,\"name\":\"Uuringud\"}]},{\"@type\":\"WebSite\",\"@id\":\"https:\\\/\\\/www.kliinikum.ee\\\/narvikliinik\\\/#website\",\"url\":\"https:\\\/\\\/www.kliinikum.ee\\\/narvikliinik\\\/\",\"name\":\"N\u00e4rvikliinik\",\"description\":\"Hoolivus, Uuendusmeelsus, P\u00e4devus ja Usaldusv\u00e4\u00e4rsus\",\"potentialAction\":[{\"@type\":\"SearchAction\",\"target\":{\"@type\":\"EntryPoint\",\"urlTemplate\":\"https:\\\/\\\/www.kliinikum.ee\\\/narvikliinik\\\/?s={search_term_string}\"},\"query-input\":{\"@type\":\"PropertyValueSpecification\",\"valueRequired\":true,\"valueName\":\"search_term_string\"}}],\"inLanguage\":\"et\"}]}<\/script>\n<!-- \/ Yoast SEO plugin. -->","yoast_head_json":{"title":"Uuringud - N\u00e4rvikliinik","robots":{"index":"index","follow":"follow","max-snippet":"max-snippet:-1","max-image-preview":"max-image-preview:large","max-video-preview":"max-video-preview:-1"},"canonical":"https:\/\/www.kliinikum.ee\/narvikliinik\/patsiendile\/uuringud\/","og_locale":"et_EE","og_type":"article","og_title":"Uuringud - N\u00e4rvikliinik","og_description":"Elektroentsefalograafia (EEG) Une-elektroentsefalograafia (une-EEG) Elektroneurograafia (ENG) ja elektroneurom\u00fcograafia (ENMG) Kompuutertomograafia (KT) Magnetresonantstomograafia (MRT) Positronemissioontomograafia (PET) uuring","og_url":"https:\/\/www.kliinikum.ee\/narvikliinik\/patsiendile\/uuringud\/","og_site_name":"N\u00e4rvikliinik","article_modified_time":"2023-11-29T07:53:12+00:00","twitter_card":"summary_large_image","twitter_misc":{"Est. reading time":"1 minut"},"schema":{"@context":"https:\/\/schema.org","@graph":[{"@type":"WebPage","@id":"https:\/\/www.kliinikum.ee\/narvikliinik\/patsiendile\/uuringud\/","url":"https:\/\/www.kliinikum.ee\/narvikliinik\/patsiendile\/uuringud\/","name":"Uuringud - N\u00e4rvikliinik","isPartOf":{"@id":"https:\/\/www.kliinikum.ee\/narvikliinik\/#website"},"datePublished":"2023-11-27T11:32:58+00:00","dateModified":"2023-11-29T07:53:12+00:00","breadcrumb":{"@id":"https:\/\/www.kliinikum.ee\/narvikliinik\/patsiendile\/uuringud\/#breadcrumb"},"inLanguage":"et","potentialAction":[{"@type":"ReadAction","target":["https:\/\/www.kliinikum.ee\/narvikliinik\/patsiendile\/uuringud\/"]}]},{"@type":"BreadcrumbList","@id":"https:\/\/www.kliinikum.ee\/narvikliinik\/patsiendile\/uuringud\/#breadcrumb","itemListElement":[{"@type":"ListItem","position":1,"name":"Home","item":"https:\/\/www.kliinikum.ee\/narvikliinik\/"},{"@type":"ListItem","position":2,"name":"Patsiendile","item":"https:\/\/www.kliinikum.ee\/narvikliinik\/patsiendile\/"},{"@type":"ListItem","position":3,"name":"Uuringud"}]},{"@type":"WebSite","@id":"https:\/\/www.kliinikum.ee\/narvikliinik\/#website","url":"https:\/\/www.kliinikum.ee\/narvikliinik\/","name":"N\u00e4rvikliinik","description":"Hoolivus, Uuendusmeelsus, P\u00e4devus ja Usaldusv\u00e4\u00e4rsus","potentialAction":[{"@type":"SearchAction","target":{"@type":"EntryPoint","urlTemplate":"https:\/\/www.kliinikum.ee\/narvikliinik\/?s={search_term_string}"},"query-input":{"@type":"PropertyValueSpecification","valueRequired":true,"valueName":"search_term_string"}}],"inLanguage":"et"}]}},"uagb_featured_image_src":{"full":false,"thumbnail":false,"medium":false,"medium_large":false,"large":false,"1536x1536":false,"2048x2048":false},"uagb_author_info":{"display_name":"Kristi Tamela","author_link":"https:\/\/www.kliinikum.ee\/narvikliinik\/author\/krisra\/"},"uagb_comment_info":0,"uagb_excerpt":"Elektroentsefalograafia (EEG) Une-elektroentsefalograafia (une-EEG) Elektroneurograafia (ENG) ja elektroneurom\u00fcograafia (ENMG) Kompuutertomograafia (KT) Magnetresonantstomograafia (MRT) Positronemissioontomograafia (PET) uuring","_links":{"self":[{"href":"https:\/\/www.kliinikum.ee\/narvikliinik\/wp-json\/wp\/v2\/pages\/6039","targetHints":{"allow":["GET"]}}],"collection":[{"href":"https:\/\/www.kliinikum.ee\/narvikliinik\/wp-json\/wp\/v2\/pages"}],"about":[{"href":"https:\/\/www.kliinikum.ee\/narvikliinik\/wp-json\/wp\/v2\/types\/page"}],"author":[{"embeddable":true,"href":"https:\/\/www.kliinikum.ee\/narvikliinik\/wp-json\/wp\/v2\/users\/33"}],"replies":[{"embeddable":true,"href":"https:\/\/www.kliinikum.ee\/narvikliinik\/wp-json\/wp\/v2\/comments?post=6039"}],"version-history":[{"count":0,"href":"https:\/\/www.kliinikum.ee\/narvikliinik\/wp-json\/wp\/v2\/pages\/6039\/revisions"}],"up":[{"embeddable":true,"href":"https:\/\/www.kliinikum.ee\/narvikliinik\/wp-json\/wp\/v2\/pages\/15"}],"wp:attachment":[{"href":"https:\/\/www.kliinikum.ee\/narvikliinik\/wp-json\/wp\/v2\/media?parent=6039"}],"curies":[{"name":"wp","href":"https:\/\/api.w.org\/{rel}","templated":true}]}}