{"id":6063,"date":"2023-11-29T10:27:34","date_gmt":"2023-11-29T08:27:34","guid":{"rendered":"https:\/\/www.kliinikum.ee\/narvikliinik\/?page_id=6063"},"modified":"2023-12-19T10:56:11","modified_gmt":"2023-12-19T08:56:11","slug":"teadus-ja-oppetoo","status":"publish","type":"page","link":"https:\/\/www.kliinikum.ee\/narvikliinik\/teadus-ja-oppetoo\/","title":{"rendered":"Teadus- ja \u00f5ppet\u00f6\u00f6"},"content":{"rendered":"\n<p class=\"has-medium-font-size\"><a href=\"https:\/\/kliinilinemeditsiin.ut.ee\/et\/sisu\/narvikliinik\">T\u00dc Kliinilise meditsiini instituudi N\u00e4rvikliinik<\/a><\/p>\n\n\n\n<p class=\"has-medium-font-size\"><a href=\"https:\/\/meditsiiniteadused.ut.ee\/et\/sisu\/residentuur\">Residentuur<\/a><\/p>\n\n\n\n<p class=\"has-medium-font-size\"><a href=\"https:\/\/www.kliinikum.ee\/teadus-ja-oppetoo\/praktika-kliinikumis\/\">Praktika Kliinikumis<\/a><\/p>\n","protected":false},"excerpt":{"rendered":"<p>T\u00dc Kliinilise meditsiini instituudi N\u00e4rvikliinik Residentuur Praktika Kliinikumis<\/p>\n","protected":false},"author":34,"featured_media":0,"parent":0,"menu_order":4,"comment_status":"closed","ping_status":"closed","template":"","meta":{"_acf_changed":false,"_uag_custom_page_level_css":"","footnotes":""},"class_list":["post-6063","page","type-page","status-publish","hentry"],"acf":[],"yoast_head":"<!-- This site is optimized with the Yoast SEO plugin v27.3 - https:\/\/yoast.com\/product\/yoast-seo-wordpress\/ -->\n<title>Teadus- ja \u00f5ppet\u00f6\u00f6 - N\u00e4rvikliinik<\/title>\n<meta name=\"robots\" content=\"index, follow, max-snippet:-1, max-image-preview:large, max-video-preview:-1\" \/>\n<link rel=\"canonical\" href=\"https:\/\/www.kliinikum.ee\/narvikliinik\/teadus-ja-oppetoo\/\" \/>\n<meta property=\"og:locale\" content=\"et_EE\" \/>\n<meta property=\"og:type\" content=\"article\" \/>\n<meta property=\"og:title\" content=\"Teadus- ja \u00f5ppet\u00f6\u00f6 - N\u00e4rvikliinik\" \/>\n<meta property=\"og:description\" content=\"T\u00dc Kliinilise meditsiini instituudi N\u00e4rvikliinik Residentuur Praktika Kliinikumis\" \/>\n<meta property=\"og:url\" content=\"https:\/\/www.kliinikum.ee\/narvikliinik\/teadus-ja-oppetoo\/\" \/>\n<meta property=\"og:site_name\" content=\"N\u00e4rvikliinik\" \/>\n<meta property=\"article:modified_time\" content=\"2023-12-19T08:56:11+00:00\" \/>\n<meta name=\"twitter:card\" content=\"summary_large_image\" \/>\n<meta name=\"twitter:label1\" content=\"Est. reading time\" \/>\n\t<meta name=\"twitter:data1\" content=\"1 minut\" \/>\n<script type=\"application\/ld+json\" class=\"yoast-schema-graph\">{\"@context\":\"https:\\\/\\\/schema.org\",\"@graph\":[{\"@type\":\"WebPage\",\"@id\":\"https:\\\/\\\/www.kliinikum.ee\\\/narvikliinik\\\/teadus-ja-oppetoo\\\/\",\"url\":\"https:\\\/\\\/www.kliinikum.ee\\\/narvikliinik\\\/teadus-ja-oppetoo\\\/\",\"name\":\"Teadus- ja \u00f5ppet\u00f6\u00f6 - N\u00e4rvikliinik\",\"isPartOf\":{\"@id\":\"https:\\\/\\\/www.kliinikum.ee\\\/narvikliinik\\\/#website\"},\"datePublished\":\"2023-11-29T08:27:34+00:00\",\"dateModified\":\"2023-12-19T08:56:11+00:00\",\"breadcrumb\":{\"@id\":\"https:\\\/\\\/www.kliinikum.ee\\\/narvikliinik\\\/teadus-ja-oppetoo\\\/#breadcrumb\"},\"inLanguage\":\"et\",\"potentialAction\":[{\"@type\":\"ReadAction\",\"target\":[\"https:\\\/\\\/www.kliinikum.ee\\\/narvikliinik\\\/teadus-ja-oppetoo\\\/\"]}]},{\"@type\":\"BreadcrumbList\",\"@id\":\"https:\\\/\\\/www.kliinikum.ee\\\/narvikliinik\\\/teadus-ja-oppetoo\\\/#breadcrumb\",\"itemListElement\":[{\"@type\":\"ListItem\",\"position\":1,\"name\":\"Home\",\"item\":\"https:\\\/\\\/www.kliinikum.ee\\\/narvikliinik\\\/\"},{\"@type\":\"ListItem\",\"position\":2,\"name\":\"Teadus- ja \u00f5ppet\u00f6\u00f6\"}]},{\"@type\":\"WebSite\",\"@id\":\"https:\\\/\\\/www.kliinikum.ee\\\/narvikliinik\\\/#website\",\"url\":\"https:\\\/\\\/www.kliinikum.ee\\\/narvikliinik\\\/\",\"name\":\"N\u00e4rvikliinik\",\"description\":\"Hoolivus, Uuendusmeelsus, P\u00e4devus ja Usaldusv\u00e4\u00e4rsus\",\"potentialAction\":[{\"@type\":\"SearchAction\",\"target\":{\"@type\":\"EntryPoint\",\"urlTemplate\":\"https:\\\/\\\/www.kliinikum.ee\\\/narvikliinik\\\/?s={search_term_string}\"},\"query-input\":{\"@type\":\"PropertyValueSpecification\",\"valueRequired\":true,\"valueName\":\"search_term_string\"}}],\"inLanguage\":\"et\"}]}<\/script>\n<!-- \/ Yoast SEO plugin. -->","yoast_head_json":{"title":"Teadus- ja \u00f5ppet\u00f6\u00f6 - N\u00e4rvikliinik","robots":{"index":"index","follow":"follow","max-snippet":"max-snippet:-1","max-image-preview":"max-image-preview:large","max-video-preview":"max-video-preview:-1"},"canonical":"https:\/\/www.kliinikum.ee\/narvikliinik\/teadus-ja-oppetoo\/","og_locale":"et_EE","og_type":"article","og_title":"Teadus- ja \u00f5ppet\u00f6\u00f6 - N\u00e4rvikliinik","og_description":"T\u00dc Kliinilise meditsiini instituudi N\u00e4rvikliinik Residentuur Praktika Kliinikumis","og_url":"https:\/\/www.kliinikum.ee\/narvikliinik\/teadus-ja-oppetoo\/","og_site_name":"N\u00e4rvikliinik","article_modified_time":"2023-12-19T08:56:11+00:00","twitter_card":"summary_large_image","twitter_misc":{"Est. reading time":"1 minut"},"schema":{"@context":"https:\/\/schema.org","@graph":[{"@type":"WebPage","@id":"https:\/\/www.kliinikum.ee\/narvikliinik\/teadus-ja-oppetoo\/","url":"https:\/\/www.kliinikum.ee\/narvikliinik\/teadus-ja-oppetoo\/","name":"Teadus- ja \u00f5ppet\u00f6\u00f6 - N\u00e4rvikliinik","isPartOf":{"@id":"https:\/\/www.kliinikum.ee\/narvikliinik\/#website"},"datePublished":"2023-11-29T08:27:34+00:00","dateModified":"2023-12-19T08:56:11+00:00","breadcrumb":{"@id":"https:\/\/www.kliinikum.ee\/narvikliinik\/teadus-ja-oppetoo\/#breadcrumb"},"inLanguage":"et","potentialAction":[{"@type":"ReadAction","target":["https:\/\/www.kliinikum.ee\/narvikliinik\/teadus-ja-oppetoo\/"]}]},{"@type":"BreadcrumbList","@id":"https:\/\/www.kliinikum.ee\/narvikliinik\/teadus-ja-oppetoo\/#breadcrumb","itemListElement":[{"@type":"ListItem","position":1,"name":"Home","item":"https:\/\/www.kliinikum.ee\/narvikliinik\/"},{"@type":"ListItem","position":2,"name":"Teadus- ja \u00f5ppet\u00f6\u00f6"}]},{"@type":"WebSite","@id":"https:\/\/www.kliinikum.ee\/narvikliinik\/#website","url":"https:\/\/www.kliinikum.ee\/narvikliinik\/","name":"N\u00e4rvikliinik","description":"Hoolivus, Uuendusmeelsus, P\u00e4devus ja Usaldusv\u00e4\u00e4rsus","potentialAction":[{"@type":"SearchAction","target":{"@type":"EntryPoint","urlTemplate":"https:\/\/www.kliinikum.ee\/narvikliinik\/?s={search_term_string}"},"query-input":{"@type":"PropertyValueSpecification","valueRequired":true,"valueName":"search_term_string"}}],"inLanguage":"et"}]}},"uagb_featured_image_src":{"full":false,"thumbnail":false,"medium":false,"medium_large":false,"large":false,"1536x1536":false,"2048x2048":false},"uagb_author_info":{"display_name":"Jane Freimann","author_link":"https:\/\/www.kliinikum.ee\/narvikliinik\/author\/janef\/"},"uagb_comment_info":0,"uagb_excerpt":"T\u00dc Kliinilise meditsiini instituudi N\u00e4rvikliinik Residentuur Praktika Kliinikumis","_links":{"self":[{"href":"https:\/\/www.kliinikum.ee\/narvikliinik\/wp-json\/wp\/v2\/pages\/6063","targetHints":{"allow":["GET"]}}],"collection":[{"href":"https:\/\/www.kliinikum.ee\/narvikliinik\/wp-json\/wp\/v2\/pages"}],"about":[{"href":"https:\/\/www.kliinikum.ee\/narvikliinik\/wp-json\/wp\/v2\/types\/page"}],"author":[{"embeddable":true,"href":"https:\/\/www.kliinikum.ee\/narvikliinik\/wp-json\/wp\/v2\/users\/34"}],"replies":[{"embeddable":true,"href":"https:\/\/www.kliinikum.ee\/narvikliinik\/wp-json\/wp\/v2\/comments?post=6063"}],"version-history":[{"count":0,"href":"https:\/\/www.kliinikum.ee\/narvikliinik\/wp-json\/wp\/v2\/pages\/6063\/revisions"}],"wp:attachment":[{"href":"https:\/\/www.kliinikum.ee\/narvikliinik\/wp-json\/wp\/v2\/media?parent=6063"}],"curies":[{"name":"wp","href":"https:\/\/api.w.org\/{rel}","templated":true}]}}