{"id":6089,"date":"2023-11-30T10:29:38","date_gmt":"2023-11-30T08:29:38","guid":{"rendered":"https:\/\/www.kliinikum.ee\/narvikliinik\/?page_id=6089"},"modified":"2025-02-27T12:39:33","modified_gmt":"2025-02-27T10:39:33","slug":"neuroloogia-osakond-2","status":"publish","type":"page","link":"https:\/\/www.kliinikum.ee\/narvikliinik\/kliinikust\/neuroloogia-osakond-2\/","title":{"rendered":"Neuroloogia osakond"},"content":{"rendered":"\n<p class=\"has-medium-font-size\"><strong>Asukoht: L. Puusepa 8, H-korpus IV korrus.<\/strong><\/p>\n\n\n\n<p class=\"has-medium-font-size\"><strong>Osakonnajuht<\/strong>: Aive Liigant, tel 731 8510<br><strong>Vanem\u00f5de<\/strong>: Tiiu Paju,&nbsp; tel 731 7969&nbsp;&nbsp;<br><strong>Sekret\u00e4r<\/strong>: Kiira Polin, tel 731 8519<br><strong>Valve\u00f5de<\/strong>: tel 731 8513<\/p>\n\n\n\n<p class=\"has-medium-font-size\">Neuroloogide ambulatoorsed vastuv\u00f5tud toimuvad: L. Puusepa 8 \u00a0A-korpus, 2. korrus, A48, A50, A51.<\/p>\n\n\n\n<p>P\u00e4evaravi toimub A38.<\/p>\n\n\n\n<p class=\"has-medium-font-size\">Neuroloogia eriala \u00f5dede iseseisvad vastuv\u00f5tud toimuvad: L. Puusepa 8 A-korpus, 1. korrus, A153<\/p>\n\n\n\n<p class=\"has-medium-font-size\"><strong>Osakonna iseloomustus<\/strong><\/p>\n\n\n\n<p class=\"has-medium-font-size\">Neuroloogia osakonnas on kokku 28 voodikohta.<\/p>\n\n\n\n<p class=\"has-medium-font-size\"><strong>Neuroloogia osakonnas<\/strong>&nbsp;diagnoositakse ja ravitakse erinevaid neuroloogilisi haigusi. Tegeletakse nii ambulatoorse kui statsionaarse raviga ning tagatakse \u00f6\u00f6p\u00e4evaringne erakorraline neuroloogiline abi kogu L\u00f5una-Eesti patsientidele (80% osakonna t\u00f6\u00f6st on erakorraline). Neuroloogia osakonnas t\u00f6\u00f6tavad lisaks neuroloogidele, \u00f5dedele ja hooldajatele ka neurof\u00fcsioloogid, neurops\u00fchholoogid, f\u00fcsioterapeudid, logopeedid, kelle abiga on tagatud patsientide kompleksne ravi ja taastusprotsess.<\/p>\n\n\n\n<p class=\"has-medium-font-size\">Ajuinfarkti korral on \u00f6\u00f6p\u00e4evaringselt v\u00f5imalus teostada trombol\u00fc\u00fcsi ning suunata patsiente trombektoomiale. Osakonnas viiakse l\u00e4bi une-elektroentsefalograafia (uneEEG)- ja video EEG-uuringuid, tehakse elektroneurom\u00fcograafia (ENMG)-uuringuid, ambulatoorselt t\u00f6\u00f6tavad peavalu, epilepsia, sclerosis multiplexi, liigutush\u00e4irete, Parkinsoni t\u00f5ve ja m\u00e4lu kliinikud, eraldi ambulatoorsed vastuv\u00f5tud on peavalude, insuldi, Parkinsoni t\u00f5ve, sclerosis multiplexi ning p\u00f5ieh\u00e4iretega tegelevatel \u00f5dedel. N\u00e4rvikliinik tegeleb ka haruldaste ehk harvikhaiguste diagnostika ja raviga. Neuroloogia valdkonna harvikhaigused on n\u00e4iteks parkinsonistliku s\u00fcndroomiga kulgevad neurodegeneratiivsed haigused ja geneetilised haigused.<br>T\u00dcK n\u00e4rvikliiniku t\u00f6\u00f6 on tihedalt seotud T\u00dc Meditsiiniteaduste valdkonnaga. Osakonnas t\u00f6\u00f6tavad arst-\u00f5ppej\u00f5ud neuroloogia alal, kellest enam kui pooltel on doktorikraad meditsiiniteadustes ja mitmel kraadi\u00f5pingud k\u00e4imas ning paljud on seotud erinevate teadusprojektide ja \u00f5ppet\u00f6\u00f6ga, sh neuroloogia residentide ja \u00fcli\u00f5pilaste juhendamisega. Igap\u00e4evases praktikas l\u00e4htutakse kaasaegsetest Euroopa ning Eesti ravijuhenditest, viimaste aastate jooksul on kasutusele v\u00f5etud mitmed uued diagnostilised ja ravimeetodid, osaletud kaasaegsete Eesti ravijuhendite v\u00e4ljat\u00f6\u00f6tamisel ning t\u00e4ienduskursuste l\u00e4biviimisel. Tihedat koost\u00f6\u00f6d tehakse nii Kliinikumi teiste osakondade kui erinevate Eesti neuroloogiakeskuste ja osakondadega, keerukamatel juhtude ning teisest erialast arvamust vajavate haigusjuhtude korral tehakse diagnoosi- ning raviotsused konsiliaarselt, vajadusel on olemas v\u00f5imalus konsulteerida ka ekspertidega teistest riikidest.<\/p>\n\n\n\n<p class=\"has-medium-font-size\">Sagedasemad neuroloogilised haigused, millega neuroloogia osakonnas tegeletakse on:<\/p>\n\n\n\n<ul class=\"wp-block-list\">\n<li class=\"has-medium-font-size\">insult<\/li>\n\n\n\n<li class=\"has-medium-font-size\">epilepsia<\/li>\n\n\n\n<li class=\"has-medium-font-size\">neurodegeneratiivsed haigused:\n<ul class=\"wp-block-list\">\n<li>Parkinsoni t\u00f5bi jm liigutush\u00e4ired<\/li>\n\n\n\n<li>dementsused<\/li>\n\n\n\n<li>motoneuroni haigused (am\u00fcotroofiline lateraalskleroos)<\/li>\n<\/ul>\n<\/li>\n\n\n\n<li class=\"has-medium-font-size\">sclerosis multiplex jt dem\u00fceliniseerivad haigused<\/li>\n\n\n\n<li class=\"has-medium-font-size\">peavalu<\/li>\n\n\n\n<li class=\"has-medium-font-size\">neuroinfektsioonid<\/li>\n\n\n\n<li class=\"has-medium-font-size\">lihas- ja neuromuskulaarse \u00fclejuhte haigused ning perifeersed neuropaatiad (pol\u00fcneuropaatiad)\n<ul class=\"wp-block-list\">\n<li>m\u00fcasteenia<\/li>\n\n\n\n<li>lihashaigused<\/li>\n\n\n\n<li>neuropaatiad<\/li>\n<\/ul>\n<\/li>\n<\/ul>\n\n\n\n<div class=\"wp-block-uagb-image uagb-block-6773e7dd wp-block-uagb-image--layout-default wp-block-uagb-image--effect-static wp-block-uagb-image--align-none\"><figure class=\"wp-block-uagb-image__figure\"><img decoding=\"async\" srcset=\"https:\/\/www.kliinikum.ee\/narvikliinik\/wp-content\/uploads\/2023\/11\/IMG_1250-1024x683.jpg ,https:\/\/www.kliinikum.ee\/narvikliinik\/wp-content\/uploads\/2023\/11\/IMG_1250-scaled.jpg 780w, https:\/\/www.kliinikum.ee\/narvikliinik\/wp-content\/uploads\/2023\/11\/IMG_1250-scaled.jpg 360w\" sizes=\"auto, (max-width: 480px) 150px\" src=\"https:\/\/www.kliinikum.ee\/narvikliinik\/wp-content\/uploads\/2023\/11\/IMG_1250-1024x683.jpg\" alt=\"\" class=\"uag-image-6103\" width=\"4724\" height=\"3149\" title=\"\" loading=\"lazy\" role=\"img\"\/><\/figure><\/div>\n","protected":false},"excerpt":{"rendered":"<p>Asukoht: L. Puusepa 8, H-korpus IV korrus. Osakonnajuht: Aive Liigant, tel 731 8510Vanem\u00f5de: Tiiu Paju,&nbsp; tel 731 7969&nbsp;&nbsp;Sekret\u00e4r: Kiira Polin, tel 731 8519Valve\u00f5de: tel 731 8513 Neuroloogide ambulatoorsed vastuv\u00f5tud toimuvad: L. Puusepa 8 \u00a0A-korpus, 2. korrus, A48, A50, A51. P\u00e4evaravi toimub A38. Neuroloogia eriala \u00f5dede iseseisvad vastuv\u00f5tud toimuvad: L. Puusepa 8 A-korpus, 1. korrus, A153 [&hellip;]<\/p>\n","protected":false},"author":33,"featured_media":0,"parent":17,"menu_order":2,"comment_status":"closed","ping_status":"closed","template":"","meta":{"_acf_changed":false,"_uag_custom_page_level_css":"","footnotes":""},"class_list":["post-6089","page","type-page","status-publish","hentry"],"acf":[],"yoast_head":"<!-- This site is optimized with the Yoast SEO plugin v27.3 - https:\/\/yoast.com\/product\/yoast-seo-wordpress\/ -->\n<title>Neuroloogia osakond - N\u00e4rvikliinik<\/title>\n<meta name=\"robots\" content=\"index, follow, max-snippet:-1, max-image-preview:large, max-video-preview:-1\" \/>\n<link rel=\"canonical\" href=\"https:\/\/www.kliinikum.ee\/narvikliinik\/kliinikust\/neuroloogia-osakond-2\/\" \/>\n<meta property=\"og:locale\" content=\"et_EE\" \/>\n<meta property=\"og:type\" content=\"article\" \/>\n<meta property=\"og:title\" content=\"Neuroloogia osakond - N\u00e4rvikliinik\" \/>\n<meta property=\"og:description\" content=\"Asukoht: L. Puusepa 8, H-korpus IV korrus. Osakonnajuht: Aive Liigant, tel 731 8510Vanem\u00f5de: Tiiu Paju,&nbsp; tel 731 7969&nbsp;&nbsp;Sekret\u00e4r: Kiira Polin, tel 731 8519Valve\u00f5de: tel 731 8513 Neuroloogide ambulatoorsed vastuv\u00f5tud toimuvad: L. Puusepa 8 \u00a0A-korpus, 2. korrus, A48, A50, A51. P\u00e4evaravi toimub A38. Neuroloogia eriala \u00f5dede iseseisvad vastuv\u00f5tud toimuvad: L. Puusepa 8 A-korpus, 1. korrus, A153 [&hellip;]\" \/>\n<meta property=\"og:url\" content=\"https:\/\/www.kliinikum.ee\/narvikliinik\/kliinikust\/neuroloogia-osakond-2\/\" \/>\n<meta property=\"og:site_name\" content=\"N\u00e4rvikliinik\" \/>\n<meta property=\"article:modified_time\" content=\"2025-02-27T10:39:33+00:00\" \/>\n<meta property=\"og:image\" content=\"https:\/\/www.kliinikum.ee\/narvikliinik\/wp-content\/uploads\/2023\/11\/IMG_1250-1024x683.jpg\" \/>\n<meta name=\"twitter:card\" content=\"summary_large_image\" \/>\n<meta name=\"twitter:label1\" content=\"Est. reading time\" \/>\n\t<meta name=\"twitter:data1\" content=\"2 minutit\" \/>\n<script type=\"application\/ld+json\" class=\"yoast-schema-graph\">{\"@context\":\"https:\\\/\\\/schema.org\",\"@graph\":[{\"@type\":\"WebPage\",\"@id\":\"https:\\\/\\\/www.kliinikum.ee\\\/narvikliinik\\\/kliinikust\\\/neuroloogia-osakond-2\\\/\",\"url\":\"https:\\\/\\\/www.kliinikum.ee\\\/narvikliinik\\\/kliinikust\\\/neuroloogia-osakond-2\\\/\",\"name\":\"Neuroloogia osakond - N\u00e4rvikliinik\",\"isPartOf\":{\"@id\":\"https:\\\/\\\/www.kliinikum.ee\\\/narvikliinik\\\/#website\"},\"primaryImageOfPage\":{\"@id\":\"https:\\\/\\\/www.kliinikum.ee\\\/narvikliinik\\\/kliinikust\\\/neuroloogia-osakond-2\\\/#primaryimage\"},\"image\":{\"@id\":\"https:\\\/\\\/www.kliinikum.ee\\\/narvikliinik\\\/kliinikust\\\/neuroloogia-osakond-2\\\/#primaryimage\"},\"thumbnailUrl\":\"https:\\\/\\\/www.kliinikum.ee\\\/narvikliinik\\\/wp-content\\\/uploads\\\/2023\\\/11\\\/IMG_1250-1024x683.jpg\",\"datePublished\":\"2023-11-30T08:29:38+00:00\",\"dateModified\":\"2025-02-27T10:39:33+00:00\",\"breadcrumb\":{\"@id\":\"https:\\\/\\\/www.kliinikum.ee\\\/narvikliinik\\\/kliinikust\\\/neuroloogia-osakond-2\\\/#breadcrumb\"},\"inLanguage\":\"et\",\"potentialAction\":[{\"@type\":\"ReadAction\",\"target\":[\"https:\\\/\\\/www.kliinikum.ee\\\/narvikliinik\\\/kliinikust\\\/neuroloogia-osakond-2\\\/\"]}]},{\"@type\":\"ImageObject\",\"inLanguage\":\"et\",\"@id\":\"https:\\\/\\\/www.kliinikum.ee\\\/narvikliinik\\\/kliinikust\\\/neuroloogia-osakond-2\\\/#primaryimage\",\"url\":\"https:\\\/\\\/www.kliinikum.ee\\\/narvikliinik\\\/wp-content\\\/uploads\\\/2023\\\/11\\\/IMG_1250-scaled.jpg\",\"contentUrl\":\"https:\\\/\\\/www.kliinikum.ee\\\/narvikliinik\\\/wp-content\\\/uploads\\\/2023\\\/11\\\/IMG_1250-scaled.jpg\",\"width\":2560,\"height\":1706},{\"@type\":\"BreadcrumbList\",\"@id\":\"https:\\\/\\\/www.kliinikum.ee\\\/narvikliinik\\\/kliinikust\\\/neuroloogia-osakond-2\\\/#breadcrumb\",\"itemListElement\":[{\"@type\":\"ListItem\",\"position\":1,\"name\":\"Home\",\"item\":\"https:\\\/\\\/www.kliinikum.ee\\\/narvikliinik\\\/\"},{\"@type\":\"ListItem\",\"position\":2,\"name\":\"Kliinikust\",\"item\":\"https:\\\/\\\/www.kliinikum.ee\\\/narvikliinik\\\/kliinikust\\\/\"},{\"@type\":\"ListItem\",\"position\":3,\"name\":\"Neuroloogia osakond\"}]},{\"@type\":\"WebSite\",\"@id\":\"https:\\\/\\\/www.kliinikum.ee\\\/narvikliinik\\\/#website\",\"url\":\"https:\\\/\\\/www.kliinikum.ee\\\/narvikliinik\\\/\",\"name\":\"N\u00e4rvikliinik\",\"description\":\"Hoolivus, Uuendusmeelsus, P\u00e4devus ja Usaldusv\u00e4\u00e4rsus\",\"potentialAction\":[{\"@type\":\"SearchAction\",\"target\":{\"@type\":\"EntryPoint\",\"urlTemplate\":\"https:\\\/\\\/www.kliinikum.ee\\\/narvikliinik\\\/?s={search_term_string}\"},\"query-input\":{\"@type\":\"PropertyValueSpecification\",\"valueRequired\":true,\"valueName\":\"search_term_string\"}}],\"inLanguage\":\"et\"}]}<\/script>\n<!-- \/ Yoast SEO plugin. -->","yoast_head_json":{"title":"Neuroloogia osakond - N\u00e4rvikliinik","robots":{"index":"index","follow":"follow","max-snippet":"max-snippet:-1","max-image-preview":"max-image-preview:large","max-video-preview":"max-video-preview:-1"},"canonical":"https:\/\/www.kliinikum.ee\/narvikliinik\/kliinikust\/neuroloogia-osakond-2\/","og_locale":"et_EE","og_type":"article","og_title":"Neuroloogia osakond - N\u00e4rvikliinik","og_description":"Asukoht: L. Puusepa 8, H-korpus IV korrus. Osakonnajuht: Aive Liigant, tel 731 8510Vanem\u00f5de: Tiiu Paju,&nbsp; tel 731 7969&nbsp;&nbsp;Sekret\u00e4r: Kiira Polin, tel 731 8519Valve\u00f5de: tel 731 8513 Neuroloogide ambulatoorsed vastuv\u00f5tud toimuvad: L. Puusepa 8 \u00a0A-korpus, 2. korrus, A48, A50, A51. P\u00e4evaravi toimub A38. Neuroloogia eriala \u00f5dede iseseisvad vastuv\u00f5tud toimuvad: L. Puusepa 8 A-korpus, 1. korrus, A153 [&hellip;]","og_url":"https:\/\/www.kliinikum.ee\/narvikliinik\/kliinikust\/neuroloogia-osakond-2\/","og_site_name":"N\u00e4rvikliinik","article_modified_time":"2025-02-27T10:39:33+00:00","og_image":[{"url":"https:\/\/www.kliinikum.ee\/narvikliinik\/wp-content\/uploads\/2023\/11\/IMG_1250-1024x683.jpg","type":"","width":"","height":""}],"twitter_card":"summary_large_image","twitter_misc":{"Est. reading time":"2 minutit"},"schema":{"@context":"https:\/\/schema.org","@graph":[{"@type":"WebPage","@id":"https:\/\/www.kliinikum.ee\/narvikliinik\/kliinikust\/neuroloogia-osakond-2\/","url":"https:\/\/www.kliinikum.ee\/narvikliinik\/kliinikust\/neuroloogia-osakond-2\/","name":"Neuroloogia osakond - N\u00e4rvikliinik","isPartOf":{"@id":"https:\/\/www.kliinikum.ee\/narvikliinik\/#website"},"primaryImageOfPage":{"@id":"https:\/\/www.kliinikum.ee\/narvikliinik\/kliinikust\/neuroloogia-osakond-2\/#primaryimage"},"image":{"@id":"https:\/\/www.kliinikum.ee\/narvikliinik\/kliinikust\/neuroloogia-osakond-2\/#primaryimage"},"thumbnailUrl":"https:\/\/www.kliinikum.ee\/narvikliinik\/wp-content\/uploads\/2023\/11\/IMG_1250-1024x683.jpg","datePublished":"2023-11-30T08:29:38+00:00","dateModified":"2025-02-27T10:39:33+00:00","breadcrumb":{"@id":"https:\/\/www.kliinikum.ee\/narvikliinik\/kliinikust\/neuroloogia-osakond-2\/#breadcrumb"},"inLanguage":"et","potentialAction":[{"@type":"ReadAction","target":["https:\/\/www.kliinikum.ee\/narvikliinik\/kliinikust\/neuroloogia-osakond-2\/"]}]},{"@type":"ImageObject","inLanguage":"et","@id":"https:\/\/www.kliinikum.ee\/narvikliinik\/kliinikust\/neuroloogia-osakond-2\/#primaryimage","url":"https:\/\/www.kliinikum.ee\/narvikliinik\/wp-content\/uploads\/2023\/11\/IMG_1250-scaled.jpg","contentUrl":"https:\/\/www.kliinikum.ee\/narvikliinik\/wp-content\/uploads\/2023\/11\/IMG_1250-scaled.jpg","width":2560,"height":1706},{"@type":"BreadcrumbList","@id":"https:\/\/www.kliinikum.ee\/narvikliinik\/kliinikust\/neuroloogia-osakond-2\/#breadcrumb","itemListElement":[{"@type":"ListItem","position":1,"name":"Home","item":"https:\/\/www.kliinikum.ee\/narvikliinik\/"},{"@type":"ListItem","position":2,"name":"Kliinikust","item":"https:\/\/www.kliinikum.ee\/narvikliinik\/kliinikust\/"},{"@type":"ListItem","position":3,"name":"Neuroloogia osakond"}]},{"@type":"WebSite","@id":"https:\/\/www.kliinikum.ee\/narvikliinik\/#website","url":"https:\/\/www.kliinikum.ee\/narvikliinik\/","name":"N\u00e4rvikliinik","description":"Hoolivus, Uuendusmeelsus, P\u00e4devus ja Usaldusv\u00e4\u00e4rsus","potentialAction":[{"@type":"SearchAction","target":{"@type":"EntryPoint","urlTemplate":"https:\/\/www.kliinikum.ee\/narvikliinik\/?s={search_term_string}"},"query-input":{"@type":"PropertyValueSpecification","valueRequired":true,"valueName":"search_term_string"}}],"inLanguage":"et"}]}},"uagb_featured_image_src":{"full":false,"thumbnail":false,"medium":false,"medium_large":false,"large":false,"1536x1536":false,"2048x2048":false},"uagb_author_info":{"display_name":"Kristi Tamela","author_link":"https:\/\/www.kliinikum.ee\/narvikliinik\/author\/krisra\/"},"uagb_comment_info":0,"uagb_excerpt":"Asukoht: L. Puusepa 8, H-korpus IV korrus. Osakonnajuht: Aive Liigant, tel 731 8510Vanem\u00f5de: Tiiu Paju,&nbsp; tel 731 7969&nbsp;&nbsp;Sekret\u00e4r: Kiira Polin, tel 731 8519Valve\u00f5de: tel 731 8513 Neuroloogide ambulatoorsed vastuv\u00f5tud toimuvad: L. Puusepa 8 \u00a0A-korpus, 2. korrus, A48, A50, A51. P\u00e4evaravi toimub A38. Neuroloogia eriala \u00f5dede iseseisvad vastuv\u00f5tud toimuvad: L. Puusepa 8 A-korpus, 1. korrus, A153&hellip;","_links":{"self":[{"href":"https:\/\/www.kliinikum.ee\/narvikliinik\/wp-json\/wp\/v2\/pages\/6089","targetHints":{"allow":["GET"]}}],"collection":[{"href":"https:\/\/www.kliinikum.ee\/narvikliinik\/wp-json\/wp\/v2\/pages"}],"about":[{"href":"https:\/\/www.kliinikum.ee\/narvikliinik\/wp-json\/wp\/v2\/types\/page"}],"author":[{"embeddable":true,"href":"https:\/\/www.kliinikum.ee\/narvikliinik\/wp-json\/wp\/v2\/users\/33"}],"replies":[{"embeddable":true,"href":"https:\/\/www.kliinikum.ee\/narvikliinik\/wp-json\/wp\/v2\/comments?post=6089"}],"version-history":[{"count":0,"href":"https:\/\/www.kliinikum.ee\/narvikliinik\/wp-json\/wp\/v2\/pages\/6089\/revisions"}],"up":[{"embeddable":true,"href":"https:\/\/www.kliinikum.ee\/narvikliinik\/wp-json\/wp\/v2\/pages\/17"}],"wp:attachment":[{"href":"https:\/\/www.kliinikum.ee\/narvikliinik\/wp-json\/wp\/v2\/media?parent=6089"}],"curies":[{"name":"wp","href":"https:\/\/api.w.org\/{rel}","templated":true}]}}