{"id":7587,"date":"2026-02-06T08:47:39","date_gmt":"2026-02-06T06:47:39","guid":{"rendered":"https:\/\/www.kliinikum.ee\/narvikliinik\/?page_id=7587"},"modified":"2026-02-09T11:47:36","modified_gmt":"2026-02-09T09:47:36","slug":"insuldipatsientide-toetus","status":"publish","type":"page","link":"https:\/\/www.kliinikum.ee\/narvikliinik\/patsiendile\/insuldipatsientide-toetus\/","title":{"rendered":"Insuldipatsientide toetus"},"content":{"rendered":"\n<p class=\"has-medium-font-size\">Insult m\u00f5jutab patsiendi ja tema l\u00e4hedaste elu ootamatult. Taastumise teekonnal vajatakse nii meditsiinilist, kui ka emotsionaalset ja praktilist tuge. Tartu \u00dclikooli Kliinikumi n\u00e4rvikliinik pakub mitmekesiseid tugiv\u00f5imalusi insuldipatsientidele ja nende l\u00e4hedastele, et aidata kohaneda muutustega, leida usaldusv\u00e4\u00e4rset infot ning saada tuge inimestelt, kes m\u00f5istavad teie kogemust. <\/p>\n\n\n\n<div class=\"wp-block-columns is-layout-flex wp-container-core-columns-is-layout-28f84493 wp-block-columns-is-layout-flex\">\n<div class=\"wp-block-column is-layout-flow wp-block-column-is-layout-flow\">\n<p class=\"has-medium-font-size\"><strong>Insuldikoordinaator<\/strong><\/p>\n\n\n\n<p class=\"has-medium-font-size\">Patsiendi ja l\u00e4hedaste toetamiseks pakume insuldikoordinaatori teenust. See on suunatud isheemilise insuldi diagnoosiga patsientidele, kes v\u00f5ivad haiglaravi j\u00e4rel vajada lisateenuseid (tervishoiu-, sotsiaal- ja kogukonnateenused). Koordinaatori roll on toetada patsienti ja tema l\u00e4hedasi haiglaravij\u00e4rgse perioodi planeerimisel.&nbsp;&nbsp;<\/p>\n\n\n\n<figure class=\"wp-block-image size-large\"><img loading=\"lazy\" decoding=\"async\" width=\"742\" height=\"1024\" src=\"https:\/\/www.kliinikum.ee\/narvikliinik\/wp-content\/uploads\/2026\/02\/lk8_Triin_Saarna-1-742x1024.jpg\" alt=\"\" class=\"wp-image-7595\" style=\"aspect-ratio:4\/3;object-fit:cover\" srcset=\"https:\/\/www.kliinikum.ee\/narvikliinik\/wp-content\/uploads\/2026\/02\/lk8_Triin_Saarna-1-742x1024.jpg 742w, https:\/\/www.kliinikum.ee\/narvikliinik\/wp-content\/uploads\/2026\/02\/lk8_Triin_Saarna-1-218x300.jpg 218w, https:\/\/www.kliinikum.ee\/narvikliinik\/wp-content\/uploads\/2026\/02\/lk8_Triin_Saarna-1-768x1059.jpg 768w, https:\/\/www.kliinikum.ee\/narvikliinik\/wp-content\/uploads\/2026\/02\/lk8_Triin_Saarna-1-1114x1536.jpg 1114w, https:\/\/www.kliinikum.ee\/narvikliinik\/wp-content\/uploads\/2026\/02\/lk8_Triin_Saarna-1.jpg 1450w\" sizes=\"auto, (max-width: 742px) 100vw, 742px\" \/><\/figure>\n\n\n\n<p class=\"has-medium-font-size\">Insuldikoordinaator:<\/p>\n\n\n\n<ul class=\"wp-block-list\">\n<li class=\"has-medium-font-size\">hindab patsiendi vajadusi;<\/li>\n\n\n\n<li class=\"has-medium-font-size\">koondab raviplaani;<\/li>\n\n\n\n<li class=\"has-medium-font-size\">toetab ja j\u00e4lgib raviplaani elluviimist;<\/li>\n\n\n\n<li class=\"has-medium-font-size\">koordineerib teenuseid (sh tervishoiu-, sotsiaal- ja kogukonnateenused);<\/li>\n\n\n\n<li class=\"has-medium-font-size\">\u00f5petab toimetulekuoskusi;<\/li>\n\n\n\n<li class=\"has-medium-font-size\">pakub motiveerivat tuge ja n\u00f5ustamist.<\/li>\n<\/ul>\n\n\n\n<p class=\"has-medium-font-size\">Samuti teavitab koordinaator perearsti patsiendi haigestumisest ning broneerib aja insuldi\u00f5e vastuv\u00f5tule.<\/p>\n\n\n\n<p class=\"has-medium-font-size\">Koordinaator on patsiendi ja l\u00e4hedaste jaoks kontaktisikuks, kelle poole saab p\u00f6\u00f6rduda raviteekonda puudutavate k\u00fcsimuste ja probleemidega.<\/p>\n\n\n\n<p class=\"has-medium-font-size\">Teie insuldikoordinaator on:<br>Triin Saarna<br>+372 731 8898<br><a href=\"mailto:triin.saarna@kliinikum.ee\"><u>triin.saarna@kliinikum.ee<\/u><\/a><\/p>\n<\/div>\n\n\n\n<div class=\"wp-block-column is-layout-flow wp-block-column-is-layout-flow\">\n<p class=\"has-medium-font-size\"><strong>Insuldi tugigrupp<\/strong><\/p>\n\n\n\n<p class=\"has-medium-font-size\">Tartu \u00dclikooli Kliinikumis toimuvad igakuiselt tugigrupi kohtumised insuldipatsientidele ja nende l\u00e4hedastele. Kohtumistel arutatakse insuldij\u00e4rgseid tegevusi, ravi ja elukvaliteediga seonduvaid muresid ja hirme ning toetatakse \u00fcksteist.&nbsp;<\/p>\n\n\n\n<p class=\"has-medium-font-size\">Tugigruppi viib l\u00e4bi kogemusn\u00f5ustaja Veronika Kruustik, kellel on isiklik insuldist taastumise kogemus. Lisaks kohtutakse erinevate spetsialistidega. 2026. aasta esimesel poolaastal kohtume tugigruppides n\u00e4iteks insuldikoordinaatori, insuldi\u00f5dede, f\u00fcsioterapeudi, ps\u00fchholoogi ja teiste spetsialistidega. <\/p>\n\n\n\n<p class=\"has-medium-font-size\">Tugigruppide toimumisajad ja t\u00e4psemad kohtumiste teemad leiate <a href=\"http:\/\/www.kliinikum.ee\/patsiendile\/tootoad\/\">siit<\/a>. <\/p>\n\n\n\n<p class=\"has-medium-font-size\"><strong>Kogemusn\u00f5ustamine<\/strong><\/p>\n\n\n\n<p class=\"has-medium-font-size\">Kogemusn\u00f5ustaja on inimene, kes on l\u00e4binud kogemusn\u00f5ustaja koolituse, kellel on isiklik taastumise kogemus ning pakub sarnase kogemusega abivajajale emotsionaalset tuge ja m\u00f5istmist. Kliinikumis pakub insuldipatsientidele ja nende l\u00e4hedastele kogemusn\u00f5ustamist Veronika Kruustik.<\/p>\n\n\n\n<div class=\"wp-block-columns is-layout-flex wp-container-core-columns-is-layout-28f84493 wp-block-columns-is-layout-flex\">\n<div class=\"wp-block-column is-layout-flow wp-block-column-is-layout-flow\">\n<figure class=\"wp-block-image size-large\"><img loading=\"lazy\" decoding=\"async\" width=\"768\" height=\"1024\" src=\"https:\/\/www.kliinikum.ee\/narvikliinik\/wp-content\/uploads\/2026\/02\/20260204_114118-768x1024.jpg\" alt=\"\" class=\"wp-image-7606\" style=\"aspect-ratio:1;object-fit:cover\" srcset=\"https:\/\/www.kliinikum.ee\/narvikliinik\/wp-content\/uploads\/2026\/02\/20260204_114118-768x1024.jpg 768w, https:\/\/www.kliinikum.ee\/narvikliinik\/wp-content\/uploads\/2026\/02\/20260204_114118-225x300.jpg 225w, https:\/\/www.kliinikum.ee\/narvikliinik\/wp-content\/uploads\/2026\/02\/20260204_114118-1152x1536.jpg 1152w, https:\/\/www.kliinikum.ee\/narvikliinik\/wp-content\/uploads\/2026\/02\/20260204_114118-1536x2048.jpg 1536w, https:\/\/www.kliinikum.ee\/narvikliinik\/wp-content\/uploads\/2026\/02\/20260204_114118-scaled.jpg 1920w\" sizes=\"auto, (max-width: 768px) 100vw, 768px\" \/><\/figure>\n<\/div>\n\n\n\n<div class=\"wp-block-column is-layout-flow wp-block-column-is-layout-flow\"><\/div>\n<\/div>\n\n\n\n<p class=\"has-medium-font-size\">Veronika elas ise insuldi l\u00e4bi 35-aastasena. Teades, kui oluline on insuldist taastumise teekonnal sarnase kogemusega inimese tugi, otsustas Veronika haiguse j\u00e4rgselt \u00f5ppida kogemusn\u00f5ustajaks. <br>Veronika insuldi teekonna lugu saab kuulata <a href=\"https:\/\/www.youtube.com\/watch?v=LdL-vDhKmws\">siit<\/a>.<br><a href=\"mailto:Veronika.Kruustik@kliinikum.ee\">Veronika.Kruustik@kliinikum.ee<\/a><\/p>\n<\/div>\n<\/div>\n\n\n\n<div class=\"wp-block-columns is-layout-flex wp-container-core-columns-is-layout-28f84493 wp-block-columns-is-layout-flex\">\n<div class=\"wp-block-column is-layout-flow wp-block-column-is-layout-flow\" style=\"flex-basis:66.66%\"><\/div>\n\n\n\n<div class=\"wp-block-column is-layout-flow wp-block-column-is-layout-flow\" style=\"flex-basis:33.33%\"><\/div>\n<\/div>\n\n\n\n<p class=\"has-medium-font-size\"><strong>Lisainfo<\/strong><\/p>\n\n\n\n<ul class=\"wp-block-list\">\n<li class=\"has-medium-font-size\">Kliinikumi vestlusring \"<a href=\"https:\/\/www.youtube.com\/watch?v=hId_0ZE3q_E\">Insult ja uni<\/a>\"<\/li>\n\n\n\n<li class=\"has-medium-font-size\">Kliinikumi vestlusring \"<a href=\"https:\/\/www.youtube.com\/watch?v=9ncVJjBHB88\">Insuldij\u00e4rgne peavalu<\/a>\"<\/li>\n\n\n\n<li class=\"has-medium-font-size\">Kliinikumi vestlusring \"<a href=\"https:\/\/www.youtube.com\/watch?v=eXJ8-PjetQE\">Insuldikoordinaator - kellele ja miks?<\/a>\"<\/li>\n\n\n\n<li class=\"has-medium-font-size\">Kliinikumi vestlusring \"<a href=\"https:\/\/www.youtube.com\/watch?v=ivjG6MpBi-o\">Insult ja dementsus<\/a>\"<\/li>\n\n\n\n<li class=\"has-medium-font-size\">Kliinikumi vestlusring \"<a href=\"https:\/\/www.youtube.com\/watch?v=pu_YGmFHzPE\">Mis on insult ja kuidas seda ennetada?<\/a>\"<\/li>\n\n\n\n<li class=\"has-medium-font-size\">Kliinikumi vestlusring \"<a href=\"https:\/\/www.youtube.com\/watch?v=-IHCMgOH_78\">Kuidas toime tulla insuldipatsiendi l\u00e4hedasena?<\/a>\"<\/li>\n\n\n\n<li class=\"has-medium-font-size\">Kliinikumi vestlusring \"<a href=\"https:\/\/www.youtube.com\/watch?v=p_O3f2AOqys\">Vaimse tervise hoidmine p\u00e4rast insulti<\/a>\"<\/li>\n\n\n\n<li class=\"has-medium-font-size\">Kliinikumi vestlusring \"<a href=\"https:\/\/www.youtube.com\/watch?v=ARAKF3996-0\">Insult ja ravimid<\/a>\"<\/li>\n\n\n\n<li class=\"has-medium-font-size\">Kliinikumi vestlusring \"<a href=\"https:\/\/www.youtube.com\/watch?v=k7nJ_1VBbEs\">L\u00e4hedussuhted p\u00e4rast insulti<\/a>\"<\/li>\n\n\n\n<li class=\"has-medium-font-size\">Kliinikumi vestlusring \"<a href=\"https:\/\/www.youtube.com\/watch?v=iEDOweLPCcM\">Insuldi j\u00e4rel tekkinud k\u00f5neh\u00e4ired<\/a>\"<\/li>\n\n\n\n<li class=\"has-medium-font-size\">Kliinikumi vestlusring \"<a href=\"https:\/\/www.youtube.com\/watch?v=0VL7OguoerA\">Kuidas saab kogemusn\u00f5ustamine inimest aidata<\/a>\"<\/li>\n\n\n\n<li class=\"has-medium-font-size\">Kliinikumi vestlusring \"<a href=\"https:\/\/www.youtube.com\/watch?v=cSMUwLCZfpU\">Ps\u00fchholoogi roll ja tugi insuldij\u00e4rgselt<\/a>\"<\/li>\n\n\n\n<li class=\"has-medium-font-size\">L\u00fchifilm \"<a href=\"https:\/\/www.youtube.com\/watch?v=bZ6JTyznNiA\">Teekond p\u00e4rast insulti<\/a>\"<\/li>\n\n\n\n<li class=\"has-medium-font-size\">L\u00fchifilm \"<a href=\"https:\/\/www.youtube.com\/watch?v=1P9bSl2P3I0\">Allan ja Rita kogemuslugu<\/a>\"<\/li>\n\n\n\n<li class=\"has-medium-font-size\">L\u00fchifilm \"<a href=\"https:\/\/www.youtube.com\/watch?v=UdPlZ9QbkAI\">Osvald Saksa kogemuslugu<\/a>\"<\/li>\n\n\n\n<li class=\"has-medium-font-size\">L\u00fchifilm \"<a href=\"https:\/\/www.youtube.com\/watch?v=EFwdnOBLBZk\">Mari Levo kogemuslugu<\/a>\"<\/li>\n\n\n\n<li class=\"has-medium-font-size\">L\u00fchifilm \"<a href=\"https:\/\/www.youtube.com\/watch?v=2edCJwo32YA\">Elen Kirti kogemuslugu<\/a>\"<\/li>\n\n\n\n<li class=\"has-medium-font-size\">Veebileht <a href=\"https:\/\/insult.ee\/\">insult.ee<\/a><\/li>\n\n\n\n<li class=\"has-medium-font-size\">Veebileht <a href=\"https:\/\/eluparastinsulti.ee\/\">eluparastinsulti.ee<\/a><\/li>\n\n\n\n<li class=\"has-medium-font-size\">Eesti Insuldipatsientide Selts <a href=\"http:\/\/www.insuldiselts.ee\">insuldiselts.ee<\/a><\/li>\n\n\n\n<li class=\"has-medium-font-size\">Eesti Afaasialiit <a href=\"https:\/\/afaasia.ee\/\">afaasia.ee<\/a><\/li>\n\n\n\n<li class=\"has-medium-font-size\">Emotsionaalse toe ja hingehoiu telefon 116 123 iga p\u00e4ev kell 10-24<\/li>\n\n\n\n<li class=\"has-medium-font-size\">Dementsuse Kompetentsikeskus <a href=\"https:\/\/dementsus.ee\/\">dementsus.ee<\/a><\/li>\n<\/ul>\n\n\n\n<p><\/p>\n\n\n\n<p><\/p>\n\n\n\n<p><\/p>\n\n\n\n<p><\/p>\n\n\n\n<p><\/p>\n\n\n\n<p><\/p>\n","protected":false},"excerpt":{"rendered":"<p>Insult m\u00f5jutab patsiendi ja tema l\u00e4hedaste elu ootamatult. Taastumise teekonnal vajatakse nii meditsiinilist, kui ka emotsionaalset ja praktilist tuge. Tartu \u00dclikooli Kliinikumi n\u00e4rvikliinik pakub mitmekesiseid tugiv\u00f5imalusi insuldipatsientidele ja nende l\u00e4hedastele, et aidata kohaneda muutustega, leida usaldusv\u00e4\u00e4rset infot ning saada tuge inimestelt, kes m\u00f5istavad teie kogemust. Insuldikoordinaator Patsiendi ja l\u00e4hedaste toetamiseks pakume insuldikoordinaatori teenust. See on [&hellip;]<\/p>\n","protected":false},"author":34,"featured_media":0,"parent":15,"menu_order":6,"comment_status":"closed","ping_status":"closed","template":"","meta":{"_acf_changed":false,"_uag_custom_page_level_css":"","footnotes":""},"class_list":["post-7587","page","type-page","status-publish","hentry"],"acf":[],"yoast_head":"<!-- This site is optimized with the Yoast SEO plugin v27.5 - https:\/\/yoast.com\/product\/yoast-seo-wordpress\/ -->\n<title>Insuldipatsientide toetus - N\u00e4rvikliinik<\/title>\n<meta name=\"robots\" content=\"index, follow, max-snippet:-1, max-image-preview:large, max-video-preview:-1\" \/>\n<link rel=\"canonical\" href=\"https:\/\/www.kliinikum.ee\/narvikliinik\/patsiendile\/insuldipatsientide-toetus\/\" \/>\n<meta property=\"og:locale\" content=\"et_EE\" \/>\n<meta property=\"og:type\" content=\"article\" \/>\n<meta property=\"og:title\" content=\"Insuldipatsientide toetus - N\u00e4rvikliinik\" \/>\n<meta property=\"og:description\" content=\"Insult m\u00f5jutab patsiendi ja tema l\u00e4hedaste elu ootamatult. Taastumise teekonnal vajatakse nii meditsiinilist, kui ka emotsionaalset ja praktilist tuge. Tartu \u00dclikooli Kliinikumi n\u00e4rvikliinik pakub mitmekesiseid tugiv\u00f5imalusi insuldipatsientidele ja nende l\u00e4hedastele, et aidata kohaneda muutustega, leida usaldusv\u00e4\u00e4rset infot ning saada tuge inimestelt, kes m\u00f5istavad teie kogemust. Insuldikoordinaator Patsiendi ja l\u00e4hedaste toetamiseks pakume insuldikoordinaatori teenust. See on [&hellip;]\" \/>\n<meta property=\"og:url\" content=\"https:\/\/www.kliinikum.ee\/narvikliinik\/patsiendile\/insuldipatsientide-toetus\/\" \/>\n<meta property=\"og:site_name\" content=\"N\u00e4rvikliinik\" \/>\n<meta property=\"article:modified_time\" content=\"2026-02-09T09:47:36+00:00\" \/>\n<meta property=\"og:image\" content=\"https:\/\/www.kliinikum.ee\/narvikliinik\/wp-content\/uploads\/2026\/02\/lk8_Triin_Saarna-1.jpg\" \/>\n\t<meta property=\"og:image:width\" content=\"1450\" \/>\n\t<meta property=\"og:image:height\" content=\"2000\" \/>\n\t<meta property=\"og:image:type\" content=\"image\/jpeg\" \/>\n<meta name=\"twitter:card\" content=\"summary_large_image\" \/>\n<meta name=\"twitter:label1\" content=\"Est. reading time\" \/>\n\t<meta name=\"twitter:data1\" content=\"3 minutit\" \/>\n<script type=\"application\/ld+json\" class=\"yoast-schema-graph\">{\"@context\":\"https:\\\/\\\/schema.org\",\"@graph\":[{\"@type\":\"WebPage\",\"@id\":\"https:\\\/\\\/www.kliinikum.ee\\\/narvikliinik\\\/patsiendile\\\/insuldipatsientide-toetus\\\/\",\"url\":\"https:\\\/\\\/www.kliinikum.ee\\\/narvikliinik\\\/patsiendile\\\/insuldipatsientide-toetus\\\/\",\"name\":\"Insuldipatsientide toetus - N\u00e4rvikliinik\",\"isPartOf\":{\"@id\":\"https:\\\/\\\/www.kliinikum.ee\\\/narvikliinik\\\/#website\"},\"primaryImageOfPage\":{\"@id\":\"https:\\\/\\\/www.kliinikum.ee\\\/narvikliinik\\\/patsiendile\\\/insuldipatsientide-toetus\\\/#primaryimage\"},\"image\":{\"@id\":\"https:\\\/\\\/www.kliinikum.ee\\\/narvikliinik\\\/patsiendile\\\/insuldipatsientide-toetus\\\/#primaryimage\"},\"thumbnailUrl\":\"https:\\\/\\\/www.kliinikum.ee\\\/narvikliinik\\\/wp-content\\\/uploads\\\/2026\\\/02\\\/lk8_Triin_Saarna-1-742x1024.jpg\",\"datePublished\":\"2026-02-06T06:47:39+00:00\",\"dateModified\":\"2026-02-09T09:47:36+00:00\",\"breadcrumb\":{\"@id\":\"https:\\\/\\\/www.kliinikum.ee\\\/narvikliinik\\\/patsiendile\\\/insuldipatsientide-toetus\\\/#breadcrumb\"},\"inLanguage\":\"et\",\"potentialAction\":[{\"@type\":\"ReadAction\",\"target\":[\"https:\\\/\\\/www.kliinikum.ee\\\/narvikliinik\\\/patsiendile\\\/insuldipatsientide-toetus\\\/\"]}]},{\"@type\":\"ImageObject\",\"inLanguage\":\"et\",\"@id\":\"https:\\\/\\\/www.kliinikum.ee\\\/narvikliinik\\\/patsiendile\\\/insuldipatsientide-toetus\\\/#primaryimage\",\"url\":\"https:\\\/\\\/www.kliinikum.ee\\\/narvikliinik\\\/wp-content\\\/uploads\\\/2026\\\/02\\\/lk8_Triin_Saarna-1.jpg\",\"contentUrl\":\"https:\\\/\\\/www.kliinikum.ee\\\/narvikliinik\\\/wp-content\\\/uploads\\\/2026\\\/02\\\/lk8_Triin_Saarna-1.jpg\",\"width\":1450,\"height\":2000},{\"@type\":\"BreadcrumbList\",\"@id\":\"https:\\\/\\\/www.kliinikum.ee\\\/narvikliinik\\\/patsiendile\\\/insuldipatsientide-toetus\\\/#breadcrumb\",\"itemListElement\":[{\"@type\":\"ListItem\",\"position\":1,\"name\":\"Home\",\"item\":\"https:\\\/\\\/www.kliinikum.ee\\\/narvikliinik\\\/\"},{\"@type\":\"ListItem\",\"position\":2,\"name\":\"Patsiendile\",\"item\":\"https:\\\/\\\/www.kliinikum.ee\\\/narvikliinik\\\/patsiendile\\\/\"},{\"@type\":\"ListItem\",\"position\":3,\"name\":\"Insuldipatsientide toetus\"}]},{\"@type\":\"WebSite\",\"@id\":\"https:\\\/\\\/www.kliinikum.ee\\\/narvikliinik\\\/#website\",\"url\":\"https:\\\/\\\/www.kliinikum.ee\\\/narvikliinik\\\/\",\"name\":\"N\u00e4rvikliinik\",\"description\":\"Hoolivus, Uuendusmeelsus, P\u00e4devus ja Usaldusv\u00e4\u00e4rsus\",\"potentialAction\":[{\"@type\":\"SearchAction\",\"target\":{\"@type\":\"EntryPoint\",\"urlTemplate\":\"https:\\\/\\\/www.kliinikum.ee\\\/narvikliinik\\\/?s={search_term_string}\"},\"query-input\":{\"@type\":\"PropertyValueSpecification\",\"valueRequired\":true,\"valueName\":\"search_term_string\"}}],\"inLanguage\":\"et\"}]}<\/script>\n<!-- \/ Yoast SEO plugin. -->","yoast_head_json":{"title":"Insuldipatsientide toetus - N\u00e4rvikliinik","robots":{"index":"index","follow":"follow","max-snippet":"max-snippet:-1","max-image-preview":"max-image-preview:large","max-video-preview":"max-video-preview:-1"},"canonical":"https:\/\/www.kliinikum.ee\/narvikliinik\/patsiendile\/insuldipatsientide-toetus\/","og_locale":"et_EE","og_type":"article","og_title":"Insuldipatsientide toetus - N\u00e4rvikliinik","og_description":"Insult m\u00f5jutab patsiendi ja tema l\u00e4hedaste elu ootamatult. Taastumise teekonnal vajatakse nii meditsiinilist, kui ka emotsionaalset ja praktilist tuge. Tartu \u00dclikooli Kliinikumi n\u00e4rvikliinik pakub mitmekesiseid tugiv\u00f5imalusi insuldipatsientidele ja nende l\u00e4hedastele, et aidata kohaneda muutustega, leida usaldusv\u00e4\u00e4rset infot ning saada tuge inimestelt, kes m\u00f5istavad teie kogemust. Insuldikoordinaator Patsiendi ja l\u00e4hedaste toetamiseks pakume insuldikoordinaatori teenust. See on [&hellip;]","og_url":"https:\/\/www.kliinikum.ee\/narvikliinik\/patsiendile\/insuldipatsientide-toetus\/","og_site_name":"N\u00e4rvikliinik","article_modified_time":"2026-02-09T09:47:36+00:00","og_image":[{"width":1450,"height":2000,"url":"https:\/\/www.kliinikum.ee\/narvikliinik\/wp-content\/uploads\/2026\/02\/lk8_Triin_Saarna-1.jpg","type":"image\/jpeg"}],"twitter_card":"summary_large_image","twitter_misc":{"Est. reading time":"3 minutit"},"schema":{"@context":"https:\/\/schema.org","@graph":[{"@type":"WebPage","@id":"https:\/\/www.kliinikum.ee\/narvikliinik\/patsiendile\/insuldipatsientide-toetus\/","url":"https:\/\/www.kliinikum.ee\/narvikliinik\/patsiendile\/insuldipatsientide-toetus\/","name":"Insuldipatsientide toetus - N\u00e4rvikliinik","isPartOf":{"@id":"https:\/\/www.kliinikum.ee\/narvikliinik\/#website"},"primaryImageOfPage":{"@id":"https:\/\/www.kliinikum.ee\/narvikliinik\/patsiendile\/insuldipatsientide-toetus\/#primaryimage"},"image":{"@id":"https:\/\/www.kliinikum.ee\/narvikliinik\/patsiendile\/insuldipatsientide-toetus\/#primaryimage"},"thumbnailUrl":"https:\/\/www.kliinikum.ee\/narvikliinik\/wp-content\/uploads\/2026\/02\/lk8_Triin_Saarna-1-742x1024.jpg","datePublished":"2026-02-06T06:47:39+00:00","dateModified":"2026-02-09T09:47:36+00:00","breadcrumb":{"@id":"https:\/\/www.kliinikum.ee\/narvikliinik\/patsiendile\/insuldipatsientide-toetus\/#breadcrumb"},"inLanguage":"et","potentialAction":[{"@type":"ReadAction","target":["https:\/\/www.kliinikum.ee\/narvikliinik\/patsiendile\/insuldipatsientide-toetus\/"]}]},{"@type":"ImageObject","inLanguage":"et","@id":"https:\/\/www.kliinikum.ee\/narvikliinik\/patsiendile\/insuldipatsientide-toetus\/#primaryimage","url":"https:\/\/www.kliinikum.ee\/narvikliinik\/wp-content\/uploads\/2026\/02\/lk8_Triin_Saarna-1.jpg","contentUrl":"https:\/\/www.kliinikum.ee\/narvikliinik\/wp-content\/uploads\/2026\/02\/lk8_Triin_Saarna-1.jpg","width":1450,"height":2000},{"@type":"BreadcrumbList","@id":"https:\/\/www.kliinikum.ee\/narvikliinik\/patsiendile\/insuldipatsientide-toetus\/#breadcrumb","itemListElement":[{"@type":"ListItem","position":1,"name":"Home","item":"https:\/\/www.kliinikum.ee\/narvikliinik\/"},{"@type":"ListItem","position":2,"name":"Patsiendile","item":"https:\/\/www.kliinikum.ee\/narvikliinik\/patsiendile\/"},{"@type":"ListItem","position":3,"name":"Insuldipatsientide toetus"}]},{"@type":"WebSite","@id":"https:\/\/www.kliinikum.ee\/narvikliinik\/#website","url":"https:\/\/www.kliinikum.ee\/narvikliinik\/","name":"N\u00e4rvikliinik","description":"Hoolivus, Uuendusmeelsus, P\u00e4devus ja Usaldusv\u00e4\u00e4rsus","potentialAction":[{"@type":"SearchAction","target":{"@type":"EntryPoint","urlTemplate":"https:\/\/www.kliinikum.ee\/narvikliinik\/?s={search_term_string}"},"query-input":{"@type":"PropertyValueSpecification","valueRequired":true,"valueName":"search_term_string"}}],"inLanguage":"et"}]}},"uagb_featured_image_src":{"full":false,"thumbnail":false,"medium":false,"medium_large":false,"large":false,"1536x1536":false,"2048x2048":false},"uagb_author_info":{"display_name":"Jane Freimann","author_link":"https:\/\/www.kliinikum.ee\/narvikliinik\/author\/janef\/"},"uagb_comment_info":0,"uagb_excerpt":"Insult m\u00f5jutab patsiendi ja tema l\u00e4hedaste elu ootamatult. Taastumise teekonnal vajatakse nii meditsiinilist, kui ka emotsionaalset ja praktilist tuge. Tartu \u00dclikooli Kliinikumi n\u00e4rvikliinik pakub mitmekesiseid tugiv\u00f5imalusi insuldipatsientidele ja nende l\u00e4hedastele, et aidata kohaneda muutustega, leida usaldusv\u00e4\u00e4rset infot ning saada tuge inimestelt, kes m\u00f5istavad teie kogemust. Insuldikoordinaator Patsiendi ja l\u00e4hedaste toetamiseks pakume insuldikoordinaatori teenust. See on&hellip;","_links":{"self":[{"href":"https:\/\/www.kliinikum.ee\/narvikliinik\/wp-json\/wp\/v2\/pages\/7587","targetHints":{"allow":["GET"]}}],"collection":[{"href":"https:\/\/www.kliinikum.ee\/narvikliinik\/wp-json\/wp\/v2\/pages"}],"about":[{"href":"https:\/\/www.kliinikum.ee\/narvikliinik\/wp-json\/wp\/v2\/types\/page"}],"author":[{"embeddable":true,"href":"https:\/\/www.kliinikum.ee\/narvikliinik\/wp-json\/wp\/v2\/users\/34"}],"replies":[{"embeddable":true,"href":"https:\/\/www.kliinikum.ee\/narvikliinik\/wp-json\/wp\/v2\/comments?post=7587"}],"version-history":[{"count":0,"href":"https:\/\/www.kliinikum.ee\/narvikliinik\/wp-json\/wp\/v2\/pages\/7587\/revisions"}],"up":[{"embeddable":true,"href":"https:\/\/www.kliinikum.ee\/narvikliinik\/wp-json\/wp\/v2\/pages\/15"}],"wp:attachment":[{"href":"https:\/\/www.kliinikum.ee\/narvikliinik\/wp-json\/wp\/v2\/media?parent=7587"}],"curies":[{"name":"wp","href":"https:\/\/api.w.org\/{rel}","templated":true}]}}