{"id":17,"date":"2022-11-14T10:00:52","date_gmt":"2022-11-14T10:00:52","guid":{"rendered":"http:\/\/localhost\/?page_id=17"},"modified":"2026-02-13T15:53:35","modified_gmt":"2026-02-13T13:53:35","slug":"kliinikust","status":"publish","type":"page","link":"https:\/\/www.kliinikum.ee\/ortopeedia\/kliinikust\/","title":{"rendered":"Kliinikust"},"content":{"rendered":"\n<p class=\"has-medium-font-size\">Kliinikumi ortopeediakliinik on juhtiv ortopeediliste (luu- ja liigeste haigustega) patsientide kirurgilise raviga tegelev \u00fcksus Eestis. Ortopeediakliiniku erakorralise ortopeedia osakonnas tegeldakse erakorraliste (peamiselt erinevate traumade ja luumurdudega) patsientidega, ortopeedia osakonnas peamiselt liigeste endoproteesimistega omandatud liigeshaiguste t\u00f5ttu ning lisaks ka luutuumorite ja kaasas\u00fcndinud v\u00e4\u00e4rarengute raviga. Ortopeediakliiniku ambulatoorses osakonnas on korraldatud operatsiooni eelsed ning operatsiooni v\u00f5i traumade j\u00e4rgsed kontrollvisiidid ning lisaks arstide vastuv\u00f5ttudele toimuvad ka iseseisvad ortopeedia \u00f5dede vastuv\u00f5tud.<\/p>\n\n\n\n<p class=\"has-medium-font-size\">Ortopeediakliinik on h\u00e4sti funktsioneeriv struktuuri\u00fcksus, suunates ja koordineerides ortopeedia eriala arengut Eestis koost\u00f6\u00f6s Eesti Tervisekassaga, Terviseameti ning Sotsiaalministeeriumiga. Kliinikus osutatakse erakorralist ja plaanilist kirurgilist abi kogu L\u00f5una-Eesti patsientidele ning lisaks on ortopeediakliinik \u00fcleriigiliseks kompetentsikeskuseks artroplastika ning selle t\u00fcsistuste ravis, samuti haruldaste luuhaiguste ja luukasvajate ravis.<\/p>\n\n\n\n<p class=\"has-medium-font-size\">Ortopeediakliiniku skeletikudede pank on iseseisev \u00fcksus, mis tegeleb luutransplantaatide k\u00e4itlemise ja v\u00e4ljastamisega k\u00f5ikidele Eesti haiglatele.<\/p>\n\n\n\n<p class=\"has-medium-font-size\"><strong>Ortopeediakliinikusse kuulub ambulatoorne osakond (<\/strong>L. Puusepa 8, A korpus, I korrus)<strong>, erakorralise ortopeedia osakond (<\/strong>L. Puusepa 8, A korpus, V korrus)<strong>, ortopeedia osakond (<\/strong>L. Puusepa 8, H korpus, I korrus)<strong> ja skeletikudede pank (<\/strong>L. Puusepa 8 B korpus II korrus)<\/p>\n\n\n\n<p><strong>Kontaktid:&nbsp;&nbsp;&nbsp;&nbsp;&nbsp;&nbsp;&nbsp;&nbsp;&nbsp;&nbsp;&nbsp;&nbsp;&nbsp;&nbsp;&nbsp;&nbsp;&nbsp;&nbsp;&nbsp;&nbsp;&nbsp;&nbsp;&nbsp;&nbsp;&nbsp;&nbsp;&nbsp;&nbsp;&nbsp;&nbsp;&nbsp;&nbsp;&nbsp;&nbsp;&nbsp;&nbsp;&nbsp;&nbsp;&nbsp;&nbsp;&nbsp;&nbsp;&nbsp;&nbsp;&nbsp;&nbsp;&nbsp;&nbsp;&nbsp;&nbsp;&nbsp;&nbsp;&nbsp;&nbsp;&nbsp;&nbsp;&nbsp;&nbsp;&nbsp;&nbsp;&nbsp;&nbsp;&nbsp;&nbsp;&nbsp;&nbsp;&nbsp;&nbsp;&nbsp;&nbsp;&nbsp;&nbsp;&nbsp;&nbsp;&nbsp;&nbsp;<\/strong><\/p>\n\n\n\n<p class=\"has-medium-font-size\"><strong>Kaspar Tootsi<br><\/strong>Kliinikujuhi KT<br>7318287<br><a href=\"mailto:kaire.kallas@kliinikum.ee\">kaspar.tootsi@kliinikum.ee<\/a><\/p>\n\n\n\n<p class=\"has-medium-font-size\"><strong>Hille Rekker<br><\/strong>Kliiniku \u00f5endusjuht<br>731 7990<br><a href=\"mailto:kaire.kallas@kliinikum.ee\">hille.rekker@kliinikum.ee<\/a><\/p>\n\n\n\n<p class=\"has-medium-font-size\"><strong>Kaire Kallas<br><\/strong>Sekret\u00e4r<br>731 7997<br><a href=\"mailto:kaire.kallas@kliinikum.ee\">kaire.kallas@kliinikum.ee<\/a><\/p>\n\n\n\n<figure class=\"wp-block-image size-large\"><img loading=\"lazy\" decoding=\"async\" width=\"1024\" height=\"683\" src=\"https:\/\/www.kliinikum.ee\/ortopeedia\/wp-content\/uploads\/2023\/11\/IMG_0819-1-1024x683.jpg\" alt=\"\" class=\"wp-image-5944\" srcset=\"https:\/\/www.kliinikum.ee\/ortopeedia\/wp-content\/uploads\/2023\/11\/IMG_0819-1-1024x683.jpg 1024w, https:\/\/www.kliinikum.ee\/ortopeedia\/wp-content\/uploads\/2023\/11\/IMG_0819-1-300x200.jpg 300w, https:\/\/www.kliinikum.ee\/ortopeedia\/wp-content\/uploads\/2023\/11\/IMG_0819-1-768x512.jpg 768w, https:\/\/www.kliinikum.ee\/ortopeedia\/wp-content\/uploads\/2023\/11\/IMG_0819-1-1536x1024.jpg 1536w, https:\/\/www.kliinikum.ee\/ortopeedia\/wp-content\/uploads\/2023\/11\/IMG_0819-1-2048x1365.jpg 2048w, https:\/\/www.kliinikum.ee\/ortopeedia\/wp-content\/uploads\/2023\/11\/IMG_0819-1-scaled.jpg 2560w\" sizes=\"auto, (max-width: 1024px) 100vw, 1024px\" \/><\/figure>\n","protected":false},"excerpt":{"rendered":"<p>Kliinikumi ortopeediakliinik on juhtiv ortopeediliste (luu- ja liigeste haigustega) patsientide kirurgilise raviga tegelev \u00fcksus Eestis. Ortopeediakliiniku erakorralise ortopeedia osakonnas tegeldakse erakorraliste (peamiselt erinevate traumade ja luumurdudega) patsientidega, ortopeedia osakonnas peamiselt liigeste endoproteesimistega omandatud liigeshaiguste t\u00f5ttu ning lisaks ka luutuumorite ja kaasas\u00fcndinud v\u00e4\u00e4rarengute raviga. Ortopeediakliiniku ambulatoorses osakonnas on korraldatud operatsiooni eelsed ning operatsiooni v\u00f5i traumade j\u00e4rgsed [&hellip;]<\/p>\n","protected":false},"author":31,"featured_media":0,"parent":0,"menu_order":0,"comment_status":"closed","ping_status":"closed","template":"","meta":{"_acf_changed":false,"_uag_custom_page_level_css":"","footnotes":""},"class_list":["post-17","page","type-page","status-publish","hentry"],"acf":[],"yoast_head":"<!-- This site is optimized with the Yoast SEO plugin v27.3 - https:\/\/yoast.com\/product\/yoast-seo-wordpress\/ -->\n<title>Kliinikust - Ortopeediakliinik<\/title>\n<meta name=\"robots\" content=\"index, follow, max-snippet:-1, max-image-preview:large, max-video-preview:-1\" \/>\n<link rel=\"canonical\" href=\"https:\/\/www.kliinikum.ee\/ortopeedia\/kliinikust\/\" \/>\n<meta property=\"og:locale\" content=\"et_EE\" \/>\n<meta property=\"og:type\" content=\"article\" \/>\n<meta property=\"og:title\" content=\"Kliinikust - Ortopeediakliinik\" \/>\n<meta property=\"og:description\" content=\"Kliinikumi ortopeediakliinik on juhtiv ortopeediliste (luu- ja liigeste haigustega) patsientide kirurgilise raviga tegelev \u00fcksus Eestis. Ortopeediakliiniku erakorralise ortopeedia osakonnas tegeldakse erakorraliste (peamiselt erinevate traumade ja luumurdudega) patsientidega, ortopeedia osakonnas peamiselt liigeste endoproteesimistega omandatud liigeshaiguste t\u00f5ttu ning lisaks ka luutuumorite ja kaasas\u00fcndinud v\u00e4\u00e4rarengute raviga. Ortopeediakliiniku ambulatoorses osakonnas on korraldatud operatsiooni eelsed ning operatsiooni v\u00f5i traumade j\u00e4rgsed [&hellip;]\" \/>\n<meta property=\"og:url\" content=\"https:\/\/www.kliinikum.ee\/ortopeedia\/kliinikust\/\" \/>\n<meta property=\"og:site_name\" content=\"Ortopeediakliinik\" \/>\n<meta property=\"article:modified_time\" content=\"2026-02-13T13:53:35+00:00\" \/>\n<meta property=\"og:image\" content=\"https:\/\/www.kliinikum.ee\/ortopeedia\/wp-content\/uploads\/2023\/11\/IMG_0819-1-scaled.jpg\" \/>\n\t<meta property=\"og:image:width\" content=\"2560\" \/>\n\t<meta property=\"og:image:height\" content=\"1706\" \/>\n\t<meta property=\"og:image:type\" content=\"image\/jpeg\" \/>\n<meta name=\"twitter:card\" content=\"summary_large_image\" \/>\n<meta name=\"twitter:label1\" content=\"Est. reading time\" \/>\n\t<meta name=\"twitter:data1\" content=\"2 minutit\" \/>\n<script type=\"application\/ld+json\" class=\"yoast-schema-graph\">{\"@context\":\"https:\\\/\\\/schema.org\",\"@graph\":[{\"@type\":\"WebPage\",\"@id\":\"https:\\\/\\\/www.kliinikum.ee\\\/ortopeedia\\\/kliinikust\\\/\",\"url\":\"https:\\\/\\\/www.kliinikum.ee\\\/ortopeedia\\\/kliinikust\\\/\",\"name\":\"Kliinikust - Ortopeediakliinik\",\"isPartOf\":{\"@id\":\"https:\\\/\\\/www.kliinikum.ee\\\/ortopeedia\\\/#website\"},\"primaryImageOfPage\":{\"@id\":\"https:\\\/\\\/www.kliinikum.ee\\\/ortopeedia\\\/kliinikust\\\/#primaryimage\"},\"image\":{\"@id\":\"https:\\\/\\\/www.kliinikum.ee\\\/ortopeedia\\\/kliinikust\\\/#primaryimage\"},\"thumbnailUrl\":\"https:\\\/\\\/www.kliinikum.ee\\\/ortopeedia\\\/wp-content\\\/uploads\\\/2023\\\/11\\\/IMG_0819-1-1024x683.jpg\",\"datePublished\":\"2022-11-14T10:00:52+00:00\",\"dateModified\":\"2026-02-13T13:53:35+00:00\",\"breadcrumb\":{\"@id\":\"https:\\\/\\\/www.kliinikum.ee\\\/ortopeedia\\\/kliinikust\\\/#breadcrumb\"},\"inLanguage\":\"et\",\"potentialAction\":[{\"@type\":\"ReadAction\",\"target\":[\"https:\\\/\\\/www.kliinikum.ee\\\/ortopeedia\\\/kliinikust\\\/\"]}]},{\"@type\":\"ImageObject\",\"inLanguage\":\"et\",\"@id\":\"https:\\\/\\\/www.kliinikum.ee\\\/ortopeedia\\\/kliinikust\\\/#primaryimage\",\"url\":\"https:\\\/\\\/www.kliinikum.ee\\\/ortopeedia\\\/wp-content\\\/uploads\\\/2023\\\/11\\\/IMG_0819-1-scaled.jpg\",\"contentUrl\":\"https:\\\/\\\/www.kliinikum.ee\\\/ortopeedia\\\/wp-content\\\/uploads\\\/2023\\\/11\\\/IMG_0819-1-scaled.jpg\",\"width\":2560,\"height\":1706},{\"@type\":\"BreadcrumbList\",\"@id\":\"https:\\\/\\\/www.kliinikum.ee\\\/ortopeedia\\\/kliinikust\\\/#breadcrumb\",\"itemListElement\":[{\"@type\":\"ListItem\",\"position\":1,\"name\":\"Home\",\"item\":\"https:\\\/\\\/www.kliinikum.ee\\\/ortopeedia\\\/\"},{\"@type\":\"ListItem\",\"position\":2,\"name\":\"Kliinikust\"}]},{\"@type\":\"WebSite\",\"@id\":\"https:\\\/\\\/www.kliinikum.ee\\\/ortopeedia\\\/#website\",\"url\":\"https:\\\/\\\/www.kliinikum.ee\\\/ortopeedia\\\/\",\"name\":\"Ortopeediakliinik\",\"description\":\"Hoolivus, Uuendusmeelsus, P\u00e4devus ja Usaldusv\u00e4\u00e4rsus\",\"potentialAction\":[{\"@type\":\"SearchAction\",\"target\":{\"@type\":\"EntryPoint\",\"urlTemplate\":\"https:\\\/\\\/www.kliinikum.ee\\\/ortopeedia\\\/?s={search_term_string}\"},\"query-input\":{\"@type\":\"PropertyValueSpecification\",\"valueRequired\":true,\"valueName\":\"search_term_string\"}}],\"inLanguage\":\"et\"}]}<\/script>\n<!-- \/ Yoast SEO plugin. -->","yoast_head_json":{"title":"Kliinikust - Ortopeediakliinik","robots":{"index":"index","follow":"follow","max-snippet":"max-snippet:-1","max-image-preview":"max-image-preview:large","max-video-preview":"max-video-preview:-1"},"canonical":"https:\/\/www.kliinikum.ee\/ortopeedia\/kliinikust\/","og_locale":"et_EE","og_type":"article","og_title":"Kliinikust - Ortopeediakliinik","og_description":"Kliinikumi ortopeediakliinik on juhtiv ortopeediliste (luu- ja liigeste haigustega) patsientide kirurgilise raviga tegelev \u00fcksus Eestis. Ortopeediakliiniku erakorralise ortopeedia osakonnas tegeldakse erakorraliste (peamiselt erinevate traumade ja luumurdudega) patsientidega, ortopeedia osakonnas peamiselt liigeste endoproteesimistega omandatud liigeshaiguste t\u00f5ttu ning lisaks ka luutuumorite ja kaasas\u00fcndinud v\u00e4\u00e4rarengute raviga. Ortopeediakliiniku ambulatoorses osakonnas on korraldatud operatsiooni eelsed ning operatsiooni v\u00f5i traumade j\u00e4rgsed [&hellip;]","og_url":"https:\/\/www.kliinikum.ee\/ortopeedia\/kliinikust\/","og_site_name":"Ortopeediakliinik","article_modified_time":"2026-02-13T13:53:35+00:00","og_image":[{"width":2560,"height":1706,"url":"https:\/\/www.kliinikum.ee\/ortopeedia\/wp-content\/uploads\/2023\/11\/IMG_0819-1-scaled.jpg","type":"image\/jpeg"}],"twitter_card":"summary_large_image","twitter_misc":{"Est. reading time":"2 minutit"},"schema":{"@context":"https:\/\/schema.org","@graph":[{"@type":"WebPage","@id":"https:\/\/www.kliinikum.ee\/ortopeedia\/kliinikust\/","url":"https:\/\/www.kliinikum.ee\/ortopeedia\/kliinikust\/","name":"Kliinikust - Ortopeediakliinik","isPartOf":{"@id":"https:\/\/www.kliinikum.ee\/ortopeedia\/#website"},"primaryImageOfPage":{"@id":"https:\/\/www.kliinikum.ee\/ortopeedia\/kliinikust\/#primaryimage"},"image":{"@id":"https:\/\/www.kliinikum.ee\/ortopeedia\/kliinikust\/#primaryimage"},"thumbnailUrl":"https:\/\/www.kliinikum.ee\/ortopeedia\/wp-content\/uploads\/2023\/11\/IMG_0819-1-1024x683.jpg","datePublished":"2022-11-14T10:00:52+00:00","dateModified":"2026-02-13T13:53:35+00:00","breadcrumb":{"@id":"https:\/\/www.kliinikum.ee\/ortopeedia\/kliinikust\/#breadcrumb"},"inLanguage":"et","potentialAction":[{"@type":"ReadAction","target":["https:\/\/www.kliinikum.ee\/ortopeedia\/kliinikust\/"]}]},{"@type":"ImageObject","inLanguage":"et","@id":"https:\/\/www.kliinikum.ee\/ortopeedia\/kliinikust\/#primaryimage","url":"https:\/\/www.kliinikum.ee\/ortopeedia\/wp-content\/uploads\/2023\/11\/IMG_0819-1-scaled.jpg","contentUrl":"https:\/\/www.kliinikum.ee\/ortopeedia\/wp-content\/uploads\/2023\/11\/IMG_0819-1-scaled.jpg","width":2560,"height":1706},{"@type":"BreadcrumbList","@id":"https:\/\/www.kliinikum.ee\/ortopeedia\/kliinikust\/#breadcrumb","itemListElement":[{"@type":"ListItem","position":1,"name":"Home","item":"https:\/\/www.kliinikum.ee\/ortopeedia\/"},{"@type":"ListItem","position":2,"name":"Kliinikust"}]},{"@type":"WebSite","@id":"https:\/\/www.kliinikum.ee\/ortopeedia\/#website","url":"https:\/\/www.kliinikum.ee\/ortopeedia\/","name":"Ortopeediakliinik","description":"Hoolivus, Uuendusmeelsus, P\u00e4devus ja Usaldusv\u00e4\u00e4rsus","potentialAction":[{"@type":"SearchAction","target":{"@type":"EntryPoint","urlTemplate":"https:\/\/www.kliinikum.ee\/ortopeedia\/?s={search_term_string}"},"query-input":{"@type":"PropertyValueSpecification","valueRequired":true,"valueName":"search_term_string"}}],"inLanguage":"et"}]}},"uagb_featured_image_src":{"full":false,"thumbnail":false,"medium":false,"medium_large":false,"large":false,"1536x1536":false,"2048x2048":false},"uagb_author_info":{"display_name":"erkky","author_link":"https:\/\/www.kliinikum.ee\/ortopeedia\/author\/erkky\/"},"uagb_comment_info":0,"uagb_excerpt":"Kliinikumi ortopeediakliinik on juhtiv ortopeediliste (luu- ja liigeste haigustega) patsientide kirurgilise raviga tegelev \u00fcksus Eestis. Ortopeediakliiniku erakorralise ortopeedia osakonnas tegeldakse erakorraliste (peamiselt erinevate traumade ja luumurdudega) patsientidega, ortopeedia osakonnas peamiselt liigeste endoproteesimistega omandatud liigeshaiguste t\u00f5ttu ning lisaks ka luutuumorite ja kaasas\u00fcndinud v\u00e4\u00e4rarengute raviga. Ortopeediakliiniku ambulatoorses osakonnas on korraldatud operatsiooni eelsed ning operatsiooni v\u00f5i traumade j\u00e4rgsed&hellip;","_links":{"self":[{"href":"https:\/\/www.kliinikum.ee\/ortopeedia\/wp-json\/wp\/v2\/pages\/17","targetHints":{"allow":["GET"]}}],"collection":[{"href":"https:\/\/www.kliinikum.ee\/ortopeedia\/wp-json\/wp\/v2\/pages"}],"about":[{"href":"https:\/\/www.kliinikum.ee\/ortopeedia\/wp-json\/wp\/v2\/types\/page"}],"author":[{"embeddable":true,"href":"https:\/\/www.kliinikum.ee\/ortopeedia\/wp-json\/wp\/v2\/users\/31"}],"replies":[{"embeddable":true,"href":"https:\/\/www.kliinikum.ee\/ortopeedia\/wp-json\/wp\/v2\/comments?post=17"}],"version-history":[{"count":0,"href":"https:\/\/www.kliinikum.ee\/ortopeedia\/wp-json\/wp\/v2\/pages\/17\/revisions"}],"wp:attachment":[{"href":"https:\/\/www.kliinikum.ee\/ortopeedia\/wp-json\/wp\/v2\/media?parent=17"}],"curies":[{"name":"wp","href":"https:\/\/api.w.org\/{rel}","templated":true}]}}