{"id":19,"date":"2022-11-14T10:01:01","date_gmt":"2022-11-14T10:01:01","guid":{"rendered":"http:\/\/localhost\/?page_id=19"},"modified":"2023-12-14T09:32:53","modified_gmt":"2023-12-14T07:32:53","slug":"infomaterjalid","status":"publish","type":"page","link":"https:\/\/www.kliinikum.ee\/ortopeedia\/infomaterjalid\/","title":{"rendered":"Infomaterjalid"},"content":{"rendered":"\n<p class=\"has-medium-font-size\"><a href=\"https:\/\/www.kliinikum.ee\/patsiendiinfo-andmebaas\/artroskoopia\/\">Artroskoopia<\/a><\/p>\n\n\n\n<p class=\"has-medium-font-size\"><a href=\"https:\/\/www.kliinikum.ee\/patsiendiinfo-andmebaas\/kodune-haavaravi-traumatoloogia-ja-ortopeedia-kliinik\/\">Kodune haavaravi<\/a><\/p>\n\n\n\n<p class=\"has-medium-font-size\"><a href=\"https:\/\/www.kliinikum.ee\/patsiendiinfo-andmebaas\/puusaliigese-endoproteesimine\/\">Puusaliigese endoproteesimine<\/a><\/p>\n\n\n\n<p class=\"has-medium-font-size\"><a href=\"https:\/\/www.kliinikum.ee\/patsiendiinfo-andmebaas\/polveliigese-endoproteesimine\/\">P\u00f5lveliigese endoproteesimine<\/a><\/p>\n\n\n\n<p class=\"has-medium-font-size\"><a href=\"https:\/\/www.kliinikum.ee\/patsiendiinfo-andmebaas\/\">Kliinikumi patsiendiinfo andmebaas<\/a><\/p>\n","protected":false},"excerpt":{"rendered":"<p>Artroskoopia Kodune haavaravi Puusaliigese endoproteesimine P\u00f5lveliigese endoproteesimine Kliinikumi patsiendiinfo andmebaas<\/p>\n","protected":false},"author":31,"featured_media":0,"parent":0,"menu_order":0,"comment_status":"closed","ping_status":"closed","template":"","meta":{"_acf_changed":false,"_uag_custom_page_level_css":"","footnotes":""},"class_list":["post-19","page","type-page","status-publish","hentry"],"acf":[],"yoast_head":"<!-- This site is optimized with the Yoast SEO plugin v27.3 - https:\/\/yoast.com\/product\/yoast-seo-wordpress\/ -->\n<title>Infomaterjalid - Ortopeediakliinik<\/title>\n<meta name=\"robots\" content=\"index, follow, max-snippet:-1, max-image-preview:large, max-video-preview:-1\" \/>\n<link rel=\"canonical\" href=\"https:\/\/www.kliinikum.ee\/ortopeedia\/infomaterjalid\/\" \/>\n<meta property=\"og:locale\" content=\"et_EE\" \/>\n<meta property=\"og:type\" content=\"article\" \/>\n<meta property=\"og:title\" content=\"Infomaterjalid - Ortopeediakliinik\" \/>\n<meta property=\"og:description\" content=\"Artroskoopia Kodune haavaravi Puusaliigese endoproteesimine P\u00f5lveliigese endoproteesimine Kliinikumi patsiendiinfo andmebaas\" \/>\n<meta property=\"og:url\" content=\"https:\/\/www.kliinikum.ee\/ortopeedia\/infomaterjalid\/\" \/>\n<meta property=\"og:site_name\" content=\"Ortopeediakliinik\" \/>\n<meta property=\"article:modified_time\" content=\"2023-12-14T07:32:53+00:00\" \/>\n<meta name=\"twitter:card\" content=\"summary_large_image\" \/>\n<meta name=\"twitter:label1\" content=\"Est. reading time\" \/>\n\t<meta name=\"twitter:data1\" content=\"1 minut\" \/>\n<script type=\"application\/ld+json\" class=\"yoast-schema-graph\">{\"@context\":\"https:\\\/\\\/schema.org\",\"@graph\":[{\"@type\":\"WebPage\",\"@id\":\"https:\\\/\\\/www.kliinikum.ee\\\/ortopeedia\\\/infomaterjalid\\\/\",\"url\":\"https:\\\/\\\/www.kliinikum.ee\\\/ortopeedia\\\/infomaterjalid\\\/\",\"name\":\"Infomaterjalid - Ortopeediakliinik\",\"isPartOf\":{\"@id\":\"https:\\\/\\\/www.kliinikum.ee\\\/ortopeedia\\\/#website\"},\"datePublished\":\"2022-11-14T10:01:01+00:00\",\"dateModified\":\"2023-12-14T07:32:53+00:00\",\"breadcrumb\":{\"@id\":\"https:\\\/\\\/www.kliinikum.ee\\\/ortopeedia\\\/infomaterjalid\\\/#breadcrumb\"},\"inLanguage\":\"et\",\"potentialAction\":[{\"@type\":\"ReadAction\",\"target\":[\"https:\\\/\\\/www.kliinikum.ee\\\/ortopeedia\\\/infomaterjalid\\\/\"]}]},{\"@type\":\"BreadcrumbList\",\"@id\":\"https:\\\/\\\/www.kliinikum.ee\\\/ortopeedia\\\/infomaterjalid\\\/#breadcrumb\",\"itemListElement\":[{\"@type\":\"ListItem\",\"position\":1,\"name\":\"Home\",\"item\":\"https:\\\/\\\/www.kliinikum.ee\\\/ortopeedia\\\/\"},{\"@type\":\"ListItem\",\"position\":2,\"name\":\"Infomaterjalid\"}]},{\"@type\":\"WebSite\",\"@id\":\"https:\\\/\\\/www.kliinikum.ee\\\/ortopeedia\\\/#website\",\"url\":\"https:\\\/\\\/www.kliinikum.ee\\\/ortopeedia\\\/\",\"name\":\"Ortopeediakliinik\",\"description\":\"Hoolivus, Uuendusmeelsus, P\u00e4devus ja Usaldusv\u00e4\u00e4rsus\",\"potentialAction\":[{\"@type\":\"SearchAction\",\"target\":{\"@type\":\"EntryPoint\",\"urlTemplate\":\"https:\\\/\\\/www.kliinikum.ee\\\/ortopeedia\\\/?s={search_term_string}\"},\"query-input\":{\"@type\":\"PropertyValueSpecification\",\"valueRequired\":true,\"valueName\":\"search_term_string\"}}],\"inLanguage\":\"et\"}]}<\/script>\n<!-- \/ Yoast SEO plugin. -->","yoast_head_json":{"title":"Infomaterjalid - Ortopeediakliinik","robots":{"index":"index","follow":"follow","max-snippet":"max-snippet:-1","max-image-preview":"max-image-preview:large","max-video-preview":"max-video-preview:-1"},"canonical":"https:\/\/www.kliinikum.ee\/ortopeedia\/infomaterjalid\/","og_locale":"et_EE","og_type":"article","og_title":"Infomaterjalid - Ortopeediakliinik","og_description":"Artroskoopia Kodune haavaravi Puusaliigese endoproteesimine P\u00f5lveliigese endoproteesimine Kliinikumi patsiendiinfo andmebaas","og_url":"https:\/\/www.kliinikum.ee\/ortopeedia\/infomaterjalid\/","og_site_name":"Ortopeediakliinik","article_modified_time":"2023-12-14T07:32:53+00:00","twitter_card":"summary_large_image","twitter_misc":{"Est. reading time":"1 minut"},"schema":{"@context":"https:\/\/schema.org","@graph":[{"@type":"WebPage","@id":"https:\/\/www.kliinikum.ee\/ortopeedia\/infomaterjalid\/","url":"https:\/\/www.kliinikum.ee\/ortopeedia\/infomaterjalid\/","name":"Infomaterjalid - Ortopeediakliinik","isPartOf":{"@id":"https:\/\/www.kliinikum.ee\/ortopeedia\/#website"},"datePublished":"2022-11-14T10:01:01+00:00","dateModified":"2023-12-14T07:32:53+00:00","breadcrumb":{"@id":"https:\/\/www.kliinikum.ee\/ortopeedia\/infomaterjalid\/#breadcrumb"},"inLanguage":"et","potentialAction":[{"@type":"ReadAction","target":["https:\/\/www.kliinikum.ee\/ortopeedia\/infomaterjalid\/"]}]},{"@type":"BreadcrumbList","@id":"https:\/\/www.kliinikum.ee\/ortopeedia\/infomaterjalid\/#breadcrumb","itemListElement":[{"@type":"ListItem","position":1,"name":"Home","item":"https:\/\/www.kliinikum.ee\/ortopeedia\/"},{"@type":"ListItem","position":2,"name":"Infomaterjalid"}]},{"@type":"WebSite","@id":"https:\/\/www.kliinikum.ee\/ortopeedia\/#website","url":"https:\/\/www.kliinikum.ee\/ortopeedia\/","name":"Ortopeediakliinik","description":"Hoolivus, Uuendusmeelsus, P\u00e4devus ja Usaldusv\u00e4\u00e4rsus","potentialAction":[{"@type":"SearchAction","target":{"@type":"EntryPoint","urlTemplate":"https:\/\/www.kliinikum.ee\/ortopeedia\/?s={search_term_string}"},"query-input":{"@type":"PropertyValueSpecification","valueRequired":true,"valueName":"search_term_string"}}],"inLanguage":"et"}]}},"uagb_featured_image_src":{"full":false,"thumbnail":false,"medium":false,"medium_large":false,"large":false,"1536x1536":false,"2048x2048":false},"uagb_author_info":{"display_name":"erkky","author_link":"https:\/\/www.kliinikum.ee\/ortopeedia\/author\/erkky\/"},"uagb_comment_info":0,"uagb_excerpt":"Artroskoopia Kodune haavaravi Puusaliigese endoproteesimine P\u00f5lveliigese endoproteesimine Kliinikumi patsiendiinfo andmebaas","_links":{"self":[{"href":"https:\/\/www.kliinikum.ee\/ortopeedia\/wp-json\/wp\/v2\/pages\/19","targetHints":{"allow":["GET"]}}],"collection":[{"href":"https:\/\/www.kliinikum.ee\/ortopeedia\/wp-json\/wp\/v2\/pages"}],"about":[{"href":"https:\/\/www.kliinikum.ee\/ortopeedia\/wp-json\/wp\/v2\/types\/page"}],"author":[{"embeddable":true,"href":"https:\/\/www.kliinikum.ee\/ortopeedia\/wp-json\/wp\/v2\/users\/31"}],"replies":[{"embeddable":true,"href":"https:\/\/www.kliinikum.ee\/ortopeedia\/wp-json\/wp\/v2\/comments?post=19"}],"version-history":[{"count":0,"href":"https:\/\/www.kliinikum.ee\/ortopeedia\/wp-json\/wp\/v2\/pages\/19\/revisions"}],"wp:attachment":[{"href":"https:\/\/www.kliinikum.ee\/ortopeedia\/wp-json\/wp\/v2\/media?parent=19"}],"curies":[{"name":"wp","href":"https:\/\/api.w.org\/{rel}","templated":true}]}}