{"id":5897,"date":"2023-11-06T09:41:24","date_gmt":"2023-11-06T07:41:24","guid":{"rendered":"https:\/\/www.kliinikum.ee\/ortopeedia\/?page_id=5897"},"modified":"2025-05-01T10:31:25","modified_gmt":"2025-05-01T08:31:25","slug":"ortopeedia-osakond","status":"publish","type":"page","link":"https:\/\/www.kliinikum.ee\/ortopeedia\/kliinikust\/ortopeedia-osakond\/","title":{"rendered":"Ortopeedia osakond"},"content":{"rendered":"\n<p class=\"has-medium-font-size\"><strong>L. Puusepa 8, Tartu 51014<\/strong> <br><strong>H korpus I korrus<\/strong><\/p>\n\n\n\n<p><\/p>\n\n\n\n<ul class=\"wp-block-list\">\n<li class=\"has-medium-font-size\">Ortopeedia osakonnas tegeletakse liigeste endoproteesimisega (puusa-, p\u00f5lve-, \u00f5la-, k\u00fc\u00fcnar- ja s\u00f5rmeliigesed)<\/li>\n\n\n\n<li class=\"has-medium-font-size\">Endoproteesimisele saavad patsiendid l\u00e4bi perearsti poolt tehtud e-konsultatsiooni, mille j\u00e4rel kutsutakse patsient ortopeedi vastuv\u00f5tule<\/li>\n\n\n\n<li class=\"has-medium-font-size\">Endoproteesimist ootavate patsientidega v\u00f5tab \u00f5de-koordinaator ise \u00fchendust. Terviseseisundi muutuse korral tuleb v\u00f5tta \u00fchendust perearstiga<\/li>\n\n\n\n<li class=\"has-medium-font-size\">Operatsiooni eelses perioodis kutsutakse Teid ortopeedia \u00f5e iseseisvasse vastuv\u00f5ttu, mis toimub kuni 14 p\u00e4eva enne operatsiooni<\/li>\n\n\n\n<li class=\"has-medium-font-size\">T\u00e4psem informatsioon operatsiooniks ettevalmistamiseks ja haigla perioodi kohta antakse Teile \u00f5e iseseisvas vastuv\u00f5tus<\/li>\n\n\n\n<li class=\"has-medium-font-size\">Ambulatoorsed vastuv\u00f5tud ja konsultatsioonid toimuvad ambulatoorse ortopeedia osakonnas<\/li>\n<\/ul>\n\n\n\n<p class=\"has-medium-font-size\"><strong>Telefon:<\/strong><br>Valve\u00f5de 731 8283<\/p>\n\n\n\n<p class=\"has-medium-font-size\">Osakonnajuhi KT | Kaspar Tootsi | 731 8204 |\u00a0<a href=\"mailto:kaspar.tootsi@kliinikum.ee\">kaspar.tootsi@kliinikum.ee<\/a><br>Osakonna \u00f5endusjuht | Kristi Vent | 7318281 | <a href=\"mailto:kristi.vent@kliinikum.ee\">kristi.vent@kliinikum.ee<\/a><br>Sekret\u00e4r | Annely Mitt | 7318282 | <a href=\"mailto:annely.mitt@kliinikum.ee\">annely.mitt@kliinikum.ee<\/a><br>Endoproteesi koordinaatorite automaatvastaja 731 8202<\/p>\n\n\n\n<p class=\"has-medium-font-size\"><strong>Statsionaarne vastuv\u00f5tt<\/strong><\/p>\n\n\n\n<p class=\"has-medium-font-size\">Plaaniliste haigete vastuv\u00f5tt toimub Tartu \u00dclikooli Kliinikumi registratuuri kaudu <strong>E-R kell 07.30-17.00 ja P kell 09.00-15.00.&nbsp;<\/strong><\/p>\n\n\n\n<p><\/p>\n","protected":false},"excerpt":{"rendered":"<p>L. Puusepa 8, Tartu 51014 H korpus I korrus Telefon:Valve\u00f5de 731 8283 Osakonnajuhi KT | Kaspar Tootsi | 731 8204 |\u00a0kaspar.tootsi@kliinikum.eeOsakonna \u00f5endusjuht | Kristi Vent | 7318281 | kristi.vent@kliinikum.eeSekret\u00e4r | Annely Mitt | 7318282 | annely.mitt@kliinikum.eeEndoproteesi koordinaatorite automaatvastaja 731 8202 Statsionaarne vastuv\u00f5tt Plaaniliste haigete vastuv\u00f5tt toimub Tartu \u00dclikooli Kliinikumi registratuuri kaudu E-R kell 07.30-17.00 ja [&hellip;]<\/p>\n","protected":false},"author":32,"featured_media":0,"parent":17,"menu_order":2,"comment_status":"closed","ping_status":"closed","template":"","meta":{"_acf_changed":false,"_uag_custom_page_level_css":"","footnotes":""},"class_list":["post-5897","page","type-page","status-publish","hentry"],"acf":[],"yoast_head":"<!-- This site is optimized with the Yoast SEO plugin v27.5 - https:\/\/yoast.com\/product\/yoast-seo-wordpress\/ -->\n<title>Ortopeedia osakond - Ortopeediakliinik<\/title>\n<meta name=\"robots\" content=\"index, follow, max-snippet:-1, max-image-preview:large, max-video-preview:-1\" \/>\n<link rel=\"canonical\" href=\"https:\/\/www.kliinikum.ee\/ortopeedia\/kliinikust\/ortopeedia-osakond\/\" \/>\n<meta property=\"og:locale\" content=\"et_EE\" \/>\n<meta property=\"og:type\" content=\"article\" \/>\n<meta property=\"og:title\" content=\"Ortopeedia osakond - Ortopeediakliinik\" \/>\n<meta property=\"og:description\" content=\"L. Puusepa 8, Tartu 51014 H korpus I korrus Telefon:Valve\u00f5de 731 8283 Osakonnajuhi KT | Kaspar Tootsi | 731 8204 |\u00a0kaspar.tootsi@kliinikum.eeOsakonna \u00f5endusjuht | Kristi Vent | 7318281 | kristi.vent@kliinikum.eeSekret\u00e4r | Annely Mitt | 7318282 | annely.mitt@kliinikum.eeEndoproteesi koordinaatorite automaatvastaja 731 8202 Statsionaarne vastuv\u00f5tt Plaaniliste haigete vastuv\u00f5tt toimub Tartu \u00dclikooli Kliinikumi registratuuri kaudu E-R kell 07.30-17.00 ja [&hellip;]\" \/>\n<meta property=\"og:url\" content=\"https:\/\/www.kliinikum.ee\/ortopeedia\/kliinikust\/ortopeedia-osakond\/\" \/>\n<meta property=\"og:site_name\" content=\"Ortopeediakliinik\" \/>\n<meta property=\"article:modified_time\" content=\"2025-05-01T08:31:25+00:00\" \/>\n<meta name=\"twitter:card\" content=\"summary_large_image\" \/>\n<meta name=\"twitter:label1\" content=\"Est. reading time\" \/>\n\t<meta name=\"twitter:data1\" content=\"1 minut\" \/>\n<script type=\"application\/ld+json\" class=\"yoast-schema-graph\">{\"@context\":\"https:\\\/\\\/schema.org\",\"@graph\":[{\"@type\":\"WebPage\",\"@id\":\"https:\\\/\\\/www.kliinikum.ee\\\/ortopeedia\\\/kliinikust\\\/ortopeedia-osakond\\\/\",\"url\":\"https:\\\/\\\/www.kliinikum.ee\\\/ortopeedia\\\/kliinikust\\\/ortopeedia-osakond\\\/\",\"name\":\"Ortopeedia osakond - Ortopeediakliinik\",\"isPartOf\":{\"@id\":\"https:\\\/\\\/www.kliinikum.ee\\\/ortopeedia\\\/#website\"},\"datePublished\":\"2023-11-06T07:41:24+00:00\",\"dateModified\":\"2025-05-01T08:31:25+00:00\",\"breadcrumb\":{\"@id\":\"https:\\\/\\\/www.kliinikum.ee\\\/ortopeedia\\\/kliinikust\\\/ortopeedia-osakond\\\/#breadcrumb\"},\"inLanguage\":\"et\",\"potentialAction\":[{\"@type\":\"ReadAction\",\"target\":[\"https:\\\/\\\/www.kliinikum.ee\\\/ortopeedia\\\/kliinikust\\\/ortopeedia-osakond\\\/\"]}]},{\"@type\":\"BreadcrumbList\",\"@id\":\"https:\\\/\\\/www.kliinikum.ee\\\/ortopeedia\\\/kliinikust\\\/ortopeedia-osakond\\\/#breadcrumb\",\"itemListElement\":[{\"@type\":\"ListItem\",\"position\":1,\"name\":\"Home\",\"item\":\"https:\\\/\\\/www.kliinikum.ee\\\/ortopeedia\\\/\"},{\"@type\":\"ListItem\",\"position\":2,\"name\":\"Kliinikust\",\"item\":\"https:\\\/\\\/www.kliinikum.ee\\\/ortopeedia\\\/kliinikust\\\/\"},{\"@type\":\"ListItem\",\"position\":3,\"name\":\"Ortopeedia osakond\"}]},{\"@type\":\"WebSite\",\"@id\":\"https:\\\/\\\/www.kliinikum.ee\\\/ortopeedia\\\/#website\",\"url\":\"https:\\\/\\\/www.kliinikum.ee\\\/ortopeedia\\\/\",\"name\":\"Ortopeediakliinik\",\"description\":\"Hoolivus, Uuendusmeelsus, P\u00e4devus ja Usaldusv\u00e4\u00e4rsus\",\"potentialAction\":[{\"@type\":\"SearchAction\",\"target\":{\"@type\":\"EntryPoint\",\"urlTemplate\":\"https:\\\/\\\/www.kliinikum.ee\\\/ortopeedia\\\/?s={search_term_string}\"},\"query-input\":{\"@type\":\"PropertyValueSpecification\",\"valueRequired\":true,\"valueName\":\"search_term_string\"}}],\"inLanguage\":\"et\"}]}<\/script>\n<!-- \/ Yoast SEO plugin. -->","yoast_head_json":{"title":"Ortopeedia osakond - Ortopeediakliinik","robots":{"index":"index","follow":"follow","max-snippet":"max-snippet:-1","max-image-preview":"max-image-preview:large","max-video-preview":"max-video-preview:-1"},"canonical":"https:\/\/www.kliinikum.ee\/ortopeedia\/kliinikust\/ortopeedia-osakond\/","og_locale":"et_EE","og_type":"article","og_title":"Ortopeedia osakond - Ortopeediakliinik","og_description":"L. Puusepa 8, Tartu 51014 H korpus I korrus Telefon:Valve\u00f5de 731 8283 Osakonnajuhi KT | Kaspar Tootsi | 731 8204 |\u00a0kaspar.tootsi@kliinikum.eeOsakonna \u00f5endusjuht | Kristi Vent | 7318281 | kristi.vent@kliinikum.eeSekret\u00e4r | Annely Mitt | 7318282 | annely.mitt@kliinikum.eeEndoproteesi koordinaatorite automaatvastaja 731 8202 Statsionaarne vastuv\u00f5tt Plaaniliste haigete vastuv\u00f5tt toimub Tartu \u00dclikooli Kliinikumi registratuuri kaudu E-R kell 07.30-17.00 ja [&hellip;]","og_url":"https:\/\/www.kliinikum.ee\/ortopeedia\/kliinikust\/ortopeedia-osakond\/","og_site_name":"Ortopeediakliinik","article_modified_time":"2025-05-01T08:31:25+00:00","twitter_card":"summary_large_image","twitter_misc":{"Est. reading time":"1 minut"},"schema":{"@context":"https:\/\/schema.org","@graph":[{"@type":"WebPage","@id":"https:\/\/www.kliinikum.ee\/ortopeedia\/kliinikust\/ortopeedia-osakond\/","url":"https:\/\/www.kliinikum.ee\/ortopeedia\/kliinikust\/ortopeedia-osakond\/","name":"Ortopeedia osakond - Ortopeediakliinik","isPartOf":{"@id":"https:\/\/www.kliinikum.ee\/ortopeedia\/#website"},"datePublished":"2023-11-06T07:41:24+00:00","dateModified":"2025-05-01T08:31:25+00:00","breadcrumb":{"@id":"https:\/\/www.kliinikum.ee\/ortopeedia\/kliinikust\/ortopeedia-osakond\/#breadcrumb"},"inLanguage":"et","potentialAction":[{"@type":"ReadAction","target":["https:\/\/www.kliinikum.ee\/ortopeedia\/kliinikust\/ortopeedia-osakond\/"]}]},{"@type":"BreadcrumbList","@id":"https:\/\/www.kliinikum.ee\/ortopeedia\/kliinikust\/ortopeedia-osakond\/#breadcrumb","itemListElement":[{"@type":"ListItem","position":1,"name":"Home","item":"https:\/\/www.kliinikum.ee\/ortopeedia\/"},{"@type":"ListItem","position":2,"name":"Kliinikust","item":"https:\/\/www.kliinikum.ee\/ortopeedia\/kliinikust\/"},{"@type":"ListItem","position":3,"name":"Ortopeedia osakond"}]},{"@type":"WebSite","@id":"https:\/\/www.kliinikum.ee\/ortopeedia\/#website","url":"https:\/\/www.kliinikum.ee\/ortopeedia\/","name":"Ortopeediakliinik","description":"Hoolivus, Uuendusmeelsus, P\u00e4devus ja Usaldusv\u00e4\u00e4rsus","potentialAction":[{"@type":"SearchAction","target":{"@type":"EntryPoint","urlTemplate":"https:\/\/www.kliinikum.ee\/ortopeedia\/?s={search_term_string}"},"query-input":{"@type":"PropertyValueSpecification","valueRequired":true,"valueName":"search_term_string"}}],"inLanguage":"et"}]}},"uagb_featured_image_src":{"full":false,"thumbnail":false,"medium":false,"medium_large":false,"large":false,"1536x1536":false,"2048x2048":false},"uagb_author_info":{"display_name":"Jane Freimann","author_link":"https:\/\/www.kliinikum.ee\/ortopeedia\/author\/janef\/"},"uagb_comment_info":0,"uagb_excerpt":"L. Puusepa 8, Tartu 51014 H korpus I korrus Telefon:Valve\u00f5de 731 8283 Osakonnajuhi KT | Kaspar Tootsi | 731 8204 |\u00a0kaspar.tootsi@kliinikum.eeOsakonna \u00f5endusjuht | Kristi Vent | 7318281 | kristi.vent@kliinikum.eeSekret\u00e4r | Annely Mitt | 7318282 | annely.mitt@kliinikum.eeEndoproteesi koordinaatorite automaatvastaja 731 8202 Statsionaarne vastuv\u00f5tt Plaaniliste haigete vastuv\u00f5tt toimub Tartu \u00dclikooli Kliinikumi registratuuri kaudu E-R kell 07.30-17.00 ja&hellip;","_links":{"self":[{"href":"https:\/\/www.kliinikum.ee\/ortopeedia\/wp-json\/wp\/v2\/pages\/5897","targetHints":{"allow":["GET"]}}],"collection":[{"href":"https:\/\/www.kliinikum.ee\/ortopeedia\/wp-json\/wp\/v2\/pages"}],"about":[{"href":"https:\/\/www.kliinikum.ee\/ortopeedia\/wp-json\/wp\/v2\/types\/page"}],"author":[{"embeddable":true,"href":"https:\/\/www.kliinikum.ee\/ortopeedia\/wp-json\/wp\/v2\/users\/32"}],"replies":[{"embeddable":true,"href":"https:\/\/www.kliinikum.ee\/ortopeedia\/wp-json\/wp\/v2\/comments?post=5897"}],"version-history":[{"count":0,"href":"https:\/\/www.kliinikum.ee\/ortopeedia\/wp-json\/wp\/v2\/pages\/5897\/revisions"}],"up":[{"embeddable":true,"href":"https:\/\/www.kliinikum.ee\/ortopeedia\/wp-json\/wp\/v2\/pages\/17"}],"wp:attachment":[{"href":"https:\/\/www.kliinikum.ee\/ortopeedia\/wp-json\/wp\/v2\/media?parent=5897"}],"curies":[{"name":"wp","href":"https:\/\/api.w.org\/{rel}","templated":true}]}}