{"id":5903,"date":"2023-11-06T09:51:18","date_gmt":"2023-11-06T07:51:18","guid":{"rendered":"https:\/\/www.kliinikum.ee\/ortopeedia\/?page_id=5903"},"modified":"2023-11-06T09:59:57","modified_gmt":"2023-11-06T07:59:57","slug":"ambulatoorne-vastuvott","status":"publish","type":"page","link":"https:\/\/www.kliinikum.ee\/ortopeedia\/patsiendile\/ambulatoorne-vastuvott\/","title":{"rendered":"Ambulatoorne vastuv\u00f5tt"},"content":{"rendered":"\n<p class=\"has-medium-font-size\"><strong>Ambulatoorsele vastuv\u00f5tule registreerimine telefonil&nbsp; 731 9100, \u00fcleriigilises&nbsp;<\/strong><a href=\"https:\/\/www.digilugu.ee\/login?redirectTo=DR_PORTAL&amp;returnUrl=www.kliinikum.ee&amp;destPage=search_appointment&amp;providerCode=90001478&amp;providerCounty=Tartu%20maakond\"><strong>digiregistratuuris<\/strong><\/a><strong>,&nbsp;<\/strong><a href=\"https:\/\/epatsient.kliinikum.ee\/web\/pp\/avaleht\"><strong>portaali ePatsient kaudu<\/strong><\/a><strong>&nbsp;v\u00f5i&nbsp;<\/strong><a href=\"https:\/\/www.kliinikum.ee\/patsiendile\/eriarsti-vastuvott\/aja-broneerimine\/\"><strong>kodulehe vormi kaudu.<\/strong><\/a><strong><\/strong><\/p>\n\n\n\n<p class=\"has-medium-font-size\">Vastuv\u00f5tu kabinetid asuvad<strong> A korpus I korrusel A 117, A 119, A123<\/strong>.<\/p>\n\n\n\n<p class=\"has-medium-font-size\">Korduva vastuv\u00f5tt toimub kabinetis <strong>A121 esmasp\u00e4evast reedeni 8-16<\/strong>.<\/p>\n\n\n\n<p class=\"has-medium-font-size\">Korduvale vastuv\u00f5tule peab olema registreerunud ja enne vastuv\u00f5ttu tuleb k\u00e4ia registratuurist l\u00e4bi.<\/p>\n\n\n\n<figure class=\"wp-block-image size-large\"><img loading=\"lazy\" decoding=\"async\" width=\"1024\" height=\"683\" src=\"https:\/\/www.kliinikum.ee\/ortopeedia\/wp-content\/uploads\/2023\/11\/IMG_0602-1024x683.jpg\" alt=\"\" class=\"wp-image-5913\" srcset=\"https:\/\/www.kliinikum.ee\/ortopeedia\/wp-content\/uploads\/2023\/11\/IMG_0602-1024x683.jpg 1024w, https:\/\/www.kliinikum.ee\/ortopeedia\/wp-content\/uploads\/2023\/11\/IMG_0602-300x200.jpg 300w, https:\/\/www.kliinikum.ee\/ortopeedia\/wp-content\/uploads\/2023\/11\/IMG_0602-768x512.jpg 768w, https:\/\/www.kliinikum.ee\/ortopeedia\/wp-content\/uploads\/2023\/11\/IMG_0602-1536x1024.jpg 1536w, https:\/\/www.kliinikum.ee\/ortopeedia\/wp-content\/uploads\/2023\/11\/IMG_0602-2048x1365.jpg 2048w, https:\/\/www.kliinikum.ee\/ortopeedia\/wp-content\/uploads\/2023\/11\/IMG_0602-scaled.jpg 2560w\" sizes=\"auto, (max-width: 1024px) 100vw, 1024px\" \/><\/figure>\n","protected":false},"excerpt":{"rendered":"<p>Ambulatoorsele vastuv\u00f5tule registreerimine telefonil&nbsp; 731 9100, \u00fcleriigilises&nbsp;digiregistratuuris,&nbsp;portaali ePatsient kaudu&nbsp;v\u00f5i&nbsp;kodulehe vormi kaudu. Vastuv\u00f5tu kabinetid asuvad A korpus I korrusel A 117, A 119, A123. Korduva vastuv\u00f5tt toimub kabinetis A121 esmasp\u00e4evast reedeni 8-16. Korduvale vastuv\u00f5tule peab olema registreerunud ja enne vastuv\u00f5ttu tuleb k\u00e4ia registratuurist l\u00e4bi.<\/p>\n","protected":false},"author":32,"featured_media":0,"parent":15,"menu_order":1,"comment_status":"closed","ping_status":"closed","template":"","meta":{"_acf_changed":false,"_uag_custom_page_level_css":"","footnotes":""},"class_list":["post-5903","page","type-page","status-publish","hentry"],"acf":[],"yoast_head":"<!-- This site is optimized with the Yoast SEO plugin v27.3 - https:\/\/yoast.com\/product\/yoast-seo-wordpress\/ -->\n<title>Ambulatoorne vastuv\u00f5tt - Ortopeediakliinik<\/title>\n<meta name=\"robots\" content=\"index, follow, max-snippet:-1, max-image-preview:large, max-video-preview:-1\" \/>\n<link rel=\"canonical\" href=\"https:\/\/www.kliinikum.ee\/ortopeedia\/patsiendile\/ambulatoorne-vastuvott\/\" \/>\n<meta property=\"og:locale\" content=\"et_EE\" \/>\n<meta property=\"og:type\" content=\"article\" \/>\n<meta property=\"og:title\" content=\"Ambulatoorne vastuv\u00f5tt - Ortopeediakliinik\" \/>\n<meta property=\"og:description\" content=\"Ambulatoorsele vastuv\u00f5tule registreerimine telefonil&nbsp; 731 9100, \u00fcleriigilises&nbsp;digiregistratuuris,&nbsp;portaali ePatsient kaudu&nbsp;v\u00f5i&nbsp;kodulehe vormi kaudu. Vastuv\u00f5tu kabinetid asuvad A korpus I korrusel A 117, A 119, A123. Korduva vastuv\u00f5tt toimub kabinetis A121 esmasp\u00e4evast reedeni 8-16. Korduvale vastuv\u00f5tule peab olema registreerunud ja enne vastuv\u00f5ttu tuleb k\u00e4ia registratuurist l\u00e4bi.\" \/>\n<meta property=\"og:url\" content=\"https:\/\/www.kliinikum.ee\/ortopeedia\/patsiendile\/ambulatoorne-vastuvott\/\" \/>\n<meta property=\"og:site_name\" content=\"Ortopeediakliinik\" \/>\n<meta property=\"article:modified_time\" content=\"2023-11-06T07:59:57+00:00\" \/>\n<meta property=\"og:image\" content=\"https:\/\/www.kliinikum.ee\/ortopeedia\/wp-content\/uploads\/2023\/11\/IMG_0602-1024x683.jpg\" \/>\n<meta name=\"twitter:card\" content=\"summary_large_image\" \/>\n<meta name=\"twitter:label1\" content=\"Est. reading time\" \/>\n\t<meta name=\"twitter:data1\" content=\"1 minut\" \/>\n<script type=\"application\/ld+json\" class=\"yoast-schema-graph\">{\"@context\":\"https:\\\/\\\/schema.org\",\"@graph\":[{\"@type\":\"WebPage\",\"@id\":\"https:\\\/\\\/www.kliinikum.ee\\\/ortopeedia\\\/patsiendile\\\/ambulatoorne-vastuvott\\\/\",\"url\":\"https:\\\/\\\/www.kliinikum.ee\\\/ortopeedia\\\/patsiendile\\\/ambulatoorne-vastuvott\\\/\",\"name\":\"Ambulatoorne vastuv\u00f5tt - Ortopeediakliinik\",\"isPartOf\":{\"@id\":\"https:\\\/\\\/www.kliinikum.ee\\\/ortopeedia\\\/#website\"},\"primaryImageOfPage\":{\"@id\":\"https:\\\/\\\/www.kliinikum.ee\\\/ortopeedia\\\/patsiendile\\\/ambulatoorne-vastuvott\\\/#primaryimage\"},\"image\":{\"@id\":\"https:\\\/\\\/www.kliinikum.ee\\\/ortopeedia\\\/patsiendile\\\/ambulatoorne-vastuvott\\\/#primaryimage\"},\"thumbnailUrl\":\"https:\\\/\\\/www.kliinikum.ee\\\/ortopeedia\\\/wp-content\\\/uploads\\\/2023\\\/11\\\/IMG_0602-1024x683.jpg\",\"datePublished\":\"2023-11-06T07:51:18+00:00\",\"dateModified\":\"2023-11-06T07:59:57+00:00\",\"breadcrumb\":{\"@id\":\"https:\\\/\\\/www.kliinikum.ee\\\/ortopeedia\\\/patsiendile\\\/ambulatoorne-vastuvott\\\/#breadcrumb\"},\"inLanguage\":\"et\",\"potentialAction\":[{\"@type\":\"ReadAction\",\"target\":[\"https:\\\/\\\/www.kliinikum.ee\\\/ortopeedia\\\/patsiendile\\\/ambulatoorne-vastuvott\\\/\"]}]},{\"@type\":\"ImageObject\",\"inLanguage\":\"et\",\"@id\":\"https:\\\/\\\/www.kliinikum.ee\\\/ortopeedia\\\/patsiendile\\\/ambulatoorne-vastuvott\\\/#primaryimage\",\"url\":\"https:\\\/\\\/www.kliinikum.ee\\\/ortopeedia\\\/wp-content\\\/uploads\\\/2023\\\/11\\\/IMG_0602-scaled.jpg\",\"contentUrl\":\"https:\\\/\\\/www.kliinikum.ee\\\/ortopeedia\\\/wp-content\\\/uploads\\\/2023\\\/11\\\/IMG_0602-scaled.jpg\",\"width\":2560,\"height\":1706},{\"@type\":\"BreadcrumbList\",\"@id\":\"https:\\\/\\\/www.kliinikum.ee\\\/ortopeedia\\\/patsiendile\\\/ambulatoorne-vastuvott\\\/#breadcrumb\",\"itemListElement\":[{\"@type\":\"ListItem\",\"position\":1,\"name\":\"Home\",\"item\":\"https:\\\/\\\/www.kliinikum.ee\\\/ortopeedia\\\/\"},{\"@type\":\"ListItem\",\"position\":2,\"name\":\"Patsiendile\",\"item\":\"https:\\\/\\\/www.kliinikum.ee\\\/ortopeedia\\\/patsiendile\\\/\"},{\"@type\":\"ListItem\",\"position\":3,\"name\":\"Ambulatoorne vastuv\u00f5tt\"}]},{\"@type\":\"WebSite\",\"@id\":\"https:\\\/\\\/www.kliinikum.ee\\\/ortopeedia\\\/#website\",\"url\":\"https:\\\/\\\/www.kliinikum.ee\\\/ortopeedia\\\/\",\"name\":\"Ortopeediakliinik\",\"description\":\"Hoolivus, Uuendusmeelsus, P\u00e4devus ja Usaldusv\u00e4\u00e4rsus\",\"potentialAction\":[{\"@type\":\"SearchAction\",\"target\":{\"@type\":\"EntryPoint\",\"urlTemplate\":\"https:\\\/\\\/www.kliinikum.ee\\\/ortopeedia\\\/?s={search_term_string}\"},\"query-input\":{\"@type\":\"PropertyValueSpecification\",\"valueRequired\":true,\"valueName\":\"search_term_string\"}}],\"inLanguage\":\"et\"}]}<\/script>\n<!-- \/ Yoast SEO plugin. -->","yoast_head_json":{"title":"Ambulatoorne vastuv\u00f5tt - Ortopeediakliinik","robots":{"index":"index","follow":"follow","max-snippet":"max-snippet:-1","max-image-preview":"max-image-preview:large","max-video-preview":"max-video-preview:-1"},"canonical":"https:\/\/www.kliinikum.ee\/ortopeedia\/patsiendile\/ambulatoorne-vastuvott\/","og_locale":"et_EE","og_type":"article","og_title":"Ambulatoorne vastuv\u00f5tt - Ortopeediakliinik","og_description":"Ambulatoorsele vastuv\u00f5tule registreerimine telefonil&nbsp; 731 9100, \u00fcleriigilises&nbsp;digiregistratuuris,&nbsp;portaali ePatsient kaudu&nbsp;v\u00f5i&nbsp;kodulehe vormi kaudu. Vastuv\u00f5tu kabinetid asuvad A korpus I korrusel A 117, A 119, A123. Korduva vastuv\u00f5tt toimub kabinetis A121 esmasp\u00e4evast reedeni 8-16. Korduvale vastuv\u00f5tule peab olema registreerunud ja enne vastuv\u00f5ttu tuleb k\u00e4ia registratuurist l\u00e4bi.","og_url":"https:\/\/www.kliinikum.ee\/ortopeedia\/patsiendile\/ambulatoorne-vastuvott\/","og_site_name":"Ortopeediakliinik","article_modified_time":"2023-11-06T07:59:57+00:00","og_image":[{"url":"https:\/\/www.kliinikum.ee\/ortopeedia\/wp-content\/uploads\/2023\/11\/IMG_0602-1024x683.jpg","type":"","width":"","height":""}],"twitter_card":"summary_large_image","twitter_misc":{"Est. reading time":"1 minut"},"schema":{"@context":"https:\/\/schema.org","@graph":[{"@type":"WebPage","@id":"https:\/\/www.kliinikum.ee\/ortopeedia\/patsiendile\/ambulatoorne-vastuvott\/","url":"https:\/\/www.kliinikum.ee\/ortopeedia\/patsiendile\/ambulatoorne-vastuvott\/","name":"Ambulatoorne vastuv\u00f5tt - Ortopeediakliinik","isPartOf":{"@id":"https:\/\/www.kliinikum.ee\/ortopeedia\/#website"},"primaryImageOfPage":{"@id":"https:\/\/www.kliinikum.ee\/ortopeedia\/patsiendile\/ambulatoorne-vastuvott\/#primaryimage"},"image":{"@id":"https:\/\/www.kliinikum.ee\/ortopeedia\/patsiendile\/ambulatoorne-vastuvott\/#primaryimage"},"thumbnailUrl":"https:\/\/www.kliinikum.ee\/ortopeedia\/wp-content\/uploads\/2023\/11\/IMG_0602-1024x683.jpg","datePublished":"2023-11-06T07:51:18+00:00","dateModified":"2023-11-06T07:59:57+00:00","breadcrumb":{"@id":"https:\/\/www.kliinikum.ee\/ortopeedia\/patsiendile\/ambulatoorne-vastuvott\/#breadcrumb"},"inLanguage":"et","potentialAction":[{"@type":"ReadAction","target":["https:\/\/www.kliinikum.ee\/ortopeedia\/patsiendile\/ambulatoorne-vastuvott\/"]}]},{"@type":"ImageObject","inLanguage":"et","@id":"https:\/\/www.kliinikum.ee\/ortopeedia\/patsiendile\/ambulatoorne-vastuvott\/#primaryimage","url":"https:\/\/www.kliinikum.ee\/ortopeedia\/wp-content\/uploads\/2023\/11\/IMG_0602-scaled.jpg","contentUrl":"https:\/\/www.kliinikum.ee\/ortopeedia\/wp-content\/uploads\/2023\/11\/IMG_0602-scaled.jpg","width":2560,"height":1706},{"@type":"BreadcrumbList","@id":"https:\/\/www.kliinikum.ee\/ortopeedia\/patsiendile\/ambulatoorne-vastuvott\/#breadcrumb","itemListElement":[{"@type":"ListItem","position":1,"name":"Home","item":"https:\/\/www.kliinikum.ee\/ortopeedia\/"},{"@type":"ListItem","position":2,"name":"Patsiendile","item":"https:\/\/www.kliinikum.ee\/ortopeedia\/patsiendile\/"},{"@type":"ListItem","position":3,"name":"Ambulatoorne vastuv\u00f5tt"}]},{"@type":"WebSite","@id":"https:\/\/www.kliinikum.ee\/ortopeedia\/#website","url":"https:\/\/www.kliinikum.ee\/ortopeedia\/","name":"Ortopeediakliinik","description":"Hoolivus, Uuendusmeelsus, P\u00e4devus ja Usaldusv\u00e4\u00e4rsus","potentialAction":[{"@type":"SearchAction","target":{"@type":"EntryPoint","urlTemplate":"https:\/\/www.kliinikum.ee\/ortopeedia\/?s={search_term_string}"},"query-input":{"@type":"PropertyValueSpecification","valueRequired":true,"valueName":"search_term_string"}}],"inLanguage":"et"}]}},"uagb_featured_image_src":{"full":false,"thumbnail":false,"medium":false,"medium_large":false,"large":false,"1536x1536":false,"2048x2048":false},"uagb_author_info":{"display_name":"Jane Freimann","author_link":"https:\/\/www.kliinikum.ee\/ortopeedia\/author\/janef\/"},"uagb_comment_info":0,"uagb_excerpt":"Ambulatoorsele vastuv\u00f5tule registreerimine telefonil&nbsp; 731 9100, \u00fcleriigilises&nbsp;digiregistratuuris,&nbsp;portaali ePatsient kaudu&nbsp;v\u00f5i&nbsp;kodulehe vormi kaudu. Vastuv\u00f5tu kabinetid asuvad A korpus I korrusel A 117, A 119, A123. Korduva vastuv\u00f5tt toimub kabinetis A121 esmasp\u00e4evast reedeni 8-16. Korduvale vastuv\u00f5tule peab olema registreerunud ja enne vastuv\u00f5ttu tuleb k\u00e4ia registratuurist l\u00e4bi.","_links":{"self":[{"href":"https:\/\/www.kliinikum.ee\/ortopeedia\/wp-json\/wp\/v2\/pages\/5903","targetHints":{"allow":["GET"]}}],"collection":[{"href":"https:\/\/www.kliinikum.ee\/ortopeedia\/wp-json\/wp\/v2\/pages"}],"about":[{"href":"https:\/\/www.kliinikum.ee\/ortopeedia\/wp-json\/wp\/v2\/types\/page"}],"author":[{"embeddable":true,"href":"https:\/\/www.kliinikum.ee\/ortopeedia\/wp-json\/wp\/v2\/users\/32"}],"replies":[{"embeddable":true,"href":"https:\/\/www.kliinikum.ee\/ortopeedia\/wp-json\/wp\/v2\/comments?post=5903"}],"version-history":[{"count":0,"href":"https:\/\/www.kliinikum.ee\/ortopeedia\/wp-json\/wp\/v2\/pages\/5903\/revisions"}],"up":[{"embeddable":true,"href":"https:\/\/www.kliinikum.ee\/ortopeedia\/wp-json\/wp\/v2\/pages\/15"}],"wp:attachment":[{"href":"https:\/\/www.kliinikum.ee\/ortopeedia\/wp-json\/wp\/v2\/media?parent=5903"}],"curies":[{"name":"wp","href":"https:\/\/api.w.org\/{rel}","templated":true}]}}