{"id":5905,"date":"2023-11-06T09:54:24","date_gmt":"2023-11-06T07:54:24","guid":{"rendered":"https:\/\/www.kliinikum.ee\/ortopeedia\/?page_id=5905"},"modified":"2023-11-06T09:57:56","modified_gmt":"2023-11-06T07:57:56","slug":"statsionaarne-vastuvott","status":"publish","type":"page","link":"https:\/\/www.kliinikum.ee\/ortopeedia\/patsiendile\/statsionaarne-vastuvott\/","title":{"rendered":"Statsionaarne vastuv\u00f5tt"},"content":{"rendered":"\n<p class=\"has-medium-font-size\">Plaaniliste haigete vastuv\u00f5tt toimub Tartu \u00dclikooli Kliinikumi registratuuri kaudu E-R kell 07.30-17.00 ja P kell 09.00-15.00.&nbsp;<\/p>\n\n\n\n<p class=\"has-medium-font-size\"><strong>Soovitused operatsioonile tulijale:<\/strong><\/p>\n\n\n\n<ul class=\"wp-block-list\">\n<li class=\"has-medium-font-size\">kontrollida oma hambaid, vajadusel lasta need parandada ja katkised hambajuured eemaldada;<\/li>\n\n\n\n<li class=\"has-medium-font-size\">verevedeldajad tuleb enne operatsiooni \u00e4ra l\u00f5petada vastavalt arsti poolt m\u00e4\u00e4ratud skeemile;<\/li>\n\n\n\n<li class=\"has-medium-font-size\">informeerida opereerivat arsti kasutatavatest ravimitest;<\/li>\n\n\n\n<li class=\"has-medium-font-size\">palume teha korda jalad (k\u00fc\u00fcned, kannad);<\/li>\n\n\n\n<li class=\"has-medium-font-size\">vastavalt vajadusele v\u00f5tta kaasa kargud;<\/li>\n\n\n\n<li class=\"has-medium-font-size\">m\u00f5elda l\u00e4bi, kuidas on v\u00f5imalik s\u00f5ita koju peale haiglaravi;<\/li>\n\n\n\n<li class=\"has-medium-font-size\">kliinikum pakub tasulist transporditeenust.<\/li>\n<\/ul>\n\n\n\n<p class=\"has-medium-font-size\"><strong>Alates 04.05.2023 t\u00f6\u00f6tab&nbsp;endoproteesi koordinaatorite<\/strong>&nbsp;<strong>number 731 8202 patsientidele k\u00f5nepostina, kuhu saavad helistada patsiendi, kellel on k\u00fcsimusi seoses oma j\u00e4rjekorraga.<\/strong><\/p>\n\n\n\n<figure class=\"wp-block-image size-large\"><img loading=\"lazy\" decoding=\"async\" width=\"1024\" height=\"683\" src=\"https:\/\/www.kliinikum.ee\/ortopeedia\/wp-content\/uploads\/2023\/11\/IMG_0819-1024x683.jpg\" alt=\"\" class=\"wp-image-5909\" srcset=\"https:\/\/www.kliinikum.ee\/ortopeedia\/wp-content\/uploads\/2023\/11\/IMG_0819-1024x683.jpg 1024w, https:\/\/www.kliinikum.ee\/ortopeedia\/wp-content\/uploads\/2023\/11\/IMG_0819-300x200.jpg 300w, https:\/\/www.kliinikum.ee\/ortopeedia\/wp-content\/uploads\/2023\/11\/IMG_0819-768x512.jpg 768w, https:\/\/www.kliinikum.ee\/ortopeedia\/wp-content\/uploads\/2023\/11\/IMG_0819-1536x1024.jpg 1536w, https:\/\/www.kliinikum.ee\/ortopeedia\/wp-content\/uploads\/2023\/11\/IMG_0819-2048x1365.jpg 2048w, https:\/\/www.kliinikum.ee\/ortopeedia\/wp-content\/uploads\/2023\/11\/IMG_0819-scaled.jpg 2560w\" sizes=\"auto, (max-width: 1024px) 100vw, 1024px\" \/><\/figure>\n","protected":false},"excerpt":{"rendered":"<p>Plaaniliste haigete vastuv\u00f5tt toimub Tartu \u00dclikooli Kliinikumi registratuuri kaudu E-R kell 07.30-17.00 ja P kell 09.00-15.00.&nbsp; Soovitused operatsioonile tulijale: Alates 04.05.2023 t\u00f6\u00f6tab&nbsp;endoproteesi koordinaatorite&nbsp;number 731 8202 patsientidele k\u00f5nepostina, kuhu saavad helistada patsiendi, kellel on k\u00fcsimusi seoses oma j\u00e4rjekorraga.<\/p>\n","protected":false},"author":32,"featured_media":0,"parent":15,"menu_order":2,"comment_status":"closed","ping_status":"closed","template":"","meta":{"_acf_changed":false,"_uag_custom_page_level_css":"","footnotes":""},"class_list":["post-5905","page","type-page","status-publish","hentry"],"acf":[],"yoast_head":"<!-- This site is optimized with the Yoast SEO plugin v27.3 - https:\/\/yoast.com\/product\/yoast-seo-wordpress\/ -->\n<title>Statsionaarne vastuv\u00f5tt - Ortopeediakliinik<\/title>\n<meta name=\"robots\" content=\"index, follow, max-snippet:-1, max-image-preview:large, max-video-preview:-1\" \/>\n<link rel=\"canonical\" href=\"https:\/\/www.kliinikum.ee\/ortopeedia\/patsiendile\/statsionaarne-vastuvott\/\" \/>\n<meta property=\"og:locale\" content=\"et_EE\" \/>\n<meta property=\"og:type\" content=\"article\" \/>\n<meta property=\"og:title\" content=\"Statsionaarne vastuv\u00f5tt - Ortopeediakliinik\" \/>\n<meta property=\"og:description\" content=\"Plaaniliste haigete vastuv\u00f5tt toimub Tartu \u00dclikooli Kliinikumi registratuuri kaudu E-R kell 07.30-17.00 ja P kell 09.00-15.00.&nbsp; Soovitused operatsioonile tulijale: Alates 04.05.2023 t\u00f6\u00f6tab&nbsp;endoproteesi koordinaatorite&nbsp;number 731 8202 patsientidele k\u00f5nepostina, kuhu saavad helistada patsiendi, kellel on k\u00fcsimusi seoses oma j\u00e4rjekorraga.\" \/>\n<meta property=\"og:url\" content=\"https:\/\/www.kliinikum.ee\/ortopeedia\/patsiendile\/statsionaarne-vastuvott\/\" \/>\n<meta property=\"og:site_name\" content=\"Ortopeediakliinik\" \/>\n<meta property=\"article:modified_time\" content=\"2023-11-06T07:57:56+00:00\" \/>\n<meta property=\"og:image\" content=\"https:\/\/www.kliinikum.ee\/ortopeedia\/wp-content\/uploads\/2023\/11\/IMG_0819-1024x683.jpg\" \/>\n<meta name=\"twitter:card\" content=\"summary_large_image\" \/>\n<meta name=\"twitter:label1\" content=\"Est. reading time\" \/>\n\t<meta name=\"twitter:data1\" content=\"1 minut\" \/>\n<script type=\"application\/ld+json\" class=\"yoast-schema-graph\">{\"@context\":\"https:\\\/\\\/schema.org\",\"@graph\":[{\"@type\":\"WebPage\",\"@id\":\"https:\\\/\\\/www.kliinikum.ee\\\/ortopeedia\\\/patsiendile\\\/statsionaarne-vastuvott\\\/\",\"url\":\"https:\\\/\\\/www.kliinikum.ee\\\/ortopeedia\\\/patsiendile\\\/statsionaarne-vastuvott\\\/\",\"name\":\"Statsionaarne vastuv\u00f5tt - Ortopeediakliinik\",\"isPartOf\":{\"@id\":\"https:\\\/\\\/www.kliinikum.ee\\\/ortopeedia\\\/#website\"},\"primaryImageOfPage\":{\"@id\":\"https:\\\/\\\/www.kliinikum.ee\\\/ortopeedia\\\/patsiendile\\\/statsionaarne-vastuvott\\\/#primaryimage\"},\"image\":{\"@id\":\"https:\\\/\\\/www.kliinikum.ee\\\/ortopeedia\\\/patsiendile\\\/statsionaarne-vastuvott\\\/#primaryimage\"},\"thumbnailUrl\":\"https:\\\/\\\/www.kliinikum.ee\\\/ortopeedia\\\/wp-content\\\/uploads\\\/2023\\\/11\\\/IMG_0819-1024x683.jpg\",\"datePublished\":\"2023-11-06T07:54:24+00:00\",\"dateModified\":\"2023-11-06T07:57:56+00:00\",\"breadcrumb\":{\"@id\":\"https:\\\/\\\/www.kliinikum.ee\\\/ortopeedia\\\/patsiendile\\\/statsionaarne-vastuvott\\\/#breadcrumb\"},\"inLanguage\":\"et\",\"potentialAction\":[{\"@type\":\"ReadAction\",\"target\":[\"https:\\\/\\\/www.kliinikum.ee\\\/ortopeedia\\\/patsiendile\\\/statsionaarne-vastuvott\\\/\"]}]},{\"@type\":\"ImageObject\",\"inLanguage\":\"et\",\"@id\":\"https:\\\/\\\/www.kliinikum.ee\\\/ortopeedia\\\/patsiendile\\\/statsionaarne-vastuvott\\\/#primaryimage\",\"url\":\"https:\\\/\\\/www.kliinikum.ee\\\/ortopeedia\\\/wp-content\\\/uploads\\\/2023\\\/11\\\/IMG_0819-scaled.jpg\",\"contentUrl\":\"https:\\\/\\\/www.kliinikum.ee\\\/ortopeedia\\\/wp-content\\\/uploads\\\/2023\\\/11\\\/IMG_0819-scaled.jpg\",\"width\":2560,\"height\":1706},{\"@type\":\"BreadcrumbList\",\"@id\":\"https:\\\/\\\/www.kliinikum.ee\\\/ortopeedia\\\/patsiendile\\\/statsionaarne-vastuvott\\\/#breadcrumb\",\"itemListElement\":[{\"@type\":\"ListItem\",\"position\":1,\"name\":\"Home\",\"item\":\"https:\\\/\\\/www.kliinikum.ee\\\/ortopeedia\\\/\"},{\"@type\":\"ListItem\",\"position\":2,\"name\":\"Patsiendile\",\"item\":\"https:\\\/\\\/www.kliinikum.ee\\\/ortopeedia\\\/patsiendile\\\/\"},{\"@type\":\"ListItem\",\"position\":3,\"name\":\"Statsionaarne vastuv\u00f5tt\"}]},{\"@type\":\"WebSite\",\"@id\":\"https:\\\/\\\/www.kliinikum.ee\\\/ortopeedia\\\/#website\",\"url\":\"https:\\\/\\\/www.kliinikum.ee\\\/ortopeedia\\\/\",\"name\":\"Ortopeediakliinik\",\"description\":\"Hoolivus, Uuendusmeelsus, P\u00e4devus ja Usaldusv\u00e4\u00e4rsus\",\"potentialAction\":[{\"@type\":\"SearchAction\",\"target\":{\"@type\":\"EntryPoint\",\"urlTemplate\":\"https:\\\/\\\/www.kliinikum.ee\\\/ortopeedia\\\/?s={search_term_string}\"},\"query-input\":{\"@type\":\"PropertyValueSpecification\",\"valueRequired\":true,\"valueName\":\"search_term_string\"}}],\"inLanguage\":\"et\"}]}<\/script>\n<!-- \/ Yoast SEO plugin. -->","yoast_head_json":{"title":"Statsionaarne vastuv\u00f5tt - Ortopeediakliinik","robots":{"index":"index","follow":"follow","max-snippet":"max-snippet:-1","max-image-preview":"max-image-preview:large","max-video-preview":"max-video-preview:-1"},"canonical":"https:\/\/www.kliinikum.ee\/ortopeedia\/patsiendile\/statsionaarne-vastuvott\/","og_locale":"et_EE","og_type":"article","og_title":"Statsionaarne vastuv\u00f5tt - Ortopeediakliinik","og_description":"Plaaniliste haigete vastuv\u00f5tt toimub Tartu \u00dclikooli Kliinikumi registratuuri kaudu E-R kell 07.30-17.00 ja P kell 09.00-15.00.&nbsp; Soovitused operatsioonile tulijale: Alates 04.05.2023 t\u00f6\u00f6tab&nbsp;endoproteesi koordinaatorite&nbsp;number 731 8202 patsientidele k\u00f5nepostina, kuhu saavad helistada patsiendi, kellel on k\u00fcsimusi seoses oma j\u00e4rjekorraga.","og_url":"https:\/\/www.kliinikum.ee\/ortopeedia\/patsiendile\/statsionaarne-vastuvott\/","og_site_name":"Ortopeediakliinik","article_modified_time":"2023-11-06T07:57:56+00:00","og_image":[{"url":"https:\/\/www.kliinikum.ee\/ortopeedia\/wp-content\/uploads\/2023\/11\/IMG_0819-1024x683.jpg","type":"","width":"","height":""}],"twitter_card":"summary_large_image","twitter_misc":{"Est. reading time":"1 minut"},"schema":{"@context":"https:\/\/schema.org","@graph":[{"@type":"WebPage","@id":"https:\/\/www.kliinikum.ee\/ortopeedia\/patsiendile\/statsionaarne-vastuvott\/","url":"https:\/\/www.kliinikum.ee\/ortopeedia\/patsiendile\/statsionaarne-vastuvott\/","name":"Statsionaarne vastuv\u00f5tt - Ortopeediakliinik","isPartOf":{"@id":"https:\/\/www.kliinikum.ee\/ortopeedia\/#website"},"primaryImageOfPage":{"@id":"https:\/\/www.kliinikum.ee\/ortopeedia\/patsiendile\/statsionaarne-vastuvott\/#primaryimage"},"image":{"@id":"https:\/\/www.kliinikum.ee\/ortopeedia\/patsiendile\/statsionaarne-vastuvott\/#primaryimage"},"thumbnailUrl":"https:\/\/www.kliinikum.ee\/ortopeedia\/wp-content\/uploads\/2023\/11\/IMG_0819-1024x683.jpg","datePublished":"2023-11-06T07:54:24+00:00","dateModified":"2023-11-06T07:57:56+00:00","breadcrumb":{"@id":"https:\/\/www.kliinikum.ee\/ortopeedia\/patsiendile\/statsionaarne-vastuvott\/#breadcrumb"},"inLanguage":"et","potentialAction":[{"@type":"ReadAction","target":["https:\/\/www.kliinikum.ee\/ortopeedia\/patsiendile\/statsionaarne-vastuvott\/"]}]},{"@type":"ImageObject","inLanguage":"et","@id":"https:\/\/www.kliinikum.ee\/ortopeedia\/patsiendile\/statsionaarne-vastuvott\/#primaryimage","url":"https:\/\/www.kliinikum.ee\/ortopeedia\/wp-content\/uploads\/2023\/11\/IMG_0819-scaled.jpg","contentUrl":"https:\/\/www.kliinikum.ee\/ortopeedia\/wp-content\/uploads\/2023\/11\/IMG_0819-scaled.jpg","width":2560,"height":1706},{"@type":"BreadcrumbList","@id":"https:\/\/www.kliinikum.ee\/ortopeedia\/patsiendile\/statsionaarne-vastuvott\/#breadcrumb","itemListElement":[{"@type":"ListItem","position":1,"name":"Home","item":"https:\/\/www.kliinikum.ee\/ortopeedia\/"},{"@type":"ListItem","position":2,"name":"Patsiendile","item":"https:\/\/www.kliinikum.ee\/ortopeedia\/patsiendile\/"},{"@type":"ListItem","position":3,"name":"Statsionaarne vastuv\u00f5tt"}]},{"@type":"WebSite","@id":"https:\/\/www.kliinikum.ee\/ortopeedia\/#website","url":"https:\/\/www.kliinikum.ee\/ortopeedia\/","name":"Ortopeediakliinik","description":"Hoolivus, Uuendusmeelsus, P\u00e4devus ja Usaldusv\u00e4\u00e4rsus","potentialAction":[{"@type":"SearchAction","target":{"@type":"EntryPoint","urlTemplate":"https:\/\/www.kliinikum.ee\/ortopeedia\/?s={search_term_string}"},"query-input":{"@type":"PropertyValueSpecification","valueRequired":true,"valueName":"search_term_string"}}],"inLanguage":"et"}]}},"uagb_featured_image_src":{"full":false,"thumbnail":false,"medium":false,"medium_large":false,"large":false,"1536x1536":false,"2048x2048":false},"uagb_author_info":{"display_name":"Jane Freimann","author_link":"https:\/\/www.kliinikum.ee\/ortopeedia\/author\/janef\/"},"uagb_comment_info":0,"uagb_excerpt":"Plaaniliste haigete vastuv\u00f5tt toimub Tartu \u00dclikooli Kliinikumi registratuuri kaudu E-R kell 07.30-17.00 ja P kell 09.00-15.00.&nbsp; Soovitused operatsioonile tulijale: Alates 04.05.2023 t\u00f6\u00f6tab&nbsp;endoproteesi koordinaatorite&nbsp;number 731 8202 patsientidele k\u00f5nepostina, kuhu saavad helistada patsiendi, kellel on k\u00fcsimusi seoses oma j\u00e4rjekorraga.","_links":{"self":[{"href":"https:\/\/www.kliinikum.ee\/ortopeedia\/wp-json\/wp\/v2\/pages\/5905","targetHints":{"allow":["GET"]}}],"collection":[{"href":"https:\/\/www.kliinikum.ee\/ortopeedia\/wp-json\/wp\/v2\/pages"}],"about":[{"href":"https:\/\/www.kliinikum.ee\/ortopeedia\/wp-json\/wp\/v2\/types\/page"}],"author":[{"embeddable":true,"href":"https:\/\/www.kliinikum.ee\/ortopeedia\/wp-json\/wp\/v2\/users\/32"}],"replies":[{"embeddable":true,"href":"https:\/\/www.kliinikum.ee\/ortopeedia\/wp-json\/wp\/v2\/comments?post=5905"}],"version-history":[{"count":0,"href":"https:\/\/www.kliinikum.ee\/ortopeedia\/wp-json\/wp\/v2\/pages\/5905\/revisions"}],"up":[{"embeddable":true,"href":"https:\/\/www.kliinikum.ee\/ortopeedia\/wp-json\/wp\/v2\/pages\/15"}],"wp:attachment":[{"href":"https:\/\/www.kliinikum.ee\/ortopeedia\/wp-json\/wp\/v2\/media?parent=5905"}],"curies":[{"name":"wp","href":"https:\/\/api.w.org\/{rel}","templated":true}]}}