{"id":5845,"date":"2023-04-25T11:42:06","date_gmt":"2023-04-25T09:42:06","guid":{"rendered":"https:\/\/www.kliinikum.ee\/patoloogia\/?page_id=5845"},"modified":"2026-04-29T14:41:30","modified_gmt":"2026-04-29T12:41:30","slug":"uuringu-tellijatele","status":"publish","type":"page","link":"https:\/\/www.kliinikum.ee\/patoloogia\/uuringu-tellijatele\/","title":{"rendered":"Uuringu tellijatele"},"content":{"rendered":"\n<p class=\"has-medium-font-size\">Elupuhuseid patomorfoloogilisi (<a href=\"https:\/\/www.kliinikum.ee\/patoloogia\/uuringu-tellijatele\/histoloogiline-uuring\/\" target=\"_blank\" rel=\"noreferrer noopener\">histoloogilised<\/a> ja <a href=\"https:\/\/www.kliinikum.ee\/patoloogia\/uuringu-tellijatele\/tsutoloogiline-uuring\/\">ts\u00fctoloogilised<\/a> uuringud) uuringumaterjale v\u00f5etakse vastu t\u00f6\u00f6p\u00e4eviti kell 8\u201316. <a href=\"https:\/\/www.kliinikum.ee\/patoloogia\/uuringu-tellijatele\/patoanatoomiline-lahang\/\" target=\"_blank\" rel=\"noreferrer noopener\">Patoanatoomilisi lahanguid<\/a> teostatakse t\u00f6\u00f6p\u00e4eviti.<\/p>\n\n\n\n<p class=\"has-medium-font-size\">K\u00f5iki labori poolt uuringuteks vastu v\u00f5etud tellimusi k\u00e4sitletakse kokkuleppena. <\/p>\n\n\n\n<p class=\"has-medium-font-size\">Uuringumaterjale vahendab laborisse uuringu tellija. Uuringuvastused v\u00e4ljastatakse ainult uuringute tellijatele, patsientidele teavet ei v\u00e4ljastata.<\/p>\n\n\n\n<p class=\"has-medium-font-size\">Labori asukoht: Tartu \u00dclikooli Kliinikum, L. Puusepa 8, K-korpus, 9. korrus.<\/p>\n\n\n\n<p class=\"has-medium-font-size\"><strong>V\u00e4ljaspool patoloogiateenistuse t\u00f6\u00f6aega<\/strong>\u00a0(nt kiiruuring,\u00a0fikseerimata uuringumaterjal v\u00f5i muud eriolukorrad)\u00a0toimub uuringu vastuv\u00f5tmine ainult kokkuleppe alusel. <\/p>\n\n\n\n<p class=\"has-medium-font-size\"><strong>Vajalik eelnevalt teavitada laborit<\/strong>\u00a0t\u00f6\u00f6p\u00e4eviti kell 8\u201316; telefon: +372 731 9692; e-kiri: <a href=\"mailto:patoloogia@kliinikum.ee\">patoloogia@kliinikum.ee<\/a><\/p>\n\n\n\n<p class=\"has-medium-font-size\">KLIENDITUGI +372 731 9939<\/p>\n\n\n\n<p>ETTEPANEKUD JA KAEBUSED <a href=\"mailto:patoloogia@kliinikum.ee\">patoloogia@kliinikum.ee<\/a><\/p>\n\n\n\t\t\t\t\t<div\n\t\t\t\t\t\tclass=\"wp-block-uagb-image-gallery uagb-block-2915f26e     \"\n\t\t\t\t\t\tstyle=\"\"\n\t\t\t\t\t>\n\t\t\t\t\t\t\t\t\t\t\t<div class=\"spectra-image-gallery spectra-image-gallery__layout--carousel\">\n\t\t\t\t\t\t\t\t<div class=\"uagb-slick-carousel uagb-block-2915f26e\">\n\t\t\t\t\t\t\t\t\t\t\t\t<div class='spectra-image-gallery__media-wrapper' data-spectra-gallery-image-id='6234'>\n\t\t\t\t\t\t\t<div class=\"spectra-image-gallery__media spectra-image-gallery__media--carousel\">\n\t\t\t\t<picture>\n\t\t\t\t\t<source media=\"(min-width: 1024px)\" srcset=\"https:\/\/www.kliinikum.ee\/patoloogia\/wp-content\/uploads\/2023\/08\/IMG_4849-scaled-e1695965745183-1024x512.jpg\">\n\t\t\t\t\t<source media=\"(min-width: 768px)\" srcset=\"https:\/\/www.kliinikum.ee\/patoloogia\/wp-content\/uploads\/2023\/08\/IMG_4849-scaled-e1695965745183-1024x512.jpg\">\n\t\t\t\t\t<img decoding=\"async\" class=\"spectra-image-gallery__media-thumbnail spectra-image-gallery__media-thumbnail--carousel\" src=\"https:\/\/www.kliinikum.ee\/patoloogia\/wp-content\/uploads\/2023\/08\/IMG_4849-scaled-e1695965745183-300x150.jpg\" alt=\"\" loading=\"lazy\" \/>\n\t\t\t\t<\/picture>\n\t\t\t\t<div class=\"spectra-image-gallery__media-thumbnail-blurrer\"><\/div>\n\t\t\t\t\t\t\t\t\t\t\t<div class=\"spectra-image-gallery__media-thumbnail-caption-wrapper spectra-image-gallery__media-thumbnail-caption-wrapper--overlay\">\n\t\t\t\t\t\t\t\t\t\t\t<div class=\"spectra-image-gallery__media-thumbnail-caption spectra-image-gallery__media-thumbnail-caption--overlay\">\n\t\t\t\t\tUuringute vastuv\u00f5tt\t\t\t\t<\/div>\n\t\t\t\t\t\t\t\t\t\t<\/div>\n\t\t\t\t\t\t\t\t\t<\/div>\n\t\t\t\t\t\t<\/div>\n\t\t\t\t\t\t<div class='spectra-image-gallery__media-wrapper' data-spectra-gallery-image-id='6306'>\n\t\t\t\t\t\t\t<div class=\"spectra-image-gallery__media spectra-image-gallery__media--carousel\">\n\t\t\t\t<picture>\n\t\t\t\t\t<source media=\"(min-width: 1024px)\" srcset=\"https:\/\/www.kliinikum.ee\/patoloogia\/wp-content\/uploads\/2023\/08\/IMG_4098-scaled-e1695878165486-1024x512.jpg\">\n\t\t\t\t\t<source media=\"(min-width: 768px)\" srcset=\"https:\/\/www.kliinikum.ee\/patoloogia\/wp-content\/uploads\/2023\/08\/IMG_4098-scaled-e1695878165486-1024x512.jpg\">\n\t\t\t\t\t<img decoding=\"async\" class=\"spectra-image-gallery__media-thumbnail spectra-image-gallery__media-thumbnail--carousel\" src=\"https:\/\/www.kliinikum.ee\/patoloogia\/wp-content\/uploads\/2023\/08\/IMG_4098-scaled-e1695878165486-300x150.jpg\" alt=\"\" loading=\"lazy\" \/>\n\t\t\t\t<\/picture>\n\t\t\t\t<div class=\"spectra-image-gallery__media-thumbnail-blurrer\"><\/div>\n\t\t\t\t\t\t\t\t\t\t\t<div class=\"spectra-image-gallery__media-thumbnail-caption-wrapper spectra-image-gallery__media-thumbnail-caption-wrapper--overlay\">\n\t\t\t\t\t\t\t\t\t\t\t<div class=\"spectra-image-gallery__media-thumbnail-caption spectra-image-gallery__media-thumbnail-caption--overlay\">\n\t\t\t\t\tUuringute vastuv\u00f5tt\t\t\t\t<\/div>\n\t\t\t\t\t\t\t\t\t\t<\/div>\n\t\t\t\t\t\t\t\t\t<\/div>\n\t\t\t\t\t\t<\/div>\n\t\t\t\t\t\t<div class='spectra-image-gallery__media-wrapper' data-spectra-gallery-image-id='6419'>\n\t\t\t\t\t\t\t<div class=\"spectra-image-gallery__media spectra-image-gallery__media--carousel\">\n\t\t\t\t<picture>\n\t\t\t\t\t<source media=\"(min-width: 1024px)\" srcset=\"https:\/\/www.kliinikum.ee\/patoloogia\/wp-content\/uploads\/2023\/09\/IMG_4161-scaled-e1695966421156-1024x512.jpg\">\n\t\t\t\t\t<source media=\"(min-width: 768px)\" srcset=\"https:\/\/www.kliinikum.ee\/patoloogia\/wp-content\/uploads\/2023\/09\/IMG_4161-scaled-e1695966421156-1024x512.jpg\">\n\t\t\t\t\t<img decoding=\"async\" class=\"spectra-image-gallery__media-thumbnail spectra-image-gallery__media-thumbnail--carousel\" src=\"https:\/\/www.kliinikum.ee\/patoloogia\/wp-content\/uploads\/2023\/09\/IMG_4161-scaled-e1695966421156-300x150.jpg\" alt=\"\" loading=\"lazy\" \/>\n\t\t\t\t<\/picture>\n\t\t\t\t<div class=\"spectra-image-gallery__media-thumbnail-blurrer\"><\/div>\n\t\t\t\t\t\t\t\t\t\t\t<div class=\"spectra-image-gallery__media-thumbnail-caption-wrapper spectra-image-gallery__media-thumbnail-caption-wrapper--overlay\">\n\t\t\t\t\t\t\t\t\t\t\t<div class=\"spectra-image-gallery__media-thumbnail-caption spectra-image-gallery__media-thumbnail-caption--overlay\">\n\t\t\t\t\tTs\u00fctoloogia\t\t\t\t<\/div>\n\t\t\t\t\t\t\t\t\t\t<\/div>\n\t\t\t\t\t\t\t\t\t<\/div>\n\t\t\t\t\t\t<\/div>\n\t\t\t\t\t\t<div class='spectra-image-gallery__media-wrapper' data-spectra-gallery-image-id='6256'>\n\t\t\t\t\t\t\t<div class=\"spectra-image-gallery__media spectra-image-gallery__media--carousel\">\n\t\t\t\t<picture>\n\t\t\t\t\t<source media=\"(min-width: 1024px)\" srcset=\"https:\/\/www.kliinikum.ee\/patoloogia\/wp-content\/uploads\/2023\/08\/IMG_4133-scaled-e1695965533102-1024x512.jpg\">\n\t\t\t\t\t<source media=\"(min-width: 768px)\" srcset=\"https:\/\/www.kliinikum.ee\/patoloogia\/wp-content\/uploads\/2023\/08\/IMG_4133-scaled-e1695965533102-1024x512.jpg\">\n\t\t\t\t\t<img decoding=\"async\" class=\"spectra-image-gallery__media-thumbnail spectra-image-gallery__media-thumbnail--carousel\" src=\"https:\/\/www.kliinikum.ee\/patoloogia\/wp-content\/uploads\/2023\/08\/IMG_4133-scaled-e1695965533102-300x150.jpg\" alt=\"\" loading=\"lazy\" \/>\n\t\t\t\t<\/picture>\n\t\t\t\t<div class=\"spectra-image-gallery__media-thumbnail-blurrer\"><\/div>\n\t\t\t\t\t\t\t\t\t\t\t<div class=\"spectra-image-gallery__media-thumbnail-caption-wrapper spectra-image-gallery__media-thumbnail-caption-wrapper--overlay\">\n\t\t\t\t\t\t\t\t\t\t\t<div class=\"spectra-image-gallery__media-thumbnail-caption spectra-image-gallery__media-thumbnail-caption--overlay\">\n\t\t\t\t\tHistoloogia\t\t\t\t<\/div>\n\t\t\t\t\t\t\t\t\t\t<\/div>\n\t\t\t\t\t\t\t\t\t<\/div>\n\t\t\t\t\t\t<\/div>\n\t\t\t\t\t\t\t\t\t\t\t<\/div>\n\t\t\t\t\t\t\t<\/div>\n\t\t\t\t\t\t\t\t\t\t\t<\/div>\n\t\t\t\t\t\t\t\t\t","protected":false},"excerpt":{"rendered":"<p>Elupuhuseid patomorfoloogilisi (histoloogilised ja ts\u00fctoloogilised uuringud) uuringumaterjale v\u00f5etakse vastu t\u00f6\u00f6p\u00e4eviti kell 8\u201316. Patoanatoomilisi lahanguid teostatakse t\u00f6\u00f6p\u00e4eviti. K\u00f5iki labori poolt uuringuteks vastu v\u00f5etud tellimusi k\u00e4sitletakse kokkuleppena. Uuringumaterjale vahendab laborisse uuringu tellija. Uuringuvastused v\u00e4ljastatakse ainult uuringute tellijatele, patsientidele teavet ei v\u00e4ljastata. Labori asukoht: Tartu \u00dclikooli Kliinikum, L. Puusepa 8, K-korpus, 9. korrus. V\u00e4ljaspool patoloogiateenistuse t\u00f6\u00f6aega\u00a0(nt kiiruuring,\u00a0fikseerimata uuringumaterjal [&hellip;]<\/p>\n","protected":false},"author":33,"featured_media":0,"parent":0,"menu_order":0,"comment_status":"closed","ping_status":"closed","template":"","meta":{"_acf_changed":false,"_uag_custom_page_level_css":"","footnotes":"[]"},"class_list":["post-5845","page","type-page","status-publish","hentry"],"acf":[],"yoast_head":"<!-- This site is optimized with the Yoast SEO plugin v27.3 - https:\/\/yoast.com\/product\/yoast-seo-wordpress\/ -->\n<title>Uuringu tellijatele - Patoloogiateenistus<\/title>\n<meta name=\"robots\" content=\"index, follow, max-snippet:-1, max-image-preview:large, max-video-preview:-1\" \/>\n<link rel=\"canonical\" href=\"https:\/\/www.kliinikum.ee\/patoloogia\/uuringu-tellijatele\/\" \/>\n<meta property=\"og:locale\" content=\"et_EE\" \/>\n<meta property=\"og:type\" content=\"article\" \/>\n<meta property=\"og:title\" content=\"Uuringu tellijatele - Patoloogiateenistus\" \/>\n<meta property=\"og:description\" content=\"Elupuhuseid patomorfoloogilisi (histoloogilised ja ts\u00fctoloogilised uuringud) uuringumaterjale v\u00f5etakse vastu t\u00f6\u00f6p\u00e4eviti kell 8\u201316. Patoanatoomilisi lahanguid teostatakse t\u00f6\u00f6p\u00e4eviti. K\u00f5iki labori poolt uuringuteks vastu v\u00f5etud tellimusi k\u00e4sitletakse kokkuleppena. Uuringumaterjale vahendab laborisse uuringu tellija. Uuringuvastused v\u00e4ljastatakse ainult uuringute tellijatele, patsientidele teavet ei v\u00e4ljastata. Labori asukoht: Tartu \u00dclikooli Kliinikum, L. Puusepa 8, K-korpus, 9. korrus. V\u00e4ljaspool patoloogiateenistuse t\u00f6\u00f6aega\u00a0(nt kiiruuring,\u00a0fikseerimata uuringumaterjal [&hellip;]\" \/>\n<meta property=\"og:url\" content=\"https:\/\/www.kliinikum.ee\/patoloogia\/uuringu-tellijatele\/\" \/>\n<meta property=\"og:site_name\" content=\"Patoloogiateenistus\" \/>\n<meta property=\"article:modified_time\" content=\"2026-04-29T12:41:30+00:00\" \/>\n<meta name=\"twitter:card\" content=\"summary_large_image\" \/>\n<meta name=\"twitter:label1\" content=\"Est. reading time\" \/>\n\t<meta name=\"twitter:data1\" content=\"1 minut\" \/>\n<script type=\"application\/ld+json\" class=\"yoast-schema-graph\">{\"@context\":\"https:\\\/\\\/schema.org\",\"@graph\":[{\"@type\":\"WebPage\",\"@id\":\"https:\\\/\\\/www.kliinikum.ee\\\/patoloogia\\\/uuringu-tellijatele\\\/\",\"url\":\"https:\\\/\\\/www.kliinikum.ee\\\/patoloogia\\\/uuringu-tellijatele\\\/\",\"name\":\"Uuringu tellijatele - Patoloogiateenistus\",\"isPartOf\":{\"@id\":\"https:\\\/\\\/www.kliinikum.ee\\\/patoloogia\\\/#website\"},\"datePublished\":\"2023-04-25T09:42:06+00:00\",\"dateModified\":\"2026-04-29T12:41:30+00:00\",\"breadcrumb\":{\"@id\":\"https:\\\/\\\/www.kliinikum.ee\\\/patoloogia\\\/uuringu-tellijatele\\\/#breadcrumb\"},\"inLanguage\":\"et\",\"potentialAction\":[{\"@type\":\"ReadAction\",\"target\":[\"https:\\\/\\\/www.kliinikum.ee\\\/patoloogia\\\/uuringu-tellijatele\\\/\"]}]},{\"@type\":\"BreadcrumbList\",\"@id\":\"https:\\\/\\\/www.kliinikum.ee\\\/patoloogia\\\/uuringu-tellijatele\\\/#breadcrumb\",\"itemListElement\":[{\"@type\":\"ListItem\",\"position\":1,\"name\":\"Home\",\"item\":\"https:\\\/\\\/www.kliinikum.ee\\\/patoloogia\\\/\"},{\"@type\":\"ListItem\",\"position\":2,\"name\":\"Uuringu tellijatele\"}]},{\"@type\":\"WebSite\",\"@id\":\"https:\\\/\\\/www.kliinikum.ee\\\/patoloogia\\\/#website\",\"url\":\"https:\\\/\\\/www.kliinikum.ee\\\/patoloogia\\\/\",\"name\":\"Patoloogiateenistus\",\"description\":\"Hoolivus, Uuendusmeelsus, P\u00e4devus ja Usaldusv\u00e4\u00e4rsus\",\"potentialAction\":[{\"@type\":\"SearchAction\",\"target\":{\"@type\":\"EntryPoint\",\"urlTemplate\":\"https:\\\/\\\/www.kliinikum.ee\\\/patoloogia\\\/?s={search_term_string}\"},\"query-input\":{\"@type\":\"PropertyValueSpecification\",\"valueRequired\":true,\"valueName\":\"search_term_string\"}}],\"inLanguage\":\"et\"}]}<\/script>\n<!-- \/ Yoast SEO plugin. -->","yoast_head_json":{"title":"Uuringu tellijatele - Patoloogiateenistus","robots":{"index":"index","follow":"follow","max-snippet":"max-snippet:-1","max-image-preview":"max-image-preview:large","max-video-preview":"max-video-preview:-1"},"canonical":"https:\/\/www.kliinikum.ee\/patoloogia\/uuringu-tellijatele\/","og_locale":"et_EE","og_type":"article","og_title":"Uuringu tellijatele - Patoloogiateenistus","og_description":"Elupuhuseid patomorfoloogilisi (histoloogilised ja ts\u00fctoloogilised uuringud) uuringumaterjale v\u00f5etakse vastu t\u00f6\u00f6p\u00e4eviti kell 8\u201316. Patoanatoomilisi lahanguid teostatakse t\u00f6\u00f6p\u00e4eviti. K\u00f5iki labori poolt uuringuteks vastu v\u00f5etud tellimusi k\u00e4sitletakse kokkuleppena. Uuringumaterjale vahendab laborisse uuringu tellija. Uuringuvastused v\u00e4ljastatakse ainult uuringute tellijatele, patsientidele teavet ei v\u00e4ljastata. Labori asukoht: Tartu \u00dclikooli Kliinikum, L. Puusepa 8, K-korpus, 9. korrus. V\u00e4ljaspool patoloogiateenistuse t\u00f6\u00f6aega\u00a0(nt kiiruuring,\u00a0fikseerimata uuringumaterjal [&hellip;]","og_url":"https:\/\/www.kliinikum.ee\/patoloogia\/uuringu-tellijatele\/","og_site_name":"Patoloogiateenistus","article_modified_time":"2026-04-29T12:41:30+00:00","twitter_card":"summary_large_image","twitter_misc":{"Est. reading time":"1 minut"},"schema":{"@context":"https:\/\/schema.org","@graph":[{"@type":"WebPage","@id":"https:\/\/www.kliinikum.ee\/patoloogia\/uuringu-tellijatele\/","url":"https:\/\/www.kliinikum.ee\/patoloogia\/uuringu-tellijatele\/","name":"Uuringu tellijatele - Patoloogiateenistus","isPartOf":{"@id":"https:\/\/www.kliinikum.ee\/patoloogia\/#website"},"datePublished":"2023-04-25T09:42:06+00:00","dateModified":"2026-04-29T12:41:30+00:00","breadcrumb":{"@id":"https:\/\/www.kliinikum.ee\/patoloogia\/uuringu-tellijatele\/#breadcrumb"},"inLanguage":"et","potentialAction":[{"@type":"ReadAction","target":["https:\/\/www.kliinikum.ee\/patoloogia\/uuringu-tellijatele\/"]}]},{"@type":"BreadcrumbList","@id":"https:\/\/www.kliinikum.ee\/patoloogia\/uuringu-tellijatele\/#breadcrumb","itemListElement":[{"@type":"ListItem","position":1,"name":"Home","item":"https:\/\/www.kliinikum.ee\/patoloogia\/"},{"@type":"ListItem","position":2,"name":"Uuringu tellijatele"}]},{"@type":"WebSite","@id":"https:\/\/www.kliinikum.ee\/patoloogia\/#website","url":"https:\/\/www.kliinikum.ee\/patoloogia\/","name":"Patoloogiateenistus","description":"Hoolivus, Uuendusmeelsus, P\u00e4devus ja Usaldusv\u00e4\u00e4rsus","potentialAction":[{"@type":"SearchAction","target":{"@type":"EntryPoint","urlTemplate":"https:\/\/www.kliinikum.ee\/patoloogia\/?s={search_term_string}"},"query-input":{"@type":"PropertyValueSpecification","valueRequired":true,"valueName":"search_term_string"}}],"inLanguage":"et"}]}},"uagb_featured_image_src":{"full":false,"thumbnail":false,"medium":false,"medium_large":false,"large":false,"1536x1536":false,"2048x2048":false},"uagb_author_info":{"display_name":"Jane Freimann","author_link":"https:\/\/www.kliinikum.ee\/patoloogia\/author\/janef\/"},"uagb_comment_info":0,"uagb_excerpt":"Elupuhuseid patomorfoloogilisi (histoloogilised ja ts\u00fctoloogilised uuringud) uuringumaterjale v\u00f5etakse vastu t\u00f6\u00f6p\u00e4eviti kell 8\u201316. Patoanatoomilisi lahanguid teostatakse t\u00f6\u00f6p\u00e4eviti. K\u00f5iki labori poolt uuringuteks vastu v\u00f5etud tellimusi k\u00e4sitletakse kokkuleppena. Uuringumaterjale vahendab laborisse uuringu tellija. Uuringuvastused v\u00e4ljastatakse ainult uuringute tellijatele, patsientidele teavet ei v\u00e4ljastata. Labori asukoht: Tartu \u00dclikooli Kliinikum, L. Puusepa 8, K-korpus, 9. korrus. V\u00e4ljaspool patoloogiateenistuse t\u00f6\u00f6aega\u00a0(nt kiiruuring,\u00a0fikseerimata uuringumaterjal&hellip;","_links":{"self":[{"href":"https:\/\/www.kliinikum.ee\/patoloogia\/wp-json\/wp\/v2\/pages\/5845","targetHints":{"allow":["GET"]}}],"collection":[{"href":"https:\/\/www.kliinikum.ee\/patoloogia\/wp-json\/wp\/v2\/pages"}],"about":[{"href":"https:\/\/www.kliinikum.ee\/patoloogia\/wp-json\/wp\/v2\/types\/page"}],"author":[{"embeddable":true,"href":"https:\/\/www.kliinikum.ee\/patoloogia\/wp-json\/wp\/v2\/users\/33"}],"replies":[{"embeddable":true,"href":"https:\/\/www.kliinikum.ee\/patoloogia\/wp-json\/wp\/v2\/comments?post=5845"}],"version-history":[{"count":4,"href":"https:\/\/www.kliinikum.ee\/patoloogia\/wp-json\/wp\/v2\/pages\/5845\/revisions"}],"predecessor-version":[{"id":6805,"href":"https:\/\/www.kliinikum.ee\/patoloogia\/wp-json\/wp\/v2\/pages\/5845\/revisions\/6805"}],"wp:attachment":[{"href":"https:\/\/www.kliinikum.ee\/patoloogia\/wp-json\/wp\/v2\/media?parent=5845"}],"curies":[{"name":"wp","href":"https:\/\/api.w.org\/{rel}","templated":true}]}}