{"id":5848,"date":"2023-04-25T11:42:51","date_gmt":"2023-04-25T09:42:51","guid":{"rendered":"https:\/\/www.kliinikum.ee\/patoloogia\/?page_id=5848"},"modified":"2023-09-15T13:43:48","modified_gmt":"2023-09-15T11:43:48","slug":"lahkunu-lahedastele","status":"publish","type":"page","link":"https:\/\/www.kliinikum.ee\/patoloogia\/lahkunu-lahedastele\/","title":{"rendered":"Lahkunu l\u00e4hedastele"},"content":{"rendered":"\n<p class=\"has-medium-font-size\"><a href=\"https:\/\/www.kliinikum.ee\/patsiendiinfo-andmebaas\/info-lahkunu-omastele\/\">Infoleht<\/a><\/p>\n\n\n\n<h3 class=\"wp-block-heading\">Surmat\u00f5endi v\u00e4ljastamine<\/h3>\n\n\n\n<p class=\"has-medium-font-size\">Surmat\u00f5end on elektrooniline v\u00f5i paberkandjal dokument, mis t\u00f5endab isiku surma ja on aluseks matusetoimingute tegemiseks.<\/p>\n\n\n\n<p class=\"has-medium-font-size\">Surmat\u00f5endi saab l\u00e4hedasele v\u00e4ljastada p\u00e4rast seda, kui surma p\u00f5hjus on teada ja tervise infos\u00fcsteemi edastatud ning surm rahvastikuregistris registreeritud.<\/p>\n\n\n\n<p class=\"has-medium-font-size\"><strong>Surmat\u00f5endi v\u00e4ljastab surnu omastele v\u00f5i esindajale kantselei t\u00f6\u00f6ajal E-R 08.00-16.00 L. Puusepa 8 E-korpus 1. korrus ruum 111, tel +372 731 8131.<\/strong><\/p>\n\n\n\n<p class=\"has-medium-font-size\">T\u00f5endi v\u00e4ljastamiseks on vajalik teada lahkunu isikukoodi. T\u00f5endi saajal peab kaasas olema enda isikut t\u00f5endav dokument, matuseb\u00fcroodel jt asutustel omaste volikiri.&nbsp;Surmat\u00f5endi saamiseks tervise infos\u00fcsteemist k\u00fcsib s\u00fcsteem t\u00f5endi saaja nime, isikukoodi ja seost surnuga.<\/p>\n\n\n\n<p class=\"has-medium-font-size\">T\u00f5endi v\u00e4ljastamine tervishoiuasutuses on tasuta.<\/p>\n\n\n\n<h3 class=\"wp-block-heading\">Surnu transport ja edasised toimingud<\/h3>\n\n\n\n<p class=\"has-medium-font-size\"><strong>Surnu k\u00e4ttesaamiseks v\u00f5tta \u00fchendust\u00a0Tartu Krematooriumiga\u00a0E\u2013L kl 8.00\u201316.00 telefonil +372 748 7108 v\u00f5i +372 586 0600 (24\/7).<\/strong><\/p>\n\n\n\n<p class=\"has-medium-font-size\">Surmaj\u00e4rgse esmase korrastuse viib l\u00e4bi haigla, kus patsient suri. Patoanatoomilise lahangu j\u00e4rgse korrastuse viib l\u00e4bi patoloogiateenistus. Edasine surnu matuseelne korrastamine ei ole meditsiiniline tegevus. Teenus on tasuline ja seda vahendavad matuseb\u00fcrood.<\/p>\n\n\n\n<p class=\"has-medium-font-size\">Tartu \u00dclikooli Kliinikumis vahendab surnute transpordi-&nbsp;ning k\u00fclmkambris hoidmise ja v\u00e4ljaandmise teenust lepingupartner&nbsp;Tartu Krematoorium.&nbsp;<\/p>\n\n\n\n<p class=\"has-medium-font-size\"><\/p>\n","protected":false},"excerpt":{"rendered":"<p>Infoleht Surmat\u00f5endi v\u00e4ljastamine Surmat\u00f5end on elektrooniline v\u00f5i paberkandjal dokument, mis t\u00f5endab isiku surma ja on aluseks matusetoimingute tegemiseks. Surmat\u00f5endi saab l\u00e4hedasele v\u00e4ljastada p\u00e4rast seda, kui surma p\u00f5hjus on teada ja tervise infos\u00fcsteemi edastatud ning surm rahvastikuregistris registreeritud. Surmat\u00f5endi v\u00e4ljastab surnu omastele v\u00f5i esindajale kantselei t\u00f6\u00f6ajal E-R 08.00-16.00 L. Puusepa 8 E-korpus 1. korrus ruum 111, [&hellip;]<\/p>\n","protected":false},"author":33,"featured_media":0,"parent":0,"menu_order":0,"comment_status":"closed","ping_status":"closed","template":"","meta":{"_acf_changed":false,"_uag_custom_page_level_css":"","footnotes":""},"class_list":["post-5848","page","type-page","status-publish","hentry"],"acf":[],"yoast_head":"<!-- This site is optimized with the Yoast SEO plugin v27.3 - https:\/\/yoast.com\/product\/yoast-seo-wordpress\/ -->\n<title>Lahkunu l\u00e4hedastele - Patoloogiateenistus<\/title>\n<meta name=\"robots\" content=\"index, follow, max-snippet:-1, max-image-preview:large, max-video-preview:-1\" \/>\n<link rel=\"canonical\" href=\"https:\/\/www.kliinikum.ee\/patoloogia\/lahkunu-lahedastele\/\" \/>\n<meta property=\"og:locale\" content=\"et_EE\" \/>\n<meta property=\"og:type\" content=\"article\" \/>\n<meta property=\"og:title\" content=\"Lahkunu l\u00e4hedastele - Patoloogiateenistus\" \/>\n<meta property=\"og:description\" content=\"Infoleht Surmat\u00f5endi v\u00e4ljastamine Surmat\u00f5end on elektrooniline v\u00f5i paberkandjal dokument, mis t\u00f5endab isiku surma ja on aluseks matusetoimingute tegemiseks. Surmat\u00f5endi saab l\u00e4hedasele v\u00e4ljastada p\u00e4rast seda, kui surma p\u00f5hjus on teada ja tervise infos\u00fcsteemi edastatud ning surm rahvastikuregistris registreeritud. Surmat\u00f5endi v\u00e4ljastab surnu omastele v\u00f5i esindajale kantselei t\u00f6\u00f6ajal E-R 08.00-16.00 L. Puusepa 8 E-korpus 1. korrus ruum 111, [&hellip;]\" \/>\n<meta property=\"og:url\" content=\"https:\/\/www.kliinikum.ee\/patoloogia\/lahkunu-lahedastele\/\" \/>\n<meta property=\"og:site_name\" content=\"Patoloogiateenistus\" \/>\n<meta property=\"article:modified_time\" content=\"2023-09-15T11:43:48+00:00\" \/>\n<meta name=\"twitter:card\" content=\"summary_large_image\" \/>\n<meta name=\"twitter:label1\" content=\"Est. reading time\" \/>\n\t<meta name=\"twitter:data1\" content=\"1 minut\" \/>\n<script type=\"application\/ld+json\" class=\"yoast-schema-graph\">{\"@context\":\"https:\\\/\\\/schema.org\",\"@graph\":[{\"@type\":\"WebPage\",\"@id\":\"https:\\\/\\\/www.kliinikum.ee\\\/patoloogia\\\/lahkunu-lahedastele\\\/\",\"url\":\"https:\\\/\\\/www.kliinikum.ee\\\/patoloogia\\\/lahkunu-lahedastele\\\/\",\"name\":\"Lahkunu l\u00e4hedastele - Patoloogiateenistus\",\"isPartOf\":{\"@id\":\"https:\\\/\\\/www.kliinikum.ee\\\/patoloogia\\\/#website\"},\"datePublished\":\"2023-04-25T09:42:51+00:00\",\"dateModified\":\"2023-09-15T11:43:48+00:00\",\"breadcrumb\":{\"@id\":\"https:\\\/\\\/www.kliinikum.ee\\\/patoloogia\\\/lahkunu-lahedastele\\\/#breadcrumb\"},\"inLanguage\":\"et\",\"potentialAction\":[{\"@type\":\"ReadAction\",\"target\":[\"https:\\\/\\\/www.kliinikum.ee\\\/patoloogia\\\/lahkunu-lahedastele\\\/\"]}]},{\"@type\":\"BreadcrumbList\",\"@id\":\"https:\\\/\\\/www.kliinikum.ee\\\/patoloogia\\\/lahkunu-lahedastele\\\/#breadcrumb\",\"itemListElement\":[{\"@type\":\"ListItem\",\"position\":1,\"name\":\"Home\",\"item\":\"https:\\\/\\\/www.kliinikum.ee\\\/patoloogia\\\/\"},{\"@type\":\"ListItem\",\"position\":2,\"name\":\"Lahkunu l\u00e4hedastele\"}]},{\"@type\":\"WebSite\",\"@id\":\"https:\\\/\\\/www.kliinikum.ee\\\/patoloogia\\\/#website\",\"url\":\"https:\\\/\\\/www.kliinikum.ee\\\/patoloogia\\\/\",\"name\":\"Patoloogiateenistus\",\"description\":\"Hoolivus, Uuendusmeelsus, P\u00e4devus ja Usaldusv\u00e4\u00e4rsus\",\"potentialAction\":[{\"@type\":\"SearchAction\",\"target\":{\"@type\":\"EntryPoint\",\"urlTemplate\":\"https:\\\/\\\/www.kliinikum.ee\\\/patoloogia\\\/?s={search_term_string}\"},\"query-input\":{\"@type\":\"PropertyValueSpecification\",\"valueRequired\":true,\"valueName\":\"search_term_string\"}}],\"inLanguage\":\"et\"}]}<\/script>\n<!-- \/ Yoast SEO plugin. -->","yoast_head_json":{"title":"Lahkunu l\u00e4hedastele - Patoloogiateenistus","robots":{"index":"index","follow":"follow","max-snippet":"max-snippet:-1","max-image-preview":"max-image-preview:large","max-video-preview":"max-video-preview:-1"},"canonical":"https:\/\/www.kliinikum.ee\/patoloogia\/lahkunu-lahedastele\/","og_locale":"et_EE","og_type":"article","og_title":"Lahkunu l\u00e4hedastele - Patoloogiateenistus","og_description":"Infoleht Surmat\u00f5endi v\u00e4ljastamine Surmat\u00f5end on elektrooniline v\u00f5i paberkandjal dokument, mis t\u00f5endab isiku surma ja on aluseks matusetoimingute tegemiseks. Surmat\u00f5endi saab l\u00e4hedasele v\u00e4ljastada p\u00e4rast seda, kui surma p\u00f5hjus on teada ja tervise infos\u00fcsteemi edastatud ning surm rahvastikuregistris registreeritud. Surmat\u00f5endi v\u00e4ljastab surnu omastele v\u00f5i esindajale kantselei t\u00f6\u00f6ajal E-R 08.00-16.00 L. Puusepa 8 E-korpus 1. korrus ruum 111, [&hellip;]","og_url":"https:\/\/www.kliinikum.ee\/patoloogia\/lahkunu-lahedastele\/","og_site_name":"Patoloogiateenistus","article_modified_time":"2023-09-15T11:43:48+00:00","twitter_card":"summary_large_image","twitter_misc":{"Est. reading time":"1 minut"},"schema":{"@context":"https:\/\/schema.org","@graph":[{"@type":"WebPage","@id":"https:\/\/www.kliinikum.ee\/patoloogia\/lahkunu-lahedastele\/","url":"https:\/\/www.kliinikum.ee\/patoloogia\/lahkunu-lahedastele\/","name":"Lahkunu l\u00e4hedastele - Patoloogiateenistus","isPartOf":{"@id":"https:\/\/www.kliinikum.ee\/patoloogia\/#website"},"datePublished":"2023-04-25T09:42:51+00:00","dateModified":"2023-09-15T11:43:48+00:00","breadcrumb":{"@id":"https:\/\/www.kliinikum.ee\/patoloogia\/lahkunu-lahedastele\/#breadcrumb"},"inLanguage":"et","potentialAction":[{"@type":"ReadAction","target":["https:\/\/www.kliinikum.ee\/patoloogia\/lahkunu-lahedastele\/"]}]},{"@type":"BreadcrumbList","@id":"https:\/\/www.kliinikum.ee\/patoloogia\/lahkunu-lahedastele\/#breadcrumb","itemListElement":[{"@type":"ListItem","position":1,"name":"Home","item":"https:\/\/www.kliinikum.ee\/patoloogia\/"},{"@type":"ListItem","position":2,"name":"Lahkunu l\u00e4hedastele"}]},{"@type":"WebSite","@id":"https:\/\/www.kliinikum.ee\/patoloogia\/#website","url":"https:\/\/www.kliinikum.ee\/patoloogia\/","name":"Patoloogiateenistus","description":"Hoolivus, Uuendusmeelsus, P\u00e4devus ja Usaldusv\u00e4\u00e4rsus","potentialAction":[{"@type":"SearchAction","target":{"@type":"EntryPoint","urlTemplate":"https:\/\/www.kliinikum.ee\/patoloogia\/?s={search_term_string}"},"query-input":{"@type":"PropertyValueSpecification","valueRequired":true,"valueName":"search_term_string"}}],"inLanguage":"et"}]}},"uagb_featured_image_src":{"full":false,"thumbnail":false,"medium":false,"medium_large":false,"large":false,"1536x1536":false,"2048x2048":false},"uagb_author_info":{"display_name":"Jane Freimann","author_link":"https:\/\/www.kliinikum.ee\/patoloogia\/author\/janef\/"},"uagb_comment_info":0,"uagb_excerpt":"Infoleht Surmat\u00f5endi v\u00e4ljastamine Surmat\u00f5end on elektrooniline v\u00f5i paberkandjal dokument, mis t\u00f5endab isiku surma ja on aluseks matusetoimingute tegemiseks. Surmat\u00f5endi saab l\u00e4hedasele v\u00e4ljastada p\u00e4rast seda, kui surma p\u00f5hjus on teada ja tervise infos\u00fcsteemi edastatud ning surm rahvastikuregistris registreeritud. Surmat\u00f5endi v\u00e4ljastab surnu omastele v\u00f5i esindajale kantselei t\u00f6\u00f6ajal E-R 08.00-16.00 L. Puusepa 8 E-korpus 1. korrus ruum 111,&hellip;","_links":{"self":[{"href":"https:\/\/www.kliinikum.ee\/patoloogia\/wp-json\/wp\/v2\/pages\/5848","targetHints":{"allow":["GET"]}}],"collection":[{"href":"https:\/\/www.kliinikum.ee\/patoloogia\/wp-json\/wp\/v2\/pages"}],"about":[{"href":"https:\/\/www.kliinikum.ee\/patoloogia\/wp-json\/wp\/v2\/types\/page"}],"author":[{"embeddable":true,"href":"https:\/\/www.kliinikum.ee\/patoloogia\/wp-json\/wp\/v2\/users\/33"}],"replies":[{"embeddable":true,"href":"https:\/\/www.kliinikum.ee\/patoloogia\/wp-json\/wp\/v2\/comments?post=5848"}],"version-history":[{"count":0,"href":"https:\/\/www.kliinikum.ee\/patoloogia\/wp-json\/wp\/v2\/pages\/5848\/revisions"}],"wp:attachment":[{"href":"https:\/\/www.kliinikum.ee\/patoloogia\/wp-json\/wp\/v2\/media?parent=5848"}],"curies":[{"name":"wp","href":"https:\/\/api.w.org\/{rel}","templated":true}]}}