{"id":5851,"date":"2023-04-25T11:43:36","date_gmt":"2023-04-25T09:43:36","guid":{"rendered":"https:\/\/www.kliinikum.ee\/patoloogia\/?page_id=5851"},"modified":"2023-10-05T13:51:23","modified_gmt":"2023-10-05T11:51:23","slug":"andmekandjate-valjastamine","status":"publish","type":"page","link":"https:\/\/www.kliinikum.ee\/patoloogia\/andmekandjate-valjastamine\/","title":{"rendered":"Andmekandjate v\u00e4ljastamine"},"content":{"rendered":"\n<p class=\"has-medium-font-size\">Patoloogiateenistus v\u00e4ljastab uuringuga seotud andmekandjaid&nbsp;(preparaadiklaas, koeplokk, rakuplokk, uuringuvastus paberkandjal) ainult <a href=\"https:\/\/www.kliinikum.ee\/patoloogia\/wp-content\/uploads\/2023\/05\/VPT-25_Tellimusleht_andmekandjate_valjastamiseks_01_taidetav.pdf\" target=\"_blank\" rel=\"noreferrer noopener\">tellimuslehe <\/a>alusel t\u00f6\u00f6p\u00e4eviti kell 8\u201316.<\/p>\n\n\n\n<p class=\"has-medium-font-size\">K\u00f5ik v\u00e4ljastatud andmekandjad kuuluvad tagastamisele. Tagastamise eest vastutab tellija.<\/p>\n\n\n\n<p class=\"has-medium-font-size\">NB! Kui andmekandjaid ei ole v\u00f5imalik tagastada, tuleb sellest&nbsp;kirjalikult patoloogiateenistust teavitada  e-posti aadressil&nbsp;<a href=\"mailto:patoloogia@kliinikum.ee\">patoloogia@kliinikum.ee<\/a>&nbsp;v\u00f5i tellimuslehel.<\/p>\n\n\n\n<p class=\"has-medium-font-size\"><a href=\"https:\/\/www.kliinikum.ee\/patoloogia\/wp-content\/uploads\/2023\/05\/VPT-25_Tellimusleht_andmekandjate_valjastamiseks_01_taidetav.pdf\" target=\"_blank\" rel=\"noreferrer noopener\">Tellimusleht andmekandjate v\u00e4ljastamiseks<\/a><\/p>\n\n\n\t\t\t\t\t<div\n\t\t\t\t\t\tclass=\"wp-block-uagb-image-gallery uagb-block-e7645593     \"\n\t\t\t\t\t\tstyle=\"\"\n\t\t\t\t\t>\n\t\t\t\t\t\t\t\t\t\t\t<div class=\"spectra-image-gallery spectra-image-gallery__layout--carousel\">\n\t\t\t\t\t\t\t\t<div class=\"uagb-slick-carousel uagb-block-e7645593\">\n\t\t\t\t\t\t\t\t\t\t\t\t<div class='spectra-image-gallery__media-wrapper' data-spectra-gallery-image-id='6481'>\n\t\t\t\t\t\t\t<div class=\"spectra-image-gallery__media spectra-image-gallery__media--carousel\">\n\t\t\t\t<picture>\n\t\t\t\t\t<source media=\"(min-width: 1024px)\" srcset=\"https:\/\/www.kliinikum.ee\/patoloogia\/wp-content\/uploads\/2023\/09\/IMG_4958-scaled-e1695967250540-1024x512.jpg\">\n\t\t\t\t\t<source media=\"(min-width: 768px)\" srcset=\"https:\/\/www.kliinikum.ee\/patoloogia\/wp-content\/uploads\/2023\/09\/IMG_4958-scaled-e1695967250540-1024x512.jpg\">\n\t\t\t\t\t<img decoding=\"async\" class=\"spectra-image-gallery__media-thumbnail spectra-image-gallery__media-thumbnail--carousel\" src=\"https:\/\/www.kliinikum.ee\/patoloogia\/wp-content\/uploads\/2023\/09\/IMG_4958-scaled-e1695967250540-300x150.jpg\" alt=\"\" loading=\"lazy\" \/>\n\t\t\t\t<\/picture>\n\t\t\t\t<div class=\"spectra-image-gallery__media-thumbnail-blurrer\"><\/div>\n\t\t\t\t\t\t\t\t\t\t\t<div class=\"spectra-image-gallery__media-thumbnail-caption-wrapper spectra-image-gallery__media-thumbnail-caption-wrapper--overlay\">\n\t\t\t\t\t\t\t\t\t\t\t<div class=\"spectra-image-gallery__media-thumbnail-caption spectra-image-gallery__media-thumbnail-caption--overlay\">\n\t\t\t\t\tNo Caption\t\t\t\t<\/div>\n\t\t\t\t\t\t\t\t\t\t<\/div>\n\t\t\t\t\t\t\t\t\t<\/div>\n\t\t\t\t\t\t<\/div>\n\t\t\t\t\t\t<div class='spectra-image-gallery__media-wrapper' data-spectra-gallery-image-id='6328'>\n\t\t\t\t\t\t\t<div class=\"spectra-image-gallery__media spectra-image-gallery__media--carousel\">\n\t\t\t\t<picture>\n\t\t\t\t\t<source media=\"(min-width: 1024px)\" srcset=\"https:\/\/www.kliinikum.ee\/patoloogia\/wp-content\/uploads\/2023\/08\/IMG_4714-scaled-e1695967335945-1024x512.jpg\">\n\t\t\t\t\t<source media=\"(min-width: 768px)\" srcset=\"https:\/\/www.kliinikum.ee\/patoloogia\/wp-content\/uploads\/2023\/08\/IMG_4714-scaled-e1695967335945-1024x512.jpg\">\n\t\t\t\t\t<img decoding=\"async\" class=\"spectra-image-gallery__media-thumbnail spectra-image-gallery__media-thumbnail--carousel\" src=\"https:\/\/www.kliinikum.ee\/patoloogia\/wp-content\/uploads\/2023\/08\/IMG_4714-scaled-e1695967335945-300x150.jpg\" alt=\"\" loading=\"lazy\" \/>\n\t\t\t\t<\/picture>\n\t\t\t\t<div class=\"spectra-image-gallery__media-thumbnail-blurrer\"><\/div>\n\t\t\t\t\t\t\t\t\t\t\t<div class=\"spectra-image-gallery__media-thumbnail-caption-wrapper spectra-image-gallery__media-thumbnail-caption-wrapper--overlay\">\n\t\t\t\t\t\t\t\t\t\t\t<div class=\"spectra-image-gallery__media-thumbnail-caption spectra-image-gallery__media-thumbnail-caption--overlay\">\n\t\t\t\t\tNo Caption\t\t\t\t<\/div>\n\t\t\t\t\t\t\t\t\t\t<\/div>\n\t\t\t\t\t\t\t\t\t<\/div>\n\t\t\t\t\t\t<\/div>\n\t\t\t\t\t\t\t\t\t\t\t<\/div>\n\t\t\t\t\t\t\t<\/div>\n\t\t\t\t\t\t\t\t\t\t\t<\/div>\n\t\t\t\t\t\t\t\t\t","protected":false},"excerpt":{"rendered":"<p>Patoloogiateenistus v\u00e4ljastab uuringuga seotud andmekandjaid&nbsp;(preparaadiklaas, koeplokk, rakuplokk, uuringuvastus paberkandjal) ainult tellimuslehe alusel t\u00f6\u00f6p\u00e4eviti kell 8\u201316. K\u00f5ik v\u00e4ljastatud andmekandjad kuuluvad tagastamisele. Tagastamise eest vastutab tellija. NB! Kui andmekandjaid ei ole v\u00f5imalik tagastada, tuleb sellest&nbsp;kirjalikult patoloogiateenistust teavitada e-posti aadressil&nbsp;patoloogia@kliinikum.ee&nbsp;v\u00f5i tellimuslehel. Tellimusleht andmekandjate v\u00e4ljastamiseks<\/p>\n","protected":false},"author":33,"featured_media":0,"parent":0,"menu_order":0,"comment_status":"closed","ping_status":"closed","template":"","meta":{"_acf_changed":false,"_uag_custom_page_level_css":"","footnotes":""},"class_list":["post-5851","page","type-page","status-publish","hentry"],"acf":[],"yoast_head":"<!-- This site is optimized with the Yoast SEO plugin v27.5 - https:\/\/yoast.com\/product\/yoast-seo-wordpress\/ -->\n<title>Andmekandjate v\u00e4ljastamine - Patoloogiateenistus<\/title>\n<meta name=\"robots\" content=\"index, follow, max-snippet:-1, max-image-preview:large, max-video-preview:-1\" \/>\n<link rel=\"canonical\" href=\"https:\/\/www.kliinikum.ee\/patoloogia\/andmekandjate-valjastamine\/\" \/>\n<meta property=\"og:locale\" content=\"et_EE\" \/>\n<meta property=\"og:type\" content=\"article\" \/>\n<meta property=\"og:title\" content=\"Andmekandjate v\u00e4ljastamine - Patoloogiateenistus\" \/>\n<meta property=\"og:description\" content=\"Patoloogiateenistus v\u00e4ljastab uuringuga seotud andmekandjaid&nbsp;(preparaadiklaas, koeplokk, rakuplokk, uuringuvastus paberkandjal) ainult tellimuslehe alusel t\u00f6\u00f6p\u00e4eviti kell 8\u201316. K\u00f5ik v\u00e4ljastatud andmekandjad kuuluvad tagastamisele. Tagastamise eest vastutab tellija. NB! Kui andmekandjaid ei ole v\u00f5imalik tagastada, tuleb sellest&nbsp;kirjalikult patoloogiateenistust teavitada e-posti aadressil&nbsp;patoloogia@kliinikum.ee&nbsp;v\u00f5i tellimuslehel. Tellimusleht andmekandjate v\u00e4ljastamiseks\" \/>\n<meta property=\"og:url\" content=\"https:\/\/www.kliinikum.ee\/patoloogia\/andmekandjate-valjastamine\/\" \/>\n<meta property=\"og:site_name\" content=\"Patoloogiateenistus\" \/>\n<meta property=\"article:modified_time\" content=\"2023-10-05T11:51:23+00:00\" \/>\n<meta name=\"twitter:card\" content=\"summary_large_image\" \/>\n<meta name=\"twitter:label1\" content=\"Est. reading time\" \/>\n\t<meta name=\"twitter:data1\" content=\"1 minut\" \/>\n<script type=\"application\/ld+json\" class=\"yoast-schema-graph\">{\"@context\":\"https:\\\/\\\/schema.org\",\"@graph\":[{\"@type\":\"WebPage\",\"@id\":\"https:\\\/\\\/www.kliinikum.ee\\\/patoloogia\\\/andmekandjate-valjastamine\\\/\",\"url\":\"https:\\\/\\\/www.kliinikum.ee\\\/patoloogia\\\/andmekandjate-valjastamine\\\/\",\"name\":\"Andmekandjate v\u00e4ljastamine - Patoloogiateenistus\",\"isPartOf\":{\"@id\":\"https:\\\/\\\/www.kliinikum.ee\\\/patoloogia\\\/#website\"},\"datePublished\":\"2023-04-25T09:43:36+00:00\",\"dateModified\":\"2023-10-05T11:51:23+00:00\",\"breadcrumb\":{\"@id\":\"https:\\\/\\\/www.kliinikum.ee\\\/patoloogia\\\/andmekandjate-valjastamine\\\/#breadcrumb\"},\"inLanguage\":\"et\",\"potentialAction\":[{\"@type\":\"ReadAction\",\"target\":[\"https:\\\/\\\/www.kliinikum.ee\\\/patoloogia\\\/andmekandjate-valjastamine\\\/\"]}]},{\"@type\":\"BreadcrumbList\",\"@id\":\"https:\\\/\\\/www.kliinikum.ee\\\/patoloogia\\\/andmekandjate-valjastamine\\\/#breadcrumb\",\"itemListElement\":[{\"@type\":\"ListItem\",\"position\":1,\"name\":\"Home\",\"item\":\"https:\\\/\\\/www.kliinikum.ee\\\/patoloogia\\\/\"},{\"@type\":\"ListItem\",\"position\":2,\"name\":\"Andmekandjate v\u00e4ljastamine\"}]},{\"@type\":\"WebSite\",\"@id\":\"https:\\\/\\\/www.kliinikum.ee\\\/patoloogia\\\/#website\",\"url\":\"https:\\\/\\\/www.kliinikum.ee\\\/patoloogia\\\/\",\"name\":\"Patoloogiateenistus\",\"description\":\"Hoolivus, Uuendusmeelsus, P\u00e4devus ja Usaldusv\u00e4\u00e4rsus\",\"potentialAction\":[{\"@type\":\"SearchAction\",\"target\":{\"@type\":\"EntryPoint\",\"urlTemplate\":\"https:\\\/\\\/www.kliinikum.ee\\\/patoloogia\\\/?s={search_term_string}\"},\"query-input\":{\"@type\":\"PropertyValueSpecification\",\"valueRequired\":true,\"valueName\":\"search_term_string\"}}],\"inLanguage\":\"et\"}]}<\/script>\n<!-- \/ Yoast SEO plugin. -->","yoast_head_json":{"title":"Andmekandjate v\u00e4ljastamine - Patoloogiateenistus","robots":{"index":"index","follow":"follow","max-snippet":"max-snippet:-1","max-image-preview":"max-image-preview:large","max-video-preview":"max-video-preview:-1"},"canonical":"https:\/\/www.kliinikum.ee\/patoloogia\/andmekandjate-valjastamine\/","og_locale":"et_EE","og_type":"article","og_title":"Andmekandjate v\u00e4ljastamine - Patoloogiateenistus","og_description":"Patoloogiateenistus v\u00e4ljastab uuringuga seotud andmekandjaid&nbsp;(preparaadiklaas, koeplokk, rakuplokk, uuringuvastus paberkandjal) ainult tellimuslehe alusel t\u00f6\u00f6p\u00e4eviti kell 8\u201316. K\u00f5ik v\u00e4ljastatud andmekandjad kuuluvad tagastamisele. Tagastamise eest vastutab tellija. NB! Kui andmekandjaid ei ole v\u00f5imalik tagastada, tuleb sellest&nbsp;kirjalikult patoloogiateenistust teavitada e-posti aadressil&nbsp;patoloogia@kliinikum.ee&nbsp;v\u00f5i tellimuslehel. Tellimusleht andmekandjate v\u00e4ljastamiseks","og_url":"https:\/\/www.kliinikum.ee\/patoloogia\/andmekandjate-valjastamine\/","og_site_name":"Patoloogiateenistus","article_modified_time":"2023-10-05T11:51:23+00:00","twitter_card":"summary_large_image","twitter_misc":{"Est. reading time":"1 minut"},"schema":{"@context":"https:\/\/schema.org","@graph":[{"@type":"WebPage","@id":"https:\/\/www.kliinikum.ee\/patoloogia\/andmekandjate-valjastamine\/","url":"https:\/\/www.kliinikum.ee\/patoloogia\/andmekandjate-valjastamine\/","name":"Andmekandjate v\u00e4ljastamine - Patoloogiateenistus","isPartOf":{"@id":"https:\/\/www.kliinikum.ee\/patoloogia\/#website"},"datePublished":"2023-04-25T09:43:36+00:00","dateModified":"2023-10-05T11:51:23+00:00","breadcrumb":{"@id":"https:\/\/www.kliinikum.ee\/patoloogia\/andmekandjate-valjastamine\/#breadcrumb"},"inLanguage":"et","potentialAction":[{"@type":"ReadAction","target":["https:\/\/www.kliinikum.ee\/patoloogia\/andmekandjate-valjastamine\/"]}]},{"@type":"BreadcrumbList","@id":"https:\/\/www.kliinikum.ee\/patoloogia\/andmekandjate-valjastamine\/#breadcrumb","itemListElement":[{"@type":"ListItem","position":1,"name":"Home","item":"https:\/\/www.kliinikum.ee\/patoloogia\/"},{"@type":"ListItem","position":2,"name":"Andmekandjate v\u00e4ljastamine"}]},{"@type":"WebSite","@id":"https:\/\/www.kliinikum.ee\/patoloogia\/#website","url":"https:\/\/www.kliinikum.ee\/patoloogia\/","name":"Patoloogiateenistus","description":"Hoolivus, Uuendusmeelsus, P\u00e4devus ja Usaldusv\u00e4\u00e4rsus","potentialAction":[{"@type":"SearchAction","target":{"@type":"EntryPoint","urlTemplate":"https:\/\/www.kliinikum.ee\/patoloogia\/?s={search_term_string}"},"query-input":{"@type":"PropertyValueSpecification","valueRequired":true,"valueName":"search_term_string"}}],"inLanguage":"et"}]}},"uagb_featured_image_src":{"full":false,"thumbnail":false,"medium":false,"medium_large":false,"large":false,"1536x1536":false,"2048x2048":false},"uagb_author_info":{"display_name":"Jane Freimann","author_link":"https:\/\/www.kliinikum.ee\/patoloogia\/author\/janef\/"},"uagb_comment_info":0,"uagb_excerpt":"Patoloogiateenistus v\u00e4ljastab uuringuga seotud andmekandjaid&nbsp;(preparaadiklaas, koeplokk, rakuplokk, uuringuvastus paberkandjal) ainult tellimuslehe alusel t\u00f6\u00f6p\u00e4eviti kell 8\u201316. K\u00f5ik v\u00e4ljastatud andmekandjad kuuluvad tagastamisele. Tagastamise eest vastutab tellija. NB! Kui andmekandjaid ei ole v\u00f5imalik tagastada, tuleb sellest&nbsp;kirjalikult patoloogiateenistust teavitada e-posti aadressil&nbsp;patoloogia@kliinikum.ee&nbsp;v\u00f5i tellimuslehel. Tellimusleht andmekandjate v\u00e4ljastamiseks","_links":{"self":[{"href":"https:\/\/www.kliinikum.ee\/patoloogia\/wp-json\/wp\/v2\/pages\/5851","targetHints":{"allow":["GET"]}}],"collection":[{"href":"https:\/\/www.kliinikum.ee\/patoloogia\/wp-json\/wp\/v2\/pages"}],"about":[{"href":"https:\/\/www.kliinikum.ee\/patoloogia\/wp-json\/wp\/v2\/types\/page"}],"author":[{"embeddable":true,"href":"https:\/\/www.kliinikum.ee\/patoloogia\/wp-json\/wp\/v2\/users\/33"}],"replies":[{"embeddable":true,"href":"https:\/\/www.kliinikum.ee\/patoloogia\/wp-json\/wp\/v2\/comments?post=5851"}],"version-history":[{"count":0,"href":"https:\/\/www.kliinikum.ee\/patoloogia\/wp-json\/wp\/v2\/pages\/5851\/revisions"}],"wp:attachment":[{"href":"https:\/\/www.kliinikum.ee\/patoloogia\/wp-json\/wp\/v2\/media?parent=5851"}],"curies":[{"name":"wp","href":"https:\/\/api.w.org\/{rel}","templated":true}]}}