{"id":5864,"date":"2023-04-25T11:47:48","date_gmt":"2023-04-25T09:47:48","guid":{"rendered":"https:\/\/www.kliinikum.ee\/patoloogia\/?page_id=5864"},"modified":"2025-06-09T14:22:30","modified_gmt":"2025-06-09T12:22:30","slug":"tsutoloogiline-uuring","status":"publish","type":"page","link":"https:\/\/www.kliinikum.ee\/patoloogia\/uuringu-tellijatele\/tsutoloogiline-uuring\/","title":{"rendered":"Ts\u00fctoloogiline uuring"},"content":{"rendered":"\n<p class=\"has-medium-font-size\">Ts\u00fctoloogiliste uuringute teostamise eesm\u00e4rk on rakumorfoloogia alusel tuvastada kudede ja elundite haiguslikud muutused sh kasvajalised protsessid. <\/p>\n\n\n\n<p class=\"has-medium-font-size\">Ts\u00fctoloogilised uuringud on vedelikud, punktaadid, harjamaterjalid, puute- ja kaapepreparaadid.<\/p>\n\n\n\n<p class=\"has-medium-font-size\">Proovimaterjalid peavad saabuma laborisse n\u00f5uetekohastes saateanumates, mis on markeeritud patsiendi identifitseeringuga (ees- ja perekonnanimi, isikukood) ja kaasas n\u00f5uetekohaselt t\u00e4idetud saatekiri ts\u00fctoloogilisele uuringule v\u00f5i programmis eHL digitaalselt vormistatud saatekirja v\u00e4ljatr\u00fckk paberkandjal.<\/p>\n\n\n\n<h3 class=\"wp-block-heading\">Juhendid<\/h3>\n\n\n\n<p class=\"has-medium-font-size\"><a href=\"https:\/\/www.kliinikum.ee\/patoloogia\/wp-content\/uploads\/2025\/06\/JPT-06_H_ja_TS_uuringumaterjalide_votmine-saatmine_06.pdf\" target=\"_blank\" rel=\"noreferrer noopener\">Histoloogiliste ja ts\u00fctoloogiliste uuringumaterjalide v\u00f5tmine ja saatmine<\/a><\/p>\n\n\n\n<h3 class=\"wp-block-heading\">Saatekirjad<\/h3>\n\n\n\n<p class=\"has-medium-font-size\"><a href=\"https:\/\/www.kliinikum.ee\/patoloogia\/wp-content\/uploads\/2023\/05\/VPT-11_Saatekiri-tsutoloogilisele-uuringule_taidetav_01-3.pdf\" target=\"_blank\" rel=\"noreferrer noopener\">Ts\u00fctoloogiline uuring<\/a><\/p>\n\n\n\n<p class=\"has-medium-font-size\"><a href=\"https:\/\/www.kliinikum.ee\/patoloogia\/wp-content\/uploads\/2023\/05\/VPT-15_Saatekiri-gynekotsytoloogilisele-uuringule_taidetav_01-2.pdf\" target=\"_blank\" rel=\"noreferrer noopener\">G\u00fcnekots\u00fctoloogiline uuring<\/a><\/p>\n","protected":false},"excerpt":{"rendered":"<p>Ts\u00fctoloogiliste uuringute teostamise eesm\u00e4rk on rakumorfoloogia alusel tuvastada kudede ja elundite haiguslikud muutused sh kasvajalised protsessid. Ts\u00fctoloogilised uuringud on vedelikud, punktaadid, harjamaterjalid, puute- ja kaapepreparaadid. Proovimaterjalid peavad saabuma laborisse n\u00f5uetekohastes saateanumates, mis on markeeritud patsiendi identifitseeringuga (ees- ja perekonnanimi, isikukood) ja kaasas n\u00f5uetekohaselt t\u00e4idetud saatekiri ts\u00fctoloogilisele uuringule v\u00f5i programmis eHL digitaalselt vormistatud saatekirja v\u00e4ljatr\u00fckk paberkandjal. [&hellip;]<\/p>\n","protected":false},"author":33,"featured_media":0,"parent":5845,"menu_order":2,"comment_status":"closed","ping_status":"closed","template":"","meta":{"_acf_changed":false,"_uag_custom_page_level_css":"","footnotes":""},"class_list":["post-5864","page","type-page","status-publish","hentry"],"acf":[],"yoast_head":"<!-- This site is optimized with the Yoast SEO plugin v27.3 - https:\/\/yoast.com\/product\/yoast-seo-wordpress\/ -->\n<title>Ts\u00fctoloogiline uuring - Patoloogiateenistus<\/title>\n<meta name=\"robots\" content=\"index, follow, max-snippet:-1, max-image-preview:large, max-video-preview:-1\" \/>\n<link rel=\"canonical\" href=\"https:\/\/www.kliinikum.ee\/patoloogia\/uuringu-tellijatele\/tsutoloogiline-uuring\/\" \/>\n<meta property=\"og:locale\" content=\"et_EE\" \/>\n<meta property=\"og:type\" content=\"article\" \/>\n<meta property=\"og:title\" content=\"Ts\u00fctoloogiline uuring - Patoloogiateenistus\" \/>\n<meta property=\"og:description\" content=\"Ts\u00fctoloogiliste uuringute teostamise eesm\u00e4rk on rakumorfoloogia alusel tuvastada kudede ja elundite haiguslikud muutused sh kasvajalised protsessid. Ts\u00fctoloogilised uuringud on vedelikud, punktaadid, harjamaterjalid, puute- ja kaapepreparaadid. Proovimaterjalid peavad saabuma laborisse n\u00f5uetekohastes saateanumates, mis on markeeritud patsiendi identifitseeringuga (ees- ja perekonnanimi, isikukood) ja kaasas n\u00f5uetekohaselt t\u00e4idetud saatekiri ts\u00fctoloogilisele uuringule v\u00f5i programmis eHL digitaalselt vormistatud saatekirja v\u00e4ljatr\u00fckk paberkandjal. [&hellip;]\" \/>\n<meta property=\"og:url\" content=\"https:\/\/www.kliinikum.ee\/patoloogia\/uuringu-tellijatele\/tsutoloogiline-uuring\/\" \/>\n<meta property=\"og:site_name\" content=\"Patoloogiateenistus\" \/>\n<meta property=\"article:modified_time\" content=\"2025-06-09T12:22:30+00:00\" \/>\n<meta name=\"twitter:card\" content=\"summary_large_image\" \/>\n<meta name=\"twitter:label1\" content=\"Est. reading time\" \/>\n\t<meta name=\"twitter:data1\" content=\"1 minut\" \/>\n<script type=\"application\/ld+json\" class=\"yoast-schema-graph\">{\"@context\":\"https:\\\/\\\/schema.org\",\"@graph\":[{\"@type\":\"WebPage\",\"@id\":\"https:\\\/\\\/www.kliinikum.ee\\\/patoloogia\\\/uuringu-tellijatele\\\/tsutoloogiline-uuring\\\/\",\"url\":\"https:\\\/\\\/www.kliinikum.ee\\\/patoloogia\\\/uuringu-tellijatele\\\/tsutoloogiline-uuring\\\/\",\"name\":\"Ts\u00fctoloogiline uuring - Patoloogiateenistus\",\"isPartOf\":{\"@id\":\"https:\\\/\\\/www.kliinikum.ee\\\/patoloogia\\\/#website\"},\"datePublished\":\"2023-04-25T09:47:48+00:00\",\"dateModified\":\"2025-06-09T12:22:30+00:00\",\"breadcrumb\":{\"@id\":\"https:\\\/\\\/www.kliinikum.ee\\\/patoloogia\\\/uuringu-tellijatele\\\/tsutoloogiline-uuring\\\/#breadcrumb\"},\"inLanguage\":\"et\",\"potentialAction\":[{\"@type\":\"ReadAction\",\"target\":[\"https:\\\/\\\/www.kliinikum.ee\\\/patoloogia\\\/uuringu-tellijatele\\\/tsutoloogiline-uuring\\\/\"]}]},{\"@type\":\"BreadcrumbList\",\"@id\":\"https:\\\/\\\/www.kliinikum.ee\\\/patoloogia\\\/uuringu-tellijatele\\\/tsutoloogiline-uuring\\\/#breadcrumb\",\"itemListElement\":[{\"@type\":\"ListItem\",\"position\":1,\"name\":\"Home\",\"item\":\"https:\\\/\\\/www.kliinikum.ee\\\/patoloogia\\\/\"},{\"@type\":\"ListItem\",\"position\":2,\"name\":\"Uuringu tellijatele\",\"item\":\"https:\\\/\\\/www.kliinikum.ee\\\/patoloogia\\\/uuringu-tellijatele\\\/\"},{\"@type\":\"ListItem\",\"position\":3,\"name\":\"Ts\u00fctoloogiline uuring\"}]},{\"@type\":\"WebSite\",\"@id\":\"https:\\\/\\\/www.kliinikum.ee\\\/patoloogia\\\/#website\",\"url\":\"https:\\\/\\\/www.kliinikum.ee\\\/patoloogia\\\/\",\"name\":\"Patoloogiateenistus\",\"description\":\"Hoolivus, Uuendusmeelsus, P\u00e4devus ja Usaldusv\u00e4\u00e4rsus\",\"potentialAction\":[{\"@type\":\"SearchAction\",\"target\":{\"@type\":\"EntryPoint\",\"urlTemplate\":\"https:\\\/\\\/www.kliinikum.ee\\\/patoloogia\\\/?s={search_term_string}\"},\"query-input\":{\"@type\":\"PropertyValueSpecification\",\"valueRequired\":true,\"valueName\":\"search_term_string\"}}],\"inLanguage\":\"et\"}]}<\/script>\n<!-- \/ Yoast SEO plugin. -->","yoast_head_json":{"title":"Ts\u00fctoloogiline uuring - Patoloogiateenistus","robots":{"index":"index","follow":"follow","max-snippet":"max-snippet:-1","max-image-preview":"max-image-preview:large","max-video-preview":"max-video-preview:-1"},"canonical":"https:\/\/www.kliinikum.ee\/patoloogia\/uuringu-tellijatele\/tsutoloogiline-uuring\/","og_locale":"et_EE","og_type":"article","og_title":"Ts\u00fctoloogiline uuring - Patoloogiateenistus","og_description":"Ts\u00fctoloogiliste uuringute teostamise eesm\u00e4rk on rakumorfoloogia alusel tuvastada kudede ja elundite haiguslikud muutused sh kasvajalised protsessid. Ts\u00fctoloogilised uuringud on vedelikud, punktaadid, harjamaterjalid, puute- ja kaapepreparaadid. Proovimaterjalid peavad saabuma laborisse n\u00f5uetekohastes saateanumates, mis on markeeritud patsiendi identifitseeringuga (ees- ja perekonnanimi, isikukood) ja kaasas n\u00f5uetekohaselt t\u00e4idetud saatekiri ts\u00fctoloogilisele uuringule v\u00f5i programmis eHL digitaalselt vormistatud saatekirja v\u00e4ljatr\u00fckk paberkandjal. [&hellip;]","og_url":"https:\/\/www.kliinikum.ee\/patoloogia\/uuringu-tellijatele\/tsutoloogiline-uuring\/","og_site_name":"Patoloogiateenistus","article_modified_time":"2025-06-09T12:22:30+00:00","twitter_card":"summary_large_image","twitter_misc":{"Est. reading time":"1 minut"},"schema":{"@context":"https:\/\/schema.org","@graph":[{"@type":"WebPage","@id":"https:\/\/www.kliinikum.ee\/patoloogia\/uuringu-tellijatele\/tsutoloogiline-uuring\/","url":"https:\/\/www.kliinikum.ee\/patoloogia\/uuringu-tellijatele\/tsutoloogiline-uuring\/","name":"Ts\u00fctoloogiline uuring - Patoloogiateenistus","isPartOf":{"@id":"https:\/\/www.kliinikum.ee\/patoloogia\/#website"},"datePublished":"2023-04-25T09:47:48+00:00","dateModified":"2025-06-09T12:22:30+00:00","breadcrumb":{"@id":"https:\/\/www.kliinikum.ee\/patoloogia\/uuringu-tellijatele\/tsutoloogiline-uuring\/#breadcrumb"},"inLanguage":"et","potentialAction":[{"@type":"ReadAction","target":["https:\/\/www.kliinikum.ee\/patoloogia\/uuringu-tellijatele\/tsutoloogiline-uuring\/"]}]},{"@type":"BreadcrumbList","@id":"https:\/\/www.kliinikum.ee\/patoloogia\/uuringu-tellijatele\/tsutoloogiline-uuring\/#breadcrumb","itemListElement":[{"@type":"ListItem","position":1,"name":"Home","item":"https:\/\/www.kliinikum.ee\/patoloogia\/"},{"@type":"ListItem","position":2,"name":"Uuringu tellijatele","item":"https:\/\/www.kliinikum.ee\/patoloogia\/uuringu-tellijatele\/"},{"@type":"ListItem","position":3,"name":"Ts\u00fctoloogiline uuring"}]},{"@type":"WebSite","@id":"https:\/\/www.kliinikum.ee\/patoloogia\/#website","url":"https:\/\/www.kliinikum.ee\/patoloogia\/","name":"Patoloogiateenistus","description":"Hoolivus, Uuendusmeelsus, P\u00e4devus ja Usaldusv\u00e4\u00e4rsus","potentialAction":[{"@type":"SearchAction","target":{"@type":"EntryPoint","urlTemplate":"https:\/\/www.kliinikum.ee\/patoloogia\/?s={search_term_string}"},"query-input":{"@type":"PropertyValueSpecification","valueRequired":true,"valueName":"search_term_string"}}],"inLanguage":"et"}]}},"uagb_featured_image_src":{"full":false,"thumbnail":false,"medium":false,"medium_large":false,"large":false,"1536x1536":false,"2048x2048":false},"uagb_author_info":{"display_name":"Jane Freimann","author_link":"https:\/\/www.kliinikum.ee\/patoloogia\/author\/janef\/"},"uagb_comment_info":0,"uagb_excerpt":"Ts\u00fctoloogiliste uuringute teostamise eesm\u00e4rk on rakumorfoloogia alusel tuvastada kudede ja elundite haiguslikud muutused sh kasvajalised protsessid. Ts\u00fctoloogilised uuringud on vedelikud, punktaadid, harjamaterjalid, puute- ja kaapepreparaadid. Proovimaterjalid peavad saabuma laborisse n\u00f5uetekohastes saateanumates, mis on markeeritud patsiendi identifitseeringuga (ees- ja perekonnanimi, isikukood) ja kaasas n\u00f5uetekohaselt t\u00e4idetud saatekiri ts\u00fctoloogilisele uuringule v\u00f5i programmis eHL digitaalselt vormistatud saatekirja v\u00e4ljatr\u00fckk paberkandjal.&hellip;","_links":{"self":[{"href":"https:\/\/www.kliinikum.ee\/patoloogia\/wp-json\/wp\/v2\/pages\/5864","targetHints":{"allow":["GET"]}}],"collection":[{"href":"https:\/\/www.kliinikum.ee\/patoloogia\/wp-json\/wp\/v2\/pages"}],"about":[{"href":"https:\/\/www.kliinikum.ee\/patoloogia\/wp-json\/wp\/v2\/types\/page"}],"author":[{"embeddable":true,"href":"https:\/\/www.kliinikum.ee\/patoloogia\/wp-json\/wp\/v2\/users\/33"}],"replies":[{"embeddable":true,"href":"https:\/\/www.kliinikum.ee\/patoloogia\/wp-json\/wp\/v2\/comments?post=5864"}],"version-history":[{"count":0,"href":"https:\/\/www.kliinikum.ee\/patoloogia\/wp-json\/wp\/v2\/pages\/5864\/revisions"}],"up":[{"embeddable":true,"href":"https:\/\/www.kliinikum.ee\/patoloogia\/wp-json\/wp\/v2\/pages\/5845"}],"wp:attachment":[{"href":"https:\/\/www.kliinikum.ee\/patoloogia\/wp-json\/wp\/v2\/media?parent=5864"}],"curies":[{"name":"wp","href":"https:\/\/api.w.org\/{rel}","templated":true}]}}