{"id":5868,"date":"2023-04-25T11:49:26","date_gmt":"2023-04-25T09:49:26","guid":{"rendered":"https:\/\/www.kliinikum.ee\/patoloogia\/?page_id=5868"},"modified":"2023-09-15T13:43:04","modified_gmt":"2023-09-15T11:43:04","slug":"patoanatoomiline-lahang","status":"publish","type":"page","link":"https:\/\/www.kliinikum.ee\/patoloogia\/uuringu-tellijatele\/patoanatoomiline-lahang\/","title":{"rendered":"Patoanatoomiline lahang"},"content":{"rendered":"\n<p class=\"has-medium-font-size\">Patoanatoomiline lahang ehk autopsia on haiguste surmaj\u00e4rgne diagnostika, mille eesm\u00e4rgiks on surma p\u00f5hjuse selgitamine ja k\u00f5igi patsiendil esinenud haiguste m\u00e4\u00e4ramine ehk diagnoosimine. Patoanatoomilisele lahangule suunamist teostab raviarst v\u00f5i perearst vastavalt seaduses s\u00e4testatud juhtudel, muudel juhtudel surnu omaste v\u00f5i seadusliku esindaja kirjaliku n\u00f5usoleku v\u00f5i n\u00f5ude alusel. Lahangu viib l\u00e4bi eriarst ehk patoloog, kes vormistab ka lahangu protokolli ning surma p\u00f5hjuse teatise v\u00f5i perinataalsurma p\u00f5hjuse teatise. Patoanatoomilise lahangu protokoll v\u00e4ljastatakse lahangu tellinud arstile.&nbsp;<\/p>\n\n\n\n<h3 class=\"wp-block-heading\">Surnu suunamine patoanatoomilisele lahangule<\/h3>\n\n\n\n<p class=\"has-medium-font-size\"><strong>Kliinikumisiseselt toimub surnu transpordi tellimine telefonil\u00a0+372 5331 9099 (24\/7).\u00a0<\/strong><\/p>\n\n\n\n<ul class=\"wp-block-list\">\n<li>Programmi eHL kasutajad vormistavad elektroonse saatelehe surnu saatmiseks k\u00fclmkambrisse, prindivad kaks eksemplari v\u00e4lja, millest \u00fche lisavad haigusloole ja teise annavad surnu transportijale.&nbsp;<\/li>\n<\/ul>\n\n\n\n<p class=\"has-medium-font-size\">Patoanatoomilise lahangu teostamise aluseks on saatekiri. <\/p>\n\n\n\n<ul class=\"wp-block-list\">\n<li>Programmi eHL kasutajad vormistavad elektroonse tellimuse ja lisavad saatekirja v\u00e4ljaprindi haigusloole.&nbsp;<\/li>\n<\/ul>\n\n\n\n<ul class=\"wp-block-list\">\n<li>Programmi eHL-v\u00e4lise tellimuse vormistamiseks on vajalik t\u00e4ita <a href=\"https:\/\/www.kliinikum.ee\/patoloogia\/wp-content\/uploads\/2023\/05\/VPT-16_Saatekiri-patoanatoomilisele-lahangule_taidetav_02-2.pdf\" target=\"_blank\" rel=\"noreferrer noopener\">saatekiri patoanatoomilisele lahangule vorm<\/a> ning <a href=\"https:\/\/www.kliinikum.ee\/patoloogia\/wp-content\/uploads\/2023\/05\/VPT-17_Saateleht_surnu_saatmiseks_kulmkambrisse_taidetav_02-2.pdf\" target=\"_blank\" rel=\"noreferrer noopener\">saateleht surnu saatmiseks k\u00fclmkambrisse vorm<\/a>. T\u00e4idetud ja digiallkirjastatud dokumendid palun saata aadressil <a href=\"mailto:patoloogia@kliinikum.ee\">patoloogia@kliinikum.ee<\/a>. <\/li>\n<\/ul>\n\n\n\n<p class=\"has-medium-font-size\"><strong>Patoanatoomilisi lahanguid teostatakse ainult t\u00f6\u00f6p\u00e4eviti.\u00a0Info telefonilt +372 731 9939.<\/strong><\/p>\n","protected":false},"excerpt":{"rendered":"<p>Patoanatoomiline lahang ehk autopsia on haiguste surmaj\u00e4rgne diagnostika, mille eesm\u00e4rgiks on surma p\u00f5hjuse selgitamine ja k\u00f5igi patsiendil esinenud haiguste m\u00e4\u00e4ramine ehk diagnoosimine. Patoanatoomilisele lahangule suunamist teostab raviarst v\u00f5i perearst vastavalt seaduses s\u00e4testatud juhtudel, muudel juhtudel surnu omaste v\u00f5i seadusliku esindaja kirjaliku n\u00f5usoleku v\u00f5i n\u00f5ude alusel. Lahangu viib l\u00e4bi eriarst ehk patoloog, kes vormistab ka lahangu [&hellip;]<\/p>\n","protected":false},"author":33,"featured_media":0,"parent":5845,"menu_order":4,"comment_status":"closed","ping_status":"closed","template":"","meta":{"_acf_changed":false,"_uag_custom_page_level_css":"","footnotes":""},"class_list":["post-5868","page","type-page","status-publish","hentry"],"acf":[],"yoast_head":"<!-- This site is optimized with the Yoast SEO plugin v27.3 - https:\/\/yoast.com\/product\/yoast-seo-wordpress\/ -->\n<title>Patoanatoomiline lahang - Patoloogiateenistus<\/title>\n<meta name=\"robots\" content=\"index, follow, max-snippet:-1, max-image-preview:large, max-video-preview:-1\" \/>\n<link rel=\"canonical\" href=\"https:\/\/www.kliinikum.ee\/patoloogia\/uuringu-tellijatele\/patoanatoomiline-lahang\/\" \/>\n<meta property=\"og:locale\" content=\"et_EE\" \/>\n<meta property=\"og:type\" content=\"article\" \/>\n<meta property=\"og:title\" content=\"Patoanatoomiline lahang - Patoloogiateenistus\" \/>\n<meta property=\"og:description\" content=\"Patoanatoomiline lahang ehk autopsia on haiguste surmaj\u00e4rgne diagnostika, mille eesm\u00e4rgiks on surma p\u00f5hjuse selgitamine ja k\u00f5igi patsiendil esinenud haiguste m\u00e4\u00e4ramine ehk diagnoosimine. Patoanatoomilisele lahangule suunamist teostab raviarst v\u00f5i perearst vastavalt seaduses s\u00e4testatud juhtudel, muudel juhtudel surnu omaste v\u00f5i seadusliku esindaja kirjaliku n\u00f5usoleku v\u00f5i n\u00f5ude alusel. Lahangu viib l\u00e4bi eriarst ehk patoloog, kes vormistab ka lahangu [&hellip;]\" \/>\n<meta property=\"og:url\" content=\"https:\/\/www.kliinikum.ee\/patoloogia\/uuringu-tellijatele\/patoanatoomiline-lahang\/\" \/>\n<meta property=\"og:site_name\" content=\"Patoloogiateenistus\" \/>\n<meta property=\"article:modified_time\" content=\"2023-09-15T11:43:04+00:00\" \/>\n<meta name=\"twitter:card\" content=\"summary_large_image\" \/>\n<meta name=\"twitter:label1\" content=\"Est. reading time\" \/>\n\t<meta name=\"twitter:data1\" content=\"1 minut\" \/>\n<script type=\"application\/ld+json\" class=\"yoast-schema-graph\">{\"@context\":\"https:\\\/\\\/schema.org\",\"@graph\":[{\"@type\":\"WebPage\",\"@id\":\"https:\\\/\\\/www.kliinikum.ee\\\/patoloogia\\\/uuringu-tellijatele\\\/patoanatoomiline-lahang\\\/\",\"url\":\"https:\\\/\\\/www.kliinikum.ee\\\/patoloogia\\\/uuringu-tellijatele\\\/patoanatoomiline-lahang\\\/\",\"name\":\"Patoanatoomiline lahang - Patoloogiateenistus\",\"isPartOf\":{\"@id\":\"https:\\\/\\\/www.kliinikum.ee\\\/patoloogia\\\/#website\"},\"datePublished\":\"2023-04-25T09:49:26+00:00\",\"dateModified\":\"2023-09-15T11:43:04+00:00\",\"breadcrumb\":{\"@id\":\"https:\\\/\\\/www.kliinikum.ee\\\/patoloogia\\\/uuringu-tellijatele\\\/patoanatoomiline-lahang\\\/#breadcrumb\"},\"inLanguage\":\"et\",\"potentialAction\":[{\"@type\":\"ReadAction\",\"target\":[\"https:\\\/\\\/www.kliinikum.ee\\\/patoloogia\\\/uuringu-tellijatele\\\/patoanatoomiline-lahang\\\/\"]}]},{\"@type\":\"BreadcrumbList\",\"@id\":\"https:\\\/\\\/www.kliinikum.ee\\\/patoloogia\\\/uuringu-tellijatele\\\/patoanatoomiline-lahang\\\/#breadcrumb\",\"itemListElement\":[{\"@type\":\"ListItem\",\"position\":1,\"name\":\"Home\",\"item\":\"https:\\\/\\\/www.kliinikum.ee\\\/patoloogia\\\/\"},{\"@type\":\"ListItem\",\"position\":2,\"name\":\"Uuringu tellijatele\",\"item\":\"https:\\\/\\\/www.kliinikum.ee\\\/patoloogia\\\/uuringu-tellijatele\\\/\"},{\"@type\":\"ListItem\",\"position\":3,\"name\":\"Patoanatoomiline lahang\"}]},{\"@type\":\"WebSite\",\"@id\":\"https:\\\/\\\/www.kliinikum.ee\\\/patoloogia\\\/#website\",\"url\":\"https:\\\/\\\/www.kliinikum.ee\\\/patoloogia\\\/\",\"name\":\"Patoloogiateenistus\",\"description\":\"Hoolivus, Uuendusmeelsus, P\u00e4devus ja Usaldusv\u00e4\u00e4rsus\",\"potentialAction\":[{\"@type\":\"SearchAction\",\"target\":{\"@type\":\"EntryPoint\",\"urlTemplate\":\"https:\\\/\\\/www.kliinikum.ee\\\/patoloogia\\\/?s={search_term_string}\"},\"query-input\":{\"@type\":\"PropertyValueSpecification\",\"valueRequired\":true,\"valueName\":\"search_term_string\"}}],\"inLanguage\":\"et\"}]}<\/script>\n<!-- \/ Yoast SEO plugin. -->","yoast_head_json":{"title":"Patoanatoomiline lahang - Patoloogiateenistus","robots":{"index":"index","follow":"follow","max-snippet":"max-snippet:-1","max-image-preview":"max-image-preview:large","max-video-preview":"max-video-preview:-1"},"canonical":"https:\/\/www.kliinikum.ee\/patoloogia\/uuringu-tellijatele\/patoanatoomiline-lahang\/","og_locale":"et_EE","og_type":"article","og_title":"Patoanatoomiline lahang - Patoloogiateenistus","og_description":"Patoanatoomiline lahang ehk autopsia on haiguste surmaj\u00e4rgne diagnostika, mille eesm\u00e4rgiks on surma p\u00f5hjuse selgitamine ja k\u00f5igi patsiendil esinenud haiguste m\u00e4\u00e4ramine ehk diagnoosimine. Patoanatoomilisele lahangule suunamist teostab raviarst v\u00f5i perearst vastavalt seaduses s\u00e4testatud juhtudel, muudel juhtudel surnu omaste v\u00f5i seadusliku esindaja kirjaliku n\u00f5usoleku v\u00f5i n\u00f5ude alusel. Lahangu viib l\u00e4bi eriarst ehk patoloog, kes vormistab ka lahangu [&hellip;]","og_url":"https:\/\/www.kliinikum.ee\/patoloogia\/uuringu-tellijatele\/patoanatoomiline-lahang\/","og_site_name":"Patoloogiateenistus","article_modified_time":"2023-09-15T11:43:04+00:00","twitter_card":"summary_large_image","twitter_misc":{"Est. reading time":"1 minut"},"schema":{"@context":"https:\/\/schema.org","@graph":[{"@type":"WebPage","@id":"https:\/\/www.kliinikum.ee\/patoloogia\/uuringu-tellijatele\/patoanatoomiline-lahang\/","url":"https:\/\/www.kliinikum.ee\/patoloogia\/uuringu-tellijatele\/patoanatoomiline-lahang\/","name":"Patoanatoomiline lahang - Patoloogiateenistus","isPartOf":{"@id":"https:\/\/www.kliinikum.ee\/patoloogia\/#website"},"datePublished":"2023-04-25T09:49:26+00:00","dateModified":"2023-09-15T11:43:04+00:00","breadcrumb":{"@id":"https:\/\/www.kliinikum.ee\/patoloogia\/uuringu-tellijatele\/patoanatoomiline-lahang\/#breadcrumb"},"inLanguage":"et","potentialAction":[{"@type":"ReadAction","target":["https:\/\/www.kliinikum.ee\/patoloogia\/uuringu-tellijatele\/patoanatoomiline-lahang\/"]}]},{"@type":"BreadcrumbList","@id":"https:\/\/www.kliinikum.ee\/patoloogia\/uuringu-tellijatele\/patoanatoomiline-lahang\/#breadcrumb","itemListElement":[{"@type":"ListItem","position":1,"name":"Home","item":"https:\/\/www.kliinikum.ee\/patoloogia\/"},{"@type":"ListItem","position":2,"name":"Uuringu tellijatele","item":"https:\/\/www.kliinikum.ee\/patoloogia\/uuringu-tellijatele\/"},{"@type":"ListItem","position":3,"name":"Patoanatoomiline lahang"}]},{"@type":"WebSite","@id":"https:\/\/www.kliinikum.ee\/patoloogia\/#website","url":"https:\/\/www.kliinikum.ee\/patoloogia\/","name":"Patoloogiateenistus","description":"Hoolivus, Uuendusmeelsus, P\u00e4devus ja Usaldusv\u00e4\u00e4rsus","potentialAction":[{"@type":"SearchAction","target":{"@type":"EntryPoint","urlTemplate":"https:\/\/www.kliinikum.ee\/patoloogia\/?s={search_term_string}"},"query-input":{"@type":"PropertyValueSpecification","valueRequired":true,"valueName":"search_term_string"}}],"inLanguage":"et"}]}},"uagb_featured_image_src":{"full":false,"thumbnail":false,"medium":false,"medium_large":false,"large":false,"1536x1536":false,"2048x2048":false},"uagb_author_info":{"display_name":"Jane Freimann","author_link":"https:\/\/www.kliinikum.ee\/patoloogia\/author\/janef\/"},"uagb_comment_info":0,"uagb_excerpt":"Patoanatoomiline lahang ehk autopsia on haiguste surmaj\u00e4rgne diagnostika, mille eesm\u00e4rgiks on surma p\u00f5hjuse selgitamine ja k\u00f5igi patsiendil esinenud haiguste m\u00e4\u00e4ramine ehk diagnoosimine. Patoanatoomilisele lahangule suunamist teostab raviarst v\u00f5i perearst vastavalt seaduses s\u00e4testatud juhtudel, muudel juhtudel surnu omaste v\u00f5i seadusliku esindaja kirjaliku n\u00f5usoleku v\u00f5i n\u00f5ude alusel. Lahangu viib l\u00e4bi eriarst ehk patoloog, kes vormistab ka lahangu&hellip;","_links":{"self":[{"href":"https:\/\/www.kliinikum.ee\/patoloogia\/wp-json\/wp\/v2\/pages\/5868","targetHints":{"allow":["GET"]}}],"collection":[{"href":"https:\/\/www.kliinikum.ee\/patoloogia\/wp-json\/wp\/v2\/pages"}],"about":[{"href":"https:\/\/www.kliinikum.ee\/patoloogia\/wp-json\/wp\/v2\/types\/page"}],"author":[{"embeddable":true,"href":"https:\/\/www.kliinikum.ee\/patoloogia\/wp-json\/wp\/v2\/users\/33"}],"replies":[{"embeddable":true,"href":"https:\/\/www.kliinikum.ee\/patoloogia\/wp-json\/wp\/v2\/comments?post=5868"}],"version-history":[{"count":0,"href":"https:\/\/www.kliinikum.ee\/patoloogia\/wp-json\/wp\/v2\/pages\/5868\/revisions"}],"up":[{"embeddable":true,"href":"https:\/\/www.kliinikum.ee\/patoloogia\/wp-json\/wp\/v2\/pages\/5845"}],"wp:attachment":[{"href":"https:\/\/www.kliinikum.ee\/patoloogia\/wp-json\/wp\/v2\/media?parent=5868"}],"curies":[{"name":"wp","href":"https:\/\/api.w.org\/{rel}","templated":true}]}}