{"id":66,"date":"2022-11-18T09:14:21","date_gmt":"2022-11-18T09:14:21","guid":{"rendered":"http:\/\/localhost\/?page_id=66"},"modified":"2026-04-07T07:26:31","modified_gmt":"2026-04-07T05:26:31","slug":"tootajad","status":"publish","type":"page","link":"https:\/\/www.kliinikum.ee\/patoloogia\/tootajad\/","title":{"rendered":"T\u00f6\u00f6tajad"},"content":{"rendered":"\n<figure class=\"wp-block-table\"><table><tbody><tr><td><\/td><td><\/td><td><\/td><\/tr><tr><td><mark style=\"background-color:rgba(0, 0, 0, 0)\" class=\"has-inline-color has-vivid-cyan-blue-color\">Administratsioon<\/mark><\/td><td><\/td><td><\/td><\/tr><tr><td>Margus Reimann<\/td><td>teenistuse juht<br>arst-\u00f5ppej\u00f5ud patoloogia erialal<\/td><td>731 9693<br>5331 9693<br><a href=\"mailto:margus.reimann@kliinikum.ee\">margus.reimann@kliinikum.ee<\/a><\/td><\/tr><tr><td>Piret M\u00e4ngel<\/td><td>teenistuse juhtiv bioanal\u00fc\u00fctik<\/td><td>731 9683<br>5331 9683<br><a href=\"mailto:piret.mangel@kliinikum.ee\">piret.mangel@kliinikum.ee<\/a><\/td><\/tr><tr><td><\/td><td><\/td><td><\/td><\/tr><tr><td><mark style=\"background-color:rgba(0, 0, 0, 0)\" class=\"has-inline-color has-vivid-cyan-blue-color\">Patoloogid<\/mark><\/td><td><\/td><td><\/td><\/tr><tr><td>\u017divile Riispere&nbsp;<\/td><td>vanemarst-\u00f5ppej\u00f5ud patoloogia erialal<\/td><td>731 9716<br><a href=\"mailto:zivile.riispere@kliinikum.ee\">zivile.riispere@kliinikum.ee<\/a><\/td><\/tr><tr><td>Hannes Tamm<\/td><td>vanemarst-\u00f5ppej\u00f5ud patoloogia erialal<\/td><td>731 9686<br><a href=\"mailto:hannes.tamm@kliinikum.ee\">hannes.tamm@kliinikum.ee<\/a><\/td><\/tr><tr><td>Liis Salum\u00e4e<\/td><td>\u00fclemarst-\u00f5ppej\u00f5ud patoloogia erialal<\/td><td>731 9919<br>5331 9919<br><a href=\"mailto:liis.salumae@kliinikum.ee\">liis.salumae@kliinikum.ee<\/a><\/td><\/tr><tr><td>Annely Laas&nbsp;<\/td><td>arst-\u00f5ppej\u00f5ud ts\u00fctoloogia erialal<\/td><td>731 9686<br><a href=\"mailto:annely.laas@kliinikum.ee\">annely.laas@kliinikum.ee<\/a><\/td><\/tr><tr><td>Maret Murde<\/td><td>arst-\u00f5ppej\u00f5ud patoloogia erialal<\/td><td>731 9716<br><a href=\"mailto:maret.murde@kliinikum.ee\">maret.murde@kliinikum.ee<\/a><\/td><\/tr><tr><td>Joosep Seppet<\/td><td>arst-\u00f5ppej\u00f5ud patoloogia erialal<\/td><td>731 9715<br><a href=\"mailto:joosep.seppet@kliinikum.ee\">joosep.seppet@kliinikum.ee<\/a><\/td><\/tr><tr><td>Siim Siigur<\/td><td>arst-\u00f5ppej\u00f5ud patoloogia erialal<\/td><td>731 9696<br><a href=\"mailto:siim.siigur@kliinikum.ee\">siim.siigur@kliinikum.ee<\/a><\/td><\/tr><tr><td>Kristjan Trink&nbsp;<\/td><td>arst-\u00f5ppej\u00f5ud patoloogia erialal<\/td><td>731 9696<br><a href=\"mailto:kristjan.trink@kliinikum.ee\">kristjan.trink@kliinikum.ee<\/a><\/td><\/tr><tr><td>Kati Belit\u0161kina<\/td><td>patoloog<\/td><td><a href=\"mailto:kati.belitskina@kliinikum.ee\">kati.belitskina@kliinikum.ee<\/a><\/td><\/tr><tr><td>Sander Lupp<\/td><td>patoloog<\/td><td>731 9690<br><a href=\"mailto:sander.lupp@kliinikum.ee\">sander.lupp@kliinikum.ee<\/a><\/td><\/tr><tr><td>Kaarel Reim<\/td><td>patoloog<\/td><td>731 9715<br><a href=\"mailto:kaarel.reim@kliinikum.ee\">kaarel.reim@kliinikum.ee <\/a><\/td><\/tr><tr><td>Lea Tempel<\/td><td>patoloog<\/td><td>731 9688<br><a href=\"mailto:lea.tempel@kliinikum.ee\">lea.tempel@kliinikum.ee<\/a><\/td><\/tr><tr><td>Liisi Anette Torop<\/td><td>patoloog<\/td><td>731 9690<br><a href=\"mailto:liisianette.torop@kliinikum.ee\">liisianette.torop@kliinikum.ee<\/a><\/td><\/tr><tr><td>Liis Vahesaar&nbsp;<\/td><td>patoloog<\/td><td>731 9688<br><a href=\"mailto:liis.vahesaar@kliinikum.ee\">liis.vahesaar@kliinikum.ee<\/a><\/td><\/tr><tr><td><\/td><td>arst-residendid<\/td><td>731 9694<\/td><\/tr><tr><td><\/td><td><\/td><td><\/td><\/tr><tr><td><\/td><td><\/td><td><\/td><\/tr><tr><td><mark style=\"background-color:rgba(0, 0, 0, 0)\" class=\"has-inline-color has-vivid-cyan-blue-color\">Labor<\/mark><\/td><td><\/td><td><\/td><\/tr><tr><td>Merje Jakobson<\/td><td>osakonna juhtiv bioanal\u00fc\u00fctik<\/td><td>731 9684<br>5331 9684<br><a href=\"mailto:merje.jakobson@kliinikum.ee\">merje.jakobson@kliinikum.ee<\/a><\/td><\/tr><tr><td>Maarika Dapon<\/td><td>vastutav bioanal\u00fc\u00fctik (histoloogia)<\/td><td>731 9684<br>5331 9689<br><a href=\"mailto:maarika.dapon@kliinikum.ee\">maarika.dapon@kliinikum.ee<\/a><\/td><\/tr><tr><td>Hannaliis Ansip<\/td><td>vastutav bioanal\u00fc\u00fctik (ts\u00fctoloogia)<\/td><td>731 9937<br>5553 1687<br><a href=\"mailto:hannaliis.ansip@kliinikum.ee\">hannaliis.ansip@kliinikum.ee<\/a><\/td><\/tr><tr><td>Margarita M\u00fcrk<\/td><td>laborispetsialist <br>(immuunhistokeemia ja eriv\u00e4rvingud)<\/td><td>731 9937<br>5331 9217<br><a href=\"mailto:margarita.murk@kliinikum.ee\">margarita.murk@kliinikum.ee<\/a><\/td><\/tr><tr><td><\/td><td><\/td><td><\/td><\/tr><tr><td><strong><mark style=\"background-color:rgba(0, 0, 0, 0)\" class=\"has-inline-color has-vivid-cyan-blue-color\">Sekret\u00e4rid<\/mark><\/strong><\/td><td><\/td><td><\/td><\/tr><tr><td>K\u00e4tlin M\u00e4ndmets-Tiisler<\/td><td>teenistuse sekret\u00e4r<\/td><td>731 9939<br><a href=\"mailto:patoloogia@kliinikum.ee\">patoloogia@kliinikum.ee<\/a><\/td><\/tr><tr><td><\/td><td>osakonna sekret\u00e4rid<\/td><td>731 9699<br>731 9697<br><a href=\"mailto:patoloogia@kliinikum.ee\">patoloogia@kliinikum.ee<\/a><\/td><\/tr><\/tbody><\/table><\/figure>\n\n\n\n<p><\/p>\n","protected":false},"excerpt":{"rendered":"<p>Administratsioon Margus Reimann teenistuse juhtarst-\u00f5ppej\u00f5ud patoloogia erialal 731 96935331 9693margus.reimann@kliinikum.ee Piret M\u00e4ngel teenistuse juhtiv bioanal\u00fc\u00fctik 731 96835331 9683piret.mangel@kliinikum.ee Patoloogid \u017divile Riispere&nbsp; vanemarst-\u00f5ppej\u00f5ud patoloogia erialal 731 9716zivile.riispere@kliinikum.ee Hannes Tamm vanemarst-\u00f5ppej\u00f5ud patoloogia erialal 731 9686hannes.tamm@kliinikum.ee Liis Salum\u00e4e \u00fclemarst-\u00f5ppej\u00f5ud patoloogia erialal 731 99195331 9919liis.salumae@kliinikum.ee Annely Laas&nbsp; arst-\u00f5ppej\u00f5ud ts\u00fctoloogia erialal 731 9686annely.laas@kliinikum.ee Maret Murde arst-\u00f5ppej\u00f5ud patoloogia erialal 731 9716maret.murde@kliinikum.ee [&hellip;]<\/p>\n","protected":false},"author":32,"featured_media":0,"parent":0,"menu_order":0,"comment_status":"closed","ping_status":"closed","template":"","meta":{"_acf_changed":false,"_uag_custom_page_level_css":"","footnotes":""},"class_list":["post-66","page","type-page","status-publish","hentry"],"acf":[],"yoast_head":"<!-- This site is optimized with the Yoast SEO plugin v27.3 - https:\/\/yoast.com\/product\/yoast-seo-wordpress\/ -->\n<title>T\u00f6\u00f6tajad - Patoloogiateenistus<\/title>\n<meta name=\"robots\" content=\"index, follow, max-snippet:-1, max-image-preview:large, max-video-preview:-1\" \/>\n<link rel=\"canonical\" href=\"https:\/\/www.kliinikum.ee\/patoloogia\/tootajad\/\" \/>\n<meta property=\"og:locale\" content=\"et_EE\" \/>\n<meta property=\"og:type\" content=\"article\" \/>\n<meta property=\"og:title\" content=\"T\u00f6\u00f6tajad - Patoloogiateenistus\" \/>\n<meta property=\"og:description\" content=\"Administratsioon Margus Reimann teenistuse juhtarst-\u00f5ppej\u00f5ud patoloogia erialal 731 96935331 9693margus.reimann@kliinikum.ee Piret M\u00e4ngel teenistuse juhtiv bioanal\u00fc\u00fctik 731 96835331 9683piret.mangel@kliinikum.ee Patoloogid \u017divile Riispere&nbsp; vanemarst-\u00f5ppej\u00f5ud patoloogia erialal 731 9716zivile.riispere@kliinikum.ee Hannes Tamm vanemarst-\u00f5ppej\u00f5ud patoloogia erialal 731 9686hannes.tamm@kliinikum.ee Liis Salum\u00e4e \u00fclemarst-\u00f5ppej\u00f5ud patoloogia erialal 731 99195331 9919liis.salumae@kliinikum.ee Annely Laas&nbsp; arst-\u00f5ppej\u00f5ud ts\u00fctoloogia erialal 731 9686annely.laas@kliinikum.ee Maret Murde arst-\u00f5ppej\u00f5ud patoloogia erialal 731 9716maret.murde@kliinikum.ee [&hellip;]\" \/>\n<meta property=\"og:url\" content=\"https:\/\/www.kliinikum.ee\/patoloogia\/tootajad\/\" \/>\n<meta property=\"og:site_name\" content=\"Patoloogiateenistus\" \/>\n<meta property=\"article:modified_time\" content=\"2026-04-07T05:26:31+00:00\" \/>\n<meta name=\"twitter:card\" content=\"summary_large_image\" \/>\n<meta name=\"twitter:label1\" content=\"Est. reading time\" \/>\n\t<meta name=\"twitter:data1\" content=\"2 minutit\" \/>\n<script type=\"application\/ld+json\" class=\"yoast-schema-graph\">{\"@context\":\"https:\\\/\\\/schema.org\",\"@graph\":[{\"@type\":\"WebPage\",\"@id\":\"https:\\\/\\\/www.kliinikum.ee\\\/patoloogia\\\/tootajad\\\/\",\"url\":\"https:\\\/\\\/www.kliinikum.ee\\\/patoloogia\\\/tootajad\\\/\",\"name\":\"T\u00f6\u00f6tajad - Patoloogiateenistus\",\"isPartOf\":{\"@id\":\"https:\\\/\\\/www.kliinikum.ee\\\/patoloogia\\\/#website\"},\"datePublished\":\"2022-11-18T09:14:21+00:00\",\"dateModified\":\"2026-04-07T05:26:31+00:00\",\"breadcrumb\":{\"@id\":\"https:\\\/\\\/www.kliinikum.ee\\\/patoloogia\\\/tootajad\\\/#breadcrumb\"},\"inLanguage\":\"et\",\"potentialAction\":[{\"@type\":\"ReadAction\",\"target\":[\"https:\\\/\\\/www.kliinikum.ee\\\/patoloogia\\\/tootajad\\\/\"]}]},{\"@type\":\"BreadcrumbList\",\"@id\":\"https:\\\/\\\/www.kliinikum.ee\\\/patoloogia\\\/tootajad\\\/#breadcrumb\",\"itemListElement\":[{\"@type\":\"ListItem\",\"position\":1,\"name\":\"Home\",\"item\":\"https:\\\/\\\/www.kliinikum.ee\\\/patoloogia\\\/\"},{\"@type\":\"ListItem\",\"position\":2,\"name\":\"T\u00f6\u00f6tajad\"}]},{\"@type\":\"WebSite\",\"@id\":\"https:\\\/\\\/www.kliinikum.ee\\\/patoloogia\\\/#website\",\"url\":\"https:\\\/\\\/www.kliinikum.ee\\\/patoloogia\\\/\",\"name\":\"Patoloogiateenistus\",\"description\":\"Hoolivus, Uuendusmeelsus, P\u00e4devus ja Usaldusv\u00e4\u00e4rsus\",\"potentialAction\":[{\"@type\":\"SearchAction\",\"target\":{\"@type\":\"EntryPoint\",\"urlTemplate\":\"https:\\\/\\\/www.kliinikum.ee\\\/patoloogia\\\/?s={search_term_string}\"},\"query-input\":{\"@type\":\"PropertyValueSpecification\",\"valueRequired\":true,\"valueName\":\"search_term_string\"}}],\"inLanguage\":\"et\"}]}<\/script>\n<!-- \/ Yoast SEO plugin. -->","yoast_head_json":{"title":"T\u00f6\u00f6tajad - Patoloogiateenistus","robots":{"index":"index","follow":"follow","max-snippet":"max-snippet:-1","max-image-preview":"max-image-preview:large","max-video-preview":"max-video-preview:-1"},"canonical":"https:\/\/www.kliinikum.ee\/patoloogia\/tootajad\/","og_locale":"et_EE","og_type":"article","og_title":"T\u00f6\u00f6tajad - Patoloogiateenistus","og_description":"Administratsioon Margus Reimann teenistuse juhtarst-\u00f5ppej\u00f5ud patoloogia erialal 731 96935331 9693margus.reimann@kliinikum.ee Piret M\u00e4ngel teenistuse juhtiv bioanal\u00fc\u00fctik 731 96835331 9683piret.mangel@kliinikum.ee Patoloogid \u017divile Riispere&nbsp; vanemarst-\u00f5ppej\u00f5ud patoloogia erialal 731 9716zivile.riispere@kliinikum.ee Hannes Tamm vanemarst-\u00f5ppej\u00f5ud patoloogia erialal 731 9686hannes.tamm@kliinikum.ee Liis Salum\u00e4e \u00fclemarst-\u00f5ppej\u00f5ud patoloogia erialal 731 99195331 9919liis.salumae@kliinikum.ee Annely Laas&nbsp; arst-\u00f5ppej\u00f5ud ts\u00fctoloogia erialal 731 9686annely.laas@kliinikum.ee Maret Murde arst-\u00f5ppej\u00f5ud patoloogia erialal 731 9716maret.murde@kliinikum.ee [&hellip;]","og_url":"https:\/\/www.kliinikum.ee\/patoloogia\/tootajad\/","og_site_name":"Patoloogiateenistus","article_modified_time":"2026-04-07T05:26:31+00:00","twitter_card":"summary_large_image","twitter_misc":{"Est. reading time":"2 minutit"},"schema":{"@context":"https:\/\/schema.org","@graph":[{"@type":"WebPage","@id":"https:\/\/www.kliinikum.ee\/patoloogia\/tootajad\/","url":"https:\/\/www.kliinikum.ee\/patoloogia\/tootajad\/","name":"T\u00f6\u00f6tajad - Patoloogiateenistus","isPartOf":{"@id":"https:\/\/www.kliinikum.ee\/patoloogia\/#website"},"datePublished":"2022-11-18T09:14:21+00:00","dateModified":"2026-04-07T05:26:31+00:00","breadcrumb":{"@id":"https:\/\/www.kliinikum.ee\/patoloogia\/tootajad\/#breadcrumb"},"inLanguage":"et","potentialAction":[{"@type":"ReadAction","target":["https:\/\/www.kliinikum.ee\/patoloogia\/tootajad\/"]}]},{"@type":"BreadcrumbList","@id":"https:\/\/www.kliinikum.ee\/patoloogia\/tootajad\/#breadcrumb","itemListElement":[{"@type":"ListItem","position":1,"name":"Home","item":"https:\/\/www.kliinikum.ee\/patoloogia\/"},{"@type":"ListItem","position":2,"name":"T\u00f6\u00f6tajad"}]},{"@type":"WebSite","@id":"https:\/\/www.kliinikum.ee\/patoloogia\/#website","url":"https:\/\/www.kliinikum.ee\/patoloogia\/","name":"Patoloogiateenistus","description":"Hoolivus, Uuendusmeelsus, P\u00e4devus ja Usaldusv\u00e4\u00e4rsus","potentialAction":[{"@type":"SearchAction","target":{"@type":"EntryPoint","urlTemplate":"https:\/\/www.kliinikum.ee\/patoloogia\/?s={search_term_string}"},"query-input":{"@type":"PropertyValueSpecification","valueRequired":true,"valueName":"search_term_string"}}],"inLanguage":"et"}]}},"uagb_featured_image_src":{"full":false,"thumbnail":false,"medium":false,"medium_large":false,"large":false,"1536x1536":false,"2048x2048":false},"uagb_author_info":{"display_name":"erkky","author_link":"https:\/\/www.kliinikum.ee\/patoloogia\/author\/erkky\/"},"uagb_comment_info":0,"uagb_excerpt":"Administratsioon Margus Reimann teenistuse juhtarst-\u00f5ppej\u00f5ud patoloogia erialal 731 96935331 9693margus.reimann@kliinikum.ee Piret M\u00e4ngel teenistuse juhtiv bioanal\u00fc\u00fctik 731 96835331 9683piret.mangel@kliinikum.ee Patoloogid \u017divile Riispere&nbsp; vanemarst-\u00f5ppej\u00f5ud patoloogia erialal 731 9716zivile.riispere@kliinikum.ee Hannes Tamm vanemarst-\u00f5ppej\u00f5ud patoloogia erialal 731 9686hannes.tamm@kliinikum.ee Liis Salum\u00e4e \u00fclemarst-\u00f5ppej\u00f5ud patoloogia erialal 731 99195331 9919liis.salumae@kliinikum.ee Annely Laas&nbsp; arst-\u00f5ppej\u00f5ud ts\u00fctoloogia erialal 731 9686annely.laas@kliinikum.ee Maret Murde arst-\u00f5ppej\u00f5ud patoloogia erialal 731 9716maret.murde@kliinikum.ee&hellip;","_links":{"self":[{"href":"https:\/\/www.kliinikum.ee\/patoloogia\/wp-json\/wp\/v2\/pages\/66","targetHints":{"allow":["GET"]}}],"collection":[{"href":"https:\/\/www.kliinikum.ee\/patoloogia\/wp-json\/wp\/v2\/pages"}],"about":[{"href":"https:\/\/www.kliinikum.ee\/patoloogia\/wp-json\/wp\/v2\/types\/page"}],"author":[{"embeddable":true,"href":"https:\/\/www.kliinikum.ee\/patoloogia\/wp-json\/wp\/v2\/users\/32"}],"replies":[{"embeddable":true,"href":"https:\/\/www.kliinikum.ee\/patoloogia\/wp-json\/wp\/v2\/comments?post=66"}],"version-history":[{"count":0,"href":"https:\/\/www.kliinikum.ee\/patoloogia\/wp-json\/wp\/v2\/pages\/66\/revisions"}],"wp:attachment":[{"href":"https:\/\/www.kliinikum.ee\/patoloogia\/wp-json\/wp\/v2\/media?parent=66"}],"curies":[{"name":"wp","href":"https:\/\/api.w.org\/{rel}","templated":true}]}}