{"id":4518,"date":"2022-11-22T12:09:51","date_gmt":"2022-11-22T12:09:51","guid":{"rendered":"https:\/\/kliinikum.ee\/psyhhiaatriakliinik\/clinics\/"},"modified":"2022-12-16T11:10:08","modified_gmt":"2022-12-16T11:10:08","slug":"clinics","status":"publish","type":"page","link":"https:\/\/www.kliinikum.ee\/psyhhiaatriakliinik\/en\/clinics\/","title":{"rendered":"Clinics"},"content":{"rendered":"\n<p>test 123<\/p>\n\n\n\n<p>Praesent commodo cursus magna, vel scelerisque nisl consectetur et. Nullam quis risus eget urna mollis ornare vel eu leo. Nullam id dolor id nibh ultricies vehicula ut id elit. Nulla vitae elit libero, a pharetra augue.<\/p>\n\n\n\n<p><\/p>\n","protected":false},"excerpt":{"rendered":"<p>test 123 Praesent commodo cursus magna, vel scelerisque nisl consectetur et. Nullam quis risus eget urna mollis ornare vel eu leo. Nullam id dolor id nibh ultricies vehicula ut id elit. Nulla vitae elit libero, a pharetra augue.<\/p>\n","protected":false},"author":30,"featured_media":0,"parent":0,"menu_order":0,"comment_status":"closed","ping_status":"closed","template":"","meta":{"_acf_changed":false,"_uag_custom_page_level_css":"","footnotes":""},"class_list":["post-4518","page","type-page","status-publish","hentry"],"acf":[],"yoast_head":"<!-- This site is optimized with the Yoast SEO plugin v27.3 - https:\/\/yoast.com\/product\/yoast-seo-wordpress\/ -->\n<title>Clinics - Ps\u00fchhiaatriakliinik<\/title>\n<meta name=\"robots\" content=\"index, follow, max-snippet:-1, max-image-preview:large, max-video-preview:-1\" \/>\n<link rel=\"canonical\" href=\"https:\/\/www.kliinikum.ee\/psyhhiaatriakliinik\/en\/clinics\/\" \/>\n<meta property=\"og:locale\" content=\"en_US\" \/>\n<meta property=\"og:type\" content=\"article\" \/>\n<meta property=\"og:title\" content=\"Clinics - Ps\u00fchhiaatriakliinik\" \/>\n<meta property=\"og:description\" content=\"test 123 Praesent commodo cursus magna, vel scelerisque nisl consectetur et. Nullam quis risus eget urna mollis ornare vel eu leo. Nullam id dolor id nibh ultricies vehicula ut id elit. Nulla vitae elit libero, a pharetra augue.\" \/>\n<meta property=\"og:url\" content=\"https:\/\/www.kliinikum.ee\/psyhhiaatriakliinik\/en\/clinics\/\" \/>\n<meta property=\"og:site_name\" content=\"Ps\u00fchhiaatriakliinik\" \/>\n<meta property=\"article:modified_time\" content=\"2022-12-16T11:10:08+00:00\" \/>\n<meta name=\"twitter:card\" content=\"summary_large_image\" \/>\n<meta name=\"twitter:label1\" content=\"Est. reading time\" \/>\n\t<meta name=\"twitter:data1\" content=\"1 minute\" \/>\n<script type=\"application\/ld+json\" class=\"yoast-schema-graph\">{\"@context\":\"https:\\\/\\\/schema.org\",\"@graph\":[{\"@type\":\"WebPage\",\"@id\":\"https:\\\/\\\/www.kliinikum.ee\\\/psyhhiaatriakliinik\\\/en\\\/clinics\\\/\",\"url\":\"https:\\\/\\\/www.kliinikum.ee\\\/psyhhiaatriakliinik\\\/en\\\/clinics\\\/\",\"name\":\"Clinics - Ps\u00fchhiaatriakliinik\",\"isPartOf\":{\"@id\":\"https:\\\/\\\/www.kliinikum.ee\\\/psyhhiaatriakliinik\\\/en\\\/#website\"},\"datePublished\":\"2022-11-22T12:09:51+00:00\",\"dateModified\":\"2022-12-16T11:10:08+00:00\",\"breadcrumb\":{\"@id\":\"https:\\\/\\\/www.kliinikum.ee\\\/psyhhiaatriakliinik\\\/en\\\/clinics\\\/#breadcrumb\"},\"inLanguage\":\"en-US\",\"potentialAction\":[{\"@type\":\"ReadAction\",\"target\":[\"https:\\\/\\\/www.kliinikum.ee\\\/psyhhiaatriakliinik\\\/en\\\/clinics\\\/\"]}]},{\"@type\":\"BreadcrumbList\",\"@id\":\"https:\\\/\\\/www.kliinikum.ee\\\/psyhhiaatriakliinik\\\/en\\\/clinics\\\/#breadcrumb\",\"itemListElement\":[{\"@type\":\"ListItem\",\"position\":1,\"name\":\"Home\",\"item\":\"https:\\\/\\\/www.kliinikum.ee\\\/psyhhiaatriakliinik\\\/en\\\/\"},{\"@type\":\"ListItem\",\"position\":2,\"name\":\"Clinics\"}]},{\"@type\":\"WebSite\",\"@id\":\"https:\\\/\\\/www.kliinikum.ee\\\/psyhhiaatriakliinik\\\/en\\\/#website\",\"url\":\"https:\\\/\\\/www.kliinikum.ee\\\/psyhhiaatriakliinik\\\/en\\\/\",\"name\":\"Ps\u00fchhiaatriakliinik\",\"description\":\"Hoolivus, Uuendusmeelsus, P\u00e4devus ja Usaldusv\u00e4\u00e4rsus\",\"potentialAction\":[{\"@type\":\"SearchAction\",\"target\":{\"@type\":\"EntryPoint\",\"urlTemplate\":\"https:\\\/\\\/www.kliinikum.ee\\\/psyhhiaatriakliinik\\\/en\\\/?s={search_term_string}\"},\"query-input\":{\"@type\":\"PropertyValueSpecification\",\"valueRequired\":true,\"valueName\":\"search_term_string\"}}],\"inLanguage\":\"en-US\"}]}<\/script>\n<!-- \/ Yoast SEO plugin. -->","yoast_head_json":{"title":"Clinics - Ps\u00fchhiaatriakliinik","robots":{"index":"index","follow":"follow","max-snippet":"max-snippet:-1","max-image-preview":"max-image-preview:large","max-video-preview":"max-video-preview:-1"},"canonical":"https:\/\/www.kliinikum.ee\/psyhhiaatriakliinik\/en\/clinics\/","og_locale":"en_US","og_type":"article","og_title":"Clinics - Ps\u00fchhiaatriakliinik","og_description":"test 123 Praesent commodo cursus magna, vel scelerisque nisl consectetur et. Nullam quis risus eget urna mollis ornare vel eu leo. Nullam id dolor id nibh ultricies vehicula ut id elit. Nulla vitae elit libero, a pharetra augue.","og_url":"https:\/\/www.kliinikum.ee\/psyhhiaatriakliinik\/en\/clinics\/","og_site_name":"Ps\u00fchhiaatriakliinik","article_modified_time":"2022-12-16T11:10:08+00:00","twitter_card":"summary_large_image","twitter_misc":{"Est. reading time":"1 minute"},"schema":{"@context":"https:\/\/schema.org","@graph":[{"@type":"WebPage","@id":"https:\/\/www.kliinikum.ee\/psyhhiaatriakliinik\/en\/clinics\/","url":"https:\/\/www.kliinikum.ee\/psyhhiaatriakliinik\/en\/clinics\/","name":"Clinics - Ps\u00fchhiaatriakliinik","isPartOf":{"@id":"https:\/\/www.kliinikum.ee\/psyhhiaatriakliinik\/en\/#website"},"datePublished":"2022-11-22T12:09:51+00:00","dateModified":"2022-12-16T11:10:08+00:00","breadcrumb":{"@id":"https:\/\/www.kliinikum.ee\/psyhhiaatriakliinik\/en\/clinics\/#breadcrumb"},"inLanguage":"en-US","potentialAction":[{"@type":"ReadAction","target":["https:\/\/www.kliinikum.ee\/psyhhiaatriakliinik\/en\/clinics\/"]}]},{"@type":"BreadcrumbList","@id":"https:\/\/www.kliinikum.ee\/psyhhiaatriakliinik\/en\/clinics\/#breadcrumb","itemListElement":[{"@type":"ListItem","position":1,"name":"Home","item":"https:\/\/www.kliinikum.ee\/psyhhiaatriakliinik\/en\/"},{"@type":"ListItem","position":2,"name":"Clinics"}]},{"@type":"WebSite","@id":"https:\/\/www.kliinikum.ee\/psyhhiaatriakliinik\/en\/#website","url":"https:\/\/www.kliinikum.ee\/psyhhiaatriakliinik\/en\/","name":"Ps\u00fchhiaatriakliinik","description":"Hoolivus, Uuendusmeelsus, P\u00e4devus ja Usaldusv\u00e4\u00e4rsus","potentialAction":[{"@type":"SearchAction","target":{"@type":"EntryPoint","urlTemplate":"https:\/\/www.kliinikum.ee\/psyhhiaatriakliinik\/en\/?s={search_term_string}"},"query-input":{"@type":"PropertyValueSpecification","valueRequired":true,"valueName":"search_term_string"}}],"inLanguage":"en-US"}]}},"uagb_featured_image_src":{"full":false,"thumbnail":false,"medium":false,"medium_large":false,"large":false,"1536x1536":false,"2048x2048":false},"uagb_author_info":{"display_name":"erkky","author_link":"https:\/\/www.kliinikum.ee\/psyhhiaatriakliinik\/en\/author\/erkky\/"},"uagb_comment_info":0,"uagb_excerpt":"test 123 Praesent commodo cursus magna, vel scelerisque nisl consectetur et. Nullam quis risus eget urna mollis ornare vel eu leo. Nullam id dolor id nibh ultricies vehicula ut id elit. Nulla vitae elit libero, a pharetra augue.","_links":{"self":[{"href":"https:\/\/www.kliinikum.ee\/psyhhiaatriakliinik\/en\/wp-json\/wp\/v2\/pages\/4518","targetHints":{"allow":["GET"]}}],"collection":[{"href":"https:\/\/www.kliinikum.ee\/psyhhiaatriakliinik\/en\/wp-json\/wp\/v2\/pages"}],"about":[{"href":"https:\/\/www.kliinikum.ee\/psyhhiaatriakliinik\/en\/wp-json\/wp\/v2\/types\/page"}],"author":[{"embeddable":true,"href":"https:\/\/www.kliinikum.ee\/psyhhiaatriakliinik\/en\/wp-json\/wp\/v2\/users\/30"}],"replies":[{"embeddable":true,"href":"https:\/\/www.kliinikum.ee\/psyhhiaatriakliinik\/en\/wp-json\/wp\/v2\/comments?post=4518"}],"version-history":[{"count":0,"href":"https:\/\/www.kliinikum.ee\/psyhhiaatriakliinik\/en\/wp-json\/wp\/v2\/pages\/4518\/revisions"}],"wp:attachment":[{"href":"https:\/\/www.kliinikum.ee\/psyhhiaatriakliinik\/en\/wp-json\/wp\/v2\/media?parent=4518"}],"curies":[{"name":"wp","href":"https:\/\/api.w.org\/{rel}","templated":true}]}}