{"id":5852,"date":"2023-04-27T08:50:05","date_gmt":"2023-04-27T06:50:05","guid":{"rendered":"https:\/\/www.kliinikum.ee\/psyhhiaatriakliinik\/?page_id=5852"},"modified":"2025-10-29T14:08:55","modified_gmt":"2025-10-29T12:08:55","slug":"ambulatoorse-psuhhiaatria-keskus","status":"publish","type":"page","link":"https:\/\/www.kliinikum.ee\/psyhhiaatriakliinik\/kliinikust\/ambulatoorse-psuhhiaatria-keskus\/","title":{"rendered":"Ambulatoorse ps\u00fchhiaatria keskus"},"content":{"rendered":"\n<p style=\"font-size:clamp(14px, 0.875rem + ((1vw - 3.2px) * 0.455), 18px);\"><strong>Keskuse juht<\/strong> | Anu J\u00e4rv | 731 8785 |\u00a0<a href=\"mailto:anu.jarv@kliinikum.ee\">anu.jarv@kliinikum.ee<\/a><br><strong>Keskuse \u00f5endusjuht<\/strong> | Katri \u0160inkarev | 731 8740 |\u00a0<a href=\"mailto:katri.sinkarev@kliinikum.ee\">katri.sinkarev@kliinikum.ee<\/a><br><strong>Sekret\u00e4r<\/strong> | Helen Lukka | 731 8756 |\u00a0<a href=\"mailto:helen.lukka@kliinikum.ee\">helen.lukka@kliinikum.ee<\/a><\/p>\n\n\n\n<p class=\"has-medium-font-size\">Ps\u00fchhiaatriakliiniku ambulatoorses keskuses v\u00f5tavad t\u00f6\u00f6p\u00e4eviti vastu erinevad spetsialistid: ps\u00fchhiaatrid, kliinilised ps\u00fchholoogid, sotsiaalt\u00f6\u00f6taja ja vaimse tervise \u00f5ed (s\u00f6\u00f6mish\u00e4irete \u00f5de, uneh\u00e4irete \u00f5de, s\u00f5ltuvush\u00e4irete \u00f5de). Ps\u00fchhiaatri vastuv\u00f5tule p\u00f6\u00f6rdumiseks ei ole vaja saatekirja.<\/p>\n\n\n\n<ul class=\"wp-block-list\">\n<li class=\"has-medium-font-size\">Keskuses osutatakse ambulatoorset eriarstiabi ning \u00f5endus- ja sotsiaalt\u00f6\u00f6taja teenust.<\/li>\n\n\n\n<li class=\"has-medium-font-size\">Keskuses toimuvad spetsialistide t\u00f6\u00f6p\u00e4evased vastuv\u00f5tud, mille eesm\u00e4rk on v\u00e4lja selgitada ps\u00fc\u00fchikah\u00e4ire olemus, planeerida vajadusel l\u00fchi- ja\/v\u00f5i pikaajalist ravi ning j\u00e4lgida selle efektiivsust.<\/li>\n\n\n\n<li class=\"has-medium-font-size\">Ambulatoorses keskuses ravitakse erinevaid ps\u00fc\u00fchikah\u00e4ireid, mis ei vaja haiglaravi.<\/li>\n\n\n\n<li class=\"has-medium-font-size\">Keskuse personal peab oluliseks patsiendi vajadustest l\u00e4htuvat paindlikku meeskonnat\u00f6\u00f6d ning koost\u00f6\u00f6d patsientide l\u00e4hedastega.<\/li>\n\n\n\n<li class=\"has-medium-font-size\">Keskuse personal v\u00e4\u00e4rtustab koolitus- ja arendustegevust, mille eesm\u00e4rk on kvaliteetsema raviteenuse osutamine patsientidele ja nende l\u00e4hedastele.<\/li>\n\n\n\n<li class=\"has-medium-font-size\">Keskuse personal teeb koost\u00f6\u00f6d teiste ps\u00fchhiaatrilist eriarstiabi pakkuvate Eesti asutustega.<\/li>\n<\/ul>\n\n\n\n<figure class=\"wp-block-image size-large\"><img loading=\"lazy\" decoding=\"async\" width=\"1024\" height=\"683\" src=\"https:\/\/www.kliinikum.ee\/psyhhiaatriakliinik\/wp-content\/uploads\/2024\/01\/IMG_3416-1024x683.jpg\" alt=\"\" class=\"wp-image-5899\" srcset=\"https:\/\/www.kliinikum.ee\/psyhhiaatriakliinik\/wp-content\/uploads\/2024\/01\/IMG_3416-1024x683.jpg 1024w, https:\/\/www.kliinikum.ee\/psyhhiaatriakliinik\/wp-content\/uploads\/2024\/01\/IMG_3416-300x200.jpg 300w, https:\/\/www.kliinikum.ee\/psyhhiaatriakliinik\/wp-content\/uploads\/2024\/01\/IMG_3416-768x512.jpg 768w, https:\/\/www.kliinikum.ee\/psyhhiaatriakliinik\/wp-content\/uploads\/2024\/01\/IMG_3416-1536x1024.jpg 1536w, https:\/\/www.kliinikum.ee\/psyhhiaatriakliinik\/wp-content\/uploads\/2024\/01\/IMG_3416-2048x1365.jpg 2048w, https:\/\/www.kliinikum.ee\/psyhhiaatriakliinik\/wp-content\/uploads\/2024\/01\/IMG_3416-scaled.jpg 2560w\" sizes=\"auto, (max-width: 1024px) 100vw, 1024px\" \/><\/figure>\n","protected":false},"excerpt":{"rendered":"<p>Keskuse juht | Anu J\u00e4rv | 731 8785 |\u00a0anu.jarv@kliinikum.eeKeskuse \u00f5endusjuht | Katri \u0160inkarev | 731 8740 |\u00a0katri.sinkarev@kliinikum.eeSekret\u00e4r | Helen Lukka | 731 8756 |\u00a0helen.lukka@kliinikum.ee Ps\u00fchhiaatriakliiniku ambulatoorses keskuses v\u00f5tavad t\u00f6\u00f6p\u00e4eviti vastu erinevad spetsialistid: ps\u00fchhiaatrid, kliinilised ps\u00fchholoogid, sotsiaalt\u00f6\u00f6taja ja vaimse tervise \u00f5ed (s\u00f6\u00f6mish\u00e4irete \u00f5de, uneh\u00e4irete \u00f5de, s\u00f5ltuvush\u00e4irete \u00f5de). Ps\u00fchhiaatri vastuv\u00f5tule p\u00f6\u00f6rdumiseks ei ole vaja saatekirja.<\/p>\n","protected":false},"author":32,"featured_media":0,"parent":17,"menu_order":30,"comment_status":"closed","ping_status":"closed","template":"","meta":{"_acf_changed":false,"_uag_custom_page_level_css":"","footnotes":""},"class_list":["post-5852","page","type-page","status-publish","hentry"],"acf":[],"yoast_head":"<!-- This site is optimized with the Yoast SEO plugin v27.5 - https:\/\/yoast.com\/product\/yoast-seo-wordpress\/ -->\n<title>Ambulatoorse ps\u00fchhiaatria keskus - Ps\u00fchhiaatriakliinik<\/title>\n<meta name=\"robots\" content=\"index, follow, max-snippet:-1, max-image-preview:large, max-video-preview:-1\" \/>\n<link rel=\"canonical\" href=\"https:\/\/www.kliinikum.ee\/psyhhiaatriakliinik\/kliinikust\/ambulatoorse-psuhhiaatria-keskus\/\" \/>\n<meta property=\"og:locale\" content=\"et_EE\" \/>\n<meta property=\"og:type\" content=\"article\" \/>\n<meta property=\"og:title\" content=\"Ambulatoorse ps\u00fchhiaatria keskus - Ps\u00fchhiaatriakliinik\" \/>\n<meta property=\"og:description\" content=\"Keskuse juht | Anu J\u00e4rv | 731 8785 |\u00a0anu.jarv@kliinikum.eeKeskuse \u00f5endusjuht | Katri \u0160inkarev | 731 8740 |\u00a0katri.sinkarev@kliinikum.eeSekret\u00e4r | Helen Lukka | 731 8756 |\u00a0helen.lukka@kliinikum.ee Ps\u00fchhiaatriakliiniku ambulatoorses keskuses v\u00f5tavad t\u00f6\u00f6p\u00e4eviti vastu erinevad spetsialistid: ps\u00fchhiaatrid, kliinilised ps\u00fchholoogid, sotsiaalt\u00f6\u00f6taja ja vaimse tervise \u00f5ed (s\u00f6\u00f6mish\u00e4irete \u00f5de, uneh\u00e4irete \u00f5de, s\u00f5ltuvush\u00e4irete \u00f5de). Ps\u00fchhiaatri vastuv\u00f5tule p\u00f6\u00f6rdumiseks ei ole vaja saatekirja.\" \/>\n<meta property=\"og:url\" content=\"https:\/\/www.kliinikum.ee\/psyhhiaatriakliinik\/kliinikust\/ambulatoorse-psuhhiaatria-keskus\/\" \/>\n<meta property=\"og:site_name\" content=\"Ps\u00fchhiaatriakliinik\" \/>\n<meta property=\"article:modified_time\" content=\"2025-10-29T12:08:55+00:00\" \/>\n<meta property=\"og:image\" content=\"https:\/\/www.kliinikum.ee\/psyhhiaatriakliinik\/wp-content\/uploads\/2024\/01\/IMG_3416-scaled.jpg\" \/>\n\t<meta property=\"og:image:width\" content=\"2560\" \/>\n\t<meta property=\"og:image:height\" content=\"1706\" \/>\n\t<meta property=\"og:image:type\" content=\"image\/jpeg\" \/>\n<meta name=\"twitter:card\" content=\"summary_large_image\" \/>\n<meta name=\"twitter:label1\" content=\"Est. reading time\" \/>\n\t<meta name=\"twitter:data1\" content=\"1 minut\" \/>\n<script type=\"application\/ld+json\" class=\"yoast-schema-graph\">{\"@context\":\"https:\\\/\\\/schema.org\",\"@graph\":[{\"@type\":\"WebPage\",\"@id\":\"https:\\\/\\\/www.kliinikum.ee\\\/psyhhiaatriakliinik\\\/kliinikust\\\/ambulatoorse-psuhhiaatria-keskus\\\/\",\"url\":\"https:\\\/\\\/www.kliinikum.ee\\\/psyhhiaatriakliinik\\\/kliinikust\\\/ambulatoorse-psuhhiaatria-keskus\\\/\",\"name\":\"Ambulatoorse ps\u00fchhiaatria keskus - Ps\u00fchhiaatriakliinik\",\"isPartOf\":{\"@id\":\"https:\\\/\\\/www.kliinikum.ee\\\/psyhhiaatriakliinik\\\/#website\"},\"primaryImageOfPage\":{\"@id\":\"https:\\\/\\\/www.kliinikum.ee\\\/psyhhiaatriakliinik\\\/kliinikust\\\/ambulatoorse-psuhhiaatria-keskus\\\/#primaryimage\"},\"image\":{\"@id\":\"https:\\\/\\\/www.kliinikum.ee\\\/psyhhiaatriakliinik\\\/kliinikust\\\/ambulatoorse-psuhhiaatria-keskus\\\/#primaryimage\"},\"thumbnailUrl\":\"https:\\\/\\\/www.kliinikum.ee\\\/psyhhiaatriakliinik\\\/wp-content\\\/uploads\\\/2024\\\/01\\\/IMG_3416-1024x683.jpg\",\"datePublished\":\"2023-04-27T06:50:05+00:00\",\"dateModified\":\"2025-10-29T12:08:55+00:00\",\"breadcrumb\":{\"@id\":\"https:\\\/\\\/www.kliinikum.ee\\\/psyhhiaatriakliinik\\\/kliinikust\\\/ambulatoorse-psuhhiaatria-keskus\\\/#breadcrumb\"},\"inLanguage\":\"et\",\"potentialAction\":[{\"@type\":\"ReadAction\",\"target\":[\"https:\\\/\\\/www.kliinikum.ee\\\/psyhhiaatriakliinik\\\/kliinikust\\\/ambulatoorse-psuhhiaatria-keskus\\\/\"]}]},{\"@type\":\"ImageObject\",\"inLanguage\":\"et\",\"@id\":\"https:\\\/\\\/www.kliinikum.ee\\\/psyhhiaatriakliinik\\\/kliinikust\\\/ambulatoorse-psuhhiaatria-keskus\\\/#primaryimage\",\"url\":\"https:\\\/\\\/www.kliinikum.ee\\\/psyhhiaatriakliinik\\\/wp-content\\\/uploads\\\/2024\\\/01\\\/IMG_3416-scaled.jpg\",\"contentUrl\":\"https:\\\/\\\/www.kliinikum.ee\\\/psyhhiaatriakliinik\\\/wp-content\\\/uploads\\\/2024\\\/01\\\/IMG_3416-scaled.jpg\",\"width\":2560,\"height\":1706},{\"@type\":\"BreadcrumbList\",\"@id\":\"https:\\\/\\\/www.kliinikum.ee\\\/psyhhiaatriakliinik\\\/kliinikust\\\/ambulatoorse-psuhhiaatria-keskus\\\/#breadcrumb\",\"itemListElement\":[{\"@type\":\"ListItem\",\"position\":1,\"name\":\"Home\",\"item\":\"https:\\\/\\\/www.kliinikum.ee\\\/psyhhiaatriakliinik\\\/\"},{\"@type\":\"ListItem\",\"position\":2,\"name\":\"Kliinikust\",\"item\":\"https:\\\/\\\/www.kliinikum.ee\\\/psyhhiaatriakliinik\\\/kliinikust\\\/\"},{\"@type\":\"ListItem\",\"position\":3,\"name\":\"Ambulatoorse ps\u00fchhiaatria keskus\"}]},{\"@type\":\"WebSite\",\"@id\":\"https:\\\/\\\/www.kliinikum.ee\\\/psyhhiaatriakliinik\\\/#website\",\"url\":\"https:\\\/\\\/www.kliinikum.ee\\\/psyhhiaatriakliinik\\\/\",\"name\":\"Ps\u00fchhiaatriakliinik\",\"description\":\"Hoolivus, Uuendusmeelsus, P\u00e4devus ja Usaldusv\u00e4\u00e4rsus\",\"potentialAction\":[{\"@type\":\"SearchAction\",\"target\":{\"@type\":\"EntryPoint\",\"urlTemplate\":\"https:\\\/\\\/www.kliinikum.ee\\\/psyhhiaatriakliinik\\\/?s={search_term_string}\"},\"query-input\":{\"@type\":\"PropertyValueSpecification\",\"valueRequired\":true,\"valueName\":\"search_term_string\"}}],\"inLanguage\":\"et\"}]}<\/script>\n<!-- \/ Yoast SEO plugin. -->","yoast_head_json":{"title":"Ambulatoorse ps\u00fchhiaatria keskus - Ps\u00fchhiaatriakliinik","robots":{"index":"index","follow":"follow","max-snippet":"max-snippet:-1","max-image-preview":"max-image-preview:large","max-video-preview":"max-video-preview:-1"},"canonical":"https:\/\/www.kliinikum.ee\/psyhhiaatriakliinik\/kliinikust\/ambulatoorse-psuhhiaatria-keskus\/","og_locale":"et_EE","og_type":"article","og_title":"Ambulatoorse ps\u00fchhiaatria keskus - Ps\u00fchhiaatriakliinik","og_description":"Keskuse juht | Anu J\u00e4rv | 731 8785 |\u00a0anu.jarv@kliinikum.eeKeskuse \u00f5endusjuht | Katri \u0160inkarev | 731 8740 |\u00a0katri.sinkarev@kliinikum.eeSekret\u00e4r | Helen Lukka | 731 8756 |\u00a0helen.lukka@kliinikum.ee Ps\u00fchhiaatriakliiniku ambulatoorses keskuses v\u00f5tavad t\u00f6\u00f6p\u00e4eviti vastu erinevad spetsialistid: ps\u00fchhiaatrid, kliinilised ps\u00fchholoogid, sotsiaalt\u00f6\u00f6taja ja vaimse tervise \u00f5ed (s\u00f6\u00f6mish\u00e4irete \u00f5de, uneh\u00e4irete \u00f5de, s\u00f5ltuvush\u00e4irete \u00f5de). Ps\u00fchhiaatri vastuv\u00f5tule p\u00f6\u00f6rdumiseks ei ole vaja saatekirja.","og_url":"https:\/\/www.kliinikum.ee\/psyhhiaatriakliinik\/kliinikust\/ambulatoorse-psuhhiaatria-keskus\/","og_site_name":"Ps\u00fchhiaatriakliinik","article_modified_time":"2025-10-29T12:08:55+00:00","og_image":[{"width":2560,"height":1706,"url":"https:\/\/www.kliinikum.ee\/psyhhiaatriakliinik\/wp-content\/uploads\/2024\/01\/IMG_3416-scaled.jpg","type":"image\/jpeg"}],"twitter_card":"summary_large_image","twitter_misc":{"Est. reading time":"1 minut"},"schema":{"@context":"https:\/\/schema.org","@graph":[{"@type":"WebPage","@id":"https:\/\/www.kliinikum.ee\/psyhhiaatriakliinik\/kliinikust\/ambulatoorse-psuhhiaatria-keskus\/","url":"https:\/\/www.kliinikum.ee\/psyhhiaatriakliinik\/kliinikust\/ambulatoorse-psuhhiaatria-keskus\/","name":"Ambulatoorse ps\u00fchhiaatria keskus - Ps\u00fchhiaatriakliinik","isPartOf":{"@id":"https:\/\/www.kliinikum.ee\/psyhhiaatriakliinik\/#website"},"primaryImageOfPage":{"@id":"https:\/\/www.kliinikum.ee\/psyhhiaatriakliinik\/kliinikust\/ambulatoorse-psuhhiaatria-keskus\/#primaryimage"},"image":{"@id":"https:\/\/www.kliinikum.ee\/psyhhiaatriakliinik\/kliinikust\/ambulatoorse-psuhhiaatria-keskus\/#primaryimage"},"thumbnailUrl":"https:\/\/www.kliinikum.ee\/psyhhiaatriakliinik\/wp-content\/uploads\/2024\/01\/IMG_3416-1024x683.jpg","datePublished":"2023-04-27T06:50:05+00:00","dateModified":"2025-10-29T12:08:55+00:00","breadcrumb":{"@id":"https:\/\/www.kliinikum.ee\/psyhhiaatriakliinik\/kliinikust\/ambulatoorse-psuhhiaatria-keskus\/#breadcrumb"},"inLanguage":"et","potentialAction":[{"@type":"ReadAction","target":["https:\/\/www.kliinikum.ee\/psyhhiaatriakliinik\/kliinikust\/ambulatoorse-psuhhiaatria-keskus\/"]}]},{"@type":"ImageObject","inLanguage":"et","@id":"https:\/\/www.kliinikum.ee\/psyhhiaatriakliinik\/kliinikust\/ambulatoorse-psuhhiaatria-keskus\/#primaryimage","url":"https:\/\/www.kliinikum.ee\/psyhhiaatriakliinik\/wp-content\/uploads\/2024\/01\/IMG_3416-scaled.jpg","contentUrl":"https:\/\/www.kliinikum.ee\/psyhhiaatriakliinik\/wp-content\/uploads\/2024\/01\/IMG_3416-scaled.jpg","width":2560,"height":1706},{"@type":"BreadcrumbList","@id":"https:\/\/www.kliinikum.ee\/psyhhiaatriakliinik\/kliinikust\/ambulatoorse-psuhhiaatria-keskus\/#breadcrumb","itemListElement":[{"@type":"ListItem","position":1,"name":"Home","item":"https:\/\/www.kliinikum.ee\/psyhhiaatriakliinik\/"},{"@type":"ListItem","position":2,"name":"Kliinikust","item":"https:\/\/www.kliinikum.ee\/psyhhiaatriakliinik\/kliinikust\/"},{"@type":"ListItem","position":3,"name":"Ambulatoorse ps\u00fchhiaatria keskus"}]},{"@type":"WebSite","@id":"https:\/\/www.kliinikum.ee\/psyhhiaatriakliinik\/#website","url":"https:\/\/www.kliinikum.ee\/psyhhiaatriakliinik\/","name":"Ps\u00fchhiaatriakliinik","description":"Hoolivus, Uuendusmeelsus, P\u00e4devus ja Usaldusv\u00e4\u00e4rsus","potentialAction":[{"@type":"SearchAction","target":{"@type":"EntryPoint","urlTemplate":"https:\/\/www.kliinikum.ee\/psyhhiaatriakliinik\/?s={search_term_string}"},"query-input":{"@type":"PropertyValueSpecification","valueRequired":true,"valueName":"search_term_string"}}],"inLanguage":"et"}]}},"uagb_featured_image_src":{"full":false,"thumbnail":false,"medium":false,"medium_large":false,"large":false,"1536x1536":false,"2048x2048":false},"uagb_author_info":{"display_name":"Jane Freimann","author_link":"https:\/\/www.kliinikum.ee\/psyhhiaatriakliinik\/author\/janef\/"},"uagb_comment_info":0,"uagb_excerpt":"Keskuse juht | Anu J\u00e4rv | 731 8785 |\u00a0anu.jarv@kliinikum.eeKeskuse \u00f5endusjuht | Katri \u0160inkarev | 731 8740 |\u00a0katri.sinkarev@kliinikum.eeSekret\u00e4r | Helen Lukka | 731 8756 |\u00a0helen.lukka@kliinikum.ee Ps\u00fchhiaatriakliiniku ambulatoorses keskuses v\u00f5tavad t\u00f6\u00f6p\u00e4eviti vastu erinevad spetsialistid: ps\u00fchhiaatrid, kliinilised ps\u00fchholoogid, sotsiaalt\u00f6\u00f6taja ja vaimse tervise \u00f5ed (s\u00f6\u00f6mish\u00e4irete \u00f5de, uneh\u00e4irete \u00f5de, s\u00f5ltuvush\u00e4irete \u00f5de). Ps\u00fchhiaatri vastuv\u00f5tule p\u00f6\u00f6rdumiseks ei ole vaja saatekirja.","_links":{"self":[{"href":"https:\/\/www.kliinikum.ee\/psyhhiaatriakliinik\/wp-json\/wp\/v2\/pages\/5852","targetHints":{"allow":["GET"]}}],"collection":[{"href":"https:\/\/www.kliinikum.ee\/psyhhiaatriakliinik\/wp-json\/wp\/v2\/pages"}],"about":[{"href":"https:\/\/www.kliinikum.ee\/psyhhiaatriakliinik\/wp-json\/wp\/v2\/types\/page"}],"author":[{"embeddable":true,"href":"https:\/\/www.kliinikum.ee\/psyhhiaatriakliinik\/wp-json\/wp\/v2\/users\/32"}],"replies":[{"embeddable":true,"href":"https:\/\/www.kliinikum.ee\/psyhhiaatriakliinik\/wp-json\/wp\/v2\/comments?post=5852"}],"version-history":[{"count":0,"href":"https:\/\/www.kliinikum.ee\/psyhhiaatriakliinik\/wp-json\/wp\/v2\/pages\/5852\/revisions"}],"up":[{"embeddable":true,"href":"https:\/\/www.kliinikum.ee\/psyhhiaatriakliinik\/wp-json\/wp\/v2\/pages\/17"}],"wp:attachment":[{"href":"https:\/\/www.kliinikum.ee\/psyhhiaatriakliinik\/wp-json\/wp\/v2\/media?parent=5852"}],"curies":[{"name":"wp","href":"https:\/\/api.w.org\/{rel}","templated":true}]}}