{"id":5854,"date":"2023-04-27T08:50:47","date_gmt":"2023-04-27T06:50:47","guid":{"rendered":"https:\/\/www.kliinikum.ee\/psyhhiaatriakliinik\/?page_id=5854"},"modified":"2026-04-30T07:34:14","modified_gmt":"2026-04-30T05:34:14","slug":"laste-ja-noorukite-vaimse-tervise-keskus","status":"publish","type":"page","link":"https:\/\/www.kliinikum.ee\/psyhhiaatriakliinik\/kliinikust\/laste-ja-noorukite-vaimse-tervise-keskus\/","title":{"rendered":"Laste ja noorukite vaimse tervise keskus"},"content":{"rendered":"\n<p style=\"font-size:clamp(14px, 0.875rem + ((1vw - 3.2px) * 0.455), 18px);\"><strong>Keskuse juht<\/strong> | Reigo Reppo | 731 8790 |&nbsp;<a href=\"mailto:reigo.reppo@kliinikum.ee\">reigo.reppo@kliinikum.ee<\/a><br><strong>Keskuse \u00f5endusjuht<\/strong> | Kersti Treial | 731 8792 |&nbsp;<a href=\"mailto:kersti.treial@kliinikum.ee\">kersti.treial@kliinikum.ee<\/a><br><strong>Ambulatoorse keskuse <\/strong>sekret\u00e4r | Krista Zirp | 731 8823 |&nbsp;<a href=\"mailto:krista.zirp@kliinikum.ee\">krista.zirp@kliinikum.ee<\/a><br><strong>Keskuse sekret\u00e4r<\/strong> | Jaanika Veel | 731 8754 |&nbsp;<a href=\"mailto:jaanika.veel@kliinikum.ee\">jaanika.veel@kliinikum.ee<\/a><br><\/p>\n\n\n\n<p style=\"font-size:clamp(14px, 0.875rem + ((1vw - 3.2px) * 0.455), 18px);\"><strong>Lasteps\u00fchhiaatria osakonna valve\u00f5de<\/strong> 731 8793<br><strong>Noorukiteps\u00fchhiaatria osakonna valve\u00f5de<\/strong> 731 8863<\/p>\n\n\n\n<p style=\"font-size:clamp(14px, 0.875rem + ((1vw - 3.2px) * 0.455), 18px);\"><\/p>\n\n\n\n<p class=\"has-medium-font-size\">Tartu \u00dclikooli Kliinikumi ps\u00fchhiaatriakliiniku laste ja noorukite vaimse tervise keskus (edaspidi \u201ekeskus\u201c) tegeleb vaimse tervise probleemidega laste ja noorukitega 18. eluaastani. Keskus koosneb laste- ja noorukite osakonnast, mille m\u00f5lema juurde kuulub ka ambulatoorne vastuv\u00f5tt. Keskus v\u00e4\u00e4rtustab koolitus- ja arendustegevust kvaliteetsema raviteenuse osutamiseks patsientidele ja nende l\u00e4hedastele.&nbsp; Peame oluliseks patsiendi vajadustest l\u00e4htuvat paindlikku meeskonnat\u00f6\u00f6d ning koost\u00f6\u00f6d lapse, tema pere ja tugiv\u00f5rgustikuga, samuti sotsiaal- ja hariduss\u00fcsteemiga.<\/p>\n\n\n\n<p>Oleme praktikabaasiks Tartu \u00dclikooli, Tallinna \u00dclikooli ja Tartu Tervishoiu K\u00f5rgkooli tudengitele kui ka residentuuribaasiks Tartu \u00dclikooli l\u00f5petanud arstidele.<\/p>\n\n\n\n<p>Tartu \u00dclikooli Kliinikumi ps\u00fchhiaatriakliiniku laste ja noorukite vaimse tervise keskus asub aadressil Raja 31.<strong> Ambulatoorsed vastuv\u00f5tud toimuvad uuel aadressil Raja 33 ja Raja 31 (ps\u00fchhiaatriakliinik). Palun kontrollige, millisel aadressil teie vastuv\u00f5tt toimub! <\/strong>Vastuv\u00f5tud toimuvad eesti keeles. Vajadusel kaasab patsient ise t\u00f5lgi. Rohkem infot vastuv\u00f5ttude kohta lugege&nbsp;<a href=\"https:\/\/www.kliinikum.ee\/psyhhiaatriakliinik\/index.php\/patsiendile\/patsiendile\/laste-ja-noorukite-vaimse-tervise-keskus\/ambulatoorne-vastuvott\">siit<\/a>.<\/p>\n\n\n\n<p>Ambulatoorselt saab p\u00f6\u00f6rduda vaimse tervise \u00f5e ja\/v\u00f5i lasteps\u00fchhiaatri vastuv\u00f5tule. Esmane vastuv\u00f5tt toimub vaimse tervise \u00f5e juures (saatekiri ei ole vajalik). Esmasele vastuv\u00f5tule p\u00f6\u00f6rdudes palume v\u00f5imalusel kaasa v\u00f5tta eelnevalt t\u00e4idetud pereanamnees, kooli\/lasteaia iseloomustus. Lasteaia- ja kooliprobleemidega lapsed peavad esmalt p\u00f6\u00f6rduma hindamiseks Rajaleidja keskusesse (<a href=\"https:\/\/rajaleidja.innove.ee\/\">https:\/\/rajaleidja.innove.ee\/<\/a>).<\/p>\n\n\n\n<p><strong>Registreerimine telefonil: 731 9100<\/strong><strong>, <\/strong>\u00fcleriigilises digiregistratuuris, portaali ePatsient kaudu v\u00f5i kodulehe vormi kaudu. <strong>Ajast loobumine 731 9099.<\/strong><\/p>\n\n\n\n<p class=\"has-medium-font-size\"><strong>Tartu \u00dclikooli Kliinikumi laste ja noorukite vaimse tervise keskuse kabinetid \u00fcle Eesti<\/strong><\/p>\n\n\n<div class=\"wp-block-uagb-faq uagb-faq__outer-wrap uagb-block-dde19c28 uagb-faq-icon-row uagb-faq-layout-accordion uagb-faq-expand-first-false uagb-faq-inactive-other-true uagb-faq__wrap uagb-buttons-layout-wrap uagb-faq-equal-height     \" data-faqtoggle=\"true\" role=\"tablist\"><div class=\"wp-block-uagb-faq-child uagb-faq-child__outer-wrap uagb-faq-item uagb-block-750b8349 \" role=\"tab\" tabindex=\"0\"><div class=\"uagb-faq-questions-button uagb-faq-questions\">\t\t\t<span class=\"uagb-icon uagb-faq-icon-wrap\">\n\t\t\t\t\t\t\t\t<svg xmlns=\"https:\/\/www.w3.org\/2000\/svg\" viewBox= \"0 0 448 512\"><path d=\"M432 256c0 17.69-14.33 32.01-32 32.01H256v144c0 17.69-14.33 31.99-32 31.99s-32-14.3-32-31.99v-144H48c-17.67 0-32-14.32-32-32.01s14.33-31.99 32-31.99H192v-144c0-17.69 14.33-32.01 32-32.01s32 14.32 32 32.01v144h144C417.7 224 432 238.3 432 256z\"><\/path><\/svg>\n\t\t\t\t\t\t\t<\/span>\n\t\t\t\t\t\t<span class=\"uagb-icon-active uagb-faq-icon-wrap\">\n\t\t\t\t\t\t\t\t<svg xmlns=\"https:\/\/www.w3.org\/2000\/svg\" viewBox= \"0 0 448 512\"><path d=\"M400 288h-352c-17.69 0-32-14.32-32-32.01s14.31-31.99 32-31.99h352c17.69 0 32 14.3 32 31.99S417.7 288 400 288z\"><\/path><\/svg>\n\t\t\t\t\t\t\t<\/span>\n\t\t\t<span class=\"uagb-question\"><strong>VALGA<\/strong><\/span><\/div><div class=\"uagb-faq-content\"><p>Valga Haigla<br>Piiri 2, Valga<br>Vaimse tervise \u00f5de Jaana Unt;<strong> <a href=\"mailto:jaana.unt@kliinikum.ee\">jaana.unt@kliinikum.ee<\/a><\/strong><br> Infotelefon <strong>5331 8863<\/strong> kolmap\u00e4eviti kell 13.00-15.00. Telefonile vastab vaimse tervise \u00f5de Jaana Unt.<br>Esmane p\u00f6\u00f6rdumine vaimse tervise \u00f5ele on perearsti suunamisega.<br> <\/p><\/div><\/div><div class=\"wp-block-uagb-faq-child uagb-faq-child__outer-wrap uagb-faq-item uagb-block-8c90adb0 \" role=\"tab\" tabindex=\"0\"><div class=\"uagb-faq-questions-button uagb-faq-questions\">\t\t\t<span class=\"uagb-icon uagb-faq-icon-wrap\">\n\t\t\t\t\t\t\t\t<svg xmlns=\"https:\/\/www.w3.org\/2000\/svg\" viewBox= \"0 0 448 512\"><path d=\"M432 256c0 17.69-14.33 32.01-32 32.01H256v144c0 17.69-14.33 31.99-32 31.99s-32-14.3-32-31.99v-144H48c-17.67 0-32-14.32-32-32.01s14.33-31.99 32-31.99H192v-144c0-17.69 14.33-32.01 32-32.01s32 14.32 32 32.01v144h144C417.7 224 432 238.3 432 256z\"><\/path><\/svg>\n\t\t\t\t\t\t\t<\/span>\n\t\t\t\t\t\t<span class=\"uagb-icon-active uagb-faq-icon-wrap\">\n\t\t\t\t\t\t\t\t<svg xmlns=\"https:\/\/www.w3.org\/2000\/svg\" viewBox= \"0 0 448 512\"><path d=\"M400 288h-352c-17.69 0-32-14.32-32-32.01s14.31-31.99 32-31.99h352c17.69 0 32 14.3 32 31.99S417.7 288 400 288z\"><\/path><\/svg>\n\t\t\t\t\t\t\t<\/span>\n\t\t\t<span class=\"uagb-question\"><strong>ELVA<\/strong><\/span><\/div><div class=\"uagb-faq-content\"><p>Elva Haigla<br>Supelranna 21, Elva<br>Vaimse tervise \u00f5ed Jaana Unt<strong>; <a href=\"mailto:jaana.unt@kliinikum.ee\">jaana.unt@kliinikum.ee<\/a><\/strong><br>Bianca Siik <strong><a href=\"mailto:Bianca.siik@kliinikum.ee\">Bianca.siik@kliinikum.ee<\/a><\/strong><br>Infotelefon <strong>5331 8863<\/strong> kolmap\u00e4eviti kell 13.00-15.00. Telefonile vastab vaimse tervise \u00f5de Jaana Unt.<br>Esmane p\u00f6\u00f6rdumine vaimse tervise \u00f5ele on perearsti suunamisega.<\/p><\/div><\/div><div class=\"wp-block-uagb-faq-child uagb-faq-child__outer-wrap uagb-faq-item uagb-block-16a47e69 \" role=\"tab\" tabindex=\"0\"><div class=\"uagb-faq-questions-button uagb-faq-questions\">\t\t\t<span class=\"uagb-icon uagb-faq-icon-wrap\">\n\t\t\t\t\t\t\t\t<svg xmlns=\"https:\/\/www.w3.org\/2000\/svg\" viewBox= \"0 0 448 512\"><path d=\"M432 256c0 17.69-14.33 32.01-32 32.01H256v144c0 17.69-14.33 31.99-32 31.99s-32-14.3-32-31.99v-144H48c-17.67 0-32-14.32-32-32.01s14.33-31.99 32-31.99H192v-144c0-17.69 14.33-32.01 32-32.01s32 14.32 32 32.01v144h144C417.7 224 432 238.3 432 256z\"><\/path><\/svg>\n\t\t\t\t\t\t\t<\/span>\n\t\t\t\t\t\t<span class=\"uagb-icon-active uagb-faq-icon-wrap\">\n\t\t\t\t\t\t\t\t<svg xmlns=\"https:\/\/www.w3.org\/2000\/svg\" viewBox= \"0 0 448 512\"><path d=\"M400 288h-352c-17.69 0-32-14.32-32-32.01s14.31-31.99 32-31.99h352c17.69 0 32 14.3 32 31.99S417.7 288 400 288z\"><\/path><\/svg>\n\t\t\t\t\t\t\t<\/span>\n\t\t\t<span class=\"uagb-question\"><strong>J\u00d5GEVA<\/strong><\/span><\/div><div class=\"uagb-faq-content\"><p><strong>J\u00f5geva Piiri 1, kabinetid 128-129<\/strong><br><strong>Vaimse tervise \u00f5de Inga Veri; <a href=\"mailto:inga.veri@kliinikum.ee\">inga.veri@kliinikum.ee<\/a>; 5331 8797<\/strong><br>Telefonitund: teisip\u00e4eviti kell 8:00-10:00 (vaimse tervise \u00f5de Inga Veri)<br>J\u00f5geva kabinet v\u00f5tab vastu AINULT J\u00f5geva maakonna patsiente!\u00a0<br>EI TEENINDA T\u00c4ISKASVANUID!<br><br>\u00a0<\/p><\/div><\/div><div class=\"wp-block-uagb-faq-child uagb-faq-child__outer-wrap uagb-faq-item uagb-block-bb6e37c4 \" role=\"tab\" tabindex=\"0\"><div class=\"uagb-faq-questions-button uagb-faq-questions\">\t\t\t<span class=\"uagb-icon uagb-faq-icon-wrap\">\n\t\t\t\t\t\t\t\t<svg xmlns=\"https:\/\/www.w3.org\/2000\/svg\" viewBox= \"0 0 448 512\"><path d=\"M432 256c0 17.69-14.33 32.01-32 32.01H256v144c0 17.69-14.33 31.99-32 31.99s-32-14.3-32-31.99v-144H48c-17.67 0-32-14.32-32-32.01s14.33-31.99 32-31.99H192v-144c0-17.69 14.33-32.01 32-32.01s32 14.32 32 32.01v144h144C417.7 224 432 238.3 432 256z\"><\/path><\/svg>\n\t\t\t\t\t\t\t<\/span>\n\t\t\t\t\t\t<span class=\"uagb-icon-active uagb-faq-icon-wrap\">\n\t\t\t\t\t\t\t\t<svg xmlns=\"https:\/\/www.w3.org\/2000\/svg\" viewBox= \"0 0 448 512\"><path d=\"M400 288h-352c-17.69 0-32-14.32-32-32.01s14.31-31.99 32-31.99h352c17.69 0 32 14.3 32 31.99S417.7 288 400 288z\"><\/path><\/svg>\n\t\t\t\t\t\t\t<\/span>\n\t\t\t<span class=\"uagb-question\"><strong>IDA-VIRU<\/strong><\/span><\/div><div class=\"uagb-faq-content\"><p>Ida-Viru Keskhaigla<br>Ravi 10 (A-korpus), Kohtla-J\u00e4rve<br>Vaimse tervise \u00f5de Eda Rembel<br>Etteregistreerimine:\u00a0<strong>331 1133<\/strong>; vaimse tervise \u00f5de:\u00a0<strong>339 5183<\/strong><\/p><\/div><\/div><div class=\"wp-block-uagb-faq-child uagb-faq-child__outer-wrap uagb-faq-item uagb-block-226ed4a6 \" role=\"tab\" tabindex=\"0\"><div class=\"uagb-faq-questions-button uagb-faq-questions\">\t\t\t<span class=\"uagb-icon uagb-faq-icon-wrap\">\n\t\t\t\t\t\t\t\t<svg xmlns=\"https:\/\/www.w3.org\/2000\/svg\" viewBox= \"0 0 448 512\"><path d=\"M432 256c0 17.69-14.33 32.01-32 32.01H256v144c0 17.69-14.33 31.99-32 31.99s-32-14.3-32-31.99v-144H48c-17.67 0-32-14.32-32-32.01s14.33-31.99 32-31.99H192v-144c0-17.69 14.33-32.01 32-32.01s32 14.32 32 32.01v144h144C417.7 224 432 238.3 432 256z\"><\/path><\/svg>\n\t\t\t\t\t\t\t<\/span>\n\t\t\t\t\t\t<span class=\"uagb-icon-active uagb-faq-icon-wrap\">\n\t\t\t\t\t\t\t\t<svg xmlns=\"https:\/\/www.w3.org\/2000\/svg\" viewBox= \"0 0 448 512\"><path d=\"M400 288h-352c-17.69 0-32-14.32-32-32.01s14.31-31.99 32-31.99h352c17.69 0 32 14.3 32 31.99S417.7 288 400 288z\"><\/path><\/svg>\n\t\t\t\t\t\t\t<\/span>\n\t\t\t<span class=\"uagb-question\"><strong>TALLINN<\/strong><\/span><\/div><div class=\"uagb-faq-content\"><p><br>Tallinna Tervisemaja<br>Sepapaja 12\/1, <strong>V korrus<\/strong>, kabinet 021<br>Vaimse tervise \u00f5de: Diana Boint\u0161an; <a href=\"mailto:diana.bointsan@kliinikum.ee\">diana.bointsan@kliinikum.ee<\/a><\/p><\/div><\/div><\/div>\n\n\n<figure class=\"wp-block-image size-large\"><img loading=\"lazy\" decoding=\"async\" width=\"1024\" height=\"683\" src=\"https:\/\/www.kliinikum.ee\/psyhhiaatriakliinik\/wp-content\/uploads\/2024\/01\/IMG_2943-1024x683.jpg\" alt=\"\" class=\"wp-image-5906\" srcset=\"https:\/\/www.kliinikum.ee\/psyhhiaatriakliinik\/wp-content\/uploads\/2024\/01\/IMG_2943-1024x683.jpg 1024w, https:\/\/www.kliinikum.ee\/psyhhiaatriakliinik\/wp-content\/uploads\/2024\/01\/IMG_2943-300x200.jpg 300w, https:\/\/www.kliinikum.ee\/psyhhiaatriakliinik\/wp-content\/uploads\/2024\/01\/IMG_2943-768x512.jpg 768w, https:\/\/www.kliinikum.ee\/psyhhiaatriakliinik\/wp-content\/uploads\/2024\/01\/IMG_2943-1536x1024.jpg 1536w, https:\/\/www.kliinikum.ee\/psyhhiaatriakliinik\/wp-content\/uploads\/2024\/01\/IMG_2943-2048x1365.jpg 2048w, https:\/\/www.kliinikum.ee\/psyhhiaatriakliinik\/wp-content\/uploads\/2024\/01\/IMG_2943-scaled.jpg 2560w\" sizes=\"auto, (max-width: 1024px) 100vw, 1024px\" \/><\/figure>\n","protected":false},"excerpt":{"rendered":"<p>Keskuse juht | Reigo Reppo | 731 8790 |&nbsp;reigo.reppo@kliinikum.eeKeskuse \u00f5endusjuht | Kersti Treial | 731 8792 |&nbsp;kersti.treial@kliinikum.eeAmbulatoorse keskuse sekret\u00e4r | Krista Zirp | 731 8823 |&nbsp;krista.zirp@kliinikum.eeKeskuse sekret\u00e4r | Jaanika Veel | 731 8754 |&nbsp;jaanika.veel@kliinikum.ee Lasteps\u00fchhiaatria osakonna valve\u00f5de 731 8793Noorukiteps\u00fchhiaatria osakonna valve\u00f5de 731 8863 Tartu \u00dclikooli Kliinikumi ps\u00fchhiaatriakliiniku laste ja noorukite vaimse tervise keskus (edaspidi \u201ekeskus\u201c) [&hellip;]<\/p>\n","protected":false},"author":32,"featured_media":0,"parent":17,"menu_order":40,"comment_status":"closed","ping_status":"closed","template":"","meta":{"_acf_changed":false,"_uag_custom_page_level_css":"","footnotes":""},"class_list":["post-5854","page","type-page","status-publish","hentry"],"acf":[],"yoast_head":"<!-- This site is optimized with the Yoast SEO plugin v27.5 - https:\/\/yoast.com\/product\/yoast-seo-wordpress\/ -->\n<title>Laste ja noorukite vaimse tervise keskus - Ps\u00fchhiaatriakliinik<\/title>\n<meta name=\"robots\" content=\"index, follow, max-snippet:-1, max-image-preview:large, max-video-preview:-1\" \/>\n<link rel=\"canonical\" href=\"https:\/\/www.kliinikum.ee\/psyhhiaatriakliinik\/kliinikust\/laste-ja-noorukite-vaimse-tervise-keskus\/\" \/>\n<meta property=\"og:locale\" content=\"et_EE\" \/>\n<meta property=\"og:type\" content=\"article\" \/>\n<meta property=\"og:title\" content=\"Laste ja noorukite vaimse tervise keskus - Ps\u00fchhiaatriakliinik\" \/>\n<meta property=\"og:description\" content=\"Keskuse juht | Reigo Reppo | 731 8790 |&nbsp;reigo.reppo@kliinikum.eeKeskuse \u00f5endusjuht | Kersti Treial | 731 8792 |&nbsp;kersti.treial@kliinikum.eeAmbulatoorse keskuse sekret\u00e4r | Krista Zirp | 731 8823 |&nbsp;krista.zirp@kliinikum.eeKeskuse sekret\u00e4r | Jaanika Veel | 731 8754 |&nbsp;jaanika.veel@kliinikum.ee Lasteps\u00fchhiaatria osakonna valve\u00f5de 731 8793Noorukiteps\u00fchhiaatria osakonna valve\u00f5de 731 8863 Tartu \u00dclikooli Kliinikumi ps\u00fchhiaatriakliiniku laste ja noorukite vaimse tervise keskus (edaspidi \u201ekeskus\u201c) [&hellip;]\" \/>\n<meta property=\"og:url\" content=\"https:\/\/www.kliinikum.ee\/psyhhiaatriakliinik\/kliinikust\/laste-ja-noorukite-vaimse-tervise-keskus\/\" \/>\n<meta property=\"og:site_name\" content=\"Ps\u00fchhiaatriakliinik\" \/>\n<meta property=\"article:modified_time\" content=\"2026-04-30T05:34:14+00:00\" \/>\n<meta property=\"og:image\" content=\"https:\/\/www.kliinikum.ee\/psyhhiaatriakliinik\/wp-content\/uploads\/2024\/01\/IMG_2943-scaled.jpg\" \/>\n\t<meta property=\"og:image:width\" content=\"2560\" \/>\n\t<meta property=\"og:image:height\" content=\"1706\" \/>\n\t<meta property=\"og:image:type\" content=\"image\/jpeg\" \/>\n<meta name=\"twitter:card\" content=\"summary_large_image\" \/>\n<meta name=\"twitter:label1\" content=\"Est. reading time\" \/>\n\t<meta name=\"twitter:data1\" content=\"2 minutit\" \/>\n<script type=\"application\/ld+json\" class=\"yoast-schema-graph\">{\"@context\":\"https:\\\/\\\/schema.org\",\"@graph\":[{\"@type\":\"WebPage\",\"@id\":\"https:\\\/\\\/www.kliinikum.ee\\\/psyhhiaatriakliinik\\\/kliinikust\\\/laste-ja-noorukite-vaimse-tervise-keskus\\\/\",\"url\":\"https:\\\/\\\/www.kliinikum.ee\\\/psyhhiaatriakliinik\\\/kliinikust\\\/laste-ja-noorukite-vaimse-tervise-keskus\\\/\",\"name\":\"Laste ja noorukite vaimse tervise keskus - Ps\u00fchhiaatriakliinik\",\"isPartOf\":{\"@id\":\"https:\\\/\\\/www.kliinikum.ee\\\/psyhhiaatriakliinik\\\/#website\"},\"primaryImageOfPage\":{\"@id\":\"https:\\\/\\\/www.kliinikum.ee\\\/psyhhiaatriakliinik\\\/kliinikust\\\/laste-ja-noorukite-vaimse-tervise-keskus\\\/#primaryimage\"},\"image\":{\"@id\":\"https:\\\/\\\/www.kliinikum.ee\\\/psyhhiaatriakliinik\\\/kliinikust\\\/laste-ja-noorukite-vaimse-tervise-keskus\\\/#primaryimage\"},\"thumbnailUrl\":\"https:\\\/\\\/www.kliinikum.ee\\\/psyhhiaatriakliinik\\\/wp-content\\\/uploads\\\/2024\\\/01\\\/IMG_2943-1024x683.jpg\",\"datePublished\":\"2023-04-27T06:50:47+00:00\",\"dateModified\":\"2026-04-30T05:34:14+00:00\",\"breadcrumb\":{\"@id\":\"https:\\\/\\\/www.kliinikum.ee\\\/psyhhiaatriakliinik\\\/kliinikust\\\/laste-ja-noorukite-vaimse-tervise-keskus\\\/#breadcrumb\"},\"inLanguage\":\"et\",\"potentialAction\":[{\"@type\":\"ReadAction\",\"target\":[\"https:\\\/\\\/www.kliinikum.ee\\\/psyhhiaatriakliinik\\\/kliinikust\\\/laste-ja-noorukite-vaimse-tervise-keskus\\\/\"]}]},{\"@type\":\"ImageObject\",\"inLanguage\":\"et\",\"@id\":\"https:\\\/\\\/www.kliinikum.ee\\\/psyhhiaatriakliinik\\\/kliinikust\\\/laste-ja-noorukite-vaimse-tervise-keskus\\\/#primaryimage\",\"url\":\"https:\\\/\\\/www.kliinikum.ee\\\/psyhhiaatriakliinik\\\/wp-content\\\/uploads\\\/2024\\\/01\\\/IMG_2943-scaled.jpg\",\"contentUrl\":\"https:\\\/\\\/www.kliinikum.ee\\\/psyhhiaatriakliinik\\\/wp-content\\\/uploads\\\/2024\\\/01\\\/IMG_2943-scaled.jpg\",\"width\":2560,\"height\":1706},{\"@type\":\"BreadcrumbList\",\"@id\":\"https:\\\/\\\/www.kliinikum.ee\\\/psyhhiaatriakliinik\\\/kliinikust\\\/laste-ja-noorukite-vaimse-tervise-keskus\\\/#breadcrumb\",\"itemListElement\":[{\"@type\":\"ListItem\",\"position\":1,\"name\":\"Home\",\"item\":\"https:\\\/\\\/www.kliinikum.ee\\\/psyhhiaatriakliinik\\\/\"},{\"@type\":\"ListItem\",\"position\":2,\"name\":\"Kliinikust\",\"item\":\"https:\\\/\\\/www.kliinikum.ee\\\/psyhhiaatriakliinik\\\/kliinikust\\\/\"},{\"@type\":\"ListItem\",\"position\":3,\"name\":\"Laste ja noorukite vaimse tervise keskus\"}]},{\"@type\":\"WebSite\",\"@id\":\"https:\\\/\\\/www.kliinikum.ee\\\/psyhhiaatriakliinik\\\/#website\",\"url\":\"https:\\\/\\\/www.kliinikum.ee\\\/psyhhiaatriakliinik\\\/\",\"name\":\"Ps\u00fchhiaatriakliinik\",\"description\":\"Hoolivus, Uuendusmeelsus, P\u00e4devus ja Usaldusv\u00e4\u00e4rsus\",\"potentialAction\":[{\"@type\":\"SearchAction\",\"target\":{\"@type\":\"EntryPoint\",\"urlTemplate\":\"https:\\\/\\\/www.kliinikum.ee\\\/psyhhiaatriakliinik\\\/?s={search_term_string}\"},\"query-input\":{\"@type\":\"PropertyValueSpecification\",\"valueRequired\":true,\"valueName\":\"search_term_string\"}}],\"inLanguage\":\"et\"}]}<\/script>\n<!-- \/ Yoast SEO plugin. -->","yoast_head_json":{"title":"Laste ja noorukite vaimse tervise keskus - Ps\u00fchhiaatriakliinik","robots":{"index":"index","follow":"follow","max-snippet":"max-snippet:-1","max-image-preview":"max-image-preview:large","max-video-preview":"max-video-preview:-1"},"canonical":"https:\/\/www.kliinikum.ee\/psyhhiaatriakliinik\/kliinikust\/laste-ja-noorukite-vaimse-tervise-keskus\/","og_locale":"et_EE","og_type":"article","og_title":"Laste ja noorukite vaimse tervise keskus - Ps\u00fchhiaatriakliinik","og_description":"Keskuse juht | Reigo Reppo | 731 8790 |&nbsp;reigo.reppo@kliinikum.eeKeskuse \u00f5endusjuht | Kersti Treial | 731 8792 |&nbsp;kersti.treial@kliinikum.eeAmbulatoorse keskuse sekret\u00e4r | Krista Zirp | 731 8823 |&nbsp;krista.zirp@kliinikum.eeKeskuse sekret\u00e4r | Jaanika Veel | 731 8754 |&nbsp;jaanika.veel@kliinikum.ee Lasteps\u00fchhiaatria osakonna valve\u00f5de 731 8793Noorukiteps\u00fchhiaatria osakonna valve\u00f5de 731 8863 Tartu \u00dclikooli Kliinikumi ps\u00fchhiaatriakliiniku laste ja noorukite vaimse tervise keskus (edaspidi \u201ekeskus\u201c) [&hellip;]","og_url":"https:\/\/www.kliinikum.ee\/psyhhiaatriakliinik\/kliinikust\/laste-ja-noorukite-vaimse-tervise-keskus\/","og_site_name":"Ps\u00fchhiaatriakliinik","article_modified_time":"2026-04-30T05:34:14+00:00","og_image":[{"width":2560,"height":1706,"url":"https:\/\/www.kliinikum.ee\/psyhhiaatriakliinik\/wp-content\/uploads\/2024\/01\/IMG_2943-scaled.jpg","type":"image\/jpeg"}],"twitter_card":"summary_large_image","twitter_misc":{"Est. reading time":"2 minutit"},"schema":{"@context":"https:\/\/schema.org","@graph":[{"@type":"WebPage","@id":"https:\/\/www.kliinikum.ee\/psyhhiaatriakliinik\/kliinikust\/laste-ja-noorukite-vaimse-tervise-keskus\/","url":"https:\/\/www.kliinikum.ee\/psyhhiaatriakliinik\/kliinikust\/laste-ja-noorukite-vaimse-tervise-keskus\/","name":"Laste ja noorukite vaimse tervise keskus - Ps\u00fchhiaatriakliinik","isPartOf":{"@id":"https:\/\/www.kliinikum.ee\/psyhhiaatriakliinik\/#website"},"primaryImageOfPage":{"@id":"https:\/\/www.kliinikum.ee\/psyhhiaatriakliinik\/kliinikust\/laste-ja-noorukite-vaimse-tervise-keskus\/#primaryimage"},"image":{"@id":"https:\/\/www.kliinikum.ee\/psyhhiaatriakliinik\/kliinikust\/laste-ja-noorukite-vaimse-tervise-keskus\/#primaryimage"},"thumbnailUrl":"https:\/\/www.kliinikum.ee\/psyhhiaatriakliinik\/wp-content\/uploads\/2024\/01\/IMG_2943-1024x683.jpg","datePublished":"2023-04-27T06:50:47+00:00","dateModified":"2026-04-30T05:34:14+00:00","breadcrumb":{"@id":"https:\/\/www.kliinikum.ee\/psyhhiaatriakliinik\/kliinikust\/laste-ja-noorukite-vaimse-tervise-keskus\/#breadcrumb"},"inLanguage":"et","potentialAction":[{"@type":"ReadAction","target":["https:\/\/www.kliinikum.ee\/psyhhiaatriakliinik\/kliinikust\/laste-ja-noorukite-vaimse-tervise-keskus\/"]}]},{"@type":"ImageObject","inLanguage":"et","@id":"https:\/\/www.kliinikum.ee\/psyhhiaatriakliinik\/kliinikust\/laste-ja-noorukite-vaimse-tervise-keskus\/#primaryimage","url":"https:\/\/www.kliinikum.ee\/psyhhiaatriakliinik\/wp-content\/uploads\/2024\/01\/IMG_2943-scaled.jpg","contentUrl":"https:\/\/www.kliinikum.ee\/psyhhiaatriakliinik\/wp-content\/uploads\/2024\/01\/IMG_2943-scaled.jpg","width":2560,"height":1706},{"@type":"BreadcrumbList","@id":"https:\/\/www.kliinikum.ee\/psyhhiaatriakliinik\/kliinikust\/laste-ja-noorukite-vaimse-tervise-keskus\/#breadcrumb","itemListElement":[{"@type":"ListItem","position":1,"name":"Home","item":"https:\/\/www.kliinikum.ee\/psyhhiaatriakliinik\/"},{"@type":"ListItem","position":2,"name":"Kliinikust","item":"https:\/\/www.kliinikum.ee\/psyhhiaatriakliinik\/kliinikust\/"},{"@type":"ListItem","position":3,"name":"Laste ja noorukite vaimse tervise keskus"}]},{"@type":"WebSite","@id":"https:\/\/www.kliinikum.ee\/psyhhiaatriakliinik\/#website","url":"https:\/\/www.kliinikum.ee\/psyhhiaatriakliinik\/","name":"Ps\u00fchhiaatriakliinik","description":"Hoolivus, Uuendusmeelsus, P\u00e4devus ja Usaldusv\u00e4\u00e4rsus","potentialAction":[{"@type":"SearchAction","target":{"@type":"EntryPoint","urlTemplate":"https:\/\/www.kliinikum.ee\/psyhhiaatriakliinik\/?s={search_term_string}"},"query-input":{"@type":"PropertyValueSpecification","valueRequired":true,"valueName":"search_term_string"}}],"inLanguage":"et"}]}},"uagb_featured_image_src":{"full":false,"thumbnail":false,"medium":false,"medium_large":false,"large":false,"1536x1536":false,"2048x2048":false},"uagb_author_info":{"display_name":"Jane Freimann","author_link":"https:\/\/www.kliinikum.ee\/psyhhiaatriakliinik\/author\/janef\/"},"uagb_comment_info":0,"uagb_excerpt":"Keskuse juht | Reigo Reppo | 731 8790 |&nbsp;reigo.reppo@kliinikum.eeKeskuse \u00f5endusjuht | Kersti Treial | 731 8792 |&nbsp;kersti.treial@kliinikum.eeAmbulatoorse keskuse sekret\u00e4r | Krista Zirp | 731 8823 |&nbsp;krista.zirp@kliinikum.eeKeskuse sekret\u00e4r | Jaanika Veel | 731 8754 |&nbsp;jaanika.veel@kliinikum.ee Lasteps\u00fchhiaatria osakonna valve\u00f5de 731 8793Noorukiteps\u00fchhiaatria osakonna valve\u00f5de 731 8863 Tartu \u00dclikooli Kliinikumi ps\u00fchhiaatriakliiniku laste ja noorukite vaimse tervise keskus (edaspidi \u201ekeskus\u201c)&hellip;","_links":{"self":[{"href":"https:\/\/www.kliinikum.ee\/psyhhiaatriakliinik\/wp-json\/wp\/v2\/pages\/5854","targetHints":{"allow":["GET"]}}],"collection":[{"href":"https:\/\/www.kliinikum.ee\/psyhhiaatriakliinik\/wp-json\/wp\/v2\/pages"}],"about":[{"href":"https:\/\/www.kliinikum.ee\/psyhhiaatriakliinik\/wp-json\/wp\/v2\/types\/page"}],"author":[{"embeddable":true,"href":"https:\/\/www.kliinikum.ee\/psyhhiaatriakliinik\/wp-json\/wp\/v2\/users\/32"}],"replies":[{"embeddable":true,"href":"https:\/\/www.kliinikum.ee\/psyhhiaatriakliinik\/wp-json\/wp\/v2\/comments?post=5854"}],"version-history":[{"count":1,"href":"https:\/\/www.kliinikum.ee\/psyhhiaatriakliinik\/wp-json\/wp\/v2\/pages\/5854\/revisions"}],"predecessor-version":[{"id":6364,"href":"https:\/\/www.kliinikum.ee\/psyhhiaatriakliinik\/wp-json\/wp\/v2\/pages\/5854\/revisions\/6364"}],"up":[{"embeddable":true,"href":"https:\/\/www.kliinikum.ee\/psyhhiaatriakliinik\/wp-json\/wp\/v2\/pages\/17"}],"wp:attachment":[{"href":"https:\/\/www.kliinikum.ee\/psyhhiaatriakliinik\/wp-json\/wp\/v2\/media?parent=5854"}],"curies":[{"name":"wp","href":"https:\/\/api.w.org\/{rel}","templated":true}]}}