{"id":5856,"date":"2023-04-27T08:51:48","date_gmt":"2023-04-27T06:51:48","guid":{"rendered":"https:\/\/www.kliinikum.ee\/psyhhiaatriakliinik\/?page_id=5856"},"modified":"2025-10-29T14:10:47","modified_gmt":"2025-10-29T12:10:47","slug":"akuutpsuhhiaatria-keskus","status":"publish","type":"page","link":"https:\/\/www.kliinikum.ee\/psyhhiaatriakliinik\/kliinikust\/akuutpsuhhiaatria-keskus\/","title":{"rendered":"Akuutps\u00fchhiaatria keskus"},"content":{"rendered":"\n<p style=\"font-size:clamp(14px, 0.875rem + ((1vw - 3.2px) * 0.455), 18px);\"><strong>Keskuse juht<\/strong> | K\u00e4rt Uppin | 731 8760 |\u00a0<a href=\"mailto:kart.uppin@kliinikum.ee\">kart.uppin@kliinikum.ee<\/a><br><strong>Keskuse \u00f5endusjuht<\/strong> | Dagmar-Christel M\u00e4har | 731 8762 |\u00a0<a href=\"mailto:dagmar-christel.mahar@kliinikum.ee\">dagmar-christel.mahar@kliinikum.ee<\/a><br><strong>Sekret\u00e4r<\/strong>| Tiia Viks | 731 8766 |\u00a0<a href=\"mailto:ele.hanni@kliinikum.ee\">tiia.viks@kliinikum.ee<\/a><\/p>\n\n\n\n<p class=\"has-medium-font-size\"><strong>Meesteosakonna valve\u00f5de<\/strong> 731 8763<br><strong>Naisteosakonna valve\u00f5de<\/strong> 731 8761<br><strong>Subakuutosakonna valve\u00f5de<\/strong> 731 8768<\/p>\n\n\n\n<p class=\"has-medium-font-size\">Ps\u00fchhiaatriakliiniku akuutps\u00fchhiaatria keskus asub aadressil Raja 31, B-korpuse 1. korrusel. Meil on 35 voodikohta 1-3 kohalistes palatites. Osakond on liigendatud kolmeks \u00fcksteisest eraldatud osaks.<\/p>\n\n\n\n<p class=\"has-medium-font-size\">Meie eesm\u00e4rgiks on tagada v\u00f5imalikult efektiivne ja mitmek\u00fclgne ravi, mis aitaks kiiresti seisundi stabiliseerida, edaspidi aga inimesel \u00fchiskonnas v\u00f5rdv\u00e4\u00e4rselt teistega funktsioneerida. Selleks pakume kaasaegset ravil\u00e4henemist, aga ka pereteraapiat, grupiteraapiat ning individuaalset ps\u00fchhoteraapiat. Koost\u00f6\u00f6s anestesioloogia ja intensiivravi kliinikuga on loodud elektrokonvulsiivravi v\u00f5imalus kolmel korral n\u00e4dalas.<\/p>\n\n\n\n<p class=\"has-medium-font-size\">Teenindame esmajoones v\u00e4ltimatut abi vajavaid haigeid, aga ka plaanilisi haigeid, pakume laiemalt 3. tasandi eriarstiabi. Osakonnas viibivad patsiendid s\u00f5ltuvalt seisundist nii tahtest olenematu ravi otsuse (<a href=\"https:\/\/www.kliinikum.ee\/patsiendiinfo-andmebaas\/tahtest-olenematu-ravi\/\">Tahtest olenematu ravi<\/a>) kui ka ravilepingu alusel.<\/p>\n\n\n\n<p class=\"has-medium-font-size\">Pakume abi eelk\u00f5ige j\u00e4rgmiste seisundite puhul:<\/p>\n\n\n\n<ul class=\"wp-block-list\">\n<li class=\"has-medium-font-size\">Esmased ps\u00fchhootilised h\u00e4ired<\/li>\n\n\n\n<li class=\"has-medium-font-size\">Kroonilised ps\u00fchhootilised h\u00e4ired<\/li>\n\n\n\n<li class=\"has-medium-font-size\">Orgaanilised ps\u00fc\u00fchikah\u00e4ired<\/li>\n\n\n\n<li class=\"has-medium-font-size\">T\u00fcsistunud alkoholv\u00f5\u00f5rustusseisundid<\/li>\n\n\n\n<li class=\"has-medium-font-size\">Bipolaarsed h\u00e4ired<\/li>\n\n\n\n<li class=\"has-medium-font-size\">Diferentsiaaldiagnostilised seisundid<\/li>\n\n\n\n<li class=\"has-medium-font-size\">Statsionaarsed kohtups\u00fchhiaatrilised ekspertiisid&nbsp;<\/li>\n<\/ul>\n\n\n\n<p class=\"has-medium-font-size\">Ravimeeskonda kuuluvad 7 ps\u00fchhiaatrit, 2 ps\u00fchholoogi-pereterapeuti, sisearst, juhtumikorraldaja, \u00f5ed, hooldajad, tegevusjuhendajad, residendid. Suurem osa \u00f5desid omavad ps\u00fchhiaatria\u00f5e kutset. Korraga on keskmiselt t\u00f6\u00f6l 6 \u00f5de ja 3 hooldajat.<\/p>\n\n\n\n<p class=\"has-medium-font-size\">Oleme Tartu \u00fclikooli arstiteaduskonna \u00f5ppebaas, baasiks esmaste ning korduvate ps\u00fchhooside teadusuuringutele, samuti ps\u00fchhoosi prodroomperioodi teadusuuringule.<\/p>\n\n\n\n<p class=\"has-medium-font-size\">Haigla j\u00e4rjekorda saab panna tervishoiut\u00f6\u00f6taja telefonil 7318760 v\u00f5i meilitsi&nbsp;<a href=\"mailto:kart.uppin@kliinikum.ee\">kart.uppin@kliinikum.ee<\/a>, vajalik seisundi t\u00e4psem kirjeldus.<\/p>\n\n\n\n<p>Patsientidel on v\u00f5imalus jalutada suletud \u00f5uealal, meil on igap\u00e4evaselt avatud tegevustuba, kus saab m\u00e4ngida lauam\u00e4nge, koroonat, s\u00f5ita veloergomeetril, lugeda v\u00e4rskeid ajalehti, tegeleda juhendaja suunamisel k\u00e4elise tegevusega. Tegevustoas saab kasutada piiratud ulatuses ka arvutit.<\/p>\n\n\n\n<figure class=\"wp-block-image size-large\"><img loading=\"lazy\" decoding=\"async\" width=\"1024\" height=\"683\" src=\"https:\/\/www.kliinikum.ee\/psyhhiaatriakliinik\/wp-content\/uploads\/2024\/01\/IMG_2601-1024x683.jpg\" alt=\"\" class=\"wp-image-5913\" srcset=\"https:\/\/www.kliinikum.ee\/psyhhiaatriakliinik\/wp-content\/uploads\/2024\/01\/IMG_2601-1024x683.jpg 1024w, https:\/\/www.kliinikum.ee\/psyhhiaatriakliinik\/wp-content\/uploads\/2024\/01\/IMG_2601-300x200.jpg 300w, https:\/\/www.kliinikum.ee\/psyhhiaatriakliinik\/wp-content\/uploads\/2024\/01\/IMG_2601-768x512.jpg 768w, https:\/\/www.kliinikum.ee\/psyhhiaatriakliinik\/wp-content\/uploads\/2024\/01\/IMG_2601-1536x1024.jpg 1536w, https:\/\/www.kliinikum.ee\/psyhhiaatriakliinik\/wp-content\/uploads\/2024\/01\/IMG_2601-2048x1365.jpg 2048w, https:\/\/www.kliinikum.ee\/psyhhiaatriakliinik\/wp-content\/uploads\/2024\/01\/IMG_2601-scaled.jpg 2560w\" sizes=\"auto, (max-width: 1024px) 100vw, 1024px\" \/><\/figure>\n","protected":false},"excerpt":{"rendered":"<p>Keskuse juht | K\u00e4rt Uppin | 731 8760 |\u00a0kart.uppin@kliinikum.eeKeskuse \u00f5endusjuht | Dagmar-Christel M\u00e4har | 731 8762 |\u00a0dagmar-christel.mahar@kliinikum.eeSekret\u00e4r| Tiia Viks | 731 8766 |\u00a0tiia.viks@kliinikum.ee Meesteosakonna valve\u00f5de 731 8763Naisteosakonna valve\u00f5de 731 8761Subakuutosakonna valve\u00f5de 731 8768 Ps\u00fchhiaatriakliiniku akuutps\u00fchhiaatria keskus asub aadressil Raja 31, B-korpuse 1. korrusel. Meil on 35 voodikohta 1-3 kohalistes palatites. Osakond on liigendatud kolmeks \u00fcksteisest [&hellip;]<\/p>\n","protected":false},"author":32,"featured_media":0,"parent":17,"menu_order":50,"comment_status":"closed","ping_status":"closed","template":"","meta":{"_acf_changed":false,"_uag_custom_page_level_css":"","footnotes":""},"class_list":["post-5856","page","type-page","status-publish","hentry"],"acf":[],"yoast_head":"<!-- This site is optimized with the Yoast SEO plugin v27.5 - https:\/\/yoast.com\/product\/yoast-seo-wordpress\/ -->\n<title>Akuutps\u00fchhiaatria keskus - Ps\u00fchhiaatriakliinik<\/title>\n<meta name=\"robots\" content=\"index, follow, max-snippet:-1, max-image-preview:large, max-video-preview:-1\" \/>\n<link rel=\"canonical\" href=\"https:\/\/www.kliinikum.ee\/psyhhiaatriakliinik\/kliinikust\/akuutpsuhhiaatria-keskus\/\" \/>\n<meta property=\"og:locale\" content=\"et_EE\" \/>\n<meta property=\"og:type\" content=\"article\" \/>\n<meta property=\"og:title\" content=\"Akuutps\u00fchhiaatria keskus - Ps\u00fchhiaatriakliinik\" \/>\n<meta property=\"og:description\" content=\"Keskuse juht | K\u00e4rt Uppin | 731 8760 |\u00a0kart.uppin@kliinikum.eeKeskuse \u00f5endusjuht | Dagmar-Christel M\u00e4har | 731 8762 |\u00a0dagmar-christel.mahar@kliinikum.eeSekret\u00e4r| Tiia Viks | 731 8766 |\u00a0tiia.viks@kliinikum.ee Meesteosakonna valve\u00f5de 731 8763Naisteosakonna valve\u00f5de 731 8761Subakuutosakonna valve\u00f5de 731 8768 Ps\u00fchhiaatriakliiniku akuutps\u00fchhiaatria keskus asub aadressil Raja 31, B-korpuse 1. korrusel. Meil on 35 voodikohta 1-3 kohalistes palatites. Osakond on liigendatud kolmeks \u00fcksteisest [&hellip;]\" \/>\n<meta property=\"og:url\" content=\"https:\/\/www.kliinikum.ee\/psyhhiaatriakliinik\/kliinikust\/akuutpsuhhiaatria-keskus\/\" \/>\n<meta property=\"og:site_name\" content=\"Ps\u00fchhiaatriakliinik\" \/>\n<meta property=\"article:modified_time\" content=\"2025-10-29T12:10:47+00:00\" \/>\n<meta property=\"og:image\" content=\"https:\/\/www.kliinikum.ee\/psyhhiaatriakliinik\/wp-content\/uploads\/2024\/01\/IMG_2601-scaled.jpg\" \/>\n\t<meta property=\"og:image:width\" content=\"2560\" \/>\n\t<meta property=\"og:image:height\" content=\"1706\" \/>\n\t<meta property=\"og:image:type\" content=\"image\/jpeg\" \/>\n<meta name=\"twitter:card\" content=\"summary_large_image\" \/>\n<meta name=\"twitter:label1\" content=\"Est. reading time\" \/>\n\t<meta name=\"twitter:data1\" content=\"2 minutit\" \/>\n<script type=\"application\/ld+json\" class=\"yoast-schema-graph\">{\"@context\":\"https:\\\/\\\/schema.org\",\"@graph\":[{\"@type\":\"WebPage\",\"@id\":\"https:\\\/\\\/www.kliinikum.ee\\\/psyhhiaatriakliinik\\\/kliinikust\\\/akuutpsuhhiaatria-keskus\\\/\",\"url\":\"https:\\\/\\\/www.kliinikum.ee\\\/psyhhiaatriakliinik\\\/kliinikust\\\/akuutpsuhhiaatria-keskus\\\/\",\"name\":\"Akuutps\u00fchhiaatria keskus - Ps\u00fchhiaatriakliinik\",\"isPartOf\":{\"@id\":\"https:\\\/\\\/www.kliinikum.ee\\\/psyhhiaatriakliinik\\\/#website\"},\"primaryImageOfPage\":{\"@id\":\"https:\\\/\\\/www.kliinikum.ee\\\/psyhhiaatriakliinik\\\/kliinikust\\\/akuutpsuhhiaatria-keskus\\\/#primaryimage\"},\"image\":{\"@id\":\"https:\\\/\\\/www.kliinikum.ee\\\/psyhhiaatriakliinik\\\/kliinikust\\\/akuutpsuhhiaatria-keskus\\\/#primaryimage\"},\"thumbnailUrl\":\"https:\\\/\\\/www.kliinikum.ee\\\/psyhhiaatriakliinik\\\/wp-content\\\/uploads\\\/2024\\\/01\\\/IMG_2601-1024x683.jpg\",\"datePublished\":\"2023-04-27T06:51:48+00:00\",\"dateModified\":\"2025-10-29T12:10:47+00:00\",\"breadcrumb\":{\"@id\":\"https:\\\/\\\/www.kliinikum.ee\\\/psyhhiaatriakliinik\\\/kliinikust\\\/akuutpsuhhiaatria-keskus\\\/#breadcrumb\"},\"inLanguage\":\"et\",\"potentialAction\":[{\"@type\":\"ReadAction\",\"target\":[\"https:\\\/\\\/www.kliinikum.ee\\\/psyhhiaatriakliinik\\\/kliinikust\\\/akuutpsuhhiaatria-keskus\\\/\"]}]},{\"@type\":\"ImageObject\",\"inLanguage\":\"et\",\"@id\":\"https:\\\/\\\/www.kliinikum.ee\\\/psyhhiaatriakliinik\\\/kliinikust\\\/akuutpsuhhiaatria-keskus\\\/#primaryimage\",\"url\":\"https:\\\/\\\/www.kliinikum.ee\\\/psyhhiaatriakliinik\\\/wp-content\\\/uploads\\\/2024\\\/01\\\/IMG_2601-scaled.jpg\",\"contentUrl\":\"https:\\\/\\\/www.kliinikum.ee\\\/psyhhiaatriakliinik\\\/wp-content\\\/uploads\\\/2024\\\/01\\\/IMG_2601-scaled.jpg\",\"width\":2560,\"height\":1706},{\"@type\":\"BreadcrumbList\",\"@id\":\"https:\\\/\\\/www.kliinikum.ee\\\/psyhhiaatriakliinik\\\/kliinikust\\\/akuutpsuhhiaatria-keskus\\\/#breadcrumb\",\"itemListElement\":[{\"@type\":\"ListItem\",\"position\":1,\"name\":\"Home\",\"item\":\"https:\\\/\\\/www.kliinikum.ee\\\/psyhhiaatriakliinik\\\/\"},{\"@type\":\"ListItem\",\"position\":2,\"name\":\"Kliinikust\",\"item\":\"https:\\\/\\\/www.kliinikum.ee\\\/psyhhiaatriakliinik\\\/kliinikust\\\/\"},{\"@type\":\"ListItem\",\"position\":3,\"name\":\"Akuutps\u00fchhiaatria keskus\"}]},{\"@type\":\"WebSite\",\"@id\":\"https:\\\/\\\/www.kliinikum.ee\\\/psyhhiaatriakliinik\\\/#website\",\"url\":\"https:\\\/\\\/www.kliinikum.ee\\\/psyhhiaatriakliinik\\\/\",\"name\":\"Ps\u00fchhiaatriakliinik\",\"description\":\"Hoolivus, Uuendusmeelsus, P\u00e4devus ja Usaldusv\u00e4\u00e4rsus\",\"potentialAction\":[{\"@type\":\"SearchAction\",\"target\":{\"@type\":\"EntryPoint\",\"urlTemplate\":\"https:\\\/\\\/www.kliinikum.ee\\\/psyhhiaatriakliinik\\\/?s={search_term_string}\"},\"query-input\":{\"@type\":\"PropertyValueSpecification\",\"valueRequired\":true,\"valueName\":\"search_term_string\"}}],\"inLanguage\":\"et\"}]}<\/script>\n<!-- \/ Yoast SEO plugin. -->","yoast_head_json":{"title":"Akuutps\u00fchhiaatria keskus - Ps\u00fchhiaatriakliinik","robots":{"index":"index","follow":"follow","max-snippet":"max-snippet:-1","max-image-preview":"max-image-preview:large","max-video-preview":"max-video-preview:-1"},"canonical":"https:\/\/www.kliinikum.ee\/psyhhiaatriakliinik\/kliinikust\/akuutpsuhhiaatria-keskus\/","og_locale":"et_EE","og_type":"article","og_title":"Akuutps\u00fchhiaatria keskus - Ps\u00fchhiaatriakliinik","og_description":"Keskuse juht | K\u00e4rt Uppin | 731 8760 |\u00a0kart.uppin@kliinikum.eeKeskuse \u00f5endusjuht | Dagmar-Christel M\u00e4har | 731 8762 |\u00a0dagmar-christel.mahar@kliinikum.eeSekret\u00e4r| Tiia Viks | 731 8766 |\u00a0tiia.viks@kliinikum.ee Meesteosakonna valve\u00f5de 731 8763Naisteosakonna valve\u00f5de 731 8761Subakuutosakonna valve\u00f5de 731 8768 Ps\u00fchhiaatriakliiniku akuutps\u00fchhiaatria keskus asub aadressil Raja 31, B-korpuse 1. korrusel. Meil on 35 voodikohta 1-3 kohalistes palatites. Osakond on liigendatud kolmeks \u00fcksteisest [&hellip;]","og_url":"https:\/\/www.kliinikum.ee\/psyhhiaatriakliinik\/kliinikust\/akuutpsuhhiaatria-keskus\/","og_site_name":"Ps\u00fchhiaatriakliinik","article_modified_time":"2025-10-29T12:10:47+00:00","og_image":[{"width":2560,"height":1706,"url":"https:\/\/www.kliinikum.ee\/psyhhiaatriakliinik\/wp-content\/uploads\/2024\/01\/IMG_2601-scaled.jpg","type":"image\/jpeg"}],"twitter_card":"summary_large_image","twitter_misc":{"Est. reading time":"2 minutit"},"schema":{"@context":"https:\/\/schema.org","@graph":[{"@type":"WebPage","@id":"https:\/\/www.kliinikum.ee\/psyhhiaatriakliinik\/kliinikust\/akuutpsuhhiaatria-keskus\/","url":"https:\/\/www.kliinikum.ee\/psyhhiaatriakliinik\/kliinikust\/akuutpsuhhiaatria-keskus\/","name":"Akuutps\u00fchhiaatria keskus - Ps\u00fchhiaatriakliinik","isPartOf":{"@id":"https:\/\/www.kliinikum.ee\/psyhhiaatriakliinik\/#website"},"primaryImageOfPage":{"@id":"https:\/\/www.kliinikum.ee\/psyhhiaatriakliinik\/kliinikust\/akuutpsuhhiaatria-keskus\/#primaryimage"},"image":{"@id":"https:\/\/www.kliinikum.ee\/psyhhiaatriakliinik\/kliinikust\/akuutpsuhhiaatria-keskus\/#primaryimage"},"thumbnailUrl":"https:\/\/www.kliinikum.ee\/psyhhiaatriakliinik\/wp-content\/uploads\/2024\/01\/IMG_2601-1024x683.jpg","datePublished":"2023-04-27T06:51:48+00:00","dateModified":"2025-10-29T12:10:47+00:00","breadcrumb":{"@id":"https:\/\/www.kliinikum.ee\/psyhhiaatriakliinik\/kliinikust\/akuutpsuhhiaatria-keskus\/#breadcrumb"},"inLanguage":"et","potentialAction":[{"@type":"ReadAction","target":["https:\/\/www.kliinikum.ee\/psyhhiaatriakliinik\/kliinikust\/akuutpsuhhiaatria-keskus\/"]}]},{"@type":"ImageObject","inLanguage":"et","@id":"https:\/\/www.kliinikum.ee\/psyhhiaatriakliinik\/kliinikust\/akuutpsuhhiaatria-keskus\/#primaryimage","url":"https:\/\/www.kliinikum.ee\/psyhhiaatriakliinik\/wp-content\/uploads\/2024\/01\/IMG_2601-scaled.jpg","contentUrl":"https:\/\/www.kliinikum.ee\/psyhhiaatriakliinik\/wp-content\/uploads\/2024\/01\/IMG_2601-scaled.jpg","width":2560,"height":1706},{"@type":"BreadcrumbList","@id":"https:\/\/www.kliinikum.ee\/psyhhiaatriakliinik\/kliinikust\/akuutpsuhhiaatria-keskus\/#breadcrumb","itemListElement":[{"@type":"ListItem","position":1,"name":"Home","item":"https:\/\/www.kliinikum.ee\/psyhhiaatriakliinik\/"},{"@type":"ListItem","position":2,"name":"Kliinikust","item":"https:\/\/www.kliinikum.ee\/psyhhiaatriakliinik\/kliinikust\/"},{"@type":"ListItem","position":3,"name":"Akuutps\u00fchhiaatria keskus"}]},{"@type":"WebSite","@id":"https:\/\/www.kliinikum.ee\/psyhhiaatriakliinik\/#website","url":"https:\/\/www.kliinikum.ee\/psyhhiaatriakliinik\/","name":"Ps\u00fchhiaatriakliinik","description":"Hoolivus, Uuendusmeelsus, P\u00e4devus ja Usaldusv\u00e4\u00e4rsus","potentialAction":[{"@type":"SearchAction","target":{"@type":"EntryPoint","urlTemplate":"https:\/\/www.kliinikum.ee\/psyhhiaatriakliinik\/?s={search_term_string}"},"query-input":{"@type":"PropertyValueSpecification","valueRequired":true,"valueName":"search_term_string"}}],"inLanguage":"et"}]}},"uagb_featured_image_src":{"full":false,"thumbnail":false,"medium":false,"medium_large":false,"large":false,"1536x1536":false,"2048x2048":false},"uagb_author_info":{"display_name":"Jane Freimann","author_link":"https:\/\/www.kliinikum.ee\/psyhhiaatriakliinik\/author\/janef\/"},"uagb_comment_info":0,"uagb_excerpt":"Keskuse juht | K\u00e4rt Uppin | 731 8760 |\u00a0kart.uppin@kliinikum.eeKeskuse \u00f5endusjuht | Dagmar-Christel M\u00e4har | 731 8762 |\u00a0dagmar-christel.mahar@kliinikum.eeSekret\u00e4r| Tiia Viks | 731 8766 |\u00a0tiia.viks@kliinikum.ee Meesteosakonna valve\u00f5de 731 8763Naisteosakonna valve\u00f5de 731 8761Subakuutosakonna valve\u00f5de 731 8768 Ps\u00fchhiaatriakliiniku akuutps\u00fchhiaatria keskus asub aadressil Raja 31, B-korpuse 1. korrusel. Meil on 35 voodikohta 1-3 kohalistes palatites. Osakond on liigendatud kolmeks \u00fcksteisest&hellip;","_links":{"self":[{"href":"https:\/\/www.kliinikum.ee\/psyhhiaatriakliinik\/wp-json\/wp\/v2\/pages\/5856","targetHints":{"allow":["GET"]}}],"collection":[{"href":"https:\/\/www.kliinikum.ee\/psyhhiaatriakliinik\/wp-json\/wp\/v2\/pages"}],"about":[{"href":"https:\/\/www.kliinikum.ee\/psyhhiaatriakliinik\/wp-json\/wp\/v2\/types\/page"}],"author":[{"embeddable":true,"href":"https:\/\/www.kliinikum.ee\/psyhhiaatriakliinik\/wp-json\/wp\/v2\/users\/32"}],"replies":[{"embeddable":true,"href":"https:\/\/www.kliinikum.ee\/psyhhiaatriakliinik\/wp-json\/wp\/v2\/comments?post=5856"}],"version-history":[{"count":0,"href":"https:\/\/www.kliinikum.ee\/psyhhiaatriakliinik\/wp-json\/wp\/v2\/pages\/5856\/revisions"}],"up":[{"embeddable":true,"href":"https:\/\/www.kliinikum.ee\/psyhhiaatriakliinik\/wp-json\/wp\/v2\/pages\/17"}],"wp:attachment":[{"href":"https:\/\/www.kliinikum.ee\/psyhhiaatriakliinik\/wp-json\/wp\/v2\/media?parent=5856"}],"curies":[{"name":"wp","href":"https:\/\/api.w.org\/{rel}","templated":true}]}}