{"id":5858,"date":"2023-04-27T08:52:39","date_gmt":"2023-04-27T06:52:39","guid":{"rendered":"https:\/\/www.kliinikum.ee\/psyhhiaatriakliinik\/?page_id=5858"},"modified":"2026-03-10T19:04:22","modified_gmt":"2026-03-10T17:04:22","slug":"soltuvushairete-keskus","status":"publish","type":"page","link":"https:\/\/www.kliinikum.ee\/psyhhiaatriakliinik\/kliinikust\/soltuvushairete-keskus\/","title":{"rendered":"S\u00f5ltuvush\u00e4irete keskus"},"content":{"rendered":"\n<p style=\"font-size:clamp(14px, 0.875rem + ((1vw - 3.2px) * 0.455), 18px);\"><strong>Keskuse juht<\/strong>&nbsp;| Teve Rauks-P\u00e4rgm\u00e4e | 731 8732 |&nbsp;<a href=\"mailto:teve.rauks-pargmae@kliinikum.ee\">teve.rauks-pargmae@kliinikum.ee<\/a>|&nbsp;<br><strong>Keskuse \u00f5endusjuht<\/strong> | K\u00e4tlin L\u00fcnekund | 731 8729 | &nbsp;<a href=\"mailto:katlin.lunekund@kliinikum.ee\">katlin.lunekund@kliinikum.ee<\/a><br><strong>Sekret\u00e4r<\/strong> | Marje Peltser-Arro | 731 8710 |&nbsp;<a href=\"mailto:marje.peltser@kliinikum.ee\"><\/a><a href=\"mailto:marje.peltser-arro@kliinikum.ee\">marje.peltser-arro@kliinikum.ee<\/a><\/p>\n\n\n\n<p class=\"has-medium-font-size\">Tartu \u00dclikooli Kliinikumi ps\u00fchhiaatriakliiniku s\u00f5ltuvush\u00e4irete keskuses ravitakse erinevaid ps\u00fchhoaktiivsete ainete (alkohol, rahustid, stimulandid, kannabinoidid, opioidid) poolt p\u00f5hjustatud s\u00f5ltuvush\u00e4ireid. <br>S\u00f5ltuvush\u00e4irete keskus asub aadressil Riia 167.<\/p>\n\n\n\n<p class=\"has-medium-font-size\">S\u00f5ltuvush\u00e4irete keskuses t\u00f6\u00f6tavad ps\u00fchhiaatrid dr Teelia Rolko, dr Teve Rauks-P\u00e4rgm\u00e4e ja dr Liina Voormansik.<\/p>\n\n\n\n<p><\/p>\n\n\n\n<p class=\"has-medium-font-size\"><u><strong>Ambulatoorne vastuv\u00f5tt:<\/strong><\/u><\/p>\n\n\n\n<p class=\"has-medium-font-size\">Esmane vastuv\u00f5tt toimub <a href=\"https:\/\/www.kliinikum.ee\/psyhhiaatriakliinik\/patsiendile\/vastuvotuajad\/vastuvotud\/\">s\u00f5ltuvush\u00e4irete \u00f5e juures<\/a> (saatekiri ei ole vajalik).&nbsp;Vastuv\u00f5tule saab registreerida telefoni teel<strong>&nbsp;<\/strong>731 9100.<\/p>\n\n\n\n<p><strong><u>Ambulatoorne metadoon\/buprenorfiin-asendusravi opioids\u00f5ltlastele:<\/u><\/strong><\/p>\n\n\n\n<p class=\"has-medium-font-size\">Vastuv\u00f5tt toimub E ja N kell 08:00-10:00. T\u00e4psem info telefonil 731 7411 asendusravi \u00f5de ja 731 8729 \u00f5endusjuht. Ravi saavad ka kindlustamata patsiendid.<\/p>\n\n\n\n<p><\/p>\n\n\n\n<p class=\"has-medium-font-size\">Ravimeeskonda kuuluvad ps\u00fchhiaater, vaimse tervise \u00f5ed, kliiniline ps\u00fchholoog ja sotsiaalt\u00f6\u00f6taja. Teenust rahastab Tervise Arengu Instituut.<\/p>\n\n\n\n<p class=\"has-medium-font-size\"><u><strong>P\u00e4evaravi:<\/strong><\/u><\/p>\n\n\n\n<p class=\"has-medium-font-size\">Osakonnas on 6 kohta. Ravi pikkus keskmiselt kuni 8 n\u00e4dalat. P\u00e4evaravi vajaduse hindab ps\u00fchhiaater. T\u00e4psemate k\u00fcsimuste korral aitab Teid p\u00e4evaravi \u00f5de telefonil 731 7414 (E-R 09:00-15:00).<\/p>\n\n\n\n<p class=\"has-medium-font-size\"><strong><u>Statsionaarne ravi:<\/u><\/strong><\/p>\n\n\n\n<p class=\"has-medium-font-size\"> Osakonnas on 15 voodikohta. Ravi pikkus keskmiselt 2-3 n\u00e4dalat. Statsionaarse ravi vajaduse hindab ps\u00fchhiaater, t\u00e4psemate k\u00fcsimuste korral aitab Teid sekret\u00e4r telefonil 731 8710 (E-R 08:00-16:00).<\/p>\n\n\n\n<p class=\"has-medium-font-size\"> S\u00f5ltuvush\u00e4irete keskuses t\u00f6\u00f6tavad ps\u00fchhiaatrid dr Teelia Rolko, dr Teve Rauks-P\u00e4rgm\u00e4e ja dr Liina Voormansik.<\/p>\n\n\n\n<p class=\"has-medium-font-size\"><strong>Kolleegile:&nbsp;Millal suunata s\u00f5ltuvush\u00e4irete statsionaari?<\/strong><\/p>\n\n\n\n<ul class=\"wp-block-list\">\n<li style=\"font-size:clamp(14px, 0.875rem + ((1vw - 3.2px) * 0.455), 18px);\">Esineb ps\u00fchhoaktiivsete ainete liigtarvitamine, millest on tingitud somaatilised ja\/v\u00f5i vaimsed h\u00e4ired, mis on k\u00e4esoleva hospitaliseerimise peamisi p\u00f5hjuseid.&nbsp;<\/li>\n\n\n\n<li style=\"font-size:clamp(14px, 0.875rem + ((1vw - 3.2px) * 0.455), 18px);\">Esineb k\u00f5rge tagasilanguse risk hospitaliseerimise j\u00e4rgselt.<\/li>\n\n\n\n<li style=\"font-size:clamp(14px, 0.875rem + ((1vw - 3.2px) * 0.455), 18px);\">Patsient on ise motiveeritud s\u00f5ltuvusraviga tegelema.<\/li>\n\n\n\n<li style=\"font-size:clamp(14px, 0.875rem + ((1vw - 3.2px) * 0.455), 18px);\">Patsient on somaatiliselt stabiilne ja ei vaja p\u00f5hihaiguse osas aktiivravi, sh intravenoosset ravi.<\/li>\n\n\n\n<li style=\"font-size:clamp(14px, 0.875rem + ((1vw - 3.2px) * 0.455), 18px);\">Patsiendil ei esine \u00e4gedat ps\u00fchhoosi, deliiriumit.&nbsp;<\/li>\n<\/ul>\n\n\n\n<p style=\"font-size:clamp(14px, 0.875rem + ((1vw - 3.2px) * 0.455), 18px);\">\u00dcmbersuunamiseks ja vajadusel eelnevalt konsulteerimiseks v\u00f5tta \u00fchendust keskuse juhiga. Suunamisel on vajalik saatekiri.<\/p>\n\n\n\n<p class=\"has-medium-font-size\">S\u00f5ltuvush\u00e4irete keskuses on v\u00f5imalik patsientidele teostada tasulist <strong>alkoholiv\u00f5\u00f5rutuse infusioonravi<\/strong>. T\u00e4psem info <a href=\"https:\/\/www.kliinikum.ee\/psyhhiaatriakliinik\/patsiendile\/teenused\/\">siin<\/a>.<\/p>\n\n\n\n<p><\/p>\n","protected":false},"excerpt":{"rendered":"<p>Keskuse juht&nbsp;| Teve Rauks-P\u00e4rgm\u00e4e | 731 8732 |&nbsp;teve.rauks-pargmae@kliinikum.ee|&nbsp;Keskuse \u00f5endusjuht | K\u00e4tlin L\u00fcnekund | 731 8729 | &nbsp;katlin.lunekund@kliinikum.eeSekret\u00e4r | Marje Peltser-Arro | 731 8710 |&nbsp;marje.peltser-arro@kliinikum.ee Tartu \u00dclikooli Kliinikumi ps\u00fchhiaatriakliiniku s\u00f5ltuvush\u00e4irete keskuses ravitakse erinevaid ps\u00fchhoaktiivsete ainete (alkohol, rahustid, stimulandid, kannabinoidid, opioidid) poolt p\u00f5hjustatud s\u00f5ltuvush\u00e4ireid. S\u00f5ltuvush\u00e4irete keskus asub aadressil Riia 167. S\u00f5ltuvush\u00e4irete keskuses t\u00f6\u00f6tavad ps\u00fchhiaatrid dr Teelia Rolko, [&hellip;]<\/p>\n","protected":false},"author":32,"featured_media":0,"parent":17,"menu_order":60,"comment_status":"closed","ping_status":"closed","template":"","meta":{"_acf_changed":false,"_uag_custom_page_level_css":"","footnotes":""},"class_list":["post-5858","page","type-page","status-publish","hentry"],"acf":[],"yoast_head":"<!-- This site is optimized with the Yoast SEO plugin v27.5 - https:\/\/yoast.com\/product\/yoast-seo-wordpress\/ -->\n<title>S\u00f5ltuvush\u00e4irete keskus - Ps\u00fchhiaatriakliinik<\/title>\n<meta name=\"robots\" content=\"index, follow, max-snippet:-1, max-image-preview:large, max-video-preview:-1\" \/>\n<link rel=\"canonical\" href=\"https:\/\/www.kliinikum.ee\/psyhhiaatriakliinik\/kliinikust\/soltuvushairete-keskus\/\" \/>\n<meta property=\"og:locale\" content=\"et_EE\" \/>\n<meta property=\"og:type\" content=\"article\" \/>\n<meta property=\"og:title\" content=\"S\u00f5ltuvush\u00e4irete keskus - Ps\u00fchhiaatriakliinik\" \/>\n<meta property=\"og:description\" content=\"Keskuse juht&nbsp;| Teve Rauks-P\u00e4rgm\u00e4e | 731 8732 |&nbsp;teve.rauks-pargmae@kliinikum.ee|&nbsp;Keskuse \u00f5endusjuht | K\u00e4tlin L\u00fcnekund | 731 8729 | &nbsp;katlin.lunekund@kliinikum.eeSekret\u00e4r | Marje Peltser-Arro | 731 8710 |&nbsp;marje.peltser-arro@kliinikum.ee Tartu \u00dclikooli Kliinikumi ps\u00fchhiaatriakliiniku s\u00f5ltuvush\u00e4irete keskuses ravitakse erinevaid ps\u00fchhoaktiivsete ainete (alkohol, rahustid, stimulandid, kannabinoidid, opioidid) poolt p\u00f5hjustatud s\u00f5ltuvush\u00e4ireid. S\u00f5ltuvush\u00e4irete keskus asub aadressil Riia 167. S\u00f5ltuvush\u00e4irete keskuses t\u00f6\u00f6tavad ps\u00fchhiaatrid dr Teelia Rolko, [&hellip;]\" \/>\n<meta property=\"og:url\" content=\"https:\/\/www.kliinikum.ee\/psyhhiaatriakliinik\/kliinikust\/soltuvushairete-keskus\/\" \/>\n<meta property=\"og:site_name\" content=\"Ps\u00fchhiaatriakliinik\" \/>\n<meta property=\"article:modified_time\" content=\"2026-03-10T17:04:22+00:00\" \/>\n<meta name=\"twitter:card\" content=\"summary_large_image\" \/>\n<meta name=\"twitter:label1\" content=\"Est. reading time\" \/>\n\t<meta name=\"twitter:data1\" content=\"2 minutit\" \/>\n<script type=\"application\/ld+json\" class=\"yoast-schema-graph\">{\"@context\":\"https:\\\/\\\/schema.org\",\"@graph\":[{\"@type\":\"WebPage\",\"@id\":\"https:\\\/\\\/www.kliinikum.ee\\\/psyhhiaatriakliinik\\\/kliinikust\\\/soltuvushairete-keskus\\\/\",\"url\":\"https:\\\/\\\/www.kliinikum.ee\\\/psyhhiaatriakliinik\\\/kliinikust\\\/soltuvushairete-keskus\\\/\",\"name\":\"S\u00f5ltuvush\u00e4irete keskus - Ps\u00fchhiaatriakliinik\",\"isPartOf\":{\"@id\":\"https:\\\/\\\/www.kliinikum.ee\\\/psyhhiaatriakliinik\\\/#website\"},\"datePublished\":\"2023-04-27T06:52:39+00:00\",\"dateModified\":\"2026-03-10T17:04:22+00:00\",\"breadcrumb\":{\"@id\":\"https:\\\/\\\/www.kliinikum.ee\\\/psyhhiaatriakliinik\\\/kliinikust\\\/soltuvushairete-keskus\\\/#breadcrumb\"},\"inLanguage\":\"et\",\"potentialAction\":[{\"@type\":\"ReadAction\",\"target\":[\"https:\\\/\\\/www.kliinikum.ee\\\/psyhhiaatriakliinik\\\/kliinikust\\\/soltuvushairete-keskus\\\/\"]}]},{\"@type\":\"BreadcrumbList\",\"@id\":\"https:\\\/\\\/www.kliinikum.ee\\\/psyhhiaatriakliinik\\\/kliinikust\\\/soltuvushairete-keskus\\\/#breadcrumb\",\"itemListElement\":[{\"@type\":\"ListItem\",\"position\":1,\"name\":\"Home\",\"item\":\"https:\\\/\\\/www.kliinikum.ee\\\/psyhhiaatriakliinik\\\/\"},{\"@type\":\"ListItem\",\"position\":2,\"name\":\"Kliinikust\",\"item\":\"https:\\\/\\\/www.kliinikum.ee\\\/psyhhiaatriakliinik\\\/kliinikust\\\/\"},{\"@type\":\"ListItem\",\"position\":3,\"name\":\"S\u00f5ltuvush\u00e4irete keskus\"}]},{\"@type\":\"WebSite\",\"@id\":\"https:\\\/\\\/www.kliinikum.ee\\\/psyhhiaatriakliinik\\\/#website\",\"url\":\"https:\\\/\\\/www.kliinikum.ee\\\/psyhhiaatriakliinik\\\/\",\"name\":\"Ps\u00fchhiaatriakliinik\",\"description\":\"Hoolivus, Uuendusmeelsus, P\u00e4devus ja Usaldusv\u00e4\u00e4rsus\",\"potentialAction\":[{\"@type\":\"SearchAction\",\"target\":{\"@type\":\"EntryPoint\",\"urlTemplate\":\"https:\\\/\\\/www.kliinikum.ee\\\/psyhhiaatriakliinik\\\/?s={search_term_string}\"},\"query-input\":{\"@type\":\"PropertyValueSpecification\",\"valueRequired\":true,\"valueName\":\"search_term_string\"}}],\"inLanguage\":\"et\"}]}<\/script>\n<!-- \/ Yoast SEO plugin. -->","yoast_head_json":{"title":"S\u00f5ltuvush\u00e4irete keskus - Ps\u00fchhiaatriakliinik","robots":{"index":"index","follow":"follow","max-snippet":"max-snippet:-1","max-image-preview":"max-image-preview:large","max-video-preview":"max-video-preview:-1"},"canonical":"https:\/\/www.kliinikum.ee\/psyhhiaatriakliinik\/kliinikust\/soltuvushairete-keskus\/","og_locale":"et_EE","og_type":"article","og_title":"S\u00f5ltuvush\u00e4irete keskus - Ps\u00fchhiaatriakliinik","og_description":"Keskuse juht&nbsp;| Teve Rauks-P\u00e4rgm\u00e4e | 731 8732 |&nbsp;teve.rauks-pargmae@kliinikum.ee|&nbsp;Keskuse \u00f5endusjuht | K\u00e4tlin L\u00fcnekund | 731 8729 | &nbsp;katlin.lunekund@kliinikum.eeSekret\u00e4r | Marje Peltser-Arro | 731 8710 |&nbsp;marje.peltser-arro@kliinikum.ee Tartu \u00dclikooli Kliinikumi ps\u00fchhiaatriakliiniku s\u00f5ltuvush\u00e4irete keskuses ravitakse erinevaid ps\u00fchhoaktiivsete ainete (alkohol, rahustid, stimulandid, kannabinoidid, opioidid) poolt p\u00f5hjustatud s\u00f5ltuvush\u00e4ireid. S\u00f5ltuvush\u00e4irete keskus asub aadressil Riia 167. S\u00f5ltuvush\u00e4irete keskuses t\u00f6\u00f6tavad ps\u00fchhiaatrid dr Teelia Rolko, [&hellip;]","og_url":"https:\/\/www.kliinikum.ee\/psyhhiaatriakliinik\/kliinikust\/soltuvushairete-keskus\/","og_site_name":"Ps\u00fchhiaatriakliinik","article_modified_time":"2026-03-10T17:04:22+00:00","twitter_card":"summary_large_image","twitter_misc":{"Est. reading time":"2 minutit"},"schema":{"@context":"https:\/\/schema.org","@graph":[{"@type":"WebPage","@id":"https:\/\/www.kliinikum.ee\/psyhhiaatriakliinik\/kliinikust\/soltuvushairete-keskus\/","url":"https:\/\/www.kliinikum.ee\/psyhhiaatriakliinik\/kliinikust\/soltuvushairete-keskus\/","name":"S\u00f5ltuvush\u00e4irete keskus - Ps\u00fchhiaatriakliinik","isPartOf":{"@id":"https:\/\/www.kliinikum.ee\/psyhhiaatriakliinik\/#website"},"datePublished":"2023-04-27T06:52:39+00:00","dateModified":"2026-03-10T17:04:22+00:00","breadcrumb":{"@id":"https:\/\/www.kliinikum.ee\/psyhhiaatriakliinik\/kliinikust\/soltuvushairete-keskus\/#breadcrumb"},"inLanguage":"et","potentialAction":[{"@type":"ReadAction","target":["https:\/\/www.kliinikum.ee\/psyhhiaatriakliinik\/kliinikust\/soltuvushairete-keskus\/"]}]},{"@type":"BreadcrumbList","@id":"https:\/\/www.kliinikum.ee\/psyhhiaatriakliinik\/kliinikust\/soltuvushairete-keskus\/#breadcrumb","itemListElement":[{"@type":"ListItem","position":1,"name":"Home","item":"https:\/\/www.kliinikum.ee\/psyhhiaatriakliinik\/"},{"@type":"ListItem","position":2,"name":"Kliinikust","item":"https:\/\/www.kliinikum.ee\/psyhhiaatriakliinik\/kliinikust\/"},{"@type":"ListItem","position":3,"name":"S\u00f5ltuvush\u00e4irete keskus"}]},{"@type":"WebSite","@id":"https:\/\/www.kliinikum.ee\/psyhhiaatriakliinik\/#website","url":"https:\/\/www.kliinikum.ee\/psyhhiaatriakliinik\/","name":"Ps\u00fchhiaatriakliinik","description":"Hoolivus, Uuendusmeelsus, P\u00e4devus ja Usaldusv\u00e4\u00e4rsus","potentialAction":[{"@type":"SearchAction","target":{"@type":"EntryPoint","urlTemplate":"https:\/\/www.kliinikum.ee\/psyhhiaatriakliinik\/?s={search_term_string}"},"query-input":{"@type":"PropertyValueSpecification","valueRequired":true,"valueName":"search_term_string"}}],"inLanguage":"et"}]}},"uagb_featured_image_src":{"full":false,"thumbnail":false,"medium":false,"medium_large":false,"large":false,"1536x1536":false,"2048x2048":false},"uagb_author_info":{"display_name":"Jane Freimann","author_link":"https:\/\/www.kliinikum.ee\/psyhhiaatriakliinik\/author\/janef\/"},"uagb_comment_info":0,"uagb_excerpt":"Keskuse juht&nbsp;| Teve Rauks-P\u00e4rgm\u00e4e | 731 8732 |&nbsp;teve.rauks-pargmae@kliinikum.ee|&nbsp;Keskuse \u00f5endusjuht | K\u00e4tlin L\u00fcnekund | 731 8729 | &nbsp;katlin.lunekund@kliinikum.eeSekret\u00e4r | Marje Peltser-Arro | 731 8710 |&nbsp;marje.peltser-arro@kliinikum.ee Tartu \u00dclikooli Kliinikumi ps\u00fchhiaatriakliiniku s\u00f5ltuvush\u00e4irete keskuses ravitakse erinevaid ps\u00fchhoaktiivsete ainete (alkohol, rahustid, stimulandid, kannabinoidid, opioidid) poolt p\u00f5hjustatud s\u00f5ltuvush\u00e4ireid. S\u00f5ltuvush\u00e4irete keskus asub aadressil Riia 167. S\u00f5ltuvush\u00e4irete keskuses t\u00f6\u00f6tavad ps\u00fchhiaatrid dr Teelia Rolko,&hellip;","_links":{"self":[{"href":"https:\/\/www.kliinikum.ee\/psyhhiaatriakliinik\/wp-json\/wp\/v2\/pages\/5858","targetHints":{"allow":["GET"]}}],"collection":[{"href":"https:\/\/www.kliinikum.ee\/psyhhiaatriakliinik\/wp-json\/wp\/v2\/pages"}],"about":[{"href":"https:\/\/www.kliinikum.ee\/psyhhiaatriakliinik\/wp-json\/wp\/v2\/types\/page"}],"author":[{"embeddable":true,"href":"https:\/\/www.kliinikum.ee\/psyhhiaatriakliinik\/wp-json\/wp\/v2\/users\/32"}],"replies":[{"embeddable":true,"href":"https:\/\/www.kliinikum.ee\/psyhhiaatriakliinik\/wp-json\/wp\/v2\/comments?post=5858"}],"version-history":[{"count":0,"href":"https:\/\/www.kliinikum.ee\/psyhhiaatriakliinik\/wp-json\/wp\/v2\/pages\/5858\/revisions"}],"up":[{"embeddable":true,"href":"https:\/\/www.kliinikum.ee\/psyhhiaatriakliinik\/wp-json\/wp\/v2\/pages\/17"}],"wp:attachment":[{"href":"https:\/\/www.kliinikum.ee\/psyhhiaatriakliinik\/wp-json\/wp\/v2\/media?parent=5858"}],"curies":[{"name":"wp","href":"https:\/\/api.w.org\/{rel}","templated":true}]}}