{"id":5860,"date":"2023-04-27T08:53:16","date_gmt":"2023-04-27T06:53:16","guid":{"rendered":"https:\/\/www.kliinikum.ee\/psyhhiaatriakliinik\/?page_id=5860"},"modified":"2025-10-29T14:09:48","modified_gmt":"2025-10-29T12:09:48","slug":"uldpsuhhiaatria-keskus","status":"publish","type":"page","link":"https:\/\/www.kliinikum.ee\/psyhhiaatriakliinik\/kliinikust\/uldpsuhhiaatria-keskus\/","title":{"rendered":"\u00dcldps\u00fchhiaatria keskus"},"content":{"rendered":"\n<p class=\"has-medium-font-size\"><strong>Keskuse juht\u00a0| <\/strong>Henel Paadik\u00a0| 731 8780\u00a0|\u00a0<a href=\"mailto:henel.paadik@kliinikum.ee\" target=\"_blank\" rel=\"noreferrer noopener\"><\/a><a href=\"mailto:henel.paadik@kliinikum.ee\">henel.paadik@kliinikum.ee<\/a><br><strong>Keskuse \u00f5endusjuht | <\/strong>Mailis Lood\u00a0| 731 8772\u00a0|\u00a0<a href=\"mailto:mailis.lood@kliinikum.ee\" target=\"_blank\" rel=\"noreferrer noopener\"><\/a><a href=\"mailto:mailis.lood@kliinikum.ee\">mailis.lood@kliinikum.ee<\/a> <br><strong>Sekret\u00e4r\u00a0| <\/strong>Katrin Saarem\u00e4e\u00a0| 731 8784\u00a0|\u00a0<a href=\"mailto:katrin.saaremae@kliinikum.ee\" target=\"_blank\" rel=\"noreferrer noopener\"><\/a><a href=\"mailto:katrin.saaremae@kliinikum.ee\">katrin.saaremae@kliinikum.ee<\/a><br><strong>Valve\u00f5de<\/strong> 731 8783<\/p>\n\n\n\n<p class=\"has-medium-font-size\">Ps\u00fchhiaatriakliiniku \u00fcldps\u00fchhiaatria keskuses ravitakse \u00e4revush\u00e4ire, meeleoluh\u00e4ire ja v\u00f5\u00f5rutusseisunditega ning uneh\u00e4irete ja s\u00f6\u00f6mish\u00e4iretega patsiente.  Statsionaarses osakonnas toimub kliiniline j\u00e4lgimine, uuringud ning ravi juhtudel, kui ambulatoorne abi ei ole v\u00f5imalik v\u00f5i piisav.<\/p>\n\n\n\n<h3 class=\"wp-block-heading has-medium-font-size\"><strong>\u00dcldps\u00fchhiaatria keskusesse kuuluvad:<\/strong><\/h3>\n\n\n\n<ul class=\"wp-block-list\">\n<li class=\"has-medium-font-size\">\u00dcldps\u00fchhiaatria osakond<\/li>\n\n\n\n<li class=\"has-medium-font-size\">S\u00f6\u00f6mish\u00e4irete osakond<\/li>\n\n\n\n<li class=\"has-medium-font-size\">Uneh\u00e4irete osakond<\/li>\n<\/ul>\n\n\n\n<h3 class=\"wp-block-heading has-medium-font-size\"><strong>Keskus<\/strong><\/h3>\n\n\n\n<ul class=\"wp-block-list\">\n<li class=\"has-medium-font-size\">Peab oluliseks patsiendi vajadustest l\u00e4htuvat paindlikku meeskonnat\u00f6\u00f6d ning koost\u00f6\u00f6d l\u00e4hedaste v\u00f5rgustikuga.<\/li>\n\n\n\n<li class=\"has-medium-font-size\">V\u00e4\u00e4rtustab koolitus- ja arendustegevust kvaliteetsema raviteenuse osutamiseks patsientidele ja nende l\u00e4hedastele.<\/li>\n\n\n\n<li class=\"has-medium-font-size\">Teeb laialdast koost\u00f6\u00f6d &nbsp;teiste ps\u00fchhiaatrilist eriarstiabi &nbsp;pakkuvate asutustega Eestis. &nbsp;<\/li>\n\n\n\n<li class=\"has-medium-font-size\">S\u00f6\u00f6mish\u00e4irete osakond on liitunud Inglismaal v\u00e4ljat\u00f6\u00f6tatud kvaliteedihindamise programmiga QNIC (Quality Network for Inpatient CAMHS) ja l\u00e4binud enesehindamise 2016 aastal.<\/li>\n<\/ul>\n\n\n\n<h3 class=\"wp-block-heading has-medium-font-size\">\u00dcldps\u00fchhiaatriakeskuse meeskonda kuuluvad:&nbsp;<\/h3>\n\n\n\n<ul class=\"wp-block-list has-medium-font-size\">\n<li class=\"has-medium-font-size\">ps\u00fchhiaatrid<\/li>\n\n\n\n<li class=\"has-medium-font-size\">arst-residendid<\/li>\n\n\n\n<li class=\"has-medium-font-size\">kliinilised ps\u00fchholoogid<\/li>\n\n\n\n<li class=\"has-medium-font-size\">f\u00fcsioterapeut<\/li>\n\n\n\n<li class=\"has-medium-font-size\">tegevusjuhendaja<\/li>\n\n\n\n<li class=\"has-medium-font-size\">sotsiaalt\u00f6\u00f6taja<\/li>\n\n\n\n<li class=\"has-medium-font-size\">\u00f5ed (vaimse tervise \u00f5ed; ps\u00fchhiaatria\u00f5ed)<\/li>\n\n\n\n<li class=\"has-medium-font-size\">hooldajad<\/li>\n<\/ul>\n\n\n\n<figure class=\"wp-block-image size-large\"><img loading=\"lazy\" decoding=\"async\" width=\"1024\" height=\"683\" src=\"https:\/\/www.kliinikum.ee\/psyhhiaatriakliinik\/wp-content\/uploads\/2024\/01\/IMG_2432-1024x683.jpg\" alt=\"\" class=\"wp-image-5926\" srcset=\"https:\/\/www.kliinikum.ee\/psyhhiaatriakliinik\/wp-content\/uploads\/2024\/01\/IMG_2432-1024x683.jpg 1024w, https:\/\/www.kliinikum.ee\/psyhhiaatriakliinik\/wp-content\/uploads\/2024\/01\/IMG_2432-300x200.jpg 300w, https:\/\/www.kliinikum.ee\/psyhhiaatriakliinik\/wp-content\/uploads\/2024\/01\/IMG_2432-768x512.jpg 768w, https:\/\/www.kliinikum.ee\/psyhhiaatriakliinik\/wp-content\/uploads\/2024\/01\/IMG_2432-1536x1024.jpg 1536w, https:\/\/www.kliinikum.ee\/psyhhiaatriakliinik\/wp-content\/uploads\/2024\/01\/IMG_2432-2048x1365.jpg 2048w, https:\/\/www.kliinikum.ee\/psyhhiaatriakliinik\/wp-content\/uploads\/2024\/01\/IMG_2432-scaled.jpg 2560w\" sizes=\"auto, (max-width: 1024px) 100vw, 1024px\" \/><\/figure>\n","protected":false},"excerpt":{"rendered":"<p>Keskuse juht\u00a0| Henel Paadik\u00a0| 731 8780\u00a0|\u00a0henel.paadik@kliinikum.eeKeskuse \u00f5endusjuht | Mailis Lood\u00a0| 731 8772\u00a0|\u00a0mailis.lood@kliinikum.ee Sekret\u00e4r\u00a0| Katrin Saarem\u00e4e\u00a0| 731 8784\u00a0|\u00a0katrin.saaremae@kliinikum.eeValve\u00f5de 731 8783 Ps\u00fchhiaatriakliiniku \u00fcldps\u00fchhiaatria keskuses ravitakse \u00e4revush\u00e4ire, meeleoluh\u00e4ire ja v\u00f5\u00f5rutusseisunditega ning uneh\u00e4irete ja s\u00f6\u00f6mish\u00e4iretega patsiente. Statsionaarses osakonnas toimub kliiniline j\u00e4lgimine, uuringud ning ravi juhtudel, kui ambulatoorne abi ei ole v\u00f5imalik v\u00f5i piisav. \u00dcldps\u00fchhiaatria keskusesse kuuluvad: Keskus \u00dcldps\u00fchhiaatriakeskuse meeskonda [&hellip;]<\/p>\n","protected":false},"author":32,"featured_media":0,"parent":17,"menu_order":70,"comment_status":"closed","ping_status":"closed","template":"","meta":{"_acf_changed":false,"_uag_custom_page_level_css":"","footnotes":""},"class_list":["post-5860","page","type-page","status-publish","hentry"],"acf":[],"yoast_head":"<!-- This site is optimized with the Yoast SEO plugin v27.5 - https:\/\/yoast.com\/product\/yoast-seo-wordpress\/ -->\n<title>\u00dcldps\u00fchhiaatria keskus - Ps\u00fchhiaatriakliinik<\/title>\n<meta name=\"robots\" content=\"index, follow, max-snippet:-1, max-image-preview:large, max-video-preview:-1\" \/>\n<link rel=\"canonical\" href=\"https:\/\/www.kliinikum.ee\/psyhhiaatriakliinik\/kliinikust\/uldpsuhhiaatria-keskus\/\" \/>\n<meta property=\"og:locale\" content=\"et_EE\" \/>\n<meta property=\"og:type\" content=\"article\" \/>\n<meta property=\"og:title\" content=\"\u00dcldps\u00fchhiaatria keskus - Ps\u00fchhiaatriakliinik\" \/>\n<meta property=\"og:description\" content=\"Keskuse juht\u00a0| Henel Paadik\u00a0| 731 8780\u00a0|\u00a0henel.paadik@kliinikum.eeKeskuse \u00f5endusjuht | Mailis Lood\u00a0| 731 8772\u00a0|\u00a0mailis.lood@kliinikum.ee Sekret\u00e4r\u00a0| Katrin Saarem\u00e4e\u00a0| 731 8784\u00a0|\u00a0katrin.saaremae@kliinikum.eeValve\u00f5de 731 8783 Ps\u00fchhiaatriakliiniku \u00fcldps\u00fchhiaatria keskuses ravitakse \u00e4revush\u00e4ire, meeleoluh\u00e4ire ja v\u00f5\u00f5rutusseisunditega ning uneh\u00e4irete ja s\u00f6\u00f6mish\u00e4iretega patsiente. Statsionaarses osakonnas toimub kliiniline j\u00e4lgimine, uuringud ning ravi juhtudel, kui ambulatoorne abi ei ole v\u00f5imalik v\u00f5i piisav. \u00dcldps\u00fchhiaatria keskusesse kuuluvad: Keskus \u00dcldps\u00fchhiaatriakeskuse meeskonda [&hellip;]\" \/>\n<meta property=\"og:url\" content=\"https:\/\/www.kliinikum.ee\/psyhhiaatriakliinik\/kliinikust\/uldpsuhhiaatria-keskus\/\" \/>\n<meta property=\"og:site_name\" content=\"Ps\u00fchhiaatriakliinik\" \/>\n<meta property=\"article:modified_time\" content=\"2025-10-29T12:09:48+00:00\" \/>\n<meta property=\"og:image\" content=\"https:\/\/www.kliinikum.ee\/psyhhiaatriakliinik\/wp-content\/uploads\/2024\/01\/IMG_2432-scaled.jpg\" \/>\n\t<meta property=\"og:image:width\" content=\"2560\" \/>\n\t<meta property=\"og:image:height\" content=\"1706\" \/>\n\t<meta property=\"og:image:type\" content=\"image\/jpeg\" \/>\n<meta name=\"twitter:card\" content=\"summary_large_image\" \/>\n<meta name=\"twitter:label1\" content=\"Est. reading time\" \/>\n\t<meta name=\"twitter:data1\" content=\"1 minut\" \/>\n<script type=\"application\/ld+json\" class=\"yoast-schema-graph\">{\"@context\":\"https:\\\/\\\/schema.org\",\"@graph\":[{\"@type\":\"WebPage\",\"@id\":\"https:\\\/\\\/www.kliinikum.ee\\\/psyhhiaatriakliinik\\\/kliinikust\\\/uldpsuhhiaatria-keskus\\\/\",\"url\":\"https:\\\/\\\/www.kliinikum.ee\\\/psyhhiaatriakliinik\\\/kliinikust\\\/uldpsuhhiaatria-keskus\\\/\",\"name\":\"\u00dcldps\u00fchhiaatria keskus - Ps\u00fchhiaatriakliinik\",\"isPartOf\":{\"@id\":\"https:\\\/\\\/www.kliinikum.ee\\\/psyhhiaatriakliinik\\\/#website\"},\"primaryImageOfPage\":{\"@id\":\"https:\\\/\\\/www.kliinikum.ee\\\/psyhhiaatriakliinik\\\/kliinikust\\\/uldpsuhhiaatria-keskus\\\/#primaryimage\"},\"image\":{\"@id\":\"https:\\\/\\\/www.kliinikum.ee\\\/psyhhiaatriakliinik\\\/kliinikust\\\/uldpsuhhiaatria-keskus\\\/#primaryimage\"},\"thumbnailUrl\":\"https:\\\/\\\/www.kliinikum.ee\\\/psyhhiaatriakliinik\\\/wp-content\\\/uploads\\\/2024\\\/01\\\/IMG_2432-1024x683.jpg\",\"datePublished\":\"2023-04-27T06:53:16+00:00\",\"dateModified\":\"2025-10-29T12:09:48+00:00\",\"breadcrumb\":{\"@id\":\"https:\\\/\\\/www.kliinikum.ee\\\/psyhhiaatriakliinik\\\/kliinikust\\\/uldpsuhhiaatria-keskus\\\/#breadcrumb\"},\"inLanguage\":\"et\",\"potentialAction\":[{\"@type\":\"ReadAction\",\"target\":[\"https:\\\/\\\/www.kliinikum.ee\\\/psyhhiaatriakliinik\\\/kliinikust\\\/uldpsuhhiaatria-keskus\\\/\"]}]},{\"@type\":\"ImageObject\",\"inLanguage\":\"et\",\"@id\":\"https:\\\/\\\/www.kliinikum.ee\\\/psyhhiaatriakliinik\\\/kliinikust\\\/uldpsuhhiaatria-keskus\\\/#primaryimage\",\"url\":\"https:\\\/\\\/www.kliinikum.ee\\\/psyhhiaatriakliinik\\\/wp-content\\\/uploads\\\/2024\\\/01\\\/IMG_2432-scaled.jpg\",\"contentUrl\":\"https:\\\/\\\/www.kliinikum.ee\\\/psyhhiaatriakliinik\\\/wp-content\\\/uploads\\\/2024\\\/01\\\/IMG_2432-scaled.jpg\",\"width\":2560,\"height\":1706},{\"@type\":\"BreadcrumbList\",\"@id\":\"https:\\\/\\\/www.kliinikum.ee\\\/psyhhiaatriakliinik\\\/kliinikust\\\/uldpsuhhiaatria-keskus\\\/#breadcrumb\",\"itemListElement\":[{\"@type\":\"ListItem\",\"position\":1,\"name\":\"Home\",\"item\":\"https:\\\/\\\/www.kliinikum.ee\\\/psyhhiaatriakliinik\\\/\"},{\"@type\":\"ListItem\",\"position\":2,\"name\":\"Kliinikust\",\"item\":\"https:\\\/\\\/www.kliinikum.ee\\\/psyhhiaatriakliinik\\\/kliinikust\\\/\"},{\"@type\":\"ListItem\",\"position\":3,\"name\":\"\u00dcldps\u00fchhiaatria keskus\"}]},{\"@type\":\"WebSite\",\"@id\":\"https:\\\/\\\/www.kliinikum.ee\\\/psyhhiaatriakliinik\\\/#website\",\"url\":\"https:\\\/\\\/www.kliinikum.ee\\\/psyhhiaatriakliinik\\\/\",\"name\":\"Ps\u00fchhiaatriakliinik\",\"description\":\"Hoolivus, Uuendusmeelsus, P\u00e4devus ja Usaldusv\u00e4\u00e4rsus\",\"potentialAction\":[{\"@type\":\"SearchAction\",\"target\":{\"@type\":\"EntryPoint\",\"urlTemplate\":\"https:\\\/\\\/www.kliinikum.ee\\\/psyhhiaatriakliinik\\\/?s={search_term_string}\"},\"query-input\":{\"@type\":\"PropertyValueSpecification\",\"valueRequired\":true,\"valueName\":\"search_term_string\"}}],\"inLanguage\":\"et\"}]}<\/script>\n<!-- \/ Yoast SEO plugin. -->","yoast_head_json":{"title":"\u00dcldps\u00fchhiaatria keskus - Ps\u00fchhiaatriakliinik","robots":{"index":"index","follow":"follow","max-snippet":"max-snippet:-1","max-image-preview":"max-image-preview:large","max-video-preview":"max-video-preview:-1"},"canonical":"https:\/\/www.kliinikum.ee\/psyhhiaatriakliinik\/kliinikust\/uldpsuhhiaatria-keskus\/","og_locale":"et_EE","og_type":"article","og_title":"\u00dcldps\u00fchhiaatria keskus - Ps\u00fchhiaatriakliinik","og_description":"Keskuse juht\u00a0| Henel Paadik\u00a0| 731 8780\u00a0|\u00a0henel.paadik@kliinikum.eeKeskuse \u00f5endusjuht | Mailis Lood\u00a0| 731 8772\u00a0|\u00a0mailis.lood@kliinikum.ee Sekret\u00e4r\u00a0| Katrin Saarem\u00e4e\u00a0| 731 8784\u00a0|\u00a0katrin.saaremae@kliinikum.eeValve\u00f5de 731 8783 Ps\u00fchhiaatriakliiniku \u00fcldps\u00fchhiaatria keskuses ravitakse \u00e4revush\u00e4ire, meeleoluh\u00e4ire ja v\u00f5\u00f5rutusseisunditega ning uneh\u00e4irete ja s\u00f6\u00f6mish\u00e4iretega patsiente. Statsionaarses osakonnas toimub kliiniline j\u00e4lgimine, uuringud ning ravi juhtudel, kui ambulatoorne abi ei ole v\u00f5imalik v\u00f5i piisav. \u00dcldps\u00fchhiaatria keskusesse kuuluvad: Keskus \u00dcldps\u00fchhiaatriakeskuse meeskonda [&hellip;]","og_url":"https:\/\/www.kliinikum.ee\/psyhhiaatriakliinik\/kliinikust\/uldpsuhhiaatria-keskus\/","og_site_name":"Ps\u00fchhiaatriakliinik","article_modified_time":"2025-10-29T12:09:48+00:00","og_image":[{"width":2560,"height":1706,"url":"https:\/\/www.kliinikum.ee\/psyhhiaatriakliinik\/wp-content\/uploads\/2024\/01\/IMG_2432-scaled.jpg","type":"image\/jpeg"}],"twitter_card":"summary_large_image","twitter_misc":{"Est. reading time":"1 minut"},"schema":{"@context":"https:\/\/schema.org","@graph":[{"@type":"WebPage","@id":"https:\/\/www.kliinikum.ee\/psyhhiaatriakliinik\/kliinikust\/uldpsuhhiaatria-keskus\/","url":"https:\/\/www.kliinikum.ee\/psyhhiaatriakliinik\/kliinikust\/uldpsuhhiaatria-keskus\/","name":"\u00dcldps\u00fchhiaatria keskus - Ps\u00fchhiaatriakliinik","isPartOf":{"@id":"https:\/\/www.kliinikum.ee\/psyhhiaatriakliinik\/#website"},"primaryImageOfPage":{"@id":"https:\/\/www.kliinikum.ee\/psyhhiaatriakliinik\/kliinikust\/uldpsuhhiaatria-keskus\/#primaryimage"},"image":{"@id":"https:\/\/www.kliinikum.ee\/psyhhiaatriakliinik\/kliinikust\/uldpsuhhiaatria-keskus\/#primaryimage"},"thumbnailUrl":"https:\/\/www.kliinikum.ee\/psyhhiaatriakliinik\/wp-content\/uploads\/2024\/01\/IMG_2432-1024x683.jpg","datePublished":"2023-04-27T06:53:16+00:00","dateModified":"2025-10-29T12:09:48+00:00","breadcrumb":{"@id":"https:\/\/www.kliinikum.ee\/psyhhiaatriakliinik\/kliinikust\/uldpsuhhiaatria-keskus\/#breadcrumb"},"inLanguage":"et","potentialAction":[{"@type":"ReadAction","target":["https:\/\/www.kliinikum.ee\/psyhhiaatriakliinik\/kliinikust\/uldpsuhhiaatria-keskus\/"]}]},{"@type":"ImageObject","inLanguage":"et","@id":"https:\/\/www.kliinikum.ee\/psyhhiaatriakliinik\/kliinikust\/uldpsuhhiaatria-keskus\/#primaryimage","url":"https:\/\/www.kliinikum.ee\/psyhhiaatriakliinik\/wp-content\/uploads\/2024\/01\/IMG_2432-scaled.jpg","contentUrl":"https:\/\/www.kliinikum.ee\/psyhhiaatriakliinik\/wp-content\/uploads\/2024\/01\/IMG_2432-scaled.jpg","width":2560,"height":1706},{"@type":"BreadcrumbList","@id":"https:\/\/www.kliinikum.ee\/psyhhiaatriakliinik\/kliinikust\/uldpsuhhiaatria-keskus\/#breadcrumb","itemListElement":[{"@type":"ListItem","position":1,"name":"Home","item":"https:\/\/www.kliinikum.ee\/psyhhiaatriakliinik\/"},{"@type":"ListItem","position":2,"name":"Kliinikust","item":"https:\/\/www.kliinikum.ee\/psyhhiaatriakliinik\/kliinikust\/"},{"@type":"ListItem","position":3,"name":"\u00dcldps\u00fchhiaatria keskus"}]},{"@type":"WebSite","@id":"https:\/\/www.kliinikum.ee\/psyhhiaatriakliinik\/#website","url":"https:\/\/www.kliinikum.ee\/psyhhiaatriakliinik\/","name":"Ps\u00fchhiaatriakliinik","description":"Hoolivus, Uuendusmeelsus, P\u00e4devus ja Usaldusv\u00e4\u00e4rsus","potentialAction":[{"@type":"SearchAction","target":{"@type":"EntryPoint","urlTemplate":"https:\/\/www.kliinikum.ee\/psyhhiaatriakliinik\/?s={search_term_string}"},"query-input":{"@type":"PropertyValueSpecification","valueRequired":true,"valueName":"search_term_string"}}],"inLanguage":"et"}]}},"uagb_featured_image_src":{"full":false,"thumbnail":false,"medium":false,"medium_large":false,"large":false,"1536x1536":false,"2048x2048":false},"uagb_author_info":{"display_name":"Jane Freimann","author_link":"https:\/\/www.kliinikum.ee\/psyhhiaatriakliinik\/author\/janef\/"},"uagb_comment_info":0,"uagb_excerpt":"Keskuse juht\u00a0| Henel Paadik\u00a0| 731 8780\u00a0|\u00a0henel.paadik@kliinikum.eeKeskuse \u00f5endusjuht | Mailis Lood\u00a0| 731 8772\u00a0|\u00a0mailis.lood@kliinikum.ee Sekret\u00e4r\u00a0| Katrin Saarem\u00e4e\u00a0| 731 8784\u00a0|\u00a0katrin.saaremae@kliinikum.eeValve\u00f5de 731 8783 Ps\u00fchhiaatriakliiniku \u00fcldps\u00fchhiaatria keskuses ravitakse \u00e4revush\u00e4ire, meeleoluh\u00e4ire ja v\u00f5\u00f5rutusseisunditega ning uneh\u00e4irete ja s\u00f6\u00f6mish\u00e4iretega patsiente. Statsionaarses osakonnas toimub kliiniline j\u00e4lgimine, uuringud ning ravi juhtudel, kui ambulatoorne abi ei ole v\u00f5imalik v\u00f5i piisav. \u00dcldps\u00fchhiaatria keskusesse kuuluvad: Keskus \u00dcldps\u00fchhiaatriakeskuse meeskonda&hellip;","_links":{"self":[{"href":"https:\/\/www.kliinikum.ee\/psyhhiaatriakliinik\/wp-json\/wp\/v2\/pages\/5860","targetHints":{"allow":["GET"]}}],"collection":[{"href":"https:\/\/www.kliinikum.ee\/psyhhiaatriakliinik\/wp-json\/wp\/v2\/pages"}],"about":[{"href":"https:\/\/www.kliinikum.ee\/psyhhiaatriakliinik\/wp-json\/wp\/v2\/types\/page"}],"author":[{"embeddable":true,"href":"https:\/\/www.kliinikum.ee\/psyhhiaatriakliinik\/wp-json\/wp\/v2\/users\/32"}],"replies":[{"embeddable":true,"href":"https:\/\/www.kliinikum.ee\/psyhhiaatriakliinik\/wp-json\/wp\/v2\/comments?post=5860"}],"version-history":[{"count":0,"href":"https:\/\/www.kliinikum.ee\/psyhhiaatriakliinik\/wp-json\/wp\/v2\/pages\/5860\/revisions"}],"up":[{"embeddable":true,"href":"https:\/\/www.kliinikum.ee\/psyhhiaatriakliinik\/wp-json\/wp\/v2\/pages\/17"}],"wp:attachment":[{"href":"https:\/\/www.kliinikum.ee\/psyhhiaatriakliinik\/wp-json\/wp\/v2\/media?parent=5860"}],"curies":[{"name":"wp","href":"https:\/\/api.w.org\/{rel}","templated":true}]}}