{"id":5871,"date":"2023-04-27T09:02:14","date_gmt":"2023-04-27T07:02:14","guid":{"rendered":"https:\/\/www.kliinikum.ee\/psyhhiaatriakliinik\/?page_id=5871"},"modified":"2026-04-20T17:34:54","modified_gmt":"2026-04-20T15:34:54","slug":"erakorraline-vastuvott","status":"publish","type":"page","link":"https:\/\/www.kliinikum.ee\/psyhhiaatriakliinik\/patsiendile\/erakorraline-vastuvott\/","title":{"rendered":"Ps\u00fchhiaatriakliiniku erakorraline vastuv\u00f5tt"},"content":{"rendered":"\n<p class=\"has-medium-font-size\"><strong>Vastuv\u00f5tukabinet: Raja 31, kabinet B 1002, I korrus<\/strong><br><strong>Erakorralise vastuv\u00f5tu valvetelefon 24h: 731 8764<\/strong><\/p>\n\n\n\n<p class=\"has-medium-font-size\">Ps\u00fchhiaatriakliiniku erakorralises vastuv\u00f5tus toimub<\/p>\n\n\n\n<ul class=\"wp-block-list\">\n<li style=\"font-size:clamp(14px, 0.875rem + ((1vw - 3.2px) * 0.455), 18px);\">erakorralise, v\u00e4ltimatu v\u00f5i v\u00e4ltimatu tahtest olenematu ps\u00fchhiaatrilise abi osutamine<\/li>\n\n\n\n<li style=\"font-size:clamp(14px, 0.875rem + ((1vw - 3.2px) * 0.455), 18px);\">kriisiabi osutamine<\/li>\n\n\n\n<li style=\"font-size:clamp(14px, 0.875rem + ((1vw - 3.2px) * 0.455), 18px);\">patsiendi seisundi ja haiguse iseloomu hindamine ning vastavalt sellele ravi m\u00e4\u00e4ramine ja haiglaravi vajaduse otsustamine<\/li>\n<\/ul>\n\n\n\n<p class=\"has-medium-font-size\">Erakorralises vastuv\u00f5tus teenindatakse patsiente vastavalt tervisliku seisundi raskusele, mitte saabumise j\u00e4rjekorras.<\/p>\n\n\n\n<p class=\"has-medium-font-size\">Kui Teie seisund ei ole (potentsiaalselt) eluohtlik, v\u00f5ib arstiabi ooteaeg olla 3 - 6 h.<\/p>\n\n\n\n<ul class=\"wp-block-list\">\n<li class=\"has-medium-font-size\">Erakorralises vastuv\u00f5tus t\u00f6\u00f6tavad valvearst ja valve\u00f5de.<\/li>\n\n\n\n<li class=\"has-medium-font-size\">Esmane kontakt on valve\u00f5ega, kes hindab Teie terviseseisundit. Abivajamise kiiruse m\u00e4\u00e4ramist tervisliku seisundi alusel nimetatakse triaa\u017eiks.&nbsp;Kui Teie terviseprobleem ei ole valvepersonali hinnangul erakorraline, antakse Teile soovitused kuhu p\u00f6\u00f6rduda<\/li>\n\n\n\n<li class=\"has-medium-font-size\">Erakorralises vastuv\u00f5tus teenindatakse patsiente elava j\u00e4rjekorra alusel. <strong>Kiirabi v\u00f5i politsei poolt<\/strong> <strong>toodud patsiente teenindatakse eelisj\u00e4rjekorras.<\/strong><\/li>\n\n\n\n<li class=\"has-medium-font-size\">Teenindame kaineid patsiente.<\/li>\n\n\n\n<li class=\"has-medium-font-size\">Valvearst ei pikenda s\u00f5ltuvust tekitavate ainete (uinutid, rahustid) retsepte.<\/li>\n\n\n\n<li class=\"has-medium-font-size\">Erakorralisele vastuv\u00f5tule p\u00f6\u00f6rdudes palume kaasa v\u00f5tta isikut t\u00f5endava dokumendi.<\/li>\n<\/ul>\n\n\n\n<p><\/p>\n\n\n\n<p class=\"has-medium-font-size\">Kliinikumis on ambulatoorse eriarstiabi, sh ka erakorralise meditsiini osakonnas&nbsp;<strong>visiiditasu<\/strong>&nbsp;20 eurot. Visiiditasu ei v\u00f5eta juhtudel, mis on kirjeldatud&nbsp;<a href=\"https:\/\/www.kliinikum.ee\/patsiendile\/eriarsti-vastuvott\/\">SIIN<\/a>.<br><\/p>\n\n\n\n<p style=\"font-size:clamp(14px, 0.875rem + ((1vw - 3.2px) * 0.455), 18px);\">Lisainfo <a href=\"https:\/\/www.kliinikum.ee\/patsiendile\/erakorraline-vastuvott\/psuhhiaatriakliinik\/\" target=\"_blank\" rel=\"noreferrer noopener\">SIIN<\/a>.<\/p>\n\n\n\n<figure class=\"wp-block-image size-large\"><img loading=\"lazy\" decoding=\"async\" width=\"1024\" height=\"683\" src=\"https:\/\/www.kliinikum.ee\/psyhhiaatriakliinik\/wp-content\/uploads\/2024\/10\/IMG_3378-1024x683.jpg\" alt=\"\" class=\"wp-image-6190\" srcset=\"https:\/\/www.kliinikum.ee\/psyhhiaatriakliinik\/wp-content\/uploads\/2024\/10\/IMG_3378-1024x683.jpg 1024w, https:\/\/www.kliinikum.ee\/psyhhiaatriakliinik\/wp-content\/uploads\/2024\/10\/IMG_3378-300x200.jpg 300w, https:\/\/www.kliinikum.ee\/psyhhiaatriakliinik\/wp-content\/uploads\/2024\/10\/IMG_3378-768x512.jpg 768w, https:\/\/www.kliinikum.ee\/psyhhiaatriakliinik\/wp-content\/uploads\/2024\/10\/IMG_3378-1536x1024.jpg 1536w, https:\/\/www.kliinikum.ee\/psyhhiaatriakliinik\/wp-content\/uploads\/2024\/10\/IMG_3378-2048x1365.jpg 2048w, https:\/\/www.kliinikum.ee\/psyhhiaatriakliinik\/wp-content\/uploads\/2024\/10\/IMG_3378-scaled.jpg 2560w\" sizes=\"auto, (max-width: 1024px) 100vw, 1024px\" \/><\/figure>\n","protected":false},"excerpt":{"rendered":"<p>Vastuv\u00f5tukabinet: Raja 31, kabinet B 1002, I korrusErakorralise vastuv\u00f5tu valvetelefon 24h: 731 8764 Ps\u00fchhiaatriakliiniku erakorralises vastuv\u00f5tus toimub Erakorralises vastuv\u00f5tus teenindatakse patsiente vastavalt tervisliku seisundi raskusele, mitte saabumise j\u00e4rjekorras. Kui Teie seisund ei ole (potentsiaalselt) eluohtlik, v\u00f5ib arstiabi ooteaeg olla 3 - 6 h. Kliinikumis on ambulatoorse eriarstiabi, sh ka erakorralise meditsiini osakonnas&nbsp;visiiditasu&nbsp;20 eurot. Visiiditasu ei [&hellip;]<\/p>\n","protected":false},"author":32,"featured_media":0,"parent":15,"menu_order":2,"comment_status":"closed","ping_status":"closed","template":"","meta":{"_acf_changed":false,"_uag_custom_page_level_css":"","footnotes":""},"class_list":["post-5871","page","type-page","status-publish","hentry"],"acf":[],"yoast_head":"<!-- This site is optimized with the Yoast SEO plugin v27.3 - https:\/\/yoast.com\/product\/yoast-seo-wordpress\/ -->\n<title>Ps\u00fchhiaatriakliiniku erakorraline vastuv\u00f5tt - Ps\u00fchhiaatriakliinik<\/title>\n<meta name=\"robots\" content=\"index, follow, max-snippet:-1, max-image-preview:large, max-video-preview:-1\" \/>\n<link rel=\"canonical\" href=\"https:\/\/www.kliinikum.ee\/psyhhiaatriakliinik\/patsiendile\/erakorraline-vastuvott\/\" \/>\n<meta property=\"og:locale\" content=\"et_EE\" \/>\n<meta property=\"og:type\" content=\"article\" \/>\n<meta property=\"og:title\" content=\"Ps\u00fchhiaatriakliiniku erakorraline vastuv\u00f5tt - Ps\u00fchhiaatriakliinik\" \/>\n<meta property=\"og:description\" content=\"Vastuv\u00f5tukabinet: Raja 31, kabinet B 1002, I korrusErakorralise vastuv\u00f5tu valvetelefon 24h: 731 8764 Ps\u00fchhiaatriakliiniku erakorralises vastuv\u00f5tus toimub Erakorralises vastuv\u00f5tus teenindatakse patsiente vastavalt tervisliku seisundi raskusele, mitte saabumise j\u00e4rjekorras. Kui Teie seisund ei ole (potentsiaalselt) eluohtlik, v\u00f5ib arstiabi ooteaeg olla 3 - 6 h. Kliinikumis on ambulatoorse eriarstiabi, sh ka erakorralise meditsiini osakonnas&nbsp;visiiditasu&nbsp;20 eurot. Visiiditasu ei [&hellip;]\" \/>\n<meta property=\"og:url\" content=\"https:\/\/www.kliinikum.ee\/psyhhiaatriakliinik\/patsiendile\/erakorraline-vastuvott\/\" \/>\n<meta property=\"og:site_name\" content=\"Ps\u00fchhiaatriakliinik\" \/>\n<meta property=\"article:modified_time\" content=\"2026-04-20T15:34:54+00:00\" \/>\n<meta property=\"og:image\" content=\"https:\/\/www.kliinikum.ee\/psyhhiaatriakliinik\/wp-content\/uploads\/2024\/10\/IMG_3378-scaled.jpg\" \/>\n\t<meta property=\"og:image:width\" content=\"2560\" \/>\n\t<meta property=\"og:image:height\" content=\"1706\" \/>\n\t<meta property=\"og:image:type\" content=\"image\/jpeg\" \/>\n<meta name=\"twitter:card\" content=\"summary_large_image\" \/>\n<meta name=\"twitter:label1\" content=\"Est. reading time\" \/>\n\t<meta name=\"twitter:data1\" content=\"2 minutit\" \/>\n<script type=\"application\/ld+json\" class=\"yoast-schema-graph\">{\"@context\":\"https:\\\/\\\/schema.org\",\"@graph\":[{\"@type\":\"WebPage\",\"@id\":\"https:\\\/\\\/www.kliinikum.ee\\\/psyhhiaatriakliinik\\\/patsiendile\\\/erakorraline-vastuvott\\\/\",\"url\":\"https:\\\/\\\/www.kliinikum.ee\\\/psyhhiaatriakliinik\\\/patsiendile\\\/erakorraline-vastuvott\\\/\",\"name\":\"Ps\u00fchhiaatriakliiniku erakorraline vastuv\u00f5tt - Ps\u00fchhiaatriakliinik\",\"isPartOf\":{\"@id\":\"https:\\\/\\\/www.kliinikum.ee\\\/psyhhiaatriakliinik\\\/#website\"},\"primaryImageOfPage\":{\"@id\":\"https:\\\/\\\/www.kliinikum.ee\\\/psyhhiaatriakliinik\\\/patsiendile\\\/erakorraline-vastuvott\\\/#primaryimage\"},\"image\":{\"@id\":\"https:\\\/\\\/www.kliinikum.ee\\\/psyhhiaatriakliinik\\\/patsiendile\\\/erakorraline-vastuvott\\\/#primaryimage\"},\"thumbnailUrl\":\"https:\\\/\\\/www.kliinikum.ee\\\/psyhhiaatriakliinik\\\/wp-content\\\/uploads\\\/2024\\\/10\\\/IMG_3378-1024x683.jpg\",\"datePublished\":\"2023-04-27T07:02:14+00:00\",\"dateModified\":\"2026-04-20T15:34:54+00:00\",\"breadcrumb\":{\"@id\":\"https:\\\/\\\/www.kliinikum.ee\\\/psyhhiaatriakliinik\\\/patsiendile\\\/erakorraline-vastuvott\\\/#breadcrumb\"},\"inLanguage\":\"et\",\"potentialAction\":[{\"@type\":\"ReadAction\",\"target\":[\"https:\\\/\\\/www.kliinikum.ee\\\/psyhhiaatriakliinik\\\/patsiendile\\\/erakorraline-vastuvott\\\/\"]}]},{\"@type\":\"ImageObject\",\"inLanguage\":\"et\",\"@id\":\"https:\\\/\\\/www.kliinikum.ee\\\/psyhhiaatriakliinik\\\/patsiendile\\\/erakorraline-vastuvott\\\/#primaryimage\",\"url\":\"https:\\\/\\\/www.kliinikum.ee\\\/psyhhiaatriakliinik\\\/wp-content\\\/uploads\\\/2024\\\/10\\\/IMG_3378-scaled.jpg\",\"contentUrl\":\"https:\\\/\\\/www.kliinikum.ee\\\/psyhhiaatriakliinik\\\/wp-content\\\/uploads\\\/2024\\\/10\\\/IMG_3378-scaled.jpg\",\"width\":2560,\"height\":1706},{\"@type\":\"BreadcrumbList\",\"@id\":\"https:\\\/\\\/www.kliinikum.ee\\\/psyhhiaatriakliinik\\\/patsiendile\\\/erakorraline-vastuvott\\\/#breadcrumb\",\"itemListElement\":[{\"@type\":\"ListItem\",\"position\":1,\"name\":\"Home\",\"item\":\"https:\\\/\\\/www.kliinikum.ee\\\/psyhhiaatriakliinik\\\/\"},{\"@type\":\"ListItem\",\"position\":2,\"name\":\"Patsiendile\",\"item\":\"https:\\\/\\\/www.kliinikum.ee\\\/psyhhiaatriakliinik\\\/patsiendile\\\/\"},{\"@type\":\"ListItem\",\"position\":3,\"name\":\"Ps\u00fchhiaatriakliiniku erakorraline vastuv\u00f5tt\"}]},{\"@type\":\"WebSite\",\"@id\":\"https:\\\/\\\/www.kliinikum.ee\\\/psyhhiaatriakliinik\\\/#website\",\"url\":\"https:\\\/\\\/www.kliinikum.ee\\\/psyhhiaatriakliinik\\\/\",\"name\":\"Ps\u00fchhiaatriakliinik\",\"description\":\"Hoolivus, Uuendusmeelsus, P\u00e4devus ja Usaldusv\u00e4\u00e4rsus\",\"potentialAction\":[{\"@type\":\"SearchAction\",\"target\":{\"@type\":\"EntryPoint\",\"urlTemplate\":\"https:\\\/\\\/www.kliinikum.ee\\\/psyhhiaatriakliinik\\\/?s={search_term_string}\"},\"query-input\":{\"@type\":\"PropertyValueSpecification\",\"valueRequired\":true,\"valueName\":\"search_term_string\"}}],\"inLanguage\":\"et\"}]}<\/script>\n<!-- \/ Yoast SEO plugin. -->","yoast_head_json":{"title":"Ps\u00fchhiaatriakliiniku erakorraline vastuv\u00f5tt - Ps\u00fchhiaatriakliinik","robots":{"index":"index","follow":"follow","max-snippet":"max-snippet:-1","max-image-preview":"max-image-preview:large","max-video-preview":"max-video-preview:-1"},"canonical":"https:\/\/www.kliinikum.ee\/psyhhiaatriakliinik\/patsiendile\/erakorraline-vastuvott\/","og_locale":"et_EE","og_type":"article","og_title":"Ps\u00fchhiaatriakliiniku erakorraline vastuv\u00f5tt - Ps\u00fchhiaatriakliinik","og_description":"Vastuv\u00f5tukabinet: Raja 31, kabinet B 1002, I korrusErakorralise vastuv\u00f5tu valvetelefon 24h: 731 8764 Ps\u00fchhiaatriakliiniku erakorralises vastuv\u00f5tus toimub Erakorralises vastuv\u00f5tus teenindatakse patsiente vastavalt tervisliku seisundi raskusele, mitte saabumise j\u00e4rjekorras. Kui Teie seisund ei ole (potentsiaalselt) eluohtlik, v\u00f5ib arstiabi ooteaeg olla 3 - 6 h. Kliinikumis on ambulatoorse eriarstiabi, sh ka erakorralise meditsiini osakonnas&nbsp;visiiditasu&nbsp;20 eurot. Visiiditasu ei [&hellip;]","og_url":"https:\/\/www.kliinikum.ee\/psyhhiaatriakliinik\/patsiendile\/erakorraline-vastuvott\/","og_site_name":"Ps\u00fchhiaatriakliinik","article_modified_time":"2026-04-20T15:34:54+00:00","og_image":[{"width":2560,"height":1706,"url":"https:\/\/www.kliinikum.ee\/psyhhiaatriakliinik\/wp-content\/uploads\/2024\/10\/IMG_3378-scaled.jpg","type":"image\/jpeg"}],"twitter_card":"summary_large_image","twitter_misc":{"Est. reading time":"2 minutit"},"schema":{"@context":"https:\/\/schema.org","@graph":[{"@type":"WebPage","@id":"https:\/\/www.kliinikum.ee\/psyhhiaatriakliinik\/patsiendile\/erakorraline-vastuvott\/","url":"https:\/\/www.kliinikum.ee\/psyhhiaatriakliinik\/patsiendile\/erakorraline-vastuvott\/","name":"Ps\u00fchhiaatriakliiniku erakorraline vastuv\u00f5tt - Ps\u00fchhiaatriakliinik","isPartOf":{"@id":"https:\/\/www.kliinikum.ee\/psyhhiaatriakliinik\/#website"},"primaryImageOfPage":{"@id":"https:\/\/www.kliinikum.ee\/psyhhiaatriakliinik\/patsiendile\/erakorraline-vastuvott\/#primaryimage"},"image":{"@id":"https:\/\/www.kliinikum.ee\/psyhhiaatriakliinik\/patsiendile\/erakorraline-vastuvott\/#primaryimage"},"thumbnailUrl":"https:\/\/www.kliinikum.ee\/psyhhiaatriakliinik\/wp-content\/uploads\/2024\/10\/IMG_3378-1024x683.jpg","datePublished":"2023-04-27T07:02:14+00:00","dateModified":"2026-04-20T15:34:54+00:00","breadcrumb":{"@id":"https:\/\/www.kliinikum.ee\/psyhhiaatriakliinik\/patsiendile\/erakorraline-vastuvott\/#breadcrumb"},"inLanguage":"et","potentialAction":[{"@type":"ReadAction","target":["https:\/\/www.kliinikum.ee\/psyhhiaatriakliinik\/patsiendile\/erakorraline-vastuvott\/"]}]},{"@type":"ImageObject","inLanguage":"et","@id":"https:\/\/www.kliinikum.ee\/psyhhiaatriakliinik\/patsiendile\/erakorraline-vastuvott\/#primaryimage","url":"https:\/\/www.kliinikum.ee\/psyhhiaatriakliinik\/wp-content\/uploads\/2024\/10\/IMG_3378-scaled.jpg","contentUrl":"https:\/\/www.kliinikum.ee\/psyhhiaatriakliinik\/wp-content\/uploads\/2024\/10\/IMG_3378-scaled.jpg","width":2560,"height":1706},{"@type":"BreadcrumbList","@id":"https:\/\/www.kliinikum.ee\/psyhhiaatriakliinik\/patsiendile\/erakorraline-vastuvott\/#breadcrumb","itemListElement":[{"@type":"ListItem","position":1,"name":"Home","item":"https:\/\/www.kliinikum.ee\/psyhhiaatriakliinik\/"},{"@type":"ListItem","position":2,"name":"Patsiendile","item":"https:\/\/www.kliinikum.ee\/psyhhiaatriakliinik\/patsiendile\/"},{"@type":"ListItem","position":3,"name":"Ps\u00fchhiaatriakliiniku erakorraline vastuv\u00f5tt"}]},{"@type":"WebSite","@id":"https:\/\/www.kliinikum.ee\/psyhhiaatriakliinik\/#website","url":"https:\/\/www.kliinikum.ee\/psyhhiaatriakliinik\/","name":"Ps\u00fchhiaatriakliinik","description":"Hoolivus, Uuendusmeelsus, P\u00e4devus ja Usaldusv\u00e4\u00e4rsus","potentialAction":[{"@type":"SearchAction","target":{"@type":"EntryPoint","urlTemplate":"https:\/\/www.kliinikum.ee\/psyhhiaatriakliinik\/?s={search_term_string}"},"query-input":{"@type":"PropertyValueSpecification","valueRequired":true,"valueName":"search_term_string"}}],"inLanguage":"et"}]}},"uagb_featured_image_src":{"full":false,"thumbnail":false,"medium":false,"medium_large":false,"large":false,"1536x1536":false,"2048x2048":false},"uagb_author_info":{"display_name":"Jane Freimann","author_link":"https:\/\/www.kliinikum.ee\/psyhhiaatriakliinik\/author\/janef\/"},"uagb_comment_info":0,"uagb_excerpt":"Vastuv\u00f5tukabinet: Raja 31, kabinet B 1002, I korrusErakorralise vastuv\u00f5tu valvetelefon 24h: 731 8764 Ps\u00fchhiaatriakliiniku erakorralises vastuv\u00f5tus toimub Erakorralises vastuv\u00f5tus teenindatakse patsiente vastavalt tervisliku seisundi raskusele, mitte saabumise j\u00e4rjekorras. Kui Teie seisund ei ole (potentsiaalselt) eluohtlik, v\u00f5ib arstiabi ooteaeg olla 3 - 6 h. Kliinikumis on ambulatoorse eriarstiabi, sh ka erakorralise meditsiini osakonnas&nbsp;visiiditasu&nbsp;20 eurot. Visiiditasu ei&hellip;","_links":{"self":[{"href":"https:\/\/www.kliinikum.ee\/psyhhiaatriakliinik\/wp-json\/wp\/v2\/pages\/5871","targetHints":{"allow":["GET"]}}],"collection":[{"href":"https:\/\/www.kliinikum.ee\/psyhhiaatriakliinik\/wp-json\/wp\/v2\/pages"}],"about":[{"href":"https:\/\/www.kliinikum.ee\/psyhhiaatriakliinik\/wp-json\/wp\/v2\/types\/page"}],"author":[{"embeddable":true,"href":"https:\/\/www.kliinikum.ee\/psyhhiaatriakliinik\/wp-json\/wp\/v2\/users\/32"}],"replies":[{"embeddable":true,"href":"https:\/\/www.kliinikum.ee\/psyhhiaatriakliinik\/wp-json\/wp\/v2\/comments?post=5871"}],"version-history":[{"count":5,"href":"https:\/\/www.kliinikum.ee\/psyhhiaatriakliinik\/wp-json\/wp\/v2\/pages\/5871\/revisions"}],"predecessor-version":[{"id":6357,"href":"https:\/\/www.kliinikum.ee\/psyhhiaatriakliinik\/wp-json\/wp\/v2\/pages\/5871\/revisions\/6357"}],"up":[{"embeddable":true,"href":"https:\/\/www.kliinikum.ee\/psyhhiaatriakliinik\/wp-json\/wp\/v2\/pages\/15"}],"wp:attachment":[{"href":"https:\/\/www.kliinikum.ee\/psyhhiaatriakliinik\/wp-json\/wp\/v2\/media?parent=5871"}],"curies":[{"name":"wp","href":"https:\/\/api.w.org\/{rel}","templated":true}]}}