{"id":5873,"date":"2023-04-27T09:05:47","date_gmt":"2023-04-27T07:05:47","guid":{"rendered":"https:\/\/www.kliinikum.ee\/psyhhiaatriakliinik\/?page_id=5873"},"modified":"2024-10-08T14:18:32","modified_gmt":"2024-10-08T12:18:32","slug":"poordumine-haiglaravile","status":"publish","type":"page","link":"https:\/\/www.kliinikum.ee\/psyhhiaatriakliinik\/patsiendile\/poordumine-haiglaravile\/","title":{"rendered":"P\u00f6\u00f6rdumine haiglaravile"},"content":{"rendered":"\n<p class=\"has-medium-font-size\">Haiglasse tulles v\u00f5tke palun kaasa isikut t\u00f5endav dokument, isiklikud h\u00fcgieenitarbed ning sussid. Osakonda j\u00f5udes v\u00f5tab patsiendi vastu p\u00e4eva\u00f5de, kes tutvustab osakonda ning reegleid.<\/p>\n\n\n\n<p class=\"has-medium-font-size\">Osakonda on keelatud tuua esemeid, millega v\u00f5ib kahjustada ennast v\u00f5i teisi (vastavalt Ps\u00fchhiaatrilise abi seaduse \u00a7 9-le: alkohoolsed joogid, narkootilised- ja ps\u00fchhotroopsed ained, relvad, k\u00e4\u00e4rid, noad, \u017eiletid, v\u00e4lgumihkel, tikud, k\u00f5ik klaasist esemed, l\u00f5hkeained, p\u00fcrotehnilised ained ja p\u00fcrotehnilised tooted jms).<\/p>\n\n\n\n<p class=\"has-medium-font-size\">Kaasav\u00f5etud ravimid (sh toidulisandid) andke osakonna valve\u00f5e k\u00e4tte.<\/p>\n\n\n\n<p class=\"has-medium-font-size\">Joobes k\u00fclalisi osakonda ei lubata.<\/p>\n\n\n\n<p class=\"has-medium-font-size\">Haigla territooriumil on keelatud pildistamine ja filmimine. Mobiiltelefoni ja arvuti kasutamine on piiratud ning s\u00f5ltub inimese seisundist ning haiglasse v\u00f5tmise alustest.<\/p>\n\n\n\n<p class=\"has-medium-font-size\"><\/p>\n\n\n\n<p class=\"has-medium-font-size\">K\u00fclastaja info&nbsp;<a href=\"https:\/\/www.kliinikum.ee\/patsiendiinfo-andmebaas\/patsientide-kulastamine-psuhhiaatriakliinikus\/\">Patsientide k\u00fclastamine ps\u00fchhiaatriakliinikus<\/a><\/p>\n\n\n\n<figure class=\"wp-block-image size-large\"><img loading=\"lazy\" decoding=\"async\" width=\"1024\" height=\"683\" src=\"https:\/\/www.kliinikum.ee\/psyhhiaatriakliinik\/wp-content\/uploads\/2024\/10\/IMG_2875-1024x683.jpg\" alt=\"\" class=\"wp-image-6194\" srcset=\"https:\/\/www.kliinikum.ee\/psyhhiaatriakliinik\/wp-content\/uploads\/2024\/10\/IMG_2875-1024x683.jpg 1024w, https:\/\/www.kliinikum.ee\/psyhhiaatriakliinik\/wp-content\/uploads\/2024\/10\/IMG_2875-300x200.jpg 300w, https:\/\/www.kliinikum.ee\/psyhhiaatriakliinik\/wp-content\/uploads\/2024\/10\/IMG_2875-768x512.jpg 768w, https:\/\/www.kliinikum.ee\/psyhhiaatriakliinik\/wp-content\/uploads\/2024\/10\/IMG_2875-1536x1024.jpg 1536w, https:\/\/www.kliinikum.ee\/psyhhiaatriakliinik\/wp-content\/uploads\/2024\/10\/IMG_2875-2048x1365.jpg 2048w, https:\/\/www.kliinikum.ee\/psyhhiaatriakliinik\/wp-content\/uploads\/2024\/10\/IMG_2875-scaled.jpg 2560w\" sizes=\"auto, (max-width: 1024px) 100vw, 1024px\" \/><\/figure>\n","protected":false},"excerpt":{"rendered":"<p>Haiglasse tulles v\u00f5tke palun kaasa isikut t\u00f5endav dokument, isiklikud h\u00fcgieenitarbed ning sussid. Osakonda j\u00f5udes v\u00f5tab patsiendi vastu p\u00e4eva\u00f5de, kes tutvustab osakonda ning reegleid. Osakonda on keelatud tuua esemeid, millega v\u00f5ib kahjustada ennast v\u00f5i teisi (vastavalt Ps\u00fchhiaatrilise abi seaduse \u00a7 9-le: alkohoolsed joogid, narkootilised- ja ps\u00fchhotroopsed ained, relvad, k\u00e4\u00e4rid, noad, \u017eiletid, v\u00e4lgumihkel, tikud, k\u00f5ik klaasist esemed, [&hellip;]<\/p>\n","protected":false},"author":32,"featured_media":0,"parent":15,"menu_order":4,"comment_status":"closed","ping_status":"closed","template":"","meta":{"_acf_changed":false,"_uag_custom_page_level_css":"","footnotes":""},"class_list":["post-5873","page","type-page","status-publish","hentry"],"acf":[],"yoast_head":"<!-- This site is optimized with the Yoast SEO plugin v27.5 - https:\/\/yoast.com\/product\/yoast-seo-wordpress\/ -->\n<title>P\u00f6\u00f6rdumine haiglaravile - Ps\u00fchhiaatriakliinik<\/title>\n<meta name=\"robots\" content=\"index, follow, max-snippet:-1, max-image-preview:large, max-video-preview:-1\" \/>\n<link rel=\"canonical\" href=\"https:\/\/www.kliinikum.ee\/psyhhiaatriakliinik\/patsiendile\/poordumine-haiglaravile\/\" \/>\n<meta property=\"og:locale\" content=\"et_EE\" \/>\n<meta property=\"og:type\" content=\"article\" \/>\n<meta property=\"og:title\" content=\"P\u00f6\u00f6rdumine haiglaravile - Ps\u00fchhiaatriakliinik\" \/>\n<meta property=\"og:description\" content=\"Haiglasse tulles v\u00f5tke palun kaasa isikut t\u00f5endav dokument, isiklikud h\u00fcgieenitarbed ning sussid. Osakonda j\u00f5udes v\u00f5tab patsiendi vastu p\u00e4eva\u00f5de, kes tutvustab osakonda ning reegleid. Osakonda on keelatud tuua esemeid, millega v\u00f5ib kahjustada ennast v\u00f5i teisi (vastavalt Ps\u00fchhiaatrilise abi seaduse \u00a7 9-le: alkohoolsed joogid, narkootilised- ja ps\u00fchhotroopsed ained, relvad, k\u00e4\u00e4rid, noad, \u017eiletid, v\u00e4lgumihkel, tikud, k\u00f5ik klaasist esemed, [&hellip;]\" \/>\n<meta property=\"og:url\" content=\"https:\/\/www.kliinikum.ee\/psyhhiaatriakliinik\/patsiendile\/poordumine-haiglaravile\/\" \/>\n<meta property=\"og:site_name\" content=\"Ps\u00fchhiaatriakliinik\" \/>\n<meta property=\"article:modified_time\" content=\"2024-10-08T12:18:32+00:00\" \/>\n<meta property=\"og:image\" content=\"https:\/\/www.kliinikum.ee\/psyhhiaatriakliinik\/wp-content\/uploads\/2024\/10\/IMG_2875-1024x683.jpg\" \/>\n<meta name=\"twitter:card\" content=\"summary_large_image\" \/>\n<meta name=\"twitter:label1\" content=\"Est. reading time\" \/>\n\t<meta name=\"twitter:data1\" content=\"1 minut\" \/>\n<script type=\"application\/ld+json\" class=\"yoast-schema-graph\">{\"@context\":\"https:\\\/\\\/schema.org\",\"@graph\":[{\"@type\":\"WebPage\",\"@id\":\"https:\\\/\\\/www.kliinikum.ee\\\/psyhhiaatriakliinik\\\/patsiendile\\\/poordumine-haiglaravile\\\/\",\"url\":\"https:\\\/\\\/www.kliinikum.ee\\\/psyhhiaatriakliinik\\\/patsiendile\\\/poordumine-haiglaravile\\\/\",\"name\":\"P\u00f6\u00f6rdumine haiglaravile - Ps\u00fchhiaatriakliinik\",\"isPartOf\":{\"@id\":\"https:\\\/\\\/www.kliinikum.ee\\\/psyhhiaatriakliinik\\\/#website\"},\"primaryImageOfPage\":{\"@id\":\"https:\\\/\\\/www.kliinikum.ee\\\/psyhhiaatriakliinik\\\/patsiendile\\\/poordumine-haiglaravile\\\/#primaryimage\"},\"image\":{\"@id\":\"https:\\\/\\\/www.kliinikum.ee\\\/psyhhiaatriakliinik\\\/patsiendile\\\/poordumine-haiglaravile\\\/#primaryimage\"},\"thumbnailUrl\":\"https:\\\/\\\/www.kliinikum.ee\\\/psyhhiaatriakliinik\\\/wp-content\\\/uploads\\\/2024\\\/10\\\/IMG_2875-1024x683.jpg\",\"datePublished\":\"2023-04-27T07:05:47+00:00\",\"dateModified\":\"2024-10-08T12:18:32+00:00\",\"breadcrumb\":{\"@id\":\"https:\\\/\\\/www.kliinikum.ee\\\/psyhhiaatriakliinik\\\/patsiendile\\\/poordumine-haiglaravile\\\/#breadcrumb\"},\"inLanguage\":\"et\",\"potentialAction\":[{\"@type\":\"ReadAction\",\"target\":[\"https:\\\/\\\/www.kliinikum.ee\\\/psyhhiaatriakliinik\\\/patsiendile\\\/poordumine-haiglaravile\\\/\"]}]},{\"@type\":\"ImageObject\",\"inLanguage\":\"et\",\"@id\":\"https:\\\/\\\/www.kliinikum.ee\\\/psyhhiaatriakliinik\\\/patsiendile\\\/poordumine-haiglaravile\\\/#primaryimage\",\"url\":\"https:\\\/\\\/www.kliinikum.ee\\\/psyhhiaatriakliinik\\\/wp-content\\\/uploads\\\/2024\\\/10\\\/IMG_2875-scaled.jpg\",\"contentUrl\":\"https:\\\/\\\/www.kliinikum.ee\\\/psyhhiaatriakliinik\\\/wp-content\\\/uploads\\\/2024\\\/10\\\/IMG_2875-scaled.jpg\",\"width\":2560,\"height\":1706},{\"@type\":\"BreadcrumbList\",\"@id\":\"https:\\\/\\\/www.kliinikum.ee\\\/psyhhiaatriakliinik\\\/patsiendile\\\/poordumine-haiglaravile\\\/#breadcrumb\",\"itemListElement\":[{\"@type\":\"ListItem\",\"position\":1,\"name\":\"Home\",\"item\":\"https:\\\/\\\/www.kliinikum.ee\\\/psyhhiaatriakliinik\\\/\"},{\"@type\":\"ListItem\",\"position\":2,\"name\":\"Patsiendile\",\"item\":\"https:\\\/\\\/www.kliinikum.ee\\\/psyhhiaatriakliinik\\\/patsiendile\\\/\"},{\"@type\":\"ListItem\",\"position\":3,\"name\":\"P\u00f6\u00f6rdumine haiglaravile\"}]},{\"@type\":\"WebSite\",\"@id\":\"https:\\\/\\\/www.kliinikum.ee\\\/psyhhiaatriakliinik\\\/#website\",\"url\":\"https:\\\/\\\/www.kliinikum.ee\\\/psyhhiaatriakliinik\\\/\",\"name\":\"Ps\u00fchhiaatriakliinik\",\"description\":\"Hoolivus, Uuendusmeelsus, P\u00e4devus ja Usaldusv\u00e4\u00e4rsus\",\"potentialAction\":[{\"@type\":\"SearchAction\",\"target\":{\"@type\":\"EntryPoint\",\"urlTemplate\":\"https:\\\/\\\/www.kliinikum.ee\\\/psyhhiaatriakliinik\\\/?s={search_term_string}\"},\"query-input\":{\"@type\":\"PropertyValueSpecification\",\"valueRequired\":true,\"valueName\":\"search_term_string\"}}],\"inLanguage\":\"et\"}]}<\/script>\n<!-- \/ Yoast SEO plugin. -->","yoast_head_json":{"title":"P\u00f6\u00f6rdumine haiglaravile - Ps\u00fchhiaatriakliinik","robots":{"index":"index","follow":"follow","max-snippet":"max-snippet:-1","max-image-preview":"max-image-preview:large","max-video-preview":"max-video-preview:-1"},"canonical":"https:\/\/www.kliinikum.ee\/psyhhiaatriakliinik\/patsiendile\/poordumine-haiglaravile\/","og_locale":"et_EE","og_type":"article","og_title":"P\u00f6\u00f6rdumine haiglaravile - Ps\u00fchhiaatriakliinik","og_description":"Haiglasse tulles v\u00f5tke palun kaasa isikut t\u00f5endav dokument, isiklikud h\u00fcgieenitarbed ning sussid. Osakonda j\u00f5udes v\u00f5tab patsiendi vastu p\u00e4eva\u00f5de, kes tutvustab osakonda ning reegleid. Osakonda on keelatud tuua esemeid, millega v\u00f5ib kahjustada ennast v\u00f5i teisi (vastavalt Ps\u00fchhiaatrilise abi seaduse \u00a7 9-le: alkohoolsed joogid, narkootilised- ja ps\u00fchhotroopsed ained, relvad, k\u00e4\u00e4rid, noad, \u017eiletid, v\u00e4lgumihkel, tikud, k\u00f5ik klaasist esemed, [&hellip;]","og_url":"https:\/\/www.kliinikum.ee\/psyhhiaatriakliinik\/patsiendile\/poordumine-haiglaravile\/","og_site_name":"Ps\u00fchhiaatriakliinik","article_modified_time":"2024-10-08T12:18:32+00:00","og_image":[{"url":"https:\/\/www.kliinikum.ee\/psyhhiaatriakliinik\/wp-content\/uploads\/2024\/10\/IMG_2875-1024x683.jpg","type":"","width":"","height":""}],"twitter_card":"summary_large_image","twitter_misc":{"Est. reading time":"1 minut"},"schema":{"@context":"https:\/\/schema.org","@graph":[{"@type":"WebPage","@id":"https:\/\/www.kliinikum.ee\/psyhhiaatriakliinik\/patsiendile\/poordumine-haiglaravile\/","url":"https:\/\/www.kliinikum.ee\/psyhhiaatriakliinik\/patsiendile\/poordumine-haiglaravile\/","name":"P\u00f6\u00f6rdumine haiglaravile - Ps\u00fchhiaatriakliinik","isPartOf":{"@id":"https:\/\/www.kliinikum.ee\/psyhhiaatriakliinik\/#website"},"primaryImageOfPage":{"@id":"https:\/\/www.kliinikum.ee\/psyhhiaatriakliinik\/patsiendile\/poordumine-haiglaravile\/#primaryimage"},"image":{"@id":"https:\/\/www.kliinikum.ee\/psyhhiaatriakliinik\/patsiendile\/poordumine-haiglaravile\/#primaryimage"},"thumbnailUrl":"https:\/\/www.kliinikum.ee\/psyhhiaatriakliinik\/wp-content\/uploads\/2024\/10\/IMG_2875-1024x683.jpg","datePublished":"2023-04-27T07:05:47+00:00","dateModified":"2024-10-08T12:18:32+00:00","breadcrumb":{"@id":"https:\/\/www.kliinikum.ee\/psyhhiaatriakliinik\/patsiendile\/poordumine-haiglaravile\/#breadcrumb"},"inLanguage":"et","potentialAction":[{"@type":"ReadAction","target":["https:\/\/www.kliinikum.ee\/psyhhiaatriakliinik\/patsiendile\/poordumine-haiglaravile\/"]}]},{"@type":"ImageObject","inLanguage":"et","@id":"https:\/\/www.kliinikum.ee\/psyhhiaatriakliinik\/patsiendile\/poordumine-haiglaravile\/#primaryimage","url":"https:\/\/www.kliinikum.ee\/psyhhiaatriakliinik\/wp-content\/uploads\/2024\/10\/IMG_2875-scaled.jpg","contentUrl":"https:\/\/www.kliinikum.ee\/psyhhiaatriakliinik\/wp-content\/uploads\/2024\/10\/IMG_2875-scaled.jpg","width":2560,"height":1706},{"@type":"BreadcrumbList","@id":"https:\/\/www.kliinikum.ee\/psyhhiaatriakliinik\/patsiendile\/poordumine-haiglaravile\/#breadcrumb","itemListElement":[{"@type":"ListItem","position":1,"name":"Home","item":"https:\/\/www.kliinikum.ee\/psyhhiaatriakliinik\/"},{"@type":"ListItem","position":2,"name":"Patsiendile","item":"https:\/\/www.kliinikum.ee\/psyhhiaatriakliinik\/patsiendile\/"},{"@type":"ListItem","position":3,"name":"P\u00f6\u00f6rdumine haiglaravile"}]},{"@type":"WebSite","@id":"https:\/\/www.kliinikum.ee\/psyhhiaatriakliinik\/#website","url":"https:\/\/www.kliinikum.ee\/psyhhiaatriakliinik\/","name":"Ps\u00fchhiaatriakliinik","description":"Hoolivus, Uuendusmeelsus, P\u00e4devus ja Usaldusv\u00e4\u00e4rsus","potentialAction":[{"@type":"SearchAction","target":{"@type":"EntryPoint","urlTemplate":"https:\/\/www.kliinikum.ee\/psyhhiaatriakliinik\/?s={search_term_string}"},"query-input":{"@type":"PropertyValueSpecification","valueRequired":true,"valueName":"search_term_string"}}],"inLanguage":"et"}]}},"uagb_featured_image_src":{"full":false,"thumbnail":false,"medium":false,"medium_large":false,"large":false,"1536x1536":false,"2048x2048":false},"uagb_author_info":{"display_name":"Jane Freimann","author_link":"https:\/\/www.kliinikum.ee\/psyhhiaatriakliinik\/author\/janef\/"},"uagb_comment_info":0,"uagb_excerpt":"Haiglasse tulles v\u00f5tke palun kaasa isikut t\u00f5endav dokument, isiklikud h\u00fcgieenitarbed ning sussid. Osakonda j\u00f5udes v\u00f5tab patsiendi vastu p\u00e4eva\u00f5de, kes tutvustab osakonda ning reegleid. Osakonda on keelatud tuua esemeid, millega v\u00f5ib kahjustada ennast v\u00f5i teisi (vastavalt Ps\u00fchhiaatrilise abi seaduse \u00a7 9-le: alkohoolsed joogid, narkootilised- ja ps\u00fchhotroopsed ained, relvad, k\u00e4\u00e4rid, noad, \u017eiletid, v\u00e4lgumihkel, tikud, k\u00f5ik klaasist esemed,&hellip;","_links":{"self":[{"href":"https:\/\/www.kliinikum.ee\/psyhhiaatriakliinik\/wp-json\/wp\/v2\/pages\/5873","targetHints":{"allow":["GET"]}}],"collection":[{"href":"https:\/\/www.kliinikum.ee\/psyhhiaatriakliinik\/wp-json\/wp\/v2\/pages"}],"about":[{"href":"https:\/\/www.kliinikum.ee\/psyhhiaatriakliinik\/wp-json\/wp\/v2\/types\/page"}],"author":[{"embeddable":true,"href":"https:\/\/www.kliinikum.ee\/psyhhiaatriakliinik\/wp-json\/wp\/v2\/users\/32"}],"replies":[{"embeddable":true,"href":"https:\/\/www.kliinikum.ee\/psyhhiaatriakliinik\/wp-json\/wp\/v2\/comments?post=5873"}],"version-history":[{"count":0,"href":"https:\/\/www.kliinikum.ee\/psyhhiaatriakliinik\/wp-json\/wp\/v2\/pages\/5873\/revisions"}],"up":[{"embeddable":true,"href":"https:\/\/www.kliinikum.ee\/psyhhiaatriakliinik\/wp-json\/wp\/v2\/pages\/15"}],"wp:attachment":[{"href":"https:\/\/www.kliinikum.ee\/psyhhiaatriakliinik\/wp-json\/wp\/v2\/media?parent=5873"}],"curies":[{"name":"wp","href":"https:\/\/api.w.org\/{rel}","templated":true}]}}