{"id":5879,"date":"2023-04-27T09:34:44","date_gmt":"2023-04-27T07:34:44","guid":{"rendered":"https:\/\/www.kliinikum.ee\/psyhhiaatriakliinik\/?page_id=5879"},"modified":"2024-10-08T12:50:57","modified_gmt":"2024-10-08T10:50:57","slug":"ravijuhised","status":"publish","type":"page","link":"https:\/\/www.kliinikum.ee\/psyhhiaatriakliinik\/kolleegile\/ravijuhised\/","title":{"rendered":"Ravijuhised"},"content":{"rendered":"\n<ul class=\"wp-block-list\">\n<li><a href=\"https:\/\/valisveeb.kliinikum.ee\/psyhhiaatriakliinik\/lisad\/ravi\/RHK\/RHK10-FR17.htm\" target=\"_blank\" rel=\"noreferrer noopener\">Ps\u00fc\u00fchika- ja k\u00e4itumish\u00e4ired - kliinilised kirjeldused ja diagnostilised juhised<\/a>&nbsp;(RHK-10\/V peat\u00fcki eriv\u00e4ljaanne) (t\u00f5lke toimetaja: Veiko Vasar, 1993)<\/li>\n\n\n\n<li><a href=\"https:\/\/valisveeb.kliinikum.ee\/psyhhiaatriakliinik\/lisad\/ravi\/ps-ravi\/SCH\/skisofreenia_ravijuhis.htm\" target=\"_blank\" rel=\"noreferrer noopener\">Skisofreenia<\/a>\u00a0(koostaja: Peeter Jaanson, 2001)(uuendatud juhend Eesti Ps\u00fchhiaatrite Seltsi kodulehel)<\/li>\n\n\n\n<li><a href=\"https:\/\/valisveeb.kliinikum.ee\/psyhhiaatriakliinik\/lisad\/ravi\/ps-ravi\/SCH\/atyypiliste_kriteeriumid.htm\" target=\"_blank\" rel=\"noreferrer noopener\">Kriteeriumid, mille p\u00f5hjal konventsionaalsete antips\u00fchhootikumide asemel on n\u00e4idustatud ravi at\u00fc\u00fcpiliste antips\u00fchhootikumidega<\/a>&nbsp;(SDA-t\u00fc\u00fcpi e. teise p\u00f5lvkonna antips\u00fchhootikumid) \/kehtib alates 01.juuli 2004.a.\/<\/li>\n\n\n\n<li><a href=\"https:\/\/valisveeb.kliinikum.ee\/psyhhiaatriakliinik\/lisad\/ravi\/ps-ravi\/DEP\/depressiooni_ravijuhis.htm\" target=\"_blank\" rel=\"noreferrer noopener\">Depressioon<\/a>&nbsp;(koostajad: Veiko Vasar, Jakov Shlik, 11.12.2002)<\/li>\n\n\n\n<li><a href=\"https:\/\/valisveeb.kliinikum.ee\/psyhhiaatriakliinik\/lisad\/ravi\/ps-ravi\/ANX\/anxiety.htm\" target=\"_blank\" rel=\"noreferrer noopener\">\u00c4revush\u00e4irete diagnostika ja ravi esmatasandi arstiabis<\/a>\u00a0(koostaja: Jakov \u0160lik)<\/li>\n\n\n\n<li><a href=\"https:\/\/valisveeb.kliinikum.ee\/psyhhiaatriakliinik\/pildid\/KOLLEEGILE\/ravijuhised\/Opiaat-fin-ver.pdf\" target=\"_blank\" rel=\"noreferrer noopener\">Opiaats\u00f5ltuvuse ravijuhis<\/a>&nbsp;[Eelmine versioon:&nbsp;<a href=\"https:\/\/valisveeb.kliinikum.ee\/psyhhiaatriakliinik\/pildid\/KOLLEEGILE\/ravijuhised\/Narkomaaniaravijuhis.pdf\" target=\"_blank\" rel=\"noreferrer noopener\">Narkomaania ravijuhis<\/a>]<\/li>\n\n\n\n<li><a href=\"https:\/\/valisveeb.kliinikum.ee\/psyhhiaatriakliinik\/pildid\/KOLLEEGILE\/ravijuhised\/Eating_disorders2003.pdf\" target=\"_blank\" rel=\"noreferrer noopener\">Praktilised juhtn\u00f6\u00f6rid s\u00f6\u00f6mish\u00e4iretega patsientide raviks<\/a><\/li>\n\n\n\n<li><a href=\"https:\/\/valisveeb.kliinikum.ee\/psyhhiaatriakliinik\/pildid\/KOLLEEGILE\/ravijuhised\/soomish_diagn_ja_ravi_8_03.pdf\" target=\"_blank\" rel=\"noreferrer noopener\">S\u00f6\u00f6mish\u00e4irete ravijuhis 2010<\/a>&nbsp;(koostajad: Anu J\u00e4rv, Meeri Pennar, Kristi Akkermann)<\/li>\n<\/ul>\n\n\n\n<p><\/p>\n","protected":false},"excerpt":{"rendered":"","protected":false},"author":32,"featured_media":0,"parent":5846,"menu_order":1,"comment_status":"closed","ping_status":"closed","template":"","meta":{"_acf_changed":false,"_uag_custom_page_level_css":"","footnotes":""},"class_list":["post-5879","page","type-page","status-publish","hentry"],"acf":[],"yoast_head":"<!-- This site is optimized with the Yoast SEO plugin v27.5 - https:\/\/yoast.com\/product\/yoast-seo-wordpress\/ -->\n<title>Ravijuhised - Ps\u00fchhiaatriakliinik<\/title>\n<meta name=\"robots\" content=\"index, follow, max-snippet:-1, max-image-preview:large, max-video-preview:-1\" \/>\n<link rel=\"canonical\" href=\"https:\/\/www.kliinikum.ee\/psyhhiaatriakliinik\/kolleegile\/ravijuhised\/\" \/>\n<meta property=\"og:locale\" content=\"et_EE\" \/>\n<meta property=\"og:type\" content=\"article\" \/>\n<meta property=\"og:title\" content=\"Ravijuhised - Ps\u00fchhiaatriakliinik\" \/>\n<meta property=\"og:url\" content=\"https:\/\/www.kliinikum.ee\/psyhhiaatriakliinik\/kolleegile\/ravijuhised\/\" \/>\n<meta property=\"og:site_name\" content=\"Ps\u00fchhiaatriakliinik\" \/>\n<meta property=\"article:modified_time\" content=\"2024-10-08T10:50:57+00:00\" \/>\n<meta name=\"twitter:card\" content=\"summary_large_image\" \/>\n<meta name=\"twitter:label1\" content=\"Est. reading time\" \/>\n\t<meta name=\"twitter:data1\" content=\"1 minut\" \/>\n<script type=\"application\/ld+json\" class=\"yoast-schema-graph\">{\"@context\":\"https:\\\/\\\/schema.org\",\"@graph\":[{\"@type\":\"WebPage\",\"@id\":\"https:\\\/\\\/www.kliinikum.ee\\\/psyhhiaatriakliinik\\\/kolleegile\\\/ravijuhised\\\/\",\"url\":\"https:\\\/\\\/www.kliinikum.ee\\\/psyhhiaatriakliinik\\\/kolleegile\\\/ravijuhised\\\/\",\"name\":\"Ravijuhised - Ps\u00fchhiaatriakliinik\",\"isPartOf\":{\"@id\":\"https:\\\/\\\/www.kliinikum.ee\\\/psyhhiaatriakliinik\\\/#website\"},\"datePublished\":\"2023-04-27T07:34:44+00:00\",\"dateModified\":\"2024-10-08T10:50:57+00:00\",\"breadcrumb\":{\"@id\":\"https:\\\/\\\/www.kliinikum.ee\\\/psyhhiaatriakliinik\\\/kolleegile\\\/ravijuhised\\\/#breadcrumb\"},\"inLanguage\":\"et\",\"potentialAction\":[{\"@type\":\"ReadAction\",\"target\":[\"https:\\\/\\\/www.kliinikum.ee\\\/psyhhiaatriakliinik\\\/kolleegile\\\/ravijuhised\\\/\"]}]},{\"@type\":\"BreadcrumbList\",\"@id\":\"https:\\\/\\\/www.kliinikum.ee\\\/psyhhiaatriakliinik\\\/kolleegile\\\/ravijuhised\\\/#breadcrumb\",\"itemListElement\":[{\"@type\":\"ListItem\",\"position\":1,\"name\":\"Home\",\"item\":\"https:\\\/\\\/www.kliinikum.ee\\\/psyhhiaatriakliinik\\\/\"},{\"@type\":\"ListItem\",\"position\":2,\"name\":\"Kolleegile\",\"item\":\"https:\\\/\\\/www.kliinikum.ee\\\/psyhhiaatriakliinik\\\/kolleegile\\\/\"},{\"@type\":\"ListItem\",\"position\":3,\"name\":\"Ravijuhised\"}]},{\"@type\":\"WebSite\",\"@id\":\"https:\\\/\\\/www.kliinikum.ee\\\/psyhhiaatriakliinik\\\/#website\",\"url\":\"https:\\\/\\\/www.kliinikum.ee\\\/psyhhiaatriakliinik\\\/\",\"name\":\"Ps\u00fchhiaatriakliinik\",\"description\":\"Hoolivus, Uuendusmeelsus, P\u00e4devus ja Usaldusv\u00e4\u00e4rsus\",\"potentialAction\":[{\"@type\":\"SearchAction\",\"target\":{\"@type\":\"EntryPoint\",\"urlTemplate\":\"https:\\\/\\\/www.kliinikum.ee\\\/psyhhiaatriakliinik\\\/?s={search_term_string}\"},\"query-input\":{\"@type\":\"PropertyValueSpecification\",\"valueRequired\":true,\"valueName\":\"search_term_string\"}}],\"inLanguage\":\"et\"}]}<\/script>\n<!-- \/ Yoast SEO plugin. -->","yoast_head_json":{"title":"Ravijuhised - Ps\u00fchhiaatriakliinik","robots":{"index":"index","follow":"follow","max-snippet":"max-snippet:-1","max-image-preview":"max-image-preview:large","max-video-preview":"max-video-preview:-1"},"canonical":"https:\/\/www.kliinikum.ee\/psyhhiaatriakliinik\/kolleegile\/ravijuhised\/","og_locale":"et_EE","og_type":"article","og_title":"Ravijuhised - Ps\u00fchhiaatriakliinik","og_url":"https:\/\/www.kliinikum.ee\/psyhhiaatriakliinik\/kolleegile\/ravijuhised\/","og_site_name":"Ps\u00fchhiaatriakliinik","article_modified_time":"2024-10-08T10:50:57+00:00","twitter_card":"summary_large_image","twitter_misc":{"Est. reading time":"1 minut"},"schema":{"@context":"https:\/\/schema.org","@graph":[{"@type":"WebPage","@id":"https:\/\/www.kliinikum.ee\/psyhhiaatriakliinik\/kolleegile\/ravijuhised\/","url":"https:\/\/www.kliinikum.ee\/psyhhiaatriakliinik\/kolleegile\/ravijuhised\/","name":"Ravijuhised - Ps\u00fchhiaatriakliinik","isPartOf":{"@id":"https:\/\/www.kliinikum.ee\/psyhhiaatriakliinik\/#website"},"datePublished":"2023-04-27T07:34:44+00:00","dateModified":"2024-10-08T10:50:57+00:00","breadcrumb":{"@id":"https:\/\/www.kliinikum.ee\/psyhhiaatriakliinik\/kolleegile\/ravijuhised\/#breadcrumb"},"inLanguage":"et","potentialAction":[{"@type":"ReadAction","target":["https:\/\/www.kliinikum.ee\/psyhhiaatriakliinik\/kolleegile\/ravijuhised\/"]}]},{"@type":"BreadcrumbList","@id":"https:\/\/www.kliinikum.ee\/psyhhiaatriakliinik\/kolleegile\/ravijuhised\/#breadcrumb","itemListElement":[{"@type":"ListItem","position":1,"name":"Home","item":"https:\/\/www.kliinikum.ee\/psyhhiaatriakliinik\/"},{"@type":"ListItem","position":2,"name":"Kolleegile","item":"https:\/\/www.kliinikum.ee\/psyhhiaatriakliinik\/kolleegile\/"},{"@type":"ListItem","position":3,"name":"Ravijuhised"}]},{"@type":"WebSite","@id":"https:\/\/www.kliinikum.ee\/psyhhiaatriakliinik\/#website","url":"https:\/\/www.kliinikum.ee\/psyhhiaatriakliinik\/","name":"Ps\u00fchhiaatriakliinik","description":"Hoolivus, Uuendusmeelsus, P\u00e4devus ja Usaldusv\u00e4\u00e4rsus","potentialAction":[{"@type":"SearchAction","target":{"@type":"EntryPoint","urlTemplate":"https:\/\/www.kliinikum.ee\/psyhhiaatriakliinik\/?s={search_term_string}"},"query-input":{"@type":"PropertyValueSpecification","valueRequired":true,"valueName":"search_term_string"}}],"inLanguage":"et"}]}},"uagb_featured_image_src":{"full":false,"thumbnail":false,"medium":false,"medium_large":false,"large":false,"1536x1536":false,"2048x2048":false},"uagb_author_info":{"display_name":"Jane Freimann","author_link":"https:\/\/www.kliinikum.ee\/psyhhiaatriakliinik\/author\/janef\/"},"uagb_comment_info":0,"uagb_excerpt":null,"_links":{"self":[{"href":"https:\/\/www.kliinikum.ee\/psyhhiaatriakliinik\/wp-json\/wp\/v2\/pages\/5879","targetHints":{"allow":["GET"]}}],"collection":[{"href":"https:\/\/www.kliinikum.ee\/psyhhiaatriakliinik\/wp-json\/wp\/v2\/pages"}],"about":[{"href":"https:\/\/www.kliinikum.ee\/psyhhiaatriakliinik\/wp-json\/wp\/v2\/types\/page"}],"author":[{"embeddable":true,"href":"https:\/\/www.kliinikum.ee\/psyhhiaatriakliinik\/wp-json\/wp\/v2\/users\/32"}],"replies":[{"embeddable":true,"href":"https:\/\/www.kliinikum.ee\/psyhhiaatriakliinik\/wp-json\/wp\/v2\/comments?post=5879"}],"version-history":[{"count":0,"href":"https:\/\/www.kliinikum.ee\/psyhhiaatriakliinik\/wp-json\/wp\/v2\/pages\/5879\/revisions"}],"up":[{"embeddable":true,"href":"https:\/\/www.kliinikum.ee\/psyhhiaatriakliinik\/wp-json\/wp\/v2\/pages\/5846"}],"wp:attachment":[{"href":"https:\/\/www.kliinikum.ee\/psyhhiaatriakliinik\/wp-json\/wp\/v2\/media?parent=5879"}],"curies":[{"name":"wp","href":"https:\/\/api.w.org\/{rel}","templated":true}]}}