{"id":5934,"date":"2024-01-26T10:22:01","date_gmt":"2024-01-26T08:22:01","guid":{"rendered":"https:\/\/www.kliinikum.ee\/psyhhiaatriakliinik\/?page_id=5934"},"modified":"2025-10-29T14:12:27","modified_gmt":"2025-10-29T12:12:27","slug":"soomishairete-osakond","status":"publish","type":"page","link":"https:\/\/www.kliinikum.ee\/psyhhiaatriakliinik\/kliinikust\/uldpsuhhiaatria-keskus\/soomishairete-osakond\/","title":{"rendered":"S\u00f6\u00f6mish\u00e4irete osakond"},"content":{"rendered":"\n<p class=\"has-medium-font-size\"><strong>Valve\u00f5de<\/strong>\u00a0731 8802<br><strong>Sekret\u00e4r\u00a0|\u00a0<\/strong>Elery Kivimurd\u00a0| 731 8805\u00a0|\u00a0<a href=\"mailto:elery.kivimurd@kliinikum.ee\">elery.kivimurd@kliinikum.ee<\/a><\/p>\n\n\n\n<p><\/p>\n\n\n\n<p class=\"has-medium-font-size\">S\u00f6\u00f6mish\u00e4irete osakonnas ravitakse h\u00e4irunud s\u00f6\u00f6misk\u00e4itumise ja s\u00f6\u00f6mish\u00e4irega (anorexia nervosa, bulimia nervosa, liigs\u00f6\u00f6mish\u00e4ire) t\u00e4iskasvanuid ja noorukeid alates 12. eluaastast. Patsiente v\u00f5etakse vastu k\u00f5ikidest linnadest ja maakondadest.&nbsp;<\/p>\n\n\n\n<p class=\"has-medium-font-size\">S\u00f6\u00f6mish\u00e4irete osakonnas on 12 kohta (1- ja 2 ning 3-kohalised palatid). Ravi toimub reeglina 3-n\u00e4dalaste ts\u00fcklitena.&nbsp;Ravile suunamine toimub \u00fcldjuhul eriarstide v\u00f5i perearstide poolt.&nbsp;<\/p>\n\n\n\n<p class=\"has-medium-font-size\">3-etapiline ravis\u00fcsteem h\u00f5lmab endas ambulatoorset ravi, p\u00e4evakeskust ja statsionaarset ravi.<\/p>\n\n\n\n<ul class=\"wp-block-list\">\n<li class=\"has-medium-font-size\">Ambulatoorses etapis toimub esialgse meditsiinilise hinnangu andmine, farmakoteraapia, toitumisalane n\u00f5ustamine ja ps\u00fchhoteraapia. See on m\u00f5eldud m\u00f5\u00f5duka s\u00fcmptomaatikaga patsientidele, kelle haiguse anamnees ei ole pikk.<\/li>\n\n\n\n<li class=\"has-medium-font-size\">P\u00e4evakeskuse etapis tegeldakse patsientidega struktureeritud 3-n\u00e4dalase raviprogrammi raames. Selle k\u00e4igus toimub meditsiiniline hindamine ja ravi, s\u00f6\u00f6mistreeningud, grupiteraapia, individuaalne ps\u00fchhoteraapia, toitumisalane n\u00f5ustamine, perede n\u00f5ustamine, f\u00fcsioteraapia. P\u00e4evakeskuse etapis ravitakse patsiente, kes ei ole iseseisvalt v\u00f5imelised toitumist reguleerima ja kelle h\u00e4ire on kestnud kauem ning somaatiline seisund raskem.<\/li>\n\n\n\n<li class=\"has-medium-font-size\">Statsionaarses ravis tegeldakse somaatilise ja ps\u00fc\u00fchilise seisundi stabiliseerimisega, pideva monitoorimise ja toitumise j\u00e4lgimisega. M\u00f5eldud raske somaatilise seisundiga ja sageli motivatsiooniprobleemidega patsientidele.<\/li>\n<\/ul>\n\n\n\n<p class=\"has-medium-font-size\">\u00d5ed viivad l\u00e4bi toitumisalast n\u00f5ustamist nii haiglas, p\u00e4evakeskuses kui ambulatoorselt. Ambulatoorne <a href=\"https:\/\/www.kliinikum.ee\/patsiendile\/oe-vastuvott\/soomishairete-oe-vastuvott\/\">s\u00f6\u00f6mish\u00e4irete \u00f5e vastuv\u00f5tt <\/a>toimub ps\u00fchhiaatriakliiniku I korrusel kabinetis A1035. S\u00f6\u00f6mish\u00e4irete \u00f5e vastuv\u00f5tule suunab kliinikumi eriarst.&nbsp;<\/p>\n\n\n\n<p class=\"has-medium-font-size\">Ambulatoorselt teostatakse ka kirurgiakliiniku poolt suunatud patsientidele skriiningteste v\u00e4listamaks ps\u00fc\u00fchikah\u00e4irete olemasolu enne bariaatrilist operatiivset sekkumist.<\/p>\n\n\n\n<p class=\"has-medium-font-size\"><strong>S\u00f6\u00f6mish\u00e4iretele spetsialiseerunud ps\u00fchhiaatrid:<\/strong><\/p>\n\n\n\n<ul class=\"wp-block-list\">\n<li class=\"has-medium-font-size\"><strong>dr Henel Paadik<\/strong><\/li>\n\n\n\n<li class=\"has-medium-font-size\"><strong>dr Anu J\u00e4rv<\/strong><\/li>\n\n\n\n<li class=\"has-medium-font-size\"><strong>dr Madli Paas<\/strong><\/li>\n\n\n\n<li class=\"has-medium-font-size\"><strong>dr Kadi Pajusalu<\/strong><\/li>\n<\/ul>\n\n\n\n<p class=\"has-medium-font-size\"><\/p>\n\n\n\n<p><\/p>\n","protected":false},"excerpt":{"rendered":"<p>Valve\u00f5de\u00a0731 8802Sekret\u00e4r\u00a0|\u00a0Elery Kivimurd\u00a0| 731 8805\u00a0|\u00a0elery.kivimurd@kliinikum.ee S\u00f6\u00f6mish\u00e4irete osakonnas ravitakse h\u00e4irunud s\u00f6\u00f6misk\u00e4itumise ja s\u00f6\u00f6mish\u00e4irega (anorexia nervosa, bulimia nervosa, liigs\u00f6\u00f6mish\u00e4ire) t\u00e4iskasvanuid ja noorukeid alates 12. eluaastast. Patsiente v\u00f5etakse vastu k\u00f5ikidest linnadest ja maakondadest.&nbsp; S\u00f6\u00f6mish\u00e4irete osakonnas on 12 kohta (1- ja 2 ning 3-kohalised palatid). Ravi toimub reeglina 3-n\u00e4dalaste ts\u00fcklitena.&nbsp;Ravile suunamine toimub \u00fcldjuhul eriarstide v\u00f5i perearstide poolt.&nbsp; 3-etapiline ravis\u00fcsteem [&hellip;]<\/p>\n","protected":false},"author":32,"featured_media":0,"parent":5860,"menu_order":2,"comment_status":"closed","ping_status":"closed","template":"","meta":{"_acf_changed":false,"_uag_custom_page_level_css":"","footnotes":""},"class_list":["post-5934","page","type-page","status-publish","hentry"],"acf":[],"yoast_head":"<!-- This site is optimized with the Yoast SEO plugin v27.3 - https:\/\/yoast.com\/product\/yoast-seo-wordpress\/ -->\n<title>S\u00f6\u00f6mish\u00e4irete osakond - Ps\u00fchhiaatriakliinik<\/title>\n<meta name=\"robots\" content=\"index, follow, max-snippet:-1, max-image-preview:large, max-video-preview:-1\" \/>\n<link rel=\"canonical\" href=\"https:\/\/www.kliinikum.ee\/psyhhiaatriakliinik\/kliinikust\/uldpsuhhiaatria-keskus\/soomishairete-osakond\/\" \/>\n<meta property=\"og:locale\" content=\"et_EE\" \/>\n<meta property=\"og:type\" content=\"article\" \/>\n<meta property=\"og:title\" content=\"S\u00f6\u00f6mish\u00e4irete osakond - Ps\u00fchhiaatriakliinik\" \/>\n<meta property=\"og:description\" content=\"Valve\u00f5de\u00a0731 8802Sekret\u00e4r\u00a0|\u00a0Elery Kivimurd\u00a0| 731 8805\u00a0|\u00a0elery.kivimurd@kliinikum.ee S\u00f6\u00f6mish\u00e4irete osakonnas ravitakse h\u00e4irunud s\u00f6\u00f6misk\u00e4itumise ja s\u00f6\u00f6mish\u00e4irega (anorexia nervosa, bulimia nervosa, liigs\u00f6\u00f6mish\u00e4ire) t\u00e4iskasvanuid ja noorukeid alates 12. eluaastast. Patsiente v\u00f5etakse vastu k\u00f5ikidest linnadest ja maakondadest.&nbsp; S\u00f6\u00f6mish\u00e4irete osakonnas on 12 kohta (1- ja 2 ning 3-kohalised palatid). Ravi toimub reeglina 3-n\u00e4dalaste ts\u00fcklitena.&nbsp;Ravile suunamine toimub \u00fcldjuhul eriarstide v\u00f5i perearstide poolt.&nbsp; 3-etapiline ravis\u00fcsteem [&hellip;]\" \/>\n<meta property=\"og:url\" content=\"https:\/\/www.kliinikum.ee\/psyhhiaatriakliinik\/kliinikust\/uldpsuhhiaatria-keskus\/soomishairete-osakond\/\" \/>\n<meta property=\"og:site_name\" content=\"Ps\u00fchhiaatriakliinik\" \/>\n<meta property=\"article:modified_time\" content=\"2025-10-29T12:12:27+00:00\" \/>\n<meta name=\"twitter:card\" content=\"summary_large_image\" \/>\n<meta name=\"twitter:label1\" content=\"Est. reading time\" \/>\n\t<meta name=\"twitter:data1\" content=\"2 minutit\" \/>\n<script type=\"application\/ld+json\" class=\"yoast-schema-graph\">{\"@context\":\"https:\\\/\\\/schema.org\",\"@graph\":[{\"@type\":\"WebPage\",\"@id\":\"https:\\\/\\\/www.kliinikum.ee\\\/psyhhiaatriakliinik\\\/kliinikust\\\/uldpsuhhiaatria-keskus\\\/soomishairete-osakond\\\/\",\"url\":\"https:\\\/\\\/www.kliinikum.ee\\\/psyhhiaatriakliinik\\\/kliinikust\\\/uldpsuhhiaatria-keskus\\\/soomishairete-osakond\\\/\",\"name\":\"S\u00f6\u00f6mish\u00e4irete osakond - Ps\u00fchhiaatriakliinik\",\"isPartOf\":{\"@id\":\"https:\\\/\\\/www.kliinikum.ee\\\/psyhhiaatriakliinik\\\/#website\"},\"datePublished\":\"2024-01-26T08:22:01+00:00\",\"dateModified\":\"2025-10-29T12:12:27+00:00\",\"breadcrumb\":{\"@id\":\"https:\\\/\\\/www.kliinikum.ee\\\/psyhhiaatriakliinik\\\/kliinikust\\\/uldpsuhhiaatria-keskus\\\/soomishairete-osakond\\\/#breadcrumb\"},\"inLanguage\":\"et\",\"potentialAction\":[{\"@type\":\"ReadAction\",\"target\":[\"https:\\\/\\\/www.kliinikum.ee\\\/psyhhiaatriakliinik\\\/kliinikust\\\/uldpsuhhiaatria-keskus\\\/soomishairete-osakond\\\/\"]}]},{\"@type\":\"BreadcrumbList\",\"@id\":\"https:\\\/\\\/www.kliinikum.ee\\\/psyhhiaatriakliinik\\\/kliinikust\\\/uldpsuhhiaatria-keskus\\\/soomishairete-osakond\\\/#breadcrumb\",\"itemListElement\":[{\"@type\":\"ListItem\",\"position\":1,\"name\":\"Home\",\"item\":\"https:\\\/\\\/www.kliinikum.ee\\\/psyhhiaatriakliinik\\\/\"},{\"@type\":\"ListItem\",\"position\":2,\"name\":\"Kliinikust\",\"item\":\"https:\\\/\\\/www.kliinikum.ee\\\/psyhhiaatriakliinik\\\/kliinikust\\\/\"},{\"@type\":\"ListItem\",\"position\":3,\"name\":\"\u00dcldps\u00fchhiaatria keskus\",\"item\":\"https:\\\/\\\/www.kliinikum.ee\\\/psyhhiaatriakliinik\\\/kliinikust\\\/uldpsuhhiaatria-keskus\\\/\"},{\"@type\":\"ListItem\",\"position\":4,\"name\":\"S\u00f6\u00f6mish\u00e4irete osakond\"}]},{\"@type\":\"WebSite\",\"@id\":\"https:\\\/\\\/www.kliinikum.ee\\\/psyhhiaatriakliinik\\\/#website\",\"url\":\"https:\\\/\\\/www.kliinikum.ee\\\/psyhhiaatriakliinik\\\/\",\"name\":\"Ps\u00fchhiaatriakliinik\",\"description\":\"Hoolivus, Uuendusmeelsus, P\u00e4devus ja Usaldusv\u00e4\u00e4rsus\",\"potentialAction\":[{\"@type\":\"SearchAction\",\"target\":{\"@type\":\"EntryPoint\",\"urlTemplate\":\"https:\\\/\\\/www.kliinikum.ee\\\/psyhhiaatriakliinik\\\/?s={search_term_string}\"},\"query-input\":{\"@type\":\"PropertyValueSpecification\",\"valueRequired\":true,\"valueName\":\"search_term_string\"}}],\"inLanguage\":\"et\"}]}<\/script>\n<!-- \/ Yoast SEO plugin. -->","yoast_head_json":{"title":"S\u00f6\u00f6mish\u00e4irete osakond - Ps\u00fchhiaatriakliinik","robots":{"index":"index","follow":"follow","max-snippet":"max-snippet:-1","max-image-preview":"max-image-preview:large","max-video-preview":"max-video-preview:-1"},"canonical":"https:\/\/www.kliinikum.ee\/psyhhiaatriakliinik\/kliinikust\/uldpsuhhiaatria-keskus\/soomishairete-osakond\/","og_locale":"et_EE","og_type":"article","og_title":"S\u00f6\u00f6mish\u00e4irete osakond - Ps\u00fchhiaatriakliinik","og_description":"Valve\u00f5de\u00a0731 8802Sekret\u00e4r\u00a0|\u00a0Elery Kivimurd\u00a0| 731 8805\u00a0|\u00a0elery.kivimurd@kliinikum.ee S\u00f6\u00f6mish\u00e4irete osakonnas ravitakse h\u00e4irunud s\u00f6\u00f6misk\u00e4itumise ja s\u00f6\u00f6mish\u00e4irega (anorexia nervosa, bulimia nervosa, liigs\u00f6\u00f6mish\u00e4ire) t\u00e4iskasvanuid ja noorukeid alates 12. eluaastast. Patsiente v\u00f5etakse vastu k\u00f5ikidest linnadest ja maakondadest.&nbsp; S\u00f6\u00f6mish\u00e4irete osakonnas on 12 kohta (1- ja 2 ning 3-kohalised palatid). Ravi toimub reeglina 3-n\u00e4dalaste ts\u00fcklitena.&nbsp;Ravile suunamine toimub \u00fcldjuhul eriarstide v\u00f5i perearstide poolt.&nbsp; 3-etapiline ravis\u00fcsteem [&hellip;]","og_url":"https:\/\/www.kliinikum.ee\/psyhhiaatriakliinik\/kliinikust\/uldpsuhhiaatria-keskus\/soomishairete-osakond\/","og_site_name":"Ps\u00fchhiaatriakliinik","article_modified_time":"2025-10-29T12:12:27+00:00","twitter_card":"summary_large_image","twitter_misc":{"Est. reading time":"2 minutit"},"schema":{"@context":"https:\/\/schema.org","@graph":[{"@type":"WebPage","@id":"https:\/\/www.kliinikum.ee\/psyhhiaatriakliinik\/kliinikust\/uldpsuhhiaatria-keskus\/soomishairete-osakond\/","url":"https:\/\/www.kliinikum.ee\/psyhhiaatriakliinik\/kliinikust\/uldpsuhhiaatria-keskus\/soomishairete-osakond\/","name":"S\u00f6\u00f6mish\u00e4irete osakond - Ps\u00fchhiaatriakliinik","isPartOf":{"@id":"https:\/\/www.kliinikum.ee\/psyhhiaatriakliinik\/#website"},"datePublished":"2024-01-26T08:22:01+00:00","dateModified":"2025-10-29T12:12:27+00:00","breadcrumb":{"@id":"https:\/\/www.kliinikum.ee\/psyhhiaatriakliinik\/kliinikust\/uldpsuhhiaatria-keskus\/soomishairete-osakond\/#breadcrumb"},"inLanguage":"et","potentialAction":[{"@type":"ReadAction","target":["https:\/\/www.kliinikum.ee\/psyhhiaatriakliinik\/kliinikust\/uldpsuhhiaatria-keskus\/soomishairete-osakond\/"]}]},{"@type":"BreadcrumbList","@id":"https:\/\/www.kliinikum.ee\/psyhhiaatriakliinik\/kliinikust\/uldpsuhhiaatria-keskus\/soomishairete-osakond\/#breadcrumb","itemListElement":[{"@type":"ListItem","position":1,"name":"Home","item":"https:\/\/www.kliinikum.ee\/psyhhiaatriakliinik\/"},{"@type":"ListItem","position":2,"name":"Kliinikust","item":"https:\/\/www.kliinikum.ee\/psyhhiaatriakliinik\/kliinikust\/"},{"@type":"ListItem","position":3,"name":"\u00dcldps\u00fchhiaatria keskus","item":"https:\/\/www.kliinikum.ee\/psyhhiaatriakliinik\/kliinikust\/uldpsuhhiaatria-keskus\/"},{"@type":"ListItem","position":4,"name":"S\u00f6\u00f6mish\u00e4irete osakond"}]},{"@type":"WebSite","@id":"https:\/\/www.kliinikum.ee\/psyhhiaatriakliinik\/#website","url":"https:\/\/www.kliinikum.ee\/psyhhiaatriakliinik\/","name":"Ps\u00fchhiaatriakliinik","description":"Hoolivus, Uuendusmeelsus, P\u00e4devus ja Usaldusv\u00e4\u00e4rsus","potentialAction":[{"@type":"SearchAction","target":{"@type":"EntryPoint","urlTemplate":"https:\/\/www.kliinikum.ee\/psyhhiaatriakliinik\/?s={search_term_string}"},"query-input":{"@type":"PropertyValueSpecification","valueRequired":true,"valueName":"search_term_string"}}],"inLanguage":"et"}]}},"uagb_featured_image_src":{"full":false,"thumbnail":false,"medium":false,"medium_large":false,"large":false,"1536x1536":false,"2048x2048":false},"uagb_author_info":{"display_name":"Jane Freimann","author_link":"https:\/\/www.kliinikum.ee\/psyhhiaatriakliinik\/author\/janef\/"},"uagb_comment_info":0,"uagb_excerpt":"Valve\u00f5de\u00a0731 8802Sekret\u00e4r\u00a0|\u00a0Elery Kivimurd\u00a0| 731 8805\u00a0|\u00a0elery.kivimurd@kliinikum.ee S\u00f6\u00f6mish\u00e4irete osakonnas ravitakse h\u00e4irunud s\u00f6\u00f6misk\u00e4itumise ja s\u00f6\u00f6mish\u00e4irega (anorexia nervosa, bulimia nervosa, liigs\u00f6\u00f6mish\u00e4ire) t\u00e4iskasvanuid ja noorukeid alates 12. eluaastast. Patsiente v\u00f5etakse vastu k\u00f5ikidest linnadest ja maakondadest.&nbsp; S\u00f6\u00f6mish\u00e4irete osakonnas on 12 kohta (1- ja 2 ning 3-kohalised palatid). Ravi toimub reeglina 3-n\u00e4dalaste ts\u00fcklitena.&nbsp;Ravile suunamine toimub \u00fcldjuhul eriarstide v\u00f5i perearstide poolt.&nbsp; 3-etapiline ravis\u00fcsteem&hellip;","_links":{"self":[{"href":"https:\/\/www.kliinikum.ee\/psyhhiaatriakliinik\/wp-json\/wp\/v2\/pages\/5934","targetHints":{"allow":["GET"]}}],"collection":[{"href":"https:\/\/www.kliinikum.ee\/psyhhiaatriakliinik\/wp-json\/wp\/v2\/pages"}],"about":[{"href":"https:\/\/www.kliinikum.ee\/psyhhiaatriakliinik\/wp-json\/wp\/v2\/types\/page"}],"author":[{"embeddable":true,"href":"https:\/\/www.kliinikum.ee\/psyhhiaatriakliinik\/wp-json\/wp\/v2\/users\/32"}],"replies":[{"embeddable":true,"href":"https:\/\/www.kliinikum.ee\/psyhhiaatriakliinik\/wp-json\/wp\/v2\/comments?post=5934"}],"version-history":[{"count":0,"href":"https:\/\/www.kliinikum.ee\/psyhhiaatriakliinik\/wp-json\/wp\/v2\/pages\/5934\/revisions"}],"up":[{"embeddable":true,"href":"https:\/\/www.kliinikum.ee\/psyhhiaatriakliinik\/wp-json\/wp\/v2\/pages\/5860"}],"wp:attachment":[{"href":"https:\/\/www.kliinikum.ee\/psyhhiaatriakliinik\/wp-json\/wp\/v2\/media?parent=5934"}],"curies":[{"name":"wp","href":"https:\/\/api.w.org\/{rel}","templated":true}]}}