{"id":5941,"date":"2024-01-26T11:09:18","date_gmt":"2024-01-26T09:09:18","guid":{"rendered":"https:\/\/www.kliinikum.ee\/psyhhiaatriakliinik\/?page_id=5941"},"modified":"2025-10-29T14:13:39","modified_gmt":"2025-10-29T12:13:39","slug":"unehairete-osakond","status":"publish","type":"page","link":"https:\/\/www.kliinikum.ee\/psyhhiaatriakliinik\/kliinikust\/uldpsuhhiaatria-keskus\/unehairete-osakond\/","title":{"rendered":"Uneh\u00e4irete osakond"},"content":{"rendered":"\n<p class=\"has-medium-font-size\"><strong>Sekret\u00e4r\u00a0|\u00a0<\/strong>Katrin Saarem\u00e4e\u00a0| 731 8784\u00a0|\u00a0<a href=\"mailto:katrin.saaremae@kliinikum.ee\" target=\"_blank\" rel=\"noreferrer noopener\"><\/a><a href=\"mailto:katrin.saaremae@kliinikum.ee\">katrin.saaremae@kliinikum.ee<\/a><\/p>\n\n\n\n<ul class=\"wp-block-list\">\n<li class=\"has-medium-font-size\">Uneh\u00e4irete osakonnas ravitakse ja uuritakse lapsi ja t\u00e4iskasvanuid j\u00e4rgmiste probleemidega: unetus, uneh\u00e4ired, katkendlik uni, mittekosutav uni, &nbsp;norskamine, hingamispeetused, uneapnoe, positiivse \u00f5hur\u00f5hu ravi, autojuhtidel uneapnoe v\u00e4listamine, rahutud jalad, uneaegne liigutush\u00e4ire, liigunisus, unesk\u00f5ndimine, unesr\u00e4\u00e4kimine, unesk\u00e4itumine, narkolepsia, une-\u00e4rkveloleku r\u00fctmih\u00e4ire, vahetustega t\u00f6\u00f6 puhune uneh\u00e4ire.&nbsp;Patsiente v\u00f5etakse vastu k\u00f5ikidest linnadest ja maakondadest.<\/li>\n\n\n\n<li class=\"has-medium-font-size\">K\u00f5igil juhtudel algab koost\u00f6\u00f6 p\u00f6\u00f6rdumisega <a href=\"https:\/\/www.kliinikum.ee\/patsiendile\/oe-vastuvott\/unehairete-oe-vastuvott-psuhhiaatriakliinik\/\">uneh\u00e4irete osakonna \u00f5e vastuv\u00f5tule<\/a>. \u00d5e vastuv\u00f5tule saab end registreerida kliinikumi k\u00f5nekeskuse telefonil 731 9100 v\u00f5i ps\u00fchhiaatriakliiniku registratuuris Raja 31. Vastuv\u00f5tud toimuvad ps\u00fchhiaatriakliinikus, Raja 31, kab A3009. Vastuv\u00f5tule registreerimiseks ei ole kohustuslik eriarsti saatekiri, kuid see on soovituslik.<\/li>\n\n\n\n<li class=\"has-medium-font-size\">Enne vastuv\u00f5tule p\u00f6\u00f6rdumist palume t\u00e4ita ja vastuv\u00f5tule kaasa v\u00f5tta&nbsp;<a href=\"https:\/\/www.kliinikum.ee\/psyhhiaatriakliinik\/wp-content\/uploads\/2024\/01\/uppsala-uneuuringu-kysimustik.doc\">Uppsala uneuuringu k\u00fcsimustik<\/a>,&nbsp;<a href=\"https:\/\/www.kliinikum.ee\/psyhhiaatriakliinik\/wp-content\/uploads\/2024\/01\/emotsionaalse_enesetunde_kysimustik.doc\">emotsionaalse enesetunde k\u00fcsimustik<\/a>&nbsp;ning t\u00e4ita v\u00e4hemalt kahe n\u00e4dala jooksul&nbsp;<a href=\"https:\/\/www.kliinikum.ee\/psyhhiaatriakliinik\/wp-content\/uploads\/2024\/01\/unepaevik.doc\">unep\u00e4evikut<\/a>.<\/li>\n<\/ul>\n\n\n\n<h3 class=\"wp-block-heading\">Uneh\u00e4irete osakonnas pakume abi j\u00e4rgmiste h\u00e4irete korral:<\/h3>\n\n\n<div class=\"wp-block-uagb-faq uagb-faq__outer-wrap uagb-block-7ccb1970 uagb-faq-icon-row uagb-faq-layout-accordion uagb-faq-expand-first-false uagb-faq-inactive-other-true uagb-faq__wrap uagb-buttons-layout-wrap uagb-faq-equal-height     \" data-faqtoggle=\"true\" role=\"tablist\"><div class=\"wp-block-uagb-faq-child uagb-faq-child__outer-wrap uagb-faq-item uagb-block-d0dbff25 \" role=\"tab\" tabindex=\"0\"><div class=\"uagb-faq-questions-button uagb-faq-questions\">\t\t\t<span class=\"uagb-icon uagb-faq-icon-wrap\">\n\t\t\t\t\t\t\t\t<svg xmlns=\"https:\/\/www.w3.org\/2000\/svg\" viewBox= \"0 0 448 512\"><path d=\"M432 256c0 17.69-14.33 32.01-32 32.01H256v144c0 17.69-14.33 31.99-32 31.99s-32-14.3-32-31.99v-144H48c-17.67 0-32-14.32-32-32.01s14.33-31.99 32-31.99H192v-144c0-17.69 14.33-32.01 32-32.01s32 14.32 32 32.01v144h144C417.7 224 432 238.3 432 256z\"><\/path><\/svg>\n\t\t\t\t\t\t\t<\/span>\n\t\t\t\t\t\t<span class=\"uagb-icon-active uagb-faq-icon-wrap\">\n\t\t\t\t\t\t\t\t<svg xmlns=\"https:\/\/www.w3.org\/2000\/svg\" viewBox= \"0 0 448 512\"><path d=\"M400 288h-352c-17.69 0-32-14.32-32-32.01s14.31-31.99 32-31.99h352c17.69 0 32 14.3 32 31.99S417.7 288 400 288z\"><\/path><\/svg>\n\t\t\t\t\t\t\t<\/span>\n\t\t\t<span class=\"uagb-question\">Unetus ehk insomnia\u00a0<\/span><\/div><div class=\"uagb-faq-content\"><p>Unetusele on iseloomulikud:<br>- korduvad raskused uinumisega, ei suudeta soovitud ajal uinuda v\u00e4hemalt poole tunni jooksul<br>- korduvad raskused une kestusega, uni j\u00e4\u00e4b liiga l\u00fchikeseks<br>- korduvad raskused une p\u00fcsivusega -\u00f6ised \u00e4rkamised, liiga varajane hommikune \u00e4rkamine<br>- korduvad une kvaliteedi h\u00e4ired, uni ei ole kosutav<br>- kuigi on olemas piisav v\u00f5imalus ja aeg magada, ei saa magada.<br>- unetuse t\u00f5ttu esineb p\u00e4eval h\u00e4iritust ja v\u00e4simust.<\/p><\/div><\/div><div class=\"wp-block-uagb-faq-child uagb-faq-child__outer-wrap uagb-faq-item uagb-block-f2b8a7e5 \" role=\"tab\" tabindex=\"0\"><div class=\"uagb-faq-questions-button uagb-faq-questions\">\t\t\t<span class=\"uagb-icon uagb-faq-icon-wrap\">\n\t\t\t\t\t\t\t\t<svg xmlns=\"https:\/\/www.w3.org\/2000\/svg\" viewBox= \"0 0 448 512\"><path d=\"M432 256c0 17.69-14.33 32.01-32 32.01H256v144c0 17.69-14.33 31.99-32 31.99s-32-14.3-32-31.99v-144H48c-17.67 0-32-14.32-32-32.01s14.33-31.99 32-31.99H192v-144c0-17.69 14.33-32.01 32-32.01s32 14.32 32 32.01v144h144C417.7 224 432 238.3 432 256z\"><\/path><\/svg>\n\t\t\t\t\t\t\t<\/span>\n\t\t\t\t\t\t<span class=\"uagb-icon-active uagb-faq-icon-wrap\">\n\t\t\t\t\t\t\t\t<svg xmlns=\"https:\/\/www.w3.org\/2000\/svg\" viewBox= \"0 0 448 512\"><path d=\"M400 288h-352c-17.69 0-32-14.32-32-32.01s14.31-31.99 32-31.99h352c17.69 0 32 14.3 32 31.99S417.7 288 400 288z\"><\/path><\/svg>\n\t\t\t\t\t\t\t<\/span>\n\t\t\t<span class=\"uagb-question\">Uneaegsed hingamish\u00e4ired<\/span><\/div><div class=\"uagb-faq-content\"><p>Uneaegseid hingamish\u00e4ireid iseloomustavad:<br>- p\u00e4evane unisus v\u00f5i v\u00e4simus<br>- vali norskamine <br>teadmiseks: alati ei esine norskamist uneaegse hingamish\u00e4ire puhul<br>- korduvad \u00e4rkamised unest teadmata p\u00f5hjusel<br>teadmiseks: vahel tekib unisuse ja une pikenemise asemel hoopis unetus- ei saa magama j\u00e4\u00e4da v\u00f5i - uni on katkendlik<br>- t\u00f5usnud verer\u00f5hk<br>- v\u00f5ib olla kujunenud veresuhkru v\u00e4\u00e4rtuste t\u00f5us v\u00f5i suhkurt\u00f5bi<br>- v\u00f5ib olla teada, et uneajal esinevad hingamispausid<br>- v\u00f5ib esineda \u00e4rkamine l\u00e4mbumistundega<br>- v\u00f5ib esineda higistamine \u00e4rgates, suukuivus ja hommikune peavalu<br>- s\u00fcdame r\u00fctmih\u00e4ired tekivad uneajal<br>- v\u00f5ib olla vajadus \u00f6\u00f6sel urineerida enam, kui 1 kord \u00f6\u00f6 kohta<br>- v\u00f5ivad olla tekkinud m\u00e4luh\u00e4ired<br>- v\u00f5ib esineda ravile mitte alluv meeleolualanemine<\/p><\/div><\/div><div class=\"wp-block-uagb-faq-child uagb-faq-child__outer-wrap uagb-faq-item uagb-block-3e14431c \" role=\"tab\" tabindex=\"0\"><div class=\"uagb-faq-questions-button uagb-faq-questions\">\t\t\t<span class=\"uagb-icon uagb-faq-icon-wrap\">\n\t\t\t\t\t\t\t\t<svg xmlns=\"https:\/\/www.w3.org\/2000\/svg\" viewBox= \"0 0 448 512\"><path d=\"M432 256c0 17.69-14.33 32.01-32 32.01H256v144c0 17.69-14.33 31.99-32 31.99s-32-14.3-32-31.99v-144H48c-17.67 0-32-14.32-32-32.01s14.33-31.99 32-31.99H192v-144c0-17.69 14.33-32.01 32-32.01s32 14.32 32 32.01v144h144C417.7 224 432 238.3 432 256z\"><\/path><\/svg>\n\t\t\t\t\t\t\t<\/span>\n\t\t\t\t\t\t<span class=\"uagb-icon-active uagb-faq-icon-wrap\">\n\t\t\t\t\t\t\t\t<svg xmlns=\"https:\/\/www.w3.org\/2000\/svg\" viewBox= \"0 0 448 512\"><path d=\"M400 288h-352c-17.69 0-32-14.32-32-32.01s14.31-31.99 32-31.99h352c17.69 0 32 14.3 32 31.99S417.7 288 400 288z\"><\/path><\/svg>\n\t\t\t\t\t\t\t<\/span>\n\t\t\t<span class=\"uagb-question\">Rahutud jalad<\/span><\/div><div class=\"uagb-faq-content\"><p>- ebam\u00e4\u00e4rane rahutus- ja ebamugavustunne jalgades v\u00f5i k\u00e4tes ning sellega kaasnev vajadus jalgu ja\/v\u00f5i k\u00e4si liigutada,<br>- rahutus- ja ebamugavustunne s\u00fcveneb jalgades\/ k\u00e4tes rahuolekus, paigal olemise korral ja \u00f6\u00f6siti, liigutamine leevendab vaevust,<br>- \u00f6ised \u00e4rkamised v\u00f5i magamaj\u00e4\u00e4mise raskused rahutus- ja ebamugavustunde t\u00f5ttu jalgades<\/p><\/div><\/div><div class=\"wp-block-uagb-faq-child uagb-faq-child__outer-wrap uagb-faq-item uagb-block-e5cab00d \" role=\"tab\" tabindex=\"0\"><div class=\"uagb-faq-questions-button uagb-faq-questions\">\t\t\t<span class=\"uagb-icon uagb-faq-icon-wrap\">\n\t\t\t\t\t\t\t\t<svg xmlns=\"https:\/\/www.w3.org\/2000\/svg\" viewBox= \"0 0 448 512\"><path d=\"M432 256c0 17.69-14.33 32.01-32 32.01H256v144c0 17.69-14.33 31.99-32 31.99s-32-14.3-32-31.99v-144H48c-17.67 0-32-14.32-32-32.01s14.33-31.99 32-31.99H192v-144c0-17.69 14.33-32.01 32-32.01s32 14.32 32 32.01v144h144C417.7 224 432 238.3 432 256z\"><\/path><\/svg>\n\t\t\t\t\t\t\t<\/span>\n\t\t\t\t\t\t<span class=\"uagb-icon-active uagb-faq-icon-wrap\">\n\t\t\t\t\t\t\t\t<svg xmlns=\"https:\/\/www.w3.org\/2000\/svg\" viewBox= \"0 0 448 512\"><path d=\"M400 288h-352c-17.69 0-32-14.32-32-32.01s14.31-31.99 32-31.99h352c17.69 0 32 14.3 32 31.99S417.7 288 400 288z\"><\/path><\/svg>\n\t\t\t\t\t\t\t<\/span>\n\t\t\t<span class=\"uagb-question\">Perioodiliste j\u00e4semeliigutuste h\u00e4ire, uneaegne liigutush\u00e4ire<\/span><\/div><div class=\"uagb-faq-content\"><p>Uneaegseid liigutush\u00e4ireid iseloomustavad:<br>- On kirjeldatud ,et uneajal liigutatakse sageli jalgu v\u00f5i k\u00e4si korduvalt iga m\u00f5nek\u00fcmne sekundi j\u00e4rel<br>- V\u00f5ib olla tavaline, et voodilina on hommikuks \u201ekrussis\u201c , lina v\u00f5ib kuluda \u00e4ra jalgade kohalt<br>- V\u00f5ib olla tunne, et uneajal oleks nagu t\u00f6\u00f6d tehtud, hommikul on lihased j\u00e4igad v\u00f5i kanged<br>- P\u00e4evane unisus, v\u00e4simus<\/p><\/div><\/div><div class=\"wp-block-uagb-faq-child uagb-faq-child__outer-wrap uagb-faq-item uagb-block-18f20406 \" role=\"tab\" tabindex=\"0\"><div class=\"uagb-faq-questions-button uagb-faq-questions\">\t\t\t<span class=\"uagb-icon uagb-faq-icon-wrap\">\n\t\t\t\t\t\t\t\t<svg xmlns=\"https:\/\/www.w3.org\/2000\/svg\" viewBox= \"0 0 448 512\"><path d=\"M432 256c0 17.69-14.33 32.01-32 32.01H256v144c0 17.69-14.33 31.99-32 31.99s-32-14.3-32-31.99v-144H48c-17.67 0-32-14.32-32-32.01s14.33-31.99 32-31.99H192v-144c0-17.69 14.33-32.01 32-32.01s32 14.32 32 32.01v144h144C417.7 224 432 238.3 432 256z\"><\/path><\/svg>\n\t\t\t\t\t\t\t<\/span>\n\t\t\t\t\t\t<span class=\"uagb-icon-active uagb-faq-icon-wrap\">\n\t\t\t\t\t\t\t\t<svg xmlns=\"https:\/\/www.w3.org\/2000\/svg\" viewBox= \"0 0 448 512\"><path d=\"M400 288h-352c-17.69 0-32-14.32-32-32.01s14.31-31.99 32-31.99h352c17.69 0 32 14.3 32 31.99S417.7 288 400 288z\"><\/path><\/svg>\n\t\t\t\t\t\t\t<\/span>\n\t\t\t<span class=\"uagb-question\">Liigunisus<\/span><\/div><div class=\"uagb-faq-content\"><p>Liigunisust iseloomustab:<br>- uneaja pikenemine<br>- tugev unisus ja raskus p\u00fcsida \u00e4rkvel p\u00e4evasel ajal<br>- p\u00e4eval on vajadus teha uinakuid<br>- mittekosutav uni ja sellega kaasnev liigne v\u00e4simus<br>- raskus olla \u00e4rkvel hilis\u00f5htul v\u00f5i \u00e4rgata varahommikul.<\/p><\/div><\/div><div class=\"wp-block-uagb-faq-child uagb-faq-child__outer-wrap uagb-faq-item uagb-block-5d1a279e \" role=\"tab\" tabindex=\"0\"><div class=\"uagb-faq-questions-button uagb-faq-questions\">\t\t\t<span class=\"uagb-icon uagb-faq-icon-wrap\">\n\t\t\t\t\t\t\t\t<svg xmlns=\"https:\/\/www.w3.org\/2000\/svg\" viewBox= \"0 0 448 512\"><path d=\"M432 256c0 17.69-14.33 32.01-32 32.01H256v144c0 17.69-14.33 31.99-32 31.99s-32-14.3-32-31.99v-144H48c-17.67 0-32-14.32-32-32.01s14.33-31.99 32-31.99H192v-144c0-17.69 14.33-32.01 32-32.01s32 14.32 32 32.01v144h144C417.7 224 432 238.3 432 256z\"><\/path><\/svg>\n\t\t\t\t\t\t\t<\/span>\n\t\t\t\t\t\t<span class=\"uagb-icon-active uagb-faq-icon-wrap\">\n\t\t\t\t\t\t\t\t<svg xmlns=\"https:\/\/www.w3.org\/2000\/svg\" viewBox= \"0 0 448 512\"><path d=\"M400 288h-352c-17.69 0-32-14.32-32-32.01s14.31-31.99 32-31.99h352c17.69 0 32 14.3 32 31.99S417.7 288 400 288z\"><\/path><\/svg>\n\t\t\t\t\t\t\t<\/span>\n\t\t\t<span class=\"uagb-question\">Narkolepsia<\/span><\/div><div class=\"uagb-faq-content\"><p>Narkolepsiat iseloomustab:<br>- \u00fclem\u00e4\u00e4rane unisus, mis viib korduvatele p\u00e4evastele uinakutele, mis iseloomulikult on v\u00e4rskendavad ja vastupandamatud<br>- katapleksia ehk \u00e4kilised lihastoonuse kaotuse hood, mis tekivad positiivse v\u00f5i negatiivse tundega seoses (naer, vihastamine). N\u00e4iteks v\u00f5ib p\u00f5lvedes v\u00f5i k\u00e4tes tekkida n\u00f5rkus v\u00f5i v\u00f5ib kukkuda lihasn\u00f5rkuse t\u00f5ttu. Hoog m\u00f6\u00f6dub \u00fcsna kiiresti.<br>- unehalvatus ehk liigutusv\u00f5imetuse hood uinumisel v\u00f5i \u00e4rkamisel,<br>- uinumise v\u00f5i \u00e4rkamise aegsed hallutsinatsioonid ehk meelepetted.<\/p><\/div><\/div><div class=\"wp-block-uagb-faq-child uagb-faq-child__outer-wrap uagb-faq-item uagb-block-8ce8fbbf \" role=\"tab\" tabindex=\"0\"><div class=\"uagb-faq-questions-button uagb-faq-questions\">\t\t\t<span class=\"uagb-icon uagb-faq-icon-wrap\">\n\t\t\t\t\t\t\t\t<svg xmlns=\"https:\/\/www.w3.org\/2000\/svg\" viewBox= \"0 0 448 512\"><path d=\"M432 256c0 17.69-14.33 32.01-32 32.01H256v144c0 17.69-14.33 31.99-32 31.99s-32-14.3-32-31.99v-144H48c-17.67 0-32-14.32-32-32.01s14.33-31.99 32-31.99H192v-144c0-17.69 14.33-32.01 32-32.01s32 14.32 32 32.01v144h144C417.7 224 432 238.3 432 256z\"><\/path><\/svg>\n\t\t\t\t\t\t\t<\/span>\n\t\t\t\t\t\t<span class=\"uagb-icon-active uagb-faq-icon-wrap\">\n\t\t\t\t\t\t\t\t<svg xmlns=\"https:\/\/www.w3.org\/2000\/svg\" viewBox= \"0 0 448 512\"><path d=\"M400 288h-352c-17.69 0-32-14.32-32-32.01s14.31-31.99 32-31.99h352c17.69 0 32 14.3 32 31.99S417.7 288 400 288z\"><\/path><\/svg>\n\t\t\t\t\t\t\t<\/span>\n\t\t\t<span class=\"uagb-question\">Unesk\u00f5ndimine, unesr\u00e4\u00e4kimine, unesk\u00e4itumine<\/span><\/div><div class=\"uagb-faq-content\"><p>- Uneajal t\u00f5ustakse voodist v\u00f5i k\u00e4itutakse voodi piires, k\u00e4iakse ringi, v\u00f5idakse k\u00f5nelda.<br>- K\u00f5rvaltvaatajale v\u00f5ib paista hirmunud olek, isikuga pole v\u00f5imalik kontakti saada.<br>- Isik v\u00f5ib k\u00f5netamise korral alluda korraldustele, kuid ei ole \u00e4rkvel.<br>- Kummalised liigutused ja h\u00e4\u00e4litsused uneajal\u00a0<br>- Isikul endal ei ole k\u00e4itumise kohta m\u00e4lestusi v\u00f5i on m\u00e4lestus unen\u00e4ost v\u00f5i s\u00fcndmustikust, mis n\u00e4is olevat k\u00e4itumise p\u00f5hjuseks.<br>- K\u00e4itumine v\u00f5ib olla ohtlik inimesele endale v\u00f5i teistele.<\/p><\/div><\/div><div class=\"wp-block-uagb-faq-child uagb-faq-child__outer-wrap uagb-faq-item uagb-block-d99f9f28 \" role=\"tab\" tabindex=\"0\"><div class=\"uagb-faq-questions-button uagb-faq-questions\">\t\t\t<span class=\"uagb-icon uagb-faq-icon-wrap\">\n\t\t\t\t\t\t\t\t<svg xmlns=\"https:\/\/www.w3.org\/2000\/svg\" viewBox= \"0 0 448 512\"><path d=\"M432 256c0 17.69-14.33 32.01-32 32.01H256v144c0 17.69-14.33 31.99-32 31.99s-32-14.3-32-31.99v-144H48c-17.67 0-32-14.32-32-32.01s14.33-31.99 32-31.99H192v-144c0-17.69 14.33-32.01 32-32.01s32 14.32 32 32.01v144h144C417.7 224 432 238.3 432 256z\"><\/path><\/svg>\n\t\t\t\t\t\t\t<\/span>\n\t\t\t\t\t\t<span class=\"uagb-icon-active uagb-faq-icon-wrap\">\n\t\t\t\t\t\t\t\t<svg xmlns=\"https:\/\/www.w3.org\/2000\/svg\" viewBox= \"0 0 448 512\"><path d=\"M400 288h-352c-17.69 0-32-14.32-32-32.01s14.31-31.99 32-31.99h352c17.69 0 32 14.3 32 31.99S417.7 288 400 288z\"><\/path><\/svg>\n\t\t\t\t\t\t\t<\/span>\n\t\t\t<span class=\"uagb-question\">Une-\u00e4rkveloleku r\u00fctmih\u00e4ired<\/span><\/div><div class=\"uagb-faq-content\"><p>- Uneaeg on nihkunud tavalisest tunduvalt varasemaks v\u00f5i hilisemaks.<br>- On suuri raskusi magamisega tavap\u00e4rasel ajal (23-7)<br>- Seet\u00f5ttu v\u00f5ib olla tegu uinumisraskusega, liiga kaua hommikul magamisega, liiga varase \u00e4rkamisega, tugeva unisusega p\u00e4eva hommikul v\u00f5i \u00f5htul.<br>- V\u00f5ib olla kalduvus magada mitme perioodina \u00f6\u00f6p\u00e4evas<br>- Uner\u00fctmi ei suudeta muuta v\u00f5i see valmistab tunduvaid raskusi<br>- Vahetustega t\u00f6\u00f6 puhul on suuri raskusi magamisega ajal, mil see oleks v\u00f5imalik<br>- Sage unisus v\u00f5i unetus<\/p><\/div><\/div><\/div>","protected":false},"excerpt":{"rendered":"<p>Sekret\u00e4r\u00a0|\u00a0Katrin Saarem\u00e4e\u00a0| 731 8784\u00a0|\u00a0katrin.saaremae@kliinikum.ee Uneh\u00e4irete osakonnas pakume abi j\u00e4rgmiste h\u00e4irete korral:<\/p>\n","protected":false},"author":32,"featured_media":0,"parent":5860,"menu_order":3,"comment_status":"closed","ping_status":"closed","template":"","meta":{"_acf_changed":false,"_uag_custom_page_level_css":"","footnotes":""},"class_list":["post-5941","page","type-page","status-publish","hentry"],"acf":[],"yoast_head":"<!-- This site is optimized with the Yoast SEO plugin v27.3 - https:\/\/yoast.com\/product\/yoast-seo-wordpress\/ -->\n<title>Uneh\u00e4irete osakond - Ps\u00fchhiaatriakliinik<\/title>\n<meta name=\"robots\" content=\"index, follow, max-snippet:-1, max-image-preview:large, max-video-preview:-1\" \/>\n<link rel=\"canonical\" href=\"https:\/\/www.kliinikum.ee\/psyhhiaatriakliinik\/kliinikust\/uldpsuhhiaatria-keskus\/unehairete-osakond\/\" \/>\n<meta property=\"og:locale\" content=\"et_EE\" \/>\n<meta property=\"og:type\" content=\"article\" \/>\n<meta property=\"og:title\" content=\"Uneh\u00e4irete osakond - Ps\u00fchhiaatriakliinik\" \/>\n<meta property=\"og:description\" content=\"Sekret\u00e4r\u00a0|\u00a0Katrin Saarem\u00e4e\u00a0| 731 8784\u00a0|\u00a0katrin.saaremae@kliinikum.ee Uneh\u00e4irete osakonnas pakume abi j\u00e4rgmiste h\u00e4irete korral:\" \/>\n<meta property=\"og:url\" content=\"https:\/\/www.kliinikum.ee\/psyhhiaatriakliinik\/kliinikust\/uldpsuhhiaatria-keskus\/unehairete-osakond\/\" \/>\n<meta property=\"og:site_name\" content=\"Ps\u00fchhiaatriakliinik\" \/>\n<meta property=\"article:modified_time\" content=\"2025-10-29T12:13:39+00:00\" \/>\n<meta name=\"twitter:card\" content=\"summary_large_image\" \/>\n<meta name=\"twitter:label1\" content=\"Est. reading time\" \/>\n\t<meta name=\"twitter:data1\" content=\"1 minut\" \/>\n<script type=\"application\/ld+json\" class=\"yoast-schema-graph\">{\"@context\":\"https:\\\/\\\/schema.org\",\"@graph\":[{\"@type\":\"WebPage\",\"@id\":\"https:\\\/\\\/www.kliinikum.ee\\\/psyhhiaatriakliinik\\\/kliinikust\\\/uldpsuhhiaatria-keskus\\\/unehairete-osakond\\\/\",\"url\":\"https:\\\/\\\/www.kliinikum.ee\\\/psyhhiaatriakliinik\\\/kliinikust\\\/uldpsuhhiaatria-keskus\\\/unehairete-osakond\\\/\",\"name\":\"Uneh\u00e4irete osakond - Ps\u00fchhiaatriakliinik\",\"isPartOf\":{\"@id\":\"https:\\\/\\\/www.kliinikum.ee\\\/psyhhiaatriakliinik\\\/#website\"},\"datePublished\":\"2024-01-26T09:09:18+00:00\",\"dateModified\":\"2025-10-29T12:13:39+00:00\",\"breadcrumb\":{\"@id\":\"https:\\\/\\\/www.kliinikum.ee\\\/psyhhiaatriakliinik\\\/kliinikust\\\/uldpsuhhiaatria-keskus\\\/unehairete-osakond\\\/#breadcrumb\"},\"inLanguage\":\"et\",\"potentialAction\":[{\"@type\":\"ReadAction\",\"target\":[\"https:\\\/\\\/www.kliinikum.ee\\\/psyhhiaatriakliinik\\\/kliinikust\\\/uldpsuhhiaatria-keskus\\\/unehairete-osakond\\\/\"]}]},{\"@type\":\"BreadcrumbList\",\"@id\":\"https:\\\/\\\/www.kliinikum.ee\\\/psyhhiaatriakliinik\\\/kliinikust\\\/uldpsuhhiaatria-keskus\\\/unehairete-osakond\\\/#breadcrumb\",\"itemListElement\":[{\"@type\":\"ListItem\",\"position\":1,\"name\":\"Home\",\"item\":\"https:\\\/\\\/www.kliinikum.ee\\\/psyhhiaatriakliinik\\\/\"},{\"@type\":\"ListItem\",\"position\":2,\"name\":\"Kliinikust\",\"item\":\"https:\\\/\\\/www.kliinikum.ee\\\/psyhhiaatriakliinik\\\/kliinikust\\\/\"},{\"@type\":\"ListItem\",\"position\":3,\"name\":\"\u00dcldps\u00fchhiaatria keskus\",\"item\":\"https:\\\/\\\/www.kliinikum.ee\\\/psyhhiaatriakliinik\\\/kliinikust\\\/uldpsuhhiaatria-keskus\\\/\"},{\"@type\":\"ListItem\",\"position\":4,\"name\":\"Uneh\u00e4irete osakond\"}]},{\"@type\":\"WebSite\",\"@id\":\"https:\\\/\\\/www.kliinikum.ee\\\/psyhhiaatriakliinik\\\/#website\",\"url\":\"https:\\\/\\\/www.kliinikum.ee\\\/psyhhiaatriakliinik\\\/\",\"name\":\"Ps\u00fchhiaatriakliinik\",\"description\":\"Hoolivus, Uuendusmeelsus, P\u00e4devus ja Usaldusv\u00e4\u00e4rsus\",\"potentialAction\":[{\"@type\":\"SearchAction\",\"target\":{\"@type\":\"EntryPoint\",\"urlTemplate\":\"https:\\\/\\\/www.kliinikum.ee\\\/psyhhiaatriakliinik\\\/?s={search_term_string}\"},\"query-input\":{\"@type\":\"PropertyValueSpecification\",\"valueRequired\":true,\"valueName\":\"search_term_string\"}}],\"inLanguage\":\"et\"}]}<\/script>\n<!-- \/ Yoast SEO plugin. -->","yoast_head_json":{"title":"Uneh\u00e4irete osakond - Ps\u00fchhiaatriakliinik","robots":{"index":"index","follow":"follow","max-snippet":"max-snippet:-1","max-image-preview":"max-image-preview:large","max-video-preview":"max-video-preview:-1"},"canonical":"https:\/\/www.kliinikum.ee\/psyhhiaatriakliinik\/kliinikust\/uldpsuhhiaatria-keskus\/unehairete-osakond\/","og_locale":"et_EE","og_type":"article","og_title":"Uneh\u00e4irete osakond - Ps\u00fchhiaatriakliinik","og_description":"Sekret\u00e4r\u00a0|\u00a0Katrin Saarem\u00e4e\u00a0| 731 8784\u00a0|\u00a0katrin.saaremae@kliinikum.ee Uneh\u00e4irete osakonnas pakume abi j\u00e4rgmiste h\u00e4irete korral:","og_url":"https:\/\/www.kliinikum.ee\/psyhhiaatriakliinik\/kliinikust\/uldpsuhhiaatria-keskus\/unehairete-osakond\/","og_site_name":"Ps\u00fchhiaatriakliinik","article_modified_time":"2025-10-29T12:13:39+00:00","twitter_card":"summary_large_image","twitter_misc":{"Est. reading time":"1 minut"},"schema":{"@context":"https:\/\/schema.org","@graph":[{"@type":"WebPage","@id":"https:\/\/www.kliinikum.ee\/psyhhiaatriakliinik\/kliinikust\/uldpsuhhiaatria-keskus\/unehairete-osakond\/","url":"https:\/\/www.kliinikum.ee\/psyhhiaatriakliinik\/kliinikust\/uldpsuhhiaatria-keskus\/unehairete-osakond\/","name":"Uneh\u00e4irete osakond - Ps\u00fchhiaatriakliinik","isPartOf":{"@id":"https:\/\/www.kliinikum.ee\/psyhhiaatriakliinik\/#website"},"datePublished":"2024-01-26T09:09:18+00:00","dateModified":"2025-10-29T12:13:39+00:00","breadcrumb":{"@id":"https:\/\/www.kliinikum.ee\/psyhhiaatriakliinik\/kliinikust\/uldpsuhhiaatria-keskus\/unehairete-osakond\/#breadcrumb"},"inLanguage":"et","potentialAction":[{"@type":"ReadAction","target":["https:\/\/www.kliinikum.ee\/psyhhiaatriakliinik\/kliinikust\/uldpsuhhiaatria-keskus\/unehairete-osakond\/"]}]},{"@type":"BreadcrumbList","@id":"https:\/\/www.kliinikum.ee\/psyhhiaatriakliinik\/kliinikust\/uldpsuhhiaatria-keskus\/unehairete-osakond\/#breadcrumb","itemListElement":[{"@type":"ListItem","position":1,"name":"Home","item":"https:\/\/www.kliinikum.ee\/psyhhiaatriakliinik\/"},{"@type":"ListItem","position":2,"name":"Kliinikust","item":"https:\/\/www.kliinikum.ee\/psyhhiaatriakliinik\/kliinikust\/"},{"@type":"ListItem","position":3,"name":"\u00dcldps\u00fchhiaatria keskus","item":"https:\/\/www.kliinikum.ee\/psyhhiaatriakliinik\/kliinikust\/uldpsuhhiaatria-keskus\/"},{"@type":"ListItem","position":4,"name":"Uneh\u00e4irete osakond"}]},{"@type":"WebSite","@id":"https:\/\/www.kliinikum.ee\/psyhhiaatriakliinik\/#website","url":"https:\/\/www.kliinikum.ee\/psyhhiaatriakliinik\/","name":"Ps\u00fchhiaatriakliinik","description":"Hoolivus, Uuendusmeelsus, P\u00e4devus ja Usaldusv\u00e4\u00e4rsus","potentialAction":[{"@type":"SearchAction","target":{"@type":"EntryPoint","urlTemplate":"https:\/\/www.kliinikum.ee\/psyhhiaatriakliinik\/?s={search_term_string}"},"query-input":{"@type":"PropertyValueSpecification","valueRequired":true,"valueName":"search_term_string"}}],"inLanguage":"et"}]}},"uagb_featured_image_src":{"full":false,"thumbnail":false,"medium":false,"medium_large":false,"large":false,"1536x1536":false,"2048x2048":false},"uagb_author_info":{"display_name":"Jane Freimann","author_link":"https:\/\/www.kliinikum.ee\/psyhhiaatriakliinik\/author\/janef\/"},"uagb_comment_info":0,"uagb_excerpt":"Sekret\u00e4r\u00a0|\u00a0Katrin Saarem\u00e4e\u00a0| 731 8784\u00a0|\u00a0katrin.saaremae@kliinikum.ee Uneh\u00e4irete osakonnas pakume abi j\u00e4rgmiste h\u00e4irete korral:","_links":{"self":[{"href":"https:\/\/www.kliinikum.ee\/psyhhiaatriakliinik\/wp-json\/wp\/v2\/pages\/5941","targetHints":{"allow":["GET"]}}],"collection":[{"href":"https:\/\/www.kliinikum.ee\/psyhhiaatriakliinik\/wp-json\/wp\/v2\/pages"}],"about":[{"href":"https:\/\/www.kliinikum.ee\/psyhhiaatriakliinik\/wp-json\/wp\/v2\/types\/page"}],"author":[{"embeddable":true,"href":"https:\/\/www.kliinikum.ee\/psyhhiaatriakliinik\/wp-json\/wp\/v2\/users\/32"}],"replies":[{"embeddable":true,"href":"https:\/\/www.kliinikum.ee\/psyhhiaatriakliinik\/wp-json\/wp\/v2\/comments?post=5941"}],"version-history":[{"count":0,"href":"https:\/\/www.kliinikum.ee\/psyhhiaatriakliinik\/wp-json\/wp\/v2\/pages\/5941\/revisions"}],"up":[{"embeddable":true,"href":"https:\/\/www.kliinikum.ee\/psyhhiaatriakliinik\/wp-json\/wp\/v2\/pages\/5860"}],"wp:attachment":[{"href":"https:\/\/www.kliinikum.ee\/psyhhiaatriakliinik\/wp-json\/wp\/v2\/media?parent=5941"}],"curies":[{"name":"wp","href":"https:\/\/api.w.org\/{rel}","templated":true}]}}