{"id":5953,"date":"2024-01-26T12:11:22","date_gmt":"2024-01-26T10:11:22","guid":{"rendered":"https:\/\/www.kliinikum.ee\/psyhhiaatriakliinik\/?page_id=5953"},"modified":"2024-10-08T14:12:43","modified_gmt":"2024-10-08T12:12:43","slug":"vastuvotud","status":"publish","type":"page","link":"https:\/\/www.kliinikum.ee\/psyhhiaatriakliinik\/patsiendile\/vastuvotuajad\/vastuvotud\/","title":{"rendered":"Vastuv\u00f5tud"},"content":{"rendered":"\n<p style=\"font-size:clamp(14px, 0.875rem + ((1vw - 3.2px) * 0.455), 18px);\">Ps\u00fchhiaatriakliinikus v\u00f5tavad vastu erinevad spetsialistid: ps\u00fchhiaatrid, arst-residendid, kliinilised ps\u00fchholoogid,&nbsp; vaimse tervise \u00f5ed (sh s\u00f6\u00f6mish\u00e4irete \u00f5de, uneh\u00e4irete \u00f5de, s\u00f5ltuvush\u00e4irete \u00f5de), sotsiaalt\u00f6\u00f6taja.<\/p>\n\n\n\n<p style=\"font-size:clamp(14px, 0.875rem + ((1vw - 3.2px) * 0.455), 18px);\">Vaimse tervise probleemide korral soovitame ps\u00fchhiaatriakliinikus p\u00f6\u00f6rduda esmalt<strong> <\/strong>vaimse tervise \u00f5e vastuv\u00f5tule (saatekiri ei ole vajalik), kes teostab esmased uuringud, hindab teie seisundit, n\u00f5ustab ning suunab vajadusel kiiremini ps\u00fchhiaatri v\u00f5i muu spetsialisti vastuv\u00f5tule. Ps\u00fchhiaatri vastuv\u00f5tuks ei ole vajalik saatekiri, kuid pikkade ravij\u00e4rjekordade t\u00f5ttu v\u00f5ib vastuv\u00f5tu ooteaeg olla pikem kui 2 kuud.&nbsp;<\/p>\n\n\n\n<h3 class=\"wp-block-heading\"><strong>\u00d5e vastuv\u00f5tt<\/strong><\/h3>\n\n\n\n<ul class=\"wp-block-list\">\n<li class=\"has-medium-font-size\"><a href=\"https:\/\/www.kliinikum.ee\/patsiendile\/oe-vastuvott\/vaimse-tervise-oe-vastuvott\/\">Vaimse tervise \u00f5e vastuv\u00f5tt<\/a><\/li>\n\n\n\n<li class=\"has-medium-font-size\"><a href=\"https:\/\/www.kliinikum.ee\/patsiendile\/oe-vastuvott\/soomishairete-oe-vastuvott\/\">S\u00f6\u00f6mish\u00e4irete \u00f5e vastuv\u00f5tt<\/a><\/li>\n\n\n\n<li class=\"has-medium-font-size\"><a href=\"https:\/\/www.kliinikum.ee\/patsiendile\/oe-vastuvott\/unehairete-oe-vastuvott-psuhhiaatriakliinik\/\">Uneh\u00e4irete \u00f5e vastuv\u00f5tt<\/a><\/li>\n\n\n\n<li class=\"has-medium-font-size\"><a href=\"https:\/\/www.kliinikum.ee\/patsiendile\/oe-vastuvott\/vaimse-tervise-oe-vastuvott-soltuvushaired\/\">S\u00f5ltuvush\u00e4irete \u00f5e vastuv\u00f5tt<\/a>\n<ul class=\"wp-block-list\">\n<li>Alkoholitarvitamise h\u00e4irega patsientide ambulatoorne ravi ja l\u00e4hedaste n\u00f5ustamine. Vastuv\u00f5tule p\u00f6\u00f6rdumiseks tuleb end registreerida s\u00f5ltuvush\u00e4irete \u00f5e vastuv\u00f5tule, kes viib l\u00e4bi esmase hindamise ja v\u00f5tab vajalikud anal\u00fc\u00fcsid. Vastuv\u00f5tule saab registreerida telefoni teel (731 9100), Raja 31 registratuuris kohapeal v\u00f5i ePatsiendi portaali kaudu. P\u00e4rast esimest vastuv\u00f5ttu toimub ravi m\u00e4\u00e4ramine, hindamine ja j\u00e4lgimine kas ps\u00fchhiaatri v\u00f5i vaimse tervise \u00f5e juures. Vajadusel kaasatakse raviprotsessi kliiniline ps\u00fchholoog ja\/v\u00f5i sotsiaalt\u00f6\u00f6taja. Alkoholitarvitamise h\u00e4ire ravi on patsiendile tasuta. Ravi saavad ka kindlustamata patsiendid.<\/li>\n\n\n\n<li>Ambulatoorne metadoon-asendusravi opioids\u00f5ltlastele. Ravimeeskonda kuuluvad ps\u00fchhiaater, vaimse tervise \u00f5ed, kliiniline ps\u00fchholoog ja sotsiaalt\u00f6\u00f6taja.<\/li>\n<\/ul>\n<\/li>\n<\/ul>\n\n\n\n<h3 class=\"wp-block-heading\"><strong>Ps\u00fchholoogi vastuv\u00f5tt<\/strong><\/h3>\n\n\n\n<ul class=\"wp-block-list\">\n<li class=\"has-medium-font-size\"><a href=\"https:\/\/www.kliinikum.ee\/valdkond\/psuhholoogia\/\">Ps\u00fchholoogi<\/a> vastuv\u00f5tuks on vajalik eelnev ps\u00fchhiaatri suunamine.<\/li>\n<\/ul>\n\n\n\n<h3 class=\"wp-block-heading\"><strong>Ps\u00fchhiaatri vastuv\u00f5tt<\/strong><\/h3>\n\n\n\n<ul class=\"wp-block-list\">\n<li style=\"font-size:clamp(14px, 0.875rem + ((1vw - 3.2px) * 0.455), 18px);\"><a href=\"https:\/\/www.kliinikum.ee\/valdkond\/psuhhiaatria\/\">Ps\u00fchhiaatri <\/a>esmane vastuv\u00f5tt toimub patsientidele, kes p\u00f6\u00f6rduvad T\u00dc Kliinikumi ps\u00fchhiaatri juurde esimest korda. Esmane vastuv\u00f5tt kestab 60 min.<\/li>\n\n\n\n<li class=\"has-medium-font-size\">Korduv vastuv\u00f5tt toimub nendele patsientidele, kes on varem T\u00dc Kliinikumi ps\u00fchhiaatri vastuv\u00f5tul k\u00e4inud. Korduv vastuv\u00f5tt kestab 30 min.<\/li>\n<\/ul>\n\n\n\n<h3 class=\"wp-block-heading\"><strong>Sotsiaalt\u00f6\u00f6taja vastuv\u00f5tt<\/strong><\/h3>\n\n\n\n<ul class=\"wp-block-list\">\n<li style=\"font-size:clamp(14px, 0.875rem + ((1vw - 3.2px) * 0.455), 18px);\">Vajalik eelnev ps\u00fchhiaatri (vaimse tervise \u00f5e) suunamine.<\/li>\n\n\n\n<li style=\"font-size:clamp(14px, 0.875rem + ((1vw - 3.2px) * 0.455), 18px);\">Patsiendi sotsiaalsete probleemide m\u00e4\u00e4ratlemine ja sekkumise kavandamine<\/li>\n\n\n\n<li style=\"font-size:clamp(14px, 0.875rem + ((1vw - 3.2px) * 0.455), 18px);\">Patsiendi ja\/v\u00f5i tema l\u00e4hedaste sotsiaaln\u00f5ustamine<\/li>\n\n\n\n<li style=\"font-size:clamp(14px, 0.875rem + ((1vw - 3.2px) * 0.455), 18px);\">Patsiendi ja\/v\u00f5i tema l\u00e4hedaste n\u00f5ustamine sotsiaalse toimetuleku t\u00f5stmiseks<\/li>\n\n\n\n<li style=\"font-size:clamp(14px, 0.875rem + ((1vw - 3.2px) * 0.455), 18px);\">Juhtumikorraldus erinevate valdkondade poolt pakutavate teenuste osutamiseks<\/li>\n<\/ul>\n\n\n\n<figure class=\"wp-block-image size-large\"><img loading=\"lazy\" decoding=\"async\" width=\"1024\" height=\"683\" src=\"https:\/\/www.kliinikum.ee\/psyhhiaatriakliinik\/wp-content\/uploads\/2024\/10\/IMG_2498-1024x683.jpg\" alt=\"\" class=\"wp-image-6186\" srcset=\"https:\/\/www.kliinikum.ee\/psyhhiaatriakliinik\/wp-content\/uploads\/2024\/10\/IMG_2498-1024x683.jpg 1024w, https:\/\/www.kliinikum.ee\/psyhhiaatriakliinik\/wp-content\/uploads\/2024\/10\/IMG_2498-300x200.jpg 300w, https:\/\/www.kliinikum.ee\/psyhhiaatriakliinik\/wp-content\/uploads\/2024\/10\/IMG_2498-768x512.jpg 768w, https:\/\/www.kliinikum.ee\/psyhhiaatriakliinik\/wp-content\/uploads\/2024\/10\/IMG_2498-1536x1024.jpg 1536w, https:\/\/www.kliinikum.ee\/psyhhiaatriakliinik\/wp-content\/uploads\/2024\/10\/IMG_2498-2048x1365.jpg 2048w, https:\/\/www.kliinikum.ee\/psyhhiaatriakliinik\/wp-content\/uploads\/2024\/10\/IMG_2498-scaled.jpg 2560w\" sizes=\"auto, (max-width: 1024px) 100vw, 1024px\" \/><\/figure>\n\n\n\n<p><\/p>\n","protected":false},"excerpt":{"rendered":"<p>Ps\u00fchhiaatriakliinikus v\u00f5tavad vastu erinevad spetsialistid: ps\u00fchhiaatrid, arst-residendid, kliinilised ps\u00fchholoogid,&nbsp; vaimse tervise \u00f5ed (sh s\u00f6\u00f6mish\u00e4irete \u00f5de, uneh\u00e4irete \u00f5de, s\u00f5ltuvush\u00e4irete \u00f5de), sotsiaalt\u00f6\u00f6taja. Vaimse tervise probleemide korral soovitame ps\u00fchhiaatriakliinikus p\u00f6\u00f6rduda esmalt vaimse tervise \u00f5e vastuv\u00f5tule (saatekiri ei ole vajalik), kes teostab esmased uuringud, hindab teie seisundit, n\u00f5ustab ning suunab vajadusel kiiremini ps\u00fchhiaatri v\u00f5i muu spetsialisti vastuv\u00f5tule. Ps\u00fchhiaatri vastuv\u00f5tuks [&hellip;]<\/p>\n","protected":false},"author":32,"featured_media":0,"parent":5869,"menu_order":4,"comment_status":"closed","ping_status":"closed","template":"","meta":{"_acf_changed":false,"_uag_custom_page_level_css":"","footnotes":""},"class_list":["post-5953","page","type-page","status-publish","hentry"],"acf":[],"yoast_head":"<!-- This site is optimized with the Yoast SEO plugin v27.5 - https:\/\/yoast.com\/product\/yoast-seo-wordpress\/ -->\n<title>Vastuv\u00f5tud - Ps\u00fchhiaatriakliinik<\/title>\n<meta name=\"robots\" content=\"index, follow, max-snippet:-1, max-image-preview:large, max-video-preview:-1\" \/>\n<link rel=\"canonical\" href=\"https:\/\/www.kliinikum.ee\/psyhhiaatriakliinik\/patsiendile\/vastuvotuajad\/vastuvotud\/\" \/>\n<meta property=\"og:locale\" content=\"et_EE\" \/>\n<meta property=\"og:type\" content=\"article\" \/>\n<meta property=\"og:title\" content=\"Vastuv\u00f5tud - Ps\u00fchhiaatriakliinik\" \/>\n<meta property=\"og:description\" content=\"Ps\u00fchhiaatriakliinikus v\u00f5tavad vastu erinevad spetsialistid: ps\u00fchhiaatrid, arst-residendid, kliinilised ps\u00fchholoogid,&nbsp; vaimse tervise \u00f5ed (sh s\u00f6\u00f6mish\u00e4irete \u00f5de, uneh\u00e4irete \u00f5de, s\u00f5ltuvush\u00e4irete \u00f5de), sotsiaalt\u00f6\u00f6taja. Vaimse tervise probleemide korral soovitame ps\u00fchhiaatriakliinikus p\u00f6\u00f6rduda esmalt vaimse tervise \u00f5e vastuv\u00f5tule (saatekiri ei ole vajalik), kes teostab esmased uuringud, hindab teie seisundit, n\u00f5ustab ning suunab vajadusel kiiremini ps\u00fchhiaatri v\u00f5i muu spetsialisti vastuv\u00f5tule. Ps\u00fchhiaatri vastuv\u00f5tuks [&hellip;]\" \/>\n<meta property=\"og:url\" content=\"https:\/\/www.kliinikum.ee\/psyhhiaatriakliinik\/patsiendile\/vastuvotuajad\/vastuvotud\/\" \/>\n<meta property=\"og:site_name\" content=\"Ps\u00fchhiaatriakliinik\" \/>\n<meta property=\"article:modified_time\" content=\"2024-10-08T12:12:43+00:00\" \/>\n<meta property=\"og:image\" content=\"https:\/\/www.kliinikum.ee\/psyhhiaatriakliinik\/wp-content\/uploads\/2024\/10\/IMG_2498-1024x683.jpg\" \/>\n<meta name=\"twitter:card\" content=\"summary_large_image\" \/>\n<meta name=\"twitter:label1\" content=\"Est. reading time\" \/>\n\t<meta name=\"twitter:data1\" content=\"2 minutit\" \/>\n<script type=\"application\/ld+json\" class=\"yoast-schema-graph\">{\"@context\":\"https:\\\/\\\/schema.org\",\"@graph\":[{\"@type\":\"WebPage\",\"@id\":\"https:\\\/\\\/www.kliinikum.ee\\\/psyhhiaatriakliinik\\\/patsiendile\\\/vastuvotuajad\\\/vastuvotud\\\/\",\"url\":\"https:\\\/\\\/www.kliinikum.ee\\\/psyhhiaatriakliinik\\\/patsiendile\\\/vastuvotuajad\\\/vastuvotud\\\/\",\"name\":\"Vastuv\u00f5tud - Ps\u00fchhiaatriakliinik\",\"isPartOf\":{\"@id\":\"https:\\\/\\\/www.kliinikum.ee\\\/psyhhiaatriakliinik\\\/#website\"},\"primaryImageOfPage\":{\"@id\":\"https:\\\/\\\/www.kliinikum.ee\\\/psyhhiaatriakliinik\\\/patsiendile\\\/vastuvotuajad\\\/vastuvotud\\\/#primaryimage\"},\"image\":{\"@id\":\"https:\\\/\\\/www.kliinikum.ee\\\/psyhhiaatriakliinik\\\/patsiendile\\\/vastuvotuajad\\\/vastuvotud\\\/#primaryimage\"},\"thumbnailUrl\":\"https:\\\/\\\/www.kliinikum.ee\\\/psyhhiaatriakliinik\\\/wp-content\\\/uploads\\\/2024\\\/10\\\/IMG_2498-1024x683.jpg\",\"datePublished\":\"2024-01-26T10:11:22+00:00\",\"dateModified\":\"2024-10-08T12:12:43+00:00\",\"breadcrumb\":{\"@id\":\"https:\\\/\\\/www.kliinikum.ee\\\/psyhhiaatriakliinik\\\/patsiendile\\\/vastuvotuajad\\\/vastuvotud\\\/#breadcrumb\"},\"inLanguage\":\"et\",\"potentialAction\":[{\"@type\":\"ReadAction\",\"target\":[\"https:\\\/\\\/www.kliinikum.ee\\\/psyhhiaatriakliinik\\\/patsiendile\\\/vastuvotuajad\\\/vastuvotud\\\/\"]}]},{\"@type\":\"ImageObject\",\"inLanguage\":\"et\",\"@id\":\"https:\\\/\\\/www.kliinikum.ee\\\/psyhhiaatriakliinik\\\/patsiendile\\\/vastuvotuajad\\\/vastuvotud\\\/#primaryimage\",\"url\":\"https:\\\/\\\/www.kliinikum.ee\\\/psyhhiaatriakliinik\\\/wp-content\\\/uploads\\\/2024\\\/10\\\/IMG_2498-scaled.jpg\",\"contentUrl\":\"https:\\\/\\\/www.kliinikum.ee\\\/psyhhiaatriakliinik\\\/wp-content\\\/uploads\\\/2024\\\/10\\\/IMG_2498-scaled.jpg\",\"width\":2560,\"height\":1706},{\"@type\":\"BreadcrumbList\",\"@id\":\"https:\\\/\\\/www.kliinikum.ee\\\/psyhhiaatriakliinik\\\/patsiendile\\\/vastuvotuajad\\\/vastuvotud\\\/#breadcrumb\",\"itemListElement\":[{\"@type\":\"ListItem\",\"position\":1,\"name\":\"Home\",\"item\":\"https:\\\/\\\/www.kliinikum.ee\\\/psyhhiaatriakliinik\\\/\"},{\"@type\":\"ListItem\",\"position\":2,\"name\":\"Patsiendile\",\"item\":\"https:\\\/\\\/www.kliinikum.ee\\\/psyhhiaatriakliinik\\\/patsiendile\\\/\"},{\"@type\":\"ListItem\",\"position\":3,\"name\":\"Ambulatoorne vastuv\u00f5tt\",\"item\":\"https:\\\/\\\/www.kliinikum.ee\\\/psyhhiaatriakliinik\\\/patsiendile\\\/vastuvotuajad\\\/\"},{\"@type\":\"ListItem\",\"position\":4,\"name\":\"Vastuv\u00f5tud\"}]},{\"@type\":\"WebSite\",\"@id\":\"https:\\\/\\\/www.kliinikum.ee\\\/psyhhiaatriakliinik\\\/#website\",\"url\":\"https:\\\/\\\/www.kliinikum.ee\\\/psyhhiaatriakliinik\\\/\",\"name\":\"Ps\u00fchhiaatriakliinik\",\"description\":\"Hoolivus, Uuendusmeelsus, P\u00e4devus ja Usaldusv\u00e4\u00e4rsus\",\"potentialAction\":[{\"@type\":\"SearchAction\",\"target\":{\"@type\":\"EntryPoint\",\"urlTemplate\":\"https:\\\/\\\/www.kliinikum.ee\\\/psyhhiaatriakliinik\\\/?s={search_term_string}\"},\"query-input\":{\"@type\":\"PropertyValueSpecification\",\"valueRequired\":true,\"valueName\":\"search_term_string\"}}],\"inLanguage\":\"et\"}]}<\/script>\n<!-- \/ Yoast SEO plugin. -->","yoast_head_json":{"title":"Vastuv\u00f5tud - Ps\u00fchhiaatriakliinik","robots":{"index":"index","follow":"follow","max-snippet":"max-snippet:-1","max-image-preview":"max-image-preview:large","max-video-preview":"max-video-preview:-1"},"canonical":"https:\/\/www.kliinikum.ee\/psyhhiaatriakliinik\/patsiendile\/vastuvotuajad\/vastuvotud\/","og_locale":"et_EE","og_type":"article","og_title":"Vastuv\u00f5tud - Ps\u00fchhiaatriakliinik","og_description":"Ps\u00fchhiaatriakliinikus v\u00f5tavad vastu erinevad spetsialistid: ps\u00fchhiaatrid, arst-residendid, kliinilised ps\u00fchholoogid,&nbsp; vaimse tervise \u00f5ed (sh s\u00f6\u00f6mish\u00e4irete \u00f5de, uneh\u00e4irete \u00f5de, s\u00f5ltuvush\u00e4irete \u00f5de), sotsiaalt\u00f6\u00f6taja. Vaimse tervise probleemide korral soovitame ps\u00fchhiaatriakliinikus p\u00f6\u00f6rduda esmalt vaimse tervise \u00f5e vastuv\u00f5tule (saatekiri ei ole vajalik), kes teostab esmased uuringud, hindab teie seisundit, n\u00f5ustab ning suunab vajadusel kiiremini ps\u00fchhiaatri v\u00f5i muu spetsialisti vastuv\u00f5tule. Ps\u00fchhiaatri vastuv\u00f5tuks [&hellip;]","og_url":"https:\/\/www.kliinikum.ee\/psyhhiaatriakliinik\/patsiendile\/vastuvotuajad\/vastuvotud\/","og_site_name":"Ps\u00fchhiaatriakliinik","article_modified_time":"2024-10-08T12:12:43+00:00","og_image":[{"url":"https:\/\/www.kliinikum.ee\/psyhhiaatriakliinik\/wp-content\/uploads\/2024\/10\/IMG_2498-1024x683.jpg","type":"","width":"","height":""}],"twitter_card":"summary_large_image","twitter_misc":{"Est. reading time":"2 minutit"},"schema":{"@context":"https:\/\/schema.org","@graph":[{"@type":"WebPage","@id":"https:\/\/www.kliinikum.ee\/psyhhiaatriakliinik\/patsiendile\/vastuvotuajad\/vastuvotud\/","url":"https:\/\/www.kliinikum.ee\/psyhhiaatriakliinik\/patsiendile\/vastuvotuajad\/vastuvotud\/","name":"Vastuv\u00f5tud - Ps\u00fchhiaatriakliinik","isPartOf":{"@id":"https:\/\/www.kliinikum.ee\/psyhhiaatriakliinik\/#website"},"primaryImageOfPage":{"@id":"https:\/\/www.kliinikum.ee\/psyhhiaatriakliinik\/patsiendile\/vastuvotuajad\/vastuvotud\/#primaryimage"},"image":{"@id":"https:\/\/www.kliinikum.ee\/psyhhiaatriakliinik\/patsiendile\/vastuvotuajad\/vastuvotud\/#primaryimage"},"thumbnailUrl":"https:\/\/www.kliinikum.ee\/psyhhiaatriakliinik\/wp-content\/uploads\/2024\/10\/IMG_2498-1024x683.jpg","datePublished":"2024-01-26T10:11:22+00:00","dateModified":"2024-10-08T12:12:43+00:00","breadcrumb":{"@id":"https:\/\/www.kliinikum.ee\/psyhhiaatriakliinik\/patsiendile\/vastuvotuajad\/vastuvotud\/#breadcrumb"},"inLanguage":"et","potentialAction":[{"@type":"ReadAction","target":["https:\/\/www.kliinikum.ee\/psyhhiaatriakliinik\/patsiendile\/vastuvotuajad\/vastuvotud\/"]}]},{"@type":"ImageObject","inLanguage":"et","@id":"https:\/\/www.kliinikum.ee\/psyhhiaatriakliinik\/patsiendile\/vastuvotuajad\/vastuvotud\/#primaryimage","url":"https:\/\/www.kliinikum.ee\/psyhhiaatriakliinik\/wp-content\/uploads\/2024\/10\/IMG_2498-scaled.jpg","contentUrl":"https:\/\/www.kliinikum.ee\/psyhhiaatriakliinik\/wp-content\/uploads\/2024\/10\/IMG_2498-scaled.jpg","width":2560,"height":1706},{"@type":"BreadcrumbList","@id":"https:\/\/www.kliinikum.ee\/psyhhiaatriakliinik\/patsiendile\/vastuvotuajad\/vastuvotud\/#breadcrumb","itemListElement":[{"@type":"ListItem","position":1,"name":"Home","item":"https:\/\/www.kliinikum.ee\/psyhhiaatriakliinik\/"},{"@type":"ListItem","position":2,"name":"Patsiendile","item":"https:\/\/www.kliinikum.ee\/psyhhiaatriakliinik\/patsiendile\/"},{"@type":"ListItem","position":3,"name":"Ambulatoorne vastuv\u00f5tt","item":"https:\/\/www.kliinikum.ee\/psyhhiaatriakliinik\/patsiendile\/vastuvotuajad\/"},{"@type":"ListItem","position":4,"name":"Vastuv\u00f5tud"}]},{"@type":"WebSite","@id":"https:\/\/www.kliinikum.ee\/psyhhiaatriakliinik\/#website","url":"https:\/\/www.kliinikum.ee\/psyhhiaatriakliinik\/","name":"Ps\u00fchhiaatriakliinik","description":"Hoolivus, Uuendusmeelsus, P\u00e4devus ja Usaldusv\u00e4\u00e4rsus","potentialAction":[{"@type":"SearchAction","target":{"@type":"EntryPoint","urlTemplate":"https:\/\/www.kliinikum.ee\/psyhhiaatriakliinik\/?s={search_term_string}"},"query-input":{"@type":"PropertyValueSpecification","valueRequired":true,"valueName":"search_term_string"}}],"inLanguage":"et"}]}},"uagb_featured_image_src":{"full":false,"thumbnail":false,"medium":false,"medium_large":false,"large":false,"1536x1536":false,"2048x2048":false},"uagb_author_info":{"display_name":"Jane Freimann","author_link":"https:\/\/www.kliinikum.ee\/psyhhiaatriakliinik\/author\/janef\/"},"uagb_comment_info":0,"uagb_excerpt":"Ps\u00fchhiaatriakliinikus v\u00f5tavad vastu erinevad spetsialistid: ps\u00fchhiaatrid, arst-residendid, kliinilised ps\u00fchholoogid,&nbsp; vaimse tervise \u00f5ed (sh s\u00f6\u00f6mish\u00e4irete \u00f5de, uneh\u00e4irete \u00f5de, s\u00f5ltuvush\u00e4irete \u00f5de), sotsiaalt\u00f6\u00f6taja. Vaimse tervise probleemide korral soovitame ps\u00fchhiaatriakliinikus p\u00f6\u00f6rduda esmalt vaimse tervise \u00f5e vastuv\u00f5tule (saatekiri ei ole vajalik), kes teostab esmased uuringud, hindab teie seisundit, n\u00f5ustab ning suunab vajadusel kiiremini ps\u00fchhiaatri v\u00f5i muu spetsialisti vastuv\u00f5tule. Ps\u00fchhiaatri vastuv\u00f5tuks&hellip;","_links":{"self":[{"href":"https:\/\/www.kliinikum.ee\/psyhhiaatriakliinik\/wp-json\/wp\/v2\/pages\/5953","targetHints":{"allow":["GET"]}}],"collection":[{"href":"https:\/\/www.kliinikum.ee\/psyhhiaatriakliinik\/wp-json\/wp\/v2\/pages"}],"about":[{"href":"https:\/\/www.kliinikum.ee\/psyhhiaatriakliinik\/wp-json\/wp\/v2\/types\/page"}],"author":[{"embeddable":true,"href":"https:\/\/www.kliinikum.ee\/psyhhiaatriakliinik\/wp-json\/wp\/v2\/users\/32"}],"replies":[{"embeddable":true,"href":"https:\/\/www.kliinikum.ee\/psyhhiaatriakliinik\/wp-json\/wp\/v2\/comments?post=5953"}],"version-history":[{"count":0,"href":"https:\/\/www.kliinikum.ee\/psyhhiaatriakliinik\/wp-json\/wp\/v2\/pages\/5953\/revisions"}],"up":[{"embeddable":true,"href":"https:\/\/www.kliinikum.ee\/psyhhiaatriakliinik\/wp-json\/wp\/v2\/pages\/5869"}],"wp:attachment":[{"href":"https:\/\/www.kliinikum.ee\/psyhhiaatriakliinik\/wp-json\/wp\/v2\/media?parent=5953"}],"curies":[{"name":"wp","href":"https:\/\/api.w.org\/{rel}","templated":true}]}}