{"id":6056,"date":"2024-09-23T10:41:36","date_gmt":"2024-09-23T08:41:36","guid":{"rendered":"https:\/\/www.kliinikum.ee\/psyhhiaatriakliinik\/?page_id=6056"},"modified":"2026-03-16T10:58:20","modified_gmt":"2026-03-16T08:58:20","slug":"teenused","status":"publish","type":"page","link":"https:\/\/www.kliinikum.ee\/psyhhiaatriakliinik\/patsiendile\/teenused\/","title":{"rendered":"Tasulised teenused"},"content":{"rendered":"\n<p><\/p>\n\n\n<div class=\"wp-block-uagb-faq uagb-faq__outer-wrap uagb-block-e793d928 uagb-faq-icon-row uagb-faq-layout-accordion uagb-faq-expand-first-false uagb-faq-inactive-other-true uagb-faq__wrap uagb-buttons-layout-wrap uagb-faq-equal-height     \" data-faqtoggle=\"true\" role=\"tablist\"><div class=\"wp-block-uagb-faq-child uagb-faq-child__outer-wrap uagb-faq-item uagb-block-218f5fd8 \" role=\"tab\" tabindex=\"0\"><div class=\"uagb-faq-questions-button uagb-faq-questions\">\t\t\t<span class=\"uagb-icon uagb-faq-icon-wrap\">\n\t\t\t\t\t\t\t\t<svg xmlns=\"https:\/\/www.w3.org\/2000\/svg\" viewBox= \"0 0 448 512\"><path d=\"M432 256c0 17.69-14.33 32.01-32 32.01H256v144c0 17.69-14.33 31.99-32 31.99s-32-14.3-32-31.99v-144H48c-17.67 0-32-14.32-32-32.01s14.33-31.99 32-31.99H192v-144c0-17.69 14.33-32.01 32-32.01s32 14.32 32 32.01v144h144C417.7 224 432 238.3 432 256z\"><\/path><\/svg>\n\t\t\t\t\t\t\t<\/span>\n\t\t\t\t\t\t<span class=\"uagb-icon-active uagb-faq-icon-wrap\">\n\t\t\t\t\t\t\t\t<svg xmlns=\"https:\/\/www.w3.org\/2000\/svg\" viewBox= \"0 0 448 512\"><path d=\"M400 288h-352c-17.69 0-32-14.32-32-32.01s14.31-31.99 32-31.99h352c17.69 0 32 14.3 32 31.99S417.7 288 400 288z\"><\/path><\/svg>\n\t\t\t\t\t\t\t<\/span>\n\t\t\t<span class=\"uagb-question\">RELVALOA TAOTLEMINE<\/span><\/div><div class=\"uagb-faq-content\"><p>Relvaloa taotlemiseks peab olema eelnevalt t\u00e4idetud tervisedeklaratsioon.<br>Ps\u00fchhiaatri vastuv\u00f5tule tulles t\u00e4itke palun ja allkirjastage j\u00e4rgnev <a href=\"https:\/\/www.riigiteataja.ee\/aktilisa\/1260\/3201\/5012\/VV_179m_lisa1.pdf\">vorm<\/a> ning v\u00f5tke see kindlasti vastuv\u00f5tule kaasa.<br>Ps\u00fchhiaatri tasulise vastuv\u00f5tu hind relvaloa taotlemiseks v\u00f5i pikendamiseks on 174 \u20ac.<br>Ps\u00fchhaatri tasulise vastuv\u00f5tu aega saab broneerida k\u00f5nekeskuse telefonil 731 9100.<br>Vastuv\u00f5tt toimub aadressil Raja 31 ja Raja 33, Tartu.<br>Vastuv\u00f5tule saabudes p\u00f6\u00f6rduge esmalt registratuuri ja esitage oma pildiga isikut t\u00f5endav dokument.<br><br><br><br><\/p><\/div><\/div><div class=\"wp-block-uagb-faq-child uagb-faq-child__outer-wrap uagb-faq-item uagb-block-ff31d5d0 \" role=\"tab\" tabindex=\"0\"><div class=\"uagb-faq-questions-button uagb-faq-questions\">\t\t\t<span class=\"uagb-icon uagb-faq-icon-wrap\">\n\t\t\t\t\t\t\t\t<svg xmlns=\"https:\/\/www.w3.org\/2000\/svg\" viewBox= \"0 0 448 512\"><path d=\"M432 256c0 17.69-14.33 32.01-32 32.01H256v144c0 17.69-14.33 31.99-32 31.99s-32-14.3-32-31.99v-144H48c-17.67 0-32-14.32-32-32.01s14.33-31.99 32-31.99H192v-144c0-17.69 14.33-32.01 32-32.01s32 14.32 32 32.01v144h144C417.7 224 432 238.3 432 256z\"><\/path><\/svg>\n\t\t\t\t\t\t\t<\/span>\n\t\t\t\t\t\t<span class=\"uagb-icon-active uagb-faq-icon-wrap\">\n\t\t\t\t\t\t\t\t<svg xmlns=\"https:\/\/www.w3.org\/2000\/svg\" viewBox= \"0 0 448 512\"><path d=\"M400 288h-352c-17.69 0-32-14.32-32-32.01s14.31-31.99 32-31.99h352c17.69 0 32 14.3 32 31.99S417.7 288 400 288z\"><\/path><\/svg>\n\t\t\t\t\t\t\t<\/span>\n\t\t\t<span class=\"uagb-question\">JUHILOA T\u00d5END<\/span><\/div><div class=\"uagb-faq-content\"><p>Juhiloa t\u00f5endi taotlemiseks p\u00f6\u00f6rduge esmalt perearsti poole ja t\u00e4itke seal tervisedeklaratsioon. Vajadusel suunab perearst juhiloa taotleva isiku edasi ps\u00fchhiaatri vastuv\u00f5tule.<br>Ps\u00fchhiaatri vastuv\u00f5tule tulles t\u00e4itke palun ja allkirjastage j\u00e4rgnev\u00a0<a href=\"https:\/\/www.riigiteataja.ee\/aktilisa\/1260\/3201\/5012\/VV_179m_lisa1.pdf\">vorm<\/a>\u00a0ning v\u00f5tke see kindlasti vastuv\u00f5tule kaasa.<br>Ps\u00fchhiaatri tasulise vastuv\u00f5tu hind juhiloa t\u00f5endi taotlemiseks 174 \u20ac.<br>Ps\u00fchhaatri tasulise vastuv\u00f5tu aega saab broneerida k\u00f5nekeskuse telefonil 731 9100.<br>Vastuv\u00f5tt toimub aadressil Raja 31 ja Raja 33, Tartu.<br>Vastuv\u00f5tule saabudes p\u00f6\u00f6rduge esmalt registratuuri ja esitage oma pildiga isikut t\u00f5endav dokument.<\/p><\/div><\/div><div class=\"wp-block-uagb-faq-child uagb-faq-child__outer-wrap uagb-faq-item uagb-block-5f09ceff \" role=\"tab\" tabindex=\"0\"><div class=\"uagb-faq-questions-button uagb-faq-questions\">\t\t\t<span class=\"uagb-icon uagb-faq-icon-wrap\">\n\t\t\t\t\t\t\t\t<svg xmlns=\"https:\/\/www.w3.org\/2000\/svg\" viewBox= \"0 0 448 512\"><path d=\"M432 256c0 17.69-14.33 32.01-32 32.01H256v144c0 17.69-14.33 31.99-32 31.99s-32-14.3-32-31.99v-144H48c-17.67 0-32-14.32-32-32.01s14.33-31.99 32-31.99H192v-144c0-17.69 14.33-32.01 32-32.01s32 14.32 32 32.01v144h144C417.7 224 432 238.3 432 256z\"><\/path><\/svg>\n\t\t\t\t\t\t\t<\/span>\n\t\t\t\t\t\t<span class=\"uagb-icon-active uagb-faq-icon-wrap\">\n\t\t\t\t\t\t\t\t<svg xmlns=\"https:\/\/www.w3.org\/2000\/svg\" viewBox= \"0 0 448 512\"><path d=\"M400 288h-352c-17.69 0-32-14.32-32-32.01s14.31-31.99 32-31.99h352c17.69 0 32 14.3 32 31.99S417.7 288 400 288z\"><\/path><\/svg>\n\t\t\t\t\t\t\t<\/span>\n\t\t\t<span class=\"uagb-question\">LAPSENDAMISE T\u00d5END<\/span><\/div><div class=\"uagb-faq-content\"><p>Lapsendamise t\u00f5endi taotlemiseks p\u00f6\u00f6rduge esmalt perearsti poole ja t\u00e4itke seal tervisedeklaratsioon. Vajadusel suunab perearst lapsendamise t\u00f5endi taotleva isiku edasi ps\u00fchhiaatri vastuv\u00f5tule.<br>Ps\u00fchhiaatri vastuv\u00f5tule tulles t\u00e4itke palun ja allkirjastage j\u00e4rgnev\u00a0<a href=\"https:\/\/www.riigiteataja.ee\/aktilisa\/1260\/3201\/5012\/VV_179m_lisa1.pdf\">vorm<\/a>\u00a0ning v\u00f5tke see kindlasti vastuv\u00f5tule kaasa.<br>Ps\u00fchhiaatri tasulise vastuv\u00f5tu hind lapsendamise t\u00f5endi taotlemiseks 174 \u20ac.<br>Ps\u00fchhaatri tasulise vastuv\u00f5tu aega saab broneerida k\u00f5nekeskuse telefonil 731 9100.<br>Vastuv\u00f5tt toimub aadressil Raja 31 ja Raja 33, Tartu.<br>Vastuv\u00f5tule saabudes p\u00f6\u00f6rduge esmalt registratuuri ja esitage oma pildiga isikut t\u00f5endav dokument.<\/p><\/div><\/div><div class=\"wp-block-uagb-faq-child uagb-faq-child__outer-wrap uagb-faq-item uagb-block-c7bb50f8 \" role=\"tab\" tabindex=\"0\"><div class=\"uagb-faq-questions-button uagb-faq-questions\">\t\t\t<span class=\"uagb-icon uagb-faq-icon-wrap\">\n\t\t\t\t\t\t\t\t<svg xmlns=\"https:\/\/www.w3.org\/2000\/svg\" viewBox= \"0 0 448 512\"><path d=\"M432 256c0 17.69-14.33 32.01-32 32.01H256v144c0 17.69-14.33 31.99-32 31.99s-32-14.3-32-31.99v-144H48c-17.67 0-32-14.32-32-32.01s14.33-31.99 32-31.99H192v-144c0-17.69 14.33-32.01 32-32.01s32 14.32 32 32.01v144h144C417.7 224 432 238.3 432 256z\"><\/path><\/svg>\n\t\t\t\t\t\t\t<\/span>\n\t\t\t\t\t\t<span class=\"uagb-icon-active uagb-faq-icon-wrap\">\n\t\t\t\t\t\t\t\t<svg xmlns=\"https:\/\/www.w3.org\/2000\/svg\" viewBox= \"0 0 448 512\"><path d=\"M400 288h-352c-17.69 0-32-14.32-32-32.01s14.31-31.99 32-31.99h352c17.69 0 32 14.3 32 31.99S417.7 288 400 288z\"><\/path><\/svg>\n\t\t\t\t\t\t\t<\/span>\n\t\t\t<span class=\"uagb-question\">ALKOHOLIV\u00d5\u00d5RUTUSE INFUSIOONRAVI<\/span><\/div><div class=\"uagb-faq-content\"><p>S\u00f5ltuvush\u00e4irete keskus pakub patsientidele tasulise teenusena alkoholiv\u00f5\u00f5rutuse infusioonravi.<br>Teenusele registreerimiseks p\u00f6\u00f6rduge esmalt p\u00e4evaravi \u00f5e poole telefonil\u00a07317414.<br>Teenust pakutakse E-R kell 8.00-12.00 aadressil Riia 167, II korrus, p\u00e4evaravi osakond.\u00a0<br>Infusioonravi teostamiseks hindab arst k\u00f5igepealt patsiendi seisundit ja ravi vajadust. Ravil viibimise aeg on umbes 3-4 tundi.<br>Teenuse maksumus on 247 EUR. Teenuse eest tasutakse enne raviprotseduuri Riia 167 registratuuris sekret\u00e4ri koostatud arve alusel.<br><strong>NB! Teenust ei osutata alkoholijoobe korral. Enne protseduuri ei tohi tarvitada alkoholi v\u00e4hemalt 12 tundi.<\/strong><\/p><\/div><\/div><div class=\"wp-block-uagb-faq-child uagb-faq-child__outer-wrap uagb-faq-item uagb-block-edda5526 \" role=\"tab\" tabindex=\"0\"><div class=\"uagb-faq-questions-button uagb-faq-questions\">\t\t\t<span class=\"uagb-icon uagb-faq-icon-wrap\">\n\t\t\t\t\t\t\t\t<svg xmlns=\"https:\/\/www.w3.org\/2000\/svg\" viewBox= \"0 0 448 512\"><path d=\"M432 256c0 17.69-14.33 32.01-32 32.01H256v144c0 17.69-14.33 31.99-32 31.99s-32-14.3-32-31.99v-144H48c-17.67 0-32-14.32-32-32.01s14.33-31.99 32-31.99H192v-144c0-17.69 14.33-32.01 32-32.01s32 14.32 32 32.01v144h144C417.7 224 432 238.3 432 256z\"><\/path><\/svg>\n\t\t\t\t\t\t\t<\/span>\n\t\t\t\t\t\t<span class=\"uagb-icon-active uagb-faq-icon-wrap\">\n\t\t\t\t\t\t\t\t<svg xmlns=\"https:\/\/www.w3.org\/2000\/svg\" viewBox= \"0 0 448 512\"><path d=\"M400 288h-352c-17.69 0-32-14.32-32-32.01s14.31-31.99 32-31.99h352c17.69 0 32 14.3 32 31.99S417.7 288 400 288z\"><\/path><\/svg>\n\t\t\t\t\t\t\t<\/span>\n\t\t\t<span class=\"uagb-question\">TASULINE PS\u00dcHHIAATRI VASTUV\u00d5TT<\/span><\/div><div class=\"uagb-faq-content\"><p>Kliinikumi ps\u00fchhiaatriakliinikus teostavad tasulisi vastuv\u00f5tte ps\u00fchhiaatrid dr Kadri Koch, dr Henel Paadik ja dr Signe Tiivoja.<br>Tasulisele ps\u00fchhiaatri vastuv\u00f5tule saab aja broneerida k\u00f5nekeskuse telefonil 731 9100 v\u00f5i <a href=\"https:\/\/digiregistratuur.ee\/login\">digiregistratuuris<\/a>.<br>Ps\u00fchhiaatri tasulise vastuv\u00f5tu hind on 174 \u20ac.<br>Vastuv\u00f5tud toimuvad aadressil Raja 31 ja Raja 33, Tartu.<br>Vastuv\u00f5tule saabudes p\u00f6\u00f6rduge esmalt registratuuri ja esitage oma pildiga isikut t\u00f5endav dokument.<\/p><\/div><\/div><\/div>\n\n","protected":false},"excerpt":{"rendered":"","protected":false},"author":33,"featured_media":0,"parent":15,"menu_order":5,"comment_status":"closed","ping_status":"closed","template":"","meta":{"_acf_changed":false,"_uag_custom_page_level_css":"","footnotes":""},"class_list":["post-6056","page","type-page","status-publish","hentry"],"acf":[],"yoast_head":"<!-- This site is optimized with the Yoast SEO plugin v27.5 - https:\/\/yoast.com\/product\/yoast-seo-wordpress\/ -->\n<title>Tasulised teenused - Ps\u00fchhiaatriakliinik<\/title>\n<meta name=\"robots\" content=\"index, follow, max-snippet:-1, max-image-preview:large, max-video-preview:-1\" \/>\n<link rel=\"canonical\" href=\"https:\/\/www.kliinikum.ee\/psyhhiaatriakliinik\/patsiendile\/teenused\/\" \/>\n<meta property=\"og:locale\" content=\"et_EE\" \/>\n<meta property=\"og:type\" content=\"article\" \/>\n<meta property=\"og:title\" content=\"Tasulised teenused - Ps\u00fchhiaatriakliinik\" \/>\n<meta property=\"og:url\" content=\"https:\/\/www.kliinikum.ee\/psyhhiaatriakliinik\/patsiendile\/teenused\/\" \/>\n<meta property=\"og:site_name\" content=\"Ps\u00fchhiaatriakliinik\" \/>\n<meta property=\"article:modified_time\" content=\"2026-03-16T08:58:20+00:00\" \/>\n<meta name=\"twitter:card\" content=\"summary_large_image\" \/>\n<meta name=\"twitter:label1\" content=\"Est. reading time\" \/>\n\t<meta name=\"twitter:data1\" content=\"1 minut\" \/>\n<script type=\"application\/ld+json\" class=\"yoast-schema-graph\">{\"@context\":\"https:\\\/\\\/schema.org\",\"@graph\":[{\"@type\":\"WebPage\",\"@id\":\"https:\\\/\\\/www.kliinikum.ee\\\/psyhhiaatriakliinik\\\/patsiendile\\\/teenused\\\/\",\"url\":\"https:\\\/\\\/www.kliinikum.ee\\\/psyhhiaatriakliinik\\\/patsiendile\\\/teenused\\\/\",\"name\":\"Tasulised teenused - Ps\u00fchhiaatriakliinik\",\"isPartOf\":{\"@id\":\"https:\\\/\\\/www.kliinikum.ee\\\/psyhhiaatriakliinik\\\/#website\"},\"datePublished\":\"2024-09-23T08:41:36+00:00\",\"dateModified\":\"2026-03-16T08:58:20+00:00\",\"breadcrumb\":{\"@id\":\"https:\\\/\\\/www.kliinikum.ee\\\/psyhhiaatriakliinik\\\/patsiendile\\\/teenused\\\/#breadcrumb\"},\"inLanguage\":\"et\",\"potentialAction\":[{\"@type\":\"ReadAction\",\"target\":[\"https:\\\/\\\/www.kliinikum.ee\\\/psyhhiaatriakliinik\\\/patsiendile\\\/teenused\\\/\"]}]},{\"@type\":\"BreadcrumbList\",\"@id\":\"https:\\\/\\\/www.kliinikum.ee\\\/psyhhiaatriakliinik\\\/patsiendile\\\/teenused\\\/#breadcrumb\",\"itemListElement\":[{\"@type\":\"ListItem\",\"position\":1,\"name\":\"Home\",\"item\":\"https:\\\/\\\/www.kliinikum.ee\\\/psyhhiaatriakliinik\\\/\"},{\"@type\":\"ListItem\",\"position\":2,\"name\":\"Patsiendile\",\"item\":\"https:\\\/\\\/www.kliinikum.ee\\\/psyhhiaatriakliinik\\\/patsiendile\\\/\"},{\"@type\":\"ListItem\",\"position\":3,\"name\":\"Tasulised teenused\"}]},{\"@type\":\"WebSite\",\"@id\":\"https:\\\/\\\/www.kliinikum.ee\\\/psyhhiaatriakliinik\\\/#website\",\"url\":\"https:\\\/\\\/www.kliinikum.ee\\\/psyhhiaatriakliinik\\\/\",\"name\":\"Ps\u00fchhiaatriakliinik\",\"description\":\"Hoolivus, Uuendusmeelsus, P\u00e4devus ja Usaldusv\u00e4\u00e4rsus\",\"potentialAction\":[{\"@type\":\"SearchAction\",\"target\":{\"@type\":\"EntryPoint\",\"urlTemplate\":\"https:\\\/\\\/www.kliinikum.ee\\\/psyhhiaatriakliinik\\\/?s={search_term_string}\"},\"query-input\":{\"@type\":\"PropertyValueSpecification\",\"valueRequired\":true,\"valueName\":\"search_term_string\"}}],\"inLanguage\":\"et\"}]}<\/script>\n<!-- \/ Yoast SEO plugin. -->","yoast_head_json":{"title":"Tasulised teenused - Ps\u00fchhiaatriakliinik","robots":{"index":"index","follow":"follow","max-snippet":"max-snippet:-1","max-image-preview":"max-image-preview:large","max-video-preview":"max-video-preview:-1"},"canonical":"https:\/\/www.kliinikum.ee\/psyhhiaatriakliinik\/patsiendile\/teenused\/","og_locale":"et_EE","og_type":"article","og_title":"Tasulised teenused - Ps\u00fchhiaatriakliinik","og_url":"https:\/\/www.kliinikum.ee\/psyhhiaatriakliinik\/patsiendile\/teenused\/","og_site_name":"Ps\u00fchhiaatriakliinik","article_modified_time":"2026-03-16T08:58:20+00:00","twitter_card":"summary_large_image","twitter_misc":{"Est. reading time":"1 minut"},"schema":{"@context":"https:\/\/schema.org","@graph":[{"@type":"WebPage","@id":"https:\/\/www.kliinikum.ee\/psyhhiaatriakliinik\/patsiendile\/teenused\/","url":"https:\/\/www.kliinikum.ee\/psyhhiaatriakliinik\/patsiendile\/teenused\/","name":"Tasulised teenused - Ps\u00fchhiaatriakliinik","isPartOf":{"@id":"https:\/\/www.kliinikum.ee\/psyhhiaatriakliinik\/#website"},"datePublished":"2024-09-23T08:41:36+00:00","dateModified":"2026-03-16T08:58:20+00:00","breadcrumb":{"@id":"https:\/\/www.kliinikum.ee\/psyhhiaatriakliinik\/patsiendile\/teenused\/#breadcrumb"},"inLanguage":"et","potentialAction":[{"@type":"ReadAction","target":["https:\/\/www.kliinikum.ee\/psyhhiaatriakliinik\/patsiendile\/teenused\/"]}]},{"@type":"BreadcrumbList","@id":"https:\/\/www.kliinikum.ee\/psyhhiaatriakliinik\/patsiendile\/teenused\/#breadcrumb","itemListElement":[{"@type":"ListItem","position":1,"name":"Home","item":"https:\/\/www.kliinikum.ee\/psyhhiaatriakliinik\/"},{"@type":"ListItem","position":2,"name":"Patsiendile","item":"https:\/\/www.kliinikum.ee\/psyhhiaatriakliinik\/patsiendile\/"},{"@type":"ListItem","position":3,"name":"Tasulised teenused"}]},{"@type":"WebSite","@id":"https:\/\/www.kliinikum.ee\/psyhhiaatriakliinik\/#website","url":"https:\/\/www.kliinikum.ee\/psyhhiaatriakliinik\/","name":"Ps\u00fchhiaatriakliinik","description":"Hoolivus, Uuendusmeelsus, P\u00e4devus ja Usaldusv\u00e4\u00e4rsus","potentialAction":[{"@type":"SearchAction","target":{"@type":"EntryPoint","urlTemplate":"https:\/\/www.kliinikum.ee\/psyhhiaatriakliinik\/?s={search_term_string}"},"query-input":{"@type":"PropertyValueSpecification","valueRequired":true,"valueName":"search_term_string"}}],"inLanguage":"et"}]}},"uagb_featured_image_src":{"full":false,"thumbnail":false,"medium":false,"medium_large":false,"large":false,"1536x1536":false,"2048x2048":false},"uagb_author_info":{"display_name":"Haldur","author_link":"https:\/\/www.kliinikum.ee\/psyhhiaatriakliinik\/author\/haldur\/"},"uagb_comment_info":0,"uagb_excerpt":null,"_links":{"self":[{"href":"https:\/\/www.kliinikum.ee\/psyhhiaatriakliinik\/wp-json\/wp\/v2\/pages\/6056","targetHints":{"allow":["GET"]}}],"collection":[{"href":"https:\/\/www.kliinikum.ee\/psyhhiaatriakliinik\/wp-json\/wp\/v2\/pages"}],"about":[{"href":"https:\/\/www.kliinikum.ee\/psyhhiaatriakliinik\/wp-json\/wp\/v2\/types\/page"}],"author":[{"embeddable":true,"href":"https:\/\/www.kliinikum.ee\/psyhhiaatriakliinik\/wp-json\/wp\/v2\/users\/33"}],"replies":[{"embeddable":true,"href":"https:\/\/www.kliinikum.ee\/psyhhiaatriakliinik\/wp-json\/wp\/v2\/comments?post=6056"}],"version-history":[{"count":0,"href":"https:\/\/www.kliinikum.ee\/psyhhiaatriakliinik\/wp-json\/wp\/v2\/pages\/6056\/revisions"}],"up":[{"embeddable":true,"href":"https:\/\/www.kliinikum.ee\/psyhhiaatriakliinik\/wp-json\/wp\/v2\/pages\/15"}],"wp:attachment":[{"href":"https:\/\/www.kliinikum.ee\/psyhhiaatriakliinik\/wp-json\/wp\/v2\/media?parent=6056"}],"curies":[{"name":"wp","href":"https:\/\/api.w.org\/{rel}","templated":true}]}}