{"id":15,"date":"2022-11-14T10:00:43","date_gmt":"2022-11-14T10:00:43","guid":{"rendered":"http:\/\/localhost\/?page_id=15"},"modified":"2025-09-26T14:28:06","modified_gmt":"2025-09-26T12:28:06","slug":"patsiendile","status":"publish","type":"page","link":"https:\/\/www.kliinikum.ee\/radioloogia\/patsiendile\/","title":{"rendered":"Patsiendile"},"content":{"rendered":"\n<p class=\"has-medium-font-size\">SA Tartu \u00dclikooli Kliinikumi radioloogiakliinik osutab teenust Kliinikumi suures majas L. Puusepa 8, Maarjam\u00f5isa tervisekeskuses (polikliinikus) L. Puusepa 1A, kopsukliinikus Raja tn 167, Kvartali kaubanduskeskuses Riia tn 2, L\u00f5unakeskuse kaubanduspargis R\u00e4nirahnu tee 21 ja mammograafiabussis.<\/p>\n\n\n\n<div class=\"wp-block-uagb-advanced-heading uagb-block-693264d7\"><h3 class=\"uagb-heading-text\">Radioloogiaosakond L. Puusepa 8<\/h3><\/div>\n\n\n\n<p class=\"has-medium-font-size\">Radioloogilisele uuringule (r\u00f6ntgen, ultraheli, KT, MRT) p\u00f6\u00f6rdumiseks on vajalik eriarsti v\u00f5i perearsti saatekiri, ka aja broneerib teile eri- v\u00f5i perearst radioloogiaosakonna etteregistreerimise numbril <strong>731 8377<\/strong>. Kui te ei saa nt haigestumise t\u00f5ttu uuringule tulla, palun helistage<strong> <\/strong>numbril<strong> 731 8377<\/strong> ja t\u00fchistage aeg, et keegi teine saaks seda aega kasutada. Telefonile vastatakse E-R 8.00-16.00<\/p>\n\n\n\n<p class=\"has-medium-font-size\">Radioloogiaosakond asub L. Puusepa 8 G1.R korpuse esimesel korrusel. Siin asub enamik r\u00f6ntgeni, ultraheli, KT ja MRT uuringukabinettidest. Uuringule tulles palume alati esmalt p\u00f6\u00f6rduda radioloogia registratuuri, kus esitage isikut t\u00f5endav dokument, et teid saaks sisse kanda, seej\u00e4rel suunab sekret\u00e4r teid \u00f5igesse kabinetti.<\/p>\n\n\n\n<div class=\"wp-block-uagb-advanced-heading uagb-block-3383f2bf\"><h3 class=\"uagb-heading-text\">Radioloogiaosakond Maarjam\u00f5isa tervisekeskuses Puusepa 1A<\/h3><\/div>\n\n\n\n<p class=\"has-medium-font-size\">Maarjam\u00f5isa tervisekeskuses Puusepa 1a asub r\u00f6ntgenikabinet. R\u00f6ntgenuuringule tulekuks on vajalik saatekiri. Aega ei ole vaja broneerida, uuringuid teostatakse elava j\u00e4rjekorra alusel. Kabinet on avatud E-R 8.00-18.00<\/p>\n\n\n\n<div class=\"wp-block-uagb-advanced-heading uagb-block-40f69359\"><h3 class=\"uagb-heading-text\">Mammograafia<\/h3><\/div>\n\n\n\n<p class=\"has-medium-font-size\">Mammograafia uuringule registreerimiseks v\u00f5i infoks helistage <strong>731 9411<\/strong>. Telefonile vastatakse E-R 8.00-16.00 <\/p>\n\n\n\n<div class=\"wp-block-uagb-advanced-heading uagb-block-37db9530\"><h3 class=\"uagb-heading-text\">Radiodiagnostika Kvartali keskuses<\/h3><\/div>\n\n\n\n<p class=\"has-medium-font-size\">Kvartali keskuses tehakse mammograafia- ja ultraheliuuringuid ning hammaste r\u00f6ntgen\u00fclesv\u00f5tteid, k\u00f5igiks uuringuteks on vajalik saatekiri. Mammograafiasse tulekuks sobib ka s\u00f5eluuringu kutse, mis ei pea kaasas olema. Kabinetid asuvad Kvartali I korrusel raamatupoe k\u00f5rval. Mammograafia, ultraheli ja hambar\u00f6ntgeni kabinettide lahtiolekuajad on E, K, R kell 9.00\u221217.00; T, N kell 10.00-18.00. Mammograafiasse registreerimine toimub telefonil 731 9411, ultraheliuuringule registreerimine telefonil 731 8377. Hambar\u00f6ntgeniks ei pea aega eelnevalt broneerima.<\/p>\n\n\n\n<div class=\"wp-block-uagb-advanced-heading uagb-block-0962dcfc\"><h3 class=\"uagb-heading-text\">Radiodiagnostika L\u00f5unakeskuse kaubanduspargis<\/h3><\/div>\n\n\n\n<p class=\"has-medium-font-size\">L\u00f5unakeskuse kaubanduspargis aadressil R\u00e4nirahnu tee 21 asuvad radioloogiakliiniku uusimad uuringukabinetid. Siin tehakse mammograafia-, KT- ja MRT-uuringuid, vajalik on saatekiri pere- v\u00f5i eriarstilt. Mammograafiasse tulekuks sobib ka s\u00f5eluuringu kutse, mis ei pea olema kaasas. Autoga tulijad saavad mugavalt parkida otse maja ette. Kabinetid on avatud t\u00f6\u00f6p\u00e4evadel kell 8.30-17.00.<\/p>\n\n\n\n<p><\/p>\n","protected":false},"excerpt":{"rendered":"<p>SA Tartu \u00dclikooli Kliinikumi radioloogiakliinik osutab teenust Kliinikumi suures majas L. Puusepa 8, Maarjam\u00f5isa tervisekeskuses (polikliinikus) L. Puusepa 1A, kopsukliinikus Raja tn 167, Kvartali kaubanduskeskuses Riia tn 2, L\u00f5unakeskuse kaubanduspargis R\u00e4nirahnu tee 21 ja mammograafiabussis. Radioloogiaosakond L. Puusepa 8 Radioloogilisele uuringule (r\u00f6ntgen, ultraheli, KT, MRT) p\u00f6\u00f6rdumiseks on vajalik eriarsti v\u00f5i perearsti saatekiri, ka aja broneerib [&hellip;]<\/p>\n","protected":false},"author":31,"featured_media":0,"parent":0,"menu_order":0,"comment_status":"closed","ping_status":"closed","template":"","meta":{"_acf_changed":false,"_uag_custom_page_level_css":"","footnotes":""},"class_list":["post-15","page","type-page","status-publish","hentry"],"acf":[],"yoast_head":"<!-- This site is optimized with the Yoast SEO plugin v27.3 - https:\/\/yoast.com\/product\/yoast-seo-wordpress\/ -->\n<title>Patsiendile - Radioloogiakliinik<\/title>\n<meta name=\"robots\" content=\"index, follow, max-snippet:-1, max-image-preview:large, max-video-preview:-1\" \/>\n<link rel=\"canonical\" href=\"https:\/\/www.kliinikum.ee\/radioloogia\/patsiendile\/\" \/>\n<meta property=\"og:locale\" content=\"et_EE\" \/>\n<meta property=\"og:type\" content=\"article\" \/>\n<meta property=\"og:title\" content=\"Patsiendile - Radioloogiakliinik\" \/>\n<meta property=\"og:description\" content=\"SA Tartu \u00dclikooli Kliinikumi radioloogiakliinik osutab teenust Kliinikumi suures majas L. Puusepa 8, Maarjam\u00f5isa tervisekeskuses (polikliinikus) L. Puusepa 1A, kopsukliinikus Raja tn 167, Kvartali kaubanduskeskuses Riia tn 2, L\u00f5unakeskuse kaubanduspargis R\u00e4nirahnu tee 21 ja mammograafiabussis. Radioloogiaosakond L. Puusepa 8 Radioloogilisele uuringule (r\u00f6ntgen, ultraheli, KT, MRT) p\u00f6\u00f6rdumiseks on vajalik eriarsti v\u00f5i perearsti saatekiri, ka aja broneerib [&hellip;]\" \/>\n<meta property=\"og:url\" content=\"https:\/\/www.kliinikum.ee\/radioloogia\/patsiendile\/\" \/>\n<meta property=\"og:site_name\" content=\"Radioloogiakliinik\" \/>\n<meta property=\"article:modified_time\" content=\"2025-09-26T12:28:06+00:00\" \/>\n<meta name=\"twitter:card\" content=\"summary_large_image\" \/>\n<meta name=\"twitter:label1\" content=\"Est. reading time\" \/>\n\t<meta name=\"twitter:data1\" content=\"2 minutit\" \/>\n<script type=\"application\/ld+json\" class=\"yoast-schema-graph\">{\"@context\":\"https:\\\/\\\/schema.org\",\"@graph\":[{\"@type\":\"WebPage\",\"@id\":\"https:\\\/\\\/www.kliinikum.ee\\\/radioloogia\\\/patsiendile\\\/\",\"url\":\"https:\\\/\\\/www.kliinikum.ee\\\/radioloogia\\\/patsiendile\\\/\",\"name\":\"Patsiendile - Radioloogiakliinik\",\"isPartOf\":{\"@id\":\"https:\\\/\\\/www.kliinikum.ee\\\/radioloogia\\\/#website\"},\"datePublished\":\"2022-11-14T10:00:43+00:00\",\"dateModified\":\"2025-09-26T12:28:06+00:00\",\"breadcrumb\":{\"@id\":\"https:\\\/\\\/www.kliinikum.ee\\\/radioloogia\\\/patsiendile\\\/#breadcrumb\"},\"inLanguage\":\"et\",\"potentialAction\":[{\"@type\":\"ReadAction\",\"target\":[\"https:\\\/\\\/www.kliinikum.ee\\\/radioloogia\\\/patsiendile\\\/\"]}]},{\"@type\":\"BreadcrumbList\",\"@id\":\"https:\\\/\\\/www.kliinikum.ee\\\/radioloogia\\\/patsiendile\\\/#breadcrumb\",\"itemListElement\":[{\"@type\":\"ListItem\",\"position\":1,\"name\":\"Home\",\"item\":\"https:\\\/\\\/www.kliinikum.ee\\\/radioloogia\\\/\"},{\"@type\":\"ListItem\",\"position\":2,\"name\":\"Patsiendile\"}]},{\"@type\":\"WebSite\",\"@id\":\"https:\\\/\\\/www.kliinikum.ee\\\/radioloogia\\\/#website\",\"url\":\"https:\\\/\\\/www.kliinikum.ee\\\/radioloogia\\\/\",\"name\":\"Radioloogiakliinik\",\"description\":\"Hoolivus, Uuendusmeelsus, P\u00e4devus ja Usaldusv\u00e4\u00e4rsus\",\"potentialAction\":[{\"@type\":\"SearchAction\",\"target\":{\"@type\":\"EntryPoint\",\"urlTemplate\":\"https:\\\/\\\/www.kliinikum.ee\\\/radioloogia\\\/?s={search_term_string}\"},\"query-input\":{\"@type\":\"PropertyValueSpecification\",\"valueRequired\":true,\"valueName\":\"search_term_string\"}}],\"inLanguage\":\"et\"}]}<\/script>\n<!-- \/ Yoast SEO plugin. -->","yoast_head_json":{"title":"Patsiendile - Radioloogiakliinik","robots":{"index":"index","follow":"follow","max-snippet":"max-snippet:-1","max-image-preview":"max-image-preview:large","max-video-preview":"max-video-preview:-1"},"canonical":"https:\/\/www.kliinikum.ee\/radioloogia\/patsiendile\/","og_locale":"et_EE","og_type":"article","og_title":"Patsiendile - Radioloogiakliinik","og_description":"SA Tartu \u00dclikooli Kliinikumi radioloogiakliinik osutab teenust Kliinikumi suures majas L. Puusepa 8, Maarjam\u00f5isa tervisekeskuses (polikliinikus) L. Puusepa 1A, kopsukliinikus Raja tn 167, Kvartali kaubanduskeskuses Riia tn 2, L\u00f5unakeskuse kaubanduspargis R\u00e4nirahnu tee 21 ja mammograafiabussis. Radioloogiaosakond L. Puusepa 8 Radioloogilisele uuringule (r\u00f6ntgen, ultraheli, KT, MRT) p\u00f6\u00f6rdumiseks on vajalik eriarsti v\u00f5i perearsti saatekiri, ka aja broneerib [&hellip;]","og_url":"https:\/\/www.kliinikum.ee\/radioloogia\/patsiendile\/","og_site_name":"Radioloogiakliinik","article_modified_time":"2025-09-26T12:28:06+00:00","twitter_card":"summary_large_image","twitter_misc":{"Est. reading time":"2 minutit"},"schema":{"@context":"https:\/\/schema.org","@graph":[{"@type":"WebPage","@id":"https:\/\/www.kliinikum.ee\/radioloogia\/patsiendile\/","url":"https:\/\/www.kliinikum.ee\/radioloogia\/patsiendile\/","name":"Patsiendile - Radioloogiakliinik","isPartOf":{"@id":"https:\/\/www.kliinikum.ee\/radioloogia\/#website"},"datePublished":"2022-11-14T10:00:43+00:00","dateModified":"2025-09-26T12:28:06+00:00","breadcrumb":{"@id":"https:\/\/www.kliinikum.ee\/radioloogia\/patsiendile\/#breadcrumb"},"inLanguage":"et","potentialAction":[{"@type":"ReadAction","target":["https:\/\/www.kliinikum.ee\/radioloogia\/patsiendile\/"]}]},{"@type":"BreadcrumbList","@id":"https:\/\/www.kliinikum.ee\/radioloogia\/patsiendile\/#breadcrumb","itemListElement":[{"@type":"ListItem","position":1,"name":"Home","item":"https:\/\/www.kliinikum.ee\/radioloogia\/"},{"@type":"ListItem","position":2,"name":"Patsiendile"}]},{"@type":"WebSite","@id":"https:\/\/www.kliinikum.ee\/radioloogia\/#website","url":"https:\/\/www.kliinikum.ee\/radioloogia\/","name":"Radioloogiakliinik","description":"Hoolivus, Uuendusmeelsus, P\u00e4devus ja Usaldusv\u00e4\u00e4rsus","potentialAction":[{"@type":"SearchAction","target":{"@type":"EntryPoint","urlTemplate":"https:\/\/www.kliinikum.ee\/radioloogia\/?s={search_term_string}"},"query-input":{"@type":"PropertyValueSpecification","valueRequired":true,"valueName":"search_term_string"}}],"inLanguage":"et"}]}},"uagb_featured_image_src":{"full":false,"thumbnail":false,"medium":false,"medium_large":false,"large":false,"1536x1536":false,"2048x2048":false},"uagb_author_info":{"display_name":"erkky","author_link":"https:\/\/www.kliinikum.ee\/radioloogia\/author\/erkky\/"},"uagb_comment_info":0,"uagb_excerpt":"SA Tartu \u00dclikooli Kliinikumi radioloogiakliinik osutab teenust Kliinikumi suures majas L. Puusepa 8, Maarjam\u00f5isa tervisekeskuses (polikliinikus) L. Puusepa 1A, kopsukliinikus Raja tn 167, Kvartali kaubanduskeskuses Riia tn 2, L\u00f5unakeskuse kaubanduspargis R\u00e4nirahnu tee 21 ja mammograafiabussis. Radioloogiaosakond L. Puusepa 8 Radioloogilisele uuringule (r\u00f6ntgen, ultraheli, KT, MRT) p\u00f6\u00f6rdumiseks on vajalik eriarsti v\u00f5i perearsti saatekiri, ka aja broneerib&hellip;","_links":{"self":[{"href":"https:\/\/www.kliinikum.ee\/radioloogia\/wp-json\/wp\/v2\/pages\/15","targetHints":{"allow":["GET"]}}],"collection":[{"href":"https:\/\/www.kliinikum.ee\/radioloogia\/wp-json\/wp\/v2\/pages"}],"about":[{"href":"https:\/\/www.kliinikum.ee\/radioloogia\/wp-json\/wp\/v2\/types\/page"}],"author":[{"embeddable":true,"href":"https:\/\/www.kliinikum.ee\/radioloogia\/wp-json\/wp\/v2\/users\/31"}],"replies":[{"embeddable":true,"href":"https:\/\/www.kliinikum.ee\/radioloogia\/wp-json\/wp\/v2\/comments?post=15"}],"version-history":[{"count":0,"href":"https:\/\/www.kliinikum.ee\/radioloogia\/wp-json\/wp\/v2\/pages\/15\/revisions"}],"wp:attachment":[{"href":"https:\/\/www.kliinikum.ee\/radioloogia\/wp-json\/wp\/v2\/media?parent=15"}],"curies":[{"name":"wp","href":"https:\/\/api.w.org\/{rel}","templated":true}]}}